{"id":12270,"date":"2025-07-04T16:07:57","date_gmt":"2025-07-04T15:07:57","guid":{"rendered":"https:\/\/www.certifiedcosmetics.com\/product\/non class\u00e9\/detection-du-formaldehyde-verification-de-la-purete\/"},"modified":"2025-07-04T16:07:57","modified_gmt":"2025-07-04T15:07:57","slug":"detection-du-formaldehyde-verification-de-la-purete","status":"publish","type":"product","link":"https:\/\/www.certifiedcosmetics.com\/fr\/product\/verification-des-allegations-et-test-des-ingredients\/detection-du-formaldehyde-verification-de-la-purete\/","title":{"rendered":"D\u00e9tection du formald\u00e9hyde &#8211; V\u00e9rification de la puret\u00e9"},"content":{"rendered":"<h2>Qu&#8217;est-ce que le formald\u00e9hyde ?<\/h2>\n<p>Le formald\u00e9hyde est un compos\u00e9 chimique qui peut \u00eatre utilis\u00e9 comme conservateur ou \u00eatre pr\u00e9sent en tant qu&#8217;impuret\u00e9 dans les mati\u00e8res premi\u00e8res cosm\u00e9tiques. Bien qu&#8217;il soit fortement restreint ou interdit dans les cosm\u00e9tiques en vertu de r\u00e9glementations telles que la 1223\/2009\/CE, v\u00e9rifier son absence ou assurer le respect des limites l\u00e9gales est crucial pour l&#8217;int\u00e9grit\u00e9 du produit. <\/p>\n<h2>Pourquoi la d\u00e9tection du formald\u00e9hyde est-elle importante ?<\/h2>\n<p>M\u00eame si les all\u00e9gations directes <u>&#8220;sans formald\u00e9hyde&#8221; pour les produits cosm\u00e9tiques<\/u> <u>ne sont pas autoris\u00e9s dans l&#8217;UE<\/u>  En raison du fait que la substance est interdite ou tr\u00e8s r\u00e9glement\u00e9e (ce qui signifie qu&#8217;aucune entreprise ne devrait l&#8217;utiliser de toute fa\u00e7on), notre service est vital pour la v\u00e9rification de la puret\u00e9 et le contr\u00f4le de la qualit\u00e9. Il t&#8217;aide \u00e0 : <\/p>\n<ul>\n<li><strong>Assurer la conformit\u00e9 r\u00e9glementaire :<\/strong> Confirme que tes produits sont conformes aux r\u00e9glementations mondiales strictes concernant les quantit\u00e9s r\u00e9siduelles ou traces de formald\u00e9hyde.<\/li>\n<li><strong>V\u00e9rifier la qualit\u00e9 des mati\u00e8res premi\u00e8res :<\/strong> Passer au crible les mati\u00e8res premi\u00e8res entrantes pour \u00e9viter toute contamination involontaire.<\/li>\n<li><strong>Soutenir le contr\u00f4le interne de la qualit\u00e9 :<\/strong> Maintenir les normes les plus \u00e9lev\u00e9es en mati\u00e8re de s\u00e9curit\u00e9 et de puret\u00e9 des produits.<\/li>\n<\/ul>\n<h2>D\u00e9tection du formald\u00e9hyde<\/h2>\n<p>Notre laboratoire propose des tests analytiques pr\u00e9cis pour identifier et quantifier toute quantit\u00e9 r\u00e9siduelle ou trace de formald\u00e9hyde. Ce service est inestimable pour v\u00e9rifier la puret\u00e9 et assurer le respect des normes mondiales les plus rigoureuses en mati\u00e8re d&#8217;ingr\u00e9dients cosm\u00e9tiques, notamment en ce qui concerne sa pr\u00e9sence involontaire \u00e0 partir des mati\u00e8res premi\u00e8res. <\/p>\n<p>N&#8217;h\u00e9site pas \u00e0 nous contacter pour que tes produits r\u00e9pondent aux demandes du march\u00e9 et d\u00e9passent les attentes en mati\u00e8re de qualit\u00e9.<\/p>\n","protected":false},"excerpt":{"rendered":"<p>Qu&#8217;est-ce que le formald\u00e9hyde ? Le formald\u00e9hyde est un compos\u00e9 chimique qui peut \u00eatre utilis\u00e9 comme conservateur ou \u00eatre pr\u00e9sent en tant qu&#8217;impuret\u00e9 dans les mati\u00e8res premi\u00e8res cosm\u00e9tiques. Bien qu&#8217;il soit fortement restreint ou interdit dans les cosm\u00e9tiques en vertu de r\u00e9glementations telles que la 1223\/2009\/CE, v\u00e9rifier son absence ou assurer le respect des limites&#8230;<\/p>\n","protected":false},"featured_media":12135,"template":"","meta":[],"product_brand":[],"product_cat":[440],"product_tag":[],"class_list":{"0":"post-12270","1":"product","2":"type-product","3":"status-publish","4":"has-post-thumbnail","6":"product_cat-verification-des-allegations-et-test-des-ingredients","8":"first","9":"instock","10":"virtual","11":"taxable","12":"purchasable","13":"product-type-simple"},"bundled_by":[],"bundle_stock_status":"instock","bundle_stock_quantity":null,"bundle_virtual":false,"bundle_layout":"","bundle_add_to_cart_form_location":"","bundle_editable_in_cart":false,"bundle_sold_individually_context":"","bundle_item_grouping":"","bundle_min_size":"","bundle_max_size":"","bundle_price":[],"bundled_items":[],"bundle_sell_ids":[],"yoast_head":"<!-- This site is optimized with the Yoast SEO Premium plugin v25.4 (Yoast SEO v25.4) - https:\/\/yoast.com\/wordpress\/plugins\/seo\/ -->\n<title>D\u00e9tection du formald\u00e9hyde - V\u00e9rification des r\u00e9clamations sans formald\u00e9hyde<\/title>\n<meta name=\"description\" content=\"Assure-toi que ton produit ne contient pas de formald\u00e9hyde gr\u00e2ce \u00e0 des tests de laboratoire fiables pour la s\u00e9curit\u00e9 r\u00e9glementaire et celle des consommateurs.\" \/>\n<meta name=\"robots\" content=\"index, follow, max-snippet:-1, max-image-preview:large, max-video-preview:-1\" \/>\n<link rel=\"canonical\" href=\"https:\/\/www.certifiedcosmetics.com\/fr\/product\/verification-des-allegations-et-test-des-ingredients\/detection-du-formaldehyde-verification-de-la-purete\/\" \/>\n<meta property=\"og:locale\" content=\"fr_FR\" \/>\n<meta property=\"og:type\" content=\"article\" \/>\n<meta property=\"og:title\" content=\"D\u00e9tection du formald\u00e9hyde - V\u00e9rification de la puret\u00e9\" \/>\n<meta property=\"og:description\" content=\"Assure-toi que ton produit ne contient pas de formald\u00e9hyde gr\u00e2ce \u00e0 des tests de laboratoire fiables pour la s\u00e9curit\u00e9 r\u00e9glementaire et celle des consommateurs.\" \/>\n<meta property=\"og:url\" content=\"https:\/\/www.certifiedcosmetics.com\/fr\/product\/verification-des-allegations-et-test-des-ingredients\/detection-du-formaldehyde-verification-de-la-purete\/\" \/>\n<meta property=\"og:site_name\" content=\"Certified Cosmetics\" \/>\n<meta property=\"og:image\" content=\"https:\/\/www.certifiedcosmetics.com\/wp-content\/uploads\/2025\/07\/Formaldehyde-Detection-Formaldehyde-Free-Claim-Verification.jpg\" \/>\n\t<meta property=\"og:image:width\" content=\"800\" \/>\n\t<meta property=\"og:image:height\" content=\"800\" \/>\n\t<meta property=\"og:image:type\" content=\"image\/jpeg\" \/>\n<meta name=\"twitter:card\" content=\"summary_large_image\" \/>\n<meta name=\"twitter:label1\" content=\"Prix\" \/>\n\t<meta name=\"twitter:data1\" content=\"&#036;175.41\" \/>\n\t<meta name=\"twitter:label2\" content=\"Disponibilit\u00e9\" \/>\n\t<meta name=\"twitter:data2\" content=\"En stock\" \/>\n<script type=\"application\/ld+json\" class=\"yoast-schema-graph\">{\"@context\":\"https:\/\/schema.org\",\"@graph\":[{\"@type\":\"WebPage\",\"@id\":\"https:\/\/www.certifiedcosmetics.com\/fr\/product\/verification-des-allegations-et-test-des-ingredients\/detection-du-formaldehyde-verification-de-la-purete\/\",\"url\":\"https:\/\/www.certifiedcosmetics.com\/fr\/product\/verification-des-allegations-et-test-des-ingredients\/detection-du-formaldehyde-verification-de-la-purete\/\",\"name\":\"D\u00e9tection du formald\u00e9hyde - V\u00e9rification des r\u00e9clamations sans formald\u00e9hyde\",\"isPartOf\":{\"@id\":\"https:\/\/www.certifiedcosmetics.com\/fr\/#website\"},\"primaryImageOfPage\":{\"@id\":\"https:\/\/www.certifiedcosmetics.com\/fr\/product\/verification-des-allegations-et-test-des-ingredients\/detection-du-formaldehyde-verification-de-la-purete\/#primaryimage\"},\"image\":{\"@id\":\"https:\/\/www.certifiedcosmetics.com\/fr\/product\/verification-des-allegations-et-test-des-ingredients\/detection-du-formaldehyde-verification-de-la-purete\/#primaryimage\"},\"thumbnailUrl\":\"https:\/\/www.certifiedcosmetics.com\/wp-content\/uploads\/2025\/07\/Formaldehyde-Detection-Formaldehyde-Free-Claim-Verification.jpg\",\"datePublished\":\"2025-07-04T15:07:57+00:00\",\"description\":\"Assure-toi que ton produit ne contient pas de formald\u00e9hyde gr\u00e2ce \u00e0 des tests de laboratoire fiables pour la s\u00e9curit\u00e9 r\u00e9glementaire et celle des consommateurs.\",\"breadcrumb\":{\"@id\":\"https:\/\/www.certifiedcosmetics.com\/fr\/product\/verification-des-allegations-et-test-des-ingredients\/detection-du-formaldehyde-verification-de-la-purete\/#breadcrumb\"},\"inLanguage\":\"fr-FR\",\"potentialAction\":[{\"@type\":\"ReadAction\",\"target\":[\"https:\/\/www.certifiedcosmetics.com\/fr\/product\/verification-des-allegations-et-test-des-ingredients\/detection-du-formaldehyde-verification-de-la-purete\/\"]}]},{\"@type\":\"ImageObject\",\"inLanguage\":\"fr-FR\",\"@id\":\"https:\/\/www.certifiedcosmetics.com\/fr\/product\/verification-des-allegations-et-test-des-ingredients\/detection-du-formaldehyde-verification-de-la-purete\/#primaryimage\",\"url\":\"https:\/\/www.certifiedcosmetics.com\/wp-content\/uploads\/2025\/07\/Formaldehyde-Detection-Formaldehyde-Free-Claim-Verification.jpg\",\"contentUrl\":\"https:\/\/www.certifiedcosmetics.com\/wp-content\/uploads\/2025\/07\/Formaldehyde-Detection-Formaldehyde-Free-Claim-Verification.jpg\",\"width\":800,\"height\":800},{\"@type\":\"BreadcrumbList\",\"@id\":\"https:\/\/www.certifiedcosmetics.com\/fr\/product\/verification-des-allegations-et-test-des-ingredients\/detection-du-formaldehyde-verification-de-la-purete\/#breadcrumb\",\"itemListElement\":[{\"@type\":\"ListItem\",\"position\":1,\"name\":\"Home\",\"item\":\"https:\/\/www.certifiedcosmetics.com\/fr\/\"},{\"@type\":\"ListItem\",\"position\":2,\"name\":\"Boutique\",\"item\":\"https:\/\/www.certifiedcosmetics.com\/fr\/boutique\/\"},{\"@type\":\"ListItem\",\"position\":3,\"name\":\"D\u00e9tection du formald\u00e9hyde &#8211; V\u00e9rification de la puret\u00e9\"}]},{\"@type\":\"WebSite\",\"@id\":\"https:\/\/www.certifiedcosmetics.com\/fr\/#website\",\"url\":\"https:\/\/www.certifiedcosmetics.com\/fr\/\",\"name\":\"Certified Cosmetics\",\"description\":\"Cosmetic Safety Assessment\",\"publisher\":{\"@id\":\"https:\/\/www.certifiedcosmetics.com\/fr\/#organization\"},\"potentialAction\":[{\"@type\":\"SearchAction\",\"target\":{\"@type\":\"EntryPoint\",\"urlTemplate\":\"https:\/\/www.certifiedcosmetics.com\/fr\/?s={search_term_string}\"},\"query-input\":{\"@type\":\"PropertyValueSpecification\",\"valueRequired\":true,\"valueName\":\"search_term_string\"}}],\"inLanguage\":\"fr-FR\"},{\"@type\":\"Organization\",\"@id\":\"https:\/\/www.certifiedcosmetics.com\/fr\/#organization\",\"name\":\"Certified Cosmetics\",\"url\":\"https:\/\/www.certifiedcosmetics.com\/fr\/\",\"logo\":{\"@type\":\"ImageObject\",\"inLanguage\":\"fr-FR\",\"@id\":\"https:\/\/www.certifiedcosmetics.com\/fr\/#\/schema\/logo\/image\/\",\"url\":\"https:\/\/www.certifiedcosmetics.com\/wp-content\/uploads\/2024\/12\/logo_certified_cosmetics696.jpg\",\"contentUrl\":\"https:\/\/www.certifiedcosmetics.com\/wp-content\/uploads\/2024\/12\/logo_certified_cosmetics696.jpg\",\"width\":696,\"height\":696,\"caption\":\"Certified Cosmetics\"},\"image\":{\"@id\":\"https:\/\/www.certifiedcosmetics.com\/fr\/#\/schema\/logo\/image\/\"},\"description\":\"Your trusted partner for cosmetic product safety reporting. We take care of updating all of your documentation, ensuring your compliance stays current even as regulations evolve. The Cosmetic Product Safety Assessment will give you everything you need to sell specific products to EU consumers.\",\"email\":\"contact@certifiedcosmetics.com\",\"telephone\":\"+31 36 2036384\",\"legalName\":\"Certified Cosmetics\",\"foundingDate\":\"2010-01-01\",\"vatID\":\"NL854189543B01\",\"numberOfEmployees\":{\"@type\":\"QuantitativeValue\",\"minValue\":\"11\",\"maxValue\":\"50\"}}]}<\/script>\n<meta property=\"product:price:amount\" content=\"175.41\" \/>\n<meta property=\"product:price:currency\" content=\"USD\" \/>\n<meta property=\"og:availability\" content=\"instock\" \/>\n<meta property=\"product:availability\" content=\"instock\" \/>\n<meta property=\"product:retailer_item_id\" content=\"CC100064\" \/>\n<meta property=\"product:condition\" content=\"new\" \/>\n<!-- \/ Yoast SEO Premium plugin. -->","yoast_head_json":{"title":"D\u00e9tection du formald\u00e9hyde - V\u00e9rification des r\u00e9clamations sans formald\u00e9hyde","description":"Assure-toi que ton produit ne contient pas de formald\u00e9hyde gr\u00e2ce \u00e0 des tests de laboratoire fiables pour la s\u00e9curit\u00e9 r\u00e9glementaire et celle des consommateurs.","robots":{"index":"index","follow":"follow","max-snippet":"max-snippet:-1","max-image-preview":"max-image-preview:large","max-video-preview":"max-video-preview:-1"},"canonical":"https:\/\/www.certifiedcosmetics.com\/fr\/product\/verification-des-allegations-et-test-des-ingredients\/detection-du-formaldehyde-verification-de-la-purete\/","og_locale":"fr_FR","og_type":"article","og_title":"D\u00e9tection du formald\u00e9hyde - V\u00e9rification de la puret\u00e9","og_description":"Assure-toi que ton produit ne contient pas de formald\u00e9hyde gr\u00e2ce \u00e0 des tests de laboratoire fiables pour la s\u00e9curit\u00e9 r\u00e9glementaire et celle des consommateurs.","og_url":"https:\/\/www.certifiedcosmetics.com\/fr\/product\/verification-des-allegations-et-test-des-ingredients\/detection-du-formaldehyde-verification-de-la-purete\/","og_site_name":"Certified Cosmetics","og_image":[{"width":800,"height":800,"url":"https:\/\/www.certifiedcosmetics.com\/wp-content\/uploads\/2025\/07\/Formaldehyde-Detection-Formaldehyde-Free-Claim-Verification.jpg","type":"image\/jpeg"}],"twitter_card":"summary_large_image","twitter_misc":{"Prix":"&#36;175.41","Disponibilit\u00e9":"En stock"},"schema":{"@context":"https:\/\/schema.org","@graph":[{"@type":"WebPage","@id":"https:\/\/www.certifiedcosmetics.com\/fr\/product\/verification-des-allegations-et-test-des-ingredients\/detection-du-formaldehyde-verification-de-la-purete\/","url":"https:\/\/www.certifiedcosmetics.com\/fr\/product\/verification-des-allegations-et-test-des-ingredients\/detection-du-formaldehyde-verification-de-la-purete\/","name":"D\u00e9tection du formald\u00e9hyde - V\u00e9rification des r\u00e9clamations sans formald\u00e9hyde","isPartOf":{"@id":"https:\/\/www.certifiedcosmetics.com\/fr\/#website"},"primaryImageOfPage":{"@id":"https:\/\/www.certifiedcosmetics.com\/fr\/product\/verification-des-allegations-et-test-des-ingredients\/detection-du-formaldehyde-verification-de-la-purete\/#primaryimage"},"image":{"@id":"https:\/\/www.certifiedcosmetics.com\/fr\/product\/verification-des-allegations-et-test-des-ingredients\/detection-du-formaldehyde-verification-de-la-purete\/#primaryimage"},"thumbnailUrl":"https:\/\/www.certifiedcosmetics.com\/wp-content\/uploads\/2025\/07\/Formaldehyde-Detection-Formaldehyde-Free-Claim-Verification.jpg","datePublished":"2025-07-04T15:07:57+00:00","description":"Assure-toi que ton produit ne contient pas de formald\u00e9hyde gr\u00e2ce \u00e0 des tests de laboratoire fiables pour la s\u00e9curit\u00e9 r\u00e9glementaire et celle des consommateurs.","breadcrumb":{"@id":"https:\/\/www.certifiedcosmetics.com\/fr\/product\/verification-des-allegations-et-test-des-ingredients\/detection-du-formaldehyde-verification-de-la-purete\/#breadcrumb"},"inLanguage":"fr-FR","potentialAction":[{"@type":"ReadAction","target":["https:\/\/www.certifiedcosmetics.com\/fr\/product\/verification-des-allegations-et-test-des-ingredients\/detection-du-formaldehyde-verification-de-la-purete\/"]}]},{"@type":"ImageObject","inLanguage":"fr-FR","@id":"https:\/\/www.certifiedcosmetics.com\/fr\/product\/verification-des-allegations-et-test-des-ingredients\/detection-du-formaldehyde-verification-de-la-purete\/#primaryimage","url":"https:\/\/www.certifiedcosmetics.com\/wp-content\/uploads\/2025\/07\/Formaldehyde-Detection-Formaldehyde-Free-Claim-Verification.jpg","contentUrl":"https:\/\/www.certifiedcosmetics.com\/wp-content\/uploads\/2025\/07\/Formaldehyde-Detection-Formaldehyde-Free-Claim-Verification.jpg","width":800,"height":800},{"@type":"BreadcrumbList","@id":"https:\/\/www.certifiedcosmetics.com\/fr\/product\/verification-des-allegations-et-test-des-ingredients\/detection-du-formaldehyde-verification-de-la-purete\/#breadcrumb","itemListElement":[{"@type":"ListItem","position":1,"name":"Home","item":"https:\/\/www.certifiedcosmetics.com\/fr\/"},{"@type":"ListItem","position":2,"name":"Boutique","item":"https:\/\/www.certifiedcosmetics.com\/fr\/boutique\/"},{"@type":"ListItem","position":3,"name":"D\u00e9tection du formald\u00e9hyde &#8211; V\u00e9rification de la puret\u00e9"}]},{"@type":"WebSite","@id":"https:\/\/www.certifiedcosmetics.com\/fr\/#website","url":"https:\/\/www.certifiedcosmetics.com\/fr\/","name":"Certified Cosmetics","description":"Cosmetic Safety Assessment","publisher":{"@id":"https:\/\/www.certifiedcosmetics.com\/fr\/#organization"},"potentialAction":[{"@type":"SearchAction","target":{"@type":"EntryPoint","urlTemplate":"https:\/\/www.certifiedcosmetics.com\/fr\/?s={search_term_string}"},"query-input":{"@type":"PropertyValueSpecification","valueRequired":true,"valueName":"search_term_string"}}],"inLanguage":"fr-FR"},{"@type":"Organization","@id":"https:\/\/www.certifiedcosmetics.com\/fr\/#organization","name":"Certified Cosmetics","url":"https:\/\/www.certifiedcosmetics.com\/fr\/","logo":{"@type":"ImageObject","inLanguage":"fr-FR","@id":"https:\/\/www.certifiedcosmetics.com\/fr\/#\/schema\/logo\/image\/","url":"https:\/\/www.certifiedcosmetics.com\/wp-content\/uploads\/2024\/12\/logo_certified_cosmetics696.jpg","contentUrl":"https:\/\/www.certifiedcosmetics.com\/wp-content\/uploads\/2024\/12\/logo_certified_cosmetics696.jpg","width":696,"height":696,"caption":"Certified Cosmetics"},"image":{"@id":"https:\/\/www.certifiedcosmetics.com\/fr\/#\/schema\/logo\/image\/"},"description":"Your trusted partner for cosmetic product safety reporting. We take care of updating all of your documentation, ensuring your compliance stays current even as regulations evolve. The Cosmetic Product Safety Assessment will give you everything you need to sell specific products to EU consumers.","email":"contact@certifiedcosmetics.com","telephone":"+31 36 2036384","legalName":"Certified Cosmetics","foundingDate":"2010-01-01","vatID":"NL854189543B01","numberOfEmployees":{"@type":"QuantitativeValue","minValue":"11","maxValue":"50"}}]},"product_price_amount":"175.41","product_price_currency":"USD","og_availability":"instock","product_availability":"instock","product_retailer_item_id":"CC100064","product_condition":"new"},"_links":{"self":[{"href":"https:\/\/www.certifiedcosmetics.com\/fr\/wp-json\/wp\/v2\/product\/12270","targetHints":{"allow":["GET"]}}],"collection":[{"href":"https:\/\/www.certifiedcosmetics.com\/fr\/wp-json\/wp\/v2\/product"}],"about":[{"href":"https:\/\/www.certifiedcosmetics.com\/fr\/wp-json\/wp\/v2\/types\/product"}],"wp:featuredmedia":[{"embeddable":true,"href":"https:\/\/www.certifiedcosmetics.com\/fr\/wp-json\/wp\/v2\/media\/12135"}],"wp:attachment":[{"href":"https:\/\/www.certifiedcosmetics.com\/fr\/wp-json\/wp\/v2\/media?parent=12270"}],"wp:term":[{"taxonomy":"product_brand","embeddable":true,"href":"https:\/\/www.certifiedcosmetics.com\/fr\/wp-json\/wp\/v2\/product_brand?post=12270"},{"taxonomy":"product_cat","embeddable":true,"href":"https:\/\/www.certifiedcosmetics.com\/fr\/wp-json\/wp\/v2\/product_cat?post=12270"},{"taxonomy":"product_tag","embeddable":true,"href":"https:\/\/www.certifiedcosmetics.com\/fr\/wp-json\/wp\/v2\/product_tag?post=12270"}],"curies":[{"name":"wp","href":"https:\/\/api.w.org\/{rel}","templated":true}]}}