{"id":11464,"date":"2025-04-29T08:40:23","date_gmt":"2025-04-29T07:40:23","guid":{"rendered":"https:\/\/www.certifiedcosmetics.com\/product\/non class\u00e9\/creation-de-fiches-de-donnees-de-securite-msds-sds\/"},"modified":"2025-04-29T08:40:23","modified_gmt":"2025-04-29T07:40:23","slug":"creation-de-fiches-de-donnees-de-securite-msds-sds","status":"publish","type":"product","link":"https:\/\/www.certifiedcosmetics.com\/fr\/product\/sds-fr\/creation-de-fiches-de-donnees-de-securite-msds-sds\/","title":{"rendered":"Cr\u00e9ation de fiches de donn\u00e9es de s\u00e9curit\u00e9 &#8211; MSDS &#8211; SDS"},"content":{"rendered":"<p class=\"\" data-start=\"213\" data-end=\"554\">Une fiche de donn\u00e9es de s\u00e9curit\u00e9 (FDS), d\u00e9sormais appel\u00e9e <strong data-start=\"641\" data-end=\"668\">fiche de donn\u00e9es de s\u00e9curit\u00e9 (FDS)<\/strong> dans le cadre du syst\u00e8me SGH, est un document technique qui fournit des informations d\u00e9taill\u00e9es sur la <strong data-start=\"757\" data-end=\"781\">composition chimique<\/strong>, les <strong data-start=\"783\" data-end=\"794\">dangers<\/strong>, la <strong data-start=\"796\" data-end=\"813\">manipulation s\u00fbre<\/strong>, le <strong data-start=\"815\" data-end=\"826\">stockage<\/strong> et les <strong data-start=\"832\" data-end=\"854\">mesures d&#8217;urgence<\/strong> li\u00e9s \u00e0 une substance ou \u00e0 un m\u00e9lange.<\/p>\n<p class=\"\" data-start=\"213\" data-end=\"554\">Assure-toi que tes produits r\u00e9pondent aux exigences r\u00e9glementaires et aux normes de s\u00e9curit\u00e9 gr\u00e2ce \u00e0 notre <strong data-start=\"293\" data-end=\"360\">service professionnel de cr\u00e9ation de fiches de donn\u00e9es de s\u00e9curit\u00e9 (FDS)<\/strong>. Nous sommes sp\u00e9cialis\u00e9s dans l&#8217;\u00e9laboration de documents FDS enti\u00e8rement conformes et adapt\u00e9s \u00e0 ta formulation sp\u00e9cifique, conform\u00e9ment aux r\u00e9glementations europ\u00e9ennes CLP et REACH en vigueur, ainsi qu&#8217;aux normes internationales SGH. <\/p>\n<h2 data-start=\"556\" data-end=\"574\">Ce que nous offrons<\/h2>\n<ul data-start=\"575\" data-end=\"886\">\n<li class=\"\" data-start=\"575\" data-end=\"645\">\n<p class=\"\" data-start=\"577\" data-end=\"645\"><strong data-start=\"579\" data-end=\"603\">Cr\u00e9ation de fiches de donn\u00e9es de s\u00e9curit\u00e9 personnalis\u00e9es<\/strong> en fonction de la composition exacte de ton produit.<\/p>\n<\/li>\n<li class=\"\" data-start=\"646\" data-end=\"725\">\n<p class=\"\" data-start=\"648\" data-end=\"725\"><strong data-start=\"650\" data-end=\"723\">Conformit\u00e9 aux normes europ\u00e9ennes (CLP\/REACH), britanniques et internationales (SGH)<\/strong><\/p>\n<\/li>\n<li class=\"\" data-start=\"726\" data-end=\"778\">\n<p class=\"\" data-start=\"728\" data-end=\"778\">Identification et classification claires des dangers<\/p>\n<\/li>\n<li class=\"\" data-start=\"779\" data-end=\"842\">\n<p class=\"\" data-start=\"781\" data-end=\"842\">Recommandations pr\u00e9cises en mati\u00e8re de manipulation, de stockage et de premiers soins.<\/p>\n<\/li>\n<li class=\"\" data-start=\"843\" data-end=\"886\">\n<p class=\"\" data-start=\"845\" data-end=\"886\">Livr\u00e9 en format modifiable et en format PDF<\/p>\n<\/li>\n<\/ul>\n<p class=\"\" data-start=\"888\" data-end=\"1089\">Que tu lances un produit cosm\u00e9tique, une huile de parfum ou une formule m\u00e9nag\u00e8re, notre \u00e9quipe d&#8217;experts s&#8217;assure que ta documentation est compl\u00e8te, fiable et accept\u00e9e par les autorit\u00e9s et les distributeurs.<\/p>\n<h2 class=\"wp-block-heading\">Comment cela fonctionne-t-il ?<\/h2>\n<p>La proc\u00e9dure est simple et transparente :<\/p>\n<ol class=\"wp-block-list\" start=\"1\">\n<li><strong>Commande dans notre boutique<\/strong>: Choisis le service souhait\u00e9 et passe ta commande.<\/li>\n<li><strong>Soumission des informations<\/strong>: Apr\u00e8s ta commande, tu recevras des instructions pour collecter les informations requises.<\/li>\n<li><strong>Analyse et mise en forme<\/strong>: Notre \u00e9quipe se met au travail pour r\u00e9diger ou v\u00e9rifier la FDS.<\/li>\n<li><strong>R\u00e9vision et livraison<\/strong>: Tu recevras ta fiche de donn\u00e9es de s\u00e9curit\u00e9.<\/li>\n<\/ol>\n<h2 data-start=\"896\" data-end=\"928\">Quand as-tu besoin d&#8217;une fiche de donn\u00e9es de s\u00e9curit\u00e9 ?<\/h2>\n<p class=\"\" data-start=\"930\" data-end=\"956\">Tu as besoin d&#8217;une fiche de donn\u00e9es de s\u00e9curit\u00e9 quand tu.. :<\/p>\n<ul data-start=\"957\" data-end=\"1458\">\n<li>Utilise dans ta formule cosm\u00e9tique des ingr\u00e9dients qui n&#8217;ont pas de documentation.<\/li>\n<li>Vendre des <strong data-start=\"964\" data-end=\"985\">produits chimiques<\/strong>, des <strong data-start=\"987\" data-end=\"1005\">huiles de parfum<\/strong>, des <strong data-start=\"1007\" data-end=\"1025\">huiles essentielles<\/strong>, des <strong data-start=\"1027\" data-end=\"1051\">ingr\u00e9dients cosm\u00e9tiques<\/strong>, des <strong data-start=\"1053\" data-end=\"1072\">produits de nettoyage<\/strong> ou des <strong data-start=\"1077\" data-end=\"1101\">mat\u00e9riaux industriels<\/strong>.<\/li>\n<li data-start=\"957\" data-end=\"1101\">Fournir des <strong data-start=\"1111\" data-end=\"1147\">substances ou des m\u00e9langes dangereux<\/strong> au sein de l&#8217;UE, du Royaume-Uni ou d&#8217;autres pays align\u00e9s sur le SGH.<\/li>\n<li><strong data-start=\"1200\" data-end=\"1235\">Exporter des produits \u00e0 l&#8217;international<\/strong> ou vendre en B2B \u00e0 des entreprises, des revendeurs ou des distributeurs.<\/li>\n<li class=\"\" data-start=\"1289\" data-end=\"1377\">\n<p class=\"\" data-start=\"1291\" data-end=\"1377\">Tu veux te conformer aux exigences en mati\u00e8re de <strong data-start=\"1311\" data-end=\"1333\">douane, de logistique<\/strong> ou d&#8217;<strong data-start=\"1338\" data-end=\"1362\">enregistrement des produits<\/strong>.<\/p>\n<\/li>\n<\/ul>\n<h2 data-start=\"1465\" data-end=\"1496\">Pourquoi une fiche de donn\u00e9es de s\u00e9curit\u00e9 est-elle importante ?<\/h2>\n<ul data-start=\"1498\" data-end=\"1815\">\n<li><strong data-start=\"1500\" data-end=\"1525\">Conformit\u00e9 r\u00e9glementaire<\/strong>: Exig\u00e9e dans les cadres de REACH, CLP et SGH<\/li>\n<li><strong data-start=\"1577\" data-end=\"1587\">S\u00e9curit\u00e9<\/strong>: Prot\u00e8ge les utilisateurs, les transporteurs et les intervenants en cas d&#8217;urgence.<\/li>\n<li><strong data-start=\"1648\" data-end=\"1665\">Acc\u00e8s au march\u00e9<\/strong>: Essentiel pour vendre aux entreprises, aux d\u00e9taillants et au-del\u00e0 des fronti\u00e8res.<\/li>\n<li><strong data-start=\"1738\" data-end=\"1757\">Professionnalisme<\/strong>: Fait preuve de responsabilit\u00e9 et d&#8217;attention en mati\u00e8re de s\u00e9curit\u00e9 des produits.<\/li>\n<\/ul>\n","protected":false},"excerpt":{"rendered":"<p>Une fiche de donn\u00e9es de s\u00e9curit\u00e9 (FDS), d\u00e9sormais appel\u00e9e fiche de donn\u00e9es de s\u00e9curit\u00e9 (FDS) dans le cadre du syst\u00e8me SGH, est un document technique qui fournit des informations d\u00e9taill\u00e9es sur la composition chimique, les dangers, la manipulation s\u00fbre, le stockage et les mesures d&#8217;urgence li\u00e9s \u00e0 une substance ou \u00e0 un m\u00e9lange. Assure-toi que&#8230;<\/p>\n","protected":false},"featured_media":11457,"template":"","meta":[],"product_brand":[],"product_cat":[386],"product_tag":[],"class_list":{"0":"post-11464","1":"product","2":"type-product","3":"status-publish","4":"has-post-thumbnail","6":"product_cat-sds-fr","8":"first","9":"instock","10":"virtual","11":"taxable","12":"purchasable","13":"product-type-simple"},"bundled_by":[],"bundle_stock_status":"instock","bundle_stock_quantity":null,"bundle_virtual":false,"bundle_layout":"","bundle_add_to_cart_form_location":"","bundle_editable_in_cart":false,"bundle_sold_individually_context":"","bundle_item_grouping":"","bundle_min_size":"","bundle_max_size":"","bundle_price":[],"bundled_items":[],"bundle_sell_ids":[],"yoast_head":"<!-- This site is optimized with the Yoast SEO Premium plugin v25.4 (Yoast SEO v25.4) - https:\/\/yoast.com\/wordpress\/plugins\/seo\/ -->\n<title>Cr\u00e9ation de fiches de donn\u00e9es de s\u00e9curit\u00e9 - MSDS - SDS - Certified Cosmetics<\/title>\n<meta name=\"description\" content=\"Une fiche de donn\u00e9es de s\u00e9curit\u00e9 (FDS), d\u00e9sormais appel\u00e9e fiche de donn\u00e9es de s\u00e9curit\u00e9 (FDS) dans le cadre du syst\u00e8me SGH, est un document technique qui fournit des informations d\u00e9taill\u00e9es sur la composition chimique.\" \/>\n<meta name=\"robots\" content=\"index, follow, max-snippet:-1, max-image-preview:large, max-video-preview:-1\" \/>\n<link rel=\"canonical\" href=\"https:\/\/www.certifiedcosmetics.com\/fr\/product\/sds-fr\/creation-de-fiches-de-donnees-de-securite-msds-sds\/\" \/>\n<meta property=\"og:locale\" content=\"fr_FR\" \/>\n<meta property=\"og:type\" content=\"article\" \/>\n<meta property=\"og:title\" content=\"Cr\u00e9ation de fiches de donn\u00e9es de s\u00e9curit\u00e9 - MSDS - SDS\" \/>\n<meta property=\"og:description\" content=\"Une fiche de donn\u00e9es de s\u00e9curit\u00e9 (FDS), d\u00e9sormais appel\u00e9e fiche de donn\u00e9es de s\u00e9curit\u00e9 (FDS) dans le cadre du syst\u00e8me SGH, est un document technique qui fournit des informations d\u00e9taill\u00e9es sur la composition chimique.\" \/>\n<meta property=\"og:url\" content=\"https:\/\/www.certifiedcosmetics.com\/fr\/product\/sds-fr\/creation-de-fiches-de-donnees-de-securite-msds-sds\/\" \/>\n<meta property=\"og:site_name\" content=\"Certified Cosmetics\" \/>\n<meta property=\"og:image\" content=\"https:\/\/www.certifiedcosmetics.com\/wp-content\/uploads\/2025\/04\/msds.jpg\" \/>\n\t<meta property=\"og:image:width\" content=\"800\" \/>\n\t<meta property=\"og:image:height\" content=\"800\" \/>\n\t<meta property=\"og:image:type\" content=\"image\/jpeg\" \/>\n<meta name=\"twitter:card\" content=\"summary_large_image\" \/>\n<meta name=\"twitter:label1\" content=\"Prix\" \/>\n\t<meta name=\"twitter:data1\" content=\"&#036;115.77\" \/>\n\t<meta name=\"twitter:label2\" content=\"Disponibilit\u00e9\" \/>\n\t<meta name=\"twitter:data2\" content=\"En stock\" \/>\n<script type=\"application\/ld+json\" class=\"yoast-schema-graph\">{\"@context\":\"https:\/\/schema.org\",\"@graph\":[{\"@type\":\"WebPage\",\"@id\":\"https:\/\/www.certifiedcosmetics.com\/fr\/product\/sds-fr\/creation-de-fiches-de-donnees-de-securite-msds-sds\/\",\"url\":\"https:\/\/www.certifiedcosmetics.com\/fr\/product\/sds-fr\/creation-de-fiches-de-donnees-de-securite-msds-sds\/\",\"name\":\"Cr\u00e9ation de fiches de donn\u00e9es de s\u00e9curit\u00e9 - MSDS - SDS - Certified Cosmetics\",\"isPartOf\":{\"@id\":\"https:\/\/www.certifiedcosmetics.com\/fr\/#website\"},\"primaryImageOfPage\":{\"@id\":\"https:\/\/www.certifiedcosmetics.com\/fr\/product\/sds-fr\/creation-de-fiches-de-donnees-de-securite-msds-sds\/#primaryimage\"},\"image\":{\"@id\":\"https:\/\/www.certifiedcosmetics.com\/fr\/product\/sds-fr\/creation-de-fiches-de-donnees-de-securite-msds-sds\/#primaryimage\"},\"thumbnailUrl\":\"https:\/\/www.certifiedcosmetics.com\/wp-content\/uploads\/2025\/04\/msds.jpg\",\"datePublished\":\"2025-04-29T07:40:23+00:00\",\"description\":\"Une fiche de donn\u00e9es de s\u00e9curit\u00e9 (FDS), d\u00e9sormais appel\u00e9e fiche de donn\u00e9es de s\u00e9curit\u00e9 (FDS) dans le cadre du syst\u00e8me SGH, est un document technique qui fournit des informations d\u00e9taill\u00e9es sur la composition chimique.\",\"breadcrumb\":{\"@id\":\"https:\/\/www.certifiedcosmetics.com\/fr\/product\/sds-fr\/creation-de-fiches-de-donnees-de-securite-msds-sds\/#breadcrumb\"},\"inLanguage\":\"fr-FR\",\"potentialAction\":[{\"@type\":\"ReadAction\",\"target\":[\"https:\/\/www.certifiedcosmetics.com\/fr\/product\/sds-fr\/creation-de-fiches-de-donnees-de-securite-msds-sds\/\"]}]},{\"@type\":\"ImageObject\",\"inLanguage\":\"fr-FR\",\"@id\":\"https:\/\/www.certifiedcosmetics.com\/fr\/product\/sds-fr\/creation-de-fiches-de-donnees-de-securite-msds-sds\/#primaryimage\",\"url\":\"https:\/\/www.certifiedcosmetics.com\/wp-content\/uploads\/2025\/04\/msds.jpg\",\"contentUrl\":\"https:\/\/www.certifiedcosmetics.com\/wp-content\/uploads\/2025\/04\/msds.jpg\",\"width\":800,\"height\":800},{\"@type\":\"BreadcrumbList\",\"@id\":\"https:\/\/www.certifiedcosmetics.com\/fr\/product\/sds-fr\/creation-de-fiches-de-donnees-de-securite-msds-sds\/#breadcrumb\",\"itemListElement\":[{\"@type\":\"ListItem\",\"position\":1,\"name\":\"Home\",\"item\":\"https:\/\/www.certifiedcosmetics.com\/fr\/\"},{\"@type\":\"ListItem\",\"position\":2,\"name\":\"Boutique\",\"item\":\"https:\/\/www.certifiedcosmetics.com\/fr\/boutique\/\"},{\"@type\":\"ListItem\",\"position\":3,\"name\":\"Cr\u00e9ation de fiches de donn\u00e9es de s\u00e9curit\u00e9 &#8211; MSDS &#8211; SDS\"}]},{\"@type\":\"WebSite\",\"@id\":\"https:\/\/www.certifiedcosmetics.com\/fr\/#website\",\"url\":\"https:\/\/www.certifiedcosmetics.com\/fr\/\",\"name\":\"Certified Cosmetics\",\"description\":\"Cosmetic Safety Assessment\",\"publisher\":{\"@id\":\"https:\/\/www.certifiedcosmetics.com\/fr\/#organization\"},\"potentialAction\":[{\"@type\":\"SearchAction\",\"target\":{\"@type\":\"EntryPoint\",\"urlTemplate\":\"https:\/\/www.certifiedcosmetics.com\/fr\/?s={search_term_string}\"},\"query-input\":{\"@type\":\"PropertyValueSpecification\",\"valueRequired\":true,\"valueName\":\"search_term_string\"}}],\"inLanguage\":\"fr-FR\"},{\"@type\":\"Organization\",\"@id\":\"https:\/\/www.certifiedcosmetics.com\/fr\/#organization\",\"name\":\"Certified Cosmetics\",\"url\":\"https:\/\/www.certifiedcosmetics.com\/fr\/\",\"logo\":{\"@type\":\"ImageObject\",\"inLanguage\":\"fr-FR\",\"@id\":\"https:\/\/www.certifiedcosmetics.com\/fr\/#\/schema\/logo\/image\/\",\"url\":\"https:\/\/www.certifiedcosmetics.com\/wp-content\/uploads\/2024\/12\/logo_certified_cosmetics696.jpg\",\"contentUrl\":\"https:\/\/www.certifiedcosmetics.com\/wp-content\/uploads\/2024\/12\/logo_certified_cosmetics696.jpg\",\"width\":696,\"height\":696,\"caption\":\"Certified Cosmetics\"},\"image\":{\"@id\":\"https:\/\/www.certifiedcosmetics.com\/fr\/#\/schema\/logo\/image\/\"},\"description\":\"Your trusted partner for cosmetic product safety reporting. We take care of updating all of your documentation, ensuring your compliance stays current even as regulations evolve. The Cosmetic Product Safety Assessment will give you everything you need to sell specific products to EU consumers.\",\"email\":\"contact@certifiedcosmetics.com\",\"telephone\":\"+31 36 2036384\",\"legalName\":\"Certified Cosmetics\",\"foundingDate\":\"2010-01-01\",\"vatID\":\"NL854189543B01\",\"numberOfEmployees\":{\"@type\":\"QuantitativeValue\",\"minValue\":\"11\",\"maxValue\":\"50\"}}]}<\/script>\n<meta property=\"product:price:amount\" content=\"115.77\" \/>\n<meta property=\"product:price:currency\" content=\"USD\" \/>\n<meta property=\"og:availability\" content=\"instock\" \/>\n<meta property=\"product:availability\" content=\"instock\" \/>\n<meta property=\"product:retailer_item_id\" content=\"CC100087\" \/>\n<meta property=\"product:condition\" content=\"new\" \/>\n<!-- \/ Yoast SEO Premium plugin. -->","yoast_head_json":{"title":"Cr\u00e9ation de fiches de donn\u00e9es de s\u00e9curit\u00e9 - MSDS - SDS - Certified Cosmetics","description":"Une fiche de donn\u00e9es de s\u00e9curit\u00e9 (FDS), d\u00e9sormais appel\u00e9e fiche de donn\u00e9es de s\u00e9curit\u00e9 (FDS) dans le cadre du syst\u00e8me SGH, est un document technique qui fournit des informations d\u00e9taill\u00e9es sur la composition chimique.","robots":{"index":"index","follow":"follow","max-snippet":"max-snippet:-1","max-image-preview":"max-image-preview:large","max-video-preview":"max-video-preview:-1"},"canonical":"https:\/\/www.certifiedcosmetics.com\/fr\/product\/sds-fr\/creation-de-fiches-de-donnees-de-securite-msds-sds\/","og_locale":"fr_FR","og_type":"article","og_title":"Cr\u00e9ation de fiches de donn\u00e9es de s\u00e9curit\u00e9 - MSDS - SDS","og_description":"Une fiche de donn\u00e9es de s\u00e9curit\u00e9 (FDS), d\u00e9sormais appel\u00e9e fiche de donn\u00e9es de s\u00e9curit\u00e9 (FDS) dans le cadre du syst\u00e8me SGH, est un document technique qui fournit des informations d\u00e9taill\u00e9es sur la composition chimique.","og_url":"https:\/\/www.certifiedcosmetics.com\/fr\/product\/sds-fr\/creation-de-fiches-de-donnees-de-securite-msds-sds\/","og_site_name":"Certified Cosmetics","og_image":[{"width":800,"height":800,"url":"https:\/\/www.certifiedcosmetics.com\/wp-content\/uploads\/2025\/04\/msds.jpg","type":"image\/jpeg"}],"twitter_card":"summary_large_image","twitter_misc":{"Prix":"&#36;115.77","Disponibilit\u00e9":"En stock"},"schema":{"@context":"https:\/\/schema.org","@graph":[{"@type":"WebPage","@id":"https:\/\/www.certifiedcosmetics.com\/fr\/product\/sds-fr\/creation-de-fiches-de-donnees-de-securite-msds-sds\/","url":"https:\/\/www.certifiedcosmetics.com\/fr\/product\/sds-fr\/creation-de-fiches-de-donnees-de-securite-msds-sds\/","name":"Cr\u00e9ation de fiches de donn\u00e9es de s\u00e9curit\u00e9 - MSDS - SDS - Certified Cosmetics","isPartOf":{"@id":"https:\/\/www.certifiedcosmetics.com\/fr\/#website"},"primaryImageOfPage":{"@id":"https:\/\/www.certifiedcosmetics.com\/fr\/product\/sds-fr\/creation-de-fiches-de-donnees-de-securite-msds-sds\/#primaryimage"},"image":{"@id":"https:\/\/www.certifiedcosmetics.com\/fr\/product\/sds-fr\/creation-de-fiches-de-donnees-de-securite-msds-sds\/#primaryimage"},"thumbnailUrl":"https:\/\/www.certifiedcosmetics.com\/wp-content\/uploads\/2025\/04\/msds.jpg","datePublished":"2025-04-29T07:40:23+00:00","description":"Une fiche de donn\u00e9es de s\u00e9curit\u00e9 (FDS), d\u00e9sormais appel\u00e9e fiche de donn\u00e9es de s\u00e9curit\u00e9 (FDS) dans le cadre du syst\u00e8me SGH, est un document technique qui fournit des informations d\u00e9taill\u00e9es sur la composition chimique.","breadcrumb":{"@id":"https:\/\/www.certifiedcosmetics.com\/fr\/product\/sds-fr\/creation-de-fiches-de-donnees-de-securite-msds-sds\/#breadcrumb"},"inLanguage":"fr-FR","potentialAction":[{"@type":"ReadAction","target":["https:\/\/www.certifiedcosmetics.com\/fr\/product\/sds-fr\/creation-de-fiches-de-donnees-de-securite-msds-sds\/"]}]},{"@type":"ImageObject","inLanguage":"fr-FR","@id":"https:\/\/www.certifiedcosmetics.com\/fr\/product\/sds-fr\/creation-de-fiches-de-donnees-de-securite-msds-sds\/#primaryimage","url":"https:\/\/www.certifiedcosmetics.com\/wp-content\/uploads\/2025\/04\/msds.jpg","contentUrl":"https:\/\/www.certifiedcosmetics.com\/wp-content\/uploads\/2025\/04\/msds.jpg","width":800,"height":800},{"@type":"BreadcrumbList","@id":"https:\/\/www.certifiedcosmetics.com\/fr\/product\/sds-fr\/creation-de-fiches-de-donnees-de-securite-msds-sds\/#breadcrumb","itemListElement":[{"@type":"ListItem","position":1,"name":"Home","item":"https:\/\/www.certifiedcosmetics.com\/fr\/"},{"@type":"ListItem","position":2,"name":"Boutique","item":"https:\/\/www.certifiedcosmetics.com\/fr\/boutique\/"},{"@type":"ListItem","position":3,"name":"Cr\u00e9ation de fiches de donn\u00e9es de s\u00e9curit\u00e9 &#8211; MSDS &#8211; SDS"}]},{"@type":"WebSite","@id":"https:\/\/www.certifiedcosmetics.com\/fr\/#website","url":"https:\/\/www.certifiedcosmetics.com\/fr\/","name":"Certified Cosmetics","description":"Cosmetic Safety Assessment","publisher":{"@id":"https:\/\/www.certifiedcosmetics.com\/fr\/#organization"},"potentialAction":[{"@type":"SearchAction","target":{"@type":"EntryPoint","urlTemplate":"https:\/\/www.certifiedcosmetics.com\/fr\/?s={search_term_string}"},"query-input":{"@type":"PropertyValueSpecification","valueRequired":true,"valueName":"search_term_string"}}],"inLanguage":"fr-FR"},{"@type":"Organization","@id":"https:\/\/www.certifiedcosmetics.com\/fr\/#organization","name":"Certified Cosmetics","url":"https:\/\/www.certifiedcosmetics.com\/fr\/","logo":{"@type":"ImageObject","inLanguage":"fr-FR","@id":"https:\/\/www.certifiedcosmetics.com\/fr\/#\/schema\/logo\/image\/","url":"https:\/\/www.certifiedcosmetics.com\/wp-content\/uploads\/2024\/12\/logo_certified_cosmetics696.jpg","contentUrl":"https:\/\/www.certifiedcosmetics.com\/wp-content\/uploads\/2024\/12\/logo_certified_cosmetics696.jpg","width":696,"height":696,"caption":"Certified Cosmetics"},"image":{"@id":"https:\/\/www.certifiedcosmetics.com\/fr\/#\/schema\/logo\/image\/"},"description":"Your trusted partner for cosmetic product safety reporting. We take care of updating all of your documentation, ensuring your compliance stays current even as regulations evolve. The Cosmetic Product Safety Assessment will give you everything you need to sell specific products to EU consumers.","email":"contact@certifiedcosmetics.com","telephone":"+31 36 2036384","legalName":"Certified Cosmetics","foundingDate":"2010-01-01","vatID":"NL854189543B01","numberOfEmployees":{"@type":"QuantitativeValue","minValue":"11","maxValue":"50"}}]},"product_price_amount":"115.77","product_price_currency":"USD","og_availability":"instock","product_availability":"instock","product_retailer_item_id":"CC100087","product_condition":"new"},"_links":{"self":[{"href":"https:\/\/www.certifiedcosmetics.com\/fr\/wp-json\/wp\/v2\/product\/11464","targetHints":{"allow":["GET"]}}],"collection":[{"href":"https:\/\/www.certifiedcosmetics.com\/fr\/wp-json\/wp\/v2\/product"}],"about":[{"href":"https:\/\/www.certifiedcosmetics.com\/fr\/wp-json\/wp\/v2\/types\/product"}],"wp:featuredmedia":[{"embeddable":true,"href":"https:\/\/www.certifiedcosmetics.com\/fr\/wp-json\/wp\/v2\/media\/11457"}],"wp:attachment":[{"href":"https:\/\/www.certifiedcosmetics.com\/fr\/wp-json\/wp\/v2\/media?parent=11464"}],"wp:term":[{"taxonomy":"product_brand","embeddable":true,"href":"https:\/\/www.certifiedcosmetics.com\/fr\/wp-json\/wp\/v2\/product_brand?post=11464"},{"taxonomy":"product_cat","embeddable":true,"href":"https:\/\/www.certifiedcosmetics.com\/fr\/wp-json\/wp\/v2\/product_cat?post=11464"},{"taxonomy":"product_tag","embeddable":true,"href":"https:\/\/www.certifiedcosmetics.com\/fr\/wp-json\/wp\/v2\/product_tag?post=11464"}],"curies":[{"name":"wp","href":"https:\/\/api.w.org\/{rel}","templated":true}]}}