{"id":11436,"date":"2025-04-11T12:36:54","date_gmt":"2025-04-11T11:36:54","guid":{"rendered":"https:\/\/www.certifiedcosmetics.com\/product\/non class\u00e9\/test-de-la-periode-apres-ouverture-pao\/"},"modified":"2025-04-11T12:36:54","modified_gmt":"2025-04-11T11:36:54","slug":"test-de-la-periode-apres-ouverture-pao","status":"publish","type":"product","link":"https:\/\/www.certifiedcosmetics.com\/fr\/product\/tests-communs\/test-de-la-periode-apres-ouverture-pao\/","title":{"rendered":"Test de la p\u00e9riode apr\u00e8s ouverture (PAO)"},"content":{"rendered":"<p class=\"\" data-start=\"243\" data-end=\"578\">Chez Certified Cosmetics, nous proposons un <strong data-start=\"291\" data-end=\"326\">test<\/strong> professionnel <strong data-start=\"291\" data-end=\"326\">PAO (Period After Opening)<\/strong> pour t&#8217;aider \u00e0 d\u00e9terminer combien de temps ton produit cosm\u00e9tique reste s\u00fbr et efficace apr\u00e8s ouverture. Il s&#8217;agit d&#8217;une partie essentielle de la conformit\u00e9 r\u00e9glementaire en vertu du <strong data-start=\"479\" data-end=\"514\">r\u00e8glement de l&#8217;UE (CE) n\u00b0 1223\/2009<\/strong>, en particulier pour les produits dont la dur\u00e9e de conservation est sup\u00e9rieure \u00e0 30 mois. <\/p>\n<h2 data-start=\"580\" data-end=\"801\">Qu&#8217;est-ce qu&#8217;un test de p\u00e9riode apr\u00e8s ouverture (PAO) ?<\/h2>\n<p class=\"\" data-start=\"580\" data-end=\"801\">Notre laboratoire simule l&#8217;utilisation typique des consommateurs pour \u00e9valuer la stabilit\u00e9 du produit une fois ouvert. En fonction des r\u00e9sultats, nous fournissons un symbole PAO recommand\u00e9 (par exemple, 6M, 12M, 24M), que tu peux inclure en toute confiance sur ton emballage. <\/p>\n<p class=\"\" data-start=\"803\" data-end=\"823\"><strong data-start=\"803\" data-end=\"823\">Ce qui est inclus :<\/strong><\/p>\n<ul data-start=\"825\" data-end=\"1114\">\n<li class=\"\" data-start=\"825\" data-end=\"877\">\n<p class=\"\" data-start=\"827\" data-end=\"877\">Test complet des PAO dans des conditions de laboratoire contr\u00f4l\u00e9es<\/p>\n<\/li>\n<li class=\"\" data-start=\"878\" data-end=\"938\">\n<p class=\"\" data-start=\"880\" data-end=\"938\">\u00c9valuation scientifique de la stabilit\u00e9 des produits apr\u00e8s ouverture<\/p>\n<\/li>\n<li class=\"\" data-start=\"939\" data-end=\"1001\">\n<p class=\"\" data-start=\"941\" data-end=\"1001\">Convient aux cr\u00e8mes, s\u00e9rums, lotions, gels, huiles et autres.<\/p>\n<\/li>\n<li class=\"\" data-start=\"1002\" data-end=\"1055\">\n<p class=\"\" data-start=\"1004\" data-end=\"1055\">Un rapport d\u00e9taill\u00e9 avec le symbole OAP recommand\u00e9<\/p>\n<\/li>\n<li class=\"\" data-start=\"1056\" data-end=\"1114\">\n<p class=\"\" data-start=\"1058\" data-end=\"1114\">Soutien pour ton rapport sur la s\u00e9curit\u00e9 des produits cosm\u00e9tiques (CPSR)<\/p>\n<\/li>\n<\/ul>\n<h2 data-start=\"1116\" data-end=\"1148\"><strong data-start=\"1116\" data-end=\"1148\">Quand as-tu besoin d&#8217;un test PAO ?<\/strong><\/h2>\n<p class=\"\" data-start=\"1150\" data-end=\"1381\">Un test PAO est requis pour les produits cosm\u00e9tiques dont la durabilit\u00e9 minimale est sup\u00e9rieure \u00e0 30 mois et qui n&#8217;affichent pas de date de p\u00e9remption. Le symbole PAO permet d&#8217;informer les consommateurs de la dur\u00e9e pendant laquelle ils peuvent utiliser le produit en toute s\u00e9curit\u00e9 apr\u00e8s ouverture. <\/p>\n<p class=\"\" data-start=\"1383\" data-end=\"1399\"><strong data-start=\"1383\" data-end=\"1399\">Le processus :<\/strong><\/p>\n<ol data-start=\"1401\" data-end=\"1627\">\n<li class=\"\" data-start=\"1401\" data-end=\"1441\">\n<p class=\"\" data-start=\"1404\" data-end=\"1441\">Ach\u00e8te le test<\/p>\n<\/li>\n<li class=\"\" data-start=\"1401\" data-end=\"1441\">\n<p class=\"\" data-start=\"1404\" data-end=\"1441\">Recevoir un acc\u00e8s \u00e0 notre portail s\u00e9curis\u00e9 pour planifier le test.<\/p>\n<\/li>\n<li class=\"\" data-start=\"1401\" data-end=\"1441\">\n<p class=\"\" data-start=\"1404\" data-end=\"1441\">Envoie-nous ton \u00e9chantillon de produit<\/p>\n<\/li>\n<li class=\"\" data-start=\"1442\" data-end=\"1505\">\n<p class=\"\" data-start=\"1445\" data-end=\"1505\">Notre laboratoire simule les conditions post-ouverture et \u00e9value la stabilit\u00e9<\/p>\n<\/li>\n<li class=\"\" data-start=\"1506\" data-end=\"1576\">\n<p class=\"\" data-start=\"1509\" data-end=\"1576\">Tu re\u00e7ois un rapport complet de l&#8217;OAP avec la recommandation d&#8217;un symbole.<\/p>\n<\/li>\n<li class=\"\" data-start=\"1577\" data-end=\"1627\">\n<p class=\"\" data-start=\"1580\" data-end=\"1627\">Utilise les r\u00e9sultats dans ton CPSR et dans la conception de l&#8217;\u00e9tiquette.<\/p>\n<\/li>\n<\/ol>\n<p class=\"\" data-start=\"1629\" data-end=\"1868\">Avec Certified Cosmetics, tu b\u00e9n\u00e9ficies de tests d&#8217;experts, d&#8217;un d\u00e9lai d&#8217;ex\u00e9cution rapide et d&#8217;un soutien r\u00e9glementaire complet. Que tu lances une nouvelle formulation ou que tu mettes \u00e0 jour un produit existant, notre test PAO te permet de rester conforme et transparent. <\/p>\n<h2 data-start=\"260\" data-end=\"318\">Quelle est la diff\u00e9rence entre la date d&#8217;expiration et l&#8217;OPA ?<\/h2>\n<p class=\"\" data-start=\"320\" data-end=\"518\">Dans les produits cosm\u00e9tiques, la <strong data-start=\"342\" data-end=\"361\">date de p\u00e9remption<\/strong> et la <strong data-start=\"366\" data-end=\"396\">p\u00e9riode apr\u00e8s ouverture (PAO)<\/strong> sont deux indicateurs distincts de la stabilit\u00e9 et de la s\u00e9curit\u00e9 du produit, exig\u00e9s par le <strong data-start=\"473\" data-end=\"517\">r\u00e8glement cosm\u00e9tique de l&#8217;UE (CE) n\u00b0 1223\/2009<\/strong>.<\/p>\n<h3 data-start=\"525\" data-end=\"575\"><strong data-start=\"530\" data-end=\"575\">Date d&#8217;expiration (date de durabilit\u00e9 minimale)<\/strong><\/h3>\n<ul data-start=\"577\" data-end=\"979\">\n<li class=\"\" data-start=\"577\" data-end=\"650\">\n<p class=\"\" data-start=\"579\" data-end=\"650\"><strong data-start=\"579\" data-end=\"593\">Utilis\u00e9 lorsque :<\/strong> Le produit a une <strong data-start=\"612\" data-end=\"649\">dur\u00e9e de conservation inf\u00e9rieure \u00e0 30 mois<\/strong>.<\/p>\n<\/li>\n<li class=\"\" data-start=\"651\" data-end=\"746\">\n<p class=\"\" data-start=\"653\" data-end=\"746\"><strong data-start=\"653\" data-end=\"670\">Format de l&#8217;\u00e9tiquette :<\/strong> G\u00e9n\u00e9ralement indiqu\u00e9 comme &#8220;\u00c0 consommer de pr\u00e9f\u00e9rence avant le [date]&#8221; ou un symbole de sablier avec la date.<\/p>\n<\/li>\n<li class=\"\" data-start=\"747\" data-end=\"877\">\n<p class=\"\" data-start=\"749\" data-end=\"877\"><strong data-start=\"749\" data-end=\"761\">Signification :<\/strong> Indique la date <strong data-start=\"781\" data-end=\"844\">jusqu&#8217;\u00e0 laquelle le produit non ouvert reste s\u00fbr et efficace<\/strong> dans des conditions de conservation appropri\u00e9es.<\/p>\n<\/li>\n<li class=\"\" data-start=\"878\" data-end=\"979\">\n<p class=\"\" data-start=\"880\" data-end=\"979\"><strong data-start=\"880\" data-end=\"892\">Exemple :<\/strong> Un masque de beaut\u00e9 naturel sans conservateur pourrait se p\u00e9rimer dans les 12 mois suivant sa production.<\/p>\n<\/li>\n<\/ul>\n<h3 data-start=\"986\" data-end=\"1021\"><strong data-start=\"991\" data-end=\"1021\">P\u00e9riode apr\u00e8s l&#8217;ouverture (PAO)<\/strong><\/h3>\n<ul data-start=\"1023\" data-end=\"1386\">\n<li class=\"\" data-start=\"1023\" data-end=\"1096\">\n<p class=\"\" data-start=\"1025\" data-end=\"1096\"><strong data-start=\"1025\" data-end=\"1039\">Utilis\u00e9 quand :<\/strong> Le produit a une <strong data-start=\"1058\" data-end=\"1095\">dur\u00e9e de conservation de plus de 30 mois<\/strong>.<\/p>\n<\/li>\n<li class=\"\" data-start=\"1097\" data-end=\"1183\">\n<p class=\"\" data-start=\"1099\" data-end=\"1183\"><strong data-start=\"1099\" data-end=\"1116\">Format de l&#8217;\u00e9tiquette :<\/strong> Un symbole de pot avec un chiffre et une lettre (par exemple, &#8220;12M&#8221; pour 12 mois).<\/p>\n<\/li>\n<li class=\"\" data-start=\"1184\" data-end=\"1286\">\n<p class=\"\" data-start=\"1186\" data-end=\"1286\"><strong data-start=\"1186\" data-end=\"1198\">Signification :<\/strong> Indique combien de temps le produit reste s\u00fbr et utilisable <strong data-start=\"1254\" data-end=\"1285\">apr\u00e8s que le consommateur l&#8217;a ouvert<\/strong>.<\/p>\n<\/li>\n<li class=\"\" data-start=\"1287\" data-end=\"1386\">\n<p class=\"\" data-start=\"1289\" data-end=\"1386\"><strong data-start=\"1289\" data-end=\"1301\">Exemple :<\/strong> Une lotion qui dure ind\u00e9finiment lorsqu&#8217;elle est scell\u00e9e, mais qui est bonne pour 12 mois une fois ouverte.<\/p>\n<\/li>\n<\/ul>\n<h3 class=\"\" data-start=\"1393\" data-end=\"1404\">R\u00e9sum\u00e9<\/h3>\n<div class=\"pointer-events-none relative left-[50%] flex w-[100cqw] translate-x-[-50%] justify-center *:pointer-events-auto\">\n<div class=\"tableContainer horzScrollShadows\">\n<table class=\"min-w-full\" data-start=\"1406\" data-end=\"2029\">\n<thead data-start=\"1406\" data-end=\"1509\">\n<tr data-start=\"1406\" data-end=\"1509\">\n<th data-start=\"1406\" data-end=\"1428\"><\/th>\n<th data-start=\"1428\" data-end=\"1465\"><strong data-start=\"1430\" data-end=\"1449\">Date d&#8217;expiration<\/strong><\/th>\n<th data-start=\"1465\" data-end=\"1509\"><strong data-start=\"1467\" data-end=\"1497\">PAO (P\u00e9riode apr\u00e8s ouverture)<\/strong><\/th>\n<\/tr>\n<\/thead>\n<tbody data-start=\"1614\" data-end=\"2029\">\n<tr data-start=\"1614\" data-end=\"1717\">\n<td class=\"max-w-[calc(var(--thread-content-max-width)*2\/3)]\" data-start=\"1614\" data-end=\"1636\">Quand c&#8217;est n\u00e9cessaire<\/td>\n<td class=\"max-w-[calc(var(--thread-content-max-width)*2\/3)]\" data-start=\"1636\" data-end=\"1673\">Dur\u00e9e de conservation inf\u00e9rieure \u00e0 30 mois<\/td>\n<td class=\"max-w-[calc(var(--thread-content-max-width)*2\/3)]\" data-start=\"1673\" data-end=\"1717\">Dur\u00e9e de conservation sup\u00e9rieure \u00e0 30 mois<\/td>\n<\/tr>\n<tr data-start=\"1718\" data-end=\"1821\">\n<td class=\"max-w-[calc(var(--thread-content-max-width)*2\/3)]\" data-start=\"1718\" data-end=\"1740\">Bas\u00e9 sur<\/td>\n<td class=\"max-w-[calc(var(--thread-content-max-width)*2\/3)]\" data-start=\"1740\" data-end=\"1777\">Stabilit\u00e9 du produit non ouvert<\/td>\n<td class=\"max-w-[calc(var(--thread-content-max-width)*2\/3)]\" data-start=\"1777\" data-end=\"1821\">Stabilit\u00e9 du produit ouvert<\/td>\n<\/tr>\n<tr data-start=\"1822\" data-end=\"1925\">\n<td class=\"max-w-[calc(var(--thread-content-max-width)*2\/3)]\" data-start=\"1822\" data-end=\"1844\">Symbole de l&#8217;\u00e9tiquette<\/td>\n<td class=\"max-w-[calc(var(--thread-content-max-width)*2\/3)]\" data-start=\"1844\" data-end=\"1881\">Sablier<\/td>\n<td class=\"max-w-[calc(var(--thread-content-max-width)*2\/3)]\" data-start=\"1881\" data-end=\"1925\">Bocal ouvert<\/td>\n<\/tr>\n<tr data-start=\"1926\" data-end=\"2029\">\n<td class=\"max-w-[calc(var(--thread-content-max-width)*2\/3)]\" data-start=\"1926\" data-end=\"1948\">Exemple<\/td>\n<td class=\"max-w-[calc(var(--thread-content-max-width)*2\/3)]\" data-start=\"1948\" data-end=\"1985\">Gommage naturel expirant dans 12 mois<\/td>\n<td class=\"max-w-[calc(var(--thread-content-max-width)*2\/3)]\" data-start=\"1985\" data-end=\"2029\">S\u00e9rum utilisable pendant 6M apr\u00e8s ouverture<\/td>\n<\/tr>\n<\/tbody>\n<\/table>\n<\/div>\n<\/div>\n","protected":false},"excerpt":{"rendered":"<p>Chez Certified Cosmetics, nous proposons un test professionnel PAO (Period After Opening) pour t&#8217;aider \u00e0 d\u00e9terminer combien de temps ton produit cosm\u00e9tique reste s\u00fbr et efficace apr\u00e8s ouverture. Il s&#8217;agit d&#8217;une partie essentielle de la conformit\u00e9 r\u00e9glementaire en vertu du r\u00e8glement de l&#8217;UE (CE) n\u00b0 1223\/2009, en particulier pour les produits dont la dur\u00e9e de&#8230;<\/p>\n","protected":false},"featured_media":11428,"template":"","meta":[],"product_brand":[],"product_cat":[352],"product_tag":[],"class_list":{"0":"post-11436","1":"product","2":"type-product","3":"status-publish","4":"has-post-thumbnail","6":"product_cat-tests-communs","8":"first","9":"instock","10":"virtual","11":"taxable","12":"purchasable","13":"product-type-simple"},"bundled_by":[],"bundle_stock_status":"instock","bundle_stock_quantity":null,"bundle_virtual":false,"bundle_layout":"","bundle_add_to_cart_form_location":"","bundle_editable_in_cart":false,"bundle_sold_individually_context":"","bundle_item_grouping":"","bundle_min_size":"","bundle_max_size":"","bundle_price":[],"bundled_items":[],"bundle_sell_ids":[],"yoast_head":"<!-- This site is optimized with the Yoast SEO Premium plugin v25.4 (Yoast SEO v25.4) - https:\/\/yoast.com\/wordpress\/plugins\/seo\/ -->\n<title>Test de la p\u00e9riode apr\u00e8s ouverture (PAO) - Certified Cosmetics<\/title>\n<meta name=\"description\" content=\"Chez Certified Cosmetics, nous proposons un test professionnel PAO (Period After Opening) pour t&#039;aider \u00e0 d\u00e9terminer combien de temps ton produit cosm\u00e9tique reste s\u00fbr et efficace apr\u00e8s ouverture.\" \/>\n<meta name=\"robots\" content=\"index, follow, max-snippet:-1, max-image-preview:large, max-video-preview:-1\" \/>\n<link rel=\"canonical\" href=\"https:\/\/www.certifiedcosmetics.com\/fr\/product\/tests-communs\/test-de-la-periode-apres-ouverture-pao\/\" \/>\n<meta property=\"og:locale\" content=\"fr_FR\" \/>\n<meta property=\"og:type\" content=\"article\" \/>\n<meta property=\"og:title\" content=\"Test de la p\u00e9riode apr\u00e8s ouverture (PAO)\" \/>\n<meta property=\"og:description\" content=\"Chez Certified Cosmetics, nous proposons un test professionnel PAO (Period After Opening) pour t&#039;aider \u00e0 d\u00e9terminer combien de temps ton produit cosm\u00e9tique reste s\u00fbr et efficace apr\u00e8s ouverture.\" \/>\n<meta property=\"og:url\" content=\"https:\/\/www.certifiedcosmetics.com\/fr\/product\/tests-communs\/test-de-la-periode-apres-ouverture-pao\/\" \/>\n<meta property=\"og:site_name\" content=\"Certified Cosmetics\" \/>\n<meta property=\"og:image\" content=\"https:\/\/www.certifiedcosmetics.com\/wp-content\/uploads\/2025\/04\/oeriod-after-opening-test.jpg\" \/>\n\t<meta property=\"og:image:width\" content=\"800\" \/>\n\t<meta property=\"og:image:height\" content=\"800\" \/>\n\t<meta property=\"og:image:type\" content=\"image\/jpeg\" \/>\n<meta name=\"twitter:card\" content=\"summary_large_image\" \/>\n<meta name=\"twitter:label1\" content=\"Prix\" \/>\n\t<meta name=\"twitter:data1\" content=\"&#036;264.81\" \/>\n\t<meta name=\"twitter:label2\" content=\"Disponibilit\u00e9\" \/>\n\t<meta name=\"twitter:data2\" content=\"En stock\" \/>\n<script type=\"application\/ld+json\" class=\"yoast-schema-graph\">{\"@context\":\"https:\/\/schema.org\",\"@graph\":[{\"@type\":\"WebPage\",\"@id\":\"https:\/\/www.certifiedcosmetics.com\/fr\/product\/tests-communs\/test-de-la-periode-apres-ouverture-pao\/\",\"url\":\"https:\/\/www.certifiedcosmetics.com\/fr\/product\/tests-communs\/test-de-la-periode-apres-ouverture-pao\/\",\"name\":\"Test de la p\u00e9riode apr\u00e8s ouverture (PAO) - Certified Cosmetics\",\"isPartOf\":{\"@id\":\"https:\/\/www.certifiedcosmetics.com\/fr\/#website\"},\"primaryImageOfPage\":{\"@id\":\"https:\/\/www.certifiedcosmetics.com\/fr\/product\/tests-communs\/test-de-la-periode-apres-ouverture-pao\/#primaryimage\"},\"image\":{\"@id\":\"https:\/\/www.certifiedcosmetics.com\/fr\/product\/tests-communs\/test-de-la-periode-apres-ouverture-pao\/#primaryimage\"},\"thumbnailUrl\":\"https:\/\/www.certifiedcosmetics.com\/wp-content\/uploads\/2025\/04\/oeriod-after-opening-test.jpg\",\"datePublished\":\"2025-04-11T11:36:54+00:00\",\"description\":\"Chez Certified Cosmetics, nous proposons un test professionnel PAO (Period After Opening) pour t'aider \u00e0 d\u00e9terminer combien de temps ton produit cosm\u00e9tique reste s\u00fbr et efficace apr\u00e8s ouverture.\",\"breadcrumb\":{\"@id\":\"https:\/\/www.certifiedcosmetics.com\/fr\/product\/tests-communs\/test-de-la-periode-apres-ouverture-pao\/#breadcrumb\"},\"inLanguage\":\"fr-FR\",\"potentialAction\":[{\"@type\":\"ReadAction\",\"target\":[\"https:\/\/www.certifiedcosmetics.com\/fr\/product\/tests-communs\/test-de-la-periode-apres-ouverture-pao\/\"]}]},{\"@type\":\"ImageObject\",\"inLanguage\":\"fr-FR\",\"@id\":\"https:\/\/www.certifiedcosmetics.com\/fr\/product\/tests-communs\/test-de-la-periode-apres-ouverture-pao\/#primaryimage\",\"url\":\"https:\/\/www.certifiedcosmetics.com\/wp-content\/uploads\/2025\/04\/oeriod-after-opening-test.jpg\",\"contentUrl\":\"https:\/\/www.certifiedcosmetics.com\/wp-content\/uploads\/2025\/04\/oeriod-after-opening-test.jpg\",\"width\":800,\"height\":800},{\"@type\":\"BreadcrumbList\",\"@id\":\"https:\/\/www.certifiedcosmetics.com\/fr\/product\/tests-communs\/test-de-la-periode-apres-ouverture-pao\/#breadcrumb\",\"itemListElement\":[{\"@type\":\"ListItem\",\"position\":1,\"name\":\"Home\",\"item\":\"https:\/\/www.certifiedcosmetics.com\/fr\/\"},{\"@type\":\"ListItem\",\"position\":2,\"name\":\"Boutique\",\"item\":\"https:\/\/www.certifiedcosmetics.com\/fr\/boutique\/\"},{\"@type\":\"ListItem\",\"position\":3,\"name\":\"Test de la p\u00e9riode apr\u00e8s ouverture (PAO)\"}]},{\"@type\":\"WebSite\",\"@id\":\"https:\/\/www.certifiedcosmetics.com\/fr\/#website\",\"url\":\"https:\/\/www.certifiedcosmetics.com\/fr\/\",\"name\":\"Certified Cosmetics\",\"description\":\"Cosmetic Safety Assessment\",\"publisher\":{\"@id\":\"https:\/\/www.certifiedcosmetics.com\/fr\/#organization\"},\"potentialAction\":[{\"@type\":\"SearchAction\",\"target\":{\"@type\":\"EntryPoint\",\"urlTemplate\":\"https:\/\/www.certifiedcosmetics.com\/fr\/?s={search_term_string}\"},\"query-input\":{\"@type\":\"PropertyValueSpecification\",\"valueRequired\":true,\"valueName\":\"search_term_string\"}}],\"inLanguage\":\"fr-FR\"},{\"@type\":\"Organization\",\"@id\":\"https:\/\/www.certifiedcosmetics.com\/fr\/#organization\",\"name\":\"Certified Cosmetics\",\"url\":\"https:\/\/www.certifiedcosmetics.com\/fr\/\",\"logo\":{\"@type\":\"ImageObject\",\"inLanguage\":\"fr-FR\",\"@id\":\"https:\/\/www.certifiedcosmetics.com\/fr\/#\/schema\/logo\/image\/\",\"url\":\"https:\/\/www.certifiedcosmetics.com\/wp-content\/uploads\/2024\/12\/logo_certified_cosmetics696.jpg\",\"contentUrl\":\"https:\/\/www.certifiedcosmetics.com\/wp-content\/uploads\/2024\/12\/logo_certified_cosmetics696.jpg\",\"width\":696,\"height\":696,\"caption\":\"Certified Cosmetics\"},\"image\":{\"@id\":\"https:\/\/www.certifiedcosmetics.com\/fr\/#\/schema\/logo\/image\/\"},\"description\":\"Your trusted partner for cosmetic product safety reporting. We take care of updating all of your documentation, ensuring your compliance stays current even as regulations evolve. The Cosmetic Product Safety Assessment will give you everything you need to sell specific products to EU consumers.\",\"email\":\"contact@certifiedcosmetics.com\",\"telephone\":\"+31 36 2036384\",\"legalName\":\"Certified Cosmetics\",\"foundingDate\":\"2010-01-01\",\"vatID\":\"NL854189543B01\",\"numberOfEmployees\":{\"@type\":\"QuantitativeValue\",\"minValue\":\"11\",\"maxValue\":\"50\"}}]}<\/script>\n<meta property=\"product:price:amount\" content=\"264.81\" \/>\n<meta property=\"product:price:currency\" content=\"USD\" \/>\n<meta property=\"og:availability\" content=\"instock\" \/>\n<meta property=\"product:availability\" content=\"instock\" \/>\n<meta property=\"product:retailer_item_id\" content=\"CC100112\" \/>\n<meta property=\"product:condition\" content=\"new\" \/>\n<!-- \/ Yoast SEO Premium plugin. -->","yoast_head_json":{"title":"Test de la p\u00e9riode apr\u00e8s ouverture (PAO) - Certified Cosmetics","description":"Chez Certified Cosmetics, nous proposons un test professionnel PAO (Period After Opening) pour t'aider \u00e0 d\u00e9terminer combien de temps ton produit cosm\u00e9tique reste s\u00fbr et efficace apr\u00e8s ouverture.","robots":{"index":"index","follow":"follow","max-snippet":"max-snippet:-1","max-image-preview":"max-image-preview:large","max-video-preview":"max-video-preview:-1"},"canonical":"https:\/\/www.certifiedcosmetics.com\/fr\/product\/tests-communs\/test-de-la-periode-apres-ouverture-pao\/","og_locale":"fr_FR","og_type":"article","og_title":"Test de la p\u00e9riode apr\u00e8s ouverture (PAO)","og_description":"Chez Certified Cosmetics, nous proposons un test professionnel PAO (Period After Opening) pour t'aider \u00e0 d\u00e9terminer combien de temps ton produit cosm\u00e9tique reste s\u00fbr et efficace apr\u00e8s ouverture.","og_url":"https:\/\/www.certifiedcosmetics.com\/fr\/product\/tests-communs\/test-de-la-periode-apres-ouverture-pao\/","og_site_name":"Certified Cosmetics","og_image":[{"width":800,"height":800,"url":"https:\/\/www.certifiedcosmetics.com\/wp-content\/uploads\/2025\/04\/oeriod-after-opening-test.jpg","type":"image\/jpeg"}],"twitter_card":"summary_large_image","twitter_misc":{"Prix":"&#36;264.81","Disponibilit\u00e9":"En stock"},"schema":{"@context":"https:\/\/schema.org","@graph":[{"@type":"WebPage","@id":"https:\/\/www.certifiedcosmetics.com\/fr\/product\/tests-communs\/test-de-la-periode-apres-ouverture-pao\/","url":"https:\/\/www.certifiedcosmetics.com\/fr\/product\/tests-communs\/test-de-la-periode-apres-ouverture-pao\/","name":"Test de la p\u00e9riode apr\u00e8s ouverture (PAO) - Certified Cosmetics","isPartOf":{"@id":"https:\/\/www.certifiedcosmetics.com\/fr\/#website"},"primaryImageOfPage":{"@id":"https:\/\/www.certifiedcosmetics.com\/fr\/product\/tests-communs\/test-de-la-periode-apres-ouverture-pao\/#primaryimage"},"image":{"@id":"https:\/\/www.certifiedcosmetics.com\/fr\/product\/tests-communs\/test-de-la-periode-apres-ouverture-pao\/#primaryimage"},"thumbnailUrl":"https:\/\/www.certifiedcosmetics.com\/wp-content\/uploads\/2025\/04\/oeriod-after-opening-test.jpg","datePublished":"2025-04-11T11:36:54+00:00","description":"Chez Certified Cosmetics, nous proposons un test professionnel PAO (Period After Opening) pour t'aider \u00e0 d\u00e9terminer combien de temps ton produit cosm\u00e9tique reste s\u00fbr et efficace apr\u00e8s ouverture.","breadcrumb":{"@id":"https:\/\/www.certifiedcosmetics.com\/fr\/product\/tests-communs\/test-de-la-periode-apres-ouverture-pao\/#breadcrumb"},"inLanguage":"fr-FR","potentialAction":[{"@type":"ReadAction","target":["https:\/\/www.certifiedcosmetics.com\/fr\/product\/tests-communs\/test-de-la-periode-apres-ouverture-pao\/"]}]},{"@type":"ImageObject","inLanguage":"fr-FR","@id":"https:\/\/www.certifiedcosmetics.com\/fr\/product\/tests-communs\/test-de-la-periode-apres-ouverture-pao\/#primaryimage","url":"https:\/\/www.certifiedcosmetics.com\/wp-content\/uploads\/2025\/04\/oeriod-after-opening-test.jpg","contentUrl":"https:\/\/www.certifiedcosmetics.com\/wp-content\/uploads\/2025\/04\/oeriod-after-opening-test.jpg","width":800,"height":800},{"@type":"BreadcrumbList","@id":"https:\/\/www.certifiedcosmetics.com\/fr\/product\/tests-communs\/test-de-la-periode-apres-ouverture-pao\/#breadcrumb","itemListElement":[{"@type":"ListItem","position":1,"name":"Home","item":"https:\/\/www.certifiedcosmetics.com\/fr\/"},{"@type":"ListItem","position":2,"name":"Boutique","item":"https:\/\/www.certifiedcosmetics.com\/fr\/boutique\/"},{"@type":"ListItem","position":3,"name":"Test de la p\u00e9riode apr\u00e8s ouverture (PAO)"}]},{"@type":"WebSite","@id":"https:\/\/www.certifiedcosmetics.com\/fr\/#website","url":"https:\/\/www.certifiedcosmetics.com\/fr\/","name":"Certified Cosmetics","description":"Cosmetic Safety Assessment","publisher":{"@id":"https:\/\/www.certifiedcosmetics.com\/fr\/#organization"},"potentialAction":[{"@type":"SearchAction","target":{"@type":"EntryPoint","urlTemplate":"https:\/\/www.certifiedcosmetics.com\/fr\/?s={search_term_string}"},"query-input":{"@type":"PropertyValueSpecification","valueRequired":true,"valueName":"search_term_string"}}],"inLanguage":"fr-FR"},{"@type":"Organization","@id":"https:\/\/www.certifiedcosmetics.com\/fr\/#organization","name":"Certified Cosmetics","url":"https:\/\/www.certifiedcosmetics.com\/fr\/","logo":{"@type":"ImageObject","inLanguage":"fr-FR","@id":"https:\/\/www.certifiedcosmetics.com\/fr\/#\/schema\/logo\/image\/","url":"https:\/\/www.certifiedcosmetics.com\/wp-content\/uploads\/2024\/12\/logo_certified_cosmetics696.jpg","contentUrl":"https:\/\/www.certifiedcosmetics.com\/wp-content\/uploads\/2024\/12\/logo_certified_cosmetics696.jpg","width":696,"height":696,"caption":"Certified Cosmetics"},"image":{"@id":"https:\/\/www.certifiedcosmetics.com\/fr\/#\/schema\/logo\/image\/"},"description":"Your trusted partner for cosmetic product safety reporting. We take care of updating all of your documentation, ensuring your compliance stays current even as regulations evolve. The Cosmetic Product Safety Assessment will give you everything you need to sell specific products to EU consumers.","email":"contact@certifiedcosmetics.com","telephone":"+31 36 2036384","legalName":"Certified Cosmetics","foundingDate":"2010-01-01","vatID":"NL854189543B01","numberOfEmployees":{"@type":"QuantitativeValue","minValue":"11","maxValue":"50"}}]},"product_price_amount":"264.81","product_price_currency":"USD","og_availability":"instock","product_availability":"instock","product_retailer_item_id":"CC100112","product_condition":"new"},"_links":{"self":[{"href":"https:\/\/www.certifiedcosmetics.com\/fr\/wp-json\/wp\/v2\/product\/11436","targetHints":{"allow":["GET"]}}],"collection":[{"href":"https:\/\/www.certifiedcosmetics.com\/fr\/wp-json\/wp\/v2\/product"}],"about":[{"href":"https:\/\/www.certifiedcosmetics.com\/fr\/wp-json\/wp\/v2\/types\/product"}],"wp:featuredmedia":[{"embeddable":true,"href":"https:\/\/www.certifiedcosmetics.com\/fr\/wp-json\/wp\/v2\/media\/11428"}],"wp:attachment":[{"href":"https:\/\/www.certifiedcosmetics.com\/fr\/wp-json\/wp\/v2\/media?parent=11436"}],"wp:term":[{"taxonomy":"product_brand","embeddable":true,"href":"https:\/\/www.certifiedcosmetics.com\/fr\/wp-json\/wp\/v2\/product_brand?post=11436"},{"taxonomy":"product_cat","embeddable":true,"href":"https:\/\/www.certifiedcosmetics.com\/fr\/wp-json\/wp\/v2\/product_cat?post=11436"},{"taxonomy":"product_tag","embeddable":true,"href":"https:\/\/www.certifiedcosmetics.com\/fr\/wp-json\/wp\/v2\/product_tag?post=11436"}],"curies":[{"name":"wp","href":"https:\/\/api.w.org\/{rel}","templated":true}]}}