{"id":11420,"date":"2025-04-01T13:00:17","date_gmt":"2025-04-01T12:00:17","guid":{"rendered":"https:\/\/www.certifiedcosmetics.com\/product\/non class\u00e9\/test-ophtalmologique\/"},"modified":"2025-04-01T13:00:17","modified_gmt":"2025-04-01T12:00:17","slug":"test-ophtalmologique","status":"publish","type":"product","link":"https:\/\/www.certifiedcosmetics.com\/fr\/product\/test-defficacite\/test-des-yeux\/test-ophtalmologique\/","title":{"rendered":"Test ophtalmologique"},"content":{"rendered":"<p class=\"\" data-start=\"214\" data-end=\"577\">Nous proposons des <strong data-start=\"253\" data-end=\"299\">tests ophtalmologiques complets en laboratoire<\/strong> pour \u00e9valuer la s\u00e9curit\u00e9 et l&#8217;efficacit\u00e9 des produits cosm\u00e9tiques destin\u00e9s \u00e0 \u00eatre utilis\u00e9s autour des yeux. Ce test est essentiel pour \u00e9tayer les revendications des produits et garantir la s\u00e9curit\u00e9 des consommateurs, en particulier pour les cr\u00e8mes pour les yeux, les mascaras, les eyeliners, les d\u00e9maquillants et autres formulations pour zones sensibles. <\/p>\n<h4 class=\"\" data-start=\"579\" data-end=\"630\">Caract\u00e9ristiques principales de notre test de laboratoire ophtalmologique<\/h4>\n<ul data-start=\"632\" data-end=\"1841\">\n<li class=\"\" data-start=\"632\" data-end=\"862\">\n<p class=\"\" data-start=\"634\" data-end=\"862\"><strong data-start=\"634\" data-end=\"666\">\u00c9valuation du produit dans le temps<\/strong><br data-start=\"666\" data-end=\"669\">Nous \u00e9valuons le produit apr\u00e8s <strong data-start=\"699\" data-end=\"725\">X semaines d&#8217;utilisation r\u00e9guli\u00e8re<\/strong> dans des conditions normales. Cela nous permet de simuler une utilisation r\u00e9elle et de d\u00e9terminer comment la peau et les yeux r\u00e9agissent sur une p\u00e9riode prolong\u00e9e. <\/p>\n<\/li>\n<li class=\"\" data-start=\"864\" data-end=\"1136\">\n<p class=\"\" data-start=\"866\" data-end=\"1136\"><strong data-start=\"866\" data-end=\"897\">Surveillance ophtalmologique<\/strong><br data-start=\"897\" data-end=\"900\">Nos tests sont effectu\u00e9s sous la supervision d&#8217;ophtalmologistes qualifi\u00e9s qui surveillent tout signe d&#8217;<strong data-start=\"1007\" data-end=\"1071\">irritation oculaire, de rougeur, de larmoiement excessif ou d&#8217;inconfort<\/strong>, ce qui garantit que ton produit <strong data-start=\"1103\" data-end=\"1135\">peut \u00eatre utilis\u00e9 en toute s\u00e9curit\u00e9 autour des yeux<\/strong>.<\/p>\n<\/li>\n<li class=\"\" data-start=\"1138\" data-end=\"1439\">\n<p class=\"\" data-start=\"1140\" data-end=\"1439\"><strong data-start=\"1140\" data-end=\"1169\">Suivi dermatologique<\/strong><br data-start=\"1169\" data-end=\"1172\">En plus de l&#8217;observation ophtalmologique, nous incluons des <strong data-start=\"1230\" data-end=\"1260\">\u00e9valuations dermatologiques<\/strong> pour \u00e9valuer la r\u00e9action de la peau &#8211; en particulier de la peau d\u00e9licate du contour des yeux. Cela permet d&#8217;identifier toute <strong data-start=\"1368\" data-end=\"1438\">sensibilit\u00e9 dermique, r\u00e9action allergique ou irritation cumulative<\/strong>. <\/p>\n<\/li>\n<li class=\"\" data-start=\"1441\" data-end=\"1841\">\n<p class=\"\" data-start=\"1443\" data-end=\"1841\"><strong data-start=\"1443\" data-end=\"1483\">Soutien aux all\u00e9gations cosm\u00e9tiques sp\u00e9cifiques<\/strong><br data-start=\"1483\" data-end=\"1486\">Si ton produit fait des all\u00e9gations sp\u00e9cifiques telles que <strong data-start=\"1534\" data-end=\"1563\">&#8220;sans danger pour les yeux sensibles&#8221;,<\/strong> <strong data-start=\"1565\" data-end=\"1596\">&#8220;test\u00e9 ophtalmologiquement&#8221;,<\/strong> ou <strong data-start=\"1601\" data-end=\"1637\">&#8220;non irritant pour le contour des yeux&#8221;,<\/strong> notre protocole de test est con\u00e7u pour fournir des <strong data-start=\"1683\" data-end=\"1706\">preuves scientifiques<\/strong> \u00e0 l&#8217;appui de ces affirmations. Nous nous concentrons sur l&#8217;<strong data-start=\"1745\" data-end=\"1770\">\u00e9valuation de l&#8217;irritation<\/strong>, \u00e0 la fois visuelle et instrumentale, afin d&#8217;\u00e9tayer ces all\u00e9gations marketing. <\/p>\n<\/li>\n<\/ul>\n","protected":false},"excerpt":{"rendered":"<p>Nous proposons des tests ophtalmologiques complets en laboratoire pour \u00e9valuer la s\u00e9curit\u00e9 et l&#8217;efficacit\u00e9 des produits cosm\u00e9tiques destin\u00e9s \u00e0 \u00eatre utilis\u00e9s autour des yeux. Ce test est essentiel pour \u00e9tayer les revendications des produits et garantir la s\u00e9curit\u00e9 des consommateurs, en particulier pour les cr\u00e8mes pour les yeux, les mascaras, les eyeliners, les d\u00e9maquillants et&#8230;<\/p>\n","protected":false},"featured_media":11413,"template":"","meta":[],"product_brand":[],"product_cat":[123,380],"product_tag":[],"class_list":{"0":"post-11420","1":"product","2":"type-product","3":"status-publish","4":"has-post-thumbnail","6":"product_cat-test-defficacite","7":"product_cat-test-des-yeux","9":"first","10":"instock","11":"taxable","12":"shipping-taxable","13":"purchasable","14":"product-type-variable"},"bundled_by":[],"bundle_stock_status":"instock","bundle_stock_quantity":null,"bundle_virtual":false,"bundle_layout":"","bundle_add_to_cart_form_location":"","bundle_editable_in_cart":false,"bundle_sold_individually_context":"","bundle_item_grouping":"","bundle_min_size":"","bundle_max_size":"","bundle_price":[],"bundled_items":[],"bundle_sell_ids":[],"yoast_head":"<!-- This site is optimized with the Yoast SEO Premium plugin v25.4 (Yoast SEO v25.4) - https:\/\/yoast.com\/wordpress\/plugins\/seo\/ -->\n<title>Test ophtalmologique - Certified Cosmetics<\/title>\n<meta name=\"description\" content=\"Nous proposons des tests ophtalmologiques complets en laboratoire pour \u00e9valuer la s\u00e9curit\u00e9 et l&#039;efficacit\u00e9 des produits cosm\u00e9tiques destin\u00e9s \u00e0 \u00eatre utilis\u00e9s autour des yeux.\" \/>\n<meta name=\"robots\" content=\"index, follow, max-snippet:-1, max-image-preview:large, max-video-preview:-1\" \/>\n<link rel=\"canonical\" href=\"https:\/\/www.certifiedcosmetics.com\/fr\/product\/test-defficacite\/test-des-yeux\/test-ophtalmologique\/\" \/>\n<meta property=\"og:locale\" content=\"fr_FR\" \/>\n<meta property=\"og:type\" content=\"article\" \/>\n<meta property=\"og:title\" content=\"Test ophtalmologique\" \/>\n<meta property=\"og:description\" content=\"Nous proposons des tests ophtalmologiques complets en laboratoire pour \u00e9valuer la s\u00e9curit\u00e9 et l&#039;efficacit\u00e9 des produits cosm\u00e9tiques destin\u00e9s \u00e0 \u00eatre utilis\u00e9s autour des yeux.\" \/>\n<meta property=\"og:url\" content=\"https:\/\/www.certifiedcosmetics.com\/fr\/product\/test-defficacite\/test-des-yeux\/test-ophtalmologique\/\" \/>\n<meta property=\"og:site_name\" content=\"Certified Cosmetics\" \/>\n<meta property=\"og:image\" content=\"https:\/\/www.certifiedcosmetics.com\/wp-content\/uploads\/2025\/04\/opto.jpg\" \/>\n\t<meta property=\"og:image:width\" content=\"500\" \/>\n\t<meta property=\"og:image:height\" content=\"500\" \/>\n\t<meta property=\"og:image:type\" content=\"image\/jpeg\" \/>\n<meta name=\"twitter:card\" content=\"summary_large_image\" \/>\n<meta name=\"twitter:label1\" content=\"Disponibilit\u00e9\" \/>\n\t<meta name=\"twitter:data1\" content=\"En stock\" \/>\n<script type=\"application\/ld+json\" class=\"yoast-schema-graph\">{\"@context\":\"https:\/\/schema.org\",\"@graph\":[{\"@type\":\"WebPage\",\"@id\":\"https:\/\/www.certifiedcosmetics.com\/fr\/product\/test-defficacite\/test-des-yeux\/test-ophtalmologique\/\",\"url\":\"https:\/\/www.certifiedcosmetics.com\/fr\/product\/test-defficacite\/test-des-yeux\/test-ophtalmologique\/\",\"name\":\"Test ophtalmologique - Certified Cosmetics\",\"isPartOf\":{\"@id\":\"https:\/\/www.certifiedcosmetics.com\/fr\/#website\"},\"primaryImageOfPage\":{\"@id\":\"https:\/\/www.certifiedcosmetics.com\/fr\/product\/test-defficacite\/test-des-yeux\/test-ophtalmologique\/#primaryimage\"},\"image\":{\"@id\":\"https:\/\/www.certifiedcosmetics.com\/fr\/product\/test-defficacite\/test-des-yeux\/test-ophtalmologique\/#primaryimage\"},\"thumbnailUrl\":\"https:\/\/www.certifiedcosmetics.com\/wp-content\/uploads\/2025\/04\/opto.jpg\",\"datePublished\":\"2025-04-01T12:00:17+00:00\",\"description\":\"Nous proposons des tests ophtalmologiques complets en laboratoire pour \u00e9valuer la s\u00e9curit\u00e9 et l'efficacit\u00e9 des produits cosm\u00e9tiques destin\u00e9s \u00e0 \u00eatre utilis\u00e9s autour des yeux.\",\"breadcrumb\":{\"@id\":\"https:\/\/www.certifiedcosmetics.com\/fr\/product\/test-defficacite\/test-des-yeux\/test-ophtalmologique\/#breadcrumb\"},\"inLanguage\":\"fr-FR\",\"potentialAction\":[{\"@type\":\"ReadAction\",\"target\":[\"https:\/\/www.certifiedcosmetics.com\/fr\/product\/test-defficacite\/test-des-yeux\/test-ophtalmologique\/\"]}]},{\"@type\":\"ImageObject\",\"inLanguage\":\"fr-FR\",\"@id\":\"https:\/\/www.certifiedcosmetics.com\/fr\/product\/test-defficacite\/test-des-yeux\/test-ophtalmologique\/#primaryimage\",\"url\":\"https:\/\/www.certifiedcosmetics.com\/wp-content\/uploads\/2025\/04\/opto.jpg\",\"contentUrl\":\"https:\/\/www.certifiedcosmetics.com\/wp-content\/uploads\/2025\/04\/opto.jpg\",\"width\":500,\"height\":500},{\"@type\":\"BreadcrumbList\",\"@id\":\"https:\/\/www.certifiedcosmetics.com\/fr\/product\/test-defficacite\/test-des-yeux\/test-ophtalmologique\/#breadcrumb\",\"itemListElement\":[{\"@type\":\"ListItem\",\"position\":1,\"name\":\"Home\",\"item\":\"https:\/\/www.certifiedcosmetics.com\/fr\/\"},{\"@type\":\"ListItem\",\"position\":2,\"name\":\"Boutique\",\"item\":\"https:\/\/www.certifiedcosmetics.com\/fr\/boutique\/\"},{\"@type\":\"ListItem\",\"position\":3,\"name\":\"Test ophtalmologique\"}]},{\"@type\":\"WebSite\",\"@id\":\"https:\/\/www.certifiedcosmetics.com\/fr\/#website\",\"url\":\"https:\/\/www.certifiedcosmetics.com\/fr\/\",\"name\":\"Certified Cosmetics\",\"description\":\"Cosmetic Safety Assessment\",\"publisher\":{\"@id\":\"https:\/\/www.certifiedcosmetics.com\/fr\/#organization\"},\"potentialAction\":[{\"@type\":\"SearchAction\",\"target\":{\"@type\":\"EntryPoint\",\"urlTemplate\":\"https:\/\/www.certifiedcosmetics.com\/fr\/?s={search_term_string}\"},\"query-input\":{\"@type\":\"PropertyValueSpecification\",\"valueRequired\":true,\"valueName\":\"search_term_string\"}}],\"inLanguage\":\"fr-FR\"},{\"@type\":\"Organization\",\"@id\":\"https:\/\/www.certifiedcosmetics.com\/fr\/#organization\",\"name\":\"Certified Cosmetics\",\"url\":\"https:\/\/www.certifiedcosmetics.com\/fr\/\",\"logo\":{\"@type\":\"ImageObject\",\"inLanguage\":\"fr-FR\",\"@id\":\"https:\/\/www.certifiedcosmetics.com\/fr\/#\/schema\/logo\/image\/\",\"url\":\"https:\/\/www.certifiedcosmetics.com\/wp-content\/uploads\/2024\/12\/logo_certified_cosmetics696.jpg\",\"contentUrl\":\"https:\/\/www.certifiedcosmetics.com\/wp-content\/uploads\/2024\/12\/logo_certified_cosmetics696.jpg\",\"width\":696,\"height\":696,\"caption\":\"Certified Cosmetics\"},\"image\":{\"@id\":\"https:\/\/www.certifiedcosmetics.com\/fr\/#\/schema\/logo\/image\/\"},\"description\":\"Your trusted partner for cosmetic product safety reporting. We take care of updating all of your documentation, ensuring your compliance stays current even as regulations evolve. The Cosmetic Product Safety Assessment will give you everything you need to sell specific products to EU consumers.\",\"email\":\"contact@certifiedcosmetics.com\",\"telephone\":\"+31 36 2036384\",\"legalName\":\"Certified Cosmetics\",\"foundingDate\":\"2010-01-01\",\"vatID\":\"NL854189543B01\",\"numberOfEmployees\":{\"@type\":\"QuantitativeValue\",\"minValue\":\"11\",\"maxValue\":\"50\"}}]}<\/script>\n<meta property=\"og:availability\" content=\"instock\" \/>\n<meta property=\"product:availability\" content=\"instock\" \/>\n<meta property=\"product:condition\" content=\"new\" \/>\n<!-- \/ Yoast SEO Premium plugin. -->","yoast_head_json":{"title":"Test ophtalmologique - Certified Cosmetics","description":"Nous proposons des tests ophtalmologiques complets en laboratoire pour \u00e9valuer la s\u00e9curit\u00e9 et l'efficacit\u00e9 des produits cosm\u00e9tiques destin\u00e9s \u00e0 \u00eatre utilis\u00e9s autour des yeux.","robots":{"index":"index","follow":"follow","max-snippet":"max-snippet:-1","max-image-preview":"max-image-preview:large","max-video-preview":"max-video-preview:-1"},"canonical":"https:\/\/www.certifiedcosmetics.com\/fr\/product\/test-defficacite\/test-des-yeux\/test-ophtalmologique\/","og_locale":"fr_FR","og_type":"article","og_title":"Test ophtalmologique","og_description":"Nous proposons des tests ophtalmologiques complets en laboratoire pour \u00e9valuer la s\u00e9curit\u00e9 et l'efficacit\u00e9 des produits cosm\u00e9tiques destin\u00e9s \u00e0 \u00eatre utilis\u00e9s autour des yeux.","og_url":"https:\/\/www.certifiedcosmetics.com\/fr\/product\/test-defficacite\/test-des-yeux\/test-ophtalmologique\/","og_site_name":"Certified Cosmetics","og_image":[{"width":500,"height":500,"url":"https:\/\/www.certifiedcosmetics.com\/wp-content\/uploads\/2025\/04\/opto.jpg","type":"image\/jpeg"}],"twitter_card":"summary_large_image","twitter_misc":{"Disponibilit\u00e9":"En stock"},"schema":{"@context":"https:\/\/schema.org","@graph":[{"@type":"WebPage","@id":"https:\/\/www.certifiedcosmetics.com\/fr\/product\/test-defficacite\/test-des-yeux\/test-ophtalmologique\/","url":"https:\/\/www.certifiedcosmetics.com\/fr\/product\/test-defficacite\/test-des-yeux\/test-ophtalmologique\/","name":"Test ophtalmologique - Certified Cosmetics","isPartOf":{"@id":"https:\/\/www.certifiedcosmetics.com\/fr\/#website"},"primaryImageOfPage":{"@id":"https:\/\/www.certifiedcosmetics.com\/fr\/product\/test-defficacite\/test-des-yeux\/test-ophtalmologique\/#primaryimage"},"image":{"@id":"https:\/\/www.certifiedcosmetics.com\/fr\/product\/test-defficacite\/test-des-yeux\/test-ophtalmologique\/#primaryimage"},"thumbnailUrl":"https:\/\/www.certifiedcosmetics.com\/wp-content\/uploads\/2025\/04\/opto.jpg","datePublished":"2025-04-01T12:00:17+00:00","description":"Nous proposons des tests ophtalmologiques complets en laboratoire pour \u00e9valuer la s\u00e9curit\u00e9 et l'efficacit\u00e9 des produits cosm\u00e9tiques destin\u00e9s \u00e0 \u00eatre utilis\u00e9s autour des yeux.","breadcrumb":{"@id":"https:\/\/www.certifiedcosmetics.com\/fr\/product\/test-defficacite\/test-des-yeux\/test-ophtalmologique\/#breadcrumb"},"inLanguage":"fr-FR","potentialAction":[{"@type":"ReadAction","target":["https:\/\/www.certifiedcosmetics.com\/fr\/product\/test-defficacite\/test-des-yeux\/test-ophtalmologique\/"]}]},{"@type":"ImageObject","inLanguage":"fr-FR","@id":"https:\/\/www.certifiedcosmetics.com\/fr\/product\/test-defficacite\/test-des-yeux\/test-ophtalmologique\/#primaryimage","url":"https:\/\/www.certifiedcosmetics.com\/wp-content\/uploads\/2025\/04\/opto.jpg","contentUrl":"https:\/\/www.certifiedcosmetics.com\/wp-content\/uploads\/2025\/04\/opto.jpg","width":500,"height":500},{"@type":"BreadcrumbList","@id":"https:\/\/www.certifiedcosmetics.com\/fr\/product\/test-defficacite\/test-des-yeux\/test-ophtalmologique\/#breadcrumb","itemListElement":[{"@type":"ListItem","position":1,"name":"Home","item":"https:\/\/www.certifiedcosmetics.com\/fr\/"},{"@type":"ListItem","position":2,"name":"Boutique","item":"https:\/\/www.certifiedcosmetics.com\/fr\/boutique\/"},{"@type":"ListItem","position":3,"name":"Test ophtalmologique"}]},{"@type":"WebSite","@id":"https:\/\/www.certifiedcosmetics.com\/fr\/#website","url":"https:\/\/www.certifiedcosmetics.com\/fr\/","name":"Certified Cosmetics","description":"Cosmetic Safety Assessment","publisher":{"@id":"https:\/\/www.certifiedcosmetics.com\/fr\/#organization"},"potentialAction":[{"@type":"SearchAction","target":{"@type":"EntryPoint","urlTemplate":"https:\/\/www.certifiedcosmetics.com\/fr\/?s={search_term_string}"},"query-input":{"@type":"PropertyValueSpecification","valueRequired":true,"valueName":"search_term_string"}}],"inLanguage":"fr-FR"},{"@type":"Organization","@id":"https:\/\/www.certifiedcosmetics.com\/fr\/#organization","name":"Certified Cosmetics","url":"https:\/\/www.certifiedcosmetics.com\/fr\/","logo":{"@type":"ImageObject","inLanguage":"fr-FR","@id":"https:\/\/www.certifiedcosmetics.com\/fr\/#\/schema\/logo\/image\/","url":"https:\/\/www.certifiedcosmetics.com\/wp-content\/uploads\/2024\/12\/logo_certified_cosmetics696.jpg","contentUrl":"https:\/\/www.certifiedcosmetics.com\/wp-content\/uploads\/2024\/12\/logo_certified_cosmetics696.jpg","width":696,"height":696,"caption":"Certified Cosmetics"},"image":{"@id":"https:\/\/www.certifiedcosmetics.com\/fr\/#\/schema\/logo\/image\/"},"description":"Your trusted partner for cosmetic product safety reporting. We take care of updating all of your documentation, ensuring your compliance stays current even as regulations evolve. The Cosmetic Product Safety Assessment will give you everything you need to sell specific products to EU consumers.","email":"contact@certifiedcosmetics.com","telephone":"+31 36 2036384","legalName":"Certified Cosmetics","foundingDate":"2010-01-01","vatID":"NL854189543B01","numberOfEmployees":{"@type":"QuantitativeValue","minValue":"11","maxValue":"50"}}]},"og_availability":"instock","product_availability":"instock","product_condition":"new"},"_links":{"self":[{"href":"https:\/\/www.certifiedcosmetics.com\/fr\/wp-json\/wp\/v2\/product\/11420","targetHints":{"allow":["GET"]}}],"collection":[{"href":"https:\/\/www.certifiedcosmetics.com\/fr\/wp-json\/wp\/v2\/product"}],"about":[{"href":"https:\/\/www.certifiedcosmetics.com\/fr\/wp-json\/wp\/v2\/types\/product"}],"wp:featuredmedia":[{"embeddable":true,"href":"https:\/\/www.certifiedcosmetics.com\/fr\/wp-json\/wp\/v2\/media\/11413"}],"wp:attachment":[{"href":"https:\/\/www.certifiedcosmetics.com\/fr\/wp-json\/wp\/v2\/media?parent=11420"}],"wp:term":[{"taxonomy":"product_brand","embeddable":true,"href":"https:\/\/www.certifiedcosmetics.com\/fr\/wp-json\/wp\/v2\/product_brand?post=11420"},{"taxonomy":"product_cat","embeddable":true,"href":"https:\/\/www.certifiedcosmetics.com\/fr\/wp-json\/wp\/v2\/product_cat?post=11420"},{"taxonomy":"product_tag","embeddable":true,"href":"https:\/\/www.certifiedcosmetics.com\/fr\/wp-json\/wp\/v2\/product_tag?post=11420"}],"curies":[{"name":"wp","href":"https:\/\/api.w.org\/{rel}","templated":true}]}}