{"id":11368,"date":"2025-03-24T12:14:27","date_gmt":"2025-03-24T11:14:27","guid":{"rendered":"https:\/\/www.certifiedcosmetics.com\/product\/non%20class\u00e9\/test-cosmetique-en-cours-dutilisation\/"},"modified":"2026-01-27T18:04:36","modified_gmt":"2026-01-27T17:04:36","slug":"test-cosmetique-en-cours-dutilisation","status":"publish","type":"product","link":"https:\/\/www.certifiedcosmetics.com\/fr\/product\/test-defficacite\/test-cutane\/test-cosmetique-en-cours-dutilisation\/","title":{"rendered":"Test cosm\u00e9tique en cours d&#8217;utilisation"},"content":{"rendered":"<p data-start=\"189\" data-end=\"534\">Nous offrons des services de <strong data-start=\"222\" data-end=\"240\">tests en cours d&#8217;utilisation<\/strong> pour aider les marques de cosm\u00e9tiques \u00e0 valider la performance des produits, la satisfaction des consommateurs et les revendications marketing, dans des conditions d&#8217;utilisation r\u00e9elles. Que tu te pr\u00e9pares \u00e0 lancer un nouveau produit ou \u00e0 renforcer les revendications d&#8217;un produit existant, nos tests en cours d&#8217;utilisation fournissent des informations pr\u00e9cieuses et r\u00e9elles. Tu peux choisir diff\u00e9rentes tailles de panneaux de test. <\/p>\n<h2 data-start=\"541\" data-end=\"568\">Qu&#8217;est-ce que le test d&#8217;utilisation ?<\/h2>\n<p data-start=\"570\" data-end=\"796\">Les tests d&#8217;utilisation impliquent qu&#8217;un groupe de volontaires utilise ton produit cosm\u00e9tique pendant une p\u00e9riode d\u00e9finie &#8211; g\u00e9n\u00e9ralement entre 7 et 28 jours &#8211; dans le cadre de leur routine quotidienne normale. Les participants fournissent des commentaires structur\u00e9s sur divers aspects tels que : <\/p>\n<ul data-start=\"798\" data-end=\"1056\">\n<li data-start=\"798\" data-end=\"820\">\n<p data-start=\"800\" data-end=\"820\">Compatibilit\u00e9 avec la peau<\/p>\n<\/li>\n<li data-start=\"821\" data-end=\"849\">\n<p data-start=\"823\" data-end=\"849\">Texture et sensation sensorielle<\/p>\n<\/li>\n<li data-start=\"850\" data-end=\"873\">\n<p data-start=\"852\" data-end=\"873\">Facilit\u00e9 d&#8217;application<\/p>\n<\/li>\n<li data-start=\"874\" data-end=\"911\">\n<p data-start=\"876\" data-end=\"911\">L&#8217;odeur et l&#8217;exp\u00e9rience globale de l&#8217;utilisateur<\/p>\n<\/li>\n<li data-start=\"912\" data-end=\"945\">\n<p data-start=\"914\" data-end=\"945\">Hydratation ou effets apaisants<\/p>\n<\/li>\n<li data-start=\"946\" data-end=\"1003\">\n<p data-start=\"948\" data-end=\"1003\">Am\u00e9liorations per\u00e7ues (par exemple, peau plus douce ou plus lisse)<\/p>\n<\/li>\n<li data-start=\"1004\" data-end=\"1056\">\n<p data-start=\"1006\" data-end=\"1056\">Satisfaction globale et volont\u00e9 de rachat<\/p>\n<\/li>\n<\/ul>\n<p data-start=\"1058\" data-end=\"1196\">Ces \u00e9tudes peuvent \u00eatre supervis\u00e9es par des dermatologues et peuvent inclure des observations cliniques, en fonction de ton produit et des objectifs des tests.<\/p>\n<h2 data-start=\"1203\" data-end=\"1241\">Les tests d&#8217;utilisation peuvent-ils appuyer les revendications ?<\/h2>\n<p data-start=\"1243\" data-end=\"1335\">Oui, les tests d&#8217;utilisation sont largement utilis\u00e9s pour <strong data-start=\"1281\" data-end=\"1325\">soutenir les all\u00e9gations bas\u00e9es sur la perception des consommateurs<\/strong>, comme par exemple :<\/p>\n<ul data-start=\"1337\" data-end=\"1515\">\n<li data-start=\"1337\" data-end=\"1390\">\n<p data-start=\"1339\" data-end=\"1390\">&#8220;90% des utilisateurs ont remarqu\u00e9 une peau plus douce apr\u00e8s une semaine&#8221;.<\/p>\n<\/li>\n<li data-start=\"1391\" data-end=\"1442\">\n<p data-start=\"1393\" data-end=\"1442\">&#8220;Laisse \u00e0 la peau une sensation d&#8217;hydratation et de fra\u00eecheur&#8221;.<\/p>\n<\/li>\n<li data-start=\"1443\" data-end=\"1474\">\n<p data-start=\"1445\" data-end=\"1474\">&#8220;Texture l\u00e9g\u00e8re et non grasse&#8221;<\/p>\n<\/li>\n<li data-start=\"1475\" data-end=\"1515\">\n<p data-start=\"1477\" data-end=\"1515\">&#8220;Parfum agr\u00e9able et facile \u00e0 appliquer&#8221;<\/p>\n<\/li>\n<\/ul>\n<p data-start=\"1517\" data-end=\"1827\">Elles sont tr\u00e8s utiles pour l&#8217;emballage des produits, la publicit\u00e9 et les sites Web. Cependant, si tes revendications impliquent des <strong data-start=\"1618\" data-end=\"1657\">am\u00e9liorations mesurables ou cliniques<\/strong> (par exemple, r\u00e9duction des rides, augmentation de l&#8217;\u00e9lasticit\u00e9), nous recommandons de compl\u00e9ter le test d&#8217;utilisation par des <strong data-start=\"1754\" data-end=\"1790\">tests instrumentaux ou cliniques<\/strong> pour obtenir des preuves plus solides et quantifiables. <\/p>\n<p data-start=\"1829\" data-end=\"1917\">Nous sommes heureux de t&#8217;aider \u00e0 d\u00e9terminer la bonne m\u00e9thode de test en fonction des revendications de ton produit.<\/p>\n<h2 data-start=\"1924\" data-end=\"1958\">Pourquoi choisir nos tests d&#8217;utilisation ?<\/h2>\n<p data-start=\"1960\" data-end=\"2077\">\u2714 <strong data-start=\"1962\" data-end=\"1982\">Connaissance des consommateurs<\/strong><br data-start=\"1982\" data-end=\"1985\">Comprends comment les vrais utilisateurs exp\u00e9rimentent ton produit et recueille des donn\u00e9es pr\u00e9cieuses pour l&#8217;am\u00e9liorer.<\/p>\n<p data-start=\"2079\" data-end=\"2181\">\u2714 So <strong data-start=\"2081\" data-end=\"2098\">utien aux revendications<\/strong><br data-start=\"2098\" data-end=\"2101\">Utilise les r\u00e9sultats pour soutenir les revendications marketing avec de vrais commentaires d&#8217;utilisateurs et des pourcentages.<\/p>\n<p data-start=\"2183\" data-end=\"2343\">\u2714 <strong data-start=\"2185\" data-end=\"2210\">Conformit\u00e9 r\u00e9glementaire<\/strong><br data-start=\"2210\" data-end=\"2213\">Les rapports de tests en cours d&#8217;utilisation peuvent faire partie de ton <strong data-start=\"2255\" data-end=\"2289\">dossier d&#8217;information sur le produit (DIP<\/strong>), en particulier pour la conformit\u00e9 \u00e0 la r\u00e9glementation europ\u00e9enne sur les cosm\u00e9tiques.<\/p>\n<p data-start=\"2345\" data-end=\"2459\">\u2714 <strong data-start=\"2347\" data-end=\"2369\">Protocoles sur mesure<\/strong><br data-start=\"2369\" data-end=\"2372\">Nous concevons des \u00e9tudes personnalis\u00e9es en fonction de tes utilisateurs cibles, du type de produit et des objectifs de l&#8217;all\u00e9gation.<\/p>\n<h2 data-start=\"2466\" data-end=\"2482\">Comment \u00e7a marche<\/h2>\n<ol data-start=\"2484\" data-end=\"3126\">\n<li data-start=\"2484\" data-end=\"2599\">\n<p data-start=\"2487\" data-end=\"2599\"><strong data-start=\"2487\" data-end=\"2521\">Consultation et conception du protocole<\/strong><br data-start=\"2521\" data-end=\"2524\">Nous discutons de ton produit, de tes revendications et de tes objectifs afin d&#8217;\u00e9laborer un plan de test appropri\u00e9.<\/p>\n<\/li>\n<li data-start=\"2601\" data-end=\"2732\">\n<p data-start=\"2604\" data-end=\"2732\"><strong data-start=\"2604\" data-end=\"2631\">Recrutement des participants<\/strong><br data-start=\"2631\" data-end=\"2634\">Nous s\u00e9lectionnons un panel qualifi\u00e9 en fonction de ton profil d\u00e9mographique cible et de tout crit\u00e8re d&#8217;inclusion ou d&#8217;exclusion.<\/p>\n<\/li>\n<li data-start=\"2734\" data-end=\"2854\">\n<p data-start=\"2737\" data-end=\"2854\"><strong data-start=\"2737\" data-end=\"2759\">P\u00e9riode d&#8217;utilisation du produit<\/strong><br data-start=\"2759\" data-end=\"2762\">Les pan\u00e9listes utilisent le produit conform\u00e9ment aux instructions pendant la dur\u00e9e sp\u00e9cifi\u00e9e dans leur propre environnement.<\/p>\n<\/li>\n<li data-start=\"2856\" data-end=\"2999\">\n<p data-start=\"2859\" data-end=\"2999\"><strong data-start=\"2859\" data-end=\"2882\">Collecte des commentaires<\/strong><br data-start=\"2882\" data-end=\"2885\">Les participants remplissent des questionnaires d\u00e9taill\u00e9s, et des \u00e9valuations cliniques ou dermatologiques facultatives peuvent \u00eatre incluses.<\/p>\n<\/li>\n<li data-start=\"3001\" data-end=\"3126\">\n<p data-start=\"3004\" data-end=\"3126\"><strong data-start=\"3004\" data-end=\"3028\">Rapport complet<\/strong><br data-start=\"3028\" data-end=\"3031\">Tu re\u00e7ois un rapport complet r\u00e9sumant les commentaires des utilisateurs, la justification des revendications et les recommandations.<\/p>\n<\/li>\n<\/ol>\n<h2 data-start=\"3133\" data-end=\"3157\">\u00c0 qui s&#8217;adresse cet outil ?<\/h2>\n<ul data-start=\"3159\" data-end=\"3373\">\n<li data-start=\"3159\" data-end=\"3207\">\n<p data-start=\"3161\" data-end=\"3207\">Les marques de cosm\u00e9tiques se pr\u00e9parent au lancement de leurs produits<\/p>\n<\/li>\n<li data-start=\"3208\" data-end=\"3253\">\n<p data-start=\"3210\" data-end=\"3253\">Marques raffinant ou reformulant des produits<\/p>\n<\/li>\n<li data-start=\"3254\" data-end=\"3311\">\n<p data-start=\"3256\" data-end=\"3311\">Les entreprises recherchent des donn\u00e9es pour \u00e9tayer leurs all\u00e9gations publicitaires<\/p>\n<\/li>\n<li data-start=\"3312\" data-end=\"3373\">\n<p data-start=\"3314\" data-end=\"3373\">Startups ayant besoin de tests aupr\u00e8s des consommateurs pour les dossiers r\u00e9glementaires.<\/p>\n<\/li>\n<\/ul>\n","protected":false},"excerpt":{"rendered":"<p>Nous offrons des services de tests en cours d&#8217;utilisation pour aider les marques de cosm\u00e9tiques \u00e0 valider la performance des produits, la satisfaction des consommateurs et les revendications marketing, dans des conditions d&#8217;utilisation r\u00e9elles. Que tu te pr\u00e9pares \u00e0 lancer un nouveau produit ou \u00e0 renforcer les revendications d&#8217;un produit existant, nos tests en cours&#8230;<\/p>\n","protected":false},"featured_media":11362,"template":"","meta":[],"product_cat":[123,144],"product_tag":[],"class_list":{"0":"post-11368","1":"product","2":"type-product","3":"status-publish","4":"has-post-thumbnail","6":"product_cat-test-defficacite","7":"product_cat-test-cutane","9":"first","10":"instock","11":"taxable","12":"shipping-taxable","13":"purchasable","14":"product-type-variable"},"bundled_by":[],"bundle_stock_status":"instock","bundle_stock_quantity":null,"bundle_virtual":false,"bundle_layout":"","bundle_add_to_cart_form_location":"","bundle_editable_in_cart":false,"bundle_sold_individually_context":"","bundle_item_grouping":"","bundle_min_size":"","bundle_max_size":"","bundle_price":[],"bundled_items":[],"bundle_sell_ids":[],"yoast_head":"<!-- This site is optimized with the Yoast SEO Premium plugin v25.4 (Yoast SEO v25.4) - https:\/\/yoast.com\/wordpress\/plugins\/seo\/ -->\n<title>Test cosm\u00e9tique en cours d&#039;utilisation - Certified Cosmetics<\/title>\n<meta name=\"description\" content=\"Nous offrons des services de tests en cours d&#039;utilisation pour aider les marques de cosm\u00e9tiques \u00e0 valider la performance des produits, la satisfaction des consommateurs et les revendications marketing, dans des conditions d&#039;utilisation r\u00e9elles.\" \/>\n<meta name=\"robots\" content=\"index, follow, max-snippet:-1, max-image-preview:large, max-video-preview:-1\" \/>\n<link rel=\"canonical\" href=\"https:\/\/www.certifiedcosmetics.com\/fr\/product\/test-defficacite\/test-cutane\/test-cosmetique-en-cours-dutilisation\/\" \/>\n<meta property=\"og:locale\" content=\"fr_FR\" \/>\n<meta property=\"og:type\" content=\"article\" \/>\n<meta property=\"og:title\" content=\"Test cosm\u00e9tique en cours d&#039;utilisation\" \/>\n<meta property=\"og:description\" content=\"Nous offrons des services de tests en cours d&#039;utilisation pour aider les marques de cosm\u00e9tiques \u00e0 valider la performance des produits, la satisfaction des consommateurs et les revendications marketing, dans des conditions d&#039;utilisation r\u00e9elles.\" \/>\n<meta property=\"og:url\" content=\"https:\/\/www.certifiedcosmetics.com\/fr\/product\/test-defficacite\/test-cutane\/test-cosmetique-en-cours-dutilisation\/\" \/>\n<meta property=\"og:site_name\" content=\"Certified Cosmetics\" \/>\n<meta property=\"article:modified_time\" content=\"2026-01-27T17:04:36+00:00\" \/>\n<meta property=\"og:image\" content=\"https:\/\/www.certifiedcosmetics.com\/wp-content\/uploads\/2025\/03\/in-use-lab-test.jpg\" \/>\n\t<meta property=\"og:image:width\" content=\"800\" \/>\n\t<meta property=\"og:image:height\" content=\"800\" \/>\n\t<meta property=\"og:image:type\" content=\"image\/jpeg\" \/>\n<meta name=\"twitter:card\" content=\"summary_large_image\" \/>\n<meta name=\"twitter:label1\" content=\"Disponibilit\u00e9\" \/>\n\t<meta name=\"twitter:data1\" content=\"En stock\" \/>\n<script type=\"application\/ld+json\" class=\"yoast-schema-graph\">{\"@context\":\"https:\/\/schema.org\",\"@graph\":[{\"@type\":\"WebPage\",\"@id\":\"https:\/\/www.certifiedcosmetics.com\/fr\/product\/test-defficacite\/test-cutane\/test-cosmetique-en-cours-dutilisation\/\",\"url\":\"https:\/\/www.certifiedcosmetics.com\/fr\/product\/test-defficacite\/test-cutane\/test-cosmetique-en-cours-dutilisation\/\",\"name\":\"Test cosm\u00e9tique en cours d'utilisation - Certified Cosmetics\",\"isPartOf\":{\"@id\":\"https:\/\/www.certifiedcosmetics.com\/fr\/#website\"},\"primaryImageOfPage\":{\"@id\":\"https:\/\/www.certifiedcosmetics.com\/fr\/product\/test-defficacite\/test-cutane\/test-cosmetique-en-cours-dutilisation\/#primaryimage\"},\"image\":{\"@id\":\"https:\/\/www.certifiedcosmetics.com\/fr\/product\/test-defficacite\/test-cutane\/test-cosmetique-en-cours-dutilisation\/#primaryimage\"},\"thumbnailUrl\":\"https:\/\/www.certifiedcosmetics.com\/wp-content\/uploads\/2025\/03\/in-use-lab-test.jpg\",\"datePublished\":\"2025-03-24T11:14:27+00:00\",\"dateModified\":\"2026-01-27T17:04:36+00:00\",\"description\":\"Nous offrons des services de tests en cours d'utilisation pour aider les marques de cosm\u00e9tiques \u00e0 valider la performance des produits, la satisfaction des consommateurs et les revendications marketing, dans des conditions d'utilisation r\u00e9elles.\",\"breadcrumb\":{\"@id\":\"https:\/\/www.certifiedcosmetics.com\/fr\/product\/test-defficacite\/test-cutane\/test-cosmetique-en-cours-dutilisation\/#breadcrumb\"},\"inLanguage\":\"fr-FR\",\"potentialAction\":[{\"@type\":\"ReadAction\",\"target\":[\"https:\/\/www.certifiedcosmetics.com\/fr\/product\/test-defficacite\/test-cutane\/test-cosmetique-en-cours-dutilisation\/\"]}]},{\"@type\":\"ImageObject\",\"inLanguage\":\"fr-FR\",\"@id\":\"https:\/\/www.certifiedcosmetics.com\/fr\/product\/test-defficacite\/test-cutane\/test-cosmetique-en-cours-dutilisation\/#primaryimage\",\"url\":\"https:\/\/www.certifiedcosmetics.com\/wp-content\/uploads\/2025\/03\/in-use-lab-test.jpg\",\"contentUrl\":\"https:\/\/www.certifiedcosmetics.com\/wp-content\/uploads\/2025\/03\/in-use-lab-test.jpg\",\"width\":800,\"height\":800},{\"@type\":\"BreadcrumbList\",\"@id\":\"https:\/\/www.certifiedcosmetics.com\/fr\/product\/test-defficacite\/test-cutane\/test-cosmetique-en-cours-dutilisation\/#breadcrumb\",\"itemListElement\":[{\"@type\":\"ListItem\",\"position\":1,\"name\":\"Home\",\"item\":\"https:\/\/www.certifiedcosmetics.com\/fr\/\"},{\"@type\":\"ListItem\",\"position\":2,\"name\":\"Boutique\",\"item\":\"https:\/\/www.certifiedcosmetics.com\/fr\/boutique\/\"},{\"@type\":\"ListItem\",\"position\":3,\"name\":\"Test cosm\u00e9tique en cours d&#8217;utilisation\"}]},{\"@type\":\"WebSite\",\"@id\":\"https:\/\/www.certifiedcosmetics.com\/fr\/#website\",\"url\":\"https:\/\/www.certifiedcosmetics.com\/fr\/\",\"name\":\"Certified Cosmetics\",\"description\":\"Cosmetic Safety Assessment\",\"publisher\":{\"@id\":\"https:\/\/www.certifiedcosmetics.com\/fr\/#organization\"},\"potentialAction\":[{\"@type\":\"SearchAction\",\"target\":{\"@type\":\"EntryPoint\",\"urlTemplate\":\"https:\/\/www.certifiedcosmetics.com\/fr\/?s={search_term_string}\"},\"query-input\":{\"@type\":\"PropertyValueSpecification\",\"valueRequired\":true,\"valueName\":\"search_term_string\"}}],\"inLanguage\":\"fr-FR\"},{\"@type\":\"Organization\",\"@id\":\"https:\/\/www.certifiedcosmetics.com\/fr\/#organization\",\"name\":\"Certified Cosmetics\",\"url\":\"https:\/\/www.certifiedcosmetics.com\/fr\/\",\"logo\":{\"@type\":\"ImageObject\",\"inLanguage\":\"fr-FR\",\"@id\":\"https:\/\/www.certifiedcosmetics.com\/fr\/#\/schema\/logo\/image\/\",\"url\":\"https:\/\/www.certifiedcosmetics.com\/wp-content\/uploads\/2024\/12\/logo_certified_cosmetics696.jpg\",\"contentUrl\":\"https:\/\/www.certifiedcosmetics.com\/wp-content\/uploads\/2024\/12\/logo_certified_cosmetics696.jpg\",\"width\":696,\"height\":696,\"caption\":\"Certified Cosmetics\"},\"image\":{\"@id\":\"https:\/\/www.certifiedcosmetics.com\/fr\/#\/schema\/logo\/image\/\"},\"description\":\"Your trusted partner for cosmetic product safety reporting. We take care of updating all of your documentation, ensuring your compliance stays current even as regulations evolve. The Cosmetic Product Safety Assessment will give you everything you need to sell specific products to EU consumers.\",\"email\":\"contact@certifiedcosmetics.com\",\"telephone\":\"+31 36 2036384\",\"legalName\":\"Certified Cosmetics\",\"foundingDate\":\"2010-01-01\",\"vatID\":\"NL854189543B01\",\"numberOfEmployees\":{\"@type\":\"QuantitativeValue\",\"minValue\":\"11\",\"maxValue\":\"50\"}}]}<\/script>\n<meta property=\"og:availability\" content=\"instock\" \/>\n<meta property=\"product:availability\" content=\"instock\" \/>\n<meta property=\"product:condition\" content=\"new\" \/>\n<!-- \/ Yoast SEO Premium plugin. -->","yoast_head_json":{"title":"Test cosm\u00e9tique en cours d'utilisation - Certified Cosmetics","description":"Nous offrons des services de tests en cours d'utilisation pour aider les marques de cosm\u00e9tiques \u00e0 valider la performance des produits, la satisfaction des consommateurs et les revendications marketing, dans des conditions d'utilisation r\u00e9elles.","robots":{"index":"index","follow":"follow","max-snippet":"max-snippet:-1","max-image-preview":"max-image-preview:large","max-video-preview":"max-video-preview:-1"},"canonical":"https:\/\/www.certifiedcosmetics.com\/fr\/product\/test-defficacite\/test-cutane\/test-cosmetique-en-cours-dutilisation\/","og_locale":"fr_FR","og_type":"article","og_title":"Test cosm\u00e9tique en cours d'utilisation","og_description":"Nous offrons des services de tests en cours d'utilisation pour aider les marques de cosm\u00e9tiques \u00e0 valider la performance des produits, la satisfaction des consommateurs et les revendications marketing, dans des conditions d'utilisation r\u00e9elles.","og_url":"https:\/\/www.certifiedcosmetics.com\/fr\/product\/test-defficacite\/test-cutane\/test-cosmetique-en-cours-dutilisation\/","og_site_name":"Certified Cosmetics","article_modified_time":"2026-01-27T17:04:36+00:00","og_image":[{"width":800,"height":800,"url":"https:\/\/www.certifiedcosmetics.com\/wp-content\/uploads\/2025\/03\/in-use-lab-test.jpg","type":"image\/jpeg"}],"twitter_card":"summary_large_image","twitter_misc":{"Disponibilit\u00e9":"En stock"},"schema":{"@context":"https:\/\/schema.org","@graph":[{"@type":"WebPage","@id":"https:\/\/www.certifiedcosmetics.com\/fr\/product\/test-defficacite\/test-cutane\/test-cosmetique-en-cours-dutilisation\/","url":"https:\/\/www.certifiedcosmetics.com\/fr\/product\/test-defficacite\/test-cutane\/test-cosmetique-en-cours-dutilisation\/","name":"Test cosm\u00e9tique en cours d'utilisation - Certified Cosmetics","isPartOf":{"@id":"https:\/\/www.certifiedcosmetics.com\/fr\/#website"},"primaryImageOfPage":{"@id":"https:\/\/www.certifiedcosmetics.com\/fr\/product\/test-defficacite\/test-cutane\/test-cosmetique-en-cours-dutilisation\/#primaryimage"},"image":{"@id":"https:\/\/www.certifiedcosmetics.com\/fr\/product\/test-defficacite\/test-cutane\/test-cosmetique-en-cours-dutilisation\/#primaryimage"},"thumbnailUrl":"https:\/\/www.certifiedcosmetics.com\/wp-content\/uploads\/2025\/03\/in-use-lab-test.jpg","datePublished":"2025-03-24T11:14:27+00:00","dateModified":"2026-01-27T17:04:36+00:00","description":"Nous offrons des services de tests en cours d'utilisation pour aider les marques de cosm\u00e9tiques \u00e0 valider la performance des produits, la satisfaction des consommateurs et les revendications marketing, dans des conditions d'utilisation r\u00e9elles.","breadcrumb":{"@id":"https:\/\/www.certifiedcosmetics.com\/fr\/product\/test-defficacite\/test-cutane\/test-cosmetique-en-cours-dutilisation\/#breadcrumb"},"inLanguage":"fr-FR","potentialAction":[{"@type":"ReadAction","target":["https:\/\/www.certifiedcosmetics.com\/fr\/product\/test-defficacite\/test-cutane\/test-cosmetique-en-cours-dutilisation\/"]}]},{"@type":"ImageObject","inLanguage":"fr-FR","@id":"https:\/\/www.certifiedcosmetics.com\/fr\/product\/test-defficacite\/test-cutane\/test-cosmetique-en-cours-dutilisation\/#primaryimage","url":"https:\/\/www.certifiedcosmetics.com\/wp-content\/uploads\/2025\/03\/in-use-lab-test.jpg","contentUrl":"https:\/\/www.certifiedcosmetics.com\/wp-content\/uploads\/2025\/03\/in-use-lab-test.jpg","width":800,"height":800},{"@type":"BreadcrumbList","@id":"https:\/\/www.certifiedcosmetics.com\/fr\/product\/test-defficacite\/test-cutane\/test-cosmetique-en-cours-dutilisation\/#breadcrumb","itemListElement":[{"@type":"ListItem","position":1,"name":"Home","item":"https:\/\/www.certifiedcosmetics.com\/fr\/"},{"@type":"ListItem","position":2,"name":"Boutique","item":"https:\/\/www.certifiedcosmetics.com\/fr\/boutique\/"},{"@type":"ListItem","position":3,"name":"Test cosm\u00e9tique en cours d&#8217;utilisation"}]},{"@type":"WebSite","@id":"https:\/\/www.certifiedcosmetics.com\/fr\/#website","url":"https:\/\/www.certifiedcosmetics.com\/fr\/","name":"Certified Cosmetics","description":"Cosmetic Safety Assessment","publisher":{"@id":"https:\/\/www.certifiedcosmetics.com\/fr\/#organization"},"potentialAction":[{"@type":"SearchAction","target":{"@type":"EntryPoint","urlTemplate":"https:\/\/www.certifiedcosmetics.com\/fr\/?s={search_term_string}"},"query-input":{"@type":"PropertyValueSpecification","valueRequired":true,"valueName":"search_term_string"}}],"inLanguage":"fr-FR"},{"@type":"Organization","@id":"https:\/\/www.certifiedcosmetics.com\/fr\/#organization","name":"Certified Cosmetics","url":"https:\/\/www.certifiedcosmetics.com\/fr\/","logo":{"@type":"ImageObject","inLanguage":"fr-FR","@id":"https:\/\/www.certifiedcosmetics.com\/fr\/#\/schema\/logo\/image\/","url":"https:\/\/www.certifiedcosmetics.com\/wp-content\/uploads\/2024\/12\/logo_certified_cosmetics696.jpg","contentUrl":"https:\/\/www.certifiedcosmetics.com\/wp-content\/uploads\/2024\/12\/logo_certified_cosmetics696.jpg","width":696,"height":696,"caption":"Certified Cosmetics"},"image":{"@id":"https:\/\/www.certifiedcosmetics.com\/fr\/#\/schema\/logo\/image\/"},"description":"Your trusted partner for cosmetic product safety reporting. We take care of updating all of your documentation, ensuring your compliance stays current even as regulations evolve. The Cosmetic Product Safety Assessment will give you everything you need to sell specific products to EU consumers.","email":"contact@certifiedcosmetics.com","telephone":"+31 36 2036384","legalName":"Certified Cosmetics","foundingDate":"2010-01-01","vatID":"NL854189543B01","numberOfEmployees":{"@type":"QuantitativeValue","minValue":"11","maxValue":"50"}}]},"og_availability":"instock","product_availability":"instock","product_condition":"new"},"_links":{"self":[{"href":"https:\/\/www.certifiedcosmetics.com\/fr\/wp-json\/wp\/v2\/product\/11368","targetHints":{"allow":["GET"]}}],"collection":[{"href":"https:\/\/www.certifiedcosmetics.com\/fr\/wp-json\/wp\/v2\/product"}],"about":[{"href":"https:\/\/www.certifiedcosmetics.com\/fr\/wp-json\/wp\/v2\/types\/product"}],"wp:featuredmedia":[{"embeddable":true,"href":"https:\/\/www.certifiedcosmetics.com\/fr\/wp-json\/wp\/v2\/media\/11362"}],"wp:attachment":[{"href":"https:\/\/www.certifiedcosmetics.com\/fr\/wp-json\/wp\/v2\/media?parent=11368"}],"wp:term":[{"taxonomy":"product_cat","embeddable":true,"href":"https:\/\/www.certifiedcosmetics.com\/fr\/wp-json\/wp\/v2\/product_cat?post=11368"},{"taxonomy":"product_tag","embeddable":true,"href":"https:\/\/www.certifiedcosmetics.com\/fr\/wp-json\/wp\/v2\/product_tag?post=11368"}],"curies":[{"name":"wp","href":"https:\/\/api.w.org\/{rel}","templated":true}]}}