{"id":11351,"date":"2025-03-21T18:06:25","date_gmt":"2025-03-21T17:06:25","guid":{"rendered":"https:\/\/www.certifiedcosmetics.com\/product\/non class\u00e9\/test-hypoallergenique\/"},"modified":"2025-03-21T18:06:25","modified_gmt":"2025-03-21T17:06:25","slug":"test-hypoallergenique","status":"publish","type":"product","link":"https:\/\/www.certifiedcosmetics.com\/fr\/product\/test-defficacite\/test-cutane\/test-hypoallergenique\/","title":{"rendered":"Test hypoallerg\u00e9nique"},"content":{"rendered":"<h2 data-start=\"216\" data-end=\"280\">Tests hypoallerg\u00e9niques : Prot\u00e9ger les consommateurs et renforcer la confiance<\/h2>\n<p data-start=\"282\" data-end=\"690\">Dans l&#8217;industrie comp\u00e9titive des cosm\u00e9tiques et des soins personnels d&#8217;aujourd&#8217;hui, la s\u00e9curit\u00e9 et la confiance des consommateurs sont plus importantes que jamais. Avec la sensibilisation croissante aux sensibilit\u00e9s cutan\u00e9es, aux allergies et \u00e0 la transparence des ingr\u00e9dients, on attend des entreprises qu&#8217;elles proposent des produits non seulement efficaces, mais aussi s\u00fbrs, m\u00eame pour les types de peau les plus sensibles. Les <strong data-start=\"663\" data-end=\"689\">tests hypoallerg\u00e9niques<\/strong> constituent un moyen essentiel d&#8217;y parvenir.  <\/p>\n<p data-start=\"692\" data-end=\"1020\">Nous sommes sp\u00e9cialis\u00e9s dans la fourniture de <strong data-start=\"756\" data-end=\"791\">services<\/strong> professionnels <strong data-start=\"756\" data-end=\"791\">de tests hypoallerg\u00e9niques<\/strong> aux entreprises qui d\u00e9veloppent des produits cosm\u00e9tiques, de soins de la peau et de soins personnels. Notre service est con\u00e7u pour s&#8217;assurer que tes produits r\u00e9pondent aux normes de s\u00e9curit\u00e9 dermatologique les plus strictes et pour offrir une tranquillit\u00e9 d&#8217;esprit \u00e0 la fois \u00e0 toi et \u00e0 tes clients. <\/p>\n<h2 data-start=\"1027\" data-end=\"1062\">Qu&#8217;est-ce qu&#8217;un test hypoallerg\u00e9nique ?<\/h2>\n<p data-start=\"1064\" data-end=\"1333\">Les tests hypoallerg\u00e9niques sont un processus scientifique utilis\u00e9 pour \u00e9valuer si un produit cosm\u00e9tique ou de soin est susceptible de provoquer des r\u00e9actions allergiques ou des irritations cutan\u00e9es. Le terme &#8220;hypoallerg\u00e9nique&#8221; fait r\u00e9f\u00e9rence aux produits qui sont formul\u00e9s pour minimiser le risque de r\u00e9actions allergiques. <\/p>\n<p data-start=\"1335\" data-end=\"1670\">Cependant, il est important de noter que le terme &#8220;hypoallerg\u00e9nique&#8221; n&#8217;est pas d\u00e9fini l\u00e9galement dans la plupart des r\u00e9gions. C&#8217;est pourquoi des tests cr\u00e9dibles effectu\u00e9s par des tiers sont essentiels pour \u00e9tayer tes affirmations. En subissant des tests dermatologiques normalis\u00e9s, ton produit peut l\u00e9gitimement porter le label &#8220;hypoallerg\u00e9nique&#8221;, ce qui renforce la confiance des consommateurs.  <\/p>\n<h2 data-start=\"1677\" data-end=\"1715\">Pourquoi les tests hypoallerg\u00e9niques sont-ils importants ?<\/h2>\n<p data-start=\"1717\" data-end=\"1818\">Pour les entreprises de l&#8217;industrie des cosm\u00e9tiques et des soins de la peau, les tests hypoallerg\u00e9niques offrent de nombreux avantages :<\/p>\n<ul data-start=\"1820\" data-end=\"2531\">\n<li data-start=\"1820\" data-end=\"2017\"><strong data-start=\"1822\" data-end=\"1845\">Confiance des consommateurs<\/strong>: Avec l&#8217;augmentation des cas de peau sensible et d&#8217;allergies, les clients recherchent activement des produits \u00e9tiquet\u00e9s comme hypoallerg\u00e9niques. Les tests v\u00e9rifi\u00e9s t&#8217;aident \u00e0 te d\u00e9marquer sur un march\u00e9 satur\u00e9. <\/li>\n<li data-start=\"2018\" data-end=\"2226\"><strong data-start=\"2020\" data-end=\"2045\">Conformit\u00e9 r\u00e9glementaire<\/strong>: De nombreux pays, y compris ceux de l&#8217;Union europ\u00e9enne, exigent des \u00e9valuations de s\u00e9curit\u00e9 solides avant qu&#8217;un produit n&#8217;arrive sur le march\u00e9. Les tests hypoallerg\u00e9niques renforcent le profil de s\u00e9curit\u00e9 de ton produit. <\/li>\n<li data-start=\"2227\" data-end=\"2393\"><strong data-start=\"2229\" data-end=\"2249\">Protection de la marque<\/strong>: Les tests minimisent le risque de r\u00e9actions cutan\u00e9es ind\u00e9sirables chez les consommateurs, qui pourraient autrement entra\u00eener des plaintes, des retours ou une responsabilit\u00e9 juridique.<\/li>\n<li data-start=\"2394\" data-end=\"2531\"><strong data-start=\"2396\" data-end=\"2415\">Valeur marketing<\/strong>: &#8220;Hypoallerg\u00e9nique cliniquement test\u00e9&#8221; est une affirmation puissante qui renforce la cr\u00e9dibilit\u00e9 de ton produit et son attrait sur le march\u00e9.<\/li>\n<\/ul>\n<h2 data-start=\"2538\" data-end=\"2578\">Comment fonctionne notre test hypoallerg\u00e9nique ?<\/h2>\n<p data-start=\"2580\" data-end=\"2822\">Notre processus de test suit des protocoles dermatologiques et \u00e9thiques \u00e9tablis, impliquant g\u00e9n\u00e9ralement des <strong data-start=\"2702\" data-end=\"2747\">tests de patchs humains r\u00e9p\u00e9t\u00e9s (HRIPT)<\/strong>, \u00e9galement connus sous le nom de <strong data-start=\"2765\" data-end=\"2787\">tests de patchs de 48 heures<\/strong> ou de <strong data-start=\"2791\" data-end=\"2821\">tests d&#8217;irritation cumulatifs<\/strong>.<\/p>\n<h4 data-start=\"2824\" data-end=\"2863\">Voici un aper\u00e7u du processus :<\/h4>\n<ol data-start=\"2865\" data-end=\"3965\">\n<li data-start=\"2865\" data-end=\"3056\">\n<p data-start=\"2868\" data-end=\"3056\"><strong data-start=\"2868\" data-end=\"2890\">Examen de la formulation<\/strong><br data-start=\"2890\" data-end=\"2893\">Avant de commencer les tests, notre \u00e9quipe de toxicologues et de dermatologues examine les ingr\u00e9dients de ton produit pour identifier tout sensibilisateur potentiel ou allerg\u00e8ne connu.<\/p>\n<\/li>\n<li data-start=\"3058\" data-end=\"3262\">\n<p data-start=\"3061\" data-end=\"3262\"><strong data-start=\"3061\" data-end=\"3087\">Recrutement du panel de test<\/strong><br data-start=\"3087\" data-end=\"3090\">Nous recrutons un groupe de volontaires humains pr\u00e9sentant diff\u00e9rents types de peau, y compris ceux qui sont sujets \u00e0 des sensibilit\u00e9s. Ces personnes donnent leur consentement \u00e9clair\u00e9 avant le d\u00e9but des tests. <\/p>\n<\/li>\n<li data-start=\"3264\" data-end=\"3519\">\n<p data-start=\"3267\" data-end=\"3519\"><strong data-start=\"3267\" data-end=\"3288\">Application de patchs<\/strong><br data-start=\"3288\" data-end=\"3291\">De petites quantit\u00e9s du produit sont appliqu\u00e9es sous des patchs occlusifs sur la peau (g\u00e9n\u00e9ralement le dos ou l&#8217;avant-bras). Les patchs restent en place pendant 48 heures et sont r\u00e9appliqu\u00e9s sur une p\u00e9riode de 2 \u00e0 3 semaines, selon la conception de l&#8217;\u00e9tude. <\/p>\n<\/li>\n<li data-start=\"3521\" data-end=\"3743\">\n<p data-start=\"3524\" data-end=\"3743\"><strong data-start=\"3524\" data-end=\"3553\">Contr\u00f4le et \u00e9valuation<\/strong><br data-start=\"3553\" data-end=\"3556\">Les zones de test sont r\u00e9guli\u00e8rement inspect\u00e9es par un dermatologue pour d\u00e9tecter tout signe d&#8217;irritation, de rougeur, de d\u00e9mangeaison ou d&#8217;inflammation. Le produit passe le test si aucune r\u00e9action ind\u00e9sirable significative ne se produit. <\/p>\n<\/li>\n<li data-start=\"3745\" data-end=\"3965\">\n<p data-start=\"3748\" data-end=\"3965\"><strong data-start=\"3748\" data-end=\"3782\">Rapport final et certification<\/strong><br data-start=\"3782\" data-end=\"3785\">Une fois l&#8217;\u00e9tude termin\u00e9e, tu recevras un rapport complet sur la s\u00e9curit\u00e9 dermatologique et un certificat attestant que le produit a \u00e9t\u00e9 test\u00e9 et s&#8217;est r\u00e9v\u00e9l\u00e9 hypoallerg\u00e9nique dans les conditions de l&#8217;\u00e9tude.<\/p>\n<\/li>\n<\/ol>\n<h2 data-start=\"3972\" data-end=\"4008\">Normes \u00e9thiques et scientifiques<\/h2>\n<p data-start=\"4010\" data-end=\"4267\">Nous respectons les directives \u00e9thiques internationales en mati\u00e8re de tests sur les humains et ne travaillons qu&#8217;avec des professionnels de la dermatologie ayant re\u00e7u une formation. Nos protocoles suivent les normes de l&#8217;OCDE et de l&#8217;ISO, ce qui garantit que les donn\u00e9es recueillies sont valides, reproductibles et respect\u00e9es par tous les organismes de r\u00e9glementation. <\/p>\n<p data-start=\"4269\" data-end=\"4400\">De plus, nous ne faisons pas de tests sur les animaux et nous nous assurons que tous les tests sur les humains sont effectu\u00e9s avec un examen \u00e9thique complet et le consentement des participants.<\/p>\n<h2 data-start=\"4407\" data-end=\"4454\">Qui devrait envisager un test hypoallerg\u00e9nique ?<\/h2>\n<p data-start=\"4456\" data-end=\"4509\">Nos services de tests hypoallerg\u00e9niques conviennent pour :<\/p>\n<ul data-start=\"4511\" data-end=\"4746\">\n<li data-start=\"4511\" data-end=\"4568\">Fabricants de cosm\u00e9tiques (cr\u00e8mes pour le visage, s\u00e9rums, nettoyants)<\/li>\n<li data-start=\"4569\" data-end=\"4628\">Marques de soins personnels (lotions corporelles, d\u00e9odorants, shampooings)<\/li>\n<li data-start=\"4629\" data-end=\"4659\">D\u00e9veloppeurs de produits de soins pour b\u00e9b\u00e9s<\/li>\n<li data-start=\"4660\" data-end=\"4696\">Lignes de soins naturels et biologiques<\/li>\n<li data-start=\"4697\" data-end=\"4746\">Marques de soins dermatologiques ou de qualit\u00e9 m\u00e9dicale.<\/li>\n<\/ul>\n<p data-start=\"4748\" data-end=\"4907\">Que tu lances un nouveau produit ou que tu donnes une nouvelle image \u00e0 un produit existant, les tests hypoallerg\u00e9niques permettent de s&#8217;assurer que tes formules sont aussi s\u00fbres qu&#8217;efficaces.<\/p>\n","protected":false},"excerpt":{"rendered":"<p>Tests hypoallerg\u00e9niques : Prot\u00e9ger les consommateurs et renforcer la confiance Dans l&#8217;industrie comp\u00e9titive des cosm\u00e9tiques et des soins personnels d&#8217;aujourd&#8217;hui, la s\u00e9curit\u00e9 et la confiance des consommateurs sont plus importantes que jamais. Avec la sensibilisation croissante aux sensibilit\u00e9s cutan\u00e9es, aux allergies et \u00e0 la transparence des ingr\u00e9dients, on attend des entreprises qu&#8217;elles proposent des produits&#8230;<\/p>\n","protected":false},"featured_media":11335,"template":"","meta":[],"product_brand":[],"product_cat":[144,123],"product_tag":[],"class_list":{"0":"post-11351","1":"product","2":"type-product","3":"status-publish","4":"has-post-thumbnail","6":"product_cat-test-cutane","7":"product_cat-test-defficacite","9":"first","10":"instock","11":"taxable","12":"shipping-taxable","13":"purchasable","14":"product-type-variable","15":"has-default-attributes"},"bundled_by":[],"bundle_stock_status":"instock","bundle_stock_quantity":null,"bundle_virtual":false,"bundle_layout":"","bundle_add_to_cart_form_location":"","bundle_editable_in_cart":false,"bundle_sold_individually_context":"","bundle_item_grouping":"","bundle_min_size":"","bundle_max_size":"","bundle_price":[],"bundled_items":[],"bundle_sell_ids":[],"yoast_head":"<!-- This site is optimized with the Yoast SEO Premium plugin v25.4 (Yoast SEO v25.4) - https:\/\/yoast.com\/wordpress\/plugins\/seo\/ -->\n<title>Test hypoallerg\u00e9nique - Certified Cosmetics<\/title>\n<meta name=\"description\" content=\"Nous nous sp\u00e9cialisons dans la prestation de services professionnels de tests hypoallerg\u00e9niques pour les entreprises qui d\u00e9veloppent des produits cosm\u00e9tiques, de soins de la peau et de soins personnels.\" \/>\n<meta name=\"robots\" content=\"index, follow, max-snippet:-1, max-image-preview:large, max-video-preview:-1\" \/>\n<link rel=\"canonical\" href=\"https:\/\/www.certifiedcosmetics.com\/fr\/product\/test-defficacite\/test-cutane\/test-hypoallergenique\/\" \/>\n<meta property=\"og:locale\" content=\"fr_FR\" \/>\n<meta property=\"og:type\" content=\"article\" \/>\n<meta property=\"og:title\" content=\"Test hypoallerg\u00e9nique\" \/>\n<meta property=\"og:description\" content=\"Nous nous sp\u00e9cialisons dans la prestation de services professionnels de tests hypoallerg\u00e9niques pour les entreprises qui d\u00e9veloppent des produits cosm\u00e9tiques, de soins de la peau et de soins personnels.\" \/>\n<meta property=\"og:url\" content=\"https:\/\/www.certifiedcosmetics.com\/fr\/product\/test-defficacite\/test-cutane\/test-hypoallergenique\/\" \/>\n<meta property=\"og:site_name\" content=\"Certified Cosmetics\" \/>\n<meta property=\"og:image\" content=\"https:\/\/www.certifiedcosmetics.com\/wp-content\/uploads\/2025\/03\/Hypoallergenic_Test.jpg\" \/>\n\t<meta property=\"og:image:width\" content=\"800\" \/>\n\t<meta property=\"og:image:height\" content=\"800\" \/>\n\t<meta property=\"og:image:type\" content=\"image\/jpeg\" \/>\n<meta name=\"twitter:card\" content=\"summary_large_image\" \/>\n<meta name=\"twitter:label1\" content=\"Disponibilit\u00e9\" \/>\n\t<meta name=\"twitter:data1\" content=\"En stock\" \/>\n<script type=\"application\/ld+json\" class=\"yoast-schema-graph\">{\"@context\":\"https:\/\/schema.org\",\"@graph\":[{\"@type\":\"WebPage\",\"@id\":\"https:\/\/www.certifiedcosmetics.com\/fr\/product\/test-defficacite\/test-cutane\/test-hypoallergenique\/\",\"url\":\"https:\/\/www.certifiedcosmetics.com\/fr\/product\/test-defficacite\/test-cutane\/test-hypoallergenique\/\",\"name\":\"Test hypoallerg\u00e9nique - Certified Cosmetics\",\"isPartOf\":{\"@id\":\"https:\/\/www.certifiedcosmetics.com\/fr\/#website\"},\"primaryImageOfPage\":{\"@id\":\"https:\/\/www.certifiedcosmetics.com\/fr\/product\/test-defficacite\/test-cutane\/test-hypoallergenique\/#primaryimage\"},\"image\":{\"@id\":\"https:\/\/www.certifiedcosmetics.com\/fr\/product\/test-defficacite\/test-cutane\/test-hypoallergenique\/#primaryimage\"},\"thumbnailUrl\":\"https:\/\/www.certifiedcosmetics.com\/wp-content\/uploads\/2025\/03\/Hypoallergenic_Test.jpg\",\"datePublished\":\"2025-03-21T17:06:25+00:00\",\"description\":\"Nous nous sp\u00e9cialisons dans la prestation de services professionnels de tests hypoallerg\u00e9niques pour les entreprises qui d\u00e9veloppent des produits cosm\u00e9tiques, de soins de la peau et de soins personnels.\",\"breadcrumb\":{\"@id\":\"https:\/\/www.certifiedcosmetics.com\/fr\/product\/test-defficacite\/test-cutane\/test-hypoallergenique\/#breadcrumb\"},\"inLanguage\":\"fr-FR\",\"potentialAction\":[{\"@type\":\"ReadAction\",\"target\":[\"https:\/\/www.certifiedcosmetics.com\/fr\/product\/test-defficacite\/test-cutane\/test-hypoallergenique\/\"]}]},{\"@type\":\"ImageObject\",\"inLanguage\":\"fr-FR\",\"@id\":\"https:\/\/www.certifiedcosmetics.com\/fr\/product\/test-defficacite\/test-cutane\/test-hypoallergenique\/#primaryimage\",\"url\":\"https:\/\/www.certifiedcosmetics.com\/wp-content\/uploads\/2025\/03\/Hypoallergenic_Test.jpg\",\"contentUrl\":\"https:\/\/www.certifiedcosmetics.com\/wp-content\/uploads\/2025\/03\/Hypoallergenic_Test.jpg\",\"width\":800,\"height\":800},{\"@type\":\"BreadcrumbList\",\"@id\":\"https:\/\/www.certifiedcosmetics.com\/fr\/product\/test-defficacite\/test-cutane\/test-hypoallergenique\/#breadcrumb\",\"itemListElement\":[{\"@type\":\"ListItem\",\"position\":1,\"name\":\"Home\",\"item\":\"https:\/\/www.certifiedcosmetics.com\/fr\/\"},{\"@type\":\"ListItem\",\"position\":2,\"name\":\"Boutique\",\"item\":\"https:\/\/www.certifiedcosmetics.com\/fr\/boutique\/\"},{\"@type\":\"ListItem\",\"position\":3,\"name\":\"Test hypoallerg\u00e9nique\"}]},{\"@type\":\"WebSite\",\"@id\":\"https:\/\/www.certifiedcosmetics.com\/fr\/#website\",\"url\":\"https:\/\/www.certifiedcosmetics.com\/fr\/\",\"name\":\"Certified Cosmetics\",\"description\":\"Cosmetic Safety Assessment\",\"publisher\":{\"@id\":\"https:\/\/www.certifiedcosmetics.com\/fr\/#organization\"},\"potentialAction\":[{\"@type\":\"SearchAction\",\"target\":{\"@type\":\"EntryPoint\",\"urlTemplate\":\"https:\/\/www.certifiedcosmetics.com\/fr\/?s={search_term_string}\"},\"query-input\":{\"@type\":\"PropertyValueSpecification\",\"valueRequired\":true,\"valueName\":\"search_term_string\"}}],\"inLanguage\":\"fr-FR\"},{\"@type\":\"Organization\",\"@id\":\"https:\/\/www.certifiedcosmetics.com\/fr\/#organization\",\"name\":\"Certified Cosmetics\",\"url\":\"https:\/\/www.certifiedcosmetics.com\/fr\/\",\"logo\":{\"@type\":\"ImageObject\",\"inLanguage\":\"fr-FR\",\"@id\":\"https:\/\/www.certifiedcosmetics.com\/fr\/#\/schema\/logo\/image\/\",\"url\":\"https:\/\/www.certifiedcosmetics.com\/wp-content\/uploads\/2024\/12\/logo_certified_cosmetics696.jpg\",\"contentUrl\":\"https:\/\/www.certifiedcosmetics.com\/wp-content\/uploads\/2024\/12\/logo_certified_cosmetics696.jpg\",\"width\":696,\"height\":696,\"caption\":\"Certified Cosmetics\"},\"image\":{\"@id\":\"https:\/\/www.certifiedcosmetics.com\/fr\/#\/schema\/logo\/image\/\"},\"description\":\"Your trusted partner for cosmetic product safety reporting. We take care of updating all of your documentation, ensuring your compliance stays current even as regulations evolve. The Cosmetic Product Safety Assessment will give you everything you need to sell specific products to EU consumers.\",\"email\":\"contact@certifiedcosmetics.com\",\"telephone\":\"+31 36 2036384\",\"legalName\":\"Certified Cosmetics\",\"foundingDate\":\"2010-01-01\",\"vatID\":\"NL854189543B01\",\"numberOfEmployees\":{\"@type\":\"QuantitativeValue\",\"minValue\":\"11\",\"maxValue\":\"50\"}}]}<\/script>\n<meta property=\"og:availability\" content=\"instock\" \/>\n<meta property=\"product:availability\" content=\"instock\" \/>\n<meta property=\"product:retailer_item_id\" content=\"hypal1\" \/>\n<meta property=\"product:condition\" content=\"new\" \/>\n<!-- \/ Yoast SEO Premium plugin. -->","yoast_head_json":{"title":"Test hypoallerg\u00e9nique - Certified Cosmetics","description":"Nous nous sp\u00e9cialisons dans la prestation de services professionnels de tests hypoallerg\u00e9niques pour les entreprises qui d\u00e9veloppent des produits cosm\u00e9tiques, de soins de la peau et de soins personnels.","robots":{"index":"index","follow":"follow","max-snippet":"max-snippet:-1","max-image-preview":"max-image-preview:large","max-video-preview":"max-video-preview:-1"},"canonical":"https:\/\/www.certifiedcosmetics.com\/fr\/product\/test-defficacite\/test-cutane\/test-hypoallergenique\/","og_locale":"fr_FR","og_type":"article","og_title":"Test hypoallerg\u00e9nique","og_description":"Nous nous sp\u00e9cialisons dans la prestation de services professionnels de tests hypoallerg\u00e9niques pour les entreprises qui d\u00e9veloppent des produits cosm\u00e9tiques, de soins de la peau et de soins personnels.","og_url":"https:\/\/www.certifiedcosmetics.com\/fr\/product\/test-defficacite\/test-cutane\/test-hypoallergenique\/","og_site_name":"Certified Cosmetics","og_image":[{"width":800,"height":800,"url":"https:\/\/www.certifiedcosmetics.com\/wp-content\/uploads\/2025\/03\/Hypoallergenic_Test.jpg","type":"image\/jpeg"}],"twitter_card":"summary_large_image","twitter_misc":{"Disponibilit\u00e9":"En stock"},"schema":{"@context":"https:\/\/schema.org","@graph":[{"@type":"WebPage","@id":"https:\/\/www.certifiedcosmetics.com\/fr\/product\/test-defficacite\/test-cutane\/test-hypoallergenique\/","url":"https:\/\/www.certifiedcosmetics.com\/fr\/product\/test-defficacite\/test-cutane\/test-hypoallergenique\/","name":"Test hypoallerg\u00e9nique - Certified Cosmetics","isPartOf":{"@id":"https:\/\/www.certifiedcosmetics.com\/fr\/#website"},"primaryImageOfPage":{"@id":"https:\/\/www.certifiedcosmetics.com\/fr\/product\/test-defficacite\/test-cutane\/test-hypoallergenique\/#primaryimage"},"image":{"@id":"https:\/\/www.certifiedcosmetics.com\/fr\/product\/test-defficacite\/test-cutane\/test-hypoallergenique\/#primaryimage"},"thumbnailUrl":"https:\/\/www.certifiedcosmetics.com\/wp-content\/uploads\/2025\/03\/Hypoallergenic_Test.jpg","datePublished":"2025-03-21T17:06:25+00:00","description":"Nous nous sp\u00e9cialisons dans la prestation de services professionnels de tests hypoallerg\u00e9niques pour les entreprises qui d\u00e9veloppent des produits cosm\u00e9tiques, de soins de la peau et de soins personnels.","breadcrumb":{"@id":"https:\/\/www.certifiedcosmetics.com\/fr\/product\/test-defficacite\/test-cutane\/test-hypoallergenique\/#breadcrumb"},"inLanguage":"fr-FR","potentialAction":[{"@type":"ReadAction","target":["https:\/\/www.certifiedcosmetics.com\/fr\/product\/test-defficacite\/test-cutane\/test-hypoallergenique\/"]}]},{"@type":"ImageObject","inLanguage":"fr-FR","@id":"https:\/\/www.certifiedcosmetics.com\/fr\/product\/test-defficacite\/test-cutane\/test-hypoallergenique\/#primaryimage","url":"https:\/\/www.certifiedcosmetics.com\/wp-content\/uploads\/2025\/03\/Hypoallergenic_Test.jpg","contentUrl":"https:\/\/www.certifiedcosmetics.com\/wp-content\/uploads\/2025\/03\/Hypoallergenic_Test.jpg","width":800,"height":800},{"@type":"BreadcrumbList","@id":"https:\/\/www.certifiedcosmetics.com\/fr\/product\/test-defficacite\/test-cutane\/test-hypoallergenique\/#breadcrumb","itemListElement":[{"@type":"ListItem","position":1,"name":"Home","item":"https:\/\/www.certifiedcosmetics.com\/fr\/"},{"@type":"ListItem","position":2,"name":"Boutique","item":"https:\/\/www.certifiedcosmetics.com\/fr\/boutique\/"},{"@type":"ListItem","position":3,"name":"Test hypoallerg\u00e9nique"}]},{"@type":"WebSite","@id":"https:\/\/www.certifiedcosmetics.com\/fr\/#website","url":"https:\/\/www.certifiedcosmetics.com\/fr\/","name":"Certified Cosmetics","description":"Cosmetic Safety Assessment","publisher":{"@id":"https:\/\/www.certifiedcosmetics.com\/fr\/#organization"},"potentialAction":[{"@type":"SearchAction","target":{"@type":"EntryPoint","urlTemplate":"https:\/\/www.certifiedcosmetics.com\/fr\/?s={search_term_string}"},"query-input":{"@type":"PropertyValueSpecification","valueRequired":true,"valueName":"search_term_string"}}],"inLanguage":"fr-FR"},{"@type":"Organization","@id":"https:\/\/www.certifiedcosmetics.com\/fr\/#organization","name":"Certified Cosmetics","url":"https:\/\/www.certifiedcosmetics.com\/fr\/","logo":{"@type":"ImageObject","inLanguage":"fr-FR","@id":"https:\/\/www.certifiedcosmetics.com\/fr\/#\/schema\/logo\/image\/","url":"https:\/\/www.certifiedcosmetics.com\/wp-content\/uploads\/2024\/12\/logo_certified_cosmetics696.jpg","contentUrl":"https:\/\/www.certifiedcosmetics.com\/wp-content\/uploads\/2024\/12\/logo_certified_cosmetics696.jpg","width":696,"height":696,"caption":"Certified Cosmetics"},"image":{"@id":"https:\/\/www.certifiedcosmetics.com\/fr\/#\/schema\/logo\/image\/"},"description":"Your trusted partner for cosmetic product safety reporting. We take care of updating all of your documentation, ensuring your compliance stays current even as regulations evolve. The Cosmetic Product Safety Assessment will give you everything you need to sell specific products to EU consumers.","email":"contact@certifiedcosmetics.com","telephone":"+31 36 2036384","legalName":"Certified Cosmetics","foundingDate":"2010-01-01","vatID":"NL854189543B01","numberOfEmployees":{"@type":"QuantitativeValue","minValue":"11","maxValue":"50"}}]},"og_availability":"instock","product_availability":"instock","product_retailer_item_id":"hypal1","product_condition":"new"},"_links":{"self":[{"href":"https:\/\/www.certifiedcosmetics.com\/fr\/wp-json\/wp\/v2\/product\/11351","targetHints":{"allow":["GET"]}}],"collection":[{"href":"https:\/\/www.certifiedcosmetics.com\/fr\/wp-json\/wp\/v2\/product"}],"about":[{"href":"https:\/\/www.certifiedcosmetics.com\/fr\/wp-json\/wp\/v2\/types\/product"}],"wp:featuredmedia":[{"embeddable":true,"href":"https:\/\/www.certifiedcosmetics.com\/fr\/wp-json\/wp\/v2\/media\/11335"}],"wp:attachment":[{"href":"https:\/\/www.certifiedcosmetics.com\/fr\/wp-json\/wp\/v2\/media?parent=11351"}],"wp:term":[{"taxonomy":"product_brand","embeddable":true,"href":"https:\/\/www.certifiedcosmetics.com\/fr\/wp-json\/wp\/v2\/product_brand?post=11351"},{"taxonomy":"product_cat","embeddable":true,"href":"https:\/\/www.certifiedcosmetics.com\/fr\/wp-json\/wp\/v2\/product_cat?post=11351"},{"taxonomy":"product_tag","embeddable":true,"href":"https:\/\/www.certifiedcosmetics.com\/fr\/wp-json\/wp\/v2\/product_tag?post=11351"}],"curies":[{"name":"wp","href":"https:\/\/api.w.org\/{rel}","templated":true}]}}