{"id":10940,"date":"2024-10-27T14:23:26","date_gmt":"2024-10-27T13:23:26","guid":{"rendered":"https:\/\/www.certifiedcosmetics.com\/product\/non%20class\u00e9\/test-de-laboratoire-spf-facteur-de-protection-solaire\/"},"modified":"2025-10-22T09:03:53","modified_gmt":"2025-10-22T08:03:53","slug":"test-de-laboratoire-spf-facteur-de-protection-solaire","status":"publish","type":"product","link":"https:\/\/www.certifiedcosmetics.com\/fr\/product\/test-spf-fr\/test-de-laboratoire-spf-facteur-de-protection-solaire\/","title":{"rendered":"SPF Laboratory Test In Vivo &#8211; Facteur de protection solaire"},"content":{"rendered":"<p>Le test SPF d\u00e9termine le niveau de protection qu&#8217;une cr\u00e8me solaire offre contre les rayons UVB, essentiels pour pr\u00e9venir les coups de soleil et les l\u00e9sions cutan\u00e9es. Le facteur de protection solaire (FPS) est un \u00e9l\u00e9ment essentiel des \u00e9crans solaires et autres produits de protection solaire, directement li\u00e9 \u00e0 la s\u00e9curit\u00e9 des consommateurs et \u00e0 la conformit\u00e9 aux r\u00e9glementations. Les tests en laboratoire sur le FPS sont un processus essentiel pour justifier les all\u00e9gations d&#8217;efficacit\u00e9 des produits de protection solaire, en veillant \u00e0 ce qu&#8217;ils r\u00e9pondent aux exigences rigoureuses des autorit\u00e9s r\u00e9glementaires et aux attentes des consommateurs. <\/p>\n<p>Ce test est consid\u00e9r\u00e9 comme l&#8217;\u00e9talon-or pour la validation du FPS avec l&#8217;utilisation de volontaires. Ce test mesure la valeur du FPS d&#8217;un produit de protection solaire sur des volontaires humains dans des conditions contr\u00f4l\u00e9es, conform\u00e9ment \u00e0 la <strong>norme ISO 24444:2019.<\/strong> <\/p>\n<h2><strong>M\u00e9thodologie et normes<\/strong><\/h2>\n<p><strong>M\u00e9thodologie et normes utilis\u00e9es pour ce test de laboratoire :<\/strong><\/p>\n<ul>\n<li>ISO 24444:2019<\/li>\n<li>R\u00e9alis\u00e9 sous surveillance dermatologique<\/li>\n<\/ul>\n<h2><strong>Pourquoi choisir In Vivo ?<\/strong><\/h2>\n<ul>\n<li>Essentiel pour des limites d&#8217;\u00e9tiquetage SPF &lt; 30 ou \u2265 30 pr\u00e9cises.<\/li>\n<li>Valid\u00e9e selon la norme ISO 24444:2019, largement accept\u00e9e dans l&#8217;Union europ\u00e9enne, aux \u00c9tats-Unis et sur les march\u00e9s mondiaux.<\/li>\n<\/ul>\n<h2><strong>Flux de travail recommand\u00e9<\/strong><\/h2>\n<ul>\n<li>Effectue d&#8217;abord une pr\u00e9s\u00e9lection in vitro.<\/li>\n<li>Proc\u00e8de \u00e0 des tests in vivo pour la preuve finale et le lancement du produit.<\/li>\n<\/ul>\n<h2>Pourquoi les tests SPF sont-ils importants ?<\/h2>\n<ol>\n<li><strong>Conformit\u00e9 r\u00e9glementaire :<\/strong><br \/>\nLa plupart des r\u00e9gions, y compris l&#8217;Union europ\u00e9enne, les \u00c9tats-Unis et l&#8217;Asie, exigent que les all\u00e9gations de FPS soient valid\u00e9es pour les produits de protection solaire. En l&#8217;absence de tests appropri\u00e9s, les produits risquent d&#8217;\u00eatre rejet\u00e9s ou retir\u00e9s du march\u00e9. <\/li>\n<li><strong>S\u00e9curit\u00e9 des consommateurs :<\/strong><br \/>\nLes d\u00e9clarations erron\u00e9es sur les FPS peuvent conduire \u00e0 une protection solaire insuffisante, ce qui augmente le risque de l\u00e9sions cutan\u00e9es et les probl\u00e8mes de sant\u00e9 qui en d\u00e9coulent.<\/li>\n<li><strong>Cr\u00e9dibilit\u00e9 et confiance :<\/strong><br \/>\nDes all\u00e9gations transparentes et pr\u00e9cises sur les FPS renforcent la r\u00e9putation de la marque et la confiance des consommateurs dans tes produits.<\/li>\n<li><strong>Diff\u00e9renciation sur le march\u00e9 :<\/strong><br \/>\nLes tests SPF garantissent que ton produit peut \u00eatre comp\u00e9titif en offrant une protection prouv\u00e9e, ce qui en fait un choix privil\u00e9gi\u00e9 pour les consommateurs soucieux de leur s\u00e9curit\u00e9.<\/li>\n<\/ol>\n<h2>Nos services d&#8217;essais en laboratoire SPF<\/h2>\n<p>Nous proposons des tests FPS complets pour t&#8217;aider \u00e0 justifier les revendications de tes produits et \u00e0 respecter les normes r\u00e9glementaires. Nos services comprennent : <\/p>\n<h3>1. Test in vivo du FPS<\/h3>\n<ul>\n<li>R\u00e9alis\u00e9 sur des volontaires humains dans le cadre de protocoles \u00e9thiques et de s\u00e9curit\u00e9 stricts.<\/li>\n<li>D\u00e9termine la valeur r\u00e9elle du FPS de ton produit en fonction de l&#8217;application r\u00e9elle et de l&#8217;exposition au soleil.<\/li>\n<\/ul>\n<h3>2. Test in vitro du FPS<\/h3>\n<ul>\n<li>Convient pour les \u00e9valuations initiales ou en compl\u00e9ment des tests in vivo.<\/li>\n<li>Fournit une m\u00e9thode rapide et rentable pour analyser la protection contre les UV.<\/li>\n<\/ul>\n<h3>3. Test UV \u00e0 large spectre<\/h3>\n<ul>\n<li>Mesure la protection contre les <strong>rayons<\/strong> <strong>UVA<\/strong> et <strong>UVB<\/strong> pour appuyer les all\u00e9gations de &#8220;large spectre&#8221;.<\/li>\n<\/ul>\n<h3>4. Test de r\u00e9sistance \u00e0 l&#8217;eau<\/h3>\n<ul>\n<li>\u00c9value l&#8217;efficacit\u00e9 du produit apr\u00e8s son exposition \u00e0 l&#8217;eau, ce qui garantit l&#8217;exactitude des all\u00e9gations &#8220;r\u00e9sistant \u00e0 l&#8217;eau&#8221; ou &#8220;tr\u00e8s r\u00e9sistant \u00e0 l&#8217;eau&#8221;.<\/li>\n<\/ul>\n<h3>5. Contr\u00f4les de conformit\u00e9<\/h3>\n<ul>\n<li>V\u00e9rification de la conformit\u00e9 aux exigences r\u00e9gionales en mati\u00e8re d&#8217;\u00e9tiquetage des FPS, telles que celles d\u00e9finies par la FDA (\u00c9tats-Unis), le r\u00e8glement europ\u00e9en sur les cosm\u00e9tiques ou les normes ISO.<\/li>\n<\/ul>\n<h2>Pourquoi nous choisir pour les tests SPF ?<\/h2>\n<ul>\n<li><strong>Installations accr\u00e9dit\u00e9es :<\/strong> Nous exploitons des laboratoires de pointe accr\u00e9dit\u00e9s pour effectuer des tests de FPS conform\u00e9ment aux normes mondiales.<\/li>\n<li><strong>\u00c9quipe d&#8217;experts :<\/strong> Nos scientifiques sont sp\u00e9cialis\u00e9s dans la formulation et les tests des \u00e9crans solaires, ce qui garantit des r\u00e9sultats pr\u00e9cis et fiables.<\/li>\n<li><strong>Expertise en mati\u00e8re de r\u00e9glementation :<\/strong> Nous fournissons des conseils pour r\u00e9pondre aux exigences sp\u00e9cifiques des diff\u00e9rents march\u00e9s, ce qui r\u00e9duit le risque de retards ou de non-conformit\u00e9.<\/li>\n<li><strong>Soutien de bout en bout :<\/strong> Des tests initiaux \u00e0 la validation des revendications et \u00e0 la documentation r\u00e9glementaire, nous soutenons chaque \u00e9tape du d\u00e9veloppement de ton produit.<\/li>\n<\/ul>\n<h2 class=\"wp-block-heading\"><strong>Comment fonctionne le processus ?<\/strong><\/h2>\n<ol class=\"wp-block-list\" start=\"1\">\n<li><strong>Choisir un test de laboratoire<\/strong>\n<ul class=\"wp-block-list\">\n<li>Tu ach\u00e8tes le <strong>test de laboratoire<\/strong> sur notre site Internet.<\/li>\n<\/ul>\n<\/li>\n<li><strong>Acc\u00e8s au portail s\u00e9curis\u00e9<\/strong>\n<ul class=\"wp-block-list\">\n<li>Apr\u00e8s l&#8217;achat, tu auras acc\u00e8s \u00e0 notre portail s\u00e9curis\u00e9 o\u00f9 tu pourras compl\u00e9ter l&#8217;admission.<\/li>\n<\/ul>\n<\/li>\n<li><strong>Compl\u00e9ter l&#8217;admission<\/strong>\n<ul class=\"wp-block-list\">\n<li>Compl\u00e8te toutes les informations demand\u00e9es sur ton produit et t\u00e9l\u00e9charge la documentation pertinente.<\/li>\n<\/ul>\n<\/li>\n<li><strong>Envoyer des \u00e9chantillons<\/strong>\n<ul class=\"wp-block-list\">\n<li>Envoie des \u00e9chantillons physiques de ton produit \u00e0 notre laboratoire. Lorsque tu planifies ton test de laboratoire sur le portail, l&#8217;\u00e9valuateur de s\u00e9curit\u00e9 te demandera le nombre d&#8217;\u00e9chantillons. Cela d\u00e9pend de ton produit et de son emballage.  <\/li>\n<\/ul>\n<\/li>\n<li><strong>Tests de laboratoire<\/strong>\n<ul class=\"wp-block-list\">\n<li>Nous effectuons les tests de laboratoire.<\/li>\n<\/ul>\n<\/li>\n<li><strong>R\u00e9sultats<\/strong>\n<ul class=\"wp-block-list\">\n<li>Dans le portail, tu trouveras les r\u00e9sultats des tests pour ton produit.<\/li>\n<\/ul>\n<\/li>\n<\/ol>\n","protected":false},"excerpt":{"rendered":"<div class=\"bt_bb_button bt_bb_color_scheme_6 bt_bb_icon_position_left bt_bb_style_filled bt_bb_width_inline bt_bb_shape_inherit bt_bb_target_self bt_bb_text_transform_inherit bt_bb_fe_edit bt_bb_size_normal bt_bb_align_inherit\" style=\"; --primary-color: #ffffff; --secondary-color: #0bc270;\" data-base=\"bt_bb_button\"><a class=\"bt_bb_link\" title=\"\u00c9VALUATION DE LA S\u00c9CURIT\u00c9 DU SAVON\" href=\"https:\/\/www.certifiedcosmetics.com\/services\/get-quote\/\" target=\"_self\" rel=\"noopener\"><span class=\"bt_bb_button_text\">DEMANDE DE DEVIS<\/span><\/a><\/div>\n","protected":false},"featured_media":10116,"template":"","meta":[],"product_brand":[],"product_cat":[144,123,1455],"product_tag":[],"class_list":{"0":"post-10940","1":"product","2":"type-product","3":"status-publish","4":"has-post-thumbnail","6":"product_cat-test-cutane","7":"product_cat-test-defficacite","8":"product_cat-test-spf-fr","10":"first","11":"instock","12":"taxable","13":"shipping-taxable","14":"purchasable","15":"product-type-variable","16":"has-default-attributes"},"bundled_by":[],"bundle_stock_status":"instock","bundle_stock_quantity":null,"bundle_virtual":false,"bundle_layout":"","bundle_add_to_cart_form_location":"","bundle_editable_in_cart":false,"bundle_sold_individually_context":"","bundle_item_grouping":"","bundle_min_size":"","bundle_max_size":"","bundle_price":[],"bundled_items":[],"bundle_sell_ids":[],"yoast_head":"<!-- This site is optimized with the Yoast SEO Premium plugin v25.4 (Yoast SEO v25.4) - https:\/\/yoast.com\/wordpress\/plugins\/seo\/ -->\n<title>SPF Laboratory Test In Vivo - Facteur de protection solaire - Certified Cosmetics<\/title>\n<meta name=\"description\" content=\"Le test SPF d\u00e9termine le niveau de protection qu&#039;une cr\u00e8me solaire offre contre les rayons UVB, essentiels pour pr\u00e9venir les coups de soleil et les l\u00e9sions cutan\u00e9es.\" \/>\n<meta name=\"robots\" content=\"index, follow, max-snippet:-1, max-image-preview:large, max-video-preview:-1\" \/>\n<link rel=\"canonical\" href=\"https:\/\/www.certifiedcosmetics.com\/fr\/product\/test-spf-fr\/test-de-laboratoire-spf-facteur-de-protection-solaire\/\" \/>\n<meta property=\"og:locale\" content=\"fr_FR\" \/>\n<meta property=\"og:type\" content=\"article\" \/>\n<meta property=\"og:title\" content=\"SPF Laboratory Test In Vivo - Facteur de protection solaire\" \/>\n<meta property=\"og:description\" content=\"Le test SPF d\u00e9termine le niveau de protection qu&#039;une cr\u00e8me solaire offre contre les rayons UVB, essentiels pour pr\u00e9venir les coups de soleil et les l\u00e9sions cutan\u00e9es.\" \/>\n<meta property=\"og:url\" content=\"https:\/\/www.certifiedcosmetics.com\/fr\/product\/test-spf-fr\/test-de-laboratoire-spf-facteur-de-protection-solaire\/\" \/>\n<meta property=\"og:site_name\" content=\"Certified Cosmetics\" \/>\n<meta property=\"article:modified_time\" content=\"2025-10-22T08:03:53+00:00\" \/>\n<meta property=\"og:image\" content=\"https:\/\/www.certifiedcosmetics.com\/wp-content\/uploads\/2024\/11\/5-2.png\" \/>\n\t<meta property=\"og:image:width\" content=\"400\" \/>\n\t<meta property=\"og:image:height\" content=\"400\" \/>\n\t<meta property=\"og:image:type\" content=\"image\/png\" \/>\n<meta name=\"twitter:card\" content=\"summary_large_image\" \/>\n<meta name=\"twitter:label1\" content=\"Disponibilit\u00e9\" \/>\n\t<meta name=\"twitter:data1\" content=\"En stock\" \/>\n<script type=\"application\/ld+json\" class=\"yoast-schema-graph\">{\"@context\":\"https:\/\/schema.org\",\"@graph\":[{\"@type\":\"WebPage\",\"@id\":\"https:\/\/www.certifiedcosmetics.com\/fr\/product\/test-spf-fr\/test-de-laboratoire-spf-facteur-de-protection-solaire\/\",\"url\":\"https:\/\/www.certifiedcosmetics.com\/fr\/product\/test-spf-fr\/test-de-laboratoire-spf-facteur-de-protection-solaire\/\",\"name\":\"SPF Laboratory Test In Vivo - Facteur de protection solaire - Certified Cosmetics\",\"isPartOf\":{\"@id\":\"https:\/\/www.certifiedcosmetics.com\/fr\/#website\"},\"primaryImageOfPage\":{\"@id\":\"https:\/\/www.certifiedcosmetics.com\/fr\/product\/test-spf-fr\/test-de-laboratoire-spf-facteur-de-protection-solaire\/#primaryimage\"},\"image\":{\"@id\":\"https:\/\/www.certifiedcosmetics.com\/fr\/product\/test-spf-fr\/test-de-laboratoire-spf-facteur-de-protection-solaire\/#primaryimage\"},\"thumbnailUrl\":\"https:\/\/www.certifiedcosmetics.com\/wp-content\/uploads\/2024\/11\/5-2.png\",\"datePublished\":\"2024-10-27T13:23:26+00:00\",\"dateModified\":\"2025-10-22T08:03:53+00:00\",\"description\":\"Le test SPF d\u00e9termine le niveau de protection qu'une cr\u00e8me solaire offre contre les rayons UVB, essentiels pour pr\u00e9venir les coups de soleil et les l\u00e9sions cutan\u00e9es.\",\"breadcrumb\":{\"@id\":\"https:\/\/www.certifiedcosmetics.com\/fr\/product\/test-spf-fr\/test-de-laboratoire-spf-facteur-de-protection-solaire\/#breadcrumb\"},\"inLanguage\":\"fr-FR\",\"potentialAction\":[{\"@type\":\"ReadAction\",\"target\":[\"https:\/\/www.certifiedcosmetics.com\/fr\/product\/test-spf-fr\/test-de-laboratoire-spf-facteur-de-protection-solaire\/\"]}]},{\"@type\":\"ImageObject\",\"inLanguage\":\"fr-FR\",\"@id\":\"https:\/\/www.certifiedcosmetics.com\/fr\/product\/test-spf-fr\/test-de-laboratoire-spf-facteur-de-protection-solaire\/#primaryimage\",\"url\":\"https:\/\/www.certifiedcosmetics.com\/wp-content\/uploads\/2024\/11\/5-2.png\",\"contentUrl\":\"https:\/\/www.certifiedcosmetics.com\/wp-content\/uploads\/2024\/11\/5-2.png\",\"width\":400,\"height\":400},{\"@type\":\"BreadcrumbList\",\"@id\":\"https:\/\/www.certifiedcosmetics.com\/fr\/product\/test-spf-fr\/test-de-laboratoire-spf-facteur-de-protection-solaire\/#breadcrumb\",\"itemListElement\":[{\"@type\":\"ListItem\",\"position\":1,\"name\":\"Home\",\"item\":\"https:\/\/www.certifiedcosmetics.com\/fr\/\"},{\"@type\":\"ListItem\",\"position\":2,\"name\":\"Boutique\",\"item\":\"https:\/\/www.certifiedcosmetics.com\/fr\/boutique\/\"},{\"@type\":\"ListItem\",\"position\":3,\"name\":\"SPF Laboratory Test In Vivo &#8211; Facteur de protection solaire\"}]},{\"@type\":\"WebSite\",\"@id\":\"https:\/\/www.certifiedcosmetics.com\/fr\/#website\",\"url\":\"https:\/\/www.certifiedcosmetics.com\/fr\/\",\"name\":\"Certified Cosmetics\",\"description\":\"Cosmetic Safety Assessment\",\"publisher\":{\"@id\":\"https:\/\/www.certifiedcosmetics.com\/fr\/#organization\"},\"potentialAction\":[{\"@type\":\"SearchAction\",\"target\":{\"@type\":\"EntryPoint\",\"urlTemplate\":\"https:\/\/www.certifiedcosmetics.com\/fr\/?s={search_term_string}\"},\"query-input\":{\"@type\":\"PropertyValueSpecification\",\"valueRequired\":true,\"valueName\":\"search_term_string\"}}],\"inLanguage\":\"fr-FR\"},{\"@type\":\"Organization\",\"@id\":\"https:\/\/www.certifiedcosmetics.com\/fr\/#organization\",\"name\":\"Certified Cosmetics\",\"url\":\"https:\/\/www.certifiedcosmetics.com\/fr\/\",\"logo\":{\"@type\":\"ImageObject\",\"inLanguage\":\"fr-FR\",\"@id\":\"https:\/\/www.certifiedcosmetics.com\/fr\/#\/schema\/logo\/image\/\",\"url\":\"https:\/\/www.certifiedcosmetics.com\/wp-content\/uploads\/2024\/12\/logo_certified_cosmetics696.jpg\",\"contentUrl\":\"https:\/\/www.certifiedcosmetics.com\/wp-content\/uploads\/2024\/12\/logo_certified_cosmetics696.jpg\",\"width\":696,\"height\":696,\"caption\":\"Certified Cosmetics\"},\"image\":{\"@id\":\"https:\/\/www.certifiedcosmetics.com\/fr\/#\/schema\/logo\/image\/\"},\"description\":\"Your trusted partner for cosmetic product safety reporting. We take care of updating all of your documentation, ensuring your compliance stays current even as regulations evolve. The Cosmetic Product Safety Assessment will give you everything you need to sell specific products to EU consumers.\",\"email\":\"contact@certifiedcosmetics.com\",\"telephone\":\"+31 36 2036384\",\"legalName\":\"Certified Cosmetics\",\"foundingDate\":\"2010-01-01\",\"vatID\":\"NL854189543B01\",\"numberOfEmployees\":{\"@type\":\"QuantitativeValue\",\"minValue\":\"11\",\"maxValue\":\"50\"}}]}<\/script>\n<meta property=\"og:availability\" content=\"instock\" \/>\n<meta property=\"product:availability\" content=\"instock\" \/>\n<meta property=\"product:condition\" content=\"new\" \/>\n<!-- \/ Yoast SEO Premium plugin. -->","yoast_head_json":{"title":"SPF Laboratory Test In Vivo - Facteur de protection solaire - Certified Cosmetics","description":"Le test SPF d\u00e9termine le niveau de protection qu'une cr\u00e8me solaire offre contre les rayons UVB, essentiels pour pr\u00e9venir les coups de soleil et les l\u00e9sions cutan\u00e9es.","robots":{"index":"index","follow":"follow","max-snippet":"max-snippet:-1","max-image-preview":"max-image-preview:large","max-video-preview":"max-video-preview:-1"},"canonical":"https:\/\/www.certifiedcosmetics.com\/fr\/product\/test-spf-fr\/test-de-laboratoire-spf-facteur-de-protection-solaire\/","og_locale":"fr_FR","og_type":"article","og_title":"SPF Laboratory Test In Vivo - Facteur de protection solaire","og_description":"Le test SPF d\u00e9termine le niveau de protection qu'une cr\u00e8me solaire offre contre les rayons UVB, essentiels pour pr\u00e9venir les coups de soleil et les l\u00e9sions cutan\u00e9es.","og_url":"https:\/\/www.certifiedcosmetics.com\/fr\/product\/test-spf-fr\/test-de-laboratoire-spf-facteur-de-protection-solaire\/","og_site_name":"Certified Cosmetics","article_modified_time":"2025-10-22T08:03:53+00:00","og_image":[{"width":400,"height":400,"url":"https:\/\/www.certifiedcosmetics.com\/wp-content\/uploads\/2024\/11\/5-2.png","type":"image\/png"}],"twitter_card":"summary_large_image","twitter_misc":{"Disponibilit\u00e9":"En stock"},"schema":{"@context":"https:\/\/schema.org","@graph":[{"@type":"WebPage","@id":"https:\/\/www.certifiedcosmetics.com\/fr\/product\/test-spf-fr\/test-de-laboratoire-spf-facteur-de-protection-solaire\/","url":"https:\/\/www.certifiedcosmetics.com\/fr\/product\/test-spf-fr\/test-de-laboratoire-spf-facteur-de-protection-solaire\/","name":"SPF Laboratory Test In Vivo - Facteur de protection solaire - Certified Cosmetics","isPartOf":{"@id":"https:\/\/www.certifiedcosmetics.com\/fr\/#website"},"primaryImageOfPage":{"@id":"https:\/\/www.certifiedcosmetics.com\/fr\/product\/test-spf-fr\/test-de-laboratoire-spf-facteur-de-protection-solaire\/#primaryimage"},"image":{"@id":"https:\/\/www.certifiedcosmetics.com\/fr\/product\/test-spf-fr\/test-de-laboratoire-spf-facteur-de-protection-solaire\/#primaryimage"},"thumbnailUrl":"https:\/\/www.certifiedcosmetics.com\/wp-content\/uploads\/2024\/11\/5-2.png","datePublished":"2024-10-27T13:23:26+00:00","dateModified":"2025-10-22T08:03:53+00:00","description":"Le test SPF d\u00e9termine le niveau de protection qu'une cr\u00e8me solaire offre contre les rayons UVB, essentiels pour pr\u00e9venir les coups de soleil et les l\u00e9sions cutan\u00e9es.","breadcrumb":{"@id":"https:\/\/www.certifiedcosmetics.com\/fr\/product\/test-spf-fr\/test-de-laboratoire-spf-facteur-de-protection-solaire\/#breadcrumb"},"inLanguage":"fr-FR","potentialAction":[{"@type":"ReadAction","target":["https:\/\/www.certifiedcosmetics.com\/fr\/product\/test-spf-fr\/test-de-laboratoire-spf-facteur-de-protection-solaire\/"]}]},{"@type":"ImageObject","inLanguage":"fr-FR","@id":"https:\/\/www.certifiedcosmetics.com\/fr\/product\/test-spf-fr\/test-de-laboratoire-spf-facteur-de-protection-solaire\/#primaryimage","url":"https:\/\/www.certifiedcosmetics.com\/wp-content\/uploads\/2024\/11\/5-2.png","contentUrl":"https:\/\/www.certifiedcosmetics.com\/wp-content\/uploads\/2024\/11\/5-2.png","width":400,"height":400},{"@type":"BreadcrumbList","@id":"https:\/\/www.certifiedcosmetics.com\/fr\/product\/test-spf-fr\/test-de-laboratoire-spf-facteur-de-protection-solaire\/#breadcrumb","itemListElement":[{"@type":"ListItem","position":1,"name":"Home","item":"https:\/\/www.certifiedcosmetics.com\/fr\/"},{"@type":"ListItem","position":2,"name":"Boutique","item":"https:\/\/www.certifiedcosmetics.com\/fr\/boutique\/"},{"@type":"ListItem","position":3,"name":"SPF Laboratory Test In Vivo &#8211; Facteur de protection solaire"}]},{"@type":"WebSite","@id":"https:\/\/www.certifiedcosmetics.com\/fr\/#website","url":"https:\/\/www.certifiedcosmetics.com\/fr\/","name":"Certified Cosmetics","description":"Cosmetic Safety Assessment","publisher":{"@id":"https:\/\/www.certifiedcosmetics.com\/fr\/#organization"},"potentialAction":[{"@type":"SearchAction","target":{"@type":"EntryPoint","urlTemplate":"https:\/\/www.certifiedcosmetics.com\/fr\/?s={search_term_string}"},"query-input":{"@type":"PropertyValueSpecification","valueRequired":true,"valueName":"search_term_string"}}],"inLanguage":"fr-FR"},{"@type":"Organization","@id":"https:\/\/www.certifiedcosmetics.com\/fr\/#organization","name":"Certified Cosmetics","url":"https:\/\/www.certifiedcosmetics.com\/fr\/","logo":{"@type":"ImageObject","inLanguage":"fr-FR","@id":"https:\/\/www.certifiedcosmetics.com\/fr\/#\/schema\/logo\/image\/","url":"https:\/\/www.certifiedcosmetics.com\/wp-content\/uploads\/2024\/12\/logo_certified_cosmetics696.jpg","contentUrl":"https:\/\/www.certifiedcosmetics.com\/wp-content\/uploads\/2024\/12\/logo_certified_cosmetics696.jpg","width":696,"height":696,"caption":"Certified Cosmetics"},"image":{"@id":"https:\/\/www.certifiedcosmetics.com\/fr\/#\/schema\/logo\/image\/"},"description":"Your trusted partner for cosmetic product safety reporting. We take care of updating all of your documentation, ensuring your compliance stays current even as regulations evolve. The Cosmetic Product Safety Assessment will give you everything you need to sell specific products to EU consumers.","email":"contact@certifiedcosmetics.com","telephone":"+31 36 2036384","legalName":"Certified Cosmetics","foundingDate":"2010-01-01","vatID":"NL854189543B01","numberOfEmployees":{"@type":"QuantitativeValue","minValue":"11","maxValue":"50"}}]},"og_availability":"instock","product_availability":"instock","product_condition":"new"},"_links":{"self":[{"href":"https:\/\/www.certifiedcosmetics.com\/fr\/wp-json\/wp\/v2\/product\/10940","targetHints":{"allow":["GET"]}}],"collection":[{"href":"https:\/\/www.certifiedcosmetics.com\/fr\/wp-json\/wp\/v2\/product"}],"about":[{"href":"https:\/\/www.certifiedcosmetics.com\/fr\/wp-json\/wp\/v2\/types\/product"}],"wp:featuredmedia":[{"embeddable":true,"href":"https:\/\/www.certifiedcosmetics.com\/fr\/wp-json\/wp\/v2\/media\/10116"}],"wp:attachment":[{"href":"https:\/\/www.certifiedcosmetics.com\/fr\/wp-json\/wp\/v2\/media?parent=10940"}],"wp:term":[{"taxonomy":"product_brand","embeddable":true,"href":"https:\/\/www.certifiedcosmetics.com\/fr\/wp-json\/wp\/v2\/product_brand?post=10940"},{"taxonomy":"product_cat","embeddable":true,"href":"https:\/\/www.certifiedcosmetics.com\/fr\/wp-json\/wp\/v2\/product_cat?post=10940"},{"taxonomy":"product_tag","embeddable":true,"href":"https:\/\/www.certifiedcosmetics.com\/fr\/wp-json\/wp\/v2\/product_tag?post=10940"}],"curies":[{"name":"wp","href":"https:\/\/api.w.org\/{rel}","templated":true}]}}