{"id":10922,"date":"2024-10-27T14:29:12","date_gmt":"2024-10-27T13:29:12","guid":{"rendered":"https:\/\/www.certifiedcosmetics.com\/?post_type=product&#038;p=10922"},"modified":"2025-05-06T10:46:10","modified_gmt":"2025-05-06T09:46:10","slug":"test-de-metaux-lourds","status":"publish","type":"product","link":"https:\/\/www.certifiedcosmetics.com\/fr\/product\/verification-des-allegations-et-test-des-ingredients\/test-de-metaux-lourds\/","title":{"rendered":"Test de m\u00e9taux lourds"},"content":{"rendered":"<p>Le test des m\u00e9taux lourds d\u00e9tecte et quantifie les m\u00e9taux lourds nocifs (tels que le plomb, le mercure, le cadmium et l&#8217;arsenic) dans les produits cosm\u00e9tiques, ce qui permet de s&#8217;assurer qu&#8217;ils ne pr\u00e9sentent pas de risques pour la sant\u00e9 des consommateurs.<\/p>\n<h2><strong>Exigences r\u00e9glementaires<\/strong><\/h2>\n<p>Les autorit\u00e9s r\u00e9glementaires, notamment la FDA et le r\u00e8glement europ\u00e9en sur les cosm\u00e9tiques, fixent des limites aux concentrations de m\u00e9taux lourds autoris\u00e9es dans les cosm\u00e9tiques afin de pr\u00e9venir la toxicit\u00e9 et les effets n\u00e9fastes sur la sant\u00e9.<\/p>\n<h2><strong>Normes et m\u00e9thodes d&#8217;essai<\/strong><\/h2>\n<p>Les normes de test les plus courantes sont ISO 19650 et ASTM E2926. Les m\u00e9thodes typiques impliquent l&#8217;utilisation de techniques telles que la spectrom\u00e9trie de masse \u00e0 plasma inductif (ICP-MS) ou la spectrom\u00e9trie d&#8217;absorption atomique (AAS) pour mesurer avec pr\u00e9cision la teneur en m\u00e9taux. <\/p>\n<table>\n<tbody>\n<tr>\n<td width=\"200\"><strong>Param\u00e8tre d&#8217;\u00e9valuation<\/strong><\/td>\n<td width=\"200\"><strong>M\u00e9thode d&#8217;\u00e9valuation<\/strong><\/td>\n<td width=\"200\"><strong>Valeur limite<\/strong><\/td>\n<\/tr>\n<tr>\n<td width=\"200\">Plomb (Pb)<\/td>\n<td rowspan=\"7\" width=\"200\">Spectrom\u00e9trie de masse \u00e0 plasma inductif (ICP-MS)<\/td>\n<td width=\"200\">20 mg \/ kg<\/p>\n<p>Dentifrice : 1 mg \/kg<\/td>\n<\/tr>\n<tr>\n<td width=\"200\">Cadmium (Cd)<\/td>\n<td width=\"200\">5 mg \/ kg<\/p>\n<p>Dentifrice : 1 mg \/kg<\/td>\n<\/tr>\n<tr>\n<td width=\"200\">Mercure (Hg)<\/td>\n<td width=\"200\">1 mg \/ kg<\/p>\n<p>Dentifrice : 1 mg \/kg<\/td>\n<\/tr>\n<tr>\n<td width=\"200\">Arsenic (As)<\/td>\n<td width=\"200\">5 mg \/ kg<\/p>\n<p>Dentifrice : 1 mg \/kg<\/td>\n<\/tr>\n<tr>\n<td width=\"200\">Antimoine (Sb)<\/td>\n<td width=\"200\">10 mg \/ kg<\/p>\n<p>Dentifrice : 1 mg \/kg<\/td>\n<\/tr>\n<tr>\n<td width=\"200\">Nickel (Ni)<\/td>\n<td width=\"200\">5 mg \/ kg<\/p>\n<p>Dentifrice : 1 mg \/kg<\/td>\n<\/tr>\n<tr>\n<td width=\"200\">Aluminium (Al)<\/td>\n<td width=\"200\">5 mg \/ kg<\/p>\n<p>Dentifrice : 1 mg \/kg<\/td>\n<\/tr>\n<\/tbody>\n<\/table>\n","protected":false},"excerpt":{"rendered":"<p>Le test des m\u00e9taux lourds d\u00e9tecte et quantifie les m\u00e9taux lourds nocifs (tels que le plomb, le mercure, le cadmium et l&#8217;arsenic) dans les produits cosm\u00e9tiques, ce qui permet de s&#8217;assurer qu&#8217;ils ne pr\u00e9sentent pas de risques pour la sant\u00e9 des consommateurs. Exigences r\u00e9glementaires Les autorit\u00e9s r\u00e9glementaires, notamment la FDA et le r\u00e8glement europ\u00e9en sur&#8230;<\/p>\n","protected":false},"featured_media":11511,"template":"","meta":[],"product_brand":[],"product_cat":[440],"product_tag":[],"class_list":{"0":"post-10922","1":"product","2":"type-product","3":"status-publish","4":"has-post-thumbnail","6":"product_cat-verification-des-allegations-et-test-des-ingredients","8":"first","9":"instock","10":"virtual","11":"taxable","12":"purchasable","13":"product-type-simple"},"bundled_by":[],"bundle_stock_status":"instock","bundle_stock_quantity":null,"bundle_virtual":false,"bundle_layout":"","bundle_add_to_cart_form_location":"","bundle_editable_in_cart":false,"bundle_sold_individually_context":"","bundle_item_grouping":"","bundle_min_size":"","bundle_max_size":"","bundle_price":[],"bundled_items":[],"bundle_sell_ids":[],"yoast_head":"<!-- This site is optimized with the Yoast SEO Premium plugin v25.4 (Yoast SEO v25.4) - https:\/\/yoast.com\/wordpress\/plugins\/seo\/ -->\n<title>Test de m\u00e9taux lourds - Certified Cosmetics<\/title>\n<meta name=\"description\" content=\"Le test des m\u00e9taux lourds d\u00e9tecte et quantifie les m\u00e9taux lourds nocifs (tels que le plomb, le mercure, le cadmium et l&#039;arsenic) dans les produits cosm\u00e9tiques, ce qui permet de s&#039;assurer qu&#039;ils ne pr\u00e9sentent pas de risques pour la sant\u00e9 des consommateurs.\" \/>\n<meta name=\"robots\" content=\"index, follow, max-snippet:-1, max-image-preview:large, max-video-preview:-1\" \/>\n<link rel=\"canonical\" href=\"https:\/\/www.certifiedcosmetics.com\/fr\/product\/verification-des-allegations-et-test-des-ingredients\/test-de-metaux-lourds\/\" \/>\n<meta property=\"og:locale\" content=\"fr_FR\" \/>\n<meta property=\"og:type\" content=\"article\" \/>\n<meta property=\"og:title\" content=\"Test de m\u00e9taux lourds\" \/>\n<meta property=\"og:description\" content=\"Le test des m\u00e9taux lourds d\u00e9tecte et quantifie les m\u00e9taux lourds nocifs (tels que le plomb, le mercure, le cadmium et l&#039;arsenic) dans les produits cosm\u00e9tiques, ce qui permet de s&#039;assurer qu&#039;ils ne pr\u00e9sentent pas de risques pour la sant\u00e9 des consommateurs.\" \/>\n<meta property=\"og:url\" content=\"https:\/\/www.certifiedcosmetics.com\/fr\/product\/verification-des-allegations-et-test-des-ingredients\/test-de-metaux-lourds\/\" \/>\n<meta property=\"og:site_name\" content=\"Certified Cosmetics\" \/>\n<meta property=\"article:modified_time\" content=\"2025-05-06T09:46:10+00:00\" \/>\n<meta property=\"og:image\" content=\"https:\/\/www.certifiedcosmetics.com\/wp-content\/uploads\/2024\/10\/heavy_metals_lab_test.jpg\" \/>\n\t<meta property=\"og:image:width\" content=\"800\" \/>\n\t<meta property=\"og:image:height\" content=\"800\" \/>\n\t<meta property=\"og:image:type\" content=\"image\/jpeg\" \/>\n<meta name=\"twitter:card\" content=\"summary_large_image\" \/>\n<meta name=\"twitter:label1\" content=\"Prix\" \/>\n\t<meta name=\"twitter:data1\" content=\"&#036;116.52\" \/>\n\t<meta name=\"twitter:label2\" content=\"Disponibilit\u00e9\" \/>\n\t<meta name=\"twitter:data2\" content=\"En stock\" \/>\n<script type=\"application\/ld+json\" class=\"yoast-schema-graph\">{\"@context\":\"https:\/\/schema.org\",\"@graph\":[{\"@type\":\"WebPage\",\"@id\":\"https:\/\/www.certifiedcosmetics.com\/fr\/product\/verification-des-allegations-et-test-des-ingredients\/test-de-metaux-lourds\/\",\"url\":\"https:\/\/www.certifiedcosmetics.com\/fr\/product\/verification-des-allegations-et-test-des-ingredients\/test-de-metaux-lourds\/\",\"name\":\"Test de m\u00e9taux lourds - Certified Cosmetics\",\"isPartOf\":{\"@id\":\"https:\/\/www.certifiedcosmetics.com\/fr\/#website\"},\"primaryImageOfPage\":{\"@id\":\"https:\/\/www.certifiedcosmetics.com\/fr\/product\/verification-des-allegations-et-test-des-ingredients\/test-de-metaux-lourds\/#primaryimage\"},\"image\":{\"@id\":\"https:\/\/www.certifiedcosmetics.com\/fr\/product\/verification-des-allegations-et-test-des-ingredients\/test-de-metaux-lourds\/#primaryimage\"},\"thumbnailUrl\":\"https:\/\/www.certifiedcosmetics.com\/wp-content\/uploads\/2024\/10\/heavy_metals_lab_test.jpg\",\"datePublished\":\"2024-10-27T13:29:12+00:00\",\"dateModified\":\"2025-05-06T09:46:10+00:00\",\"description\":\"Le test des m\u00e9taux lourds d\u00e9tecte et quantifie les m\u00e9taux lourds nocifs (tels que le plomb, le mercure, le cadmium et l'arsenic) dans les produits cosm\u00e9tiques, ce qui permet de s'assurer qu'ils ne pr\u00e9sentent pas de risques pour la sant\u00e9 des consommateurs.\",\"breadcrumb\":{\"@id\":\"https:\/\/www.certifiedcosmetics.com\/fr\/product\/verification-des-allegations-et-test-des-ingredients\/test-de-metaux-lourds\/#breadcrumb\"},\"inLanguage\":\"fr-FR\",\"potentialAction\":[{\"@type\":\"ReadAction\",\"target\":[\"https:\/\/www.certifiedcosmetics.com\/fr\/product\/verification-des-allegations-et-test-des-ingredients\/test-de-metaux-lourds\/\"]}]},{\"@type\":\"ImageObject\",\"inLanguage\":\"fr-FR\",\"@id\":\"https:\/\/www.certifiedcosmetics.com\/fr\/product\/verification-des-allegations-et-test-des-ingredients\/test-de-metaux-lourds\/#primaryimage\",\"url\":\"https:\/\/www.certifiedcosmetics.com\/wp-content\/uploads\/2024\/10\/heavy_metals_lab_test.jpg\",\"contentUrl\":\"https:\/\/www.certifiedcosmetics.com\/wp-content\/uploads\/2024\/10\/heavy_metals_lab_test.jpg\",\"width\":800,\"height\":800},{\"@type\":\"BreadcrumbList\",\"@id\":\"https:\/\/www.certifiedcosmetics.com\/fr\/product\/verification-des-allegations-et-test-des-ingredients\/test-de-metaux-lourds\/#breadcrumb\",\"itemListElement\":[{\"@type\":\"ListItem\",\"position\":1,\"name\":\"Home\",\"item\":\"https:\/\/www.certifiedcosmetics.com\/fr\/\"},{\"@type\":\"ListItem\",\"position\":2,\"name\":\"Boutique\",\"item\":\"https:\/\/www.certifiedcosmetics.com\/fr\/boutique\/\"},{\"@type\":\"ListItem\",\"position\":3,\"name\":\"Test de m\u00e9taux lourds\"}]},{\"@type\":\"WebSite\",\"@id\":\"https:\/\/www.certifiedcosmetics.com\/fr\/#website\",\"url\":\"https:\/\/www.certifiedcosmetics.com\/fr\/\",\"name\":\"Certified Cosmetics\",\"description\":\"Cosmetic Safety Assessment\",\"publisher\":{\"@id\":\"https:\/\/www.certifiedcosmetics.com\/fr\/#organization\"},\"potentialAction\":[{\"@type\":\"SearchAction\",\"target\":{\"@type\":\"EntryPoint\",\"urlTemplate\":\"https:\/\/www.certifiedcosmetics.com\/fr\/?s={search_term_string}\"},\"query-input\":{\"@type\":\"PropertyValueSpecification\",\"valueRequired\":true,\"valueName\":\"search_term_string\"}}],\"inLanguage\":\"fr-FR\"},{\"@type\":\"Organization\",\"@id\":\"https:\/\/www.certifiedcosmetics.com\/fr\/#organization\",\"name\":\"Certified Cosmetics\",\"url\":\"https:\/\/www.certifiedcosmetics.com\/fr\/\",\"logo\":{\"@type\":\"ImageObject\",\"inLanguage\":\"fr-FR\",\"@id\":\"https:\/\/www.certifiedcosmetics.com\/fr\/#\/schema\/logo\/image\/\",\"url\":\"https:\/\/www.certifiedcosmetics.com\/wp-content\/uploads\/2024\/12\/logo_certified_cosmetics696.jpg\",\"contentUrl\":\"https:\/\/www.certifiedcosmetics.com\/wp-content\/uploads\/2024\/12\/logo_certified_cosmetics696.jpg\",\"width\":696,\"height\":696,\"caption\":\"Certified Cosmetics\"},\"image\":{\"@id\":\"https:\/\/www.certifiedcosmetics.com\/fr\/#\/schema\/logo\/image\/\"},\"description\":\"Your trusted partner for cosmetic product safety reporting. We take care of updating all of your documentation, ensuring your compliance stays current even as regulations evolve. The Cosmetic Product Safety Assessment will give you everything you need to sell specific products to EU consumers.\",\"email\":\"contact@certifiedcosmetics.com\",\"telephone\":\"+31 36 2036384\",\"legalName\":\"Certified Cosmetics\",\"foundingDate\":\"2010-01-01\",\"vatID\":\"NL854189543B01\",\"numberOfEmployees\":{\"@type\":\"QuantitativeValue\",\"minValue\":\"11\",\"maxValue\":\"50\"}}]}<\/script>\n<meta property=\"product:price:amount\" content=\"116.52\" \/>\n<meta property=\"product:price:currency\" content=\"USD\" \/>\n<meta property=\"og:availability\" content=\"instock\" \/>\n<meta property=\"product:availability\" content=\"instock\" \/>\n<meta property=\"product:retailer_item_id\" content=\"CC100074\" \/>\n<meta property=\"product:condition\" content=\"new\" \/>\n<!-- \/ Yoast SEO Premium plugin. -->","yoast_head_json":{"title":"Test de m\u00e9taux lourds - Certified Cosmetics","description":"Le test des m\u00e9taux lourds d\u00e9tecte et quantifie les m\u00e9taux lourds nocifs (tels que le plomb, le mercure, le cadmium et l'arsenic) dans les produits cosm\u00e9tiques, ce qui permet de s'assurer qu'ils ne pr\u00e9sentent pas de risques pour la sant\u00e9 des consommateurs.","robots":{"index":"index","follow":"follow","max-snippet":"max-snippet:-1","max-image-preview":"max-image-preview:large","max-video-preview":"max-video-preview:-1"},"canonical":"https:\/\/www.certifiedcosmetics.com\/fr\/product\/verification-des-allegations-et-test-des-ingredients\/test-de-metaux-lourds\/","og_locale":"fr_FR","og_type":"article","og_title":"Test de m\u00e9taux lourds","og_description":"Le test des m\u00e9taux lourds d\u00e9tecte et quantifie les m\u00e9taux lourds nocifs (tels que le plomb, le mercure, le cadmium et l'arsenic) dans les produits cosm\u00e9tiques, ce qui permet de s'assurer qu'ils ne pr\u00e9sentent pas de risques pour la sant\u00e9 des consommateurs.","og_url":"https:\/\/www.certifiedcosmetics.com\/fr\/product\/verification-des-allegations-et-test-des-ingredients\/test-de-metaux-lourds\/","og_site_name":"Certified Cosmetics","article_modified_time":"2025-05-06T09:46:10+00:00","og_image":[{"width":800,"height":800,"url":"https:\/\/www.certifiedcosmetics.com\/wp-content\/uploads\/2024\/10\/heavy_metals_lab_test.jpg","type":"image\/jpeg"}],"twitter_card":"summary_large_image","twitter_misc":{"Prix":"&#36;116.52","Disponibilit\u00e9":"En stock"},"schema":{"@context":"https:\/\/schema.org","@graph":[{"@type":"WebPage","@id":"https:\/\/www.certifiedcosmetics.com\/fr\/product\/verification-des-allegations-et-test-des-ingredients\/test-de-metaux-lourds\/","url":"https:\/\/www.certifiedcosmetics.com\/fr\/product\/verification-des-allegations-et-test-des-ingredients\/test-de-metaux-lourds\/","name":"Test de m\u00e9taux lourds - Certified Cosmetics","isPartOf":{"@id":"https:\/\/www.certifiedcosmetics.com\/fr\/#website"},"primaryImageOfPage":{"@id":"https:\/\/www.certifiedcosmetics.com\/fr\/product\/verification-des-allegations-et-test-des-ingredients\/test-de-metaux-lourds\/#primaryimage"},"image":{"@id":"https:\/\/www.certifiedcosmetics.com\/fr\/product\/verification-des-allegations-et-test-des-ingredients\/test-de-metaux-lourds\/#primaryimage"},"thumbnailUrl":"https:\/\/www.certifiedcosmetics.com\/wp-content\/uploads\/2024\/10\/heavy_metals_lab_test.jpg","datePublished":"2024-10-27T13:29:12+00:00","dateModified":"2025-05-06T09:46:10+00:00","description":"Le test des m\u00e9taux lourds d\u00e9tecte et quantifie les m\u00e9taux lourds nocifs (tels que le plomb, le mercure, le cadmium et l'arsenic) dans les produits cosm\u00e9tiques, ce qui permet de s'assurer qu'ils ne pr\u00e9sentent pas de risques pour la sant\u00e9 des consommateurs.","breadcrumb":{"@id":"https:\/\/www.certifiedcosmetics.com\/fr\/product\/verification-des-allegations-et-test-des-ingredients\/test-de-metaux-lourds\/#breadcrumb"},"inLanguage":"fr-FR","potentialAction":[{"@type":"ReadAction","target":["https:\/\/www.certifiedcosmetics.com\/fr\/product\/verification-des-allegations-et-test-des-ingredients\/test-de-metaux-lourds\/"]}]},{"@type":"ImageObject","inLanguage":"fr-FR","@id":"https:\/\/www.certifiedcosmetics.com\/fr\/product\/verification-des-allegations-et-test-des-ingredients\/test-de-metaux-lourds\/#primaryimage","url":"https:\/\/www.certifiedcosmetics.com\/wp-content\/uploads\/2024\/10\/heavy_metals_lab_test.jpg","contentUrl":"https:\/\/www.certifiedcosmetics.com\/wp-content\/uploads\/2024\/10\/heavy_metals_lab_test.jpg","width":800,"height":800},{"@type":"BreadcrumbList","@id":"https:\/\/www.certifiedcosmetics.com\/fr\/product\/verification-des-allegations-et-test-des-ingredients\/test-de-metaux-lourds\/#breadcrumb","itemListElement":[{"@type":"ListItem","position":1,"name":"Home","item":"https:\/\/www.certifiedcosmetics.com\/fr\/"},{"@type":"ListItem","position":2,"name":"Boutique","item":"https:\/\/www.certifiedcosmetics.com\/fr\/boutique\/"},{"@type":"ListItem","position":3,"name":"Test de m\u00e9taux lourds"}]},{"@type":"WebSite","@id":"https:\/\/www.certifiedcosmetics.com\/fr\/#website","url":"https:\/\/www.certifiedcosmetics.com\/fr\/","name":"Certified Cosmetics","description":"Cosmetic Safety Assessment","publisher":{"@id":"https:\/\/www.certifiedcosmetics.com\/fr\/#organization"},"potentialAction":[{"@type":"SearchAction","target":{"@type":"EntryPoint","urlTemplate":"https:\/\/www.certifiedcosmetics.com\/fr\/?s={search_term_string}"},"query-input":{"@type":"PropertyValueSpecification","valueRequired":true,"valueName":"search_term_string"}}],"inLanguage":"fr-FR"},{"@type":"Organization","@id":"https:\/\/www.certifiedcosmetics.com\/fr\/#organization","name":"Certified Cosmetics","url":"https:\/\/www.certifiedcosmetics.com\/fr\/","logo":{"@type":"ImageObject","inLanguage":"fr-FR","@id":"https:\/\/www.certifiedcosmetics.com\/fr\/#\/schema\/logo\/image\/","url":"https:\/\/www.certifiedcosmetics.com\/wp-content\/uploads\/2024\/12\/logo_certified_cosmetics696.jpg","contentUrl":"https:\/\/www.certifiedcosmetics.com\/wp-content\/uploads\/2024\/12\/logo_certified_cosmetics696.jpg","width":696,"height":696,"caption":"Certified Cosmetics"},"image":{"@id":"https:\/\/www.certifiedcosmetics.com\/fr\/#\/schema\/logo\/image\/"},"description":"Your trusted partner for cosmetic product safety reporting. We take care of updating all of your documentation, ensuring your compliance stays current even as regulations evolve. The Cosmetic Product Safety Assessment will give you everything you need to sell specific products to EU consumers.","email":"contact@certifiedcosmetics.com","telephone":"+31 36 2036384","legalName":"Certified Cosmetics","foundingDate":"2010-01-01","vatID":"NL854189543B01","numberOfEmployees":{"@type":"QuantitativeValue","minValue":"11","maxValue":"50"}}]},"product_price_amount":"116.52","product_price_currency":"USD","og_availability":"instock","product_availability":"instock","product_retailer_item_id":"CC100074","product_condition":"new"},"_links":{"self":[{"href":"https:\/\/www.certifiedcosmetics.com\/fr\/wp-json\/wp\/v2\/product\/10922","targetHints":{"allow":["GET"]}}],"collection":[{"href":"https:\/\/www.certifiedcosmetics.com\/fr\/wp-json\/wp\/v2\/product"}],"about":[{"href":"https:\/\/www.certifiedcosmetics.com\/fr\/wp-json\/wp\/v2\/types\/product"}],"wp:featuredmedia":[{"embeddable":true,"href":"https:\/\/www.certifiedcosmetics.com\/fr\/wp-json\/wp\/v2\/media\/11511"}],"wp:attachment":[{"href":"https:\/\/www.certifiedcosmetics.com\/fr\/wp-json\/wp\/v2\/media?parent=10922"}],"wp:term":[{"taxonomy":"product_brand","embeddable":true,"href":"https:\/\/www.certifiedcosmetics.com\/fr\/wp-json\/wp\/v2\/product_brand?post=10922"},{"taxonomy":"product_cat","embeddable":true,"href":"https:\/\/www.certifiedcosmetics.com\/fr\/wp-json\/wp\/v2\/product_cat?post=10922"},{"taxonomy":"product_tag","embeddable":true,"href":"https:\/\/www.certifiedcosmetics.com\/fr\/wp-json\/wp\/v2\/product_tag?post=10922"}],"curies":[{"name":"wp","href":"https:\/\/api.w.org\/{rel}","templated":true}]}}