{"id":10920,"date":"2024-11-05T09:15:26","date_gmt":"2024-11-05T08:15:26","guid":{"rendered":"https:\/\/www.certifiedcosmetics.com\/?post_type=product&#038;p=10920"},"modified":"2026-03-18T11:11:41","modified_gmt":"2026-03-18T10:11:41","slug":"clp-services-creer-une-etiquette-conforme","status":"publish","type":"product","link":"https:\/\/www.certifiedcosmetics.com\/fr\/product\/notification-de-la-ncp\/clp-services-creer-une-etiquette-conforme\/","title":{"rendered":"CLP Services &#8211; Cr\u00e9er une \u00e9tiquette conforme"},"content":{"rendered":"<p>Il s&#8217;agit d&#8217;un service de r\u00e9daction con\u00e7u pour t&#8217;aider dans la t\u00e2che souvent complexe de la cr\u00e9ation d&#8217;une \u00e9tiquette conforme. Tu recevras un document PDF contenant l&#8217;\u00e9tiquette, les mentions de danger, les pictogrammes de danger, les informations sur les allerg\u00e8nes, etc. Tu peux ensuite utiliser ce document pour incorporer les informations dans ta conception d&#8217;\u00e9tiquette existante ou en cr\u00e9er une nouvelle. Note que nous ne concevons pas et n&#8217;imprimons pas d&#8217;\u00e9tiquettes.  <\/p>\n","protected":false},"excerpt":{"rendered":"<p>Il s&#8217;agit d&#8217;un service de r\u00e9daction con\u00e7u pour t&#8217;aider dans la t\u00e2che souvent complexe de la cr\u00e9ation d&#8217;une \u00e9tiquette conforme. Tu recevras un document PDF contenant l&#8217;\u00e9tiquette, les mentions de danger, les pictogrammes de danger, les informations sur les allerg\u00e8nes, etc. Tu peux ensuite utiliser ce document pour incorporer les informations dans ta conception d&#8217;\u00e9tiquette&#8230;<\/p>\n","protected":false},"featured_media":8955,"template":"","meta":[],"product_brand":[],"product_cat":[403],"product_tag":[],"class_list":{"0":"post-10920","1":"product","2":"type-product","3":"status-publish","4":"has-post-thumbnail","6":"product_cat-notification-de-la-ncp","8":"first","9":"instock","10":"virtual","11":"taxable","12":"purchasable","13":"product-type-simple"},"bundled_by":[],"bundle_stock_status":"instock","bundle_stock_quantity":null,"bundle_virtual":false,"bundle_layout":"","bundle_add_to_cart_form_location":"","bundle_editable_in_cart":false,"bundle_sold_individually_context":"","bundle_item_grouping":"","bundle_min_size":"","bundle_max_size":"","bundle_price":[],"bundled_items":[],"bundle_sell_ids":[],"yoast_head":"<!-- This site is optimized with the Yoast SEO Premium plugin v25.4 (Yoast SEO v25.4) - https:\/\/yoast.com\/wordpress\/plugins\/seo\/ -->\n<title>CLP Services - Cr\u00e9er une \u00e9tiquette conforme - Certified Cosmetics<\/title>\n<meta name=\"robots\" content=\"index, follow, max-snippet:-1, max-image-preview:large, max-video-preview:-1\" \/>\n<link rel=\"canonical\" href=\"https:\/\/www.certifiedcosmetics.com\/fr\/product\/notification-de-la-ncp\/clp-services-creer-une-etiquette-conforme\/\" \/>\n<meta property=\"og:locale\" content=\"fr_FR\" \/>\n<meta property=\"og:type\" content=\"article\" \/>\n<meta property=\"og:title\" content=\"CLP Services - Cr\u00e9er une \u00e9tiquette conforme\" \/>\n<meta property=\"og:description\" content=\"Il s&#8217;agit d&#8217;un service de r\u00e9daction con\u00e7u pour t&#8217;aider dans la t\u00e2che souvent complexe de la cr\u00e9ation d&#8217;une \u00e9tiquette conforme. Tu recevras un document PDF contenant l&#8217;\u00e9tiquette, les mentions de danger, les pictogrammes de danger, les informations sur les allerg\u00e8nes, etc. Tu peux ensuite utiliser ce document pour incorporer les informations dans ta conception d&#8217;\u00e9tiquette...\" \/>\n<meta property=\"og:url\" content=\"https:\/\/www.certifiedcosmetics.com\/fr\/product\/notification-de-la-ncp\/clp-services-creer-une-etiquette-conforme\/\" \/>\n<meta property=\"og:site_name\" content=\"Certified Cosmetics\" \/>\n<meta property=\"article:modified_time\" content=\"2026-03-18T10:11:41+00:00\" \/>\n<meta property=\"og:image\" content=\"https:\/\/www.certifiedcosmetics.com\/wp-content\/uploads\/2024\/09\/start-sales.jpg\" \/>\n\t<meta property=\"og:image:width\" content=\"800\" \/>\n\t<meta property=\"og:image:height\" content=\"800\" \/>\n\t<meta property=\"og:image:type\" content=\"image\/jpeg\" \/>\n<meta name=\"twitter:card\" content=\"summary_large_image\" \/>\n<meta name=\"twitter:label1\" content=\"Prix\" \/>\n\t<meta name=\"twitter:data1\" content=\"&#036;46.78\" \/>\n\t<meta name=\"twitter:label2\" content=\"Disponibilit\u00e9\" \/>\n\t<meta name=\"twitter:data2\" content=\"En stock\" \/>\n<script type=\"application\/ld+json\" class=\"yoast-schema-graph\">{\"@context\":\"https:\/\/schema.org\",\"@graph\":[{\"@type\":\"WebPage\",\"@id\":\"https:\/\/www.certifiedcosmetics.com\/fr\/product\/notification-de-la-ncp\/clp-services-creer-une-etiquette-conforme\/\",\"url\":\"https:\/\/www.certifiedcosmetics.com\/fr\/product\/notification-de-la-ncp\/clp-services-creer-une-etiquette-conforme\/\",\"name\":\"CLP Services - Cr\u00e9er une \u00e9tiquette conforme - Certified Cosmetics\",\"isPartOf\":{\"@id\":\"https:\/\/www.certifiedcosmetics.com\/fr\/#website\"},\"primaryImageOfPage\":{\"@id\":\"https:\/\/www.certifiedcosmetics.com\/fr\/product\/notification-de-la-ncp\/clp-services-creer-une-etiquette-conforme\/#primaryimage\"},\"image\":{\"@id\":\"https:\/\/www.certifiedcosmetics.com\/fr\/product\/notification-de-la-ncp\/clp-services-creer-une-etiquette-conforme\/#primaryimage\"},\"thumbnailUrl\":\"https:\/\/www.certifiedcosmetics.com\/wp-content\/uploads\/2024\/09\/start-sales.jpg\",\"datePublished\":\"2024-11-05T08:15:26+00:00\",\"dateModified\":\"2026-03-18T10:11:41+00:00\",\"breadcrumb\":{\"@id\":\"https:\/\/www.certifiedcosmetics.com\/fr\/product\/notification-de-la-ncp\/clp-services-creer-une-etiquette-conforme\/#breadcrumb\"},\"inLanguage\":\"fr-FR\",\"potentialAction\":[{\"@type\":\"ReadAction\",\"target\":[\"https:\/\/www.certifiedcosmetics.com\/fr\/product\/notification-de-la-ncp\/clp-services-creer-une-etiquette-conforme\/\"]}]},{\"@type\":\"ImageObject\",\"inLanguage\":\"fr-FR\",\"@id\":\"https:\/\/www.certifiedcosmetics.com\/fr\/product\/notification-de-la-ncp\/clp-services-creer-une-etiquette-conforme\/#primaryimage\",\"url\":\"https:\/\/www.certifiedcosmetics.com\/wp-content\/uploads\/2024\/09\/start-sales.jpg\",\"contentUrl\":\"https:\/\/www.certifiedcosmetics.com\/wp-content\/uploads\/2024\/09\/start-sales.jpg\",\"width\":800,\"height\":800},{\"@type\":\"BreadcrumbList\",\"@id\":\"https:\/\/www.certifiedcosmetics.com\/fr\/product\/notification-de-la-ncp\/clp-services-creer-une-etiquette-conforme\/#breadcrumb\",\"itemListElement\":[{\"@type\":\"ListItem\",\"position\":1,\"name\":\"Home\",\"item\":\"https:\/\/www.certifiedcosmetics.com\/fr\/\"},{\"@type\":\"ListItem\",\"position\":2,\"name\":\"Boutique\",\"item\":\"https:\/\/www.certifiedcosmetics.com\/fr\/boutique\/\"},{\"@type\":\"ListItem\",\"position\":3,\"name\":\"CLP Services &#8211; Cr\u00e9er une \u00e9tiquette conforme\"}]},{\"@type\":\"WebSite\",\"@id\":\"https:\/\/www.certifiedcosmetics.com\/fr\/#website\",\"url\":\"https:\/\/www.certifiedcosmetics.com\/fr\/\",\"name\":\"Certified Cosmetics\",\"description\":\"Cosmetic Safety Assessment\",\"publisher\":{\"@id\":\"https:\/\/www.certifiedcosmetics.com\/fr\/#organization\"},\"potentialAction\":[{\"@type\":\"SearchAction\",\"target\":{\"@type\":\"EntryPoint\",\"urlTemplate\":\"https:\/\/www.certifiedcosmetics.com\/fr\/?s={search_term_string}\"},\"query-input\":{\"@type\":\"PropertyValueSpecification\",\"valueRequired\":true,\"valueName\":\"search_term_string\"}}],\"inLanguage\":\"fr-FR\"},{\"@type\":\"Organization\",\"@id\":\"https:\/\/www.certifiedcosmetics.com\/fr\/#organization\",\"name\":\"Certified Cosmetics\",\"url\":\"https:\/\/www.certifiedcosmetics.com\/fr\/\",\"logo\":{\"@type\":\"ImageObject\",\"inLanguage\":\"fr-FR\",\"@id\":\"https:\/\/www.certifiedcosmetics.com\/fr\/#\/schema\/logo\/image\/\",\"url\":\"https:\/\/www.certifiedcosmetics.com\/wp-content\/uploads\/2024\/12\/logo_certified_cosmetics696.jpg\",\"contentUrl\":\"https:\/\/www.certifiedcosmetics.com\/wp-content\/uploads\/2024\/12\/logo_certified_cosmetics696.jpg\",\"width\":696,\"height\":696,\"caption\":\"Certified Cosmetics\"},\"image\":{\"@id\":\"https:\/\/www.certifiedcosmetics.com\/fr\/#\/schema\/logo\/image\/\"},\"description\":\"Your trusted partner for cosmetic product safety reporting. We take care of updating all of your documentation, ensuring your compliance stays current even as regulations evolve. The Cosmetic Product Safety Assessment will give you everything you need to sell specific products to EU consumers.\",\"email\":\"contact@certifiedcosmetics.com\",\"telephone\":\"+31 36 2036384\",\"legalName\":\"Certified Cosmetics\",\"foundingDate\":\"2010-01-01\",\"vatID\":\"NL854189543B01\",\"numberOfEmployees\":{\"@type\":\"QuantitativeValue\",\"minValue\":\"11\",\"maxValue\":\"50\"}}]}<\/script>\n<meta property=\"product:price:amount\" content=\"46.78\" \/>\n<meta property=\"product:price:currency\" content=\"USD\" \/>\n<meta property=\"og:availability\" content=\"instock\" \/>\n<meta property=\"product:availability\" content=\"instock\" \/>\n<meta property=\"product:retailer_item_id\" content=\"CC100027\" \/>\n<meta property=\"product:condition\" content=\"new\" \/>\n<!-- \/ Yoast SEO Premium plugin. -->","yoast_head_json":{"title":"CLP Services - Cr\u00e9er une \u00e9tiquette conforme - Certified Cosmetics","robots":{"index":"index","follow":"follow","max-snippet":"max-snippet:-1","max-image-preview":"max-image-preview:large","max-video-preview":"max-video-preview:-1"},"canonical":"https:\/\/www.certifiedcosmetics.com\/fr\/product\/notification-de-la-ncp\/clp-services-creer-une-etiquette-conforme\/","og_locale":"fr_FR","og_type":"article","og_title":"CLP Services - Cr\u00e9er une \u00e9tiquette conforme","og_description":"Il s&#8217;agit d&#8217;un service de r\u00e9daction con\u00e7u pour t&#8217;aider dans la t\u00e2che souvent complexe de la cr\u00e9ation d&#8217;une \u00e9tiquette conforme. Tu recevras un document PDF contenant l&#8217;\u00e9tiquette, les mentions de danger, les pictogrammes de danger, les informations sur les allerg\u00e8nes, etc. Tu peux ensuite utiliser ce document pour incorporer les informations dans ta conception d&#8217;\u00e9tiquette...","og_url":"https:\/\/www.certifiedcosmetics.com\/fr\/product\/notification-de-la-ncp\/clp-services-creer-une-etiquette-conforme\/","og_site_name":"Certified Cosmetics","article_modified_time":"2026-03-18T10:11:41+00:00","og_image":[{"width":800,"height":800,"url":"https:\/\/www.certifiedcosmetics.com\/wp-content\/uploads\/2024\/09\/start-sales.jpg","type":"image\/jpeg"}],"twitter_card":"summary_large_image","twitter_misc":{"Prix":"&#36;46.78","Disponibilit\u00e9":"En stock"},"schema":{"@context":"https:\/\/schema.org","@graph":[{"@type":"WebPage","@id":"https:\/\/www.certifiedcosmetics.com\/fr\/product\/notification-de-la-ncp\/clp-services-creer-une-etiquette-conforme\/","url":"https:\/\/www.certifiedcosmetics.com\/fr\/product\/notification-de-la-ncp\/clp-services-creer-une-etiquette-conforme\/","name":"CLP Services - Cr\u00e9er une \u00e9tiquette conforme - Certified Cosmetics","isPartOf":{"@id":"https:\/\/www.certifiedcosmetics.com\/fr\/#website"},"primaryImageOfPage":{"@id":"https:\/\/www.certifiedcosmetics.com\/fr\/product\/notification-de-la-ncp\/clp-services-creer-une-etiquette-conforme\/#primaryimage"},"image":{"@id":"https:\/\/www.certifiedcosmetics.com\/fr\/product\/notification-de-la-ncp\/clp-services-creer-une-etiquette-conforme\/#primaryimage"},"thumbnailUrl":"https:\/\/www.certifiedcosmetics.com\/wp-content\/uploads\/2024\/09\/start-sales.jpg","datePublished":"2024-11-05T08:15:26+00:00","dateModified":"2026-03-18T10:11:41+00:00","breadcrumb":{"@id":"https:\/\/www.certifiedcosmetics.com\/fr\/product\/notification-de-la-ncp\/clp-services-creer-une-etiquette-conforme\/#breadcrumb"},"inLanguage":"fr-FR","potentialAction":[{"@type":"ReadAction","target":["https:\/\/www.certifiedcosmetics.com\/fr\/product\/notification-de-la-ncp\/clp-services-creer-une-etiquette-conforme\/"]}]},{"@type":"ImageObject","inLanguage":"fr-FR","@id":"https:\/\/www.certifiedcosmetics.com\/fr\/product\/notification-de-la-ncp\/clp-services-creer-une-etiquette-conforme\/#primaryimage","url":"https:\/\/www.certifiedcosmetics.com\/wp-content\/uploads\/2024\/09\/start-sales.jpg","contentUrl":"https:\/\/www.certifiedcosmetics.com\/wp-content\/uploads\/2024\/09\/start-sales.jpg","width":800,"height":800},{"@type":"BreadcrumbList","@id":"https:\/\/www.certifiedcosmetics.com\/fr\/product\/notification-de-la-ncp\/clp-services-creer-une-etiquette-conforme\/#breadcrumb","itemListElement":[{"@type":"ListItem","position":1,"name":"Home","item":"https:\/\/www.certifiedcosmetics.com\/fr\/"},{"@type":"ListItem","position":2,"name":"Boutique","item":"https:\/\/www.certifiedcosmetics.com\/fr\/boutique\/"},{"@type":"ListItem","position":3,"name":"CLP Services &#8211; Cr\u00e9er une \u00e9tiquette conforme"}]},{"@type":"WebSite","@id":"https:\/\/www.certifiedcosmetics.com\/fr\/#website","url":"https:\/\/www.certifiedcosmetics.com\/fr\/","name":"Certified Cosmetics","description":"Cosmetic Safety Assessment","publisher":{"@id":"https:\/\/www.certifiedcosmetics.com\/fr\/#organization"},"potentialAction":[{"@type":"SearchAction","target":{"@type":"EntryPoint","urlTemplate":"https:\/\/www.certifiedcosmetics.com\/fr\/?s={search_term_string}"},"query-input":{"@type":"PropertyValueSpecification","valueRequired":true,"valueName":"search_term_string"}}],"inLanguage":"fr-FR"},{"@type":"Organization","@id":"https:\/\/www.certifiedcosmetics.com\/fr\/#organization","name":"Certified Cosmetics","url":"https:\/\/www.certifiedcosmetics.com\/fr\/","logo":{"@type":"ImageObject","inLanguage":"fr-FR","@id":"https:\/\/www.certifiedcosmetics.com\/fr\/#\/schema\/logo\/image\/","url":"https:\/\/www.certifiedcosmetics.com\/wp-content\/uploads\/2024\/12\/logo_certified_cosmetics696.jpg","contentUrl":"https:\/\/www.certifiedcosmetics.com\/wp-content\/uploads\/2024\/12\/logo_certified_cosmetics696.jpg","width":696,"height":696,"caption":"Certified Cosmetics"},"image":{"@id":"https:\/\/www.certifiedcosmetics.com\/fr\/#\/schema\/logo\/image\/"},"description":"Your trusted partner for cosmetic product safety reporting. We take care of updating all of your documentation, ensuring your compliance stays current even as regulations evolve. The Cosmetic Product Safety Assessment will give you everything you need to sell specific products to EU consumers.","email":"contact@certifiedcosmetics.com","telephone":"+31 36 2036384","legalName":"Certified Cosmetics","foundingDate":"2010-01-01","vatID":"NL854189543B01","numberOfEmployees":{"@type":"QuantitativeValue","minValue":"11","maxValue":"50"}}]},"product_price_amount":"46.78","product_price_currency":"USD","og_availability":"instock","product_availability":"instock","product_retailer_item_id":"CC100027","product_condition":"new"},"_links":{"self":[{"href":"https:\/\/www.certifiedcosmetics.com\/fr\/wp-json\/wp\/v2\/product\/10920","targetHints":{"allow":["GET"]}}],"collection":[{"href":"https:\/\/www.certifiedcosmetics.com\/fr\/wp-json\/wp\/v2\/product"}],"about":[{"href":"https:\/\/www.certifiedcosmetics.com\/fr\/wp-json\/wp\/v2\/types\/product"}],"wp:featuredmedia":[{"embeddable":true,"href":"https:\/\/www.certifiedcosmetics.com\/fr\/wp-json\/wp\/v2\/media\/8955"}],"wp:attachment":[{"href":"https:\/\/www.certifiedcosmetics.com\/fr\/wp-json\/wp\/v2\/media?parent=10920"}],"wp:term":[{"taxonomy":"product_brand","embeddable":true,"href":"https:\/\/www.certifiedcosmetics.com\/fr\/wp-json\/wp\/v2\/product_brand?post=10920"},{"taxonomy":"product_cat","embeddable":true,"href":"https:\/\/www.certifiedcosmetics.com\/fr\/wp-json\/wp\/v2\/product_cat?post=10920"},{"taxonomy":"product_tag","embeddable":true,"href":"https:\/\/www.certifiedcosmetics.com\/fr\/wp-json\/wp\/v2\/product_tag?post=10920"}],"curies":[{"name":"wp","href":"https:\/\/api.w.org\/{rel}","templated":true}]}}