{"id":10799,"date":"2024-11-28T10:56:07","date_gmt":"2024-11-28T09:56:07","guid":{"rendered":"https:\/\/www.certifiedcosmetics.com\/product\/non class\u00e9\/examen-des-etiquettes-de-produits-cosmetiques\/"},"modified":"2024-11-28T10:56:07","modified_gmt":"2024-11-28T09:56:07","slug":"examen-des-etiquettes-de-produits-cosmetiques","status":"publish","type":"product","link":"https:\/\/www.certifiedcosmetics.com\/fr\/product\/evaluation-de-la-securite-des-produits-cosmetiques\/examen-des-etiquettes-de-produits-cosmetiques\/","title":{"rendered":"Examen des \u00e9tiquettes de produits cosm\u00e9tiques"},"content":{"rendered":"<p>Lorsqu&#8217;il s&#8217;agit de cosm\u00e9tiques, l&#8217;\u00e9tiquette d&#8217;un produit est bien plus qu&#8217;un simple outil de marketing ; c&#8217;est un \u00e9l\u00e9ment essentiel de conformit\u00e9 qui garantit la confiance des consommateurs, la s\u00e9curit\u00e9 et le respect des r\u00e9glementations. Que tu lances un nouveau produit ou que tu te d\u00e9veloppes sur de nouveaux march\u00e9s, une \u00e9tiquette cosm\u00e9tique bien r\u00e9vis\u00e9e est une \u00e9tape vitale de ton parcours. Nos <strong>services de r\u00e9vision d&#8217;\u00e9tiquettes cosm\u00e9tiques<\/strong> permettent \u00e0 une marque de cosm\u00e9tiques de faire r\u00e9viser<strong> son <\/strong>travail artistique<strong> pour s&#8217;assurer qu&#8217;il respecte toutes les directives<\/strong>. Dans notre entreprise, nous sommes sp\u00e9cialis\u00e9s dans les rapports sur la s\u00e9curit\u00e9 des produits cosm\u00e9tiques (CPSR) et nous proposons deux services de r\u00e9vision d&#8217;\u00e9tiquettes cosm\u00e9tiques adapt\u00e9s \u00e0 tes besoins : <strong>Standard<\/strong> et <strong>\u00c9tendu<\/strong>.  <\/p>\n<h2><strong>Qu&#8217;est-ce qu&#8217;un examen de l&#8217;\u00e9tiquette d&#8217;un produit cosm\u00e9tique ?<\/strong><\/h2>\n<p>L&#8217;examen de l&#8217;\u00e9tiquette d&#8217;un produit cosm\u00e9tique est une \u00e9valuation approfondie de l&#8217;emballage d&#8217;un produit et du mat\u00e9riel d&#8217;accompagnement (comme les notices) pour s&#8217;assurer qu&#8217;ils r\u00e9pondent aux normes r\u00e9glementaires dans la ou les r\u00e9gions souhait\u00e9es. Il s&#8217;agit notamment de v\u00e9rifier que l&#8217;\u00e9tiquette fournit les informations requises aux consommateurs et qu&#8217;elle respecte les directives de communication marketing. Les \u00e9l\u00e9ments cl\u00e9s d&#8217;un examen d&#8217;\u00e9tiquette comprennent : <\/p>\n<ul>\n<li><strong>\u00c9tiquette primaire :<\/strong> L&#8217;emballage principal du produit.<\/li>\n<li><strong>\u00c9tiquette secondaire :<\/strong> Toute couche d&#8217;emballage suppl\u00e9mentaire.<\/li>\n<li><strong>D\u00e9pliant :<\/strong> Encarts qui fournissent des informations suppl\u00e9mentaires, le cas \u00e9ch\u00e9ant.<\/li>\n<\/ul>\n<h2><strong>Pourquoi un examen de l&#8217;\u00e9tiquette d&#8217;un produit cosm\u00e9tique est-il n\u00e9cessaire ?<\/strong><\/h2>\n<ol>\n<li><strong>Conformit\u00e9 \u00e0 la r\u00e9glementation :<\/strong> Chaque pays ou r\u00e9gion poss\u00e8de des r\u00e9glementations sp\u00e9cifiques pour l&#8217;\u00e9tiquetage des cosm\u00e9tiques. Veiller \u00e0 la conformit\u00e9 permet d&#8217;\u00e9viter les sanctions l\u00e9gales, les rappels de produits ou les interdictions de vente. <\/li>\n<li><strong>Confiance des consommateurs :<\/strong> Les \u00e9tiquettes pr\u00e9cises et claires font preuve de transparence, ce qui permet aux clients d&#8217;avoir confiance en ta marque.<\/li>\n<li><strong>Justification des all\u00e9gations :<\/strong> Les all\u00e9gations telles que &#8220;anti-\u00e2ge&#8221; ou &#8220;hydratant&#8221; doivent \u00eatre \u00e9tay\u00e9es par des tests et des preuves appropri\u00e9s pour \u00e9viter d&#8217;induire les consommateurs en erreur.<\/li>\n<li><strong>Expansion du march\u00e9 :<\/strong> L&#8217;entr\u00e9e sur un nouveau march\u00e9 n\u00e9cessite le respect des normes d&#8217;\u00e9tiquetage locales. Un examen de l&#8217;\u00e9tiquette cosm\u00e9tique garantit que ton produit est pr\u00eat pour un succ\u00e8s mondial. <\/li>\n<\/ol>\n<h2>Pourquoi nous choisir pour ton examen d&#8217;\u00e9tiquette cosm\u00e9tique ?<\/h2>\n<ul>\n<li><strong>Expertise :<\/strong> Gr\u00e2ce \u00e0 notre vaste exp\u00e9rience en mati\u00e8re de conformit\u00e9 r\u00e9glementaire et de CPSR, nous comprenons les subtilit\u00e9s de l&#8217;\u00e9tiquetage des produits cosm\u00e9tiques d&#8217;une r\u00e9gion \u00e0 l&#8217;autre.<\/li>\n<li><strong>Efficacit\u00e9 :<\/strong> Nos examens sont rapides sans compromettre la qualit\u00e9, ce qui te permet de respecter les d\u00e9lais de lancement des produits.<\/li>\n<li><strong>Personnalisation :<\/strong> Que tu aies besoin d&#8217;un contr\u00f4le rapide ou d&#8217;une \u00e9valuation approfondie, nous avons le service qu&#8217;il te faut.<\/li>\n<\/ul>\n<h2>Nos services de r\u00e9vision des \u00e9tiquettes de produits cosm\u00e9tiques<\/h2>\n<h4><strong>1. Examen de l&#8217;\u00e9tiquette standard<\/strong><\/h4>\n<p>Cette option est parfaite pour les marques qui recherchent un <strong>examen r\u00e9glementaire rapide<\/strong> pour s&#8217;assurer que leurs \u00e9tiquettes r\u00e9pondent aux normes de conformit\u00e9 de base pour la ou les r\u00e9gions souhait\u00e9es. Ce qui est inclus :<\/p>\n<ul>\n<li>\u00c9valuation des <strong>informations obligatoires pour les consommateurs<\/strong> sur l&#8217;\u00e9tiquette principale, l&#8217;\u00e9tiquette secondaire et la notice.<\/li>\n<li>Examen de la <strong>communication marketing<\/strong> pour s&#8217;assurer que les revendications s&#8217;alignent sur les exigences r\u00e9glementaires.<\/li>\n<\/ul>\n<h4><strong>2. Examen approfondi de l&#8217;\u00e9tiquette<\/strong><\/h4>\n<p>Notre <strong>examen des \u00e9tiquettes mondiales<\/strong> est une option compl\u00e8te con\u00e7ue pour les marques visant \u00e0 perfectionner leurs \u00e9tiquettes pour les march\u00e9s internationaux. Ce qui est inclus :<\/p>\n<ul>\n<li>Tout ce qui se trouve dans la <strong>revue standard<\/strong>, en plus :\n<ul>\n<li>Validation des tests utilis\u00e9s pour justifier les revendications.<\/li>\n<li><strong>Recommandations avanc\u00e9es<\/strong> pour mettre \u00e0 jour les revendications probl\u00e9matiques tout en conservant leur intention initiale.<\/li>\n<li>Cr\u00e9ation de la <strong>liste des ingr\u00e9dients<\/strong> dans le format requis pour chaque pays.<\/li>\n<li>V\u00e9rification des <strong>avertissements<\/strong> et du <strong>mode d&#8217;emploi<\/strong> pour s&#8217;aligner sur la r\u00e9glementation.<\/li>\n<\/ul>\n<\/li>\n<\/ul>\n<h2><strong>Pourquoi nos services se distinguent-ils ?<\/strong><\/h2>\n<ul>\n<li><strong>Connaissance du march\u00e9 :<\/strong> Nous fournissons des examens adapt\u00e9s aux exigences des diff\u00e9rents pays, ce qui garantit une entr\u00e9e transparente sur le march\u00e9.<\/li>\n<li><strong>Analyse approfondie :<\/strong> De la justification des revendications aux recommandations avanc\u00e9es, nos services vont au-del\u00e0 des v\u00e9rifications de surface.<\/li>\n<li><strong>Approche centr\u00e9e sur le consommateur :<\/strong> En assurant la clart\u00e9 et la conformit\u00e9, nous t&#8217;aidons \u00e0 construire une base de clients fid\u00e8les.<\/li>\n<\/ul>\n<p>L&#8217;examen de l&#8217;\u00e9tiquette d&#8217;un produit cosm\u00e9tique est un \u00e9l\u00e9ment indispensable \u00e0 la mise sur le march\u00e9 de produits s\u00fbrs, conformes et respectueux des consommateurs. En t&#8217;associant \u00e0 nous, tu gagnes un alli\u00e9 fiable pour naviguer dans les complexit\u00e9s des r\u00e9glementations sur les cosm\u00e9tiques. Que tu choisisses notre service de r\u00e9vision <strong>standard<\/strong> ou <strong>\u00e9tendu<\/strong>, tu peux compter sur notre expertise, notre efficacit\u00e9 et notre souci du d\u00e9tail. Laisse-nous nous occuper de tes besoins en mati\u00e8re de r\u00e9vision d&#8217;\u00e9tiquettes pour que tu puisses te concentrer sur ce que tu fais de mieux : cr\u00e9er des produits cosm\u00e9tiques exceptionnels. <\/p>\n","protected":false},"excerpt":{"rendered":"<p>Lorsqu&#8217;il s&#8217;agit de cosm\u00e9tiques, l&#8217;\u00e9tiquette d&#8217;un produit est bien plus qu&#8217;un simple outil de marketing ; c&#8217;est un \u00e9l\u00e9ment essentiel de conformit\u00e9 qui garantit la confiance des consommateurs, la s\u00e9curit\u00e9 et le respect des r\u00e9glementations. Que tu lances un nouveau produit ou que tu te d\u00e9veloppes sur de nouveaux march\u00e9s, une \u00e9tiquette cosm\u00e9tique bien r\u00e9vis\u00e9e&#8230;<\/p>\n","protected":false},"featured_media":8955,"template":"","meta":[],"product_brand":[],"product_cat":[113],"product_tag":[],"class_list":{"0":"post-10799","1":"product","2":"type-product","3":"status-publish","4":"has-post-thumbnail","6":"product_cat-evaluation-de-la-securite-des-produits-cosmetiques","8":"first","9":"instock","10":"taxable","11":"shipping-taxable","12":"purchasable","13":"product-type-variable","14":"has-default-attributes"},"bundled_by":["14682"],"bundle_stock_status":"instock","bundle_stock_quantity":null,"bundle_virtual":false,"bundle_layout":"","bundle_add_to_cart_form_location":"","bundle_editable_in_cart":false,"bundle_sold_individually_context":"","bundle_item_grouping":"","bundle_min_size":"","bundle_max_size":"","bundle_price":[],"bundled_items":[],"bundle_sell_ids":[],"yoast_head":"<!-- This site is optimized with the Yoast SEO Premium plugin v25.4 (Yoast SEO v25.4) - https:\/\/yoast.com\/wordpress\/plugins\/seo\/ -->\n<title>Examen des \u00e9tiquettes de produits cosm\u00e9tiques - Certified Cosmetics<\/title>\n<meta name=\"description\" content=\"Nos services de r\u00e9vision d&#039;\u00e9tiquettes cosm\u00e9tiques permettent \u00e0 une marque de cosm\u00e9tiques de faire r\u00e9viser ses illustrations pour s&#039;assurer qu&#039;elles respectent toutes les directives,\" \/>\n<meta name=\"robots\" content=\"index, follow, max-snippet:-1, max-image-preview:large, max-video-preview:-1\" \/>\n<link rel=\"canonical\" href=\"https:\/\/www.certifiedcosmetics.com\/fr\/product\/evaluation-de-la-securite-des-produits-cosmetiques\/examen-des-etiquettes-de-produits-cosmetiques\/\" \/>\n<meta property=\"og:locale\" content=\"fr_FR\" \/>\n<meta property=\"og:type\" content=\"article\" \/>\n<meta property=\"og:title\" content=\"Examen des \u00e9tiquettes de produits cosm\u00e9tiques\" \/>\n<meta property=\"og:description\" content=\"Nos services de r\u00e9vision d&#039;\u00e9tiquettes cosm\u00e9tiques permettent \u00e0 une marque de cosm\u00e9tiques de faire r\u00e9viser ses illustrations pour s&#039;assurer qu&#039;elles respectent toutes les directives,\" \/>\n<meta property=\"og:url\" content=\"https:\/\/www.certifiedcosmetics.com\/fr\/product\/evaluation-de-la-securite-des-produits-cosmetiques\/examen-des-etiquettes-de-produits-cosmetiques\/\" \/>\n<meta property=\"og:site_name\" content=\"Certified Cosmetics\" \/>\n<meta property=\"og:image\" content=\"https:\/\/www.certifiedcosmetics.com\/wp-content\/uploads\/2024\/09\/start-sales.jpg\" \/>\n\t<meta property=\"og:image:width\" content=\"800\" \/>\n\t<meta property=\"og:image:height\" content=\"800\" \/>\n\t<meta property=\"og:image:type\" content=\"image\/jpeg\" \/>\n<meta name=\"twitter:card\" content=\"summary_large_image\" \/>\n<meta name=\"twitter:label1\" content=\"Disponibilit\u00e9\" \/>\n\t<meta name=\"twitter:data1\" content=\"En stock\" \/>\n<script type=\"application\/ld+json\" class=\"yoast-schema-graph\">{\"@context\":\"https:\/\/schema.org\",\"@graph\":[{\"@type\":\"WebPage\",\"@id\":\"https:\/\/www.certifiedcosmetics.com\/fr\/product\/evaluation-de-la-securite-des-produits-cosmetiques\/examen-des-etiquettes-de-produits-cosmetiques\/\",\"url\":\"https:\/\/www.certifiedcosmetics.com\/fr\/product\/evaluation-de-la-securite-des-produits-cosmetiques\/examen-des-etiquettes-de-produits-cosmetiques\/\",\"name\":\"Examen des \u00e9tiquettes de produits cosm\u00e9tiques - Certified Cosmetics\",\"isPartOf\":{\"@id\":\"https:\/\/www.certifiedcosmetics.com\/fr\/#website\"},\"primaryImageOfPage\":{\"@id\":\"https:\/\/www.certifiedcosmetics.com\/fr\/product\/evaluation-de-la-securite-des-produits-cosmetiques\/examen-des-etiquettes-de-produits-cosmetiques\/#primaryimage\"},\"image\":{\"@id\":\"https:\/\/www.certifiedcosmetics.com\/fr\/product\/evaluation-de-la-securite-des-produits-cosmetiques\/examen-des-etiquettes-de-produits-cosmetiques\/#primaryimage\"},\"thumbnailUrl\":\"https:\/\/www.certifiedcosmetics.com\/wp-content\/uploads\/2024\/09\/start-sales.jpg\",\"datePublished\":\"2024-11-28T09:56:07+00:00\",\"description\":\"Nos services de r\u00e9vision d'\u00e9tiquettes cosm\u00e9tiques permettent \u00e0 une marque de cosm\u00e9tiques de faire r\u00e9viser ses illustrations pour s'assurer qu'elles respectent toutes les directives,\",\"breadcrumb\":{\"@id\":\"https:\/\/www.certifiedcosmetics.com\/fr\/product\/evaluation-de-la-securite-des-produits-cosmetiques\/examen-des-etiquettes-de-produits-cosmetiques\/#breadcrumb\"},\"inLanguage\":\"fr-FR\",\"potentialAction\":[{\"@type\":\"ReadAction\",\"target\":[\"https:\/\/www.certifiedcosmetics.com\/fr\/product\/evaluation-de-la-securite-des-produits-cosmetiques\/examen-des-etiquettes-de-produits-cosmetiques\/\"]}]},{\"@type\":\"ImageObject\",\"inLanguage\":\"fr-FR\",\"@id\":\"https:\/\/www.certifiedcosmetics.com\/fr\/product\/evaluation-de-la-securite-des-produits-cosmetiques\/examen-des-etiquettes-de-produits-cosmetiques\/#primaryimage\",\"url\":\"https:\/\/www.certifiedcosmetics.com\/wp-content\/uploads\/2024\/09\/start-sales.jpg\",\"contentUrl\":\"https:\/\/www.certifiedcosmetics.com\/wp-content\/uploads\/2024\/09\/start-sales.jpg\",\"width\":800,\"height\":800},{\"@type\":\"BreadcrumbList\",\"@id\":\"https:\/\/www.certifiedcosmetics.com\/fr\/product\/evaluation-de-la-securite-des-produits-cosmetiques\/examen-des-etiquettes-de-produits-cosmetiques\/#breadcrumb\",\"itemListElement\":[{\"@type\":\"ListItem\",\"position\":1,\"name\":\"Home\",\"item\":\"https:\/\/www.certifiedcosmetics.com\/fr\/\"},{\"@type\":\"ListItem\",\"position\":2,\"name\":\"Boutique\",\"item\":\"https:\/\/www.certifiedcosmetics.com\/fr\/boutique\/\"},{\"@type\":\"ListItem\",\"position\":3,\"name\":\"Examen des \u00e9tiquettes de produits cosm\u00e9tiques\"}]},{\"@type\":\"WebSite\",\"@id\":\"https:\/\/www.certifiedcosmetics.com\/fr\/#website\",\"url\":\"https:\/\/www.certifiedcosmetics.com\/fr\/\",\"name\":\"Certified Cosmetics\",\"description\":\"Cosmetic Safety Assessment\",\"publisher\":{\"@id\":\"https:\/\/www.certifiedcosmetics.com\/fr\/#organization\"},\"potentialAction\":[{\"@type\":\"SearchAction\",\"target\":{\"@type\":\"EntryPoint\",\"urlTemplate\":\"https:\/\/www.certifiedcosmetics.com\/fr\/?s={search_term_string}\"},\"query-input\":{\"@type\":\"PropertyValueSpecification\",\"valueRequired\":true,\"valueName\":\"search_term_string\"}}],\"inLanguage\":\"fr-FR\"},{\"@type\":\"Organization\",\"@id\":\"https:\/\/www.certifiedcosmetics.com\/fr\/#organization\",\"name\":\"Certified Cosmetics\",\"url\":\"https:\/\/www.certifiedcosmetics.com\/fr\/\",\"logo\":{\"@type\":\"ImageObject\",\"inLanguage\":\"fr-FR\",\"@id\":\"https:\/\/www.certifiedcosmetics.com\/fr\/#\/schema\/logo\/image\/\",\"url\":\"https:\/\/www.certifiedcosmetics.com\/wp-content\/uploads\/2024\/12\/logo_certified_cosmetics696.jpg\",\"contentUrl\":\"https:\/\/www.certifiedcosmetics.com\/wp-content\/uploads\/2024\/12\/logo_certified_cosmetics696.jpg\",\"width\":696,\"height\":696,\"caption\":\"Certified Cosmetics\"},\"image\":{\"@id\":\"https:\/\/www.certifiedcosmetics.com\/fr\/#\/schema\/logo\/image\/\"},\"description\":\"Your trusted partner for cosmetic product safety reporting. We take care of updating all of your documentation, ensuring your compliance stays current even as regulations evolve. The Cosmetic Product Safety Assessment will give you everything you need to sell specific products to EU consumers.\",\"email\":\"contact@certifiedcosmetics.com\",\"telephone\":\"+31 36 2036384\",\"legalName\":\"Certified Cosmetics\",\"foundingDate\":\"2010-01-01\",\"vatID\":\"NL854189543B01\",\"numberOfEmployees\":{\"@type\":\"QuantitativeValue\",\"minValue\":\"11\",\"maxValue\":\"50\"}}]}<\/script>\n<meta property=\"og:availability\" content=\"instock\" \/>\n<meta property=\"product:availability\" content=\"instock\" \/>\n<meta property=\"product:condition\" content=\"new\" \/>\n<!-- \/ Yoast SEO Premium plugin. -->","yoast_head_json":{"title":"Examen des \u00e9tiquettes de produits cosm\u00e9tiques - Certified Cosmetics","description":"Nos services de r\u00e9vision d'\u00e9tiquettes cosm\u00e9tiques permettent \u00e0 une marque de cosm\u00e9tiques de faire r\u00e9viser ses illustrations pour s'assurer qu'elles respectent toutes les directives,","robots":{"index":"index","follow":"follow","max-snippet":"max-snippet:-1","max-image-preview":"max-image-preview:large","max-video-preview":"max-video-preview:-1"},"canonical":"https:\/\/www.certifiedcosmetics.com\/fr\/product\/evaluation-de-la-securite-des-produits-cosmetiques\/examen-des-etiquettes-de-produits-cosmetiques\/","og_locale":"fr_FR","og_type":"article","og_title":"Examen des \u00e9tiquettes de produits cosm\u00e9tiques","og_description":"Nos services de r\u00e9vision d'\u00e9tiquettes cosm\u00e9tiques permettent \u00e0 une marque de cosm\u00e9tiques de faire r\u00e9viser ses illustrations pour s'assurer qu'elles respectent toutes les directives,","og_url":"https:\/\/www.certifiedcosmetics.com\/fr\/product\/evaluation-de-la-securite-des-produits-cosmetiques\/examen-des-etiquettes-de-produits-cosmetiques\/","og_site_name":"Certified Cosmetics","og_image":[{"width":800,"height":800,"url":"https:\/\/www.certifiedcosmetics.com\/wp-content\/uploads\/2024\/09\/start-sales.jpg","type":"image\/jpeg"}],"twitter_card":"summary_large_image","twitter_misc":{"Disponibilit\u00e9":"En stock"},"schema":{"@context":"https:\/\/schema.org","@graph":[{"@type":"WebPage","@id":"https:\/\/www.certifiedcosmetics.com\/fr\/product\/evaluation-de-la-securite-des-produits-cosmetiques\/examen-des-etiquettes-de-produits-cosmetiques\/","url":"https:\/\/www.certifiedcosmetics.com\/fr\/product\/evaluation-de-la-securite-des-produits-cosmetiques\/examen-des-etiquettes-de-produits-cosmetiques\/","name":"Examen des \u00e9tiquettes de produits cosm\u00e9tiques - Certified Cosmetics","isPartOf":{"@id":"https:\/\/www.certifiedcosmetics.com\/fr\/#website"},"primaryImageOfPage":{"@id":"https:\/\/www.certifiedcosmetics.com\/fr\/product\/evaluation-de-la-securite-des-produits-cosmetiques\/examen-des-etiquettes-de-produits-cosmetiques\/#primaryimage"},"image":{"@id":"https:\/\/www.certifiedcosmetics.com\/fr\/product\/evaluation-de-la-securite-des-produits-cosmetiques\/examen-des-etiquettes-de-produits-cosmetiques\/#primaryimage"},"thumbnailUrl":"https:\/\/www.certifiedcosmetics.com\/wp-content\/uploads\/2024\/09\/start-sales.jpg","datePublished":"2024-11-28T09:56:07+00:00","description":"Nos services de r\u00e9vision d'\u00e9tiquettes cosm\u00e9tiques permettent \u00e0 une marque de cosm\u00e9tiques de faire r\u00e9viser ses illustrations pour s'assurer qu'elles respectent toutes les directives,","breadcrumb":{"@id":"https:\/\/www.certifiedcosmetics.com\/fr\/product\/evaluation-de-la-securite-des-produits-cosmetiques\/examen-des-etiquettes-de-produits-cosmetiques\/#breadcrumb"},"inLanguage":"fr-FR","potentialAction":[{"@type":"ReadAction","target":["https:\/\/www.certifiedcosmetics.com\/fr\/product\/evaluation-de-la-securite-des-produits-cosmetiques\/examen-des-etiquettes-de-produits-cosmetiques\/"]}]},{"@type":"ImageObject","inLanguage":"fr-FR","@id":"https:\/\/www.certifiedcosmetics.com\/fr\/product\/evaluation-de-la-securite-des-produits-cosmetiques\/examen-des-etiquettes-de-produits-cosmetiques\/#primaryimage","url":"https:\/\/www.certifiedcosmetics.com\/wp-content\/uploads\/2024\/09\/start-sales.jpg","contentUrl":"https:\/\/www.certifiedcosmetics.com\/wp-content\/uploads\/2024\/09\/start-sales.jpg","width":800,"height":800},{"@type":"BreadcrumbList","@id":"https:\/\/www.certifiedcosmetics.com\/fr\/product\/evaluation-de-la-securite-des-produits-cosmetiques\/examen-des-etiquettes-de-produits-cosmetiques\/#breadcrumb","itemListElement":[{"@type":"ListItem","position":1,"name":"Home","item":"https:\/\/www.certifiedcosmetics.com\/fr\/"},{"@type":"ListItem","position":2,"name":"Boutique","item":"https:\/\/www.certifiedcosmetics.com\/fr\/boutique\/"},{"@type":"ListItem","position":3,"name":"Examen des \u00e9tiquettes de produits cosm\u00e9tiques"}]},{"@type":"WebSite","@id":"https:\/\/www.certifiedcosmetics.com\/fr\/#website","url":"https:\/\/www.certifiedcosmetics.com\/fr\/","name":"Certified Cosmetics","description":"Cosmetic Safety Assessment","publisher":{"@id":"https:\/\/www.certifiedcosmetics.com\/fr\/#organization"},"potentialAction":[{"@type":"SearchAction","target":{"@type":"EntryPoint","urlTemplate":"https:\/\/www.certifiedcosmetics.com\/fr\/?s={search_term_string}"},"query-input":{"@type":"PropertyValueSpecification","valueRequired":true,"valueName":"search_term_string"}}],"inLanguage":"fr-FR"},{"@type":"Organization","@id":"https:\/\/www.certifiedcosmetics.com\/fr\/#organization","name":"Certified Cosmetics","url":"https:\/\/www.certifiedcosmetics.com\/fr\/","logo":{"@type":"ImageObject","inLanguage":"fr-FR","@id":"https:\/\/www.certifiedcosmetics.com\/fr\/#\/schema\/logo\/image\/","url":"https:\/\/www.certifiedcosmetics.com\/wp-content\/uploads\/2024\/12\/logo_certified_cosmetics696.jpg","contentUrl":"https:\/\/www.certifiedcosmetics.com\/wp-content\/uploads\/2024\/12\/logo_certified_cosmetics696.jpg","width":696,"height":696,"caption":"Certified Cosmetics"},"image":{"@id":"https:\/\/www.certifiedcosmetics.com\/fr\/#\/schema\/logo\/image\/"},"description":"Your trusted partner for cosmetic product safety reporting. We take care of updating all of your documentation, ensuring your compliance stays current even as regulations evolve. The Cosmetic Product Safety Assessment will give you everything you need to sell specific products to EU consumers.","email":"contact@certifiedcosmetics.com","telephone":"+31 36 2036384","legalName":"Certified Cosmetics","foundingDate":"2010-01-01","vatID":"NL854189543B01","numberOfEmployees":{"@type":"QuantitativeValue","minValue":"11","maxValue":"50"}}]},"og_availability":"instock","product_availability":"instock","product_condition":"new"},"_links":{"self":[{"href":"https:\/\/www.certifiedcosmetics.com\/fr\/wp-json\/wp\/v2\/product\/10799","targetHints":{"allow":["GET"]}}],"collection":[{"href":"https:\/\/www.certifiedcosmetics.com\/fr\/wp-json\/wp\/v2\/product"}],"about":[{"href":"https:\/\/www.certifiedcosmetics.com\/fr\/wp-json\/wp\/v2\/types\/product"}],"wp:featuredmedia":[{"embeddable":true,"href":"https:\/\/www.certifiedcosmetics.com\/fr\/wp-json\/wp\/v2\/media\/8955"}],"wp:attachment":[{"href":"https:\/\/www.certifiedcosmetics.com\/fr\/wp-json\/wp\/v2\/media?parent=10799"}],"wp:term":[{"taxonomy":"product_brand","embeddable":true,"href":"https:\/\/www.certifiedcosmetics.com\/fr\/wp-json\/wp\/v2\/product_brand?post=10799"},{"taxonomy":"product_cat","embeddable":true,"href":"https:\/\/www.certifiedcosmetics.com\/fr\/wp-json\/wp\/v2\/product_cat?post=10799"},{"taxonomy":"product_tag","embeddable":true,"href":"https:\/\/www.certifiedcosmetics.com\/fr\/wp-json\/wp\/v2\/product_tag?post=10799"}],"curies":[{"name":"wp","href":"https:\/\/api.w.org\/{rel}","templated":true}]}}