{"id":11781,"date":"2025-06-02T15:03:21","date_gmt":"2025-06-02T14:03:21","guid":{"rendered":"https:\/\/www.certifiedcosmetics.com\/politique-de-confidentialite\/"},"modified":"2025-06-02T15:15:59","modified_gmt":"2025-06-02T14:15:59","slug":"politique-de-confidentialite","status":"publish","type":"page","link":"https:\/\/www.certifiedcosmetics.com\/fr\/politique-de-confidentialite\/","title":{"rendered":"Politique de confidentialit\u00e9"},"content":{"rendered":"<section data-bb-version=\"4.6.1\" id=\"bt_bb_section69fb35be609b7\" class=\"bt_bb_section bt_bb_layout_boxed_1200\"  data-bt-override-class=\"null\"><div class=\"bt_bb_port\"><div class=\"bt_bb_cell\"><div class=\"bt_bb_cell_inner\"><div class=\"bt_bb_row \"  data-bt-override-class=\"{}\"><div class=\"bt_bb_row_holder\" ><div data-bb-version=\"4.6.1\"  class=\"bt_bb_column col-xxl-12 col-xl-12 col-xs-12 col-sm-12 col-md-12 col-lg-12 bt_bb_vertical_align_top bt_bb_align_left bt_bb_padding_normal\" style=\"; --column-width:12;\" data-width=\"12\" data-bt-override-class=\"{}\"><div class=\"bt_bb_column_content\"><div class=\"bt_bb_column_content_inner\"><header data-bb-version=\"4.6.1\" class=\"bt_bb_headline bt_bb_subheadline_text_transform_default bt_bb_dash_none bt_bb_size_inherit bt_bb_align_inherit\" data-bt-override-class=\"{&quot;bt_bb_size_&quot;:{&quot;current_class&quot;:&quot;bt_bb_size_inherit&quot;,&quot;def&quot;:&quot;inherit&quot;},&quot;bt_bb_align_&quot;:{&quot;current_class&quot;:&quot;bt_bb_align_inherit&quot;,&quot;def&quot;:&quot;inherit&quot;}}\"><h1 class=\"bt_bb_headline_tag\"><span class=\"bt_bb_headline_content\"><span>Politique de confidentialit\u00e9<\/span><\/span><\/h1><\/header><\/div><\/div><\/div><\/div><\/div><div data-bb-version=\"4.6.1\" class=\"bt_bb_row \"  data-bt-override-class=\"{}\"><div class=\"bt_bb_row_holder\" ><div data-bb-version=\"4.6.1\"  class=\"bt_bb_column col-xxl-12 col-xl-12 col-xs-12 col-sm-12 col-md-12 col-lg-12 bt_bb_vertical_align_top bt_bb_align_left bt_bb_padding_normal\" style=\"; --column-width:12;\" data-width=\"12\" data-bt-override-class=\"{}\"><div class=\"bt_bb_column_content\"><div class=\"bt_bb_column_content_inner\"><div data-bb-version=\"4.6.1\"  class=\"bt_bb_text\" ><\/p>\n<p data-start=\"224\" data-end=\"402\"><strong data-start=\"224\" data-end=\"247\">Certified Cosmetics<\/strong><br data-start=\"247\" data-end=\"250\">Transistorstraat 91-02, 1322 CL Almere<br data-start=\"288\" data-end=\"291\">Pays-Bas<br data-start=\"306\" data-end=\"309\">T : +31 36 2036384<br data-start=\"326\" data-end=\"329\">E : <a class=\"cursor-pointer\" rel=\"noopener\" data-start=\"332\" data-end=\"362\">contact@certifiedcosmetics.com<\/a><br data-start=\"362\" data-end=\"365\">KVK : 61064939<br data-start=\"378\" data-end=\"381\">TVA : NL854189543B01<\/p>\n<p data-start=\"435\" data-end=\"692\">Chez Certified Cosmetics, nous respectons ta vie priv\u00e9e et nous nous engageons \u00e0 prot\u00e9ger tes donn\u00e9es personnelles. Cette politique de confidentialit\u00e9 explique quelles donn\u00e9es nous collectons, pourquoi nous les collectons, comment nous les traitons et tes droits en vertu du r\u00e8glement g\u00e9n\u00e9ral sur la protection des donn\u00e9es (RGPD). <\/p>\n<h2 data-start=\"699\" data-end=\"719\">1. <strong data-start=\"705\" data-end=\"719\">Qui sommes-nous ?<\/strong><\/h2>\n<p data-start=\"721\" data-end=\"1001\">Certified Cosmetics est un fournisseur de services complets d&#8217;\u00e9valuations de la s\u00e9curit\u00e9 des produits cosm\u00e9tiques et de tests en laboratoire. Nous collectons et traitons des donn\u00e9es personnelles dans le cadre de la fourniture de nos services aux fabricants de cosm\u00e9tiques et de savons, notamment par le biais de notre site Internet : <strong data-start=\"970\" data-end=\"1000\"><a class=\"\" href=\"http:\/\/www.certifiedcosmetics.com\" target=\"_new\" rel=\"noopener\" data-start=\"972\" data-end=\"998\">www.certifiedcosmetics.com<\/a><\/strong>. <\/p>\n<h2 data-start=\"1008\" data-end=\"1047\">2. <strong data-start=\"1014\" data-end=\"1047\">Quelles sont les donn\u00e9es personnelles que nous recueillons ?<\/strong><\/h2>\n<p data-start=\"1049\" data-end=\"1118\">Nous pouvons collecter et traiter les cat\u00e9gories de donn\u00e9es personnelles suivantes :<\/p>\n<ul data-start=\"1120\" data-end=\"1514\">\n<li data-start=\"1120\" data-end=\"1185\">\n<p data-start=\"1122\" data-end=\"1185\"><strong data-start=\"1122\" data-end=\"1145\">Coordonn\u00e9es<\/strong> (nom, adresse \u00e9lectronique, num\u00e9ro de t\u00e9l\u00e9phone)<\/p>\n<\/li>\n<li data-start=\"1186\" data-end=\"1266\">\n<p data-start=\"1188\" data-end=\"1266\"><strong data-start=\"1188\" data-end=\"1211\">Informations sur l&#8217;entreprise<\/strong> (nom de l&#8217;entreprise, num\u00e9ro de TVA, num\u00e9ro de la chambre de commerce)<\/p>\n<\/li>\n<li data-start=\"1267\" data-end=\"1327\">\n<p data-start=\"1269\" data-end=\"1327\"><strong data-start=\"1269\" data-end=\"1288\">D\u00e9tails de la facturation<\/strong> (adresse, num\u00e9ro de compte bancaire, num\u00e9ro de TVA)<\/p>\n<\/li>\n<li data-start=\"1328\" data-end=\"1400\">\n<p data-start=\"1330\" data-end=\"1400\"><strong data-start=\"1330\" data-end=\"1348\">Donn\u00e9es techniques<\/strong> (adresse IP, type de navigateur, localisation, utilisation du site web).<\/p>\n<\/li>\n<li data-start=\"1401\" data-end=\"1514\">\n<p data-start=\"1403\" data-end=\"1514\"><strong data-start=\"1403\" data-end=\"1431\">Documents et donn\u00e9es sur les produits<\/strong> (formulations, \u00e9tiquettes, fichiers FDS et documents connexes pour la conformit\u00e9 r\u00e9glementaire).<\/p>\n<\/li>\n<\/ul>\n<h2 data-start=\"1521\" data-end=\"1555\">3. <strong data-start=\"1527\" data-end=\"1555\">Comment nous recueillons tes donn\u00e9es<\/strong><\/h2>\n<p data-start=\"1557\" data-end=\"1581\">Nous recueillons des donn\u00e9es par le biais de :<\/p>\n<ul data-start=\"1583\" data-end=\"1811\">\n<li data-start=\"1583\" data-end=\"1629\">\n<p data-start=\"1585\" data-end=\"1629\">Les formulaires de contact et les formulaires d&#8217;admission de notre site Web<\/p>\n<\/li>\n<li data-start=\"1630\" data-end=\"1673\">\n<p data-start=\"1632\" data-end=\"1673\">Communication directe par courriel ou par t\u00e9l\u00e9phone<\/p>\n<\/li>\n<li data-start=\"1674\" data-end=\"1720\">\n<p data-start=\"1676\" data-end=\"1720\">Placement de commandes ou demandes de service en ligne<\/p>\n<\/li>\n<li data-start=\"1721\" data-end=\"1772\">\n<p data-start=\"1723\" data-end=\"1772\">T\u00e9l\u00e9chargements et interactions avec nos outils en ligne<\/p>\n<\/li>\n<li data-start=\"1773\" data-end=\"1811\">\n<p data-start=\"1775\" data-end=\"1811\">Cookies et analyses sur notre site web<\/p>\n<\/li>\n<\/ul>\n<h2 data-start=\"1818\" data-end=\"1852\">4. <strong data-start=\"1824\" data-end=\"1852\">Pourquoi traitons-nous tes donn\u00e9es ?<\/strong><\/h2>\n<p data-start=\"1854\" data-end=\"1902\">Nous traitons tes donn\u00e9es aux fins suivantes :<\/p>\n<ul data-start=\"1904\" data-end=\"2230\">\n<li data-start=\"1904\" data-end=\"1977\">\n<p data-start=\"1906\" data-end=\"1977\">Pour remplir nos obligations contractuelles et fournir les services demand\u00e9s.<\/p>\n<\/li>\n<li data-start=\"1978\" data-end=\"2051\">\n<p data-start=\"1980\" data-end=\"2051\">Pour se conformer aux obligations l\u00e9gales (par exemple, les imp\u00f4ts, la conformit\u00e9 \u00e0 la r\u00e9glementation de l&#8217;UE).<\/p>\n<\/li>\n<li data-start=\"2052\" data-end=\"2121\">\n<p data-start=\"2054\" data-end=\"2121\">Pour communiquer avec toi au sujet des services, des factures et des mises \u00e0 jour.<\/p>\n<\/li>\n<li data-start=\"2122\" data-end=\"2174\">\n<p data-start=\"2124\" data-end=\"2174\">Pour am\u00e9liorer nos services et optimiser notre site web.<\/p>\n<\/li>\n<li data-start=\"2175\" data-end=\"2230\">\n<p data-start=\"2177\" data-end=\"2230\">Pour te fournir les informations que tu nous demandes<\/p>\n<\/li>\n<\/ul>\n<p data-start=\"2232\" data-end=\"2309\">Nous ne vendons ni ne partageons tes donn\u00e9es avec des tiers \u00e0 des fins commerciales.<\/p>\n<h2 data-start=\"2316\" data-end=\"2352\">5. <strong data-start=\"2322\" data-end=\"2352\">Fondement juridique du traitement<\/strong><\/h2>\n<p data-start=\"2354\" data-end=\"2412\">Nous traitons tes donn\u00e9es sur la base des motifs l\u00e9gaux suivants :<\/p>\n<ul data-start=\"2414\" data-end=\"2707\">\n<li data-start=\"2414\" data-end=\"2484\">\n<p data-start=\"2416\" data-end=\"2484\"><strong data-start=\"2416\" data-end=\"2441\">N\u00e9cessit\u00e9 contractuelle<\/strong> &#8211; pour fournir les services que tu as demand\u00e9s.<\/p>\n<\/li>\n<li data-start=\"2485\" data-end=\"2558\">\n<p data-start=\"2487\" data-end=\"2558\"><strong data-start=\"2487\" data-end=\"2507\">Obligation l\u00e9gale<\/strong> &#8211; pour se conformer aux exigences r\u00e9glementaires et fiscales.<\/p>\n<\/li>\n<li data-start=\"2559\" data-end=\"2634\">\n<p data-start=\"2561\" data-end=\"2634\"><strong data-start=\"2561\" data-end=\"2584\">Int\u00e9r\u00eat l\u00e9gitime<\/strong> &#8211; pour g\u00e9rer et am\u00e9liorer nos op\u00e9rations commerciales.<\/p>\n<\/li>\n<li data-start=\"2635\" data-end=\"2707\">\n<p data-start=\"2637\" data-end=\"2707\"><strong data-start=\"2637\" data-end=\"2648\">Consentement<\/strong> &#8211; lorsqu&#8217;il est explicitement donn\u00e9, par exemple pour l&#8217;inscription \u00e0 un bulletin d&#8217;information.<\/p>\n<\/li>\n<\/ul>\n<h2 data-start=\"2714\" data-end=\"2754\">6. <strong data-start=\"2720\" data-end=\"2754\">Tiers et partage des donn\u00e9es<\/strong><\/h2>\n<p data-start=\"2756\" data-end=\"2824\">Nous ne partageons tes donn\u00e9es avec des tiers que si cela est n\u00e9cessaire, comme par exemple :<\/p>\n<ul data-start=\"2826\" data-end=\"3028\">\n<li data-start=\"2826\" data-end=\"2901\">\n<p data-start=\"2828\" data-end=\"2901\">Comptables et autorit\u00e9s fiscales (pour la facturation et les rapports financiers).<\/p>\n<\/li>\n<li data-start=\"2902\" data-end=\"2977\">\n<p data-start=\"2904\" data-end=\"2977\">Laboratoires d&#8217;essais et experts en r\u00e9glementation (pour les services CPSR et PIF)<\/p>\n<\/li>\n<li data-start=\"2978\" data-end=\"3028\">\n<p data-start=\"2980\" data-end=\"3028\">Fournisseurs de services informatiques (h\u00e9bergement, courrier \u00e9lectronique, analyse)<\/p>\n<\/li>\n<\/ul>\n<p data-start=\"3030\" data-end=\"3113\">Tous les tiers sont tenus de respecter le GDPR et les obligations de confidentialit\u00e9.<\/p>\n<h2 data-start=\"3120\" data-end=\"3144\">7. <strong data-start=\"3126\" data-end=\"3144\">Conservation des donn\u00e9es<\/strong><\/h2>\n<p data-start=\"3146\" data-end=\"3200\">Nous ne conservons les donn\u00e9es personnelles que pour la dur\u00e9e n\u00e9cessaire :<\/p>\n<ul data-start=\"3202\" data-end=\"3372\">\n<li data-start=\"3202\" data-end=\"3254\">\n<p data-start=\"3204\" data-end=\"3254\">Pour les obligations l\u00e9gales et fiscales (jusqu&#8217;\u00e0 7 ans).<\/p>\n<\/li>\n<li data-start=\"3255\" data-end=\"3302\">\n<p data-start=\"3257\" data-end=\"3302\">Pendant toute la dur\u00e9e de la relation avec le client<\/p>\n<\/li>\n<li data-start=\"3303\" data-end=\"3372\">\n<p data-start=\"3305\" data-end=\"3372\">Pour la conservation des documents de s\u00e9curit\u00e9 (comme l&#8217;exige la l\u00e9gislation europ\u00e9enne sur les cosm\u00e9tiques).<\/p>\n<\/li>\n<\/ul>\n<p data-start=\"3374\" data-end=\"3430\">Une fois que les donn\u00e9es ne sont plus n\u00e9cessaires, elles sont supprim\u00e9es en toute s\u00e9curit\u00e9.<\/p>\n<h2 data-start=\"3437\" data-end=\"3469\">8. <strong data-start=\"3443\" data-end=\"3469\">Tes droits en vertu du GDPR<\/strong><\/h2>\n<p data-start=\"3471\" data-end=\"3493\">Tu as le droit de :<\/p>\n<ul data-start=\"3495\" data-end=\"3727\">\n<li data-start=\"3495\" data-end=\"3524\">\n<p data-start=\"3497\" data-end=\"3524\">Acc\u00e8de \u00e0 tes donn\u00e9es personnelles<\/p>\n<\/li>\n<li data-start=\"3525\" data-end=\"3556\">\n<p data-start=\"3527\" data-end=\"3556\">Corriger ou mettre \u00e0 jour tes donn\u00e9es<\/p>\n<\/li>\n<li data-start=\"3557\" data-end=\"3608\">\n<p data-start=\"3559\" data-end=\"3608\">Demander la suppression des donn\u00e9es (\u00ab droit \u00e0 l&#8217;oubli \u00bb).<\/p>\n<\/li>\n<li data-start=\"3609\" data-end=\"3645\">\n<p data-start=\"3611\" data-end=\"3645\">Restreindre le traitement ou s&#8217;y opposer<\/p>\n<\/li>\n<li data-start=\"3646\" data-end=\"3696\">\n<p data-start=\"3648\" data-end=\"3696\">Demande une copie de tes donn\u00e9es (portabilit\u00e9 des donn\u00e9es).<\/p>\n<\/li>\n<li data-start=\"3697\" data-end=\"3727\">\n<p data-start=\"3699\" data-end=\"3727\">Retire ton consentement \u00e0 tout moment<\/p>\n<\/li>\n<\/ul>\n<p data-start=\"3729\" data-end=\"3798\">Pour exercer tes droits, contacte : <strong data-start=\"3763\" data-end=\"3797\"><a class=\"cursor-pointer\" rel=\"noopener\" data-start=\"3765\" data-end=\"3795\">privacy@certifiedcosmetics.com<\/a><\/strong>.<\/p>\n<h2 data-start=\"3805\" data-end=\"3822\">9. <strong data-start=\"3811\" data-end=\"3822\">Cookies<\/strong><\/h2>\n<p data-start=\"3824\" data-end=\"4075\">Notre site Web utilise des cookies fonctionnels et analytiques pour garantir une performance optimale et recueillir des statistiques sur les visiteurs. Tu peux g\u00e9rer ou d\u00e9sactiver les cookies dans les param\u00e8tres de ton navigateur. Pour plus de d\u00e9tails, consulte notre [Politique en mati\u00e8re de cookies] (facultative si tu en as une).  <\/p>\n<h2 data-start=\"4082\" data-end=\"4106\">10. <strong data-start=\"4089\" data-end=\"4106\">S\u00e9curit\u00e9 des donn\u00e9es<\/strong><\/h2>\n<p data-start=\"4108\" data-end=\"4304\">Nous prenons des mesures techniques et organisationnelles appropri\u00e9es pour prot\u00e9ger tes donn\u00e9es contre l&#8217;acc\u00e8s non autoris\u00e9, la perte ou l&#8217;utilisation abusive. Cela comprend le cryptage, les serveurs s\u00e9curis\u00e9s et les protocoles \u00e0 acc\u00e8s limit\u00e9. <\/p>\n<h2 data-start=\"4311\" data-end=\"4344\">11. <strong data-start=\"4318\" data-end=\"4344\">Modifications de la pr\u00e9sente politique<\/strong><\/h2>\n<p data-start=\"4346\" data-end=\"4486\">Nous pouvons mettre \u00e0 jour cette politique de confidentialit\u00e9 de temps en temps. La derni\u00e8re version sera toujours disponible sur notre site Internet avec la date de la derni\u00e8re mise \u00e0 jour. <\/p>\n<h2 data-start=\"4493\" data-end=\"4511\">12. <strong data-start=\"4500\" data-end=\"4511\">Contact<\/strong><\/h2>\n<p data-start=\"4513\" data-end=\"4584\">Pour toute question, plainte ou demande concernant ta vie priv\u00e9e, contacte :<\/p>\n<p data-start=\"4586\" data-end=\"4713\"><strong data-start=\"4586\" data-end=\"4609\">Certified Cosmetics<\/strong><br data-start=\"4609\" data-end=\"4612\">Courriel : <a class=\"cursor-pointer\" rel=\"noopener\" data-start=\"4619\" data-end=\"4649\">privacy@certifiedcosmetics.com<\/a><br data-start=\"4649\" data-end=\"4652\">T\u00e9l\u00e9phone : +31 36 2036384<br data-start=\"4673\" data-end=\"4676\">Site Internet : <a class=\"\" href=\"http:\/\/www.certifiedcosmetics.com\" target=\"_new\" rel=\"noopener\" data-start=\"4685\" data-end=\"4711\">www.certifiedcosmetics.com<\/a><\/p>\n<p>\n<\/div><\/div><\/div><\/div><\/div><\/div><\/div><!-- cell_inner --><\/div><!-- cell --><\/div><!-- port --><\/section>\n","protected":false},"excerpt":{"rendered":"","protected":false},"author":1,"featured_media":0,"parent":0,"menu_order":0,"comment_status":"closed","ping_status":"closed","template":"","meta":{"footnotes":""},"class_list":["post-11781","page","type-page","status-publish","hentry"],"yoast_head":"<!-- This site is optimized with the Yoast SEO Premium plugin v25.4 (Yoast SEO v25.4) - https:\/\/yoast.com\/wordpress\/plugins\/seo\/ -->\n<title>Politique de confidentialit\u00e9 - Certified Cosmetics<\/title>\n<meta name=\"description\" content=\"Politique de confidentialit\u00e9 de Certified Cosmetics\" \/>\n<meta name=\"robots\" content=\"index, follow, max-snippet:-1, max-image-preview:large, max-video-preview:-1\" \/>\n<link rel=\"canonical\" href=\"https:\/\/www.certifiedcosmetics.com\/fr\/politique-de-confidentialite\/\" \/>\n<meta property=\"og:locale\" content=\"fr_FR\" \/>\n<meta property=\"og:type\" content=\"article\" \/>\n<meta property=\"og:title\" content=\"Politique de confidentialit\u00e9\" \/>\n<meta property=\"og:description\" content=\"Politique de confidentialit\u00e9 de Certified Cosmetics\" \/>\n<meta property=\"og:url\" content=\"https:\/\/www.certifiedcosmetics.com\/fr\/politique-de-confidentialite\/\" \/>\n<meta property=\"og:site_name\" content=\"Certified Cosmetics\" \/>\n<meta property=\"article:modified_time\" content=\"2025-06-02T14:15:59+00:00\" \/>\n<meta name=\"twitter:card\" content=\"summary_large_image\" \/>\n<meta name=\"twitter:label1\" content=\"Dur\u00e9e de lecture estim\u00e9e\" \/>\n\t<meta name=\"twitter:data1\" content=\"5 minutes\" \/>\n<script type=\"application\/ld+json\" class=\"yoast-schema-graph\">{\"@context\":\"https:\/\/schema.org\",\"@graph\":[{\"@type\":\"WebPage\",\"@id\":\"https:\/\/www.certifiedcosmetics.com\/fr\/politique-de-confidentialite\/\",\"url\":\"https:\/\/www.certifiedcosmetics.com\/fr\/politique-de-confidentialite\/\",\"name\":\"Politique de confidentialit\u00e9 - Certified Cosmetics\",\"isPartOf\":{\"@id\":\"https:\/\/www.certifiedcosmetics.com\/fr\/#website\"},\"datePublished\":\"2025-06-02T14:03:21+00:00\",\"dateModified\":\"2025-06-02T14:15:59+00:00\",\"description\":\"Politique de confidentialit\u00e9 de Certified Cosmetics\",\"breadcrumb\":{\"@id\":\"https:\/\/www.certifiedcosmetics.com\/fr\/politique-de-confidentialite\/#breadcrumb\"},\"inLanguage\":\"fr-FR\",\"potentialAction\":[{\"@type\":\"ReadAction\",\"target\":[\"https:\/\/www.certifiedcosmetics.com\/fr\/politique-de-confidentialite\/\"]}]},{\"@type\":\"BreadcrumbList\",\"@id\":\"https:\/\/www.certifiedcosmetics.com\/fr\/politique-de-confidentialite\/#breadcrumb\",\"itemListElement\":[{\"@type\":\"ListItem\",\"position\":1,\"name\":\"Home\",\"item\":\"https:\/\/www.certifiedcosmetics.com\/fr\/\"},{\"@type\":\"ListItem\",\"position\":2,\"name\":\"Politique de confidentialit\u00e9\"}]},{\"@type\":\"WebSite\",\"@id\":\"https:\/\/www.certifiedcosmetics.com\/fr\/#website\",\"url\":\"https:\/\/www.certifiedcosmetics.com\/fr\/\",\"name\":\"Certified Cosmetics\",\"description\":\"Cosmetic Safety Assessment\",\"publisher\":{\"@id\":\"https:\/\/www.certifiedcosmetics.com\/fr\/#organization\"},\"potentialAction\":[{\"@type\":\"SearchAction\",\"target\":{\"@type\":\"EntryPoint\",\"urlTemplate\":\"https:\/\/www.certifiedcosmetics.com\/fr\/?s={search_term_string}\"},\"query-input\":{\"@type\":\"PropertyValueSpecification\",\"valueRequired\":true,\"valueName\":\"search_term_string\"}}],\"inLanguage\":\"fr-FR\"},{\"@type\":\"Organization\",\"@id\":\"https:\/\/www.certifiedcosmetics.com\/fr\/#organization\",\"name\":\"Certified Cosmetics\",\"url\":\"https:\/\/www.certifiedcosmetics.com\/fr\/\",\"logo\":{\"@type\":\"ImageObject\",\"inLanguage\":\"fr-FR\",\"@id\":\"https:\/\/www.certifiedcosmetics.com\/fr\/#\/schema\/logo\/image\/\",\"url\":\"https:\/\/www.certifiedcosmetics.com\/wp-content\/uploads\/2024\/12\/logo_certified_cosmetics696.jpg\",\"contentUrl\":\"https:\/\/www.certifiedcosmetics.com\/wp-content\/uploads\/2024\/12\/logo_certified_cosmetics696.jpg\",\"width\":696,\"height\":696,\"caption\":\"Certified Cosmetics\"},\"image\":{\"@id\":\"https:\/\/www.certifiedcosmetics.com\/fr\/#\/schema\/logo\/image\/\"},\"description\":\"Your trusted partner for cosmetic product safety reporting. We take care of updating all of your documentation, ensuring your compliance stays current even as regulations evolve. The Cosmetic Product Safety Assessment will give you everything you need to sell specific products to EU consumers.\",\"email\":\"contact@certifiedcosmetics.com\",\"telephone\":\"+31 36 2036384\",\"legalName\":\"Certified Cosmetics\",\"foundingDate\":\"2010-01-01\",\"vatID\":\"NL854189543B01\",\"numberOfEmployees\":{\"@type\":\"QuantitativeValue\",\"minValue\":\"11\",\"maxValue\":\"50\"}}]}<\/script>\n<!-- \/ Yoast SEO Premium plugin. -->","yoast_head_json":{"title":"Politique de confidentialit\u00e9 - Certified Cosmetics","description":"Politique de confidentialit\u00e9 de Certified Cosmetics","robots":{"index":"index","follow":"follow","max-snippet":"max-snippet:-1","max-image-preview":"max-image-preview:large","max-video-preview":"max-video-preview:-1"},"canonical":"https:\/\/www.certifiedcosmetics.com\/fr\/politique-de-confidentialite\/","og_locale":"fr_FR","og_type":"article","og_title":"Politique de confidentialit\u00e9","og_description":"Politique de confidentialit\u00e9 de Certified Cosmetics","og_url":"https:\/\/www.certifiedcosmetics.com\/fr\/politique-de-confidentialite\/","og_site_name":"Certified Cosmetics","article_modified_time":"2025-06-02T14:15:59+00:00","twitter_card":"summary_large_image","twitter_misc":{"Dur\u00e9e de lecture estim\u00e9e":"5 minutes"},"schema":{"@context":"https:\/\/schema.org","@graph":[{"@type":"WebPage","@id":"https:\/\/www.certifiedcosmetics.com\/fr\/politique-de-confidentialite\/","url":"https:\/\/www.certifiedcosmetics.com\/fr\/politique-de-confidentialite\/","name":"Politique de confidentialit\u00e9 - Certified Cosmetics","isPartOf":{"@id":"https:\/\/www.certifiedcosmetics.com\/fr\/#website"},"datePublished":"2025-06-02T14:03:21+00:00","dateModified":"2025-06-02T14:15:59+00:00","description":"Politique de confidentialit\u00e9 de Certified Cosmetics","breadcrumb":{"@id":"https:\/\/www.certifiedcosmetics.com\/fr\/politique-de-confidentialite\/#breadcrumb"},"inLanguage":"fr-FR","potentialAction":[{"@type":"ReadAction","target":["https:\/\/www.certifiedcosmetics.com\/fr\/politique-de-confidentialite\/"]}]},{"@type":"BreadcrumbList","@id":"https:\/\/www.certifiedcosmetics.com\/fr\/politique-de-confidentialite\/#breadcrumb","itemListElement":[{"@type":"ListItem","position":1,"name":"Home","item":"https:\/\/www.certifiedcosmetics.com\/fr\/"},{"@type":"ListItem","position":2,"name":"Politique de confidentialit\u00e9"}]},{"@type":"WebSite","@id":"https:\/\/www.certifiedcosmetics.com\/fr\/#website","url":"https:\/\/www.certifiedcosmetics.com\/fr\/","name":"Certified Cosmetics","description":"Cosmetic Safety Assessment","publisher":{"@id":"https:\/\/www.certifiedcosmetics.com\/fr\/#organization"},"potentialAction":[{"@type":"SearchAction","target":{"@type":"EntryPoint","urlTemplate":"https:\/\/www.certifiedcosmetics.com\/fr\/?s={search_term_string}"},"query-input":{"@type":"PropertyValueSpecification","valueRequired":true,"valueName":"search_term_string"}}],"inLanguage":"fr-FR"},{"@type":"Organization","@id":"https:\/\/www.certifiedcosmetics.com\/fr\/#organization","name":"Certified Cosmetics","url":"https:\/\/www.certifiedcosmetics.com\/fr\/","logo":{"@type":"ImageObject","inLanguage":"fr-FR","@id":"https:\/\/www.certifiedcosmetics.com\/fr\/#\/schema\/logo\/image\/","url":"https:\/\/www.certifiedcosmetics.com\/wp-content\/uploads\/2024\/12\/logo_certified_cosmetics696.jpg","contentUrl":"https:\/\/www.certifiedcosmetics.com\/wp-content\/uploads\/2024\/12\/logo_certified_cosmetics696.jpg","width":696,"height":696,"caption":"Certified Cosmetics"},"image":{"@id":"https:\/\/www.certifiedcosmetics.com\/fr\/#\/schema\/logo\/image\/"},"description":"Your trusted partner for cosmetic product safety reporting. We take care of updating all of your documentation, ensuring your compliance stays current even as regulations evolve. The Cosmetic Product Safety Assessment will give you everything you need to sell specific products to EU consumers.","email":"contact@certifiedcosmetics.com","telephone":"+31 36 2036384","legalName":"Certified Cosmetics","foundingDate":"2010-01-01","vatID":"NL854189543B01","numberOfEmployees":{"@type":"QuantitativeValue","minValue":"11","maxValue":"50"}}]}},"_links":{"self":[{"href":"https:\/\/www.certifiedcosmetics.com\/fr\/wp-json\/wp\/v2\/pages\/11781","targetHints":{"allow":["GET"]}}],"collection":[{"href":"https:\/\/www.certifiedcosmetics.com\/fr\/wp-json\/wp\/v2\/pages"}],"about":[{"href":"https:\/\/www.certifiedcosmetics.com\/fr\/wp-json\/wp\/v2\/types\/page"}],"author":[{"embeddable":true,"href":"https:\/\/www.certifiedcosmetics.com\/fr\/wp-json\/wp\/v2\/users\/1"}],"replies":[{"embeddable":true,"href":"https:\/\/www.certifiedcosmetics.com\/fr\/wp-json\/wp\/v2\/comments?post=11781"}],"version-history":[{"count":2,"href":"https:\/\/www.certifiedcosmetics.com\/fr\/wp-json\/wp\/v2\/pages\/11781\/revisions"}],"predecessor-version":[{"id":11785,"href":"https:\/\/www.certifiedcosmetics.com\/fr\/wp-json\/wp\/v2\/pages\/11781\/revisions\/11785"}],"wp:attachment":[{"href":"https:\/\/www.certifiedcosmetics.com\/fr\/wp-json\/wp\/v2\/media?parent=11781"}],"curies":[{"name":"wp","href":"https:\/\/api.w.org\/{rel}","templated":true}]}}