{"id":7280,"date":"2023-11-08T10:11:17","date_gmt":"2023-11-08T10:11:17","guid":{"rendered":"https:\/\/www.certifiedcosmetics.com\/product\/prueba-del-parche\/"},"modified":"2026-03-24T10:08:20","modified_gmt":"2026-03-24T09:08:20","slug":"prueba-del-parche","status":"publish","type":"product","link":"https:\/\/www.certifiedcosmetics.com\/es\/product\/pruebas-de-eficacia\/pruebas-cutaneas\/prueba-del-parche\/","title":{"rendered":"Prueba dermatol\u00f3gica del parche"},"content":{"rendered":"<p>Las pruebas dermatol\u00f3gicas eval\u00faan la seguridad y eficacia de los productos cosm\u00e9ticos en la piel humana, garantizando que no se produzcan reacciones adversas. Si quieres utilizar &#8220;Testado dermatol\u00f3gicamente&#8221;. y\/o &#8220;Adecuado para todo tipo de piel&#8221; en las l\u00edneas de marketing de tus productos, la prueba del parche te permite utilizar esas afirmaciones. La prueba del parche se realiza en 10 a 30 voluntarios de tipos de piel normal o sensible.   <\/p>\n<p>Es necesario proporcionar el resultado de la prueba microbiol\u00f3gica del producto antes de que pueda comenzar la prueba dermatol\u00f3gica. Ofrecemos la opci\u00f3n de realizar la prueba microbiol\u00f3gica. <\/p>\n<h2><strong>Requisitos reglamentarios<\/strong><\/h2>\n<p>Aunque no siempre son obligatorias, las pruebas dermatol\u00f3gicas son vitales para la seguridad del consumidor y est\u00e1n fomentadas por diversas directrices internacionales.<\/p>\n<h2><strong>Normas y m\u00e9todos de ensayo<\/strong><\/h2>\n<p>Las pruebas suelen cumplir la normativa ISO 10993 sobre biocompatibilidad, y emplean ensayos cl\u00ednicos o pruebas de parche para observar cualquier reacci\u00f3n dermatol\u00f3gica.<\/p>\n","protected":false},"excerpt":{"rendered":"<p>Las pruebas dermatol\u00f3gicas eval\u00faan la seguridad y eficacia de los productos cosm\u00e9ticos en la piel humana, garantizando que no se produzcan reacciones adversas. Si quieres utilizar &#8220;Testado dermatol\u00f3gicamente&#8221;. y\/o &#8220;Adecuado para todo tipo de piel&#8221; en las l\u00edneas de marketing de tus productos, la prueba del parche te permite utilizar esas afirmaciones. La prueba del&#8230;<\/p>\n","protected":false},"featured_media":6525,"template":"","meta":[],"product_brand":[],"product_cat":[270,147,135],"product_tag":[],"class_list":{"0":"post-7280","1":"product","2":"type-product","3":"status-publish","4":"has-post-thumbnail","6":"product_cat-laboratorio-es","7":"product_cat-pruebas-cutaneas","8":"product_cat-pruebas-de-eficacia","10":"first","11":"instock","12":"taxable","13":"shipping-taxable","14":"purchasable","15":"product-type-variable","16":"has-default-attributes"},"bundled_by":[],"bundle_stock_status":"instock","bundle_stock_quantity":null,"bundle_virtual":false,"bundle_layout":"","bundle_add_to_cart_form_location":"","bundle_editable_in_cart":false,"bundle_sold_individually_context":"","bundle_item_grouping":"","bundle_min_size":"","bundle_max_size":"","bundle_price":[],"bundled_items":[],"bundle_sell_ids":[],"yoast_head":"<!-- This site is optimized with the Yoast SEO Premium plugin v25.4 (Yoast SEO v25.4) - https:\/\/yoast.com\/wordpress\/plugins\/seo\/ -->\n<title>Prueba dermatol\u00f3gica del parche - Certified Cosmetics<\/title>\n<meta name=\"robots\" content=\"index, follow, max-snippet:-1, max-image-preview:large, max-video-preview:-1\" \/>\n<link rel=\"canonical\" href=\"https:\/\/www.certifiedcosmetics.com\/es\/product\/pruebas-de-eficacia\/pruebas-cutaneas\/prueba-del-parche\/\" \/>\n<meta property=\"og:locale\" content=\"es_ES\" \/>\n<meta property=\"og:type\" content=\"article\" \/>\n<meta property=\"og:title\" content=\"Prueba dermatol\u00f3gica del parche\" \/>\n<meta property=\"og:description\" content=\"Las pruebas dermatol\u00f3gicas eval\u00faan la seguridad y eficacia de los productos cosm\u00e9ticos en la piel humana, garantizando que no se produzcan reacciones adversas. Si quieres utilizar &#8220;Testado dermatol\u00f3gicamente&#8221;. y\/o &#8220;Adecuado para todo tipo de piel&#8221; en las l\u00edneas de marketing de tus productos, la prueba del parche te permite utilizar esas afirmaciones. La prueba del...\" \/>\n<meta property=\"og:url\" content=\"https:\/\/www.certifiedcosmetics.com\/es\/product\/pruebas-de-eficacia\/pruebas-cutaneas\/prueba-del-parche\/\" \/>\n<meta property=\"og:site_name\" content=\"Certified Cosmetics\" \/>\n<meta property=\"article:modified_time\" content=\"2026-03-24T09:08:20+00:00\" \/>\n<meta property=\"og:image\" content=\"https:\/\/www.certifiedcosmetics.com\/wp-content\/uploads\/2023\/11\/patch-test.jpg\" \/>\n\t<meta property=\"og:image:width\" content=\"1024\" \/>\n\t<meta property=\"og:image:height\" content=\"682\" \/>\n\t<meta property=\"og:image:type\" content=\"image\/jpeg\" \/>\n<meta name=\"twitter:card\" content=\"summary_large_image\" \/>\n<meta name=\"twitter:label1\" content=\"Disponibilidad\" \/>\n\t<meta name=\"twitter:data1\" content=\"Disponible\" \/>\n<script type=\"application\/ld+json\" class=\"yoast-schema-graph\">{\"@context\":\"https:\/\/schema.org\",\"@graph\":[{\"@type\":\"WebPage\",\"@id\":\"https:\/\/www.certifiedcosmetics.com\/es\/product\/pruebas-de-eficacia\/pruebas-cutaneas\/prueba-del-parche\/\",\"url\":\"https:\/\/www.certifiedcosmetics.com\/es\/product\/pruebas-de-eficacia\/pruebas-cutaneas\/prueba-del-parche\/\",\"name\":\"Prueba dermatol\u00f3gica del parche - Certified Cosmetics\",\"isPartOf\":{\"@id\":\"https:\/\/www.certifiedcosmetics.com\/es\/#website\"},\"primaryImageOfPage\":{\"@id\":\"https:\/\/www.certifiedcosmetics.com\/es\/product\/pruebas-de-eficacia\/pruebas-cutaneas\/prueba-del-parche\/#primaryimage\"},\"image\":{\"@id\":\"https:\/\/www.certifiedcosmetics.com\/es\/product\/pruebas-de-eficacia\/pruebas-cutaneas\/prueba-del-parche\/#primaryimage\"},\"thumbnailUrl\":\"https:\/\/www.certifiedcosmetics.com\/wp-content\/uploads\/2023\/11\/patch-test.jpg\",\"datePublished\":\"2023-11-08T10:11:17+00:00\",\"dateModified\":\"2026-03-24T09:08:20+00:00\",\"breadcrumb\":{\"@id\":\"https:\/\/www.certifiedcosmetics.com\/es\/product\/pruebas-de-eficacia\/pruebas-cutaneas\/prueba-del-parche\/#breadcrumb\"},\"inLanguage\":\"es\",\"potentialAction\":[{\"@type\":\"ReadAction\",\"target\":[\"https:\/\/www.certifiedcosmetics.com\/es\/product\/pruebas-de-eficacia\/pruebas-cutaneas\/prueba-del-parche\/\"]}]},{\"@type\":\"ImageObject\",\"inLanguage\":\"es\",\"@id\":\"https:\/\/www.certifiedcosmetics.com\/es\/product\/pruebas-de-eficacia\/pruebas-cutaneas\/prueba-del-parche\/#primaryimage\",\"url\":\"https:\/\/www.certifiedcosmetics.com\/wp-content\/uploads\/2023\/11\/patch-test.jpg\",\"contentUrl\":\"https:\/\/www.certifiedcosmetics.com\/wp-content\/uploads\/2023\/11\/patch-test.jpg\",\"width\":1024,\"height\":682,\"caption\":\"Prueba del parche real en el hombro desnudo y la espalda de una joven de pelo rubio. La prueba del parche al\u00e9rgico se utiliza para examinar sustancias con el fin de determinar la causa de una reacci\u00f3n al\u00e9rgica cut\u00e1nea.\"},{\"@type\":\"BreadcrumbList\",\"@id\":\"https:\/\/www.certifiedcosmetics.com\/es\/product\/pruebas-de-eficacia\/pruebas-cutaneas\/prueba-del-parche\/#breadcrumb\",\"itemListElement\":[{\"@type\":\"ListItem\",\"position\":1,\"name\":\"Home\",\"item\":\"https:\/\/www.certifiedcosmetics.com\/es\/\"},{\"@type\":\"ListItem\",\"position\":2,\"name\":\"Tienda\",\"item\":\"https:\/\/www.certifiedcosmetics.com\/es\/tienda\/\"},{\"@type\":\"ListItem\",\"position\":3,\"name\":\"Prueba dermatol\u00f3gica del parche\"}]},{\"@type\":\"WebSite\",\"@id\":\"https:\/\/www.certifiedcosmetics.com\/es\/#website\",\"url\":\"https:\/\/www.certifiedcosmetics.com\/es\/\",\"name\":\"Certified Cosmetics\",\"description\":\"Cosmetic Testing\",\"publisher\":{\"@id\":\"https:\/\/www.certifiedcosmetics.com\/es\/#organization\"},\"potentialAction\":[{\"@type\":\"SearchAction\",\"target\":{\"@type\":\"EntryPoint\",\"urlTemplate\":\"https:\/\/www.certifiedcosmetics.com\/es\/?s={search_term_string}\"},\"query-input\":{\"@type\":\"PropertyValueSpecification\",\"valueRequired\":true,\"valueName\":\"search_term_string\"}}],\"inLanguage\":\"es\"},{\"@type\":\"Organization\",\"@id\":\"https:\/\/www.certifiedcosmetics.com\/es\/#organization\",\"name\":\"Certified Cosmetics\",\"url\":\"https:\/\/www.certifiedcosmetics.com\/es\/\",\"logo\":{\"@type\":\"ImageObject\",\"inLanguage\":\"es\",\"@id\":\"https:\/\/www.certifiedcosmetics.com\/es\/#\/schema\/logo\/image\/\",\"url\":\"https:\/\/www.certifiedcosmetics.com\/wp-content\/uploads\/2024\/12\/logo_certified_cosmetics696.jpg\",\"contentUrl\":\"https:\/\/www.certifiedcosmetics.com\/wp-content\/uploads\/2024\/12\/logo_certified_cosmetics696.jpg\",\"width\":696,\"height\":696,\"caption\":\"Certified Cosmetics\"},\"image\":{\"@id\":\"https:\/\/www.certifiedcosmetics.com\/es\/#\/schema\/logo\/image\/\"},\"description\":\"Your trusted partner for cosmetic product safety reporting. We take care of updating all of your documentation, ensuring your compliance stays current even as regulations evolve. The Cosmetic Product Safety Assessment will give you everything you need to sell specific products to EU consumers.\",\"email\":\"contact@certifiedcosmetics.com\",\"telephone\":\"+31 36 2036384\",\"legalName\":\"Certified Cosmetics\",\"foundingDate\":\"2010-01-01\",\"vatID\":\"NL854189543B01\",\"numberOfEmployees\":{\"@type\":\"QuantitativeValue\",\"minValue\":\"11\",\"maxValue\":\"50\"}}]}<\/script>\n<meta property=\"og:availability\" content=\"instock\" \/>\n<meta property=\"product:availability\" content=\"instock\" \/>\n<meta property=\"product:condition\" content=\"new\" \/>\n<!-- \/ Yoast SEO Premium plugin. -->","yoast_head_json":{"title":"Prueba dermatol\u00f3gica del parche - Certified Cosmetics","robots":{"index":"index","follow":"follow","max-snippet":"max-snippet:-1","max-image-preview":"max-image-preview:large","max-video-preview":"max-video-preview:-1"},"canonical":"https:\/\/www.certifiedcosmetics.com\/es\/product\/pruebas-de-eficacia\/pruebas-cutaneas\/prueba-del-parche\/","og_locale":"es_ES","og_type":"article","og_title":"Prueba dermatol\u00f3gica del parche","og_description":"Las pruebas dermatol\u00f3gicas eval\u00faan la seguridad y eficacia de los productos cosm\u00e9ticos en la piel humana, garantizando que no se produzcan reacciones adversas. Si quieres utilizar &#8220;Testado dermatol\u00f3gicamente&#8221;. y\/o &#8220;Adecuado para todo tipo de piel&#8221; en las l\u00edneas de marketing de tus productos, la prueba del parche te permite utilizar esas afirmaciones. La prueba del...","og_url":"https:\/\/www.certifiedcosmetics.com\/es\/product\/pruebas-de-eficacia\/pruebas-cutaneas\/prueba-del-parche\/","og_site_name":"Certified Cosmetics","article_modified_time":"2026-03-24T09:08:20+00:00","og_image":[{"width":1024,"height":682,"url":"https:\/\/www.certifiedcosmetics.com\/wp-content\/uploads\/2023\/11\/patch-test.jpg","type":"image\/jpeg"}],"twitter_card":"summary_large_image","twitter_misc":{"Disponibilidad":"Disponible"},"schema":{"@context":"https:\/\/schema.org","@graph":[{"@type":"WebPage","@id":"https:\/\/www.certifiedcosmetics.com\/es\/product\/pruebas-de-eficacia\/pruebas-cutaneas\/prueba-del-parche\/","url":"https:\/\/www.certifiedcosmetics.com\/es\/product\/pruebas-de-eficacia\/pruebas-cutaneas\/prueba-del-parche\/","name":"Prueba dermatol\u00f3gica del parche - Certified Cosmetics","isPartOf":{"@id":"https:\/\/www.certifiedcosmetics.com\/es\/#website"},"primaryImageOfPage":{"@id":"https:\/\/www.certifiedcosmetics.com\/es\/product\/pruebas-de-eficacia\/pruebas-cutaneas\/prueba-del-parche\/#primaryimage"},"image":{"@id":"https:\/\/www.certifiedcosmetics.com\/es\/product\/pruebas-de-eficacia\/pruebas-cutaneas\/prueba-del-parche\/#primaryimage"},"thumbnailUrl":"https:\/\/www.certifiedcosmetics.com\/wp-content\/uploads\/2023\/11\/patch-test.jpg","datePublished":"2023-11-08T10:11:17+00:00","dateModified":"2026-03-24T09:08:20+00:00","breadcrumb":{"@id":"https:\/\/www.certifiedcosmetics.com\/es\/product\/pruebas-de-eficacia\/pruebas-cutaneas\/prueba-del-parche\/#breadcrumb"},"inLanguage":"es","potentialAction":[{"@type":"ReadAction","target":["https:\/\/www.certifiedcosmetics.com\/es\/product\/pruebas-de-eficacia\/pruebas-cutaneas\/prueba-del-parche\/"]}]},{"@type":"ImageObject","inLanguage":"es","@id":"https:\/\/www.certifiedcosmetics.com\/es\/product\/pruebas-de-eficacia\/pruebas-cutaneas\/prueba-del-parche\/#primaryimage","url":"https:\/\/www.certifiedcosmetics.com\/wp-content\/uploads\/2023\/11\/patch-test.jpg","contentUrl":"https:\/\/www.certifiedcosmetics.com\/wp-content\/uploads\/2023\/11\/patch-test.jpg","width":1024,"height":682,"caption":"Prueba del parche real en el hombro desnudo y la espalda de una joven de pelo rubio. La prueba del parche al\u00e9rgico se utiliza para examinar sustancias con el fin de determinar la causa de una reacci\u00f3n al\u00e9rgica cut\u00e1nea."},{"@type":"BreadcrumbList","@id":"https:\/\/www.certifiedcosmetics.com\/es\/product\/pruebas-de-eficacia\/pruebas-cutaneas\/prueba-del-parche\/#breadcrumb","itemListElement":[{"@type":"ListItem","position":1,"name":"Home","item":"https:\/\/www.certifiedcosmetics.com\/es\/"},{"@type":"ListItem","position":2,"name":"Tienda","item":"https:\/\/www.certifiedcosmetics.com\/es\/tienda\/"},{"@type":"ListItem","position":3,"name":"Prueba dermatol\u00f3gica del parche"}]},{"@type":"WebSite","@id":"https:\/\/www.certifiedcosmetics.com\/es\/#website","url":"https:\/\/www.certifiedcosmetics.com\/es\/","name":"Certified Cosmetics","description":"Cosmetic Testing","publisher":{"@id":"https:\/\/www.certifiedcosmetics.com\/es\/#organization"},"potentialAction":[{"@type":"SearchAction","target":{"@type":"EntryPoint","urlTemplate":"https:\/\/www.certifiedcosmetics.com\/es\/?s={search_term_string}"},"query-input":{"@type":"PropertyValueSpecification","valueRequired":true,"valueName":"search_term_string"}}],"inLanguage":"es"},{"@type":"Organization","@id":"https:\/\/www.certifiedcosmetics.com\/es\/#organization","name":"Certified Cosmetics","url":"https:\/\/www.certifiedcosmetics.com\/es\/","logo":{"@type":"ImageObject","inLanguage":"es","@id":"https:\/\/www.certifiedcosmetics.com\/es\/#\/schema\/logo\/image\/","url":"https:\/\/www.certifiedcosmetics.com\/wp-content\/uploads\/2024\/12\/logo_certified_cosmetics696.jpg","contentUrl":"https:\/\/www.certifiedcosmetics.com\/wp-content\/uploads\/2024\/12\/logo_certified_cosmetics696.jpg","width":696,"height":696,"caption":"Certified Cosmetics"},"image":{"@id":"https:\/\/www.certifiedcosmetics.com\/es\/#\/schema\/logo\/image\/"},"description":"Your trusted partner for cosmetic product safety reporting. We take care of updating all of your documentation, ensuring your compliance stays current even as regulations evolve. The Cosmetic Product Safety Assessment will give you everything you need to sell specific products to EU consumers.","email":"contact@certifiedcosmetics.com","telephone":"+31 36 2036384","legalName":"Certified Cosmetics","foundingDate":"2010-01-01","vatID":"NL854189543B01","numberOfEmployees":{"@type":"QuantitativeValue","minValue":"11","maxValue":"50"}}]},"og_availability":"instock","product_availability":"instock","product_condition":"new"},"_links":{"self":[{"href":"https:\/\/www.certifiedcosmetics.com\/es\/wp-json\/wp\/v2\/product\/7280","targetHints":{"allow":["GET"]}}],"collection":[{"href":"https:\/\/www.certifiedcosmetics.com\/es\/wp-json\/wp\/v2\/product"}],"about":[{"href":"https:\/\/www.certifiedcosmetics.com\/es\/wp-json\/wp\/v2\/types\/product"}],"wp:featuredmedia":[{"embeddable":true,"href":"https:\/\/www.certifiedcosmetics.com\/es\/wp-json\/wp\/v2\/media\/6525"}],"wp:attachment":[{"href":"https:\/\/www.certifiedcosmetics.com\/es\/wp-json\/wp\/v2\/media?parent=7280"}],"wp:term":[{"taxonomy":"product_brand","embeddable":true,"href":"https:\/\/www.certifiedcosmetics.com\/es\/wp-json\/wp\/v2\/product_brand?post=7280"},{"taxonomy":"product_cat","embeddable":true,"href":"https:\/\/www.certifiedcosmetics.com\/es\/wp-json\/wp\/v2\/product_cat?post=7280"},{"taxonomy":"product_tag","embeddable":true,"href":"https:\/\/www.certifiedcosmetics.com\/es\/wp-json\/wp\/v2\/product_tag?post=7280"}],"curies":[{"name":"wp","href":"https:\/\/api.w.org\/{rel}","templated":true}]}}