{"id":7270,"date":"2023-11-08T12:10:15","date_gmt":"2023-11-08T11:10:15","guid":{"rendered":"https:\/\/www.certifiedcosmetics.com\/product\/prueba-de-microbiologia\/"},"modified":"2024-11-26T09:44:09","modified_gmt":"2024-11-26T08:44:09","slug":"prueba-de-microbiologia","status":"publish","type":"product","link":"https:\/\/www.certifiedcosmetics.com\/es\/product\/laboratorio-es\/prueba-de-microbiologia\/","title":{"rendered":"Prueba de microbiolog\u00eda"},"content":{"rendered":"<p>Las pruebas microbiol\u00f3gicas son un aspecto cr\u00edtico de la industria cosm\u00e9tica, que se centra en la seguridad y la calidad de los productos mediante la vigilancia y el control de la contaminaci\u00f3n microbiana. Ayuda a los fabricantes a producir productos cosm\u00e9ticos y de cuidado personal seguros y eficaces para los consumidores.<\/p>\n<h2><strong>Requisitos reglamentarios<\/strong><\/h2>\n<p>Los organismos reguladores, como la FDA en EE.UU. y el Reglamento de Cosm\u00e9ticos de la UE, exigen seguridad microbiol\u00f3gica para evitar infecciones y reacciones.<\/p>\n<h2><strong>Normas y m\u00e9todos de ensayo<\/strong><\/h2>\n<p>Entre las normas habituales est\u00e1n la ISO 17516 y la USP 61. Los m\u00e9todos suelen implicar el uso de t\u00e9cnicas de cultivo microbiano para identificar y cuantificar cualquier microorganismo. <\/p>\n<table>\n<tbody>\n<tr>\n<td width=\"200\"><strong>Par\u00e1metro de evaluaci\u00f3n<\/strong><\/td>\n<td width=\"200\"><strong>M\u00e9todo<\/strong><\/td>\n<td width=\"200\"><strong>Valor l\u00edmite<\/strong><\/td>\n<\/tr>\n<tr>\n<td width=\"200\">Recuento total de bacterias aerobiomes\u00f3filas<\/td>\n<td width=\"200\">ISO 21149<\/td>\n<td rowspan=\"2\" width=\"200\">Productos para ni\u00f1os menores de 3 a\u00f1os, productos aplicados en la zona ocular, productos aplicados en las mucosas: &lt;100 ufc\/g<\/p>\n<p>Otros productos: &lt;1000 ufc\/g<\/td>\n<\/tr>\n<tr>\n<td width=\"200\">Recuento total de mohos y levaduras<\/td>\n<td width=\"200\">ISO 16212<\/td>\n<\/tr>\n<tr>\n<td width=\"200\">Pseudomonas aeruginosa<\/td>\n<td width=\"200\">ISO 22717<\/td>\n<td rowspan=\"4\" width=\"200\">No debe encontrarse<\/td>\n<\/tr>\n<tr>\n<td width=\"200\">Estafilococo \u00e1ureo<\/td>\n<td width=\"200\">ISO 22718<\/td>\n<\/tr>\n<tr>\n<td width=\"200\">E. coli<\/td>\n<td width=\"200\">ISO 21150<\/td>\n<\/tr>\n<tr>\n<td width=\"200\">Candida albicans<\/td>\n<td width=\"200\">ISO 18416<\/td>\n<\/tr>\n<\/tbody>\n<\/table>\n","protected":false},"excerpt":{"rendered":"<p>Las pruebas microbiol\u00f3gicas son un aspecto cr\u00edtico de la industria cosm\u00e9tica, que se centra en la seguridad y la calidad de los productos mediante la vigilancia y el control de la contaminaci\u00f3n microbiana. Ayuda a los fabricantes a producir productos cosm\u00e9ticos y de cuidado personal seguros y eficaces para los consumidores. Requisitos reglamentarios Los organismos&#8230;<\/p>\n","protected":false},"featured_media":6520,"template":"","meta":[],"product_brand":[],"product_cat":[270,204],"product_tag":[],"class_list":{"0":"post-7270","1":"product","2":"type-product","3":"status-publish","4":"has-post-thumbnail","6":"product_cat-laboratorio-es","7":"product_cat-pruebas-microbiologicas","9":"first","10":"instock","11":"virtual","12":"taxable","13":"purchasable","14":"product-type-simple"},"bundled_by":["6862","6862","6862","6862","6862","6807","11921","14795","15045"],"bundle_stock_status":"instock","bundle_stock_quantity":null,"bundle_virtual":false,"bundle_layout":"","bundle_add_to_cart_form_location":"","bundle_editable_in_cart":false,"bundle_sold_individually_context":"","bundle_item_grouping":"","bundle_min_size":"","bundle_max_size":"","bundle_price":[],"bundled_items":[],"bundle_sell_ids":[],"yoast_head":"<!-- This site is optimized with the Yoast SEO Premium plugin v25.4 (Yoast SEO v25.4) - https:\/\/yoast.com\/wordpress\/plugins\/seo\/ -->\n<title>Prueba de microbiolog\u00eda - Certified Cosmetics<\/title>\n<meta name=\"robots\" content=\"index, follow, max-snippet:-1, max-image-preview:large, max-video-preview:-1\" \/>\n<link rel=\"canonical\" href=\"https:\/\/www.certifiedcosmetics.com\/es\/product\/laboratorio-es\/prueba-de-microbiologia\/\" \/>\n<meta property=\"og:locale\" content=\"es_ES\" \/>\n<meta property=\"og:type\" content=\"article\" \/>\n<meta property=\"og:title\" content=\"Prueba de microbiolog\u00eda\" \/>\n<meta property=\"og:description\" content=\"Las pruebas microbiol\u00f3gicas son un aspecto cr\u00edtico de la industria cosm\u00e9tica, que se centra en la seguridad y la calidad de los productos mediante la vigilancia y el control de la contaminaci\u00f3n microbiana. Ayuda a los fabricantes a producir productos cosm\u00e9ticos y de cuidado personal seguros y eficaces para los consumidores. Requisitos reglamentarios Los organismos...\" \/>\n<meta property=\"og:url\" content=\"https:\/\/www.certifiedcosmetics.com\/es\/product\/laboratorio-es\/prueba-de-microbiologia\/\" \/>\n<meta property=\"og:site_name\" content=\"Certified Cosmetics\" \/>\n<meta property=\"article:modified_time\" content=\"2024-11-26T08:44:09+00:00\" \/>\n<meta property=\"og:image\" content=\"https:\/\/www.certifiedcosmetics.com\/wp-content\/uploads\/2023\/11\/Microbiology-1.jpg\" \/>\n\t<meta property=\"og:image:width\" content=\"1024\" \/>\n\t<meta property=\"og:image:height\" content=\"682\" \/>\n\t<meta property=\"og:image:type\" content=\"image\/jpeg\" \/>\n<meta name=\"twitter:card\" content=\"summary_large_image\" \/>\n<meta name=\"twitter:label1\" content=\"Precio\" \/>\n\t<meta name=\"twitter:data1\" content=\"&#036;80.57\" \/>\n\t<meta name=\"twitter:label2\" content=\"Disponibilidad\" \/>\n\t<meta name=\"twitter:data2\" content=\"Disponible\" \/>\n<script type=\"application\/ld+json\" class=\"yoast-schema-graph\">{\"@context\":\"https:\/\/schema.org\",\"@graph\":[{\"@type\":\"WebPage\",\"@id\":\"https:\/\/www.certifiedcosmetics.com\/es\/product\/laboratorio-es\/prueba-de-microbiologia\/\",\"url\":\"https:\/\/www.certifiedcosmetics.com\/es\/product\/laboratorio-es\/prueba-de-microbiologia\/\",\"name\":\"Prueba de microbiolog\u00eda - Certified Cosmetics\",\"isPartOf\":{\"@id\":\"https:\/\/www.certifiedcosmetics.com\/es\/#website\"},\"primaryImageOfPage\":{\"@id\":\"https:\/\/www.certifiedcosmetics.com\/es\/product\/laboratorio-es\/prueba-de-microbiologia\/#primaryimage\"},\"image\":{\"@id\":\"https:\/\/www.certifiedcosmetics.com\/es\/product\/laboratorio-es\/prueba-de-microbiologia\/#primaryimage\"},\"thumbnailUrl\":\"https:\/\/www.certifiedcosmetics.com\/wp-content\/uploads\/2023\/11\/Microbiology-1.jpg\",\"datePublished\":\"2023-11-08T11:10:15+00:00\",\"dateModified\":\"2024-11-26T08:44:09+00:00\",\"breadcrumb\":{\"@id\":\"https:\/\/www.certifiedcosmetics.com\/es\/product\/laboratorio-es\/prueba-de-microbiologia\/#breadcrumb\"},\"inLanguage\":\"es\",\"potentialAction\":[{\"@type\":\"ReadAction\",\"target\":[\"https:\/\/www.certifiedcosmetics.com\/es\/product\/laboratorio-es\/prueba-de-microbiologia\/\"]}]},{\"@type\":\"ImageObject\",\"inLanguage\":\"es\",\"@id\":\"https:\/\/www.certifiedcosmetics.com\/es\/product\/laboratorio-es\/prueba-de-microbiologia\/#primaryimage\",\"url\":\"https:\/\/www.certifiedcosmetics.com\/wp-content\/uploads\/2023\/11\/Microbiology-1.jpg\",\"contentUrl\":\"https:\/\/www.certifiedcosmetics.com\/wp-content\/uploads\/2023\/11\/Microbiology-1.jpg\",\"width\":1024,\"height\":682,\"caption\":\"Investigaci\u00f3n biol\u00f3gica. Mujer inteligente y reflexiva que estudia el desarrollo de las bacterias mientras realiza investigaciones biol\u00f3gicas\"},{\"@type\":\"BreadcrumbList\",\"@id\":\"https:\/\/www.certifiedcosmetics.com\/es\/product\/laboratorio-es\/prueba-de-microbiologia\/#breadcrumb\",\"itemListElement\":[{\"@type\":\"ListItem\",\"position\":1,\"name\":\"Home\",\"item\":\"https:\/\/www.certifiedcosmetics.com\/es\/\"},{\"@type\":\"ListItem\",\"position\":2,\"name\":\"Tienda\",\"item\":\"https:\/\/www.certifiedcosmetics.com\/es\/tienda\/\"},{\"@type\":\"ListItem\",\"position\":3,\"name\":\"Prueba de microbiolog\u00eda\"}]},{\"@type\":\"WebSite\",\"@id\":\"https:\/\/www.certifiedcosmetics.com\/es\/#website\",\"url\":\"https:\/\/www.certifiedcosmetics.com\/es\/\",\"name\":\"Certified Cosmetics\",\"description\":\"Cosmetic Testing\",\"publisher\":{\"@id\":\"https:\/\/www.certifiedcosmetics.com\/es\/#organization\"},\"potentialAction\":[{\"@type\":\"SearchAction\",\"target\":{\"@type\":\"EntryPoint\",\"urlTemplate\":\"https:\/\/www.certifiedcosmetics.com\/es\/?s={search_term_string}\"},\"query-input\":{\"@type\":\"PropertyValueSpecification\",\"valueRequired\":true,\"valueName\":\"search_term_string\"}}],\"inLanguage\":\"es\"},{\"@type\":\"Organization\",\"@id\":\"https:\/\/www.certifiedcosmetics.com\/es\/#organization\",\"name\":\"Certified Cosmetics\",\"url\":\"https:\/\/www.certifiedcosmetics.com\/es\/\",\"logo\":{\"@type\":\"ImageObject\",\"inLanguage\":\"es\",\"@id\":\"https:\/\/www.certifiedcosmetics.com\/es\/#\/schema\/logo\/image\/\",\"url\":\"https:\/\/www.certifiedcosmetics.com\/wp-content\/uploads\/2024\/12\/logo_certified_cosmetics696.jpg\",\"contentUrl\":\"https:\/\/www.certifiedcosmetics.com\/wp-content\/uploads\/2024\/12\/logo_certified_cosmetics696.jpg\",\"width\":696,\"height\":696,\"caption\":\"Certified Cosmetics\"},\"image\":{\"@id\":\"https:\/\/www.certifiedcosmetics.com\/es\/#\/schema\/logo\/image\/\"},\"description\":\"Your trusted partner for cosmetic product safety reporting. We take care of updating all of your documentation, ensuring your compliance stays current even as regulations evolve. The Cosmetic Product Safety Assessment will give you everything you need to sell specific products to EU consumers.\",\"email\":\"contact@certifiedcosmetics.com\",\"telephone\":\"+31 36 2036384\",\"legalName\":\"Certified Cosmetics\",\"foundingDate\":\"2010-01-01\",\"vatID\":\"NL854189543B01\",\"numberOfEmployees\":{\"@type\":\"QuantitativeValue\",\"minValue\":\"11\",\"maxValue\":\"50\"}}]}<\/script>\n<meta property=\"product:price:amount\" content=\"80.57\" \/>\n<meta property=\"product:price:currency\" content=\"USD\" \/>\n<meta property=\"og:availability\" content=\"instock\" \/>\n<meta property=\"product:availability\" content=\"instock\" \/>\n<meta property=\"product:retailer_item_id\" content=\"CC100090\" \/>\n<meta property=\"product:condition\" content=\"new\" \/>\n<!-- \/ Yoast SEO Premium plugin. -->","yoast_head_json":{"title":"Prueba de microbiolog\u00eda - Certified Cosmetics","robots":{"index":"index","follow":"follow","max-snippet":"max-snippet:-1","max-image-preview":"max-image-preview:large","max-video-preview":"max-video-preview:-1"},"canonical":"https:\/\/www.certifiedcosmetics.com\/es\/product\/laboratorio-es\/prueba-de-microbiologia\/","og_locale":"es_ES","og_type":"article","og_title":"Prueba de microbiolog\u00eda","og_description":"Las pruebas microbiol\u00f3gicas son un aspecto cr\u00edtico de la industria cosm\u00e9tica, que se centra en la seguridad y la calidad de los productos mediante la vigilancia y el control de la contaminaci\u00f3n microbiana. Ayuda a los fabricantes a producir productos cosm\u00e9ticos y de cuidado personal seguros y eficaces para los consumidores. Requisitos reglamentarios Los organismos...","og_url":"https:\/\/www.certifiedcosmetics.com\/es\/product\/laboratorio-es\/prueba-de-microbiologia\/","og_site_name":"Certified Cosmetics","article_modified_time":"2024-11-26T08:44:09+00:00","og_image":[{"width":1024,"height":682,"url":"https:\/\/www.certifiedcosmetics.com\/wp-content\/uploads\/2023\/11\/Microbiology-1.jpg","type":"image\/jpeg"}],"twitter_card":"summary_large_image","twitter_misc":{"Precio":"&#36;80.57","Disponibilidad":"Disponible"},"schema":{"@context":"https:\/\/schema.org","@graph":[{"@type":"WebPage","@id":"https:\/\/www.certifiedcosmetics.com\/es\/product\/laboratorio-es\/prueba-de-microbiologia\/","url":"https:\/\/www.certifiedcosmetics.com\/es\/product\/laboratorio-es\/prueba-de-microbiologia\/","name":"Prueba de microbiolog\u00eda - Certified Cosmetics","isPartOf":{"@id":"https:\/\/www.certifiedcosmetics.com\/es\/#website"},"primaryImageOfPage":{"@id":"https:\/\/www.certifiedcosmetics.com\/es\/product\/laboratorio-es\/prueba-de-microbiologia\/#primaryimage"},"image":{"@id":"https:\/\/www.certifiedcosmetics.com\/es\/product\/laboratorio-es\/prueba-de-microbiologia\/#primaryimage"},"thumbnailUrl":"https:\/\/www.certifiedcosmetics.com\/wp-content\/uploads\/2023\/11\/Microbiology-1.jpg","datePublished":"2023-11-08T11:10:15+00:00","dateModified":"2024-11-26T08:44:09+00:00","breadcrumb":{"@id":"https:\/\/www.certifiedcosmetics.com\/es\/product\/laboratorio-es\/prueba-de-microbiologia\/#breadcrumb"},"inLanguage":"es","potentialAction":[{"@type":"ReadAction","target":["https:\/\/www.certifiedcosmetics.com\/es\/product\/laboratorio-es\/prueba-de-microbiologia\/"]}]},{"@type":"ImageObject","inLanguage":"es","@id":"https:\/\/www.certifiedcosmetics.com\/es\/product\/laboratorio-es\/prueba-de-microbiologia\/#primaryimage","url":"https:\/\/www.certifiedcosmetics.com\/wp-content\/uploads\/2023\/11\/Microbiology-1.jpg","contentUrl":"https:\/\/www.certifiedcosmetics.com\/wp-content\/uploads\/2023\/11\/Microbiology-1.jpg","width":1024,"height":682,"caption":"Investigaci\u00f3n biol\u00f3gica. Mujer inteligente y reflexiva que estudia el desarrollo de las bacterias mientras realiza investigaciones biol\u00f3gicas"},{"@type":"BreadcrumbList","@id":"https:\/\/www.certifiedcosmetics.com\/es\/product\/laboratorio-es\/prueba-de-microbiologia\/#breadcrumb","itemListElement":[{"@type":"ListItem","position":1,"name":"Home","item":"https:\/\/www.certifiedcosmetics.com\/es\/"},{"@type":"ListItem","position":2,"name":"Tienda","item":"https:\/\/www.certifiedcosmetics.com\/es\/tienda\/"},{"@type":"ListItem","position":3,"name":"Prueba de microbiolog\u00eda"}]},{"@type":"WebSite","@id":"https:\/\/www.certifiedcosmetics.com\/es\/#website","url":"https:\/\/www.certifiedcosmetics.com\/es\/","name":"Certified Cosmetics","description":"Cosmetic Testing","publisher":{"@id":"https:\/\/www.certifiedcosmetics.com\/es\/#organization"},"potentialAction":[{"@type":"SearchAction","target":{"@type":"EntryPoint","urlTemplate":"https:\/\/www.certifiedcosmetics.com\/es\/?s={search_term_string}"},"query-input":{"@type":"PropertyValueSpecification","valueRequired":true,"valueName":"search_term_string"}}],"inLanguage":"es"},{"@type":"Organization","@id":"https:\/\/www.certifiedcosmetics.com\/es\/#organization","name":"Certified Cosmetics","url":"https:\/\/www.certifiedcosmetics.com\/es\/","logo":{"@type":"ImageObject","inLanguage":"es","@id":"https:\/\/www.certifiedcosmetics.com\/es\/#\/schema\/logo\/image\/","url":"https:\/\/www.certifiedcosmetics.com\/wp-content\/uploads\/2024\/12\/logo_certified_cosmetics696.jpg","contentUrl":"https:\/\/www.certifiedcosmetics.com\/wp-content\/uploads\/2024\/12\/logo_certified_cosmetics696.jpg","width":696,"height":696,"caption":"Certified Cosmetics"},"image":{"@id":"https:\/\/www.certifiedcosmetics.com\/es\/#\/schema\/logo\/image\/"},"description":"Your trusted partner for cosmetic product safety reporting. We take care of updating all of your documentation, ensuring your compliance stays current even as regulations evolve. The Cosmetic Product Safety Assessment will give you everything you need to sell specific products to EU consumers.","email":"contact@certifiedcosmetics.com","telephone":"+31 36 2036384","legalName":"Certified Cosmetics","foundingDate":"2010-01-01","vatID":"NL854189543B01","numberOfEmployees":{"@type":"QuantitativeValue","minValue":"11","maxValue":"50"}}]},"product_price_amount":"80.57","product_price_currency":"USD","og_availability":"instock","product_availability":"instock","product_retailer_item_id":"CC100090","product_condition":"new"},"_links":{"self":[{"href":"https:\/\/www.certifiedcosmetics.com\/es\/wp-json\/wp\/v2\/product\/7270","targetHints":{"allow":["GET"]}}],"collection":[{"href":"https:\/\/www.certifiedcosmetics.com\/es\/wp-json\/wp\/v2\/product"}],"about":[{"href":"https:\/\/www.certifiedcosmetics.com\/es\/wp-json\/wp\/v2\/types\/product"}],"wp:featuredmedia":[{"embeddable":true,"href":"https:\/\/www.certifiedcosmetics.com\/es\/wp-json\/wp\/v2\/media\/6520"}],"wp:attachment":[{"href":"https:\/\/www.certifiedcosmetics.com\/es\/wp-json\/wp\/v2\/media?parent=7270"}],"wp:term":[{"taxonomy":"product_brand","embeddable":true,"href":"https:\/\/www.certifiedcosmetics.com\/es\/wp-json\/wp\/v2\/product_brand?post=7270"},{"taxonomy":"product_cat","embeddable":true,"href":"https:\/\/www.certifiedcosmetics.com\/es\/wp-json\/wp\/v2\/product_cat?post=7270"},{"taxonomy":"product_tag","embeddable":true,"href":"https:\/\/www.certifiedcosmetics.com\/es\/wp-json\/wp\/v2\/product_tag?post=7270"}],"curies":[{"name":"wp","href":"https:\/\/api.w.org\/{rel}","templated":true}]}}