{"id":7213,"date":"2023-11-15T15:28:12","date_gmt":"2023-11-15T14:28:12","guid":{"rendered":"https:\/\/www.certifiedcosmetics.com\/product\/prueba-de-elasticidad\/"},"modified":"2024-11-26T09:40:49","modified_gmt":"2024-11-26T08:40:49","slug":"prueba-de-elasticidad","status":"publish","type":"product","link":"https:\/\/www.certifiedcosmetics.com\/es\/product\/pruebas-de-eficacia\/pruebas-cutaneas\/prueba-de-elasticidad\/","title":{"rendered":"Prueba de elasticidad"},"content":{"rendered":"<p>En el contexto de los productos para el cuidado de la piel, una prueba de elasticidad es un m\u00e9todo utilizado para evaluar el impacto de estos productos en la elasticidad de la piel. La elasticidad de la piel es un aspecto crucial de la salud y el aspecto de la piel, que refleja su capacidad para estirarse y volver a su forma original. La prueba ayuda a determinar la eficacia de los productos para el cuidado de la piel a la hora de promover la firmeza, reducir la flacidez y mejorar la elasticidad general de la piel.<\/p>\n<p>Estas pruebas implican:<\/p>\n<ol>\n<li><strong>Ensayos cl\u00ednicos:<\/strong> Estudios controlados con participantes humanos para evaluar los efectos de los productos que promueven la elasticidad. Estos ensayos pueden incluir evaluaciones del antes y el despu\u00e9s de la elasticidad, normalmente utilizando dispositivos estandarizados.<\/li>\n<li><strong>Mediciones instrumentales:<\/strong> Pueden utilizarse instrumentos cient\u00edficos como el ElastiMeter para medir los cambios tras estirar o comprimir la piel. Estas mediciones proporcionan datos objetivos sobre la eficacia de un producto para fomentar la elasticidad.<\/li>\n<li><strong>Evaluaciones dermatol\u00f3gicas:<\/strong> Los dermat\u00f3logos pueden evaluar el estado de la piel de las personas antes y despu\u00e9s de utilizar productos que promueven la elasticidad para proporcionar una evaluaci\u00f3n profesional de la eficacia del producto.<\/li>\n<\/ol>\n<p>El siguiente paso puede a\u00f1adirse a petici\u00f3n del cliente y tiene un coste adicional:<\/p>\n<ol>\n<li><strong>Mediciones biof\u00edsicas:<\/strong> Estas mediciones consisten en evaluar diversas propiedades de la piel, como las arrugas y la hidrataci\u00f3n, que contribuyen al aspecto general de la piel.<\/li>\n<li><strong>Evaluaciones subjetivas:<\/strong> Pueden utilizarse encuestas o cuestionarios de autoevaluaci\u00f3n para recabar opiniones de personas que utilicen productos antiarrugas. Se puede pedir a los participantes que eval\u00faen su percepci\u00f3n de los cambios en la flacidez, la textura de la piel y el aspecto general<\/li>\n<\/ol>\n<p>Es importante tener en cuenta que la eficacia de los productos que favorecen la elasticidad puede variar, y las respuestas individuales pueden diferir en funci\u00f3n de factores como el tipo de piel, la edad y la gravedad de la flacidez.<\/p>\n<p>Aconsejamos consultar para obtener recomendaciones personalizadas basadas en el contenido de la formulaci\u00f3n y las caracter\u00edsticas del producto.<\/p>\n","protected":false},"excerpt":{"rendered":"<div class=\"bt_bb_button bt_bb_color_scheme_6 bt_bb_icon_position_left bt_bb_style_filled bt_bb_width_inline bt_bb_shape_inherit bt_bb_target_self bt_bb_text_transform_inherit bt_bb_fe_edit bt_bb_size_normal bt_bb_align_inherit\" style=\"; --primary-color: #ffffff; --secondary-color: #0bc270;\" data-base=\"bt_bb_button\"><a class=\"bt_bb_link\" title=\"EVALUACI\u00d3N DE LA SEGURIDAD DEL JAB\u00d3N\" href=\"https:\/\/www.certifiedcosmetics.com\/services\/get-quote\/\" target=\"_self\" rel=\"noopener\"><span class=\"bt_bb_button_text\">SOLICITAR PRESUPUESTO<\/span><\/a><\/div>\n","protected":false},"featured_media":6545,"template":"","meta":[],"product_brand":[],"product_cat":[147,135],"product_tag":[],"class_list":{"0":"post-7213","1":"product","2":"type-product","3":"status-publish","4":"has-post-thumbnail","6":"product_cat-pruebas-cutaneas","7":"product_cat-pruebas-de-eficacia","9":"first","10":"instock","11":"virtual","12":"taxable","13":"purchasable","14":"product-type-simple"},"bundled_by":[],"bundle_stock_status":"instock","bundle_stock_quantity":null,"bundle_virtual":false,"bundle_layout":"","bundle_add_to_cart_form_location":"","bundle_editable_in_cart":false,"bundle_sold_individually_context":"","bundle_item_grouping":"","bundle_min_size":"","bundle_max_size":"","bundle_price":[],"bundled_items":[],"bundle_sell_ids":[],"yoast_head":"<!-- This site is optimized with the Yoast SEO Premium plugin v25.4 (Yoast SEO v25.4) - https:\/\/yoast.com\/wordpress\/plugins\/seo\/ -->\n<title>Prueba de elasticidad - Certified Cosmetics<\/title>\n<meta name=\"robots\" content=\"index, follow, max-snippet:-1, max-image-preview:large, max-video-preview:-1\" \/>\n<link rel=\"canonical\" href=\"https:\/\/www.certifiedcosmetics.com\/es\/product\/pruebas-de-eficacia\/pruebas-cutaneas\/prueba-de-elasticidad\/\" \/>\n<meta property=\"og:locale\" content=\"es_ES\" \/>\n<meta property=\"og:type\" content=\"article\" \/>\n<meta property=\"og:title\" content=\"Prueba de elasticidad\" \/>\n<meta property=\"og:description\" content=\"SOLICITAR PRESUPUESTO\" \/>\n<meta property=\"og:url\" content=\"https:\/\/www.certifiedcosmetics.com\/es\/product\/pruebas-de-eficacia\/pruebas-cutaneas\/prueba-de-elasticidad\/\" \/>\n<meta property=\"og:site_name\" content=\"Certified Cosmetics\" \/>\n<meta property=\"article:modified_time\" content=\"2024-11-26T08:40:49+00:00\" \/>\n<meta property=\"og:image\" content=\"https:\/\/www.certifiedcosmetics.com\/wp-content\/uploads\/2023\/11\/elasticity.jpg\" \/>\n\t<meta property=\"og:image:width\" content=\"800\" \/>\n\t<meta property=\"og:image:height\" content=\"800\" \/>\n\t<meta property=\"og:image:type\" content=\"image\/jpeg\" \/>\n<meta name=\"twitter:card\" content=\"summary_large_image\" \/>\n<meta name=\"twitter:label1\" content=\"Precio\" \/>\n\t<meta name=\"twitter:data1\" content=\"&#036;411.92\" \/>\n\t<meta name=\"twitter:label2\" content=\"Disponibilidad\" \/>\n\t<meta name=\"twitter:data2\" content=\"Disponible\" \/>\n<script type=\"application\/ld+json\" class=\"yoast-schema-graph\">{\"@context\":\"https:\/\/schema.org\",\"@graph\":[{\"@type\":\"WebPage\",\"@id\":\"https:\/\/www.certifiedcosmetics.com\/es\/product\/pruebas-de-eficacia\/pruebas-cutaneas\/prueba-de-elasticidad\/\",\"url\":\"https:\/\/www.certifiedcosmetics.com\/es\/product\/pruebas-de-eficacia\/pruebas-cutaneas\/prueba-de-elasticidad\/\",\"name\":\"Prueba de elasticidad - Certified Cosmetics\",\"isPartOf\":{\"@id\":\"https:\/\/www.certifiedcosmetics.com\/es\/#website\"},\"primaryImageOfPage\":{\"@id\":\"https:\/\/www.certifiedcosmetics.com\/es\/product\/pruebas-de-eficacia\/pruebas-cutaneas\/prueba-de-elasticidad\/#primaryimage\"},\"image\":{\"@id\":\"https:\/\/www.certifiedcosmetics.com\/es\/product\/pruebas-de-eficacia\/pruebas-cutaneas\/prueba-de-elasticidad\/#primaryimage\"},\"thumbnailUrl\":\"https:\/\/www.certifiedcosmetics.com\/wp-content\/uploads\/2023\/11\/elasticity.jpg\",\"datePublished\":\"2023-11-15T14:28:12+00:00\",\"dateModified\":\"2024-11-26T08:40:49+00:00\",\"breadcrumb\":{\"@id\":\"https:\/\/www.certifiedcosmetics.com\/es\/product\/pruebas-de-eficacia\/pruebas-cutaneas\/prueba-de-elasticidad\/#breadcrumb\"},\"inLanguage\":\"es\",\"potentialAction\":[{\"@type\":\"ReadAction\",\"target\":[\"https:\/\/www.certifiedcosmetics.com\/es\/product\/pruebas-de-eficacia\/pruebas-cutaneas\/prueba-de-elasticidad\/\"]}]},{\"@type\":\"ImageObject\",\"inLanguage\":\"es\",\"@id\":\"https:\/\/www.certifiedcosmetics.com\/es\/product\/pruebas-de-eficacia\/pruebas-cutaneas\/prueba-de-elasticidad\/#primaryimage\",\"url\":\"https:\/\/www.certifiedcosmetics.com\/wp-content\/uploads\/2023\/11\/elasticity.jpg\",\"contentUrl\":\"https:\/\/www.certifiedcosmetics.com\/wp-content\/uploads\/2023\/11\/elasticity.jpg\",\"width\":800,\"height\":800},{\"@type\":\"BreadcrumbList\",\"@id\":\"https:\/\/www.certifiedcosmetics.com\/es\/product\/pruebas-de-eficacia\/pruebas-cutaneas\/prueba-de-elasticidad\/#breadcrumb\",\"itemListElement\":[{\"@type\":\"ListItem\",\"position\":1,\"name\":\"Home\",\"item\":\"https:\/\/www.certifiedcosmetics.com\/es\/\"},{\"@type\":\"ListItem\",\"position\":2,\"name\":\"Tienda\",\"item\":\"https:\/\/www.certifiedcosmetics.com\/es\/tienda\/\"},{\"@type\":\"ListItem\",\"position\":3,\"name\":\"Prueba de elasticidad\"}]},{\"@type\":\"WebSite\",\"@id\":\"https:\/\/www.certifiedcosmetics.com\/es\/#website\",\"url\":\"https:\/\/www.certifiedcosmetics.com\/es\/\",\"name\":\"Certified Cosmetics\",\"description\":\"Cosmetic Testing\",\"publisher\":{\"@id\":\"https:\/\/www.certifiedcosmetics.com\/es\/#organization\"},\"potentialAction\":[{\"@type\":\"SearchAction\",\"target\":{\"@type\":\"EntryPoint\",\"urlTemplate\":\"https:\/\/www.certifiedcosmetics.com\/es\/?s={search_term_string}\"},\"query-input\":{\"@type\":\"PropertyValueSpecification\",\"valueRequired\":true,\"valueName\":\"search_term_string\"}}],\"inLanguage\":\"es\"},{\"@type\":\"Organization\",\"@id\":\"https:\/\/www.certifiedcosmetics.com\/es\/#organization\",\"name\":\"Certified Cosmetics\",\"url\":\"https:\/\/www.certifiedcosmetics.com\/es\/\",\"logo\":{\"@type\":\"ImageObject\",\"inLanguage\":\"es\",\"@id\":\"https:\/\/www.certifiedcosmetics.com\/es\/#\/schema\/logo\/image\/\",\"url\":\"https:\/\/www.certifiedcosmetics.com\/wp-content\/uploads\/2024\/12\/logo_certified_cosmetics696.jpg\",\"contentUrl\":\"https:\/\/www.certifiedcosmetics.com\/wp-content\/uploads\/2024\/12\/logo_certified_cosmetics696.jpg\",\"width\":696,\"height\":696,\"caption\":\"Certified Cosmetics\"},\"image\":{\"@id\":\"https:\/\/www.certifiedcosmetics.com\/es\/#\/schema\/logo\/image\/\"},\"description\":\"Your trusted partner for cosmetic product safety reporting. We take care of updating all of your documentation, ensuring your compliance stays current even as regulations evolve. The Cosmetic Product Safety Assessment will give you everything you need to sell specific products to EU consumers.\",\"email\":\"contact@certifiedcosmetics.com\",\"telephone\":\"+31 36 2036384\",\"legalName\":\"Certified Cosmetics\",\"foundingDate\":\"2010-01-01\",\"vatID\":\"NL854189543B01\",\"numberOfEmployees\":{\"@type\":\"QuantitativeValue\",\"minValue\":\"11\",\"maxValue\":\"50\"}}]}<\/script>\n<meta property=\"product:price:amount\" content=\"411.92\" \/>\n<meta property=\"product:price:currency\" content=\"USD\" \/>\n<meta property=\"og:availability\" content=\"instock\" \/>\n<meta property=\"product:availability\" content=\"instock\" \/>\n<meta property=\"product:retailer_item_id\" content=\"CC100059\" \/>\n<meta property=\"product:condition\" content=\"new\" \/>\n<!-- \/ Yoast SEO Premium plugin. -->","yoast_head_json":{"title":"Prueba de elasticidad - Certified Cosmetics","robots":{"index":"index","follow":"follow","max-snippet":"max-snippet:-1","max-image-preview":"max-image-preview:large","max-video-preview":"max-video-preview:-1"},"canonical":"https:\/\/www.certifiedcosmetics.com\/es\/product\/pruebas-de-eficacia\/pruebas-cutaneas\/prueba-de-elasticidad\/","og_locale":"es_ES","og_type":"article","og_title":"Prueba de elasticidad","og_description":"SOLICITAR PRESUPUESTO","og_url":"https:\/\/www.certifiedcosmetics.com\/es\/product\/pruebas-de-eficacia\/pruebas-cutaneas\/prueba-de-elasticidad\/","og_site_name":"Certified Cosmetics","article_modified_time":"2024-11-26T08:40:49+00:00","og_image":[{"width":800,"height":800,"url":"https:\/\/www.certifiedcosmetics.com\/wp-content\/uploads\/2023\/11\/elasticity.jpg","type":"image\/jpeg"}],"twitter_card":"summary_large_image","twitter_misc":{"Precio":"&#36;411.92","Disponibilidad":"Disponible"},"schema":{"@context":"https:\/\/schema.org","@graph":[{"@type":"WebPage","@id":"https:\/\/www.certifiedcosmetics.com\/es\/product\/pruebas-de-eficacia\/pruebas-cutaneas\/prueba-de-elasticidad\/","url":"https:\/\/www.certifiedcosmetics.com\/es\/product\/pruebas-de-eficacia\/pruebas-cutaneas\/prueba-de-elasticidad\/","name":"Prueba de elasticidad - Certified Cosmetics","isPartOf":{"@id":"https:\/\/www.certifiedcosmetics.com\/es\/#website"},"primaryImageOfPage":{"@id":"https:\/\/www.certifiedcosmetics.com\/es\/product\/pruebas-de-eficacia\/pruebas-cutaneas\/prueba-de-elasticidad\/#primaryimage"},"image":{"@id":"https:\/\/www.certifiedcosmetics.com\/es\/product\/pruebas-de-eficacia\/pruebas-cutaneas\/prueba-de-elasticidad\/#primaryimage"},"thumbnailUrl":"https:\/\/www.certifiedcosmetics.com\/wp-content\/uploads\/2023\/11\/elasticity.jpg","datePublished":"2023-11-15T14:28:12+00:00","dateModified":"2024-11-26T08:40:49+00:00","breadcrumb":{"@id":"https:\/\/www.certifiedcosmetics.com\/es\/product\/pruebas-de-eficacia\/pruebas-cutaneas\/prueba-de-elasticidad\/#breadcrumb"},"inLanguage":"es","potentialAction":[{"@type":"ReadAction","target":["https:\/\/www.certifiedcosmetics.com\/es\/product\/pruebas-de-eficacia\/pruebas-cutaneas\/prueba-de-elasticidad\/"]}]},{"@type":"ImageObject","inLanguage":"es","@id":"https:\/\/www.certifiedcosmetics.com\/es\/product\/pruebas-de-eficacia\/pruebas-cutaneas\/prueba-de-elasticidad\/#primaryimage","url":"https:\/\/www.certifiedcosmetics.com\/wp-content\/uploads\/2023\/11\/elasticity.jpg","contentUrl":"https:\/\/www.certifiedcosmetics.com\/wp-content\/uploads\/2023\/11\/elasticity.jpg","width":800,"height":800},{"@type":"BreadcrumbList","@id":"https:\/\/www.certifiedcosmetics.com\/es\/product\/pruebas-de-eficacia\/pruebas-cutaneas\/prueba-de-elasticidad\/#breadcrumb","itemListElement":[{"@type":"ListItem","position":1,"name":"Home","item":"https:\/\/www.certifiedcosmetics.com\/es\/"},{"@type":"ListItem","position":2,"name":"Tienda","item":"https:\/\/www.certifiedcosmetics.com\/es\/tienda\/"},{"@type":"ListItem","position":3,"name":"Prueba de elasticidad"}]},{"@type":"WebSite","@id":"https:\/\/www.certifiedcosmetics.com\/es\/#website","url":"https:\/\/www.certifiedcosmetics.com\/es\/","name":"Certified Cosmetics","description":"Cosmetic Testing","publisher":{"@id":"https:\/\/www.certifiedcosmetics.com\/es\/#organization"},"potentialAction":[{"@type":"SearchAction","target":{"@type":"EntryPoint","urlTemplate":"https:\/\/www.certifiedcosmetics.com\/es\/?s={search_term_string}"},"query-input":{"@type":"PropertyValueSpecification","valueRequired":true,"valueName":"search_term_string"}}],"inLanguage":"es"},{"@type":"Organization","@id":"https:\/\/www.certifiedcosmetics.com\/es\/#organization","name":"Certified Cosmetics","url":"https:\/\/www.certifiedcosmetics.com\/es\/","logo":{"@type":"ImageObject","inLanguage":"es","@id":"https:\/\/www.certifiedcosmetics.com\/es\/#\/schema\/logo\/image\/","url":"https:\/\/www.certifiedcosmetics.com\/wp-content\/uploads\/2024\/12\/logo_certified_cosmetics696.jpg","contentUrl":"https:\/\/www.certifiedcosmetics.com\/wp-content\/uploads\/2024\/12\/logo_certified_cosmetics696.jpg","width":696,"height":696,"caption":"Certified Cosmetics"},"image":{"@id":"https:\/\/www.certifiedcosmetics.com\/es\/#\/schema\/logo\/image\/"},"description":"Your trusted partner for cosmetic product safety reporting. We take care of updating all of your documentation, ensuring your compliance stays current even as regulations evolve. The Cosmetic Product Safety Assessment will give you everything you need to sell specific products to EU consumers.","email":"contact@certifiedcosmetics.com","telephone":"+31 36 2036384","legalName":"Certified Cosmetics","foundingDate":"2010-01-01","vatID":"NL854189543B01","numberOfEmployees":{"@type":"QuantitativeValue","minValue":"11","maxValue":"50"}}]},"product_price_amount":"411.92","product_price_currency":"USD","og_availability":"instock","product_availability":"instock","product_retailer_item_id":"CC100059","product_condition":"new"},"_links":{"self":[{"href":"https:\/\/www.certifiedcosmetics.com\/es\/wp-json\/wp\/v2\/product\/7213","targetHints":{"allow":["GET"]}}],"collection":[{"href":"https:\/\/www.certifiedcosmetics.com\/es\/wp-json\/wp\/v2\/product"}],"about":[{"href":"https:\/\/www.certifiedcosmetics.com\/es\/wp-json\/wp\/v2\/types\/product"}],"wp:featuredmedia":[{"embeddable":true,"href":"https:\/\/www.certifiedcosmetics.com\/es\/wp-json\/wp\/v2\/media\/6545"}],"wp:attachment":[{"href":"https:\/\/www.certifiedcosmetics.com\/es\/wp-json\/wp\/v2\/media?parent=7213"}],"wp:term":[{"taxonomy":"product_brand","embeddable":true,"href":"https:\/\/www.certifiedcosmetics.com\/es\/wp-json\/wp\/v2\/product_brand?post=7213"},{"taxonomy":"product_cat","embeddable":true,"href":"https:\/\/www.certifiedcosmetics.com\/es\/wp-json\/wp\/v2\/product_cat?post=7213"},{"taxonomy":"product_tag","embeddable":true,"href":"https:\/\/www.certifiedcosmetics.com\/es\/wp-json\/wp\/v2\/product_tag?post=7213"}],"curies":[{"name":"wp","href":"https:\/\/api.w.org\/{rel}","templated":true}]}}