{"id":7191,"date":"2023-11-19T11:38:27","date_gmt":"2023-11-19T11:38:27","guid":{"rendered":"https:\/\/www.certifiedcosmetics.com\/product\/evaluacion-de-la-seguridad-de-los-productos-cosmeticos-cpsr\/"},"modified":"2025-03-21T13:02:10","modified_gmt":"2025-03-21T12:02:10","slug":"evaluacion-de-la-seguridad-de-los-productos-cosmeticos-cpsr","status":"publish","type":"product","link":"https:\/\/www.certifiedcosmetics.com\/es\/product\/evaluacion-de-la-seguridad-cosmetica\/evaluacion-de-la-seguridad-de-los-productos-cosmeticos-cpsr\/","title":{"rendered":"Informe sobre la seguridad de los productos cosm\u00e9ticos &#8211; CPSR"},"content":{"rendered":"<p>El Informe de la UE sobre la seguridad de los productos cosm\u00e9ticos (ISPQ) es un documento exhaustivo que desempe\u00f1a un papel crucial para garantizar la seguridad de los productos cosm\u00e9ticos comercializados en la Uni\u00f3n Europea (UE). Es un requisito del Reglamento sobre cosm\u00e9ticos de la UE (Reglamento (CE) n\u00ba 1223\/2009), que establece las normas y reglamentos para los productos cosm\u00e9ticos.<\/p>\n<p>Entre los componentes clave del Informe de la UE sobre la seguridad de los productos cosm\u00e9ticos figuran:<\/p>\n<ol>\n<li><strong>Informaci\u00f3n sobre el producto:<\/strong> El CPSR contiene informaci\u00f3n detallada sobre el producto cosm\u00e9tico, incluido su nombre, categor\u00eda y uso previsto. Tambi\u00e9n especifica el nombre y la direcci\u00f3n de la Persona Responsable, es decir, la entidad o persona encargada de comercializar el producto. <\/li>\n<li><strong>Composici\u00f3n del producto:<\/strong> Se proporciona una lista detallada de todos los ingredientes presentes en el producto cosm\u00e9tico, incluidos sus nombres qu\u00edmicos, niveles de concentraci\u00f3n y funciones. Esta informaci\u00f3n es crucial para evaluar la seguridad del producto. <\/li>\n<li><strong>Evaluaci\u00f3n de la exposici\u00f3n:<\/strong> El informe incluye una evaluaci\u00f3n de la exposici\u00f3n de los consumidores al producto cosm\u00e9tico. Esto implica considerar factores como la frecuencia y duraci\u00f3n del uso, la poblaci\u00f3n destinataria y la exposici\u00f3n potencial a trav\u00e9s de diversas v\u00edas (por ejemplo, contacto con la piel, ingesti\u00f3n, inhalaci\u00f3n). <\/li>\n<li><strong>Perfil toxicol\u00f3gico:<\/strong> Se realiza una evaluaci\u00f3n toxicol\u00f3gica exhaustiva de cada ingrediente del producto cosm\u00e9tico. Esto implica evaluar los riesgos potenciales para la salud asociados a los ingredientes individuales, as\u00ed como cualquier efecto acumulativo de la combinaci\u00f3n de ingredientes. <\/li>\n<li><strong>Evaluaci\u00f3n de la seguridad:<\/strong> Bas\u00e1ndose en la evaluaci\u00f3n de la exposici\u00f3n y el perfil toxicol\u00f3gico, se lleva a cabo una evaluaci\u00f3n de la seguridad para determinar si el producto cosm\u00e9tico es seguro para su uso. Esta evaluaci\u00f3n tiene en cuenta los riesgos potenciales para la salud humana y pretende garantizar que el producto cumple los requisitos de seguridad especificados en el Reglamento sobre cosm\u00e9ticos de la UE. <\/li>\n<li><strong>Informaci\u00f3n sobre el etiquetado:<\/strong> El CPSR incluye detalles sobre el etiquetado del producto cosm\u00e9tico, garantizando que cumple los requisitos de etiquetado pertinentes establecidos en el Reglamento sobre cosm\u00e9ticos de la UE.<\/li>\n<li><strong>Conclusi\u00f3n y recomendaciones:<\/strong> El informe concluye con un resumen de la evaluaci\u00f3n de seguridad y cualquier recomendaci\u00f3n de medidas adicionales para garantizar la seguridad del producto.<\/li>\n<\/ol>\n<p>El Informe sobre la seguridad de los productos cosm\u00e9ticos de la UE lo elabora nuestro evaluador de seguridad cualificado, que suele ser alguien con formaci\u00f3n en toxicolog\u00eda o un campo cient\u00edfico relacionado. Sirve como herramienta fundamental para demostrar el cumplimiento de los requisitos reglamentarios y garantizar que los productos cosm\u00e9ticos comercializados en la UE son seguros para los consumidores cuando se utilizan seg\u00fan lo previsto.<\/p>\n<p>Es importante se\u00f1alar que el Informe sobre la seguridad de los productos cosm\u00e9ticos forma parte del marco normativo m\u00e1s amplio de los cosm\u00e9ticos en la UE, y su elaboraci\u00f3n es una obligaci\u00f3n legal para las empresas que comercializan productos cosm\u00e9ticos.<\/p>\n","protected":false},"excerpt":{"rendered":"<p>El Informe de la UE sobre la seguridad de los productos cosm\u00e9ticos (ISPQ) es un documento exhaustivo que desempe\u00f1a un papel crucial para garantizar la seguridad de los productos cosm\u00e9ticos comercializados en la Uni\u00f3n Europea (UE). Es un requisito del Reglamento sobre cosm\u00e9ticos de la UE (Reglamento (CE) n\u00ba 1223\/2009), que establece las normas y&#8230;<\/p>\n","protected":false},"featured_media":6585,"template":"","meta":[],"product_brand":[],"product_cat":[116],"product_tag":[],"class_list":{"0":"post-7191","1":"product","2":"type-product","3":"status-publish","4":"has-post-thumbnail","6":"product_cat-evaluacion-de-la-seguridad-cosmetica","8":"first","9":"instock","10":"taxable","11":"shipping-taxable","12":"purchasable","13":"product-type-variable","14":"has-default-attributes"},"bundled_by":["6862","6862","6862","6862","6862"],"bundle_stock_status":"instock","bundle_stock_quantity":null,"bundle_virtual":false,"bundle_layout":"","bundle_add_to_cart_form_location":"","bundle_editable_in_cart":false,"bundle_sold_individually_context":"","bundle_item_grouping":"","bundle_min_size":"","bundle_max_size":"","bundle_price":[],"bundled_items":[],"bundle_sell_ids":[],"yoast_head":"<!-- This site is optimized with the Yoast SEO Premium plugin v25.4 (Yoast SEO v25.4) - https:\/\/yoast.com\/wordpress\/plugins\/seo\/ -->\n<title>Informe sobre la seguridad de los productos cosm\u00e9ticos - CPSR - Certified Cosmetics<\/title>\n<meta name=\"robots\" content=\"index, follow, max-snippet:-1, max-image-preview:large, max-video-preview:-1\" \/>\n<link rel=\"canonical\" href=\"https:\/\/www.certifiedcosmetics.com\/es\/product\/evaluacion-de-la-seguridad-cosmetica\/evaluacion-de-la-seguridad-de-los-productos-cosmeticos-cpsr\/\" \/>\n<meta property=\"og:locale\" content=\"es_ES\" \/>\n<meta property=\"og:type\" content=\"article\" \/>\n<meta property=\"og:title\" content=\"Informe sobre la seguridad de los productos cosm\u00e9ticos - CPSR\" \/>\n<meta property=\"og:description\" content=\"El Informe de la UE sobre la seguridad de los productos cosm\u00e9ticos (ISPQ) es un documento exhaustivo que desempe\u00f1a un papel crucial para garantizar la seguridad de los productos cosm\u00e9ticos comercializados en la Uni\u00f3n Europea (UE). Es un requisito del Reglamento sobre cosm\u00e9ticos de la UE (Reglamento (CE) n\u00ba 1223\/2009), que establece las normas y...\" \/>\n<meta property=\"og:url\" content=\"https:\/\/www.certifiedcosmetics.com\/es\/product\/evaluacion-de-la-seguridad-cosmetica\/evaluacion-de-la-seguridad-de-los-productos-cosmeticos-cpsr\/\" \/>\n<meta property=\"og:site_name\" content=\"Certified Cosmetics\" \/>\n<meta property=\"article:modified_time\" content=\"2025-03-21T12:02:10+00:00\" \/>\n<meta property=\"og:image\" content=\"https:\/\/www.certifiedcosmetics.com\/wp-content\/uploads\/2023\/11\/cpsr.jpg\" \/>\n\t<meta property=\"og:image:width\" content=\"800\" \/>\n\t<meta property=\"og:image:height\" content=\"800\" \/>\n\t<meta property=\"og:image:type\" content=\"image\/jpeg\" \/>\n<meta name=\"twitter:card\" content=\"summary_large_image\" \/>\n<meta name=\"twitter:label1\" content=\"Disponibilidad\" \/>\n\t<meta name=\"twitter:data1\" content=\"Disponible\" \/>\n<script type=\"application\/ld+json\" class=\"yoast-schema-graph\">{\"@context\":\"https:\/\/schema.org\",\"@graph\":[{\"@type\":\"WebPage\",\"@id\":\"https:\/\/www.certifiedcosmetics.com\/es\/product\/evaluacion-de-la-seguridad-cosmetica\/evaluacion-de-la-seguridad-de-los-productos-cosmeticos-cpsr\/\",\"url\":\"https:\/\/www.certifiedcosmetics.com\/es\/product\/evaluacion-de-la-seguridad-cosmetica\/evaluacion-de-la-seguridad-de-los-productos-cosmeticos-cpsr\/\",\"name\":\"Informe sobre la seguridad de los productos cosm\u00e9ticos - CPSR - Certified Cosmetics\",\"isPartOf\":{\"@id\":\"https:\/\/www.certifiedcosmetics.com\/es\/#website\"},\"primaryImageOfPage\":{\"@id\":\"https:\/\/www.certifiedcosmetics.com\/es\/product\/evaluacion-de-la-seguridad-cosmetica\/evaluacion-de-la-seguridad-de-los-productos-cosmeticos-cpsr\/#primaryimage\"},\"image\":{\"@id\":\"https:\/\/www.certifiedcosmetics.com\/es\/product\/evaluacion-de-la-seguridad-cosmetica\/evaluacion-de-la-seguridad-de-los-productos-cosmeticos-cpsr\/#primaryimage\"},\"thumbnailUrl\":\"https:\/\/www.certifiedcosmetics.com\/wp-content\/uploads\/2023\/11\/cpsr.jpg\",\"datePublished\":\"2023-11-19T11:38:27+00:00\",\"dateModified\":\"2025-03-21T12:02:10+00:00\",\"breadcrumb\":{\"@id\":\"https:\/\/www.certifiedcosmetics.com\/es\/product\/evaluacion-de-la-seguridad-cosmetica\/evaluacion-de-la-seguridad-de-los-productos-cosmeticos-cpsr\/#breadcrumb\"},\"inLanguage\":\"es\",\"potentialAction\":[{\"@type\":\"ReadAction\",\"target\":[\"https:\/\/www.certifiedcosmetics.com\/es\/product\/evaluacion-de-la-seguridad-cosmetica\/evaluacion-de-la-seguridad-de-los-productos-cosmeticos-cpsr\/\"]}]},{\"@type\":\"ImageObject\",\"inLanguage\":\"es\",\"@id\":\"https:\/\/www.certifiedcosmetics.com\/es\/product\/evaluacion-de-la-seguridad-cosmetica\/evaluacion-de-la-seguridad-de-los-productos-cosmeticos-cpsr\/#primaryimage\",\"url\":\"https:\/\/www.certifiedcosmetics.com\/wp-content\/uploads\/2023\/11\/cpsr.jpg\",\"contentUrl\":\"https:\/\/www.certifiedcosmetics.com\/wp-content\/uploads\/2023\/11\/cpsr.jpg\",\"width\":800,\"height\":800},{\"@type\":\"BreadcrumbList\",\"@id\":\"https:\/\/www.certifiedcosmetics.com\/es\/product\/evaluacion-de-la-seguridad-cosmetica\/evaluacion-de-la-seguridad-de-los-productos-cosmeticos-cpsr\/#breadcrumb\",\"itemListElement\":[{\"@type\":\"ListItem\",\"position\":1,\"name\":\"Home\",\"item\":\"https:\/\/www.certifiedcosmetics.com\/es\/\"},{\"@type\":\"ListItem\",\"position\":2,\"name\":\"Tienda\",\"item\":\"https:\/\/www.certifiedcosmetics.com\/es\/tienda\/\"},{\"@type\":\"ListItem\",\"position\":3,\"name\":\"Informe sobre la seguridad de los productos cosm\u00e9ticos &#8211; CPSR\"}]},{\"@type\":\"WebSite\",\"@id\":\"https:\/\/www.certifiedcosmetics.com\/es\/#website\",\"url\":\"https:\/\/www.certifiedcosmetics.com\/es\/\",\"name\":\"Certified Cosmetics\",\"description\":\"Cosmetic Testing\",\"publisher\":{\"@id\":\"https:\/\/www.certifiedcosmetics.com\/es\/#organization\"},\"potentialAction\":[{\"@type\":\"SearchAction\",\"target\":{\"@type\":\"EntryPoint\",\"urlTemplate\":\"https:\/\/www.certifiedcosmetics.com\/es\/?s={search_term_string}\"},\"query-input\":{\"@type\":\"PropertyValueSpecification\",\"valueRequired\":true,\"valueName\":\"search_term_string\"}}],\"inLanguage\":\"es\"},{\"@type\":\"Organization\",\"@id\":\"https:\/\/www.certifiedcosmetics.com\/es\/#organization\",\"name\":\"Certified Cosmetics\",\"url\":\"https:\/\/www.certifiedcosmetics.com\/es\/\",\"logo\":{\"@type\":\"ImageObject\",\"inLanguage\":\"es\",\"@id\":\"https:\/\/www.certifiedcosmetics.com\/es\/#\/schema\/logo\/image\/\",\"url\":\"https:\/\/www.certifiedcosmetics.com\/wp-content\/uploads\/2024\/12\/logo_certified_cosmetics696.jpg\",\"contentUrl\":\"https:\/\/www.certifiedcosmetics.com\/wp-content\/uploads\/2024\/12\/logo_certified_cosmetics696.jpg\",\"width\":696,\"height\":696,\"caption\":\"Certified Cosmetics\"},\"image\":{\"@id\":\"https:\/\/www.certifiedcosmetics.com\/es\/#\/schema\/logo\/image\/\"},\"description\":\"Your trusted partner for cosmetic product safety reporting. We take care of updating all of your documentation, ensuring your compliance stays current even as regulations evolve. The Cosmetic Product Safety Assessment will give you everything you need to sell specific products to EU consumers.\",\"email\":\"contact@certifiedcosmetics.com\",\"telephone\":\"+31 36 2036384\",\"legalName\":\"Certified Cosmetics\",\"foundingDate\":\"2010-01-01\",\"vatID\":\"NL854189543B01\",\"numberOfEmployees\":{\"@type\":\"QuantitativeValue\",\"minValue\":\"11\",\"maxValue\":\"50\"}}]}<\/script>\n<meta property=\"og:availability\" content=\"instock\" \/>\n<meta property=\"product:availability\" content=\"instock\" \/>\n<meta property=\"product:retailer_item_id\" content=\"cpsr\" \/>\n<meta property=\"product:condition\" content=\"new\" \/>\n<!-- \/ Yoast SEO Premium plugin. -->","yoast_head_json":{"title":"Informe sobre la seguridad de los productos cosm\u00e9ticos - CPSR - Certified Cosmetics","robots":{"index":"index","follow":"follow","max-snippet":"max-snippet:-1","max-image-preview":"max-image-preview:large","max-video-preview":"max-video-preview:-1"},"canonical":"https:\/\/www.certifiedcosmetics.com\/es\/product\/evaluacion-de-la-seguridad-cosmetica\/evaluacion-de-la-seguridad-de-los-productos-cosmeticos-cpsr\/","og_locale":"es_ES","og_type":"article","og_title":"Informe sobre la seguridad de los productos cosm\u00e9ticos - CPSR","og_description":"El Informe de la UE sobre la seguridad de los productos cosm\u00e9ticos (ISPQ) es un documento exhaustivo que desempe\u00f1a un papel crucial para garantizar la seguridad de los productos cosm\u00e9ticos comercializados en la Uni\u00f3n Europea (UE). Es un requisito del Reglamento sobre cosm\u00e9ticos de la UE (Reglamento (CE) n\u00ba 1223\/2009), que establece las normas y...","og_url":"https:\/\/www.certifiedcosmetics.com\/es\/product\/evaluacion-de-la-seguridad-cosmetica\/evaluacion-de-la-seguridad-de-los-productos-cosmeticos-cpsr\/","og_site_name":"Certified Cosmetics","article_modified_time":"2025-03-21T12:02:10+00:00","og_image":[{"width":800,"height":800,"url":"https:\/\/www.certifiedcosmetics.com\/wp-content\/uploads\/2023\/11\/cpsr.jpg","type":"image\/jpeg"}],"twitter_card":"summary_large_image","twitter_misc":{"Disponibilidad":"Disponible"},"schema":{"@context":"https:\/\/schema.org","@graph":[{"@type":"WebPage","@id":"https:\/\/www.certifiedcosmetics.com\/es\/product\/evaluacion-de-la-seguridad-cosmetica\/evaluacion-de-la-seguridad-de-los-productos-cosmeticos-cpsr\/","url":"https:\/\/www.certifiedcosmetics.com\/es\/product\/evaluacion-de-la-seguridad-cosmetica\/evaluacion-de-la-seguridad-de-los-productos-cosmeticos-cpsr\/","name":"Informe sobre la seguridad de los productos cosm\u00e9ticos - CPSR - Certified Cosmetics","isPartOf":{"@id":"https:\/\/www.certifiedcosmetics.com\/es\/#website"},"primaryImageOfPage":{"@id":"https:\/\/www.certifiedcosmetics.com\/es\/product\/evaluacion-de-la-seguridad-cosmetica\/evaluacion-de-la-seguridad-de-los-productos-cosmeticos-cpsr\/#primaryimage"},"image":{"@id":"https:\/\/www.certifiedcosmetics.com\/es\/product\/evaluacion-de-la-seguridad-cosmetica\/evaluacion-de-la-seguridad-de-los-productos-cosmeticos-cpsr\/#primaryimage"},"thumbnailUrl":"https:\/\/www.certifiedcosmetics.com\/wp-content\/uploads\/2023\/11\/cpsr.jpg","datePublished":"2023-11-19T11:38:27+00:00","dateModified":"2025-03-21T12:02:10+00:00","breadcrumb":{"@id":"https:\/\/www.certifiedcosmetics.com\/es\/product\/evaluacion-de-la-seguridad-cosmetica\/evaluacion-de-la-seguridad-de-los-productos-cosmeticos-cpsr\/#breadcrumb"},"inLanguage":"es","potentialAction":[{"@type":"ReadAction","target":["https:\/\/www.certifiedcosmetics.com\/es\/product\/evaluacion-de-la-seguridad-cosmetica\/evaluacion-de-la-seguridad-de-los-productos-cosmeticos-cpsr\/"]}]},{"@type":"ImageObject","inLanguage":"es","@id":"https:\/\/www.certifiedcosmetics.com\/es\/product\/evaluacion-de-la-seguridad-cosmetica\/evaluacion-de-la-seguridad-de-los-productos-cosmeticos-cpsr\/#primaryimage","url":"https:\/\/www.certifiedcosmetics.com\/wp-content\/uploads\/2023\/11\/cpsr.jpg","contentUrl":"https:\/\/www.certifiedcosmetics.com\/wp-content\/uploads\/2023\/11\/cpsr.jpg","width":800,"height":800},{"@type":"BreadcrumbList","@id":"https:\/\/www.certifiedcosmetics.com\/es\/product\/evaluacion-de-la-seguridad-cosmetica\/evaluacion-de-la-seguridad-de-los-productos-cosmeticos-cpsr\/#breadcrumb","itemListElement":[{"@type":"ListItem","position":1,"name":"Home","item":"https:\/\/www.certifiedcosmetics.com\/es\/"},{"@type":"ListItem","position":2,"name":"Tienda","item":"https:\/\/www.certifiedcosmetics.com\/es\/tienda\/"},{"@type":"ListItem","position":3,"name":"Informe sobre la seguridad de los productos cosm\u00e9ticos &#8211; CPSR"}]},{"@type":"WebSite","@id":"https:\/\/www.certifiedcosmetics.com\/es\/#website","url":"https:\/\/www.certifiedcosmetics.com\/es\/","name":"Certified Cosmetics","description":"Cosmetic Testing","publisher":{"@id":"https:\/\/www.certifiedcosmetics.com\/es\/#organization"},"potentialAction":[{"@type":"SearchAction","target":{"@type":"EntryPoint","urlTemplate":"https:\/\/www.certifiedcosmetics.com\/es\/?s={search_term_string}"},"query-input":{"@type":"PropertyValueSpecification","valueRequired":true,"valueName":"search_term_string"}}],"inLanguage":"es"},{"@type":"Organization","@id":"https:\/\/www.certifiedcosmetics.com\/es\/#organization","name":"Certified Cosmetics","url":"https:\/\/www.certifiedcosmetics.com\/es\/","logo":{"@type":"ImageObject","inLanguage":"es","@id":"https:\/\/www.certifiedcosmetics.com\/es\/#\/schema\/logo\/image\/","url":"https:\/\/www.certifiedcosmetics.com\/wp-content\/uploads\/2024\/12\/logo_certified_cosmetics696.jpg","contentUrl":"https:\/\/www.certifiedcosmetics.com\/wp-content\/uploads\/2024\/12\/logo_certified_cosmetics696.jpg","width":696,"height":696,"caption":"Certified Cosmetics"},"image":{"@id":"https:\/\/www.certifiedcosmetics.com\/es\/#\/schema\/logo\/image\/"},"description":"Your trusted partner for cosmetic product safety reporting. We take care of updating all of your documentation, ensuring your compliance stays current even as regulations evolve. The Cosmetic Product Safety Assessment will give you everything you need to sell specific products to EU consumers.","email":"contact@certifiedcosmetics.com","telephone":"+31 36 2036384","legalName":"Certified Cosmetics","foundingDate":"2010-01-01","vatID":"NL854189543B01","numberOfEmployees":{"@type":"QuantitativeValue","minValue":"11","maxValue":"50"}}]},"og_availability":"instock","product_availability":"instock","product_retailer_item_id":"cpsr","product_condition":"new"},"_links":{"self":[{"href":"https:\/\/www.certifiedcosmetics.com\/es\/wp-json\/wp\/v2\/product\/7191","targetHints":{"allow":["GET"]}}],"collection":[{"href":"https:\/\/www.certifiedcosmetics.com\/es\/wp-json\/wp\/v2\/product"}],"about":[{"href":"https:\/\/www.certifiedcosmetics.com\/es\/wp-json\/wp\/v2\/types\/product"}],"wp:featuredmedia":[{"embeddable":true,"href":"https:\/\/www.certifiedcosmetics.com\/es\/wp-json\/wp\/v2\/media\/6585"}],"wp:attachment":[{"href":"https:\/\/www.certifiedcosmetics.com\/es\/wp-json\/wp\/v2\/media?parent=7191"}],"wp:term":[{"taxonomy":"product_brand","embeddable":true,"href":"https:\/\/www.certifiedcosmetics.com\/es\/wp-json\/wp\/v2\/product_brand?post=7191"},{"taxonomy":"product_cat","embeddable":true,"href":"https:\/\/www.certifiedcosmetics.com\/es\/wp-json\/wp\/v2\/product_cat?post=7191"},{"taxonomy":"product_tag","embeddable":true,"href":"https:\/\/www.certifiedcosmetics.com\/es\/wp-json\/wp\/v2\/product_tag?post=7191"}],"curies":[{"name":"wp","href":"https:\/\/api.w.org\/{rel}","templated":true}]}}