{"id":7183,"date":"2023-11-19T12:37:49","date_gmt":"2023-11-19T11:37:49","guid":{"rendered":"https:\/\/www.certifiedcosmetics.com\/product\/fichero-de-informacion-del-producto-pif\/"},"modified":"2024-11-26T15:50:20","modified_gmt":"2024-11-26T14:50:20","slug":"fichero-de-informacion-del-producto-pif","status":"publish","type":"product","link":"https:\/\/www.certifiedcosmetics.com\/es\/product\/evaluacion-de-la-seguridad-cosmetica\/fichero-de-informacion-del-producto-pif\/","title":{"rendered":"Fichero de informaci\u00f3n del producto PIF"},"content":{"rendered":"<p>Podemos crear el Fichero de Informaci\u00f3n del Producto cuando dispongas de toda la informaci\u00f3n para la creaci\u00f3n del FIP. Estructuraremos tu informaci\u00f3n en el formato adecuado. Si falta informaci\u00f3n, te informaremos de los pasos para completarla.  <\/p>\n<h2>Qu\u00e9 es un Fichero de Informaci\u00f3n sobre Productos Cosm\u00e9ticos (FIP)<\/h2>\n<p>El Fichero de Informaci\u00f3n sobre Productos Cosm\u00e9ticos (FIP) es un documento exhaustivo que sirve de repositorio central de la informaci\u00f3n relacionada con un producto cosm\u00e9tico. Es un requisito obligatorio en virtud del Reglamento sobre cosm\u00e9ticos de la Uni\u00f3n Europea (UE) (Reglamento (CE) n\u00ba 1223\/2009). El FIP tiene por objeto facilitar a las autoridades competentes el acceso a detalles clave sobre un producto cosm\u00e9tico y su evaluaci\u00f3n de seguridad.<\/p>\n<p>He aqu\u00ed los elementos clave que suelen encontrarse en un Fichero de Informaci\u00f3n sobre Productos Cosm\u00e9ticos (FIP):<\/p>\n<ol>\n<li><strong>Informaci\u00f3n sobre el producto:<\/strong> Esta secci\u00f3n incluye detalles como el nombre del producto, la categor\u00eda y el uso previsto. Tambi\u00e9n especifica el nombre y la direcci\u00f3n de la Persona Responsable: la entidad o persona encargada de comercializar el producto cosm\u00e9tico.<\/li>\n<li><strong>Informe sobre la seguridad del producto cosm\u00e9tico (ISP):<\/strong> El PIF contiene el Informe sobre la Seguridad de los Productos Cosm\u00e9ticos completo, que es una evaluaci\u00f3n exhaustiva de la seguridad del producto cosm\u00e9tico. El CPSR incluye informaci\u00f3n sobre la composici\u00f3n del producto, la evaluaci\u00f3n de la exposici\u00f3n, el perfil toxicol\u00f3gico, la evaluaci\u00f3n de la seguridad y otros detalles relevantes.<\/li>\n<li><strong>M\u00e9todo de fabricaci\u00f3n:<\/strong> En esta secci\u00f3n se proporciona informaci\u00f3n sobre el proceso de fabricaci\u00f3n, incluidos detalles sobre las instalaciones, el equipo y las medidas de control de calidad.<\/li>\n<li><strong>Cumplimiento de las Buenas Pr\u00e1cticas de Fabricaci\u00f3n (BPF):<\/strong> El PIF incluye documentaci\u00f3n para demostrar que el producto cosm\u00e9tico se fabrica de acuerdo con las Buenas Pr\u00e1cticas de Fabricaci\u00f3n para garantizar su seguridad y calidad.<\/li>\n<li><strong>Datos sobre la experimentaci\u00f3n animal:<\/strong> En la FIP se incluyen datos sobre cualquier ensayo realizado en animales con el producto cosm\u00e9tico o sus ingredientes, incluidas las justificaciones de dichos ensayos. Sin embargo, es esencial tener en cuenta que la experimentaci\u00f3n con animales para cosm\u00e9ticos est\u00e1 prohibida en la UE, y se fomentan los m\u00e9todos de experimentaci\u00f3n alternativos.<\/li>\n<li><strong>Datos de estabilidad:<\/strong> Se incluye informaci\u00f3n sobre la estabilidad del producto cosm\u00e9tico en diversas condiciones (por ejemplo, temperatura, luz) para garantizar que el producto sigue siendo seguro y eficaz durante toda su vida \u00fatil.<\/li>\n<li><strong>Informaci\u00f3n sobre el etiquetado:<\/strong> El PIF incluye detalles sobre el etiquetado del producto cosm\u00e9tico, garantizando que cumple los requisitos de etiquetado pertinentes establecidos en el Reglamento sobre cosm\u00e9ticos de la UE.<\/li>\n<\/ol>\n<p>El PIF es un documento confidencial, y su disponibilidad es esencial para el cumplimiento de la normativa y la vigilancia del mercado. La Persona Responsable debe mantener el PIF actualizado y accesible a las autoridades competentes durante un periodo de 10 a\u00f1os a partir de la comercializaci\u00f3n del \u00faltimo lote del producto cosm\u00e9tico. La FIP proporciona una visi\u00f3n global de la seguridad del producto cosm\u00e9tico y del cumplimiento de los requisitos normativos.<\/p>\n","protected":false},"excerpt":{"rendered":"<p>Podemos crear el Fichero de Informaci\u00f3n del Producto cuando dispongas de toda la informaci\u00f3n para la creaci\u00f3n del FIP. Estructuraremos tu informaci\u00f3n en el formato adecuado. Si falta informaci\u00f3n, te informaremos de los pasos para completarla. Qu\u00e9 es un Fichero de Informaci\u00f3n sobre Productos Cosm\u00e9ticos (FIP) El Fichero de Informaci\u00f3n sobre Productos Cosm\u00e9ticos (FIP) es&#8230;<\/p>\n","protected":false},"featured_media":6580,"template":"","meta":[],"product_brand":[],"product_cat":[116],"product_tag":[],"class_list":{"0":"post-7183","1":"product","2":"type-product","3":"status-publish","4":"has-post-thumbnail","6":"product_cat-evaluacion-de-la-seguridad-cosmetica","8":"first","9":"instock","10":"virtual","11":"taxable","12":"purchasable","13":"product-type-simple"},"bundled_by":["6862","6862","6862","6862","6862","6807","11921","14679","14795","6862","6862","6862","6862"],"bundle_stock_status":"instock","bundle_stock_quantity":null,"bundle_virtual":false,"bundle_layout":"","bundle_add_to_cart_form_location":"","bundle_editable_in_cart":false,"bundle_sold_individually_context":"","bundle_item_grouping":"","bundle_min_size":"","bundle_max_size":"","bundle_price":[],"bundled_items":[],"bundle_sell_ids":[],"yoast_head":"<!-- This site is optimized with the Yoast SEO Premium plugin v25.4 (Yoast SEO v25.4) - https:\/\/yoast.com\/wordpress\/plugins\/seo\/ -->\n<title>Fichero de informaci\u00f3n del producto PIF - Certified Cosmetics<\/title>\n<meta name=\"robots\" content=\"index, follow, max-snippet:-1, max-image-preview:large, max-video-preview:-1\" \/>\n<link rel=\"canonical\" href=\"https:\/\/www.certifiedcosmetics.com\/es\/product\/evaluacion-de-la-seguridad-cosmetica\/fichero-de-informacion-del-producto-pif\/\" \/>\n<meta property=\"og:locale\" content=\"es_ES\" \/>\n<meta property=\"og:type\" content=\"article\" \/>\n<meta property=\"og:title\" content=\"Fichero de informaci\u00f3n del producto PIF\" \/>\n<meta property=\"og:description\" content=\"Podemos crear el Fichero de Informaci\u00f3n del Producto cuando dispongas de toda la informaci\u00f3n para la creaci\u00f3n del FIP. Estructuraremos tu informaci\u00f3n en el formato adecuado. Si falta informaci\u00f3n, te informaremos de los pasos para completarla. Qu\u00e9 es un Fichero de Informaci\u00f3n sobre Productos Cosm\u00e9ticos (FIP) El Fichero de Informaci\u00f3n sobre Productos Cosm\u00e9ticos (FIP) es...\" \/>\n<meta property=\"og:url\" content=\"https:\/\/www.certifiedcosmetics.com\/es\/product\/evaluacion-de-la-seguridad-cosmetica\/fichero-de-informacion-del-producto-pif\/\" \/>\n<meta property=\"og:site_name\" content=\"Certified Cosmetics\" \/>\n<meta property=\"article:modified_time\" content=\"2024-11-26T14:50:20+00:00\" \/>\n<meta property=\"og:image\" content=\"https:\/\/www.certifiedcosmetics.com\/wp-content\/uploads\/2023\/11\/pif.jpg\" \/>\n\t<meta property=\"og:image:width\" content=\"800\" \/>\n\t<meta property=\"og:image:height\" content=\"800\" \/>\n\t<meta property=\"og:image:type\" content=\"image\/jpeg\" \/>\n<meta name=\"twitter:card\" content=\"summary_large_image\" \/>\n<meta name=\"twitter:label1\" content=\"Precio\" \/>\n\t<meta name=\"twitter:data1\" content=\"&#036;58.47\" \/>\n\t<meta name=\"twitter:label2\" content=\"Disponibilidad\" \/>\n\t<meta name=\"twitter:data2\" content=\"Disponible\" \/>\n<script type=\"application\/ld+json\" class=\"yoast-schema-graph\">{\"@context\":\"https:\/\/schema.org\",\"@graph\":[{\"@type\":\"WebPage\",\"@id\":\"https:\/\/www.certifiedcosmetics.com\/es\/product\/evaluacion-de-la-seguridad-cosmetica\/fichero-de-informacion-del-producto-pif\/\",\"url\":\"https:\/\/www.certifiedcosmetics.com\/es\/product\/evaluacion-de-la-seguridad-cosmetica\/fichero-de-informacion-del-producto-pif\/\",\"name\":\"Fichero de informaci\u00f3n del producto PIF - Certified Cosmetics\",\"isPartOf\":{\"@id\":\"https:\/\/www.certifiedcosmetics.com\/es\/#website\"},\"primaryImageOfPage\":{\"@id\":\"https:\/\/www.certifiedcosmetics.com\/es\/product\/evaluacion-de-la-seguridad-cosmetica\/fichero-de-informacion-del-producto-pif\/#primaryimage\"},\"image\":{\"@id\":\"https:\/\/www.certifiedcosmetics.com\/es\/product\/evaluacion-de-la-seguridad-cosmetica\/fichero-de-informacion-del-producto-pif\/#primaryimage\"},\"thumbnailUrl\":\"https:\/\/www.certifiedcosmetics.com\/wp-content\/uploads\/2023\/11\/pif.jpg\",\"datePublished\":\"2023-11-19T11:37:49+00:00\",\"dateModified\":\"2024-11-26T14:50:20+00:00\",\"breadcrumb\":{\"@id\":\"https:\/\/www.certifiedcosmetics.com\/es\/product\/evaluacion-de-la-seguridad-cosmetica\/fichero-de-informacion-del-producto-pif\/#breadcrumb\"},\"inLanguage\":\"es\",\"potentialAction\":[{\"@type\":\"ReadAction\",\"target\":[\"https:\/\/www.certifiedcosmetics.com\/es\/product\/evaluacion-de-la-seguridad-cosmetica\/fichero-de-informacion-del-producto-pif\/\"]}]},{\"@type\":\"ImageObject\",\"inLanguage\":\"es\",\"@id\":\"https:\/\/www.certifiedcosmetics.com\/es\/product\/evaluacion-de-la-seguridad-cosmetica\/fichero-de-informacion-del-producto-pif\/#primaryimage\",\"url\":\"https:\/\/www.certifiedcosmetics.com\/wp-content\/uploads\/2023\/11\/pif.jpg\",\"contentUrl\":\"https:\/\/www.certifiedcosmetics.com\/wp-content\/uploads\/2023\/11\/pif.jpg\",\"width\":800,\"height\":800},{\"@type\":\"BreadcrumbList\",\"@id\":\"https:\/\/www.certifiedcosmetics.com\/es\/product\/evaluacion-de-la-seguridad-cosmetica\/fichero-de-informacion-del-producto-pif\/#breadcrumb\",\"itemListElement\":[{\"@type\":\"ListItem\",\"position\":1,\"name\":\"Home\",\"item\":\"https:\/\/www.certifiedcosmetics.com\/es\/\"},{\"@type\":\"ListItem\",\"position\":2,\"name\":\"Tienda\",\"item\":\"https:\/\/www.certifiedcosmetics.com\/es\/tienda\/\"},{\"@type\":\"ListItem\",\"position\":3,\"name\":\"Fichero de informaci\u00f3n del producto PIF\"}]},{\"@type\":\"WebSite\",\"@id\":\"https:\/\/www.certifiedcosmetics.com\/es\/#website\",\"url\":\"https:\/\/www.certifiedcosmetics.com\/es\/\",\"name\":\"Certified Cosmetics\",\"description\":\"Cosmetic Testing\",\"publisher\":{\"@id\":\"https:\/\/www.certifiedcosmetics.com\/es\/#organization\"},\"potentialAction\":[{\"@type\":\"SearchAction\",\"target\":{\"@type\":\"EntryPoint\",\"urlTemplate\":\"https:\/\/www.certifiedcosmetics.com\/es\/?s={search_term_string}\"},\"query-input\":{\"@type\":\"PropertyValueSpecification\",\"valueRequired\":true,\"valueName\":\"search_term_string\"}}],\"inLanguage\":\"es\"},{\"@type\":\"Organization\",\"@id\":\"https:\/\/www.certifiedcosmetics.com\/es\/#organization\",\"name\":\"Certified Cosmetics\",\"url\":\"https:\/\/www.certifiedcosmetics.com\/es\/\",\"logo\":{\"@type\":\"ImageObject\",\"inLanguage\":\"es\",\"@id\":\"https:\/\/www.certifiedcosmetics.com\/es\/#\/schema\/logo\/image\/\",\"url\":\"https:\/\/www.certifiedcosmetics.com\/wp-content\/uploads\/2024\/12\/logo_certified_cosmetics696.jpg\",\"contentUrl\":\"https:\/\/www.certifiedcosmetics.com\/wp-content\/uploads\/2024\/12\/logo_certified_cosmetics696.jpg\",\"width\":696,\"height\":696,\"caption\":\"Certified Cosmetics\"},\"image\":{\"@id\":\"https:\/\/www.certifiedcosmetics.com\/es\/#\/schema\/logo\/image\/\"},\"description\":\"Your trusted partner for cosmetic product safety reporting. We take care of updating all of your documentation, ensuring your compliance stays current even as regulations evolve. The Cosmetic Product Safety Assessment will give you everything you need to sell specific products to EU consumers.\",\"email\":\"contact@certifiedcosmetics.com\",\"telephone\":\"+31 36 2036384\",\"legalName\":\"Certified Cosmetics\",\"foundingDate\":\"2010-01-01\",\"vatID\":\"NL854189543B01\",\"numberOfEmployees\":{\"@type\":\"QuantitativeValue\",\"minValue\":\"11\",\"maxValue\":\"50\"}}]}<\/script>\n<meta property=\"product:price:amount\" content=\"58.47\" \/>\n<meta property=\"product:price:currency\" content=\"USD\" \/>\n<meta property=\"og:availability\" content=\"instock\" \/>\n<meta property=\"product:availability\" content=\"instock\" \/>\n<meta property=\"product:retailer_item_id\" content=\"CC100120\" \/>\n<meta property=\"product:condition\" content=\"new\" \/>\n<!-- \/ Yoast SEO Premium plugin. -->","yoast_head_json":{"title":"Fichero de informaci\u00f3n del producto PIF - Certified Cosmetics","robots":{"index":"index","follow":"follow","max-snippet":"max-snippet:-1","max-image-preview":"max-image-preview:large","max-video-preview":"max-video-preview:-1"},"canonical":"https:\/\/www.certifiedcosmetics.com\/es\/product\/evaluacion-de-la-seguridad-cosmetica\/fichero-de-informacion-del-producto-pif\/","og_locale":"es_ES","og_type":"article","og_title":"Fichero de informaci\u00f3n del producto PIF","og_description":"Podemos crear el Fichero de Informaci\u00f3n del Producto cuando dispongas de toda la informaci\u00f3n para la creaci\u00f3n del FIP. Estructuraremos tu informaci\u00f3n en el formato adecuado. Si falta informaci\u00f3n, te informaremos de los pasos para completarla. Qu\u00e9 es un Fichero de Informaci\u00f3n sobre Productos Cosm\u00e9ticos (FIP) El Fichero de Informaci\u00f3n sobre Productos Cosm\u00e9ticos (FIP) es...","og_url":"https:\/\/www.certifiedcosmetics.com\/es\/product\/evaluacion-de-la-seguridad-cosmetica\/fichero-de-informacion-del-producto-pif\/","og_site_name":"Certified Cosmetics","article_modified_time":"2024-11-26T14:50:20+00:00","og_image":[{"width":800,"height":800,"url":"https:\/\/www.certifiedcosmetics.com\/wp-content\/uploads\/2023\/11\/pif.jpg","type":"image\/jpeg"}],"twitter_card":"summary_large_image","twitter_misc":{"Precio":"&#36;58.47","Disponibilidad":"Disponible"},"schema":{"@context":"https:\/\/schema.org","@graph":[{"@type":"WebPage","@id":"https:\/\/www.certifiedcosmetics.com\/es\/product\/evaluacion-de-la-seguridad-cosmetica\/fichero-de-informacion-del-producto-pif\/","url":"https:\/\/www.certifiedcosmetics.com\/es\/product\/evaluacion-de-la-seguridad-cosmetica\/fichero-de-informacion-del-producto-pif\/","name":"Fichero de informaci\u00f3n del producto PIF - Certified Cosmetics","isPartOf":{"@id":"https:\/\/www.certifiedcosmetics.com\/es\/#website"},"primaryImageOfPage":{"@id":"https:\/\/www.certifiedcosmetics.com\/es\/product\/evaluacion-de-la-seguridad-cosmetica\/fichero-de-informacion-del-producto-pif\/#primaryimage"},"image":{"@id":"https:\/\/www.certifiedcosmetics.com\/es\/product\/evaluacion-de-la-seguridad-cosmetica\/fichero-de-informacion-del-producto-pif\/#primaryimage"},"thumbnailUrl":"https:\/\/www.certifiedcosmetics.com\/wp-content\/uploads\/2023\/11\/pif.jpg","datePublished":"2023-11-19T11:37:49+00:00","dateModified":"2024-11-26T14:50:20+00:00","breadcrumb":{"@id":"https:\/\/www.certifiedcosmetics.com\/es\/product\/evaluacion-de-la-seguridad-cosmetica\/fichero-de-informacion-del-producto-pif\/#breadcrumb"},"inLanguage":"es","potentialAction":[{"@type":"ReadAction","target":["https:\/\/www.certifiedcosmetics.com\/es\/product\/evaluacion-de-la-seguridad-cosmetica\/fichero-de-informacion-del-producto-pif\/"]}]},{"@type":"ImageObject","inLanguage":"es","@id":"https:\/\/www.certifiedcosmetics.com\/es\/product\/evaluacion-de-la-seguridad-cosmetica\/fichero-de-informacion-del-producto-pif\/#primaryimage","url":"https:\/\/www.certifiedcosmetics.com\/wp-content\/uploads\/2023\/11\/pif.jpg","contentUrl":"https:\/\/www.certifiedcosmetics.com\/wp-content\/uploads\/2023\/11\/pif.jpg","width":800,"height":800},{"@type":"BreadcrumbList","@id":"https:\/\/www.certifiedcosmetics.com\/es\/product\/evaluacion-de-la-seguridad-cosmetica\/fichero-de-informacion-del-producto-pif\/#breadcrumb","itemListElement":[{"@type":"ListItem","position":1,"name":"Home","item":"https:\/\/www.certifiedcosmetics.com\/es\/"},{"@type":"ListItem","position":2,"name":"Tienda","item":"https:\/\/www.certifiedcosmetics.com\/es\/tienda\/"},{"@type":"ListItem","position":3,"name":"Fichero de informaci\u00f3n del producto PIF"}]},{"@type":"WebSite","@id":"https:\/\/www.certifiedcosmetics.com\/es\/#website","url":"https:\/\/www.certifiedcosmetics.com\/es\/","name":"Certified Cosmetics","description":"Cosmetic Testing","publisher":{"@id":"https:\/\/www.certifiedcosmetics.com\/es\/#organization"},"potentialAction":[{"@type":"SearchAction","target":{"@type":"EntryPoint","urlTemplate":"https:\/\/www.certifiedcosmetics.com\/es\/?s={search_term_string}"},"query-input":{"@type":"PropertyValueSpecification","valueRequired":true,"valueName":"search_term_string"}}],"inLanguage":"es"},{"@type":"Organization","@id":"https:\/\/www.certifiedcosmetics.com\/es\/#organization","name":"Certified Cosmetics","url":"https:\/\/www.certifiedcosmetics.com\/es\/","logo":{"@type":"ImageObject","inLanguage":"es","@id":"https:\/\/www.certifiedcosmetics.com\/es\/#\/schema\/logo\/image\/","url":"https:\/\/www.certifiedcosmetics.com\/wp-content\/uploads\/2024\/12\/logo_certified_cosmetics696.jpg","contentUrl":"https:\/\/www.certifiedcosmetics.com\/wp-content\/uploads\/2024\/12\/logo_certified_cosmetics696.jpg","width":696,"height":696,"caption":"Certified Cosmetics"},"image":{"@id":"https:\/\/www.certifiedcosmetics.com\/es\/#\/schema\/logo\/image\/"},"description":"Your trusted partner for cosmetic product safety reporting. We take care of updating all of your documentation, ensuring your compliance stays current even as regulations evolve. The Cosmetic Product Safety Assessment will give you everything you need to sell specific products to EU consumers.","email":"contact@certifiedcosmetics.com","telephone":"+31 36 2036384","legalName":"Certified Cosmetics","foundingDate":"2010-01-01","vatID":"NL854189543B01","numberOfEmployees":{"@type":"QuantitativeValue","minValue":"11","maxValue":"50"}}]},"product_price_amount":"58.47","product_price_currency":"USD","og_availability":"instock","product_availability":"instock","product_retailer_item_id":"CC100120","product_condition":"new"},"_links":{"self":[{"href":"https:\/\/www.certifiedcosmetics.com\/es\/wp-json\/wp\/v2\/product\/7183","targetHints":{"allow":["GET"]}}],"collection":[{"href":"https:\/\/www.certifiedcosmetics.com\/es\/wp-json\/wp\/v2\/product"}],"about":[{"href":"https:\/\/www.certifiedcosmetics.com\/es\/wp-json\/wp\/v2\/types\/product"}],"wp:featuredmedia":[{"embeddable":true,"href":"https:\/\/www.certifiedcosmetics.com\/es\/wp-json\/wp\/v2\/media\/6580"}],"wp:attachment":[{"href":"https:\/\/www.certifiedcosmetics.com\/es\/wp-json\/wp\/v2\/media?parent=7183"}],"wp:term":[{"taxonomy":"product_brand","embeddable":true,"href":"https:\/\/www.certifiedcosmetics.com\/es\/wp-json\/wp\/v2\/product_brand?post=7183"},{"taxonomy":"product_cat","embeddable":true,"href":"https:\/\/www.certifiedcosmetics.com\/es\/wp-json\/wp\/v2\/product_cat?post=7183"},{"taxonomy":"product_tag","embeddable":true,"href":"https:\/\/www.certifiedcosmetics.com\/es\/wp-json\/wp\/v2\/product_tag?post=7183"}],"curies":[{"name":"wp","href":"https:\/\/api.w.org\/{rel}","templated":true}]}}