{"id":7065,"date":"2023-11-19T12:38:46","date_gmt":"2023-11-19T11:38:46","guid":{"rendered":"https:\/\/www.certifiedcosmetics.com\/product\/notificacion-cpnp\/"},"modified":"2025-03-28T11:51:39","modified_gmt":"2025-03-28T10:51:39","slug":"notificacion-cpnp","status":"publish","type":"product","link":"https:\/\/www.certifiedcosmetics.com\/es\/product\/evaluacion-de-la-seguridad-cosmetica\/notificacion-cpnp\/","title":{"rendered":"Notificaci\u00f3n CPNP"},"content":{"rendered":"<p>La Notificaci\u00f3n CPNP de la UE se refiere al proceso de notificaci\u00f3n de productos cosm\u00e9ticos al Portal de Notificaci\u00f3n de Productos Cosm\u00e9ticos (CPNP), que es un sistema centralizado de notificaci\u00f3n en l\u00ednea utilizado en la Uni\u00f3n Europea (UE). La CPNP se establece en virtud del Reglamento sobre cosm\u00e9ticos de la UE (Reglamento (CE) n\u00ba 1223\/2009), y sirve como herramienta para el intercambio de informaci\u00f3n sobre productos cosm\u00e9ticos entre las autoridades reguladoras y las Personas Responsables que comercializan estos productos.<\/p>\n<p>He aqu\u00ed los puntos clave relacionados con la Notificaci\u00f3n CPNP de la UE:<\/p>\n<ol>\n<li><strong>Persona responsable:<\/strong> La entidad o persona responsable de introducir un producto cosm\u00e9tico en el mercado de la UE se conoce como Persona Responsable. Es su obligaci\u00f3n legal notificar los productos cosm\u00e9ticos al CPNP.<\/li>\n<li><strong>Requisito de notificaci\u00f3n:<\/strong> Antes de comercializar un producto cosm\u00e9tico en la UE, la Persona Responsable debe presentar informaci\u00f3n espec\u00edfica sobre el producto al CPNP. Esta notificaci\u00f3n es obligatoria para todos los productos cosm\u00e9ticos.<\/li>\n<li><strong>Informaci\u00f3n que debe notificarse:<\/strong> La informaci\u00f3n presentada durante la Notificaci\u00f3n CPNP incluye detalles como el nombre del producto, la categor\u00eda, los ingredientes, el etiquetado, los datos de contacto de la Persona Responsable y el Informe sobre la Seguridad de los Productos Cosm\u00e9ticos (CPSR). El CPSR es un componente clave de la notificaci\u00f3n y contiene una evaluaci\u00f3n exhaustiva de la seguridad del producto cosm\u00e9tico.<\/li>\n<li><strong>Confidencialidad:<\/strong> La informaci\u00f3n enviada al CPNP se considera confidencial. S\u00f3lo pueden acceder a ella las autoridades competentes de los Estados miembros de la UE y la Comisi\u00f3n Europea a efectos de vigilancia del mercado, control y actividades reguladoras.<\/li>\n<li><strong>Punto \u00fanico de entrada:<\/strong> El CPNP sirve de punto \u00fanico de entrada para la informaci\u00f3n sobre los productos cosm\u00e9ticos comercializados en la UE. Este sistema centralizado agiliza la comunicaci\u00f3n y el intercambio de datos entre los Estados miembros.<\/li>\n<li><strong>Actualizaciones de la notificaci\u00f3n:<\/strong> La Persona Responsable es responsable de actualizar la informaci\u00f3n del CPNP en caso de que se produzca alg\u00fan cambio, como modificaciones en la formulaci\u00f3n, el etiquetado o la informaci\u00f3n de seguridad del producto. Esto garantiza que la informaci\u00f3n del CPNP siga siendo exacta y est\u00e9 actualizada.<\/li>\n<\/ol>\n<p>Al presentar una Notificaci\u00f3n CPNP, la Persona Responsable cumple los requisitos reglamentarios del Reglamento sobre cosm\u00e9ticos de la UE. Permite a las autoridades competentes acceder a informaci\u00f3n esencial sobre los productos cosm\u00e9ticos comercializados, contribuyendo a la seguridad general y al control de los productos cosm\u00e9ticos en la UE. El incumplimiento de los requisitos de la Notificaci\u00f3n CPNP puede dar lugar a acciones reguladoras, incluida la retirada de productos del mercado.<\/p>\n","protected":false},"excerpt":{"rendered":"<p>La Notificaci\u00f3n CPNP de la UE se refiere al proceso de notificaci\u00f3n de productos cosm\u00e9ticos al Portal de Notificaci\u00f3n de Productos Cosm\u00e9ticos (CPNP), que es un sistema centralizado de notificaci\u00f3n en l\u00ednea utilizado en la Uni\u00f3n Europea (UE). La CPNP se establece en virtud del Reglamento sobre cosm\u00e9ticos de la UE (Reglamento (CE) n\u00ba 1223\/2009),&#8230;<\/p>\n","protected":false},"featured_media":6575,"template":"","meta":[],"product_brand":[],"product_cat":[116],"product_tag":[],"class_list":{"0":"post-7065","1":"product","2":"type-product","3":"status-publish","4":"has-post-thumbnail","6":"product_cat-evaluacion-de-la-seguridad-cosmetica","8":"first","9":"instock","10":"virtual","11":"taxable","12":"purchasable","13":"product-type-simple"},"bundled_by":["6862","6862","6862","6862","6862","6807","11921","14679","14795","6862","6862","6862","6862","6862"],"bundle_stock_status":"instock","bundle_stock_quantity":null,"bundle_virtual":false,"bundle_layout":"","bundle_add_to_cart_form_location":"","bundle_editable_in_cart":false,"bundle_sold_individually_context":"","bundle_item_grouping":"","bundle_min_size":"","bundle_max_size":"","bundle_price":[],"bundled_items":[],"bundle_sell_ids":[],"yoast_head":"<!-- This site is optimized with the Yoast SEO Premium plugin v25.4 (Yoast SEO v25.4) - https:\/\/yoast.com\/wordpress\/plugins\/seo\/ -->\n<title>Notificaci\u00f3n CPNP - Certified Cosmetics<\/title>\n<meta name=\"robots\" content=\"index, follow, max-snippet:-1, max-image-preview:large, max-video-preview:-1\" \/>\n<link rel=\"canonical\" href=\"https:\/\/www.certifiedcosmetics.com\/es\/product\/evaluacion-de-la-seguridad-cosmetica\/notificacion-cpnp\/\" \/>\n<meta property=\"og:locale\" content=\"es_ES\" \/>\n<meta property=\"og:type\" content=\"article\" \/>\n<meta property=\"og:title\" content=\"Notificaci\u00f3n CPNP\" \/>\n<meta property=\"og:description\" content=\"La Notificaci\u00f3n CPNP de la UE se refiere al proceso de notificaci\u00f3n de productos cosm\u00e9ticos al Portal de Notificaci\u00f3n de Productos Cosm\u00e9ticos (CPNP), que es un sistema centralizado de notificaci\u00f3n en l\u00ednea utilizado en la Uni\u00f3n Europea (UE). La CPNP se establece en virtud del Reglamento sobre cosm\u00e9ticos de la UE (Reglamento (CE) n\u00ba 1223\/2009),...\" \/>\n<meta property=\"og:url\" content=\"https:\/\/www.certifiedcosmetics.com\/es\/product\/evaluacion-de-la-seguridad-cosmetica\/notificacion-cpnp\/\" \/>\n<meta property=\"og:site_name\" content=\"Certified Cosmetics\" \/>\n<meta property=\"article:modified_time\" content=\"2025-03-28T10:51:39+00:00\" \/>\n<meta property=\"og:image\" content=\"https:\/\/www.certifiedcosmetics.com\/wp-content\/uploads\/2023\/11\/cnp.jpg\" \/>\n\t<meta property=\"og:image:width\" content=\"800\" \/>\n\t<meta property=\"og:image:height\" content=\"800\" \/>\n\t<meta property=\"og:image:type\" content=\"image\/jpeg\" \/>\n<meta name=\"twitter:card\" content=\"summary_large_image\" \/>\n<meta name=\"twitter:label1\" content=\"Precio\" \/>\n\t<meta name=\"twitter:data1\" content=\"&#036;29.42\" \/>\n\t<meta name=\"twitter:label2\" content=\"Disponibilidad\" \/>\n\t<meta name=\"twitter:data2\" content=\"Disponible\" \/>\n<script type=\"application\/ld+json\" class=\"yoast-schema-graph\">{\"@context\":\"https:\/\/schema.org\",\"@graph\":[{\"@type\":\"WebPage\",\"@id\":\"https:\/\/www.certifiedcosmetics.com\/es\/product\/evaluacion-de-la-seguridad-cosmetica\/notificacion-cpnp\/\",\"url\":\"https:\/\/www.certifiedcosmetics.com\/es\/product\/evaluacion-de-la-seguridad-cosmetica\/notificacion-cpnp\/\",\"name\":\"Notificaci\u00f3n CPNP - Certified Cosmetics\",\"isPartOf\":{\"@id\":\"https:\/\/www.certifiedcosmetics.com\/es\/#website\"},\"primaryImageOfPage\":{\"@id\":\"https:\/\/www.certifiedcosmetics.com\/es\/product\/evaluacion-de-la-seguridad-cosmetica\/notificacion-cpnp\/#primaryimage\"},\"image\":{\"@id\":\"https:\/\/www.certifiedcosmetics.com\/es\/product\/evaluacion-de-la-seguridad-cosmetica\/notificacion-cpnp\/#primaryimage\"},\"thumbnailUrl\":\"https:\/\/www.certifiedcosmetics.com\/wp-content\/uploads\/2023\/11\/cnp.jpg\",\"datePublished\":\"2023-11-19T11:38:46+00:00\",\"dateModified\":\"2025-03-28T10:51:39+00:00\",\"breadcrumb\":{\"@id\":\"https:\/\/www.certifiedcosmetics.com\/es\/product\/evaluacion-de-la-seguridad-cosmetica\/notificacion-cpnp\/#breadcrumb\"},\"inLanguage\":\"es\",\"potentialAction\":[{\"@type\":\"ReadAction\",\"target\":[\"https:\/\/www.certifiedcosmetics.com\/es\/product\/evaluacion-de-la-seguridad-cosmetica\/notificacion-cpnp\/\"]}]},{\"@type\":\"ImageObject\",\"inLanguage\":\"es\",\"@id\":\"https:\/\/www.certifiedcosmetics.com\/es\/product\/evaluacion-de-la-seguridad-cosmetica\/notificacion-cpnp\/#primaryimage\",\"url\":\"https:\/\/www.certifiedcosmetics.com\/wp-content\/uploads\/2023\/11\/cnp.jpg\",\"contentUrl\":\"https:\/\/www.certifiedcosmetics.com\/wp-content\/uploads\/2023\/11\/cnp.jpg\",\"width\":800,\"height\":800},{\"@type\":\"BreadcrumbList\",\"@id\":\"https:\/\/www.certifiedcosmetics.com\/es\/product\/evaluacion-de-la-seguridad-cosmetica\/notificacion-cpnp\/#breadcrumb\",\"itemListElement\":[{\"@type\":\"ListItem\",\"position\":1,\"name\":\"Home\",\"item\":\"https:\/\/www.certifiedcosmetics.com\/es\/\"},{\"@type\":\"ListItem\",\"position\":2,\"name\":\"Tienda\",\"item\":\"https:\/\/www.certifiedcosmetics.com\/es\/tienda\/\"},{\"@type\":\"ListItem\",\"position\":3,\"name\":\"Notificaci\u00f3n CPNP\"}]},{\"@type\":\"WebSite\",\"@id\":\"https:\/\/www.certifiedcosmetics.com\/es\/#website\",\"url\":\"https:\/\/www.certifiedcosmetics.com\/es\/\",\"name\":\"Certified Cosmetics\",\"description\":\"Cosmetic Testing\",\"publisher\":{\"@id\":\"https:\/\/www.certifiedcosmetics.com\/es\/#organization\"},\"potentialAction\":[{\"@type\":\"SearchAction\",\"target\":{\"@type\":\"EntryPoint\",\"urlTemplate\":\"https:\/\/www.certifiedcosmetics.com\/es\/?s={search_term_string}\"},\"query-input\":{\"@type\":\"PropertyValueSpecification\",\"valueRequired\":true,\"valueName\":\"search_term_string\"}}],\"inLanguage\":\"es\"},{\"@type\":\"Organization\",\"@id\":\"https:\/\/www.certifiedcosmetics.com\/es\/#organization\",\"name\":\"Certified Cosmetics\",\"url\":\"https:\/\/www.certifiedcosmetics.com\/es\/\",\"logo\":{\"@type\":\"ImageObject\",\"inLanguage\":\"es\",\"@id\":\"https:\/\/www.certifiedcosmetics.com\/es\/#\/schema\/logo\/image\/\",\"url\":\"https:\/\/www.certifiedcosmetics.com\/wp-content\/uploads\/2024\/12\/logo_certified_cosmetics696.jpg\",\"contentUrl\":\"https:\/\/www.certifiedcosmetics.com\/wp-content\/uploads\/2024\/12\/logo_certified_cosmetics696.jpg\",\"width\":696,\"height\":696,\"caption\":\"Certified Cosmetics\"},\"image\":{\"@id\":\"https:\/\/www.certifiedcosmetics.com\/es\/#\/schema\/logo\/image\/\"},\"description\":\"Your trusted partner for cosmetic product safety reporting. We take care of updating all of your documentation, ensuring your compliance stays current even as regulations evolve. The Cosmetic Product Safety Assessment will give you everything you need to sell specific products to EU consumers.\",\"email\":\"contact@certifiedcosmetics.com\",\"telephone\":\"+31 36 2036384\",\"legalName\":\"Certified Cosmetics\",\"foundingDate\":\"2010-01-01\",\"vatID\":\"NL854189543B01\",\"numberOfEmployees\":{\"@type\":\"QuantitativeValue\",\"minValue\":\"11\",\"maxValue\":\"50\"}}]}<\/script>\n<meta property=\"product:price:amount\" content=\"29.42\" \/>\n<meta property=\"product:price:currency\" content=\"USD\" \/>\n<meta property=\"og:availability\" content=\"instock\" \/>\n<meta property=\"product:availability\" content=\"instock\" \/>\n<meta property=\"product:retailer_item_id\" content=\"CC100043\" \/>\n<meta property=\"product:condition\" content=\"new\" \/>\n<!-- \/ Yoast SEO Premium plugin. -->","yoast_head_json":{"title":"Notificaci\u00f3n CPNP - Certified Cosmetics","robots":{"index":"index","follow":"follow","max-snippet":"max-snippet:-1","max-image-preview":"max-image-preview:large","max-video-preview":"max-video-preview:-1"},"canonical":"https:\/\/www.certifiedcosmetics.com\/es\/product\/evaluacion-de-la-seguridad-cosmetica\/notificacion-cpnp\/","og_locale":"es_ES","og_type":"article","og_title":"Notificaci\u00f3n CPNP","og_description":"La Notificaci\u00f3n CPNP de la UE se refiere al proceso de notificaci\u00f3n de productos cosm\u00e9ticos al Portal de Notificaci\u00f3n de Productos Cosm\u00e9ticos (CPNP), que es un sistema centralizado de notificaci\u00f3n en l\u00ednea utilizado en la Uni\u00f3n Europea (UE). La CPNP se establece en virtud del Reglamento sobre cosm\u00e9ticos de la UE (Reglamento (CE) n\u00ba 1223\/2009),...","og_url":"https:\/\/www.certifiedcosmetics.com\/es\/product\/evaluacion-de-la-seguridad-cosmetica\/notificacion-cpnp\/","og_site_name":"Certified Cosmetics","article_modified_time":"2025-03-28T10:51:39+00:00","og_image":[{"width":800,"height":800,"url":"https:\/\/www.certifiedcosmetics.com\/wp-content\/uploads\/2023\/11\/cnp.jpg","type":"image\/jpeg"}],"twitter_card":"summary_large_image","twitter_misc":{"Precio":"&#36;29.42","Disponibilidad":"Disponible"},"schema":{"@context":"https:\/\/schema.org","@graph":[{"@type":"WebPage","@id":"https:\/\/www.certifiedcosmetics.com\/es\/product\/evaluacion-de-la-seguridad-cosmetica\/notificacion-cpnp\/","url":"https:\/\/www.certifiedcosmetics.com\/es\/product\/evaluacion-de-la-seguridad-cosmetica\/notificacion-cpnp\/","name":"Notificaci\u00f3n CPNP - Certified Cosmetics","isPartOf":{"@id":"https:\/\/www.certifiedcosmetics.com\/es\/#website"},"primaryImageOfPage":{"@id":"https:\/\/www.certifiedcosmetics.com\/es\/product\/evaluacion-de-la-seguridad-cosmetica\/notificacion-cpnp\/#primaryimage"},"image":{"@id":"https:\/\/www.certifiedcosmetics.com\/es\/product\/evaluacion-de-la-seguridad-cosmetica\/notificacion-cpnp\/#primaryimage"},"thumbnailUrl":"https:\/\/www.certifiedcosmetics.com\/wp-content\/uploads\/2023\/11\/cnp.jpg","datePublished":"2023-11-19T11:38:46+00:00","dateModified":"2025-03-28T10:51:39+00:00","breadcrumb":{"@id":"https:\/\/www.certifiedcosmetics.com\/es\/product\/evaluacion-de-la-seguridad-cosmetica\/notificacion-cpnp\/#breadcrumb"},"inLanguage":"es","potentialAction":[{"@type":"ReadAction","target":["https:\/\/www.certifiedcosmetics.com\/es\/product\/evaluacion-de-la-seguridad-cosmetica\/notificacion-cpnp\/"]}]},{"@type":"ImageObject","inLanguage":"es","@id":"https:\/\/www.certifiedcosmetics.com\/es\/product\/evaluacion-de-la-seguridad-cosmetica\/notificacion-cpnp\/#primaryimage","url":"https:\/\/www.certifiedcosmetics.com\/wp-content\/uploads\/2023\/11\/cnp.jpg","contentUrl":"https:\/\/www.certifiedcosmetics.com\/wp-content\/uploads\/2023\/11\/cnp.jpg","width":800,"height":800},{"@type":"BreadcrumbList","@id":"https:\/\/www.certifiedcosmetics.com\/es\/product\/evaluacion-de-la-seguridad-cosmetica\/notificacion-cpnp\/#breadcrumb","itemListElement":[{"@type":"ListItem","position":1,"name":"Home","item":"https:\/\/www.certifiedcosmetics.com\/es\/"},{"@type":"ListItem","position":2,"name":"Tienda","item":"https:\/\/www.certifiedcosmetics.com\/es\/tienda\/"},{"@type":"ListItem","position":3,"name":"Notificaci\u00f3n CPNP"}]},{"@type":"WebSite","@id":"https:\/\/www.certifiedcosmetics.com\/es\/#website","url":"https:\/\/www.certifiedcosmetics.com\/es\/","name":"Certified Cosmetics","description":"Cosmetic Testing","publisher":{"@id":"https:\/\/www.certifiedcosmetics.com\/es\/#organization"},"potentialAction":[{"@type":"SearchAction","target":{"@type":"EntryPoint","urlTemplate":"https:\/\/www.certifiedcosmetics.com\/es\/?s={search_term_string}"},"query-input":{"@type":"PropertyValueSpecification","valueRequired":true,"valueName":"search_term_string"}}],"inLanguage":"es"},{"@type":"Organization","@id":"https:\/\/www.certifiedcosmetics.com\/es\/#organization","name":"Certified Cosmetics","url":"https:\/\/www.certifiedcosmetics.com\/es\/","logo":{"@type":"ImageObject","inLanguage":"es","@id":"https:\/\/www.certifiedcosmetics.com\/es\/#\/schema\/logo\/image\/","url":"https:\/\/www.certifiedcosmetics.com\/wp-content\/uploads\/2024\/12\/logo_certified_cosmetics696.jpg","contentUrl":"https:\/\/www.certifiedcosmetics.com\/wp-content\/uploads\/2024\/12\/logo_certified_cosmetics696.jpg","width":696,"height":696,"caption":"Certified Cosmetics"},"image":{"@id":"https:\/\/www.certifiedcosmetics.com\/es\/#\/schema\/logo\/image\/"},"description":"Your trusted partner for cosmetic product safety reporting. We take care of updating all of your documentation, ensuring your compliance stays current even as regulations evolve. The Cosmetic Product Safety Assessment will give you everything you need to sell specific products to EU consumers.","email":"contact@certifiedcosmetics.com","telephone":"+31 36 2036384","legalName":"Certified Cosmetics","foundingDate":"2010-01-01","vatID":"NL854189543B01","numberOfEmployees":{"@type":"QuantitativeValue","minValue":"11","maxValue":"50"}}]},"product_price_amount":"29.42","product_price_currency":"USD","og_availability":"instock","product_availability":"instock","product_retailer_item_id":"CC100043","product_condition":"new"},"_links":{"self":[{"href":"https:\/\/www.certifiedcosmetics.com\/es\/wp-json\/wp\/v2\/product\/7065","targetHints":{"allow":["GET"]}}],"collection":[{"href":"https:\/\/www.certifiedcosmetics.com\/es\/wp-json\/wp\/v2\/product"}],"about":[{"href":"https:\/\/www.certifiedcosmetics.com\/es\/wp-json\/wp\/v2\/types\/product"}],"wp:featuredmedia":[{"embeddable":true,"href":"https:\/\/www.certifiedcosmetics.com\/es\/wp-json\/wp\/v2\/media\/6575"}],"wp:attachment":[{"href":"https:\/\/www.certifiedcosmetics.com\/es\/wp-json\/wp\/v2\/media?parent=7065"}],"wp:term":[{"taxonomy":"product_brand","embeddable":true,"href":"https:\/\/www.certifiedcosmetics.com\/es\/wp-json\/wp\/v2\/product_brand?post=7065"},{"taxonomy":"product_cat","embeddable":true,"href":"https:\/\/www.certifiedcosmetics.com\/es\/wp-json\/wp\/v2\/product_cat?post=7065"},{"taxonomy":"product_tag","embeddable":true,"href":"https:\/\/www.certifiedcosmetics.com\/es\/wp-json\/wp\/v2\/product_tag?post=7065"}],"curies":[{"name":"wp","href":"https:\/\/api.w.org\/{rel}","templated":true}]}}