{"id":6863,"date":"2023-12-03T16:13:31","date_gmt":"2023-12-03T15:13:31","guid":{"rendered":"https:\/\/www.certifiedcosmetics.com\/product\/consulta-de-formulacion\/"},"modified":"2025-10-27T09:16:13","modified_gmt":"2025-10-27T08:16:13","slug":"consulta-de-formulacion","status":"publish","type":"product","link":"https:\/\/www.certifiedcosmetics.com\/es\/product\/evaluacion-de-la-seguridad-cosmetica\/consulta-de-formulacion\/","title":{"rendered":"Consulta de formulaci\u00f3n"},"content":{"rendered":"<header class=\"bt_bb_headline bt_bb_subheadline_text_transform_default bt_bb_dash_none bt_bb_superheadline bt_bb_subheadline bt_bb_fe_edit bt_bb_size_normal bt_bb_align_inherit\" data-base=\"bt_bb_headline\" data-bt-bb-fe-atts=\"{\"font_subset\":\"latin,latin-ext\",\"superheadline\":\"CONSULTATION\",\"headline\":\"Formulation Consultation\",\"subheadline\":\"Cosmetic formulation consultation is a specialized service we provide by our experts in the field of cosmetic science to individuals or businesses looking to develop or enhance their cosmetic products. This process involves collaboration between formulators and customer to create effective and safe formulations that meet specific requirements and objectives.\",\"html_tag\":\"h3\",\"align\":\"inherit,;,,;,,;,,;,,;,\",\"dash\":\"none\",\"color_scheme\":\"\",\"color\":\"\",\"supertitle_position\":\"\",\"font\":\"inherit\",\"font_size\":\"\",\"url\":\"\",\"target\":\"_self\",\"responsive\":\"\",\"publish_datetime\":\"\",\"expiry_datetime\":\"\",\"el_id\":\"\",\"el_class\":\"\",\"el_style\":\"\",\"size\":\"normal,;,,;,,;,,;,,;,\",\"font_weight\":\"\",\"supertitle_font_weight\":\"\",\"subtitle_font_weight\":\"\",\"text_transform\":\"\",\"superheadline_text_transform\":\"\",\"subheadline_text_transform\":\"default\",\"animation\":\"no_animation\",\"bb_version\":\"4.6.1\"}\" data-fe-id=\"6\" data-bb-version=\"4.6.1\" data-bt-override-class=\"{\"bt_bb_size_\":{\"current_class\":\"bt_bb_size_normal\",\"xxl\":\"normal\"},\"bt_bb_align_\":{\"current_class\":\"bt_bb_align_inherit\",\"xxl\":\"inherit\"}}\">\n<div class=\"bt_bb_headline_subheadline\">El asesoramiento en formulaci\u00f3n cosm\u00e9tica es un servicio especializado que nuestros expertos en el campo de la ciencia cosm\u00e9tica prestan a particulares o empresas que desean desarrollar o mejorar sus productos cosm\u00e9ticos. Este proceso implica la colaboraci\u00f3n entre los formuladores y el cliente para crear f\u00f3rmulas eficaces y seguras que cumplan requisitos y objetivos espec\u00edficos.<\/div>\n<\/header>\n<div class=\"bt_bb_separator bt_bb_border_style_none bt_bb_bottom_spacing_normal bt_bb_fe_edit\" data-base=\"bt_bb_separator\" data-bt-bb-fe-atts=\"{\"top_spacing\":\"\",\"bottom_spacing\":\"normal\",\"border_style\":\"none\",\"border_width\":\"\",\"responsive\":\"\",\"publish_datetime\":\"\",\"expiry_datetime\":\"\",\"el_id\":\"\",\"el_class\":\"\",\"el_style\":\"\"}\" data-fe-id=\"7\" data-bt-override-class=\"null\"><\/div>\n<div class=\"bt_bb_text bt_bb_fe_edit bt_bb_fe_edit_box\" data-base=\"bt_bb_text\" data-bt-bb-fe-atts=\"\"\"\" data-fe-id=\"8\" data-content=\"  In essence, cosmetic formulation consultation is a collaborative journey where scientific expertise meets the creative vision of the client, resulting in the development of safe, effective, and market-ready cosmetic products. The process combines the artistry of cosmetic design with the science of formulation to create products that align with both regulatory standards and consumer expectations.  \">\n<p>En esencia, la consulta sobre formulaci\u00f3n cosm\u00e9tica es un viaje de colaboraci\u00f3n en el que la experiencia cient\u00edfica se une a la visi\u00f3n creativa del cliente, lo que da como resultado el desarrollo de productos cosm\u00e9ticos seguros, eficaces y listos para el mercado. El proceso combina el arte del dise\u00f1o cosm\u00e9tico con la ciencia de la formulaci\u00f3n para crear productos que cumplan tanto las normas reglamentarias como las expectativas del consumidor.<\/p>\n<\/div>\n","protected":false},"excerpt":{"rendered":"<p>El asesoramiento en formulaci\u00f3n cosm\u00e9tica es un servicio especializado que nuestros expertos en el campo de la ciencia cosm\u00e9tica prestan a particulares o empresas que desean desarrollar o mejorar sus productos cosm\u00e9ticos. Este proceso implica la colaboraci\u00f3n entre los formuladores y el cliente para crear f\u00f3rmulas eficaces y seguras que cumplan requisitos y objetivos espec\u00edficos&#8230;.<\/p>\n","protected":false},"featured_media":6040,"template":"","meta":[],"product_brand":[],"product_cat":[116],"product_tag":[],"class_list":{"0":"post-6863","1":"product","2":"type-product","3":"status-publish","4":"has-post-thumbnail","6":"product_cat-evaluacion-de-la-seguridad-cosmetica","8":"first","9":"instock","10":"virtual","11":"taxable","12":"product-type-simple"},"bundled_by":[],"bundle_stock_status":"instock","bundle_stock_quantity":null,"bundle_virtual":false,"bundle_layout":"","bundle_add_to_cart_form_location":"","bundle_editable_in_cart":false,"bundle_sold_individually_context":"","bundle_item_grouping":"","bundle_min_size":"","bundle_max_size":"","bundle_price":[],"bundled_items":[],"bundle_sell_ids":[],"yoast_head":"<!-- This site is optimized with the Yoast SEO Premium plugin v25.4 (Yoast SEO v25.4) - https:\/\/yoast.com\/wordpress\/plugins\/seo\/ -->\n<title>Consulta de formulaci\u00f3n - Certified Cosmetics<\/title>\n<meta name=\"robots\" content=\"index, follow, max-snippet:-1, max-image-preview:large, max-video-preview:-1\" \/>\n<link rel=\"canonical\" href=\"https:\/\/www.certifiedcosmetics.com\/es\/product\/evaluacion-de-la-seguridad-cosmetica\/consulta-de-formulacion\/\" \/>\n<meta property=\"og:locale\" content=\"es_ES\" \/>\n<meta property=\"og:type\" content=\"article\" \/>\n<meta property=\"og:title\" content=\"Consulta de formulaci\u00f3n\" \/>\n<meta property=\"og:description\" content=\"El asesoramiento en formulaci\u00f3n cosm\u00e9tica es un servicio especializado que nuestros expertos en el campo de la ciencia cosm\u00e9tica prestan a particulares o empresas que desean desarrollar o mejorar sus productos cosm\u00e9ticos. Este proceso implica la colaboraci\u00f3n entre los formuladores y el cliente para crear f\u00f3rmulas eficaces y seguras que cumplan requisitos y objetivos espec\u00edficos....\" \/>\n<meta property=\"og:url\" content=\"https:\/\/www.certifiedcosmetics.com\/es\/product\/evaluacion-de-la-seguridad-cosmetica\/consulta-de-formulacion\/\" \/>\n<meta property=\"og:site_name\" content=\"Certified Cosmetics\" \/>\n<meta property=\"article:modified_time\" content=\"2025-10-27T08:16:13+00:00\" \/>\n<meta property=\"og:image\" content=\"https:\/\/www.certifiedcosmetics.com\/wp-content\/uploads\/2020\/03\/team_03-2.png\" \/>\n\t<meta property=\"og:image:width\" content=\"400\" \/>\n\t<meta property=\"og:image:height\" content=\"400\" \/>\n\t<meta property=\"og:image:type\" content=\"image\/png\" \/>\n<meta name=\"twitter:card\" content=\"summary_large_image\" \/>\n<meta name=\"twitter:label1\" content=\"Precio\" \/>\n\t<meta name=\"twitter:data1\" content=\"\" \/>\n\t<meta name=\"twitter:label2\" content=\"Disponibilidad\" \/>\n\t<meta name=\"twitter:data2\" content=\"Disponible\" \/>\n<script type=\"application\/ld+json\" class=\"yoast-schema-graph\">{\"@context\":\"https:\/\/schema.org\",\"@graph\":[{\"@type\":\"WebPage\",\"@id\":\"https:\/\/www.certifiedcosmetics.com\/es\/product\/evaluacion-de-la-seguridad-cosmetica\/consulta-de-formulacion\/\",\"url\":\"https:\/\/www.certifiedcosmetics.com\/es\/product\/evaluacion-de-la-seguridad-cosmetica\/consulta-de-formulacion\/\",\"name\":\"Consulta de formulaci\u00f3n - Certified Cosmetics\",\"isPartOf\":{\"@id\":\"https:\/\/www.certifiedcosmetics.com\/es\/#website\"},\"primaryImageOfPage\":{\"@id\":\"https:\/\/www.certifiedcosmetics.com\/es\/product\/evaluacion-de-la-seguridad-cosmetica\/consulta-de-formulacion\/#primaryimage\"},\"image\":{\"@id\":\"https:\/\/www.certifiedcosmetics.com\/es\/product\/evaluacion-de-la-seguridad-cosmetica\/consulta-de-formulacion\/#primaryimage\"},\"thumbnailUrl\":\"https:\/\/www.certifiedcosmetics.com\/wp-content\/uploads\/2020\/03\/team_03-2.png\",\"datePublished\":\"2023-12-03T15:13:31+00:00\",\"dateModified\":\"2025-10-27T08:16:13+00:00\",\"breadcrumb\":{\"@id\":\"https:\/\/www.certifiedcosmetics.com\/es\/product\/evaluacion-de-la-seguridad-cosmetica\/consulta-de-formulacion\/#breadcrumb\"},\"inLanguage\":\"es\",\"potentialAction\":[{\"@type\":\"ReadAction\",\"target\":[\"https:\/\/www.certifiedcosmetics.com\/es\/product\/evaluacion-de-la-seguridad-cosmetica\/consulta-de-formulacion\/\"]}]},{\"@type\":\"ImageObject\",\"inLanguage\":\"es\",\"@id\":\"https:\/\/www.certifiedcosmetics.com\/es\/product\/evaluacion-de-la-seguridad-cosmetica\/consulta-de-formulacion\/#primaryimage\",\"url\":\"https:\/\/www.certifiedcosmetics.com\/wp-content\/uploads\/2020\/03\/team_03-2.png\",\"contentUrl\":\"https:\/\/www.certifiedcosmetics.com\/wp-content\/uploads\/2020\/03\/team_03-2.png\",\"width\":400,\"height\":400},{\"@type\":\"BreadcrumbList\",\"@id\":\"https:\/\/www.certifiedcosmetics.com\/es\/product\/evaluacion-de-la-seguridad-cosmetica\/consulta-de-formulacion\/#breadcrumb\",\"itemListElement\":[{\"@type\":\"ListItem\",\"position\":1,\"name\":\"Home\",\"item\":\"https:\/\/www.certifiedcosmetics.com\/es\/\"},{\"@type\":\"ListItem\",\"position\":2,\"name\":\"Tienda\",\"item\":\"https:\/\/www.certifiedcosmetics.com\/es\/tienda\/\"},{\"@type\":\"ListItem\",\"position\":3,\"name\":\"Consulta de formulaci\u00f3n\"}]},{\"@type\":\"WebSite\",\"@id\":\"https:\/\/www.certifiedcosmetics.com\/es\/#website\",\"url\":\"https:\/\/www.certifiedcosmetics.com\/es\/\",\"name\":\"Certified Cosmetics\",\"description\":\"Cosmetic Testing\",\"publisher\":{\"@id\":\"https:\/\/www.certifiedcosmetics.com\/es\/#organization\"},\"potentialAction\":[{\"@type\":\"SearchAction\",\"target\":{\"@type\":\"EntryPoint\",\"urlTemplate\":\"https:\/\/www.certifiedcosmetics.com\/es\/?s={search_term_string}\"},\"query-input\":{\"@type\":\"PropertyValueSpecification\",\"valueRequired\":true,\"valueName\":\"search_term_string\"}}],\"inLanguage\":\"es\"},{\"@type\":\"Organization\",\"@id\":\"https:\/\/www.certifiedcosmetics.com\/es\/#organization\",\"name\":\"Certified Cosmetics\",\"url\":\"https:\/\/www.certifiedcosmetics.com\/es\/\",\"logo\":{\"@type\":\"ImageObject\",\"inLanguage\":\"es\",\"@id\":\"https:\/\/www.certifiedcosmetics.com\/es\/#\/schema\/logo\/image\/\",\"url\":\"https:\/\/www.certifiedcosmetics.com\/wp-content\/uploads\/2024\/12\/logo_certified_cosmetics696.jpg\",\"contentUrl\":\"https:\/\/www.certifiedcosmetics.com\/wp-content\/uploads\/2024\/12\/logo_certified_cosmetics696.jpg\",\"width\":696,\"height\":696,\"caption\":\"Certified Cosmetics\"},\"image\":{\"@id\":\"https:\/\/www.certifiedcosmetics.com\/es\/#\/schema\/logo\/image\/\"},\"description\":\"Your trusted partner for cosmetic product safety reporting. We take care of updating all of your documentation, ensuring your compliance stays current even as regulations evolve. The Cosmetic Product Safety Assessment will give you everything you need to sell specific products to EU consumers.\",\"email\":\"contact@certifiedcosmetics.com\",\"telephone\":\"+31 36 2036384\",\"legalName\":\"Certified Cosmetics\",\"foundingDate\":\"2010-01-01\",\"vatID\":\"NL854189543B01\",\"numberOfEmployees\":{\"@type\":\"QuantitativeValue\",\"minValue\":\"11\",\"maxValue\":\"50\"}}]}<\/script>\n<meta property=\"product:price:currency\" content=\"USD\" \/>\n<meta property=\"og:availability\" content=\"instock\" \/>\n<meta property=\"product:availability\" content=\"instock\" \/>\n<meta property=\"product:retailer_item_id\" content=\"CC100065\" \/>\n<meta property=\"product:condition\" content=\"new\" \/>\n<!-- \/ Yoast SEO Premium plugin. -->","yoast_head_json":{"title":"Consulta de formulaci\u00f3n - Certified Cosmetics","robots":{"index":"index","follow":"follow","max-snippet":"max-snippet:-1","max-image-preview":"max-image-preview:large","max-video-preview":"max-video-preview:-1"},"canonical":"https:\/\/www.certifiedcosmetics.com\/es\/product\/evaluacion-de-la-seguridad-cosmetica\/consulta-de-formulacion\/","og_locale":"es_ES","og_type":"article","og_title":"Consulta de formulaci\u00f3n","og_description":"El asesoramiento en formulaci\u00f3n cosm\u00e9tica es un servicio especializado que nuestros expertos en el campo de la ciencia cosm\u00e9tica prestan a particulares o empresas que desean desarrollar o mejorar sus productos cosm\u00e9ticos. Este proceso implica la colaboraci\u00f3n entre los formuladores y el cliente para crear f\u00f3rmulas eficaces y seguras que cumplan requisitos y objetivos espec\u00edficos....","og_url":"https:\/\/www.certifiedcosmetics.com\/es\/product\/evaluacion-de-la-seguridad-cosmetica\/consulta-de-formulacion\/","og_site_name":"Certified Cosmetics","article_modified_time":"2025-10-27T08:16:13+00:00","og_image":[{"width":400,"height":400,"url":"https:\/\/www.certifiedcosmetics.com\/wp-content\/uploads\/2020\/03\/team_03-2.png","type":"image\/png"}],"twitter_card":"summary_large_image","twitter_misc":{"Precio":"","Disponibilidad":"Disponible"},"schema":{"@context":"https:\/\/schema.org","@graph":[{"@type":"WebPage","@id":"https:\/\/www.certifiedcosmetics.com\/es\/product\/evaluacion-de-la-seguridad-cosmetica\/consulta-de-formulacion\/","url":"https:\/\/www.certifiedcosmetics.com\/es\/product\/evaluacion-de-la-seguridad-cosmetica\/consulta-de-formulacion\/","name":"Consulta de formulaci\u00f3n - Certified Cosmetics","isPartOf":{"@id":"https:\/\/www.certifiedcosmetics.com\/es\/#website"},"primaryImageOfPage":{"@id":"https:\/\/www.certifiedcosmetics.com\/es\/product\/evaluacion-de-la-seguridad-cosmetica\/consulta-de-formulacion\/#primaryimage"},"image":{"@id":"https:\/\/www.certifiedcosmetics.com\/es\/product\/evaluacion-de-la-seguridad-cosmetica\/consulta-de-formulacion\/#primaryimage"},"thumbnailUrl":"https:\/\/www.certifiedcosmetics.com\/wp-content\/uploads\/2020\/03\/team_03-2.png","datePublished":"2023-12-03T15:13:31+00:00","dateModified":"2025-10-27T08:16:13+00:00","breadcrumb":{"@id":"https:\/\/www.certifiedcosmetics.com\/es\/product\/evaluacion-de-la-seguridad-cosmetica\/consulta-de-formulacion\/#breadcrumb"},"inLanguage":"es","potentialAction":[{"@type":"ReadAction","target":["https:\/\/www.certifiedcosmetics.com\/es\/product\/evaluacion-de-la-seguridad-cosmetica\/consulta-de-formulacion\/"]}]},{"@type":"ImageObject","inLanguage":"es","@id":"https:\/\/www.certifiedcosmetics.com\/es\/product\/evaluacion-de-la-seguridad-cosmetica\/consulta-de-formulacion\/#primaryimage","url":"https:\/\/www.certifiedcosmetics.com\/wp-content\/uploads\/2020\/03\/team_03-2.png","contentUrl":"https:\/\/www.certifiedcosmetics.com\/wp-content\/uploads\/2020\/03\/team_03-2.png","width":400,"height":400},{"@type":"BreadcrumbList","@id":"https:\/\/www.certifiedcosmetics.com\/es\/product\/evaluacion-de-la-seguridad-cosmetica\/consulta-de-formulacion\/#breadcrumb","itemListElement":[{"@type":"ListItem","position":1,"name":"Home","item":"https:\/\/www.certifiedcosmetics.com\/es\/"},{"@type":"ListItem","position":2,"name":"Tienda","item":"https:\/\/www.certifiedcosmetics.com\/es\/tienda\/"},{"@type":"ListItem","position":3,"name":"Consulta de formulaci\u00f3n"}]},{"@type":"WebSite","@id":"https:\/\/www.certifiedcosmetics.com\/es\/#website","url":"https:\/\/www.certifiedcosmetics.com\/es\/","name":"Certified Cosmetics","description":"Cosmetic Testing","publisher":{"@id":"https:\/\/www.certifiedcosmetics.com\/es\/#organization"},"potentialAction":[{"@type":"SearchAction","target":{"@type":"EntryPoint","urlTemplate":"https:\/\/www.certifiedcosmetics.com\/es\/?s={search_term_string}"},"query-input":{"@type":"PropertyValueSpecification","valueRequired":true,"valueName":"search_term_string"}}],"inLanguage":"es"},{"@type":"Organization","@id":"https:\/\/www.certifiedcosmetics.com\/es\/#organization","name":"Certified Cosmetics","url":"https:\/\/www.certifiedcosmetics.com\/es\/","logo":{"@type":"ImageObject","inLanguage":"es","@id":"https:\/\/www.certifiedcosmetics.com\/es\/#\/schema\/logo\/image\/","url":"https:\/\/www.certifiedcosmetics.com\/wp-content\/uploads\/2024\/12\/logo_certified_cosmetics696.jpg","contentUrl":"https:\/\/www.certifiedcosmetics.com\/wp-content\/uploads\/2024\/12\/logo_certified_cosmetics696.jpg","width":696,"height":696,"caption":"Certified Cosmetics"},"image":{"@id":"https:\/\/www.certifiedcosmetics.com\/es\/#\/schema\/logo\/image\/"},"description":"Your trusted partner for cosmetic product safety reporting. We take care of updating all of your documentation, ensuring your compliance stays current even as regulations evolve. The Cosmetic Product Safety Assessment will give you everything you need to sell specific products to EU consumers.","email":"contact@certifiedcosmetics.com","telephone":"+31 36 2036384","legalName":"Certified Cosmetics","foundingDate":"2010-01-01","vatID":"NL854189543B01","numberOfEmployees":{"@type":"QuantitativeValue","minValue":"11","maxValue":"50"}}]},"product_price_currency":"USD","og_availability":"instock","product_availability":"instock","product_retailer_item_id":"CC100065","product_condition":"new"},"_links":{"self":[{"href":"https:\/\/www.certifiedcosmetics.com\/es\/wp-json\/wp\/v2\/product\/6863","targetHints":{"allow":["GET"]}}],"collection":[{"href":"https:\/\/www.certifiedcosmetics.com\/es\/wp-json\/wp\/v2\/product"}],"about":[{"href":"https:\/\/www.certifiedcosmetics.com\/es\/wp-json\/wp\/v2\/types\/product"}],"wp:featuredmedia":[{"embeddable":true,"href":"https:\/\/www.certifiedcosmetics.com\/es\/wp-json\/wp\/v2\/media\/6040"}],"wp:attachment":[{"href":"https:\/\/www.certifiedcosmetics.com\/es\/wp-json\/wp\/v2\/media?parent=6863"}],"wp:term":[{"taxonomy":"product_brand","embeddable":true,"href":"https:\/\/www.certifiedcosmetics.com\/es\/wp-json\/wp\/v2\/product_brand?post=6863"},{"taxonomy":"product_cat","embeddable":true,"href":"https:\/\/www.certifiedcosmetics.com\/es\/wp-json\/wp\/v2\/product_cat?post=6863"},{"taxonomy":"product_tag","embeddable":true,"href":"https:\/\/www.certifiedcosmetics.com\/es\/wp-json\/wp\/v2\/product_tag?post=6863"}],"curies":[{"name":"wp","href":"https:\/\/api.w.org\/{rel}","templated":true}]}}