{"id":6862,"date":"2023-12-23T13:16:29","date_gmt":"2023-12-23T12:16:29","guid":{"rendered":"https:\/\/www.certifiedcosmetics.com\/product\/paquete-completo-de-evaluacion-de-la-seguridad-de-los-productos-cosmeticos\/"},"modified":"2025-05-20T11:32:29","modified_gmt":"2025-05-20T10:32:29","slug":"paquete-completo-de-evaluacion-de-la-seguridad-de-los-productos-cosmeticos","status":"publish","type":"product","link":"https:\/\/www.certifiedcosmetics.com\/es\/product\/evaluacion-de-la-seguridad-cosmetica\/paquete-completo-de-evaluacion-de-la-seguridad-de-los-productos-cosmeticos\/","title":{"rendered":"Evaluaci\u00f3n completa de la seguridad de los productos cosm\u00e9ticos"},"content":{"rendered":"<p>La Evaluaci\u00f3n Completa de la Seguridad de los Productos Cosm\u00e9ticos te dar\u00e1 todo lo que necesitas para vender tus productos a los consumidores de la UE. Consiste en lo siguiente<\/p>\n<ul>\n<li>Fichero de Informaci\u00f3n sobre Productos Cosm\u00e9ticos (FIP)\n<ul>\n<li><strong>Parte A:<\/strong> Informaci\u00f3n sobre la seguridad de los productos cosm\u00e9ticos &#8211; Incluye datos sobre los ingredientes, la estabilidad, la calidad microbiol\u00f3gica, las impurezas y el envasado del producto.<\/li>\n<li><strong>Parte B:<\/strong> Informe de seguridad del producto cosm\u00e9tico (ISP) &#8211; Contiene las conclusiones, advertencias y justificaciones del evaluador de seguridad, que garantizan que el producto es seguro en condiciones normales de uso.<\/li>\n<\/ul>\n<\/li>\n<li>Pruebas de laboratorio y resultados<\/li>\n<li>Notificaci\u00f3n CPNP UE<\/li>\n<\/ul>\n<h2>Informe sobre la seguridad de los productos cosm\u00e9ticos (CPSR)<\/h2>\n<p>El Informe de la UE sobre la seguridad de los productos cosm\u00e9ticos (ISPQ) es un documento que desempe\u00f1a un papel crucial para garantizar la seguridad de los productos cosm\u00e9ticos comercializados en la Uni\u00f3n Europea (UE). Es un requisito del Reglamento sobre cosm\u00e9ticos de la UE (Reglamento (CE) n\u00ba 1223\/2009), que establece las normas y reglamentos para los productos cosm\u00e9ticos.<\/p>\n<h2>Fichero de Informaci\u00f3n sobre Productos Cosm\u00e9ticos (FIP)<\/h2>\n<p>El Fichero de Informaci\u00f3n sobre Productos Cosm\u00e9ticos (FIP) es un documento exhaustivo que sirve de repositorio central de la informaci\u00f3n relacionada con un producto cosm\u00e9tico. Es un requisito obligatorio en virtud del Reglamento sobre cosm\u00e9ticos de la Uni\u00f3n Europea (UE) (Reglamento (CE) n\u00ba 1223\/2009). El FIP tiene por objeto facilitar a las autoridades competentes el acceso a detalles clave sobre un producto cosm\u00e9tico y su evaluaci\u00f3n de seguridad.<\/p>\n<h2>Prueba de provocaci\u00f3n cosm\u00e9tica<\/h2>\n<p>Una prueba de provocaci\u00f3n cosm\u00e9tica, a menudo denominada prueba de eficacia de los conservantes o prueba de provocaci\u00f3n, es un procedimiento de laboratorio realizado para evaluar la eficacia de los conservantes en los productos cosm\u00e9ticos. El objetivo de esta prueba es garantizar que la formulaci\u00f3n est\u00e1 adecuadamente protegida contra la contaminaci\u00f3n microbiana durante su vida \u00fatil y su uso por los consumidores.<\/p>\n<h2>Prueba microbiol\u00f3gica<\/h2>\n<p>Las pruebas microbiol\u00f3gicas son un aspecto cr\u00edtico de la industria cosm\u00e9tica, que se centra en la seguridad y la calidad de los productos mediante la vigilancia y el control de la contaminaci\u00f3n microbiana. Ayuda a los fabricantes a producir productos cosm\u00e9ticos y de cuidado personal seguros y eficaces para los consumidores.<\/p>\n<h2>Prueba de estabilidad de los cosm\u00e9ticos<\/h2>\n<p>Las pruebas de estabilidad de los cosm\u00e9ticos son una serie de evaluaciones realizadas para valorar c\u00f3mo se ven afectadas con el tiempo las propiedades f\u00edsicas, qu\u00edmicas y microbiol\u00f3gicas de un producto cosm\u00e9tico cuando se almacena en diversas condiciones. La finalidad de estas pruebas es garantizar que el producto siga siendo seguro, eficaz y conserve la calidad prevista durante toda su vida \u00fatil.<\/p>\n<h2>Notificaci\u00f3n CPNP UE<\/h2>\n<p>La Notificaci\u00f3n CPNP de la UE se refiere al proceso de notificaci\u00f3n de productos cosm\u00e9ticos al Portal de Notificaci\u00f3n de Productos Cosm\u00e9ticos (CPNP), que es un sistema centralizado de notificaci\u00f3n en l\u00ednea utilizado en la Uni\u00f3n Europea (UE). La CPNP se establece en virtud del Reglamento sobre cosm\u00e9ticos de la UE (Reglamento (CE) n\u00ba 1223\/2009), y sirve como herramienta para el intercambio de informaci\u00f3n sobre productos cosm\u00e9ticos entre las autoridades reguladoras y las Personas Responsables que comercializan estos productos.<\/p>\n<h2 class=\"wp-block-heading\">\u00bfC\u00f3mo funciona el proceso?<\/h2>\n<ol class=\"wp-block-list\" start=\"1\">\n<li><strong>Elegir la evaluaci\u00f3n<\/strong>\n<ul class=\"wp-block-list\">\n<li>Adquieres la evaluaci\u00f3n a trav\u00e9s de nuestro sitio web.<\/li>\n<\/ul>\n<\/li>\n<li><strong>Acceso al Portal seguro<\/strong>\n<ul class=\"wp-block-list\">\n<li>Tras la compra, obtendr\u00e1s acceso a nuestro portal seguro donde podr\u00e1s completar la ingesta.<\/li>\n<\/ul>\n<\/li>\n<li><strong>Admisi\u00f3n completa<\/strong>\n<ul class=\"wp-block-list\">\n<li>Completa toda la informaci\u00f3n solicitada sobre tu producto y sube la documentaci\u00f3n pertinente.<\/li>\n<\/ul>\n<\/li>\n<li><strong>Enviar muestras<\/strong>\n<ul class=\"wp-block-list\">\n<li>Env\u00eda muestras f\u00edsicas de tu producto a nuestro laboratorio. Cuando programes tu prueba de laboratorio en el portal, el evaluador de seguridad te pedir\u00e1 el n\u00famero de muestras. Depende de tu producto y envase.  <\/li>\n<\/ul>\n<\/li>\n<li><strong>Pruebas de laboratorio<\/strong>\n<ul class=\"wp-block-list\">\n<li>Realizamos pruebas de laboratorio.<\/li>\n<\/ul>\n<\/li>\n<li><strong>Evaluaci\u00f3n de la seguridad<\/strong>\n<ul class=\"wp-block-list\">\n<li>Nuestro revisor de seguridad prepara el PIF, Parte I, II y III.<\/li>\n<\/ul>\n<\/li>\n<li><strong>Notificaci\u00f3n de la CPNP de la UE y entrega de documentaci\u00f3n<\/strong>\n<ul class=\"wp-block-list\">\n<li>Nos encargaremos del registro de tu producto en el Portal de Notificaci\u00f3n de Productos Cosm\u00e9ticos (CPNP) y recibir\u00e1s de nosotros la documentaci\u00f3n completa del PIF.<\/li>\n<\/ul>\n<\/li>\n<\/ol>\n<h2 class=\"wp-block-heading\">\u00bfQu\u00e9 necesitas para solicitar un CPSR?<\/h2>\n<p>Para que el proceso se desarrolle sin problemas, necesitamos que nos facilites la siguiente informaci\u00f3n:<\/p>\n<ol class=\"wp-block-list\" start=\"1\">\n<li><strong>Formulaci\u00f3n del producto:<\/strong> Una lista completa de ingredientes, incluidas las concentraciones y los nombres INCI.<\/li>\n<li><strong>Envases de los productos:<\/strong> Informaci\u00f3n sobre envases y etiquetas.<\/li>\n<li><strong>Instrucciones de uso:<\/strong> C\u00f3mo utilizan el producto los consumidores.<\/li>\n<li><strong>Muestra:<\/strong> Una muestra f\u00edsica de tu producto para su an\u00e1lisis en laboratorio.<\/li>\n<li><strong>Documentaci\u00f3n:<\/strong> Certificados de materias primas (por ejemplo, MSDS y COA). Puedes encontrar m\u00e1s informaci\u00f3n en nuestra p\u00e1gina sobre la <a href=\"https:\/\/www.certifiedcosmetics.com\/blog\/pif-documentation\/documentation-overview-for-a-safety-assessment\/\" target=\"_blank\" rel=\"noopener\">documentaci\u00f3n necesaria para una evaluaci\u00f3n de seguridad<\/a>. <\/li>\n<\/ol>\n<h2>\u00bfQu\u00e9 es una variaci\u00f3n?<\/h2>\n<p>A menudo puedes hacer m\u00faltiples variaciones del producto cambiando s\u00f3lo el aroma o el color de una formulaci\u00f3n b\u00e1sica. Al elegir la opci\u00f3n de variaci\u00f3n en estos casos concretos, te beneficias de unos costes m\u00e1s bajos y, al mismo tiempo, te aseguras de que las variaciones de tus productos siguen cumpliendo la normativa de seguridad cosm\u00e9tica. Para cada variaci\u00f3n, creamos el PIF con CPSR y realizamos una prueba de laboratorio. Para 2 variaciones, se crean 2 FIP con CPSR y se realizan todas las pruebas de laboratorio.   <\/p>\n<h3>\u00bfCu\u00e1ndo eliges la opci\u00f3n variante?<\/h3>\n<ol>\n<li><b>Cambio de aroma<\/b>: Si el \u00fanico cambio en la composici\u00f3n b\u00e1sica es un cambio de aroma, puedes elegir la opci\u00f3n variante. Esto se debe a que la formulaci\u00f3n b\u00e1sica sigue siendo la misma y s\u00f3lo cambia el aroma. <\/li>\n<li><b>Cambiar el color<\/b>: Del mismo modo, si decides cambiar el color del producto sin introducir nuevos ingredientes o materias primas, tambi\u00e9n puede acogerse al precio de variante.<\/li>\n<\/ol>\n<p><b>Recordatorio importante<\/b>: Si se a\u00f1aden materias primas adicionales (como un nuevo principio activo, un extracto vegetal, conservantes o cualquier otro ingrediente que modifique la formulaci\u00f3n), <b><u>no se cuenta como variante<\/u><\/b>debido al cambio significativo que representa la nueva formulaci\u00f3n.<\/p>\n","protected":false},"excerpt":{"rendered":"<p>La Evaluaci\u00f3n Completa de la Seguridad de los Productos Cosm\u00e9ticos te dar\u00e1 todo lo que necesitas para vender tus productos a los consumidores de la UE. Consiste en lo siguiente Fichero de Informaci\u00f3n sobre Productos Cosm\u00e9ticos (FIP) Parte A: Informaci\u00f3n sobre la seguridad de los productos cosm\u00e9ticos &#8211; Incluye datos sobre los ingredientes, la estabilidad,&#8230;<\/p>\n","protected":false},"featured_media":6575,"template":"","meta":[],"product_brand":[],"product_cat":[116],"product_tag":[],"class_list":{"0":"post-6862","1":"product","2":"type-product","3":"status-publish","4":"has-post-thumbnail","6":"product_cat-evaluacion-de-la-seguridad-cosmetica","8":"first","9":"instock","10":"virtual","11":"taxable","12":"purchasable","13":"product-type-woosb"},"bundled_by":[],"bundle_stock_status":"instock","bundle_stock_quantity":null,"bundle_virtual":false,"bundle_layout":"","bundle_add_to_cart_form_location":"","bundle_editable_in_cart":false,"bundle_sold_individually_context":"","bundle_item_grouping":"","bundle_min_size":"","bundle_max_size":"","bundle_price":[],"bundled_items":[],"bundle_sell_ids":[],"yoast_head":"<!-- This site is optimized with the Yoast SEO Premium plugin v25.4 (Yoast SEO v25.4) - https:\/\/yoast.com\/wordpress\/plugins\/seo\/ -->\n<title>Evaluaci\u00f3n completa de la seguridad de los productos cosm\u00e9ticos - Certified Cosmetics<\/title>\n<meta name=\"robots\" content=\"index, follow, max-snippet:-1, max-image-preview:large, max-video-preview:-1\" \/>\n<link rel=\"canonical\" href=\"https:\/\/www.certifiedcosmetics.com\/es\/product\/evaluacion-de-la-seguridad-cosmetica\/paquete-completo-de-evaluacion-de-la-seguridad-de-los-productos-cosmeticos\/\" \/>\n<meta property=\"og:locale\" content=\"es_ES\" \/>\n<meta property=\"og:type\" content=\"article\" \/>\n<meta property=\"og:title\" content=\"Evaluaci\u00f3n completa de la seguridad de los productos cosm\u00e9ticos\" \/>\n<meta property=\"og:description\" content=\"La Evaluaci\u00f3n Completa de la Seguridad de los Productos Cosm\u00e9ticos te dar\u00e1 todo lo que necesitas para vender tus productos a los consumidores de la UE. Consiste en lo siguiente Fichero de Informaci\u00f3n sobre Productos Cosm\u00e9ticos (FIP) Parte A: Informaci\u00f3n sobre la seguridad de los productos cosm\u00e9ticos &#8211; Incluye datos sobre los ingredientes, la estabilidad,...\" \/>\n<meta property=\"og:url\" content=\"https:\/\/www.certifiedcosmetics.com\/es\/product\/evaluacion-de-la-seguridad-cosmetica\/paquete-completo-de-evaluacion-de-la-seguridad-de-los-productos-cosmeticos\/\" \/>\n<meta property=\"og:site_name\" content=\"Certified Cosmetics\" \/>\n<meta property=\"article:modified_time\" content=\"2025-05-20T10:32:29+00:00\" \/>\n<meta property=\"og:image\" content=\"https:\/\/www.certifiedcosmetics.com\/wp-content\/uploads\/2023\/11\/cnp.jpg\" \/>\n\t<meta property=\"og:image:width\" content=\"800\" \/>\n\t<meta property=\"og:image:height\" content=\"800\" \/>\n\t<meta property=\"og:image:type\" content=\"image\/jpeg\" \/>\n<meta name=\"twitter:card\" content=\"summary_large_image\" \/>\n<meta name=\"twitter:label1\" content=\"Precio\" \/>\n\t<meta name=\"twitter:data1\" content=\"&#036;812.09\" \/>\n\t<meta name=\"twitter:label2\" content=\"Disponibilidad\" \/>\n\t<meta name=\"twitter:data2\" content=\"Disponible\" \/>\n<script type=\"application\/ld+json\" class=\"yoast-schema-graph\">{\"@context\":\"https:\/\/schema.org\",\"@graph\":[{\"@type\":\"WebPage\",\"@id\":\"https:\/\/www.certifiedcosmetics.com\/es\/product\/evaluacion-de-la-seguridad-cosmetica\/paquete-completo-de-evaluacion-de-la-seguridad-de-los-productos-cosmeticos\/\",\"url\":\"https:\/\/www.certifiedcosmetics.com\/es\/product\/evaluacion-de-la-seguridad-cosmetica\/paquete-completo-de-evaluacion-de-la-seguridad-de-los-productos-cosmeticos\/\",\"name\":\"Evaluaci\u00f3n completa de la seguridad de los productos cosm\u00e9ticos - Certified Cosmetics\",\"isPartOf\":{\"@id\":\"https:\/\/www.certifiedcosmetics.com\/es\/#website\"},\"primaryImageOfPage\":{\"@id\":\"https:\/\/www.certifiedcosmetics.com\/es\/product\/evaluacion-de-la-seguridad-cosmetica\/paquete-completo-de-evaluacion-de-la-seguridad-de-los-productos-cosmeticos\/#primaryimage\"},\"image\":{\"@id\":\"https:\/\/www.certifiedcosmetics.com\/es\/product\/evaluacion-de-la-seguridad-cosmetica\/paquete-completo-de-evaluacion-de-la-seguridad-de-los-productos-cosmeticos\/#primaryimage\"},\"thumbnailUrl\":\"https:\/\/www.certifiedcosmetics.com\/wp-content\/uploads\/2023\/11\/cnp.jpg\",\"datePublished\":\"2023-12-23T12:16:29+00:00\",\"dateModified\":\"2025-05-20T10:32:29+00:00\",\"breadcrumb\":{\"@id\":\"https:\/\/www.certifiedcosmetics.com\/es\/product\/evaluacion-de-la-seguridad-cosmetica\/paquete-completo-de-evaluacion-de-la-seguridad-de-los-productos-cosmeticos\/#breadcrumb\"},\"inLanguage\":\"es\",\"potentialAction\":[{\"@type\":\"ReadAction\",\"target\":[\"https:\/\/www.certifiedcosmetics.com\/es\/product\/evaluacion-de-la-seguridad-cosmetica\/paquete-completo-de-evaluacion-de-la-seguridad-de-los-productos-cosmeticos\/\"]}]},{\"@type\":\"ImageObject\",\"inLanguage\":\"es\",\"@id\":\"https:\/\/www.certifiedcosmetics.com\/es\/product\/evaluacion-de-la-seguridad-cosmetica\/paquete-completo-de-evaluacion-de-la-seguridad-de-los-productos-cosmeticos\/#primaryimage\",\"url\":\"https:\/\/www.certifiedcosmetics.com\/wp-content\/uploads\/2023\/11\/cnp.jpg\",\"contentUrl\":\"https:\/\/www.certifiedcosmetics.com\/wp-content\/uploads\/2023\/11\/cnp.jpg\",\"width\":800,\"height\":800},{\"@type\":\"BreadcrumbList\",\"@id\":\"https:\/\/www.certifiedcosmetics.com\/es\/product\/evaluacion-de-la-seguridad-cosmetica\/paquete-completo-de-evaluacion-de-la-seguridad-de-los-productos-cosmeticos\/#breadcrumb\",\"itemListElement\":[{\"@type\":\"ListItem\",\"position\":1,\"name\":\"Home\",\"item\":\"https:\/\/www.certifiedcosmetics.com\/es\/\"},{\"@type\":\"ListItem\",\"position\":2,\"name\":\"Tienda\",\"item\":\"https:\/\/www.certifiedcosmetics.com\/es\/tienda\/\"},{\"@type\":\"ListItem\",\"position\":3,\"name\":\"Evaluaci\u00f3n completa de la seguridad de los productos cosm\u00e9ticos\"}]},{\"@type\":\"WebSite\",\"@id\":\"https:\/\/www.certifiedcosmetics.com\/es\/#website\",\"url\":\"https:\/\/www.certifiedcosmetics.com\/es\/\",\"name\":\"Certified Cosmetics\",\"description\":\"Cosmetic Testing\",\"publisher\":{\"@id\":\"https:\/\/www.certifiedcosmetics.com\/es\/#organization\"},\"potentialAction\":[{\"@type\":\"SearchAction\",\"target\":{\"@type\":\"EntryPoint\",\"urlTemplate\":\"https:\/\/www.certifiedcosmetics.com\/es\/?s={search_term_string}\"},\"query-input\":{\"@type\":\"PropertyValueSpecification\",\"valueRequired\":true,\"valueName\":\"search_term_string\"}}],\"inLanguage\":\"es\"},{\"@type\":\"Organization\",\"@id\":\"https:\/\/www.certifiedcosmetics.com\/es\/#organization\",\"name\":\"Certified Cosmetics\",\"url\":\"https:\/\/www.certifiedcosmetics.com\/es\/\",\"logo\":{\"@type\":\"ImageObject\",\"inLanguage\":\"es\",\"@id\":\"https:\/\/www.certifiedcosmetics.com\/es\/#\/schema\/logo\/image\/\",\"url\":\"https:\/\/www.certifiedcosmetics.com\/wp-content\/uploads\/2024\/12\/logo_certified_cosmetics696.jpg\",\"contentUrl\":\"https:\/\/www.certifiedcosmetics.com\/wp-content\/uploads\/2024\/12\/logo_certified_cosmetics696.jpg\",\"width\":696,\"height\":696,\"caption\":\"Certified Cosmetics\"},\"image\":{\"@id\":\"https:\/\/www.certifiedcosmetics.com\/es\/#\/schema\/logo\/image\/\"},\"description\":\"Your trusted partner for cosmetic product safety reporting. We take care of updating all of your documentation, ensuring your compliance stays current even as regulations evolve. The Cosmetic Product Safety Assessment will give you everything you need to sell specific products to EU consumers.\",\"email\":\"contact@certifiedcosmetics.com\",\"telephone\":\"+31 36 2036384\",\"legalName\":\"Certified Cosmetics\",\"foundingDate\":\"2010-01-01\",\"vatID\":\"NL854189543B01\",\"numberOfEmployees\":{\"@type\":\"QuantitativeValue\",\"minValue\":\"11\",\"maxValue\":\"50\"}}]}<\/script>\n<meta property=\"product:price:amount\" content=\"812.09\" \/>\n<meta property=\"product:price:currency\" content=\"USD\" \/>\n<meta property=\"og:availability\" content=\"instock\" \/>\n<meta property=\"product:availability\" content=\"instock\" \/>\n<meta property=\"product:retailer_item_id\" content=\"CC100066\" \/>\n<meta property=\"product:condition\" content=\"new\" \/>\n<!-- \/ Yoast SEO Premium plugin. -->","yoast_head_json":{"title":"Evaluaci\u00f3n completa de la seguridad de los productos cosm\u00e9ticos - Certified Cosmetics","robots":{"index":"index","follow":"follow","max-snippet":"max-snippet:-1","max-image-preview":"max-image-preview:large","max-video-preview":"max-video-preview:-1"},"canonical":"https:\/\/www.certifiedcosmetics.com\/es\/product\/evaluacion-de-la-seguridad-cosmetica\/paquete-completo-de-evaluacion-de-la-seguridad-de-los-productos-cosmeticos\/","og_locale":"es_ES","og_type":"article","og_title":"Evaluaci\u00f3n completa de la seguridad de los productos cosm\u00e9ticos","og_description":"La Evaluaci\u00f3n Completa de la Seguridad de los Productos Cosm\u00e9ticos te dar\u00e1 todo lo que necesitas para vender tus productos a los consumidores de la UE. Consiste en lo siguiente Fichero de Informaci\u00f3n sobre Productos Cosm\u00e9ticos (FIP) Parte A: Informaci\u00f3n sobre la seguridad de los productos cosm\u00e9ticos &#8211; Incluye datos sobre los ingredientes, la estabilidad,...","og_url":"https:\/\/www.certifiedcosmetics.com\/es\/product\/evaluacion-de-la-seguridad-cosmetica\/paquete-completo-de-evaluacion-de-la-seguridad-de-los-productos-cosmeticos\/","og_site_name":"Certified Cosmetics","article_modified_time":"2025-05-20T10:32:29+00:00","og_image":[{"width":800,"height":800,"url":"https:\/\/www.certifiedcosmetics.com\/wp-content\/uploads\/2023\/11\/cnp.jpg","type":"image\/jpeg"}],"twitter_card":"summary_large_image","twitter_misc":{"Precio":"&#36;812.09","Disponibilidad":"Disponible"},"schema":{"@context":"https:\/\/schema.org","@graph":[{"@type":"WebPage","@id":"https:\/\/www.certifiedcosmetics.com\/es\/product\/evaluacion-de-la-seguridad-cosmetica\/paquete-completo-de-evaluacion-de-la-seguridad-de-los-productos-cosmeticos\/","url":"https:\/\/www.certifiedcosmetics.com\/es\/product\/evaluacion-de-la-seguridad-cosmetica\/paquete-completo-de-evaluacion-de-la-seguridad-de-los-productos-cosmeticos\/","name":"Evaluaci\u00f3n completa de la seguridad de los productos cosm\u00e9ticos - Certified Cosmetics","isPartOf":{"@id":"https:\/\/www.certifiedcosmetics.com\/es\/#website"},"primaryImageOfPage":{"@id":"https:\/\/www.certifiedcosmetics.com\/es\/product\/evaluacion-de-la-seguridad-cosmetica\/paquete-completo-de-evaluacion-de-la-seguridad-de-los-productos-cosmeticos\/#primaryimage"},"image":{"@id":"https:\/\/www.certifiedcosmetics.com\/es\/product\/evaluacion-de-la-seguridad-cosmetica\/paquete-completo-de-evaluacion-de-la-seguridad-de-los-productos-cosmeticos\/#primaryimage"},"thumbnailUrl":"https:\/\/www.certifiedcosmetics.com\/wp-content\/uploads\/2023\/11\/cnp.jpg","datePublished":"2023-12-23T12:16:29+00:00","dateModified":"2025-05-20T10:32:29+00:00","breadcrumb":{"@id":"https:\/\/www.certifiedcosmetics.com\/es\/product\/evaluacion-de-la-seguridad-cosmetica\/paquete-completo-de-evaluacion-de-la-seguridad-de-los-productos-cosmeticos\/#breadcrumb"},"inLanguage":"es","potentialAction":[{"@type":"ReadAction","target":["https:\/\/www.certifiedcosmetics.com\/es\/product\/evaluacion-de-la-seguridad-cosmetica\/paquete-completo-de-evaluacion-de-la-seguridad-de-los-productos-cosmeticos\/"]}]},{"@type":"ImageObject","inLanguage":"es","@id":"https:\/\/www.certifiedcosmetics.com\/es\/product\/evaluacion-de-la-seguridad-cosmetica\/paquete-completo-de-evaluacion-de-la-seguridad-de-los-productos-cosmeticos\/#primaryimage","url":"https:\/\/www.certifiedcosmetics.com\/wp-content\/uploads\/2023\/11\/cnp.jpg","contentUrl":"https:\/\/www.certifiedcosmetics.com\/wp-content\/uploads\/2023\/11\/cnp.jpg","width":800,"height":800},{"@type":"BreadcrumbList","@id":"https:\/\/www.certifiedcosmetics.com\/es\/product\/evaluacion-de-la-seguridad-cosmetica\/paquete-completo-de-evaluacion-de-la-seguridad-de-los-productos-cosmeticos\/#breadcrumb","itemListElement":[{"@type":"ListItem","position":1,"name":"Home","item":"https:\/\/www.certifiedcosmetics.com\/es\/"},{"@type":"ListItem","position":2,"name":"Tienda","item":"https:\/\/www.certifiedcosmetics.com\/es\/tienda\/"},{"@type":"ListItem","position":3,"name":"Evaluaci\u00f3n completa de la seguridad de los productos cosm\u00e9ticos"}]},{"@type":"WebSite","@id":"https:\/\/www.certifiedcosmetics.com\/es\/#website","url":"https:\/\/www.certifiedcosmetics.com\/es\/","name":"Certified Cosmetics","description":"Cosmetic Testing","publisher":{"@id":"https:\/\/www.certifiedcosmetics.com\/es\/#organization"},"potentialAction":[{"@type":"SearchAction","target":{"@type":"EntryPoint","urlTemplate":"https:\/\/www.certifiedcosmetics.com\/es\/?s={search_term_string}"},"query-input":{"@type":"PropertyValueSpecification","valueRequired":true,"valueName":"search_term_string"}}],"inLanguage":"es"},{"@type":"Organization","@id":"https:\/\/www.certifiedcosmetics.com\/es\/#organization","name":"Certified Cosmetics","url":"https:\/\/www.certifiedcosmetics.com\/es\/","logo":{"@type":"ImageObject","inLanguage":"es","@id":"https:\/\/www.certifiedcosmetics.com\/es\/#\/schema\/logo\/image\/","url":"https:\/\/www.certifiedcosmetics.com\/wp-content\/uploads\/2024\/12\/logo_certified_cosmetics696.jpg","contentUrl":"https:\/\/www.certifiedcosmetics.com\/wp-content\/uploads\/2024\/12\/logo_certified_cosmetics696.jpg","width":696,"height":696,"caption":"Certified Cosmetics"},"image":{"@id":"https:\/\/www.certifiedcosmetics.com\/es\/#\/schema\/logo\/image\/"},"description":"Your trusted partner for cosmetic product safety reporting. We take care of updating all of your documentation, ensuring your compliance stays current even as regulations evolve. The Cosmetic Product Safety Assessment will give you everything you need to sell specific products to EU consumers.","email":"contact@certifiedcosmetics.com","telephone":"+31 36 2036384","legalName":"Certified Cosmetics","foundingDate":"2010-01-01","vatID":"NL854189543B01","numberOfEmployees":{"@type":"QuantitativeValue","minValue":"11","maxValue":"50"}}]},"product_price_amount":"812.09","product_price_currency":"USD","og_availability":"instock","product_availability":"instock","product_retailer_item_id":"CC100066","product_condition":"new"},"_links":{"self":[{"href":"https:\/\/www.certifiedcosmetics.com\/es\/wp-json\/wp\/v2\/product\/6862","targetHints":{"allow":["GET"]}}],"collection":[{"href":"https:\/\/www.certifiedcosmetics.com\/es\/wp-json\/wp\/v2\/product"}],"about":[{"href":"https:\/\/www.certifiedcosmetics.com\/es\/wp-json\/wp\/v2\/types\/product"}],"wp:featuredmedia":[{"embeddable":true,"href":"https:\/\/www.certifiedcosmetics.com\/es\/wp-json\/wp\/v2\/media\/6575"}],"wp:attachment":[{"href":"https:\/\/www.certifiedcosmetics.com\/es\/wp-json\/wp\/v2\/media?parent=6862"}],"wp:term":[{"taxonomy":"product_brand","embeddable":true,"href":"https:\/\/www.certifiedcosmetics.com\/es\/wp-json\/wp\/v2\/product_brand?post=6862"},{"taxonomy":"product_cat","embeddable":true,"href":"https:\/\/www.certifiedcosmetics.com\/es\/wp-json\/wp\/v2\/product_cat?post=6862"},{"taxonomy":"product_tag","embeddable":true,"href":"https:\/\/www.certifiedcosmetics.com\/es\/wp-json\/wp\/v2\/product_tag?post=6862"}],"curies":[{"name":"wp","href":"https:\/\/api.w.org\/{rel}","templated":true}]}}