{"id":6854,"date":"2023-12-03T15:56:05","date_gmt":"2023-12-03T14:56:05","guid":{"rendered":"https:\/\/www.certifiedcosmetics.com\/product\/evaluacion-previa-de-la-seguridad\/"},"modified":"2023-12-03T14:56:05","modified_gmt":"2023-12-03T13:56:05","slug":"evaluacion-previa-de-la-seguridad","status":"publish","type":"product","link":"https:\/\/www.certifiedcosmetics.com\/es\/product\/evaluacion-de-la-seguridad-cosmetica\/evaluacion-previa-de-la-seguridad\/","title":{"rendered":"Evaluaci\u00f3n previa de la seguridad"},"content":{"rendered":"<header class=\"bt_bb_headline bt_bb_subheadline_text_transform_default bt_bb_dash_none bt_bb_superheadline bt_bb_subheadline bt_bb_fe_edit bt_bb_size_normal bt_bb_align_inherit bt_bb_fe_edit_box\" data-base=\"bt_bb_headline\" data-bt-bb-fe-atts=\"{\"font_subset\":\"latin,latin-ext\",\"superheadline\":\"SAFETY ASSESMENT\",\"headline\":\"Pre Screeing Safety Assesments\",\"subheadline\":\"By conducting a thorough pre-screening of cosmetic safety, formulators can identify and address potential safety concerns early in the development process before proceeding with extensive testing.\",\"html_tag\":\"h3\",\"align\":\"inherit,;,,;,,;,,;,,;,\",\"dash\":\"none\",\"color_scheme\":\"\",\"color\":\"\",\"supertitle_position\":\"\",\"font\":\"inherit\",\"font_size\":\"\",\"url\":\"\",\"target\":\"_self\",\"responsive\":\"\",\"publish_datetime\":\"\",\"expiry_datetime\":\"\",\"el_id\":\"\",\"el_class\":\"\",\"el_style\":\"\",\"size\":\"normal,;,,;,,;,,;,,;,\",\"font_weight\":\"\",\"supertitle_font_weight\":\"\",\"subtitle_font_weight\":\"\",\"text_transform\":\"\",\"superheadline_text_transform\":\"\",\"subheadline_text_transform\":\"default\",\"animation\":\"no_animation\",\"bb_version\":\"4.6.1\"}\" data-fe-id=\"5\" data-bb-version=\"4.6.1\" data-bt-override-class=\"{\"bt_bb_size_\":{\"current_class\":\"bt_bb_size_normal\",\"xxl\":\"normal\"},\"bt_bb_align_\":{\"current_class\":\"bt_bb_align_inherit\",\"xxl\":\"inherit\"}}\">\n<div class=\"bt_bb_headline_subheadline\">Al realizar una minuciosa comprobaci\u00f3n previa de la seguridad de los cosm\u00e9ticos, nuestros formuladores pueden identificar y abordar los posibles problemas de seguridad en las primeras fases del proceso de desarrollo, antes de proceder a realizar pruebas exhaustivas.<\/div>\n<\/header>\n<div class=\"bt_bb_separator bt_bb_border_style_none bt_bb_bottom_spacing_normal bt_bb_fe_edit\" data-base=\"bt_bb_separator\" data-bt-bb-fe-atts=\"{\"top_spacing\":\"\",\"bottom_spacing\":\"normal\",\"border_style\":\"none\",\"border_width\":\"\",\"responsive\":\"\",\"publish_datetime\":\"\",\"expiry_datetime\":\"\",\"el_id\":\"\",\"el_class\":\"\",\"el_style\":\"\"}\" data-fe-id=\"6\" data-bt-override-class=\"null\"><\/div>\n<div class=\"bt_bb_text bt_bb_fe_edit\" data-base=\"bt_bb_text\" data-bt-bb-fe-atts=\"\"\"\" data-fe-id=\"7\" data-content=\"  This proactive approach not only enhances consumer safety but also streamlines the overall cosmetic product development lifecycle by minimizing the risk of setbacks during regulatory assessments.  \">\n<p>Este enfoque proactivo no s\u00f3lo mejora la seguridad del consumidor, sino que tambi\u00e9n agiliza el ciclo de vida general del desarrollo de productos cosm\u00e9ticos al minimizar el riesgo de contratiempos durante las evaluaciones reglamentarias.<\/p>\n<\/div>\n","protected":false},"excerpt":{"rendered":"<p>Al realizar una minuciosa comprobaci\u00f3n previa de la seguridad de los cosm\u00e9ticos, nuestros formuladores pueden identificar y abordar los posibles problemas de seguridad en las primeras fases del proceso de desarrollo, antes de proceder a realizar pruebas exhaustivas. Este enfoque proactivo no s\u00f3lo mejora la seguridad del consumidor, sino que tambi\u00e9n agiliza el ciclo de&#8230;<\/p>\n","protected":false},"featured_media":6580,"template":"","meta":[],"product_brand":[],"product_cat":[116],"product_tag":[],"class_list":{"0":"post-6854","1":"product","2":"type-product","3":"status-publish","4":"has-post-thumbnail","6":"product_cat-evaluacion-de-la-seguridad-cosmetica","8":"first","9":"instock","10":"virtual","11":"taxable","12":"purchasable","13":"product-type-simple"},"bundled_by":[],"bundle_stock_status":"instock","bundle_stock_quantity":null,"bundle_virtual":false,"bundle_layout":"","bundle_add_to_cart_form_location":"","bundle_editable_in_cart":false,"bundle_sold_individually_context":"","bundle_item_grouping":"","bundle_min_size":"","bundle_max_size":"","bundle_price":[],"bundled_items":[],"bundle_sell_ids":[],"yoast_head":"<!-- This site is optimized with the Yoast SEO Premium plugin v25.4 (Yoast SEO v25.4) - https:\/\/yoast.com\/wordpress\/plugins\/seo\/ -->\n<title>Evaluaci\u00f3n previa de la seguridad - Certified Cosmetics<\/title>\n<meta name=\"robots\" content=\"index, follow, max-snippet:-1, max-image-preview:large, max-video-preview:-1\" \/>\n<link rel=\"canonical\" href=\"https:\/\/www.certifiedcosmetics.com\/es\/product\/evaluacion-de-la-seguridad-cosmetica\/evaluacion-previa-de-la-seguridad\/\" \/>\n<meta property=\"og:locale\" content=\"es_ES\" \/>\n<meta property=\"og:type\" content=\"article\" \/>\n<meta property=\"og:title\" content=\"Evaluaci\u00f3n previa de la seguridad\" \/>\n<meta property=\"og:description\" content=\"Al realizar una minuciosa comprobaci\u00f3n previa de la seguridad de los cosm\u00e9ticos, nuestros formuladores pueden identificar y abordar los posibles problemas de seguridad en las primeras fases del proceso de desarrollo, antes de proceder a realizar pruebas exhaustivas. Este enfoque proactivo no s\u00f3lo mejora la seguridad del consumidor, sino que tambi\u00e9n agiliza el ciclo de...\" \/>\n<meta property=\"og:url\" content=\"https:\/\/www.certifiedcosmetics.com\/es\/product\/evaluacion-de-la-seguridad-cosmetica\/evaluacion-previa-de-la-seguridad\/\" \/>\n<meta property=\"og:site_name\" content=\"Certified Cosmetics\" \/>\n<meta property=\"og:image\" content=\"https:\/\/www.certifiedcosmetics.com\/wp-content\/uploads\/2023\/11\/pif.jpg\" \/>\n\t<meta property=\"og:image:width\" content=\"800\" \/>\n\t<meta property=\"og:image:height\" content=\"800\" \/>\n\t<meta property=\"og:image:type\" content=\"image\/jpeg\" \/>\n<meta name=\"twitter:card\" content=\"summary_large_image\" \/>\n<meta name=\"twitter:label1\" content=\"Precio\" \/>\n\t<meta name=\"twitter:data1\" content=\"&#036;87.71\" \/>\n\t<meta name=\"twitter:label2\" content=\"Disponibilidad\" \/>\n\t<meta name=\"twitter:data2\" content=\"Disponible\" \/>\n<script type=\"application\/ld+json\" class=\"yoast-schema-graph\">{\"@context\":\"https:\/\/schema.org\",\"@graph\":[{\"@type\":\"WebPage\",\"@id\":\"https:\/\/www.certifiedcosmetics.com\/es\/product\/evaluacion-de-la-seguridad-cosmetica\/evaluacion-previa-de-la-seguridad\/\",\"url\":\"https:\/\/www.certifiedcosmetics.com\/es\/product\/evaluacion-de-la-seguridad-cosmetica\/evaluacion-previa-de-la-seguridad\/\",\"name\":\"Evaluaci\u00f3n previa de la seguridad - Certified Cosmetics\",\"isPartOf\":{\"@id\":\"https:\/\/www.certifiedcosmetics.com\/es\/#website\"},\"primaryImageOfPage\":{\"@id\":\"https:\/\/www.certifiedcosmetics.com\/es\/product\/evaluacion-de-la-seguridad-cosmetica\/evaluacion-previa-de-la-seguridad\/#primaryimage\"},\"image\":{\"@id\":\"https:\/\/www.certifiedcosmetics.com\/es\/product\/evaluacion-de-la-seguridad-cosmetica\/evaluacion-previa-de-la-seguridad\/#primaryimage\"},\"thumbnailUrl\":\"https:\/\/www.certifiedcosmetics.com\/wp-content\/uploads\/2023\/11\/pif.jpg\",\"datePublished\":\"2023-12-03T14:56:05+00:00\",\"breadcrumb\":{\"@id\":\"https:\/\/www.certifiedcosmetics.com\/es\/product\/evaluacion-de-la-seguridad-cosmetica\/evaluacion-previa-de-la-seguridad\/#breadcrumb\"},\"inLanguage\":\"es\",\"potentialAction\":[{\"@type\":\"ReadAction\",\"target\":[\"https:\/\/www.certifiedcosmetics.com\/es\/product\/evaluacion-de-la-seguridad-cosmetica\/evaluacion-previa-de-la-seguridad\/\"]}]},{\"@type\":\"ImageObject\",\"inLanguage\":\"es\",\"@id\":\"https:\/\/www.certifiedcosmetics.com\/es\/product\/evaluacion-de-la-seguridad-cosmetica\/evaluacion-previa-de-la-seguridad\/#primaryimage\",\"url\":\"https:\/\/www.certifiedcosmetics.com\/wp-content\/uploads\/2023\/11\/pif.jpg\",\"contentUrl\":\"https:\/\/www.certifiedcosmetics.com\/wp-content\/uploads\/2023\/11\/pif.jpg\",\"width\":800,\"height\":800},{\"@type\":\"BreadcrumbList\",\"@id\":\"https:\/\/www.certifiedcosmetics.com\/es\/product\/evaluacion-de-la-seguridad-cosmetica\/evaluacion-previa-de-la-seguridad\/#breadcrumb\",\"itemListElement\":[{\"@type\":\"ListItem\",\"position\":1,\"name\":\"Home\",\"item\":\"https:\/\/www.certifiedcosmetics.com\/es\/\"},{\"@type\":\"ListItem\",\"position\":2,\"name\":\"Tienda\",\"item\":\"https:\/\/www.certifiedcosmetics.com\/es\/tienda\/\"},{\"@type\":\"ListItem\",\"position\":3,\"name\":\"Evaluaci\u00f3n previa de la seguridad\"}]},{\"@type\":\"WebSite\",\"@id\":\"https:\/\/www.certifiedcosmetics.com\/es\/#website\",\"url\":\"https:\/\/www.certifiedcosmetics.com\/es\/\",\"name\":\"Certified Cosmetics\",\"description\":\"Cosmetic Testing\",\"publisher\":{\"@id\":\"https:\/\/www.certifiedcosmetics.com\/es\/#organization\"},\"potentialAction\":[{\"@type\":\"SearchAction\",\"target\":{\"@type\":\"EntryPoint\",\"urlTemplate\":\"https:\/\/www.certifiedcosmetics.com\/es\/?s={search_term_string}\"},\"query-input\":{\"@type\":\"PropertyValueSpecification\",\"valueRequired\":true,\"valueName\":\"search_term_string\"}}],\"inLanguage\":\"es\"},{\"@type\":\"Organization\",\"@id\":\"https:\/\/www.certifiedcosmetics.com\/es\/#organization\",\"name\":\"Certified Cosmetics\",\"url\":\"https:\/\/www.certifiedcosmetics.com\/es\/\",\"logo\":{\"@type\":\"ImageObject\",\"inLanguage\":\"es\",\"@id\":\"https:\/\/www.certifiedcosmetics.com\/es\/#\/schema\/logo\/image\/\",\"url\":\"https:\/\/www.certifiedcosmetics.com\/wp-content\/uploads\/2024\/12\/logo_certified_cosmetics696.jpg\",\"contentUrl\":\"https:\/\/www.certifiedcosmetics.com\/wp-content\/uploads\/2024\/12\/logo_certified_cosmetics696.jpg\",\"width\":696,\"height\":696,\"caption\":\"Certified Cosmetics\"},\"image\":{\"@id\":\"https:\/\/www.certifiedcosmetics.com\/es\/#\/schema\/logo\/image\/\"},\"description\":\"Your trusted partner for cosmetic product safety reporting. We take care of updating all of your documentation, ensuring your compliance stays current even as regulations evolve. The Cosmetic Product Safety Assessment will give you everything you need to sell specific products to EU consumers.\",\"email\":\"contact@certifiedcosmetics.com\",\"telephone\":\"+31 36 2036384\",\"legalName\":\"Certified Cosmetics\",\"foundingDate\":\"2010-01-01\",\"vatID\":\"NL854189543B01\",\"numberOfEmployees\":{\"@type\":\"QuantitativeValue\",\"minValue\":\"11\",\"maxValue\":\"50\"}}]}<\/script>\n<meta property=\"product:price:amount\" content=\"87.71\" \/>\n<meta property=\"product:price:currency\" content=\"USD\" \/>\n<meta property=\"og:availability\" content=\"instock\" \/>\n<meta property=\"product:availability\" content=\"instock\" \/>\n<meta property=\"product:retailer_item_id\" content=\"CC100117\" \/>\n<meta property=\"product:condition\" content=\"new\" \/>\n<!-- \/ Yoast SEO Premium plugin. -->","yoast_head_json":{"title":"Evaluaci\u00f3n previa de la seguridad - Certified Cosmetics","robots":{"index":"index","follow":"follow","max-snippet":"max-snippet:-1","max-image-preview":"max-image-preview:large","max-video-preview":"max-video-preview:-1"},"canonical":"https:\/\/www.certifiedcosmetics.com\/es\/product\/evaluacion-de-la-seguridad-cosmetica\/evaluacion-previa-de-la-seguridad\/","og_locale":"es_ES","og_type":"article","og_title":"Evaluaci\u00f3n previa de la seguridad","og_description":"Al realizar una minuciosa comprobaci\u00f3n previa de la seguridad de los cosm\u00e9ticos, nuestros formuladores pueden identificar y abordar los posibles problemas de seguridad en las primeras fases del proceso de desarrollo, antes de proceder a realizar pruebas exhaustivas. Este enfoque proactivo no s\u00f3lo mejora la seguridad del consumidor, sino que tambi\u00e9n agiliza el ciclo de...","og_url":"https:\/\/www.certifiedcosmetics.com\/es\/product\/evaluacion-de-la-seguridad-cosmetica\/evaluacion-previa-de-la-seguridad\/","og_site_name":"Certified Cosmetics","og_image":[{"width":800,"height":800,"url":"https:\/\/www.certifiedcosmetics.com\/wp-content\/uploads\/2023\/11\/pif.jpg","type":"image\/jpeg"}],"twitter_card":"summary_large_image","twitter_misc":{"Precio":"&#36;87.71","Disponibilidad":"Disponible"},"schema":{"@context":"https:\/\/schema.org","@graph":[{"@type":"WebPage","@id":"https:\/\/www.certifiedcosmetics.com\/es\/product\/evaluacion-de-la-seguridad-cosmetica\/evaluacion-previa-de-la-seguridad\/","url":"https:\/\/www.certifiedcosmetics.com\/es\/product\/evaluacion-de-la-seguridad-cosmetica\/evaluacion-previa-de-la-seguridad\/","name":"Evaluaci\u00f3n previa de la seguridad - Certified Cosmetics","isPartOf":{"@id":"https:\/\/www.certifiedcosmetics.com\/es\/#website"},"primaryImageOfPage":{"@id":"https:\/\/www.certifiedcosmetics.com\/es\/product\/evaluacion-de-la-seguridad-cosmetica\/evaluacion-previa-de-la-seguridad\/#primaryimage"},"image":{"@id":"https:\/\/www.certifiedcosmetics.com\/es\/product\/evaluacion-de-la-seguridad-cosmetica\/evaluacion-previa-de-la-seguridad\/#primaryimage"},"thumbnailUrl":"https:\/\/www.certifiedcosmetics.com\/wp-content\/uploads\/2023\/11\/pif.jpg","datePublished":"2023-12-03T14:56:05+00:00","breadcrumb":{"@id":"https:\/\/www.certifiedcosmetics.com\/es\/product\/evaluacion-de-la-seguridad-cosmetica\/evaluacion-previa-de-la-seguridad\/#breadcrumb"},"inLanguage":"es","potentialAction":[{"@type":"ReadAction","target":["https:\/\/www.certifiedcosmetics.com\/es\/product\/evaluacion-de-la-seguridad-cosmetica\/evaluacion-previa-de-la-seguridad\/"]}]},{"@type":"ImageObject","inLanguage":"es","@id":"https:\/\/www.certifiedcosmetics.com\/es\/product\/evaluacion-de-la-seguridad-cosmetica\/evaluacion-previa-de-la-seguridad\/#primaryimage","url":"https:\/\/www.certifiedcosmetics.com\/wp-content\/uploads\/2023\/11\/pif.jpg","contentUrl":"https:\/\/www.certifiedcosmetics.com\/wp-content\/uploads\/2023\/11\/pif.jpg","width":800,"height":800},{"@type":"BreadcrumbList","@id":"https:\/\/www.certifiedcosmetics.com\/es\/product\/evaluacion-de-la-seguridad-cosmetica\/evaluacion-previa-de-la-seguridad\/#breadcrumb","itemListElement":[{"@type":"ListItem","position":1,"name":"Home","item":"https:\/\/www.certifiedcosmetics.com\/es\/"},{"@type":"ListItem","position":2,"name":"Tienda","item":"https:\/\/www.certifiedcosmetics.com\/es\/tienda\/"},{"@type":"ListItem","position":3,"name":"Evaluaci\u00f3n previa de la seguridad"}]},{"@type":"WebSite","@id":"https:\/\/www.certifiedcosmetics.com\/es\/#website","url":"https:\/\/www.certifiedcosmetics.com\/es\/","name":"Certified Cosmetics","description":"Cosmetic Testing","publisher":{"@id":"https:\/\/www.certifiedcosmetics.com\/es\/#organization"},"potentialAction":[{"@type":"SearchAction","target":{"@type":"EntryPoint","urlTemplate":"https:\/\/www.certifiedcosmetics.com\/es\/?s={search_term_string}"},"query-input":{"@type":"PropertyValueSpecification","valueRequired":true,"valueName":"search_term_string"}}],"inLanguage":"es"},{"@type":"Organization","@id":"https:\/\/www.certifiedcosmetics.com\/es\/#organization","name":"Certified Cosmetics","url":"https:\/\/www.certifiedcosmetics.com\/es\/","logo":{"@type":"ImageObject","inLanguage":"es","@id":"https:\/\/www.certifiedcosmetics.com\/es\/#\/schema\/logo\/image\/","url":"https:\/\/www.certifiedcosmetics.com\/wp-content\/uploads\/2024\/12\/logo_certified_cosmetics696.jpg","contentUrl":"https:\/\/www.certifiedcosmetics.com\/wp-content\/uploads\/2024\/12\/logo_certified_cosmetics696.jpg","width":696,"height":696,"caption":"Certified Cosmetics"},"image":{"@id":"https:\/\/www.certifiedcosmetics.com\/es\/#\/schema\/logo\/image\/"},"description":"Your trusted partner for cosmetic product safety reporting. We take care of updating all of your documentation, ensuring your compliance stays current even as regulations evolve. The Cosmetic Product Safety Assessment will give you everything you need to sell specific products to EU consumers.","email":"contact@certifiedcosmetics.com","telephone":"+31 36 2036384","legalName":"Certified Cosmetics","foundingDate":"2010-01-01","vatID":"NL854189543B01","numberOfEmployees":{"@type":"QuantitativeValue","minValue":"11","maxValue":"50"}}]},"product_price_amount":"87.71","product_price_currency":"USD","og_availability":"instock","product_availability":"instock","product_retailer_item_id":"CC100117","product_condition":"new"},"_links":{"self":[{"href":"https:\/\/www.certifiedcosmetics.com\/es\/wp-json\/wp\/v2\/product\/6854","targetHints":{"allow":["GET"]}}],"collection":[{"href":"https:\/\/www.certifiedcosmetics.com\/es\/wp-json\/wp\/v2\/product"}],"about":[{"href":"https:\/\/www.certifiedcosmetics.com\/es\/wp-json\/wp\/v2\/types\/product"}],"wp:featuredmedia":[{"embeddable":true,"href":"https:\/\/www.certifiedcosmetics.com\/es\/wp-json\/wp\/v2\/media\/6580"}],"wp:attachment":[{"href":"https:\/\/www.certifiedcosmetics.com\/es\/wp-json\/wp\/v2\/media?parent=6854"}],"wp:term":[{"taxonomy":"product_brand","embeddable":true,"href":"https:\/\/www.certifiedcosmetics.com\/es\/wp-json\/wp\/v2\/product_brand?post=6854"},{"taxonomy":"product_cat","embeddable":true,"href":"https:\/\/www.certifiedcosmetics.com\/es\/wp-json\/wp\/v2\/product_cat?post=6854"},{"taxonomy":"product_tag","embeddable":true,"href":"https:\/\/www.certifiedcosmetics.com\/es\/wp-json\/wp\/v2\/product_tag?post=6854"}],"curies":[{"name":"wp","href":"https:\/\/api.w.org\/{rel}","templated":true}]}}