{"id":17009,"date":"2026-04-24T15:10:14","date_gmt":"2026-04-24T14:10:14","guid":{"rendered":"https:\/\/www.certifiedcosmetics.com\/product\/sin categor\u00eda\/eficacia-de-los-desodorantes-prueba-de-laboratorio-olfativa\/"},"modified":"2026-04-24T15:10:14","modified_gmt":"2026-04-24T14:10:14","slug":"eficacia-de-los-desodorantes-prueba-de-laboratorio-olfativa","status":"publish","type":"product","link":"https:\/\/www.certifiedcosmetics.com\/es\/product\/pruebas-de-eficacia\/eficacia-de-los-desodorantes-prueba-de-laboratorio-olfativa\/","title":{"rendered":"Eficacia de los desodorantes &#8211; Prueba de laboratorio olfativa"},"content":{"rendered":"<p data-start=\"148\" data-end=\"286\">La <strong data-start=\"152\" data-end=\"196\">Prueba de Eficacia de los Desodorantes<\/strong> es una evaluaci\u00f3n sensorial cl\u00ednica dise\u00f1ada para evaluar el rendimiento del control del olor a lo largo del tiempo.<\/p>\n<p data-start=\"288\" data-end=\"445\">Esta prueba proporciona pruebas objetivas de afirmaciones como <strong data-start=\"345\" data-end=\"415\">&#8220;protecci\u00f3n duradera contra el olor&#8221;, &#8220;eficacia desodorante&#8221;<\/strong> y <strong data-start=\"420\" data-end=\"445\">&#8220;control del olor corporal&#8221;.<\/strong><\/p>\n<h2 data-start=\"288\" data-end=\"445\">Prueba de laboratorio de olor a desodorante<\/h2>\n<p data-start=\"288\" data-end=\"445\">La <strong>prueba de olfateo de un desodorante<\/strong> es una evaluaci\u00f3n sensorial controlada que se utiliza para determinar la eficacia con que un desodorante reduce o enmascara el olor corporal a lo largo del tiempo. En esta prueba, los voluntarios se aplican el producto en condiciones estandarizadas, tras lo cual evaluadores formados eval\u00faan la intensidad del olor de la zona axilar en puntos temporales predefinidos (como el punto de partida, 12 horas, 24 horas y 48 horas). El olor se punt\u00faa utilizando una escala estructurada, lo que permite una comparaci\u00f3n objetiva entre las zonas tratadas y las no tratadas o frente a un producto de control. Este m\u00e9todo proporciona datos mensurables sobre la reducci\u00f3n del olor y se utiliza ampliamente para apoyar afirmaciones como &#8220;frescura duradera&#8221; o &#8220;protecci\u00f3n contra el olor durante 24 horas.&#8221;   <\/p>\n<h2 data-section-id=\"13b9l1a\" data-start=\"452\" data-end=\"479\">Objetivo de la prueba<\/h2>\n<p data-start=\"480\" data-end=\"640\">El objetivo de esta prueba es determinar si un producto desodorante reduce o enmascara eficazmente el olor corporal durante un periodo definido en condiciones normales de uso.<\/p>\n<p data-start=\"642\" data-end=\"756\">Es especialmente relevante para las <strong data-start=\"674\" data-end=\"755\">f\u00f3rmulas desodorantes dise\u00f1adas para proporcionar frescor duradero y control del olor<\/strong>.<\/p>\n<h2 data-section-id=\"ccdmmj\" data-start=\"763\" data-end=\"782\">Metodolog\u00eda<\/h2>\n<p data-start=\"783\" data-end=\"902\">El estudio se realiza como una <strong data-start=\"811\" data-end=\"853\">evaluaci\u00f3n sensorial experta <\/strong>combinada con una evaluaci\u00f3n t\u00e9cnica estructurada.<\/p>\n<p data-start=\"904\" data-end=\"938\">Hay dos opciones de prueba disponibles<\/p>\n<ul data-start=\"940\" data-end=\"1364\">\n<li data-section-id=\"1bczuo2\" data-start=\"1068\" data-end=\"1100\"><strong data-start=\"1103\" data-end=\"1126\">Momentos de evaluaci\u00f3n:<\/strong> Definidos seg\u00fan los momentos seleccionados. Con 1 mediremos T0 y un T1 definido (12h, 24h, 48h). Con 2 mediremos 2 momentos. Puedes seleccionar los momentos de medici\u00f3n exactos cuando planifiques tu prueba de laboratorio en nuestro portal.   <\/li>\n<li data-section-id=\"100jwec\" data-start=\"1171\" data-end=\"1225\"><strong data-start=\"1173\" data-end=\"1186\">Duraci\u00f3n:<\/strong> Hasta 48 horas dependiendo del protocolo<\/li>\n<li data-section-id=\"1kip3sg\" data-start=\"1226\" data-end=\"1300\"><strong data-start=\"1228\" data-end=\"1251\">M\u00e9todos de evaluaci\u00f3n:<\/strong> Evaluaci\u00f3n sensorial de los olores y puntuaci\u00f3n estructurada<\/li>\n<li data-section-id=\"1o3spd4\" data-start=\"1301\" data-end=\"1364\"><strong data-start=\"1303\" data-end=\"1334\">N\u00famero de muestras necesarias:<\/strong> 11 muestras de producto acabado<\/li>\n<\/ul>\n<h2 data-section-id=\"b3jcpp\" data-start=\"1371\" data-end=\"1393\">Procedimiento de prueba<\/h2>\n<ol data-start=\"1394\" data-end=\"1982\">\n<li data-section-id=\"1ih1d4p\" data-start=\"1394\" data-end=\"1497\"><strong data-start=\"1397\" data-end=\"1421\">Selecci\u00f3n de voluntarios:<\/strong><br data-start=\"1421\" data-end=\"1424\">Se seleccionan diez participantes representativos de la poblaci\u00f3n destinataria.<\/li>\n<li data-section-id=\"1nf50br\" data-start=\"1499\" data-end=\"1603\"><strong data-start=\"1502\" data-end=\"1531\">Evaluaci\u00f3n inicial (T0):<\/strong><br data-start=\"1531\" data-end=\"1534\">La evaluaci\u00f3n inicial del olor se realiza antes de la aplicaci\u00f3n del producto.<\/li>\n<li data-section-id=\"1egqmry\" data-start=\"1605\" data-end=\"1693\"><strong data-start=\"1608\" data-end=\"1632\">Aplicaci\u00f3n del producto:<\/strong><br data-start=\"1632\" data-end=\"1635\">El desodorante se aplica seg\u00fan su uso previsto.<\/li>\n<li data-section-id=\"11adsnx\" data-start=\"1695\" data-end=\"1767\"><strong data-start=\"1698\" data-end=\"1714\">Periodo de uso:<\/strong><br data-start=\"1714\" data-end=\"1717\">Los participantes realizan sus actividades diarias con normalidad.<\/li>\n<li data-section-id=\"yz016g\" data-start=\"1769\" data-end=\"1878\"><strong data-start=\"1772\" data-end=\"1798\">Evaluaciones de seguimiento:<\/strong><br data-start=\"1798\" data-end=\"1801\">La intensidad del olor se eval\u00faa en puntos temporales seleccionados (p. ej., 12 h, 24 h, 48 h).<\/li>\n<li data-section-id=\"gtu204\" data-start=\"1880\" data-end=\"1982\"><strong data-start=\"1883\" data-end=\"1903\">Comparaci\u00f3n de datos:<\/strong><br data-start=\"1903\" data-end=\"1906\">Los resultados se comparan con la l\u00ednea de base para determinar el rendimiento de la reducci\u00f3n de olores.<\/li>\n<\/ol>\n<h2 data-section-id=\"88tffn\" data-start=\"1989\" data-end=\"2017\">Par\u00e1metros evaluados<\/h2>\n<ul data-start=\"2018\" data-end=\"2228\">\n<li data-section-id=\"jfkios\" data-start=\"2018\" data-end=\"2061\"><strong data-start=\"2020\" data-end=\"2038\">Intensidad del olor<\/strong> &#8211; evaluaci\u00f3n sensorial<\/li>\n<li data-section-id=\"14ib34y\" data-start=\"2062\" data-end=\"2092\"><strong data-start=\"2064\" data-end=\"2090\">Control del olor a lo largo del tiempo<\/strong><\/li>\n<li data-section-id=\"rm15pm\" data-start=\"2093\" data-end=\"2142\"><strong data-start=\"2095\" data-end=\"2140\">Porcentaje de reducci\u00f3n respecto a la base de referencia<\/strong><\/li>\n<li data-section-id=\"dw5out\" data-start=\"2143\" data-end=\"2186\"><strong data-start=\"2145\" data-end=\"2184\">Duraci\u00f3n de la eficacia del desodorante<\/strong><\/li>\n<li data-section-id=\"ejk68s\" data-start=\"2187\" data-end=\"2228\"><strong data-start=\"2189\" data-end=\"2226\">Puntuaci\u00f3n global del rendimiento del producto<\/strong><\/li>\n<\/ul>\n<h2 data-section-id=\"1ab56ek\" data-start=\"2235\" data-end=\"2262\">Muestra de requisitos<\/h2>\n<ul data-start=\"2263\" data-end=\"2430\">\n<li data-section-id=\"6paz2d\" data-start=\"2263\" data-end=\"2308\"><strong data-start=\"2265\" data-end=\"2278\">Cantidad:<\/strong> 11 muestras de producto acabado<\/li>\n<li data-section-id=\"16ntwl6\" data-start=\"2309\" data-end=\"2362\"><strong data-start=\"2311\" data-end=\"2325\">Estado:<\/strong> Sin abrir, estable y listo para usar<\/li>\n<li data-section-id=\"95mi9d\" data-start=\"2363\" data-end=\"2430\"><strong data-start=\"2365\" data-end=\"2383\">Tipos de productos:<\/strong> Productos desodorantes destinados a controlar el olor<\/li>\n<\/ul>\n<h2 data-section-id=\"fwrj78\" data-start=\"2437\" data-end=\"2464\">Resultados e informes<\/h2>\n<p data-start=\"2465\" data-end=\"2496\">El informe del laboratorio incluye:<\/p>\n<ul data-start=\"2498\" data-end=\"2750\">\n<li data-section-id=\"yyk81j\" data-start=\"2498\" data-end=\"2560\">Puntuaci\u00f3n estructurada de la intensidad del olor<\/li>\n<li data-section-id=\"nmnmu\" data-start=\"2602\" data-end=\"2657\">C\u00e1lculo del porcentaje de reducci\u00f3n respecto al valor de referencia<\/li>\n<li data-section-id=\"1e99v8i\" data-start=\"2658\" data-end=\"2701\">An\u00e1lisis comparativo entre puntos temporales<\/li>\n<li data-section-id=\"m30j6w\" data-start=\"2702\" data-end=\"2750\">Interpretaci\u00f3n que confirma la eficacia del desodorante<\/li>\n<\/ul>\n<h2 data-section-id=\"f5xhug\" data-start=\"2757\" data-end=\"2786\">Por qu\u00e9 es importante esta prueba<\/h2>\n<p data-start=\"2787\" data-end=\"2927\">El <strong data-start=\"2791\" data-end=\"2835\">Test de Eficacia de los Desodorantes<\/strong> proporciona pruebas fiables y reales de lo bien que un producto controla el olor corporal a lo largo del tiempo.<\/p>\n<p data-start=\"2929\" data-end=\"2956\">Apoya afirmaciones como:<\/p>\n<ul data-start=\"2957\" data-end=\"3079\">\n<li data-section-id=\"vtdi9d\" data-start=\"2957\" data-end=\"2995\">&#8220;<strong data-start=\"2960\" data-end=\"2992\">Protecci\u00f3n duradera contra los olores<\/strong>&#8220;<\/li>\n<li data-section-id=\"1jvrbvk\" data-start=\"2996\" data-end=\"3042\">&#8220;<strong data-start=\"2999\" data-end=\"3039\">Control eficaz del olor hasta X horas<\/strong>&#8220;<\/li>\n<li data-section-id=\"1phupuq\" data-start=\"3043\" data-end=\"3079\">&#8220;<strong data-start=\"3046\" data-end=\"3076\">Proporciona un frescor duradero<\/strong>&#8220;<\/li>\n<\/ul>\n<p data-start=\"3081\" data-end=\"3265\">Esta prueba es esencial para la <strong data-start=\"3108\" data-end=\"3183\">fundamentaci\u00f3n del producto, la validaci\u00f3n del rendimiento y la confianza del consumidor<\/strong>, garantizando que las f\u00f3rmulas desodorantes ofrezcan resultados medibles y perceptibles.<\/p>\n<h2 data-section-id=\"6cxf9g\" data-start=\"3272\" data-end=\"3299\">C\u00f3mo funciona el proceso<\/h2>\n<p data-start=\"3301\" data-end=\"3403\"><strong data-start=\"3301\" data-end=\"3327\">1. Pide tu prueba de laboratorio<\/strong><br data-start=\"3327\" data-end=\"3330\">Selecciona el paquete adecuado y completa tu compra en nuestro sitio web.<\/p>\n<p data-start=\"3405\" data-end=\"3502\"><strong data-start=\"3405\" data-end=\"3433\">2. Recibe acceso seguro<\/strong><br data-start=\"3433\" data-end=\"3436\">Tras la compra, recibir\u00e1s los datos de acceso a nuestro portal seguro.<\/p>\n<p data-start=\"3504\" data-end=\"3602\"><strong data-start=\"3504\" data-end=\"3535\">3. Rellena el formulario de admisi\u00f3n<\/strong><br data-start=\"3535\" data-end=\"3538\">Proporciona los detalles de tu producto y sube la documentaci\u00f3n disponible.<\/p>\n<p data-start=\"3604\" data-end=\"3807\"><strong data-start=\"3604\" data-end=\"3631\">4. Env\u00edanos tus muestras<\/strong><br data-start=\"3631\" data-end=\"3634\">Te orientaremos sobre qu\u00e9 debes enviar exactamente a nuestro laboratorio. La cantidad y el n\u00famero de muestras dependen de varios factores. El n\u00famero exacto de muestras se comunicar\u00e1 a trav\u00e9s del portal.  <\/p>\n<p data-start=\"3809\" data-end=\"3852\"><strong data-start=\"3809\" data-end=\"3827\">5. Pruebas<\/strong> de laboratorio<br data-start=\"3827\" data-end=\"3830\">Comenzamos las pruebas de laboratorio.<\/p>\n<p data-start=\"3854\" data-end=\"3967\"><strong data-start=\"3854\" data-end=\"3881\">6. Recibe tus resultados<\/strong><br data-start=\"3881\" data-end=\"3884\">Nuestro evaluador de seguridad prepara los resultados de las pruebas de laboratorio y los proporciona a trav\u00e9s del portal.<\/p>\n","protected":false},"excerpt":{"rendered":"<p>La Prueba de Eficacia de los Desodorantes es una evaluaci\u00f3n sensorial cl\u00ednica dise\u00f1ada para evaluar el rendimiento del control del olor a lo largo del tiempo. Esta prueba proporciona pruebas objetivas de afirmaciones como &#8220;protecci\u00f3n duradera contra el olor&#8221;, &#8220;eficacia desodorante&#8221; y &#8220;control del olor corporal&#8221;. Prueba de laboratorio de olor a desodorante La prueba&#8230;<\/p>\n","protected":false},"featured_media":16764,"template":"","meta":[],"product_brand":[],"product_cat":[147,135],"product_tag":[],"class_list":{"0":"post-17009","1":"product","2":"type-product","3":"status-publish","4":"has-post-thumbnail","6":"product_cat-pruebas-cutaneas","7":"product_cat-pruebas-de-eficacia","9":"first","10":"instock","11":"taxable","12":"shipping-taxable","13":"purchasable","14":"product-type-variable","15":"has-default-attributes"},"bundled_by":[],"bundle_stock_status":"instock","bundle_stock_quantity":null,"bundle_virtual":false,"bundle_layout":"","bundle_add_to_cart_form_location":"","bundle_editable_in_cart":false,"bundle_sold_individually_context":"","bundle_item_grouping":"","bundle_min_size":"","bundle_max_size":"","bundle_price":[],"bundled_items":[],"bundle_sell_ids":[],"yoast_head":"<!-- This site is optimized with the Yoast SEO Premium plugin v25.4 (Yoast SEO v25.4) - https:\/\/yoast.com\/wordpress\/plugins\/seo\/ -->\n<title>Eficacia de los desodorantes - Prueba de laboratorio olfativa - Certified Cosmetics<\/title>\n<meta name=\"description\" content=\"Prueba olfativa que eval\u00faa la eficacia del desodorante mediante una evaluaci\u00f3n sensorial para cuantificar la reducci\u00f3n del olor y respaldar las afirmaciones de frescor duradero hasta 48 horas.\" \/>\n<meta name=\"robots\" content=\"index, follow, max-snippet:-1, max-image-preview:large, max-video-preview:-1\" \/>\n<link rel=\"canonical\" href=\"https:\/\/www.certifiedcosmetics.com\/es\/product\/pruebas-de-eficacia\/eficacia-de-los-desodorantes-prueba-de-laboratorio-olfativa\/\" \/>\n<meta property=\"og:locale\" content=\"es_ES\" \/>\n<meta property=\"og:type\" content=\"article\" \/>\n<meta property=\"og:title\" content=\"Eficacia de los desodorantes - Prueba de laboratorio olfativa\" \/>\n<meta property=\"og:description\" content=\"Prueba olfativa que eval\u00faa la eficacia del desodorante mediante una evaluaci\u00f3n sensorial para cuantificar la reducci\u00f3n del olor y respaldar las afirmaciones de frescor duradero hasta 48 horas.\" \/>\n<meta property=\"og:url\" content=\"https:\/\/www.certifiedcosmetics.com\/es\/product\/pruebas-de-eficacia\/eficacia-de-los-desodorantes-prueba-de-laboratorio-olfativa\/\" \/>\n<meta property=\"og:site_name\" content=\"Certified Cosmetics\" \/>\n<meta property=\"og:image\" content=\"https:\/\/www.certifiedcosmetics.com\/wp-content\/uploads\/2026\/04\/deodorant_effectiveness.jpg\" \/>\n\t<meta property=\"og:image:width\" content=\"800\" \/>\n\t<meta property=\"og:image:height\" content=\"800\" \/>\n\t<meta property=\"og:image:type\" content=\"image\/jpeg\" \/>\n<meta name=\"twitter:card\" content=\"summary_large_image\" \/>\n<meta name=\"twitter:label1\" content=\"Disponibilidad\" \/>\n\t<meta name=\"twitter:data1\" content=\"Disponible\" \/>\n<script type=\"application\/ld+json\" class=\"yoast-schema-graph\">{\"@context\":\"https:\/\/schema.org\",\"@graph\":[{\"@type\":\"WebPage\",\"@id\":\"https:\/\/www.certifiedcosmetics.com\/es\/product\/pruebas-de-eficacia\/eficacia-de-los-desodorantes-prueba-de-laboratorio-olfativa\/\",\"url\":\"https:\/\/www.certifiedcosmetics.com\/es\/product\/pruebas-de-eficacia\/eficacia-de-los-desodorantes-prueba-de-laboratorio-olfativa\/\",\"name\":\"Eficacia de los desodorantes - Prueba de laboratorio olfativa - Certified Cosmetics\",\"isPartOf\":{\"@id\":\"https:\/\/www.certifiedcosmetics.com\/es\/#website\"},\"primaryImageOfPage\":{\"@id\":\"https:\/\/www.certifiedcosmetics.com\/es\/product\/pruebas-de-eficacia\/eficacia-de-los-desodorantes-prueba-de-laboratorio-olfativa\/#primaryimage\"},\"image\":{\"@id\":\"https:\/\/www.certifiedcosmetics.com\/es\/product\/pruebas-de-eficacia\/eficacia-de-los-desodorantes-prueba-de-laboratorio-olfativa\/#primaryimage\"},\"thumbnailUrl\":\"https:\/\/www.certifiedcosmetics.com\/wp-content\/uploads\/2026\/04\/deodorant_effectiveness.jpg\",\"datePublished\":\"2026-04-24T14:10:14+00:00\",\"description\":\"Prueba olfativa que eval\u00faa la eficacia del desodorante mediante una evaluaci\u00f3n sensorial para cuantificar la reducci\u00f3n del olor y respaldar las afirmaciones de frescor duradero hasta 48 horas.\",\"breadcrumb\":{\"@id\":\"https:\/\/www.certifiedcosmetics.com\/es\/product\/pruebas-de-eficacia\/eficacia-de-los-desodorantes-prueba-de-laboratorio-olfativa\/#breadcrumb\"},\"inLanguage\":\"es\",\"potentialAction\":[{\"@type\":\"ReadAction\",\"target\":[\"https:\/\/www.certifiedcosmetics.com\/es\/product\/pruebas-de-eficacia\/eficacia-de-los-desodorantes-prueba-de-laboratorio-olfativa\/\"]}]},{\"@type\":\"ImageObject\",\"inLanguage\":\"es\",\"@id\":\"https:\/\/www.certifiedcosmetics.com\/es\/product\/pruebas-de-eficacia\/eficacia-de-los-desodorantes-prueba-de-laboratorio-olfativa\/#primaryimage\",\"url\":\"https:\/\/www.certifiedcosmetics.com\/wp-content\/uploads\/2026\/04\/deodorant_effectiveness.jpg\",\"contentUrl\":\"https:\/\/www.certifiedcosmetics.com\/wp-content\/uploads\/2026\/04\/deodorant_effectiveness.jpg\",\"width\":800,\"height\":800},{\"@type\":\"BreadcrumbList\",\"@id\":\"https:\/\/www.certifiedcosmetics.com\/es\/product\/pruebas-de-eficacia\/eficacia-de-los-desodorantes-prueba-de-laboratorio-olfativa\/#breadcrumb\",\"itemListElement\":[{\"@type\":\"ListItem\",\"position\":1,\"name\":\"Home\",\"item\":\"https:\/\/www.certifiedcosmetics.com\/es\/\"},{\"@type\":\"ListItem\",\"position\":2,\"name\":\"Tienda\",\"item\":\"https:\/\/www.certifiedcosmetics.com\/es\/tienda\/\"},{\"@type\":\"ListItem\",\"position\":3,\"name\":\"Eficacia de los desodorantes &#8211; Prueba de laboratorio olfativa\"}]},{\"@type\":\"WebSite\",\"@id\":\"https:\/\/www.certifiedcosmetics.com\/es\/#website\",\"url\":\"https:\/\/www.certifiedcosmetics.com\/es\/\",\"name\":\"Certified Cosmetics\",\"description\":\"Cosmetic Testing\",\"publisher\":{\"@id\":\"https:\/\/www.certifiedcosmetics.com\/es\/#organization\"},\"potentialAction\":[{\"@type\":\"SearchAction\",\"target\":{\"@type\":\"EntryPoint\",\"urlTemplate\":\"https:\/\/www.certifiedcosmetics.com\/es\/?s={search_term_string}\"},\"query-input\":{\"@type\":\"PropertyValueSpecification\",\"valueRequired\":true,\"valueName\":\"search_term_string\"}}],\"inLanguage\":\"es\"},{\"@type\":\"Organization\",\"@id\":\"https:\/\/www.certifiedcosmetics.com\/es\/#organization\",\"name\":\"Certified Cosmetics\",\"url\":\"https:\/\/www.certifiedcosmetics.com\/es\/\",\"logo\":{\"@type\":\"ImageObject\",\"inLanguage\":\"es\",\"@id\":\"https:\/\/www.certifiedcosmetics.com\/es\/#\/schema\/logo\/image\/\",\"url\":\"https:\/\/www.certifiedcosmetics.com\/wp-content\/uploads\/2024\/12\/logo_certified_cosmetics696.jpg\",\"contentUrl\":\"https:\/\/www.certifiedcosmetics.com\/wp-content\/uploads\/2024\/12\/logo_certified_cosmetics696.jpg\",\"width\":696,\"height\":696,\"caption\":\"Certified Cosmetics\"},\"image\":{\"@id\":\"https:\/\/www.certifiedcosmetics.com\/es\/#\/schema\/logo\/image\/\"},\"description\":\"Your trusted partner for cosmetic product safety reporting. We take care of updating all of your documentation, ensuring your compliance stays current even as regulations evolve. The Cosmetic Product Safety Assessment will give you everything you need to sell specific products to EU consumers.\",\"email\":\"contact@certifiedcosmetics.com\",\"telephone\":\"+31 36 2036384\",\"legalName\":\"Certified Cosmetics\",\"foundingDate\":\"2010-01-01\",\"vatID\":\"NL854189543B01\",\"numberOfEmployees\":{\"@type\":\"QuantitativeValue\",\"minValue\":\"11\",\"maxValue\":\"50\"}}]}<\/script>\n<meta property=\"og:availability\" content=\"instock\" \/>\n<meta property=\"product:availability\" content=\"instock\" \/>\n<meta property=\"product:condition\" content=\"new\" \/>\n<!-- \/ Yoast SEO Premium plugin. -->","yoast_head_json":{"title":"Eficacia de los desodorantes - Prueba de laboratorio olfativa - Certified Cosmetics","description":"Prueba olfativa que eval\u00faa la eficacia del desodorante mediante una evaluaci\u00f3n sensorial para cuantificar la reducci\u00f3n del olor y respaldar las afirmaciones de frescor duradero hasta 48 horas.","robots":{"index":"index","follow":"follow","max-snippet":"max-snippet:-1","max-image-preview":"max-image-preview:large","max-video-preview":"max-video-preview:-1"},"canonical":"https:\/\/www.certifiedcosmetics.com\/es\/product\/pruebas-de-eficacia\/eficacia-de-los-desodorantes-prueba-de-laboratorio-olfativa\/","og_locale":"es_ES","og_type":"article","og_title":"Eficacia de los desodorantes - Prueba de laboratorio olfativa","og_description":"Prueba olfativa que eval\u00faa la eficacia del desodorante mediante una evaluaci\u00f3n sensorial para cuantificar la reducci\u00f3n del olor y respaldar las afirmaciones de frescor duradero hasta 48 horas.","og_url":"https:\/\/www.certifiedcosmetics.com\/es\/product\/pruebas-de-eficacia\/eficacia-de-los-desodorantes-prueba-de-laboratorio-olfativa\/","og_site_name":"Certified Cosmetics","og_image":[{"width":800,"height":800,"url":"https:\/\/www.certifiedcosmetics.com\/wp-content\/uploads\/2026\/04\/deodorant_effectiveness.jpg","type":"image\/jpeg"}],"twitter_card":"summary_large_image","twitter_misc":{"Disponibilidad":"Disponible"},"schema":{"@context":"https:\/\/schema.org","@graph":[{"@type":"WebPage","@id":"https:\/\/www.certifiedcosmetics.com\/es\/product\/pruebas-de-eficacia\/eficacia-de-los-desodorantes-prueba-de-laboratorio-olfativa\/","url":"https:\/\/www.certifiedcosmetics.com\/es\/product\/pruebas-de-eficacia\/eficacia-de-los-desodorantes-prueba-de-laboratorio-olfativa\/","name":"Eficacia de los desodorantes - Prueba de laboratorio olfativa - Certified Cosmetics","isPartOf":{"@id":"https:\/\/www.certifiedcosmetics.com\/es\/#website"},"primaryImageOfPage":{"@id":"https:\/\/www.certifiedcosmetics.com\/es\/product\/pruebas-de-eficacia\/eficacia-de-los-desodorantes-prueba-de-laboratorio-olfativa\/#primaryimage"},"image":{"@id":"https:\/\/www.certifiedcosmetics.com\/es\/product\/pruebas-de-eficacia\/eficacia-de-los-desodorantes-prueba-de-laboratorio-olfativa\/#primaryimage"},"thumbnailUrl":"https:\/\/www.certifiedcosmetics.com\/wp-content\/uploads\/2026\/04\/deodorant_effectiveness.jpg","datePublished":"2026-04-24T14:10:14+00:00","description":"Prueba olfativa que eval\u00faa la eficacia del desodorante mediante una evaluaci\u00f3n sensorial para cuantificar la reducci\u00f3n del olor y respaldar las afirmaciones de frescor duradero hasta 48 horas.","breadcrumb":{"@id":"https:\/\/www.certifiedcosmetics.com\/es\/product\/pruebas-de-eficacia\/eficacia-de-los-desodorantes-prueba-de-laboratorio-olfativa\/#breadcrumb"},"inLanguage":"es","potentialAction":[{"@type":"ReadAction","target":["https:\/\/www.certifiedcosmetics.com\/es\/product\/pruebas-de-eficacia\/eficacia-de-los-desodorantes-prueba-de-laboratorio-olfativa\/"]}]},{"@type":"ImageObject","inLanguage":"es","@id":"https:\/\/www.certifiedcosmetics.com\/es\/product\/pruebas-de-eficacia\/eficacia-de-los-desodorantes-prueba-de-laboratorio-olfativa\/#primaryimage","url":"https:\/\/www.certifiedcosmetics.com\/wp-content\/uploads\/2026\/04\/deodorant_effectiveness.jpg","contentUrl":"https:\/\/www.certifiedcosmetics.com\/wp-content\/uploads\/2026\/04\/deodorant_effectiveness.jpg","width":800,"height":800},{"@type":"BreadcrumbList","@id":"https:\/\/www.certifiedcosmetics.com\/es\/product\/pruebas-de-eficacia\/eficacia-de-los-desodorantes-prueba-de-laboratorio-olfativa\/#breadcrumb","itemListElement":[{"@type":"ListItem","position":1,"name":"Home","item":"https:\/\/www.certifiedcosmetics.com\/es\/"},{"@type":"ListItem","position":2,"name":"Tienda","item":"https:\/\/www.certifiedcosmetics.com\/es\/tienda\/"},{"@type":"ListItem","position":3,"name":"Eficacia de los desodorantes &#8211; Prueba de laboratorio olfativa"}]},{"@type":"WebSite","@id":"https:\/\/www.certifiedcosmetics.com\/es\/#website","url":"https:\/\/www.certifiedcosmetics.com\/es\/","name":"Certified Cosmetics","description":"Cosmetic Testing","publisher":{"@id":"https:\/\/www.certifiedcosmetics.com\/es\/#organization"},"potentialAction":[{"@type":"SearchAction","target":{"@type":"EntryPoint","urlTemplate":"https:\/\/www.certifiedcosmetics.com\/es\/?s={search_term_string}"},"query-input":{"@type":"PropertyValueSpecification","valueRequired":true,"valueName":"search_term_string"}}],"inLanguage":"es"},{"@type":"Organization","@id":"https:\/\/www.certifiedcosmetics.com\/es\/#organization","name":"Certified Cosmetics","url":"https:\/\/www.certifiedcosmetics.com\/es\/","logo":{"@type":"ImageObject","inLanguage":"es","@id":"https:\/\/www.certifiedcosmetics.com\/es\/#\/schema\/logo\/image\/","url":"https:\/\/www.certifiedcosmetics.com\/wp-content\/uploads\/2024\/12\/logo_certified_cosmetics696.jpg","contentUrl":"https:\/\/www.certifiedcosmetics.com\/wp-content\/uploads\/2024\/12\/logo_certified_cosmetics696.jpg","width":696,"height":696,"caption":"Certified Cosmetics"},"image":{"@id":"https:\/\/www.certifiedcosmetics.com\/es\/#\/schema\/logo\/image\/"},"description":"Your trusted partner for cosmetic product safety reporting. We take care of updating all of your documentation, ensuring your compliance stays current even as regulations evolve. The Cosmetic Product Safety Assessment will give you everything you need to sell specific products to EU consumers.","email":"contact@certifiedcosmetics.com","telephone":"+31 36 2036384","legalName":"Certified Cosmetics","foundingDate":"2010-01-01","vatID":"NL854189543B01","numberOfEmployees":{"@type":"QuantitativeValue","minValue":"11","maxValue":"50"}}]},"og_availability":"instock","product_availability":"instock","product_condition":"new"},"_links":{"self":[{"href":"https:\/\/www.certifiedcosmetics.com\/es\/wp-json\/wp\/v2\/product\/17009","targetHints":{"allow":["GET"]}}],"collection":[{"href":"https:\/\/www.certifiedcosmetics.com\/es\/wp-json\/wp\/v2\/product"}],"about":[{"href":"https:\/\/www.certifiedcosmetics.com\/es\/wp-json\/wp\/v2\/types\/product"}],"wp:featuredmedia":[{"embeddable":true,"href":"https:\/\/www.certifiedcosmetics.com\/es\/wp-json\/wp\/v2\/media\/16764"}],"wp:attachment":[{"href":"https:\/\/www.certifiedcosmetics.com\/es\/wp-json\/wp\/v2\/media?parent=17009"}],"wp:term":[{"taxonomy":"product_brand","embeddable":true,"href":"https:\/\/www.certifiedcosmetics.com\/es\/wp-json\/wp\/v2\/product_brand?post=17009"},{"taxonomy":"product_cat","embeddable":true,"href":"https:\/\/www.certifiedcosmetics.com\/es\/wp-json\/wp\/v2\/product_cat?post=17009"},{"taxonomy":"product_tag","embeddable":true,"href":"https:\/\/www.certifiedcosmetics.com\/es\/wp-json\/wp\/v2\/product_tag?post=17009"}],"curies":[{"name":"wp","href":"https:\/\/api.w.org\/{rel}","templated":true}]}}