{"id":17005,"date":"2026-04-24T09:28:19","date_gmt":"2026-04-24T08:28:19","guid":{"rendered":"https:\/\/www.certifiedcosmetics.com\/product\/sin categor\u00eda\/eficacia-antitranspirante-tewameter\/"},"modified":"2026-04-24T09:28:19","modified_gmt":"2026-04-24T08:28:19","slug":"eficacia-antitranspirante-tewameter","status":"publish","type":"product","link":"https:\/\/www.certifiedcosmetics.com\/es\/product\/pruebas-de-eficacia\/eficacia-antitranspirante-tewameter\/","title":{"rendered":"Eficacia antitranspirante &#8211; Tewameter"},"content":{"rendered":"<p data-start=\"171\" data-end=\"334\">La prueba <strong data-start=\"175\" data-end=\"214\">Eficacia antitranspirante &#8211; Tewameter<\/strong> es una evaluaci\u00f3n instrumental dise\u00f1ada para medir la reducci\u00f3n de la sudoraci\u00f3n mediante la evaluaci\u00f3n de la p\u00e9rdida de agua transepid\u00e9rmica (TEWL).<\/p>\n<p data-start=\"336\" data-end=\"493\">Esta prueba proporciona pruebas objetivas y cuantitativas de afirmaciones como <strong data-start=\"407\" data-end=\"458\">&#8220;reduce la transpiraci\u00f3n&#8221;, &#8220;sequedad duradera&#8221;<\/strong> y <strong data-start=\"463\" data-end=\"493\">&#8220;eficacia antitranspirante&#8221;.<\/strong><\/p>\n<h2 data-section-id=\"13b9l1a\" data-start=\"500\" data-end=\"527\">Objetivo de la prueba<\/h2>\n<p data-start=\"528\" data-end=\"690\">El objetivo de esta prueba es determinar si un producto reduce eficazmente la producci\u00f3n de sudor a lo largo del tiempo, midiendo los cambios en la p\u00e9rdida de agua de la superficie de la piel.<\/p>\n<p data-start=\"692\" data-end=\"827\">Es especialmente relevante para los <strong data-start=\"724\" data-end=\"826\">productos antitranspirantes y las f\u00f3rmulas dise\u00f1adas para controlar la transpiraci\u00f3n y mejorar el confort de la piel<\/strong>.<\/p>\n<h2 data-section-id=\"ccdmmj\" data-start=\"834\" data-end=\"853\">Metodolog\u00eda<\/h2>\n<p data-start=\"854\" data-end=\"1010\">El estudio se realiza como <strong data-start=\"883\" data-end=\"904\">prueba instrumental<\/strong> utilizando un <strong data-start=\"913\" data-end=\"926\">Tewameter<\/strong>, que mide la p\u00e9rdida transepid\u00e9rmica de agua (TEWL) como indicador de la producci\u00f3n de sudor.<\/p>\n<ul data-start=\"1012\" data-end=\"1327\">\n<li data-section-id=\"1bczuo2\" data-start=\"1012\" data-end=\"1044\"><strong data-start=\"1014\" data-end=\"1039\">N\u00famero de voluntarios: 5 \u00f3<\/strong> 10<\/li>\n<li data-section-id=\"118vjuh\" data-start=\"1045\" data-end=\"1141\"><strong data-start=\"1047\" data-end=\"1070\">Puntos de medici\u00f3n:<\/strong> L\u00ednea de base (T0) y puntos temporales posteriores a la aplicaci\u00f3n (por ejemplo, 12h, 24h, 48h)<\/li>\n<li data-section-id=\"1ylw8yb\" data-start=\"1142\" data-end=\"1193\"><strong data-start=\"1196\" data-end=\"1225\">Condiciones ambientales:<\/strong> Temperatura y humedad controladas<\/li>\n<li data-section-id=\"1o3spd4\" data-start=\"1264\" data-end=\"1327\"><strong data-start=\"1266\" data-end=\"1297\">N\u00famero de muestras necesarias:<\/strong> 11 muestras de producto acabado<\/li>\n<\/ul>\n<h2 data-section-id=\"b3jcpp\" data-start=\"1334\" data-end=\"1356\">Procedimiento de prueba<\/h2>\n<ol data-start=\"1357\" data-end=\"1896\">\n<li data-section-id=\"1ih1d4p\" data-start=\"1357\" data-end=\"1460\"><strong data-start=\"1360\" data-end=\"1384\">Selecci\u00f3n de voluntarios:<\/strong><br data-start=\"1384\" data-end=\"1387\">Se seleccionan diez participantes representativos de la poblaci\u00f3n destinataria.<\/li>\n<li data-section-id=\"lzkq28\" data-start=\"1462\" data-end=\"1567\"><strong data-start=\"1465\" data-end=\"1495\">Medici\u00f3n de referencia (T0):<\/strong><br data-start=\"1495\" data-end=\"1498\">La TEWL se mide antes de la aplicaci\u00f3n del producto utilizando el Tewameter.<\/li>\n<li data-section-id=\"1e0fv6n\" data-start=\"1569\" data-end=\"1660\"><strong data-start=\"1572\" data-end=\"1596\">Aplicaci\u00f3n del producto:<\/strong><br data-start=\"1596\" data-end=\"1599\">El producto de ensayo se aplica de acuerdo con su uso previsto.<\/li>\n<li data-section-id=\"82o7oc\" data-start=\"1662\" data-end=\"1790\"><strong data-start=\"1665\" data-end=\"1699\">Mediciones posteriores a la aplicaci\u00f3n:<\/strong><br data-start=\"1699\" data-end=\"1702\">La TEWL se mide en puntos temporales seleccionados (12h, 24h, 48h) para evaluar los cambios a lo largo del tiempo.<\/li>\n<li data-section-id=\"iyrn0b\" data-start=\"1792\" data-end=\"1896\"><strong data-start=\"1795\" data-end=\"1815\">Comparaci\u00f3n de datos:<\/strong><br data-start=\"1815\" data-end=\"1818\">Los resultados se comparan con la l\u00ednea de base para determinar el nivel de reducci\u00f3n del sudor.<\/li>\n<\/ol>\n<h2 data-section-id=\"88tffn\" data-start=\"1903\" data-end=\"1931\">Par\u00e1metros evaluados<\/h2>\n<ul data-start=\"1932\" data-end=\"2171\">\n<li data-section-id=\"2gl33n\" data-start=\"1932\" data-end=\"1999\"><strong data-start=\"1934\" data-end=\"1970\">P\u00e9rdida transepid\u00e9rmica de agua (TEWL)<\/strong> &#8211; medici\u00f3n cuantitativa<\/li>\n<li data-section-id=\"q0wgxq\" data-start=\"2000\" data-end=\"2033\"><strong data-start=\"2002\" data-end=\"2031\">Reducci\u00f3n del sudor con el tiempo<\/strong><\/li>\n<li data-section-id=\"rm15pm\" data-start=\"2034\" data-end=\"2083\"><strong data-start=\"2036\" data-end=\"2081\">Porcentaje de reducci\u00f3n respecto a la base de referencia<\/strong><\/li>\n<li data-section-id=\"1gvleps\" data-start=\"2084\" data-end=\"2120\"><strong data-start=\"2086\" data-end=\"2118\">Duraci\u00f3n de la eficacia del producto<\/strong><\/li>\n<li data-section-id=\"m2kojk\" data-start=\"2121\" data-end=\"2171\"><strong data-start=\"2123\" data-end=\"2169\">Confirmaci\u00f3n de la eficacia antitranspirante<\/strong><\/li>\n<\/ul>\n<h2 data-section-id=\"1ab56ek\" data-start=\"2178\" data-end=\"2205\">Muestra de requisitos<\/h2>\n<ul data-start=\"2206\" data-end=\"2383\">\n<li data-section-id=\"6paz2d\" data-start=\"2206\" data-end=\"2251\"><strong data-start=\"2208\" data-end=\"2221\">Cantidad:<\/strong> 11 muestras de producto acabado<\/li>\n<li data-section-id=\"16ntwl6\" data-start=\"2252\" data-end=\"2305\"><strong data-start=\"2254\" data-end=\"2268\">Estado:<\/strong> Sin abrir, estable y listo para usar<\/li>\n<li data-section-id=\"vh4z0o\" data-start=\"2306\" data-end=\"2383\"><strong data-start=\"2308\" data-end=\"2326\">Tipos de productos:<\/strong> F\u00f3rmulas antitranspirantes y productos para el control del sudor<\/li>\n<\/ul>\n<h2 data-section-id=\"fwrj78\" data-start=\"2390\" data-end=\"2417\">Resultados e informes<\/h2>\n<p data-start=\"2418\" data-end=\"2449\">El informe del laboratorio incluye:<\/p>\n<ul data-start=\"2451\" data-end=\"2705\">\n<li data-section-id=\"znm32q\" data-start=\"2451\" data-end=\"2521\">C\u00e1lculo del porcentaje de reducci\u00f3n respecto al valor de referencia<\/li>\n<li data-section-id=\"1f0l6jw\" data-start=\"2624\" data-end=\"2658\">An\u00e1lisis comparativo en el tiempo<\/li>\n<li data-section-id=\"auy6bz\" data-start=\"2659\" data-end=\"2705\">Interpretaci\u00f3n que confirma la eficacia del producto<\/li>\n<\/ul>\n<h2 data-section-id=\"f5xhug\" data-start=\"2712\" data-end=\"2741\">Por qu\u00e9 es importante esta prueba<\/h2>\n<p data-start=\"2742\" data-end=\"2897\">La prueba de <strong data-start=\"2746\" data-end=\"2785\">Eficacia Antitranspirante &#8211; Tewameter<\/strong> proporciona datos cuantitativos fiables que demuestran la capacidad de un producto para reducir la transpiraci\u00f3n a lo largo del tiempo.<\/p>\n<p data-start=\"2899\" data-end=\"2926\">Apoya afirmaciones como:<\/p>\n<ul data-start=\"2927\" data-end=\"3036\">\n<li data-section-id=\"65aryw\" data-start=\"2927\" data-end=\"2957\">&#8220;<strong data-start=\"2930\" data-end=\"2954\">Reduce la transpiraci\u00f3n<\/strong>&#8220;<\/li>\n<li data-section-id=\"17rnqio\" data-start=\"2958\" data-end=\"2988\">&#8220;<strong data-start=\"2961\" data-end=\"2985\">Sequedad duradera<\/strong>&#8220;<\/li>\n<li data-section-id=\"1m2nx42\" data-start=\"2989\" data-end=\"3036\">&#8220;<strong data-start=\"2992\" data-end=\"3033\">Control eficaz del sudor hasta X horas<\/strong>&#8220;<\/li>\n<\/ul>\n<p data-start=\"3038\" data-end=\"3223\">Esta prueba es esencial para la <strong data-start=\"3065\" data-end=\"3140\">fundamentaci\u00f3n del producto, la validaci\u00f3n del rendimiento y la confianza del consumidor<\/strong>, garantizando que las f\u00f3rmulas proporcionen efectos antitranspirantes mensurables y duraderos.<\/p>\n<h2 data-section-id=\"6cxf9g\" data-start=\"3230\" data-end=\"3257\">C\u00f3mo funciona el proceso<\/h2>\n<p data-start=\"3259\" data-end=\"3361\"><strong data-start=\"3259\" data-end=\"3285\">1. Pide tu prueba de laboratorio<\/strong><br data-start=\"3285\" data-end=\"3288\">Selecciona el paquete adecuado y completa tu compra en nuestro sitio web.<\/p>\n<p data-start=\"3363\" data-end=\"3460\"><strong data-start=\"3363\" data-end=\"3391\">2. Recibe acceso seguro<\/strong><br data-start=\"3391\" data-end=\"3394\">Tras la compra, recibir\u00e1s los datos de acceso a nuestro portal seguro.<\/p>\n<p data-start=\"3462\" data-end=\"3560\"><strong data-start=\"3462\" data-end=\"3493\">3. Rellena el formulario de admisi\u00f3n<\/strong><br data-start=\"3493\" data-end=\"3496\">Proporciona los detalles de tu producto y sube la documentaci\u00f3n disponible.<\/p>\n<p data-start=\"3562\" data-end=\"3765\"><strong data-start=\"3562\" data-end=\"3589\">4. Env\u00edanos tus muestras<\/strong><br data-start=\"3589\" data-end=\"3592\">Te orientaremos sobre qu\u00e9 debes enviar exactamente a nuestro laboratorio. La cantidad y el n\u00famero de muestras dependen de varios factores. El n\u00famero exacto de muestras se comunicar\u00e1 a trav\u00e9s del portal.  <\/p>\n<p data-start=\"3767\" data-end=\"3810\"><strong data-start=\"3767\" data-end=\"3785\">5. Pruebas<\/strong> de laboratorio<br data-start=\"3785\" data-end=\"3788\">Comenzamos las pruebas de laboratorio.<\/p>\n<p data-start=\"3812\" data-end=\"3925\"><strong data-start=\"3812\" data-end=\"3839\">6. Recibe tus resultados<\/strong><br data-start=\"3839\" data-end=\"3842\">Nuestro evaluador de seguridad prepara los resultados de las pruebas de laboratorio y los proporciona a trav\u00e9s del portal.<\/p>\n","protected":false},"excerpt":{"rendered":"<p>La prueba Eficacia antitranspirante &#8211; Tewameter es una evaluaci\u00f3n instrumental dise\u00f1ada para medir la reducci\u00f3n de la sudoraci\u00f3n mediante la evaluaci\u00f3n de la p\u00e9rdida de agua transepid\u00e9rmica (TEWL). Esta prueba proporciona pruebas objetivas y cuantitativas de afirmaciones como &#8220;reduce la transpiraci\u00f3n&#8221;, &#8220;sequedad duradera&#8221; y &#8220;eficacia antitranspirante&#8221;. Objetivo de la prueba El objetivo de esta prueba&#8230;<\/p>\n","protected":false},"featured_media":16189,"template":"","meta":[],"product_brand":[],"product_cat":[147,135],"product_tag":[],"class_list":{"0":"post-17005","1":"product","2":"type-product","3":"status-publish","4":"has-post-thumbnail","6":"product_cat-pruebas-cutaneas","7":"product_cat-pruebas-de-eficacia","9":"first","10":"instock","11":"taxable","12":"shipping-taxable","13":"purchasable","14":"product-type-variable","15":"has-default-attributes"},"bundled_by":[],"bundle_stock_status":"instock","bundle_stock_quantity":null,"bundle_virtual":false,"bundle_layout":"","bundle_add_to_cart_form_location":"","bundle_editable_in_cart":false,"bundle_sold_individually_context":"","bundle_item_grouping":"","bundle_min_size":"","bundle_max_size":"","bundle_price":[],"bundled_items":[],"bundle_sell_ids":[],"yoast_head":"<!-- This site is optimized with the Yoast SEO Premium plugin v25.4 (Yoast SEO v25.4) - https:\/\/yoast.com\/wordpress\/plugins\/seo\/ -->\n<title>Eficacia antitranspirante - Tewameter - Certified Cosmetics<\/title>\n<meta name=\"description\" content=\"Prueba instrumental de Tewameter que mide la reducci\u00f3n del sudor mediante el an\u00e1lisis TEWL para confirmar la eficacia del antitranspirante y cuantificar su rendimiento a lo largo del tiempo\" \/>\n<meta name=\"robots\" content=\"index, follow, max-snippet:-1, max-image-preview:large, max-video-preview:-1\" \/>\n<link rel=\"canonical\" href=\"https:\/\/www.certifiedcosmetics.com\/es\/product\/pruebas-de-eficacia\/eficacia-antitranspirante-tewameter\/\" \/>\n<meta property=\"og:locale\" content=\"es_ES\" \/>\n<meta property=\"og:type\" content=\"article\" \/>\n<meta property=\"og:title\" content=\"Eficacia antitranspirante - Tewameter\" \/>\n<meta property=\"og:description\" content=\"Prueba instrumental de Tewameter que mide la reducci\u00f3n del sudor mediante el an\u00e1lisis TEWL para confirmar la eficacia del antitranspirante y cuantificar su rendimiento a lo largo del tiempo\" \/>\n<meta property=\"og:url\" content=\"https:\/\/www.certifiedcosmetics.com\/es\/product\/pruebas-de-eficacia\/eficacia-antitranspirante-tewameter\/\" \/>\n<meta property=\"og:site_name\" content=\"Certified Cosmetics\" \/>\n<meta property=\"og:image\" content=\"https:\/\/www.certifiedcosmetics.com\/wp-content\/uploads\/2026\/04\/antiperspirant.jpg\" \/>\n\t<meta property=\"og:image:width\" content=\"614\" \/>\n\t<meta property=\"og:image:height\" content=\"613\" \/>\n\t<meta property=\"og:image:type\" content=\"image\/jpeg\" \/>\n<meta name=\"twitter:card\" content=\"summary_large_image\" \/>\n<meta name=\"twitter:label1\" content=\"Disponibilidad\" \/>\n\t<meta name=\"twitter:data1\" content=\"Disponible\" \/>\n<script type=\"application\/ld+json\" class=\"yoast-schema-graph\">{\"@context\":\"https:\/\/schema.org\",\"@graph\":[{\"@type\":\"WebPage\",\"@id\":\"https:\/\/www.certifiedcosmetics.com\/es\/product\/pruebas-de-eficacia\/eficacia-antitranspirante-tewameter\/\",\"url\":\"https:\/\/www.certifiedcosmetics.com\/es\/product\/pruebas-de-eficacia\/eficacia-antitranspirante-tewameter\/\",\"name\":\"Eficacia antitranspirante - Tewameter - Certified Cosmetics\",\"isPartOf\":{\"@id\":\"https:\/\/www.certifiedcosmetics.com\/es\/#website\"},\"primaryImageOfPage\":{\"@id\":\"https:\/\/www.certifiedcosmetics.com\/es\/product\/pruebas-de-eficacia\/eficacia-antitranspirante-tewameter\/#primaryimage\"},\"image\":{\"@id\":\"https:\/\/www.certifiedcosmetics.com\/es\/product\/pruebas-de-eficacia\/eficacia-antitranspirante-tewameter\/#primaryimage\"},\"thumbnailUrl\":\"https:\/\/www.certifiedcosmetics.com\/wp-content\/uploads\/2026\/04\/antiperspirant.jpg\",\"datePublished\":\"2026-04-24T08:28:19+00:00\",\"description\":\"Prueba instrumental de Tewameter que mide la reducci\u00f3n del sudor mediante el an\u00e1lisis TEWL para confirmar la eficacia del antitranspirante y cuantificar su rendimiento a lo largo del tiempo\",\"breadcrumb\":{\"@id\":\"https:\/\/www.certifiedcosmetics.com\/es\/product\/pruebas-de-eficacia\/eficacia-antitranspirante-tewameter\/#breadcrumb\"},\"inLanguage\":\"es\",\"potentialAction\":[{\"@type\":\"ReadAction\",\"target\":[\"https:\/\/www.certifiedcosmetics.com\/es\/product\/pruebas-de-eficacia\/eficacia-antitranspirante-tewameter\/\"]}]},{\"@type\":\"ImageObject\",\"inLanguage\":\"es\",\"@id\":\"https:\/\/www.certifiedcosmetics.com\/es\/product\/pruebas-de-eficacia\/eficacia-antitranspirante-tewameter\/#primaryimage\",\"url\":\"https:\/\/www.certifiedcosmetics.com\/wp-content\/uploads\/2026\/04\/antiperspirant.jpg\",\"contentUrl\":\"https:\/\/www.certifiedcosmetics.com\/wp-content\/uploads\/2026\/04\/antiperspirant.jpg\",\"width\":614,\"height\":613},{\"@type\":\"BreadcrumbList\",\"@id\":\"https:\/\/www.certifiedcosmetics.com\/es\/product\/pruebas-de-eficacia\/eficacia-antitranspirante-tewameter\/#breadcrumb\",\"itemListElement\":[{\"@type\":\"ListItem\",\"position\":1,\"name\":\"Home\",\"item\":\"https:\/\/www.certifiedcosmetics.com\/es\/\"},{\"@type\":\"ListItem\",\"position\":2,\"name\":\"Tienda\",\"item\":\"https:\/\/www.certifiedcosmetics.com\/es\/tienda\/\"},{\"@type\":\"ListItem\",\"position\":3,\"name\":\"Eficacia antitranspirante &#8211; Tewameter\"}]},{\"@type\":\"WebSite\",\"@id\":\"https:\/\/www.certifiedcosmetics.com\/es\/#website\",\"url\":\"https:\/\/www.certifiedcosmetics.com\/es\/\",\"name\":\"Certified Cosmetics\",\"description\":\"Cosmetic Testing\",\"publisher\":{\"@id\":\"https:\/\/www.certifiedcosmetics.com\/es\/#organization\"},\"potentialAction\":[{\"@type\":\"SearchAction\",\"target\":{\"@type\":\"EntryPoint\",\"urlTemplate\":\"https:\/\/www.certifiedcosmetics.com\/es\/?s={search_term_string}\"},\"query-input\":{\"@type\":\"PropertyValueSpecification\",\"valueRequired\":true,\"valueName\":\"search_term_string\"}}],\"inLanguage\":\"es\"},{\"@type\":\"Organization\",\"@id\":\"https:\/\/www.certifiedcosmetics.com\/es\/#organization\",\"name\":\"Certified Cosmetics\",\"url\":\"https:\/\/www.certifiedcosmetics.com\/es\/\",\"logo\":{\"@type\":\"ImageObject\",\"inLanguage\":\"es\",\"@id\":\"https:\/\/www.certifiedcosmetics.com\/es\/#\/schema\/logo\/image\/\",\"url\":\"https:\/\/www.certifiedcosmetics.com\/wp-content\/uploads\/2024\/12\/logo_certified_cosmetics696.jpg\",\"contentUrl\":\"https:\/\/www.certifiedcosmetics.com\/wp-content\/uploads\/2024\/12\/logo_certified_cosmetics696.jpg\",\"width\":696,\"height\":696,\"caption\":\"Certified Cosmetics\"},\"image\":{\"@id\":\"https:\/\/www.certifiedcosmetics.com\/es\/#\/schema\/logo\/image\/\"},\"description\":\"Your trusted partner for cosmetic product safety reporting. We take care of updating all of your documentation, ensuring your compliance stays current even as regulations evolve. The Cosmetic Product Safety Assessment will give you everything you need to sell specific products to EU consumers.\",\"email\":\"contact@certifiedcosmetics.com\",\"telephone\":\"+31 36 2036384\",\"legalName\":\"Certified Cosmetics\",\"foundingDate\":\"2010-01-01\",\"vatID\":\"NL854189543B01\",\"numberOfEmployees\":{\"@type\":\"QuantitativeValue\",\"minValue\":\"11\",\"maxValue\":\"50\"}}]}<\/script>\n<meta property=\"og:availability\" content=\"instock\" \/>\n<meta property=\"product:availability\" content=\"instock\" \/>\n<meta property=\"product:condition\" content=\"new\" \/>\n<!-- \/ Yoast SEO Premium plugin. -->","yoast_head_json":{"title":"Eficacia antitranspirante - Tewameter - Certified Cosmetics","description":"Prueba instrumental de Tewameter que mide la reducci\u00f3n del sudor mediante el an\u00e1lisis TEWL para confirmar la eficacia del antitranspirante y cuantificar su rendimiento a lo largo del tiempo","robots":{"index":"index","follow":"follow","max-snippet":"max-snippet:-1","max-image-preview":"max-image-preview:large","max-video-preview":"max-video-preview:-1"},"canonical":"https:\/\/www.certifiedcosmetics.com\/es\/product\/pruebas-de-eficacia\/eficacia-antitranspirante-tewameter\/","og_locale":"es_ES","og_type":"article","og_title":"Eficacia antitranspirante - Tewameter","og_description":"Prueba instrumental de Tewameter que mide la reducci\u00f3n del sudor mediante el an\u00e1lisis TEWL para confirmar la eficacia del antitranspirante y cuantificar su rendimiento a lo largo del tiempo","og_url":"https:\/\/www.certifiedcosmetics.com\/es\/product\/pruebas-de-eficacia\/eficacia-antitranspirante-tewameter\/","og_site_name":"Certified Cosmetics","og_image":[{"width":614,"height":613,"url":"https:\/\/www.certifiedcosmetics.com\/wp-content\/uploads\/2026\/04\/antiperspirant.jpg","type":"image\/jpeg"}],"twitter_card":"summary_large_image","twitter_misc":{"Disponibilidad":"Disponible"},"schema":{"@context":"https:\/\/schema.org","@graph":[{"@type":"WebPage","@id":"https:\/\/www.certifiedcosmetics.com\/es\/product\/pruebas-de-eficacia\/eficacia-antitranspirante-tewameter\/","url":"https:\/\/www.certifiedcosmetics.com\/es\/product\/pruebas-de-eficacia\/eficacia-antitranspirante-tewameter\/","name":"Eficacia antitranspirante - Tewameter - Certified Cosmetics","isPartOf":{"@id":"https:\/\/www.certifiedcosmetics.com\/es\/#website"},"primaryImageOfPage":{"@id":"https:\/\/www.certifiedcosmetics.com\/es\/product\/pruebas-de-eficacia\/eficacia-antitranspirante-tewameter\/#primaryimage"},"image":{"@id":"https:\/\/www.certifiedcosmetics.com\/es\/product\/pruebas-de-eficacia\/eficacia-antitranspirante-tewameter\/#primaryimage"},"thumbnailUrl":"https:\/\/www.certifiedcosmetics.com\/wp-content\/uploads\/2026\/04\/antiperspirant.jpg","datePublished":"2026-04-24T08:28:19+00:00","description":"Prueba instrumental de Tewameter que mide la reducci\u00f3n del sudor mediante el an\u00e1lisis TEWL para confirmar la eficacia del antitranspirante y cuantificar su rendimiento a lo largo del tiempo","breadcrumb":{"@id":"https:\/\/www.certifiedcosmetics.com\/es\/product\/pruebas-de-eficacia\/eficacia-antitranspirante-tewameter\/#breadcrumb"},"inLanguage":"es","potentialAction":[{"@type":"ReadAction","target":["https:\/\/www.certifiedcosmetics.com\/es\/product\/pruebas-de-eficacia\/eficacia-antitranspirante-tewameter\/"]}]},{"@type":"ImageObject","inLanguage":"es","@id":"https:\/\/www.certifiedcosmetics.com\/es\/product\/pruebas-de-eficacia\/eficacia-antitranspirante-tewameter\/#primaryimage","url":"https:\/\/www.certifiedcosmetics.com\/wp-content\/uploads\/2026\/04\/antiperspirant.jpg","contentUrl":"https:\/\/www.certifiedcosmetics.com\/wp-content\/uploads\/2026\/04\/antiperspirant.jpg","width":614,"height":613},{"@type":"BreadcrumbList","@id":"https:\/\/www.certifiedcosmetics.com\/es\/product\/pruebas-de-eficacia\/eficacia-antitranspirante-tewameter\/#breadcrumb","itemListElement":[{"@type":"ListItem","position":1,"name":"Home","item":"https:\/\/www.certifiedcosmetics.com\/es\/"},{"@type":"ListItem","position":2,"name":"Tienda","item":"https:\/\/www.certifiedcosmetics.com\/es\/tienda\/"},{"@type":"ListItem","position":3,"name":"Eficacia antitranspirante &#8211; Tewameter"}]},{"@type":"WebSite","@id":"https:\/\/www.certifiedcosmetics.com\/es\/#website","url":"https:\/\/www.certifiedcosmetics.com\/es\/","name":"Certified Cosmetics","description":"Cosmetic Testing","publisher":{"@id":"https:\/\/www.certifiedcosmetics.com\/es\/#organization"},"potentialAction":[{"@type":"SearchAction","target":{"@type":"EntryPoint","urlTemplate":"https:\/\/www.certifiedcosmetics.com\/es\/?s={search_term_string}"},"query-input":{"@type":"PropertyValueSpecification","valueRequired":true,"valueName":"search_term_string"}}],"inLanguage":"es"},{"@type":"Organization","@id":"https:\/\/www.certifiedcosmetics.com\/es\/#organization","name":"Certified Cosmetics","url":"https:\/\/www.certifiedcosmetics.com\/es\/","logo":{"@type":"ImageObject","inLanguage":"es","@id":"https:\/\/www.certifiedcosmetics.com\/es\/#\/schema\/logo\/image\/","url":"https:\/\/www.certifiedcosmetics.com\/wp-content\/uploads\/2024\/12\/logo_certified_cosmetics696.jpg","contentUrl":"https:\/\/www.certifiedcosmetics.com\/wp-content\/uploads\/2024\/12\/logo_certified_cosmetics696.jpg","width":696,"height":696,"caption":"Certified Cosmetics"},"image":{"@id":"https:\/\/www.certifiedcosmetics.com\/es\/#\/schema\/logo\/image\/"},"description":"Your trusted partner for cosmetic product safety reporting. We take care of updating all of your documentation, ensuring your compliance stays current even as regulations evolve. The Cosmetic Product Safety Assessment will give you everything you need to sell specific products to EU consumers.","email":"contact@certifiedcosmetics.com","telephone":"+31 36 2036384","legalName":"Certified Cosmetics","foundingDate":"2010-01-01","vatID":"NL854189543B01","numberOfEmployees":{"@type":"QuantitativeValue","minValue":"11","maxValue":"50"}}]},"og_availability":"instock","product_availability":"instock","product_condition":"new"},"_links":{"self":[{"href":"https:\/\/www.certifiedcosmetics.com\/es\/wp-json\/wp\/v2\/product\/17005","targetHints":{"allow":["GET"]}}],"collection":[{"href":"https:\/\/www.certifiedcosmetics.com\/es\/wp-json\/wp\/v2\/product"}],"about":[{"href":"https:\/\/www.certifiedcosmetics.com\/es\/wp-json\/wp\/v2\/types\/product"}],"wp:featuredmedia":[{"embeddable":true,"href":"https:\/\/www.certifiedcosmetics.com\/es\/wp-json\/wp\/v2\/media\/16189"}],"wp:attachment":[{"href":"https:\/\/www.certifiedcosmetics.com\/es\/wp-json\/wp\/v2\/media?parent=17005"}],"wp:term":[{"taxonomy":"product_brand","embeddable":true,"href":"https:\/\/www.certifiedcosmetics.com\/es\/wp-json\/wp\/v2\/product_brand?post=17005"},{"taxonomy":"product_cat","embeddable":true,"href":"https:\/\/www.certifiedcosmetics.com\/es\/wp-json\/wp\/v2\/product_cat?post=17005"},{"taxonomy":"product_tag","embeddable":true,"href":"https:\/\/www.certifiedcosmetics.com\/es\/wp-json\/wp\/v2\/product_tag?post=17005"}],"curies":[{"name":"wp","href":"https:\/\/api.w.org\/{rel}","templated":true}]}}