{"id":15621,"date":"2026-03-18T11:13:55","date_gmt":"2026-03-18T10:13:55","guid":{"rendered":"https:\/\/www.certifiedcosmetics.com\/product\/sin categor\u00eda\/notificacion-pcn-registro-de-todos-los-paises-del-eee\/"},"modified":"2026-03-18T11:13:55","modified_gmt":"2026-03-18T10:13:55","slug":"notificacion-pcn-registro-de-todos-los-paises-del-eee","status":"publish","type":"product","link":"https:\/\/www.certifiedcosmetics.com\/es\/product\/notificacion-de-ncp\/notificacion-pcn-registro-de-todos-los-paises-del-eee\/","title":{"rendered":"Notificaci\u00f3n PCN Registro de todos los pa\u00edses del EEE"},"content":{"rendered":"<p>Al registrar tu producto para la Notificaci\u00f3n de Centros de Toxicolog\u00eda (NCP) de la UE, cada pa\u00eds en el que tengas previsto venderlo requiere que se presente a su respectiva autoridad nacional. Con nuestro servicio de Registro en todos los pa\u00edses del EEE para la Notificaci\u00f3n PCN, puedes lanzar tu producto en todos los pa\u00edses del EEE, lo que te da total flexibilidad y control sobre el alcance de tu mercado. <\/p>\n<h3 id=\"h-supported-eu-countries\" class=\"wp-block-heading\">Pa\u00edses de la UE que reciben ayuda<\/h3>\n<p>La UE tiene 27 pa\u00edses y el EEE 30 :<\/p>\n<figure class=\"wp-block-table\">\n<table class=\"has-fixed-layout\">\n<tbody>\n<tr>\n<td>B\u00e9lgica<\/td>\n<td>(BE)<\/td>\n<td>Espa\u00f1a<\/td>\n<td>(ES)<\/td>\n<td>Hungr\u00eda<\/td>\n<td>(HU)<\/td>\n<td>Eslovaquia<\/td>\n<td>(SK)<\/td>\n<\/tr>\n<tr>\n<td>Bulgaria<\/td>\n<td>(BG)<\/td>\n<td>Francia<\/td>\n<td>(FR)<\/td>\n<td>Malta<\/td>\n<td>(MT)<\/td>\n<td>Finlandia<\/td>\n<td>(FI)<\/td>\n<\/tr>\n<tr>\n<td>Chequia<\/td>\n<td>(CZ)<\/td>\n<td>Croacia<\/td>\n<td>(HR)<\/td>\n<td>Pa\u00edses Bajos<\/td>\n<td>(NL)<\/td>\n<td>Suecia<\/td>\n<td>(SE)<\/td>\n<\/tr>\n<tr>\n<td>Dinamarca<\/td>\n<td>(DK)<\/td>\n<td>Italia<\/td>\n<td>(IT)<\/td>\n<td>Austria<\/td>\n<td>(AT)<\/td>\n<td>Alemania<\/td>\n<td>(DE)<\/td>\n<\/tr>\n<tr>\n<td>Chipre<\/td>\n<td>(CY)<\/td>\n<td>Polonia<\/td>\n<td>(PL)<\/td>\n<td>Islandia<\/td>\n<td>(IS)<\/td>\n<td>Estonia<\/td>\n<td>(EE)<\/td>\n<\/tr>\n<tr>\n<td>Letonia<\/td>\n<td>(LV)<\/td>\n<td>Portugal<\/td>\n<td>(PT)<\/td>\n<td>Liechtenstein<\/td>\n<td>(LI)<\/td>\n<td>Irlanda<\/td>\n<td>(IE)<\/td>\n<\/tr>\n<tr>\n<td>Lituania<\/td>\n<td>(LT)<\/td>\n<td>Ruman\u00eda<\/td>\n<td>(RO)<\/td>\n<td>Noruega<\/td>\n<td>(NO)<\/td>\n<td>Grecia<\/td>\n<td>(EL)<\/td>\n<\/tr>\n<tr>\n<td>Luxemburgo<\/td>\n<td>(LU)<\/td>\n<td>Eslovenia<\/td>\n<td>(SI)<\/td>\n<td>Suiza<\/td>\n<td>(CH)<\/td>\n<td><\/td>\n<td><\/td>\n<\/tr>\n<\/tbody>\n<\/table>\n<\/figure>\n<p>*Para Suiza podemos crear el expediente PCN, con toda la informaci\u00f3n necesaria para hacer una presentaci\u00f3n en el portal suizo. Ponte en contacto con nosotros para obtener m\u00e1s informaci\u00f3n. <\/p>\n","protected":false},"excerpt":{"rendered":"<p>Al registrar tu producto para la Notificaci\u00f3n de Centros de Toxicolog\u00eda (NCP) de la UE, cada pa\u00eds en el que tengas previsto venderlo requiere que se presente a su respectiva autoridad nacional. Con nuestro servicio de Registro en todos los pa\u00edses del EEE para la Notificaci\u00f3n PCN, puedes lanzar tu producto en todos los pa\u00edses&#8230;<\/p>\n","protected":false},"featured_media":15619,"template":"","meta":[],"product_brand":[],"product_cat":[401],"product_tag":[],"class_list":{"0":"post-15621","1":"product","2":"type-product","3":"status-publish","4":"has-post-thumbnail","6":"product_cat-notificacion-de-ncp","8":"first","9":"instock","10":"virtual","11":"taxable","12":"purchasable","13":"product-type-simple"},"bundled_by":[],"bundle_stock_status":"instock","bundle_stock_quantity":null,"bundle_virtual":false,"bundle_layout":"","bundle_add_to_cart_form_location":"","bundle_editable_in_cart":false,"bundle_sold_individually_context":"","bundle_item_grouping":"","bundle_min_size":"","bundle_max_size":"","bundle_price":[],"bundled_items":[],"bundle_sell_ids":[],"yoast_head":"<!-- This site is optimized with the Yoast SEO Premium plugin v25.4 (Yoast SEO v25.4) - https:\/\/yoast.com\/wordpress\/plugins\/seo\/ -->\n<title>Notificaci\u00f3n PCN Registro de todos los pa\u00edses del EEE - Certified Cosmetics<\/title>\n<meta name=\"description\" content=\"Al registrar tu producto para la Notificaci\u00f3n de Centros de Toxicolog\u00eda (NCP) de la UE, cada pa\u00eds en el que tengas previsto venderlo requiere que se presente a su respectiva autoridad nacional. Con nuestro servicio de Registro en todos los pa\u00edses del EEE para la Notificaci\u00f3n PCN, puedes lanzar tu producto en todos los pa\u00edses del EEE, lo que te da total flexibilidad y control sobre el alcance de tu mercado.\" \/>\n<meta name=\"robots\" content=\"index, follow, max-snippet:-1, max-image-preview:large, max-video-preview:-1\" \/>\n<link rel=\"canonical\" href=\"https:\/\/www.certifiedcosmetics.com\/es\/product\/notificacion-de-ncp\/notificacion-pcn-registro-de-todos-los-paises-del-eee\/\" \/>\n<meta property=\"og:locale\" content=\"es_ES\" \/>\n<meta property=\"og:type\" content=\"article\" \/>\n<meta property=\"og:title\" content=\"Notificaci\u00f3n PCN Registro de todos los pa\u00edses del EEE\" \/>\n<meta property=\"og:description\" content=\"Al registrar tu producto para la Notificaci\u00f3n de Centros de Toxicolog\u00eda (NCP) de la UE, cada pa\u00eds en el que tengas previsto venderlo requiere que se presente a su respectiva autoridad nacional. Con nuestro servicio de Registro en todos los pa\u00edses del EEE para la Notificaci\u00f3n PCN, puedes lanzar tu producto en todos los pa\u00edses del EEE, lo que te da total flexibilidad y control sobre el alcance de tu mercado.\" \/>\n<meta property=\"og:url\" content=\"https:\/\/www.certifiedcosmetics.com\/es\/product\/notificacion-de-ncp\/notificacion-pcn-registro-de-todos-los-paises-del-eee\/\" \/>\n<meta property=\"og:site_name\" content=\"Certified Cosmetics\" \/>\n<meta property=\"og:image\" content=\"https:\/\/www.certifiedcosmetics.com\/wp-content\/uploads\/2026\/03\/pcn-countries.jpg\" \/>\n\t<meta property=\"og:image:width\" content=\"800\" \/>\n\t<meta property=\"og:image:height\" content=\"800\" \/>\n\t<meta property=\"og:image:type\" content=\"image\/jpeg\" \/>\n<meta name=\"twitter:card\" content=\"summary_large_image\" \/>\n<meta name=\"twitter:label1\" content=\"Precio\" \/>\n\t<meta name=\"twitter:data1\" content=\"&#036;488.43\" \/>\n\t<meta name=\"twitter:label2\" content=\"Disponibilidad\" \/>\n\t<meta name=\"twitter:data2\" content=\"Disponible\" \/>\n<script type=\"application\/ld+json\" class=\"yoast-schema-graph\">{\"@context\":\"https:\/\/schema.org\",\"@graph\":[{\"@type\":\"WebPage\",\"@id\":\"https:\/\/www.certifiedcosmetics.com\/es\/product\/notificacion-de-ncp\/notificacion-pcn-registro-de-todos-los-paises-del-eee\/\",\"url\":\"https:\/\/www.certifiedcosmetics.com\/es\/product\/notificacion-de-ncp\/notificacion-pcn-registro-de-todos-los-paises-del-eee\/\",\"name\":\"Notificaci\u00f3n PCN Registro de todos los pa\u00edses del EEE - Certified Cosmetics\",\"isPartOf\":{\"@id\":\"https:\/\/www.certifiedcosmetics.com\/es\/#website\"},\"primaryImageOfPage\":{\"@id\":\"https:\/\/www.certifiedcosmetics.com\/es\/product\/notificacion-de-ncp\/notificacion-pcn-registro-de-todos-los-paises-del-eee\/#primaryimage\"},\"image\":{\"@id\":\"https:\/\/www.certifiedcosmetics.com\/es\/product\/notificacion-de-ncp\/notificacion-pcn-registro-de-todos-los-paises-del-eee\/#primaryimage\"},\"thumbnailUrl\":\"https:\/\/www.certifiedcosmetics.com\/wp-content\/uploads\/2026\/03\/pcn-countries.jpg\",\"datePublished\":\"2026-03-18T10:13:55+00:00\",\"description\":\"Al registrar tu producto para la Notificaci\u00f3n de Centros de Toxicolog\u00eda (NCP) de la UE, cada pa\u00eds en el que tengas previsto venderlo requiere que se presente a su respectiva autoridad nacional. Con nuestro servicio de Registro en todos los pa\u00edses del EEE para la Notificaci\u00f3n PCN, puedes lanzar tu producto en todos los pa\u00edses del EEE, lo que te da total flexibilidad y control sobre el alcance de tu mercado.\",\"breadcrumb\":{\"@id\":\"https:\/\/www.certifiedcosmetics.com\/es\/product\/notificacion-de-ncp\/notificacion-pcn-registro-de-todos-los-paises-del-eee\/#breadcrumb\"},\"inLanguage\":\"es\",\"potentialAction\":[{\"@type\":\"ReadAction\",\"target\":[\"https:\/\/www.certifiedcosmetics.com\/es\/product\/notificacion-de-ncp\/notificacion-pcn-registro-de-todos-los-paises-del-eee\/\"]}]},{\"@type\":\"ImageObject\",\"inLanguage\":\"es\",\"@id\":\"https:\/\/www.certifiedcosmetics.com\/es\/product\/notificacion-de-ncp\/notificacion-pcn-registro-de-todos-los-paises-del-eee\/#primaryimage\",\"url\":\"https:\/\/www.certifiedcosmetics.com\/wp-content\/uploads\/2026\/03\/pcn-countries.jpg\",\"contentUrl\":\"https:\/\/www.certifiedcosmetics.com\/wp-content\/uploads\/2026\/03\/pcn-countries.jpg\",\"width\":800,\"height\":800},{\"@type\":\"BreadcrumbList\",\"@id\":\"https:\/\/www.certifiedcosmetics.com\/es\/product\/notificacion-de-ncp\/notificacion-pcn-registro-de-todos-los-paises-del-eee\/#breadcrumb\",\"itemListElement\":[{\"@type\":\"ListItem\",\"position\":1,\"name\":\"Home\",\"item\":\"https:\/\/www.certifiedcosmetics.com\/es\/\"},{\"@type\":\"ListItem\",\"position\":2,\"name\":\"Tienda\",\"item\":\"https:\/\/www.certifiedcosmetics.com\/es\/tienda\/\"},{\"@type\":\"ListItem\",\"position\":3,\"name\":\"Notificaci\u00f3n PCN Registro de todos los pa\u00edses del EEE\"}]},{\"@type\":\"WebSite\",\"@id\":\"https:\/\/www.certifiedcosmetics.com\/es\/#website\",\"url\":\"https:\/\/www.certifiedcosmetics.com\/es\/\",\"name\":\"Certified Cosmetics\",\"description\":\"Cosmetic Testing\",\"publisher\":{\"@id\":\"https:\/\/www.certifiedcosmetics.com\/es\/#organization\"},\"potentialAction\":[{\"@type\":\"SearchAction\",\"target\":{\"@type\":\"EntryPoint\",\"urlTemplate\":\"https:\/\/www.certifiedcosmetics.com\/es\/?s={search_term_string}\"},\"query-input\":{\"@type\":\"PropertyValueSpecification\",\"valueRequired\":true,\"valueName\":\"search_term_string\"}}],\"inLanguage\":\"es\"},{\"@type\":\"Organization\",\"@id\":\"https:\/\/www.certifiedcosmetics.com\/es\/#organization\",\"name\":\"Certified Cosmetics\",\"url\":\"https:\/\/www.certifiedcosmetics.com\/es\/\",\"logo\":{\"@type\":\"ImageObject\",\"inLanguage\":\"es\",\"@id\":\"https:\/\/www.certifiedcosmetics.com\/es\/#\/schema\/logo\/image\/\",\"url\":\"https:\/\/www.certifiedcosmetics.com\/wp-content\/uploads\/2024\/12\/logo_certified_cosmetics696.jpg\",\"contentUrl\":\"https:\/\/www.certifiedcosmetics.com\/wp-content\/uploads\/2024\/12\/logo_certified_cosmetics696.jpg\",\"width\":696,\"height\":696,\"caption\":\"Certified Cosmetics\"},\"image\":{\"@id\":\"https:\/\/www.certifiedcosmetics.com\/es\/#\/schema\/logo\/image\/\"},\"description\":\"Your trusted partner for cosmetic product safety reporting. We take care of updating all of your documentation, ensuring your compliance stays current even as regulations evolve. The Cosmetic Product Safety Assessment will give you everything you need to sell specific products to EU consumers.\",\"email\":\"contact@certifiedcosmetics.com\",\"telephone\":\"+31 36 2036384\",\"legalName\":\"Certified Cosmetics\",\"foundingDate\":\"2010-01-01\",\"vatID\":\"NL854189543B01\",\"numberOfEmployees\":{\"@type\":\"QuantitativeValue\",\"minValue\":\"11\",\"maxValue\":\"50\"}}]}<\/script>\n<meta property=\"product:price:amount\" content=\"488.43\" \/>\n<meta property=\"product:price:currency\" content=\"USD\" \/>\n<meta property=\"og:availability\" content=\"instock\" \/>\n<meta property=\"product:availability\" content=\"instock\" \/>\n<meta property=\"product:retailer_item_id\" content=\"CC100001\" \/>\n<meta property=\"product:condition\" content=\"new\" \/>\n<!-- \/ Yoast SEO Premium plugin. -->","yoast_head_json":{"title":"Notificaci\u00f3n PCN Registro de todos los pa\u00edses del EEE - Certified Cosmetics","description":"Al registrar tu producto para la Notificaci\u00f3n de Centros de Toxicolog\u00eda (NCP) de la UE, cada pa\u00eds en el que tengas previsto venderlo requiere que se presente a su respectiva autoridad nacional. Con nuestro servicio de Registro en todos los pa\u00edses del EEE para la Notificaci\u00f3n PCN, puedes lanzar tu producto en todos los pa\u00edses del EEE, lo que te da total flexibilidad y control sobre el alcance de tu mercado.","robots":{"index":"index","follow":"follow","max-snippet":"max-snippet:-1","max-image-preview":"max-image-preview:large","max-video-preview":"max-video-preview:-1"},"canonical":"https:\/\/www.certifiedcosmetics.com\/es\/product\/notificacion-de-ncp\/notificacion-pcn-registro-de-todos-los-paises-del-eee\/","og_locale":"es_ES","og_type":"article","og_title":"Notificaci\u00f3n PCN Registro de todos los pa\u00edses del EEE","og_description":"Al registrar tu producto para la Notificaci\u00f3n de Centros de Toxicolog\u00eda (NCP) de la UE, cada pa\u00eds en el que tengas previsto venderlo requiere que se presente a su respectiva autoridad nacional. Con nuestro servicio de Registro en todos los pa\u00edses del EEE para la Notificaci\u00f3n PCN, puedes lanzar tu producto en todos los pa\u00edses del EEE, lo que te da total flexibilidad y control sobre el alcance de tu mercado.","og_url":"https:\/\/www.certifiedcosmetics.com\/es\/product\/notificacion-de-ncp\/notificacion-pcn-registro-de-todos-los-paises-del-eee\/","og_site_name":"Certified Cosmetics","og_image":[{"width":800,"height":800,"url":"https:\/\/www.certifiedcosmetics.com\/wp-content\/uploads\/2026\/03\/pcn-countries.jpg","type":"image\/jpeg"}],"twitter_card":"summary_large_image","twitter_misc":{"Precio":"&#36;488.43","Disponibilidad":"Disponible"},"schema":{"@context":"https:\/\/schema.org","@graph":[{"@type":"WebPage","@id":"https:\/\/www.certifiedcosmetics.com\/es\/product\/notificacion-de-ncp\/notificacion-pcn-registro-de-todos-los-paises-del-eee\/","url":"https:\/\/www.certifiedcosmetics.com\/es\/product\/notificacion-de-ncp\/notificacion-pcn-registro-de-todos-los-paises-del-eee\/","name":"Notificaci\u00f3n PCN Registro de todos los pa\u00edses del EEE - Certified Cosmetics","isPartOf":{"@id":"https:\/\/www.certifiedcosmetics.com\/es\/#website"},"primaryImageOfPage":{"@id":"https:\/\/www.certifiedcosmetics.com\/es\/product\/notificacion-de-ncp\/notificacion-pcn-registro-de-todos-los-paises-del-eee\/#primaryimage"},"image":{"@id":"https:\/\/www.certifiedcosmetics.com\/es\/product\/notificacion-de-ncp\/notificacion-pcn-registro-de-todos-los-paises-del-eee\/#primaryimage"},"thumbnailUrl":"https:\/\/www.certifiedcosmetics.com\/wp-content\/uploads\/2026\/03\/pcn-countries.jpg","datePublished":"2026-03-18T10:13:55+00:00","description":"Al registrar tu producto para la Notificaci\u00f3n de Centros de Toxicolog\u00eda (NCP) de la UE, cada pa\u00eds en el que tengas previsto venderlo requiere que se presente a su respectiva autoridad nacional. Con nuestro servicio de Registro en todos los pa\u00edses del EEE para la Notificaci\u00f3n PCN, puedes lanzar tu producto en todos los pa\u00edses del EEE, lo que te da total flexibilidad y control sobre el alcance de tu mercado.","breadcrumb":{"@id":"https:\/\/www.certifiedcosmetics.com\/es\/product\/notificacion-de-ncp\/notificacion-pcn-registro-de-todos-los-paises-del-eee\/#breadcrumb"},"inLanguage":"es","potentialAction":[{"@type":"ReadAction","target":["https:\/\/www.certifiedcosmetics.com\/es\/product\/notificacion-de-ncp\/notificacion-pcn-registro-de-todos-los-paises-del-eee\/"]}]},{"@type":"ImageObject","inLanguage":"es","@id":"https:\/\/www.certifiedcosmetics.com\/es\/product\/notificacion-de-ncp\/notificacion-pcn-registro-de-todos-los-paises-del-eee\/#primaryimage","url":"https:\/\/www.certifiedcosmetics.com\/wp-content\/uploads\/2026\/03\/pcn-countries.jpg","contentUrl":"https:\/\/www.certifiedcosmetics.com\/wp-content\/uploads\/2026\/03\/pcn-countries.jpg","width":800,"height":800},{"@type":"BreadcrumbList","@id":"https:\/\/www.certifiedcosmetics.com\/es\/product\/notificacion-de-ncp\/notificacion-pcn-registro-de-todos-los-paises-del-eee\/#breadcrumb","itemListElement":[{"@type":"ListItem","position":1,"name":"Home","item":"https:\/\/www.certifiedcosmetics.com\/es\/"},{"@type":"ListItem","position":2,"name":"Tienda","item":"https:\/\/www.certifiedcosmetics.com\/es\/tienda\/"},{"@type":"ListItem","position":3,"name":"Notificaci\u00f3n PCN Registro de todos los pa\u00edses del EEE"}]},{"@type":"WebSite","@id":"https:\/\/www.certifiedcosmetics.com\/es\/#website","url":"https:\/\/www.certifiedcosmetics.com\/es\/","name":"Certified Cosmetics","description":"Cosmetic Testing","publisher":{"@id":"https:\/\/www.certifiedcosmetics.com\/es\/#organization"},"potentialAction":[{"@type":"SearchAction","target":{"@type":"EntryPoint","urlTemplate":"https:\/\/www.certifiedcosmetics.com\/es\/?s={search_term_string}"},"query-input":{"@type":"PropertyValueSpecification","valueRequired":true,"valueName":"search_term_string"}}],"inLanguage":"es"},{"@type":"Organization","@id":"https:\/\/www.certifiedcosmetics.com\/es\/#organization","name":"Certified Cosmetics","url":"https:\/\/www.certifiedcosmetics.com\/es\/","logo":{"@type":"ImageObject","inLanguage":"es","@id":"https:\/\/www.certifiedcosmetics.com\/es\/#\/schema\/logo\/image\/","url":"https:\/\/www.certifiedcosmetics.com\/wp-content\/uploads\/2024\/12\/logo_certified_cosmetics696.jpg","contentUrl":"https:\/\/www.certifiedcosmetics.com\/wp-content\/uploads\/2024\/12\/logo_certified_cosmetics696.jpg","width":696,"height":696,"caption":"Certified Cosmetics"},"image":{"@id":"https:\/\/www.certifiedcosmetics.com\/es\/#\/schema\/logo\/image\/"},"description":"Your trusted partner for cosmetic product safety reporting. We take care of updating all of your documentation, ensuring your compliance stays current even as regulations evolve. The Cosmetic Product Safety Assessment will give you everything you need to sell specific products to EU consumers.","email":"contact@certifiedcosmetics.com","telephone":"+31 36 2036384","legalName":"Certified Cosmetics","foundingDate":"2010-01-01","vatID":"NL854189543B01","numberOfEmployees":{"@type":"QuantitativeValue","minValue":"11","maxValue":"50"}}]},"product_price_amount":"488.43","product_price_currency":"USD","og_availability":"instock","product_availability":"instock","product_retailer_item_id":"CC100001","product_condition":"new"},"_links":{"self":[{"href":"https:\/\/www.certifiedcosmetics.com\/es\/wp-json\/wp\/v2\/product\/15621","targetHints":{"allow":["GET"]}}],"collection":[{"href":"https:\/\/www.certifiedcosmetics.com\/es\/wp-json\/wp\/v2\/product"}],"about":[{"href":"https:\/\/www.certifiedcosmetics.com\/es\/wp-json\/wp\/v2\/types\/product"}],"wp:featuredmedia":[{"embeddable":true,"href":"https:\/\/www.certifiedcosmetics.com\/es\/wp-json\/wp\/v2\/media\/15619"}],"wp:attachment":[{"href":"https:\/\/www.certifiedcosmetics.com\/es\/wp-json\/wp\/v2\/media?parent=15621"}],"wp:term":[{"taxonomy":"product_brand","embeddable":true,"href":"https:\/\/www.certifiedcosmetics.com\/es\/wp-json\/wp\/v2\/product_brand?post=15621"},{"taxonomy":"product_cat","embeddable":true,"href":"https:\/\/www.certifiedcosmetics.com\/es\/wp-json\/wp\/v2\/product_cat?post=15621"},{"taxonomy":"product_tag","embeddable":true,"href":"https:\/\/www.certifiedcosmetics.com\/es\/wp-json\/wp\/v2\/product_tag?post=15621"}],"curies":[{"name":"wp","href":"https:\/\/api.w.org\/{rel}","templated":true}]}}