{"id":15620,"date":"2026-03-18T11:03:25","date_gmt":"2026-03-18T10:03:25","guid":{"rendered":"https:\/\/www.certifiedcosmetics.com\/product\/sin categor\u00eda\/notificacion-pcn-registro-del-pais\/"},"modified":"2026-03-18T11:03:25","modified_gmt":"2026-03-18T10:03:25","slug":"notificacion-pcn-registro-del-pais","status":"publish","type":"product","link":"https:\/\/www.certifiedcosmetics.com\/es\/product\/notificacion-de-ncp\/notificacion-pcn-registro-del-pais\/","title":{"rendered":"Notificaci\u00f3n PCN Registro del pa\u00eds"},"content":{"rendered":"<p>La obligaci\u00f3n de NCP\/UFI se aplica en todos los pa\u00edses de la UE y del EEE en los que se comercializan mezclas peligrosas. La obligaci\u00f3n de NCP\/UFI se aplica en todos los pa\u00edses de la UE y del EEE en los que se comercializan mezclas peligrosas. Este servicio te permite ampliar tu notificaci\u00f3n de NCP existente a m\u00e1s pa\u00edses una vez que hayamos realizado la notificaci\u00f3n inicial.  <\/p>\n<h2 id=\"h-landen-voor-pcn-registratie\" class=\"wp-block-heading\">Pa\u00edses para el registro de NCP<\/h2>\n<p>Puedes contar el n\u00famero de pa\u00edses en los que quieres registrar tu producto. Este es el n\u00famero de pa\u00edses que necesitas comprar. Puedes introducir los pa\u00edses concretos durante el proceso de registro, despu\u00e9s de comprarlos. Si piensas ampliar la venta de tus productos a nuevos pa\u00edses m\u00e1s adelante, siempre puedes pedir otros adicionales.<br \/>\nLa UE tiene 27 pa\u00edses y el EEE tiene 30 (UE+Lichtenstein, Noruega e Islandia).   <\/p>\n<figure class=\"wp-block-table\">\n<table class=\"has-fixed-layout\">\n<tbody>\n<tr>\n<td class=\"has-text-align-left\" data-align=\"left\">B\u00e9lgica<\/td>\n<td class=\"has-text-align-left\" data-align=\"left\">(BE)<\/td>\n<td class=\"has-text-align-left\" data-align=\"left\">Espa\u00f1a<\/td>\n<td class=\"has-text-align-left\" data-align=\"left\">(ES)<\/td>\n<td class=\"has-text-align-left\" data-align=\"left\">Hungr\u00eda<\/td>\n<td class=\"has-text-align-left\" data-align=\"left\">(HU)<\/td>\n<td class=\"has-text-align-left\" data-align=\"left\">Eslovaquia<\/td>\n<td class=\"has-text-align-left\" data-align=\"left\">(SK)<\/td>\n<\/tr>\n<tr>\n<td class=\"has-text-align-left\" data-align=\"left\">Bulgaria<\/td>\n<td class=\"has-text-align-left\" data-align=\"left\">(BG)<\/td>\n<td class=\"has-text-align-left\" data-align=\"left\">Francia<\/td>\n<td class=\"has-text-align-left\" data-align=\"left\">(FR)<\/td>\n<td class=\"has-text-align-left\" data-align=\"left\">Malta<\/td>\n<td class=\"has-text-align-left\" data-align=\"left\">(MT)<\/td>\n<td class=\"has-text-align-left\" data-align=\"left\">Finlandia<\/td>\n<td class=\"has-text-align-left\" data-align=\"left\">(FI)<\/td>\n<\/tr>\n<tr>\n<td class=\"has-text-align-left\" data-align=\"left\">Rep\u00fablica Checa<\/td>\n<td class=\"has-text-align-left\" data-align=\"left\">(CZ)<\/td>\n<td class=\"has-text-align-left\" data-align=\"left\">Croacia<\/td>\n<td class=\"has-text-align-left\" data-align=\"left\">(HR)<\/td>\n<td class=\"has-text-align-left\" data-align=\"left\">Pa\u00edses Bajos<\/td>\n<td class=\"has-text-align-left\" data-align=\"left\">(EN)<\/td>\n<td class=\"has-text-align-left\" data-align=\"left\">Suecia<\/td>\n<td class=\"has-text-align-left\" data-align=\"left\">(SE)<\/td>\n<\/tr>\n<tr>\n<td class=\"has-text-align-left\" data-align=\"left\">Dinamarca<\/td>\n<td class=\"has-text-align-left\" data-align=\"left\">(DK)<\/td>\n<td class=\"has-text-align-left\" data-align=\"left\">Italia<\/td>\n<td class=\"has-text-align-left\" data-align=\"left\">(IT)<\/td>\n<td class=\"has-text-align-left\" data-align=\"left\">Austria<\/td>\n<td class=\"has-text-align-left\" data-align=\"left\">(AT)<\/td>\n<td class=\"has-text-align-left\" data-align=\"left\">Alemania<\/td>\n<td class=\"has-text-align-left\" data-align=\"left\">(DE)<\/td>\n<\/tr>\n<tr>\n<td class=\"has-text-align-left\" data-align=\"left\">Chipre<\/td>\n<td class=\"has-text-align-left\" data-align=\"left\">(CY)<\/td>\n<td class=\"has-text-align-left\" data-align=\"left\">Polonia<\/td>\n<td class=\"has-text-align-left\" data-align=\"left\">(PL)<\/td>\n<td class=\"has-text-align-left\" data-align=\"left\">Islandia<\/td>\n<td class=\"has-text-align-left\" data-align=\"left\">(IS)<\/td>\n<td class=\"has-text-align-left\" data-align=\"left\">Estonia<\/td>\n<td class=\"has-text-align-left\" data-align=\"left\">(EE)<\/td>\n<\/tr>\n<tr>\n<td class=\"has-text-align-left\" data-align=\"left\">Letonia<\/td>\n<td class=\"has-text-align-left\" data-align=\"left\">(LV)<\/td>\n<td class=\"has-text-align-left\" data-align=\"left\">Portugal<\/td>\n<td class=\"has-text-align-left\" data-align=\"left\">(PT)<\/td>\n<td class=\"has-text-align-left\" data-align=\"left\">Liechtenstein<\/td>\n<td class=\"has-text-align-left\" data-align=\"left\">(LI)<\/td>\n<td class=\"has-text-align-left\" data-align=\"left\">Irlanda<\/td>\n<td class=\"has-text-align-left\" data-align=\"left\">(IE)<\/td>\n<\/tr>\n<tr>\n<td class=\"has-text-align-left\" data-align=\"left\">Lituania<\/td>\n<td class=\"has-text-align-left\" data-align=\"left\">(LT)<\/td>\n<td class=\"has-text-align-left\" data-align=\"left\">Ruman\u00eda<\/td>\n<td class=\"has-text-align-left\" data-align=\"left\">(RO)<\/td>\n<td class=\"has-text-align-left\" data-align=\"left\">Noruega<\/td>\n<td class=\"has-text-align-left\" data-align=\"left\">(NO)<\/td>\n<td class=\"has-text-align-left\" data-align=\"left\">Grecia<\/td>\n<td class=\"has-text-align-left\" data-align=\"left\">(EL)<\/td>\n<\/tr>\n<tr>\n<td class=\"has-text-align-left\" data-align=\"left\">Luxemburgo<\/td>\n<td class=\"has-text-align-left\" data-align=\"left\">(LU)<\/td>\n<td class=\"has-text-align-left\" data-align=\"left\">Eslovenia<\/td>\n<td class=\"has-text-align-left\" data-align=\"left\">(SI)<\/td>\n<td class=\"has-text-align-left\" data-align=\"left\">Suiza<\/td>\n<td class=\"has-text-align-left\" data-align=\"left\">(CH)<\/td>\n<td class=\"has-text-align-left\" data-align=\"left\"><\/td>\n<td class=\"has-text-align-left\" data-align=\"left\"><\/td>\n<\/tr>\n<\/tbody>\n<\/table>\n<\/figure>\n<p>*Para Suiza, podemos crear el expediente PCN, con toda la informaci\u00f3n necesaria para presentar una solicitud en el portal suizo. Ponte en contacto con nosotros para obtener m\u00e1s informaci\u00f3n. <\/p>\n<h2>Excepciones y puntos importantes a tener en cuenta<\/h2>\n<p>Aunque el sistema est\u00e1 armonizado en gran medida, existen algunas diferencias por pa\u00edses:<\/p>\n<h3>1. Requisitos ling\u00fc\u00edsticos<\/h3>\n<ul>\n<li>A menudo, el NCP debe presentarse en la lengua oficial del pa\u00eds<\/li>\n<li>Algunos pa\u00edses aceptan el ingl\u00e9s, pero no todos<\/li>\n<li>Ejemplo: Francia y Espa\u00f1a suelen exigir su propia lengua<\/li>\n<\/ul>\n<h3>2. Requisitos nacionales<\/h3>\n<ul>\n<li>Algunos pa\u00edses tienen requisitos o sistemas adicionales<\/li>\n<li>Hist\u00f3ricamente, Italia y Alemania han tenido sus propios sistemas (actualmente armonizados en gran medida).<\/li>\n<li>En algunos casos, se requiere una notificaci\u00f3n nacional adicional<\/li>\n<\/ul>\n","protected":false},"excerpt":{"rendered":"<p>La obligaci\u00f3n de NCP\/UFI se aplica en todos los pa\u00edses de la UE y del EEE en los que se comercializan mezclas peligrosas. La obligaci\u00f3n de NCP\/UFI se aplica en todos los pa\u00edses de la UE y del EEE en los que se comercializan mezclas peligrosas. Este servicio te permite ampliar tu notificaci\u00f3n de NCP&#8230;<\/p>\n","protected":false},"featured_media":6580,"template":"","meta":[],"product_brand":[],"product_cat":[401],"product_tag":[],"class_list":{"0":"post-15620","1":"product","2":"type-product","3":"status-publish","4":"has-post-thumbnail","6":"product_cat-notificacion-de-ncp","8":"first","9":"instock","10":"virtual","11":"taxable","12":"purchasable","13":"product-type-simple"},"bundled_by":[],"bundle_stock_status":"instock","bundle_stock_quantity":null,"bundle_virtual":false,"bundle_layout":"","bundle_add_to_cart_form_location":"","bundle_editable_in_cart":false,"bundle_sold_individually_context":"","bundle_item_grouping":"","bundle_min_size":"","bundle_max_size":"","bundle_price":[],"bundled_items":[],"bundle_sell_ids":[],"yoast_head":"<!-- This site is optimized with the Yoast SEO Premium plugin v25.4 (Yoast SEO v25.4) - https:\/\/yoast.com\/wordpress\/plugins\/seo\/ -->\n<title>Notificaci\u00f3n PCN Registro del pa\u00eds - Certified Cosmetics<\/title>\n<meta name=\"robots\" content=\"index, follow, max-snippet:-1, max-image-preview:large, max-video-preview:-1\" \/>\n<link rel=\"canonical\" href=\"https:\/\/www.certifiedcosmetics.com\/es\/product\/notificacion-de-ncp\/notificacion-pcn-registro-del-pais\/\" \/>\n<meta property=\"og:locale\" content=\"es_ES\" \/>\n<meta property=\"og:type\" content=\"article\" \/>\n<meta property=\"og:title\" content=\"Notificaci\u00f3n PCN Registro del pa\u00eds\" \/>\n<meta property=\"og:description\" content=\"La obligaci\u00f3n de NCP\/UFI se aplica en todos los pa\u00edses de la UE y del EEE en los que se comercializan mezclas peligrosas. La obligaci\u00f3n de NCP\/UFI se aplica en todos los pa\u00edses de la UE y del EEE en los que se comercializan mezclas peligrosas. Este servicio te permite ampliar tu notificaci\u00f3n de NCP...\" \/>\n<meta property=\"og:url\" content=\"https:\/\/www.certifiedcosmetics.com\/es\/product\/notificacion-de-ncp\/notificacion-pcn-registro-del-pais\/\" \/>\n<meta property=\"og:site_name\" content=\"Certified Cosmetics\" \/>\n<meta property=\"og:image\" content=\"https:\/\/www.certifiedcosmetics.com\/wp-content\/uploads\/2023\/11\/pif.jpg\" \/>\n\t<meta property=\"og:image:width\" content=\"800\" \/>\n\t<meta property=\"og:image:height\" content=\"800\" \/>\n\t<meta property=\"og:image:type\" content=\"image\/jpeg\" \/>\n<meta name=\"twitter:card\" content=\"summary_large_image\" \/>\n<meta name=\"twitter:label1\" content=\"Precio\" \/>\n\t<meta name=\"twitter:data1\" content=\"&#036;41.19\" \/>\n\t<meta name=\"twitter:label2\" content=\"Disponibilidad\" \/>\n\t<meta name=\"twitter:data2\" content=\"Disponible\" \/>\n<script type=\"application\/ld+json\" class=\"yoast-schema-graph\">{\"@context\":\"https:\/\/schema.org\",\"@graph\":[{\"@type\":\"WebPage\",\"@id\":\"https:\/\/www.certifiedcosmetics.com\/es\/product\/notificacion-de-ncp\/notificacion-pcn-registro-del-pais\/\",\"url\":\"https:\/\/www.certifiedcosmetics.com\/es\/product\/notificacion-de-ncp\/notificacion-pcn-registro-del-pais\/\",\"name\":\"Notificaci\u00f3n PCN Registro del pa\u00eds - Certified Cosmetics\",\"isPartOf\":{\"@id\":\"https:\/\/www.certifiedcosmetics.com\/es\/#website\"},\"primaryImageOfPage\":{\"@id\":\"https:\/\/www.certifiedcosmetics.com\/es\/product\/notificacion-de-ncp\/notificacion-pcn-registro-del-pais\/#primaryimage\"},\"image\":{\"@id\":\"https:\/\/www.certifiedcosmetics.com\/es\/product\/notificacion-de-ncp\/notificacion-pcn-registro-del-pais\/#primaryimage\"},\"thumbnailUrl\":\"https:\/\/www.certifiedcosmetics.com\/wp-content\/uploads\/2023\/11\/pif.jpg\",\"datePublished\":\"2026-03-18T10:03:25+00:00\",\"breadcrumb\":{\"@id\":\"https:\/\/www.certifiedcosmetics.com\/es\/product\/notificacion-de-ncp\/notificacion-pcn-registro-del-pais\/#breadcrumb\"},\"inLanguage\":\"es\",\"potentialAction\":[{\"@type\":\"ReadAction\",\"target\":[\"https:\/\/www.certifiedcosmetics.com\/es\/product\/notificacion-de-ncp\/notificacion-pcn-registro-del-pais\/\"]}]},{\"@type\":\"ImageObject\",\"inLanguage\":\"es\",\"@id\":\"https:\/\/www.certifiedcosmetics.com\/es\/product\/notificacion-de-ncp\/notificacion-pcn-registro-del-pais\/#primaryimage\",\"url\":\"https:\/\/www.certifiedcosmetics.com\/wp-content\/uploads\/2023\/11\/pif.jpg\",\"contentUrl\":\"https:\/\/www.certifiedcosmetics.com\/wp-content\/uploads\/2023\/11\/pif.jpg\",\"width\":800,\"height\":800},{\"@type\":\"BreadcrumbList\",\"@id\":\"https:\/\/www.certifiedcosmetics.com\/es\/product\/notificacion-de-ncp\/notificacion-pcn-registro-del-pais\/#breadcrumb\",\"itemListElement\":[{\"@type\":\"ListItem\",\"position\":1,\"name\":\"Home\",\"item\":\"https:\/\/www.certifiedcosmetics.com\/es\/\"},{\"@type\":\"ListItem\",\"position\":2,\"name\":\"Tienda\",\"item\":\"https:\/\/www.certifiedcosmetics.com\/es\/tienda\/\"},{\"@type\":\"ListItem\",\"position\":3,\"name\":\"Notificaci\u00f3n PCN Registro del pa\u00eds\"}]},{\"@type\":\"WebSite\",\"@id\":\"https:\/\/www.certifiedcosmetics.com\/es\/#website\",\"url\":\"https:\/\/www.certifiedcosmetics.com\/es\/\",\"name\":\"Certified Cosmetics\",\"description\":\"Cosmetic Testing\",\"publisher\":{\"@id\":\"https:\/\/www.certifiedcosmetics.com\/es\/#organization\"},\"potentialAction\":[{\"@type\":\"SearchAction\",\"target\":{\"@type\":\"EntryPoint\",\"urlTemplate\":\"https:\/\/www.certifiedcosmetics.com\/es\/?s={search_term_string}\"},\"query-input\":{\"@type\":\"PropertyValueSpecification\",\"valueRequired\":true,\"valueName\":\"search_term_string\"}}],\"inLanguage\":\"es\"},{\"@type\":\"Organization\",\"@id\":\"https:\/\/www.certifiedcosmetics.com\/es\/#organization\",\"name\":\"Certified Cosmetics\",\"url\":\"https:\/\/www.certifiedcosmetics.com\/es\/\",\"logo\":{\"@type\":\"ImageObject\",\"inLanguage\":\"es\",\"@id\":\"https:\/\/www.certifiedcosmetics.com\/es\/#\/schema\/logo\/image\/\",\"url\":\"https:\/\/www.certifiedcosmetics.com\/wp-content\/uploads\/2024\/12\/logo_certified_cosmetics696.jpg\",\"contentUrl\":\"https:\/\/www.certifiedcosmetics.com\/wp-content\/uploads\/2024\/12\/logo_certified_cosmetics696.jpg\",\"width\":696,\"height\":696,\"caption\":\"Certified Cosmetics\"},\"image\":{\"@id\":\"https:\/\/www.certifiedcosmetics.com\/es\/#\/schema\/logo\/image\/\"},\"description\":\"Your trusted partner for cosmetic product safety reporting. We take care of updating all of your documentation, ensuring your compliance stays current even as regulations evolve. The Cosmetic Product Safety Assessment will give you everything you need to sell specific products to EU consumers.\",\"email\":\"contact@certifiedcosmetics.com\",\"telephone\":\"+31 36 2036384\",\"legalName\":\"Certified Cosmetics\",\"foundingDate\":\"2010-01-01\",\"vatID\":\"NL854189543B01\",\"numberOfEmployees\":{\"@type\":\"QuantitativeValue\",\"minValue\":\"11\",\"maxValue\":\"50\"}}]}<\/script>\n<meta property=\"product:price:amount\" content=\"41.19\" \/>\n<meta property=\"product:price:currency\" content=\"USD\" \/>\n<meta property=\"og:availability\" content=\"instock\" \/>\n<meta property=\"product:availability\" content=\"instock\" \/>\n<meta property=\"product:retailer_item_id\" content=\"CC100002\" \/>\n<meta property=\"product:condition\" content=\"new\" \/>\n<!-- \/ Yoast SEO Premium plugin. -->","yoast_head_json":{"title":"Notificaci\u00f3n PCN Registro del pa\u00eds - Certified Cosmetics","robots":{"index":"index","follow":"follow","max-snippet":"max-snippet:-1","max-image-preview":"max-image-preview:large","max-video-preview":"max-video-preview:-1"},"canonical":"https:\/\/www.certifiedcosmetics.com\/es\/product\/notificacion-de-ncp\/notificacion-pcn-registro-del-pais\/","og_locale":"es_ES","og_type":"article","og_title":"Notificaci\u00f3n PCN Registro del pa\u00eds","og_description":"La obligaci\u00f3n de NCP\/UFI se aplica en todos los pa\u00edses de la UE y del EEE en los que se comercializan mezclas peligrosas. La obligaci\u00f3n de NCP\/UFI se aplica en todos los pa\u00edses de la UE y del EEE en los que se comercializan mezclas peligrosas. Este servicio te permite ampliar tu notificaci\u00f3n de NCP...","og_url":"https:\/\/www.certifiedcosmetics.com\/es\/product\/notificacion-de-ncp\/notificacion-pcn-registro-del-pais\/","og_site_name":"Certified Cosmetics","og_image":[{"width":800,"height":800,"url":"https:\/\/www.certifiedcosmetics.com\/wp-content\/uploads\/2023\/11\/pif.jpg","type":"image\/jpeg"}],"twitter_card":"summary_large_image","twitter_misc":{"Precio":"&#36;41.19","Disponibilidad":"Disponible"},"schema":{"@context":"https:\/\/schema.org","@graph":[{"@type":"WebPage","@id":"https:\/\/www.certifiedcosmetics.com\/es\/product\/notificacion-de-ncp\/notificacion-pcn-registro-del-pais\/","url":"https:\/\/www.certifiedcosmetics.com\/es\/product\/notificacion-de-ncp\/notificacion-pcn-registro-del-pais\/","name":"Notificaci\u00f3n PCN Registro del pa\u00eds - Certified Cosmetics","isPartOf":{"@id":"https:\/\/www.certifiedcosmetics.com\/es\/#website"},"primaryImageOfPage":{"@id":"https:\/\/www.certifiedcosmetics.com\/es\/product\/notificacion-de-ncp\/notificacion-pcn-registro-del-pais\/#primaryimage"},"image":{"@id":"https:\/\/www.certifiedcosmetics.com\/es\/product\/notificacion-de-ncp\/notificacion-pcn-registro-del-pais\/#primaryimage"},"thumbnailUrl":"https:\/\/www.certifiedcosmetics.com\/wp-content\/uploads\/2023\/11\/pif.jpg","datePublished":"2026-03-18T10:03:25+00:00","breadcrumb":{"@id":"https:\/\/www.certifiedcosmetics.com\/es\/product\/notificacion-de-ncp\/notificacion-pcn-registro-del-pais\/#breadcrumb"},"inLanguage":"es","potentialAction":[{"@type":"ReadAction","target":["https:\/\/www.certifiedcosmetics.com\/es\/product\/notificacion-de-ncp\/notificacion-pcn-registro-del-pais\/"]}]},{"@type":"ImageObject","inLanguage":"es","@id":"https:\/\/www.certifiedcosmetics.com\/es\/product\/notificacion-de-ncp\/notificacion-pcn-registro-del-pais\/#primaryimage","url":"https:\/\/www.certifiedcosmetics.com\/wp-content\/uploads\/2023\/11\/pif.jpg","contentUrl":"https:\/\/www.certifiedcosmetics.com\/wp-content\/uploads\/2023\/11\/pif.jpg","width":800,"height":800},{"@type":"BreadcrumbList","@id":"https:\/\/www.certifiedcosmetics.com\/es\/product\/notificacion-de-ncp\/notificacion-pcn-registro-del-pais\/#breadcrumb","itemListElement":[{"@type":"ListItem","position":1,"name":"Home","item":"https:\/\/www.certifiedcosmetics.com\/es\/"},{"@type":"ListItem","position":2,"name":"Tienda","item":"https:\/\/www.certifiedcosmetics.com\/es\/tienda\/"},{"@type":"ListItem","position":3,"name":"Notificaci\u00f3n PCN Registro del pa\u00eds"}]},{"@type":"WebSite","@id":"https:\/\/www.certifiedcosmetics.com\/es\/#website","url":"https:\/\/www.certifiedcosmetics.com\/es\/","name":"Certified Cosmetics","description":"Cosmetic Testing","publisher":{"@id":"https:\/\/www.certifiedcosmetics.com\/es\/#organization"},"potentialAction":[{"@type":"SearchAction","target":{"@type":"EntryPoint","urlTemplate":"https:\/\/www.certifiedcosmetics.com\/es\/?s={search_term_string}"},"query-input":{"@type":"PropertyValueSpecification","valueRequired":true,"valueName":"search_term_string"}}],"inLanguage":"es"},{"@type":"Organization","@id":"https:\/\/www.certifiedcosmetics.com\/es\/#organization","name":"Certified Cosmetics","url":"https:\/\/www.certifiedcosmetics.com\/es\/","logo":{"@type":"ImageObject","inLanguage":"es","@id":"https:\/\/www.certifiedcosmetics.com\/es\/#\/schema\/logo\/image\/","url":"https:\/\/www.certifiedcosmetics.com\/wp-content\/uploads\/2024\/12\/logo_certified_cosmetics696.jpg","contentUrl":"https:\/\/www.certifiedcosmetics.com\/wp-content\/uploads\/2024\/12\/logo_certified_cosmetics696.jpg","width":696,"height":696,"caption":"Certified Cosmetics"},"image":{"@id":"https:\/\/www.certifiedcosmetics.com\/es\/#\/schema\/logo\/image\/"},"description":"Your trusted partner for cosmetic product safety reporting. We take care of updating all of your documentation, ensuring your compliance stays current even as regulations evolve. The Cosmetic Product Safety Assessment will give you everything you need to sell specific products to EU consumers.","email":"contact@certifiedcosmetics.com","telephone":"+31 36 2036384","legalName":"Certified Cosmetics","foundingDate":"2010-01-01","vatID":"NL854189543B01","numberOfEmployees":{"@type":"QuantitativeValue","minValue":"11","maxValue":"50"}}]},"product_price_amount":"41.19","product_price_currency":"USD","og_availability":"instock","product_availability":"instock","product_retailer_item_id":"CC100002","product_condition":"new"},"_links":{"self":[{"href":"https:\/\/www.certifiedcosmetics.com\/es\/wp-json\/wp\/v2\/product\/15620","targetHints":{"allow":["GET"]}}],"collection":[{"href":"https:\/\/www.certifiedcosmetics.com\/es\/wp-json\/wp\/v2\/product"}],"about":[{"href":"https:\/\/www.certifiedcosmetics.com\/es\/wp-json\/wp\/v2\/types\/product"}],"wp:featuredmedia":[{"embeddable":true,"href":"https:\/\/www.certifiedcosmetics.com\/es\/wp-json\/wp\/v2\/media\/6580"}],"wp:attachment":[{"href":"https:\/\/www.certifiedcosmetics.com\/es\/wp-json\/wp\/v2\/media?parent=15620"}],"wp:term":[{"taxonomy":"product_brand","embeddable":true,"href":"https:\/\/www.certifiedcosmetics.com\/es\/wp-json\/wp\/v2\/product_brand?post=15620"},{"taxonomy":"product_cat","embeddable":true,"href":"https:\/\/www.certifiedcosmetics.com\/es\/wp-json\/wp\/v2\/product_cat?post=15620"},{"taxonomy":"product_tag","embeddable":true,"href":"https:\/\/www.certifiedcosmetics.com\/es\/wp-json\/wp\/v2\/product_tag?post=15620"}],"curies":[{"name":"wp","href":"https:\/\/api.w.org\/{rel}","templated":true}]}}