{"id":15307,"date":"2026-03-03T15:05:13","date_gmt":"2026-03-03T14:05:13","guid":{"rendered":"https:\/\/www.certifiedcosmetics.com\/product\/sin categor\u00eda\/pif-e-informe-sobre-la-seguridad-de-los-productos-cosmeticos-marca-blanca\/"},"modified":"2026-03-03T15:05:13","modified_gmt":"2026-03-03T14:05:13","slug":"pif-e-informe-sobre-la-seguridad-de-los-productos-cosmeticos-marca-blanca","status":"publish","type":"product","link":"https:\/\/www.certifiedcosmetics.com\/es\/product\/evaluacion-de-la-seguridad-cosmetica\/pif-e-informe-sobre-la-seguridad-de-los-productos-cosmeticos-marca-blanca\/","title":{"rendered":"PIF e Informe sobre la seguridad de los productos cosm\u00e9ticos &#8211; Marca blanca"},"content":{"rendered":"<p data-start=\"143\" data-end=\"432\">Los cosm\u00e9ticos de marca blanca crean valiosas oportunidades de negocio para los fabricantes que quieren ampliar la distribuci\u00f3n y para los distribuidores que quieren lanzar productos con su propia marca. Sin embargo, la estructura reguladora de un producto de marca blanca debe definirse cuidadosamente desde el principio. <\/p>\n<p data-start=\"434\" data-end=\"664\">Para los fabricantes, mantener el control sobre la formulaci\u00f3n, el Fichero de Informaci\u00f3n del Producto (FIP) y la responsabilidad reglamentaria puede ser esencial para proteger la propiedad intelectual y garantizar un cumplimiento coherente en varios clientes.<\/p>\n<p data-start=\"666\" data-end=\"892\">Para los distribuidores, asumir la propiedad de la marca a menudo significa convertirse en la Persona Responsable y gestionar un FPI totalmente independiente en su propio nombre. Esto requiere una transferencia clara de la documentaci\u00f3n y la responsabilidad reglamentaria. <\/p>\n<p data-start=\"894\" data-end=\"1173\" data-is-last-node=\"\" data-is-only-node=\"\">Este servicio CPSR de marca blanca est\u00e1 dise\u00f1ado para apoyar ambos modelos. Tanto si sigues siendo la Persona Responsable como si transfieres la responsabilidad al distribuidor, nos aseguramos de que el marco normativo est\u00e9 correctamente estructurado, documentado y cumpla el Reglamento (CE) n\u00ba 1223\/2009. <\/p>\n<h2 data-start=\"894\" data-end=\"1173\">\u00bfC\u00f3mo funcionan el PIF y el CPSR de marca blanca?<\/h2>\n<p data-start=\"152\" data-end=\"319\">Este servicio de Informe sobre la seguridad de los productos cosm\u00e9ticos (CPSR) est\u00e1 disponible exclusivamente para productos de marca blanca para los que hayamos elaborado previamente el PIF y\/o el CPSR originales. Si se requiere un PIF y un CPSR de marca blanca para uno existente que no haya sido creado por Cosm\u00e9ticos Certificados, primero tendremos que volver a crearlo. Este servicio ser\u00eda necesario en primer lugar: <a href=\"https:\/\/www.certifiedcosmetics.com\/es\/product\/evaluacion-de-la-seguridad-cosmetica\/evaluacion-de-la-seguridad-de-los-productos-cosmeticos-cpsr\/\">Informe sobre la seguridad de los productos cosm\u00e9ticos &#8211; CPSR<\/a>  <\/p>\n<p data-start=\"321\" data-end=\"389\">Hay dos posibles escenarios normativos para los productos de marca blanca:<\/p>\n<ol data-start=\"391\" data-end=\"516\">\n<li data-start=\"391\" data-end=\"459\">\n<p data-start=\"394\" data-end=\"459\">El fabricante de marca blanca sigue siendo la Persona Responsable (PR)<\/p>\n<\/li>\n<li data-start=\"460\" data-end=\"516\">\n<p data-start=\"463\" data-end=\"516\">El distribuidor se convierte en la Persona Responsable (PR)<\/p>\n<\/li>\n<\/ol>\n<p data-start=\"518\" data-end=\"582\">Cada escenario tiene unos requisitos legales y unos resultados diferentes.<\/p>\n<h2>El fabricante de marca blanca sigue siendo la Persona Responsable<\/h2>\n<p data-start=\"664\" data-end=\"787\">En esta situaci\u00f3n, el fabricante original sigue actuando como Persona Responsable en virtud del Reglamento (CE) n\u00ba 1223\/2009.<\/p>\n<p data-start=\"789\" data-end=\"802\"><strong>Requisitos:<\/strong><\/p>\n<ul data-start=\"803\" data-end=\"1038\">\n<li data-start=\"803\" data-end=\"874\">\n<p data-start=\"805\" data-end=\"874\">El nombre y la direcci\u00f3n del fabricante deben figurar en la etiqueta del producto.<\/p>\n<\/li>\n<li data-start=\"875\" data-end=\"966\">\n<p data-start=\"877\" data-end=\"966\">El Fichero de Informaci\u00f3n del Producto (FIP) y el CPSR permanecen bajo el control del fabricante.<\/p>\n<\/li>\n<li data-start=\"967\" data-end=\"1038\">\n<p data-start=\"969\" data-end=\"1038\">La formulaci\u00f3n sigue siendo confidencial y gestionada por el fabricante.<\/p>\n<\/li>\n<\/ul>\n<p data-start=\"1040\" data-end=\"1146\">Esta estructura garantiza que el fabricante conserve el control sobre la receta y la documentaci\u00f3n reglamentaria.<\/p>\n<p data-start=\"1148\" data-end=\"1165\"><strong>Resultados:<\/strong><\/p>\n<ul data-start=\"1166\" data-end=\"1276\">\n<li data-start=\"1166\" data-end=\"1210\">\n<p data-start=\"1168\" data-end=\"1210\">Comprobaci\u00f3n del cumplimiento de la etiqueta (revisi\u00f3n del Art\u00edculo 19)<\/p>\n<\/li>\n<li data-start=\"1211\" data-end=\"1276\">\n<p data-start=\"1213\" data-end=\"1276\">Anexo al PIF existente que refleja el acuerdo de marca blanca<\/p>\n<\/li>\n<\/ul>\n<h2>El distribuidor se convertir\u00e1 en la Persona Responsable<\/h2>\n<p data-start=\"1346\" data-end=\"1511\">Si el distribuidor desea comercializar el producto con su propio nombre y asumir toda la responsabilidad reglamentaria, debe actuar como Persona Responsable.<\/p>\n<p data-start=\"1513\" data-end=\"1526\"><strong>Requisitos:<\/strong><\/p>\n<ul data-start=\"1527\" data-end=\"1672\">\n<li data-start=\"1527\" data-end=\"1614\">\n<p data-start=\"1529\" data-end=\"1614\">El distribuidor debe establecer y mantener su propio Fichero de Informaci\u00f3n del Producto (FIP).<\/p>\n<\/li>\n<li data-start=\"1615\" data-end=\"1672\">\n<p data-start=\"1617\" data-end=\"1672\">La responsabilidad reglamentaria se transfiere al distribuidor.<\/p>\n<\/li>\n<\/ul>\n<p data-start=\"1674\" data-end=\"1691\"><strong>Resultados:<\/strong><\/p>\n<ul data-start=\"1692\" data-end=\"1784\">\n<li data-start=\"1692\" data-end=\"1736\">\n<p data-start=\"1694\" data-end=\"1736\">Comprobaci\u00f3n del cumplimiento de la etiqueta (revisi\u00f3n del Art\u00edculo 19)<\/p>\n<\/li>\n<li data-start=\"1737\" data-end=\"1784\">\n<p data-start=\"1739\" data-end=\"1784\">Nuevo PIF emitido a nombre del distribuidor<\/p>\n<\/li>\n<li data-start=\"1737\" data-end=\"1784\">Tambi\u00e9n podemos enviarlo a la CPNP con este servicio: <a href=\"https:\/\/www.certifiedcosmetics.com\/es\/product\/evaluacion-de-la-seguridad-cosmetica\/notificacion-cpnp\/\">Servicio de notificaci\u00f3n CPNP<\/a><\/li>\n<\/ul>\n","protected":false},"excerpt":{"rendered":"<p>Los cosm\u00e9ticos de marca blanca crean valiosas oportunidades de negocio para los fabricantes que quieren ampliar la distribuci\u00f3n y para los distribuidores que quieren lanzar productos con su propia marca. Sin embargo, la estructura reguladora de un producto de marca blanca debe definirse cuidadosamente desde el principio. Para los fabricantes, mantener el control sobre la&#8230;<\/p>\n","protected":false},"featured_media":12497,"template":"","meta":[],"product_cat":[116],"product_tag":[],"class_list":{"0":"post-15307","1":"product","2":"type-product","3":"status-publish","4":"has-post-thumbnail","6":"product_cat-evaluacion-de-la-seguridad-cosmetica","8":"first","9":"instock","10":"virtual","11":"taxable","12":"purchasable","13":"product-type-simple"},"bundled_by":[],"bundle_stock_status":"instock","bundle_stock_quantity":null,"bundle_virtual":false,"bundle_layout":"","bundle_add_to_cart_form_location":"","bundle_editable_in_cart":false,"bundle_sold_individually_context":"","bundle_item_grouping":"","bundle_min_size":"","bundle_max_size":"","bundle_price":[],"bundled_items":[],"bundle_sell_ids":[],"yoast_head":"<!-- This site is optimized with the Yoast SEO Premium plugin v25.4 (Yoast SEO v25.4) - https:\/\/yoast.com\/wordpress\/plugins\/seo\/ -->\n<title>PIF e Informe sobre la seguridad de los productos cosm\u00e9ticos - Marca blanca - Certified Cosmetics<\/title>\n<meta name=\"description\" content=\"La FPI y la CPSR de marca blanca en cosm\u00e9tica crean valiosas oportunidades de negocio para los fabricantes que quieren ampliar la distribuci\u00f3n y para los distribuidores que quieren lanzar productos con su propia marca.\" \/>\n<meta name=\"robots\" content=\"index, follow, max-snippet:-1, max-image-preview:large, max-video-preview:-1\" \/>\n<link rel=\"canonical\" href=\"https:\/\/www.certifiedcosmetics.com\/es\/product\/evaluacion-de-la-seguridad-cosmetica\/pif-e-informe-sobre-la-seguridad-de-los-productos-cosmeticos-marca-blanca\/\" \/>\n<meta property=\"og:locale\" content=\"es_ES\" \/>\n<meta property=\"og:type\" content=\"article\" \/>\n<meta property=\"og:title\" content=\"PIF e Informe sobre la seguridad de los productos cosm\u00e9ticos - Marca blanca\" \/>\n<meta property=\"og:description\" content=\"La FPI y la CPSR de marca blanca en cosm\u00e9tica crean valiosas oportunidades de negocio para los fabricantes que quieren ampliar la distribuci\u00f3n y para los distribuidores que quieren lanzar productos con su propia marca.\" \/>\n<meta property=\"og:url\" content=\"https:\/\/www.certifiedcosmetics.com\/es\/product\/evaluacion-de-la-seguridad-cosmetica\/pif-e-informe-sobre-la-seguridad-de-los-productos-cosmeticos-marca-blanca\/\" \/>\n<meta property=\"og:site_name\" content=\"Certified Cosmetics\" \/>\n<meta property=\"og:image\" content=\"https:\/\/www.certifiedcosmetics.com\/wp-content\/uploads\/2025\/07\/CPSR-Cosmetics.jpg\" \/>\n\t<meta property=\"og:image:width\" content=\"800\" \/>\n\t<meta property=\"og:image:height\" content=\"800\" \/>\n\t<meta property=\"og:image:type\" content=\"image\/jpeg\" \/>\n<meta name=\"twitter:card\" content=\"summary_large_image\" \/>\n<meta name=\"twitter:label1\" content=\"Precio\" \/>\n\t<meta name=\"twitter:data1\" content=\"&#036;86.40\" \/>\n\t<meta name=\"twitter:label2\" content=\"Disponibilidad\" \/>\n\t<meta name=\"twitter:data2\" content=\"Disponible\" \/>\n<script type=\"application\/ld+json\" class=\"yoast-schema-graph\">{\"@context\":\"https:\/\/schema.org\",\"@graph\":[{\"@type\":\"WebPage\",\"@id\":\"https:\/\/www.certifiedcosmetics.com\/es\/product\/evaluacion-de-la-seguridad-cosmetica\/pif-e-informe-sobre-la-seguridad-de-los-productos-cosmeticos-marca-blanca\/\",\"url\":\"https:\/\/www.certifiedcosmetics.com\/es\/product\/evaluacion-de-la-seguridad-cosmetica\/pif-e-informe-sobre-la-seguridad-de-los-productos-cosmeticos-marca-blanca\/\",\"name\":\"PIF e Informe sobre la seguridad de los productos cosm\u00e9ticos - Marca blanca - Certified Cosmetics\",\"isPartOf\":{\"@id\":\"https:\/\/www.certifiedcosmetics.com\/es\/#website\"},\"primaryImageOfPage\":{\"@id\":\"https:\/\/www.certifiedcosmetics.com\/es\/product\/evaluacion-de-la-seguridad-cosmetica\/pif-e-informe-sobre-la-seguridad-de-los-productos-cosmeticos-marca-blanca\/#primaryimage\"},\"image\":{\"@id\":\"https:\/\/www.certifiedcosmetics.com\/es\/product\/evaluacion-de-la-seguridad-cosmetica\/pif-e-informe-sobre-la-seguridad-de-los-productos-cosmeticos-marca-blanca\/#primaryimage\"},\"thumbnailUrl\":\"https:\/\/www.certifiedcosmetics.com\/wp-content\/uploads\/2025\/07\/CPSR-Cosmetics.jpg\",\"datePublished\":\"2026-03-03T14:05:13+00:00\",\"description\":\"La FPI y la CPSR de marca blanca en cosm\u00e9tica crean valiosas oportunidades de negocio para los fabricantes que quieren ampliar la distribuci\u00f3n y para los distribuidores que quieren lanzar productos con su propia marca.\",\"breadcrumb\":{\"@id\":\"https:\/\/www.certifiedcosmetics.com\/es\/product\/evaluacion-de-la-seguridad-cosmetica\/pif-e-informe-sobre-la-seguridad-de-los-productos-cosmeticos-marca-blanca\/#breadcrumb\"},\"inLanguage\":\"es\",\"potentialAction\":[{\"@type\":\"ReadAction\",\"target\":[\"https:\/\/www.certifiedcosmetics.com\/es\/product\/evaluacion-de-la-seguridad-cosmetica\/pif-e-informe-sobre-la-seguridad-de-los-productos-cosmeticos-marca-blanca\/\"]}]},{\"@type\":\"ImageObject\",\"inLanguage\":\"es\",\"@id\":\"https:\/\/www.certifiedcosmetics.com\/es\/product\/evaluacion-de-la-seguridad-cosmetica\/pif-e-informe-sobre-la-seguridad-de-los-productos-cosmeticos-marca-blanca\/#primaryimage\",\"url\":\"https:\/\/www.certifiedcosmetics.com\/wp-content\/uploads\/2025\/07\/CPSR-Cosmetics.jpg\",\"contentUrl\":\"https:\/\/www.certifiedcosmetics.com\/wp-content\/uploads\/2025\/07\/CPSR-Cosmetics.jpg\",\"width\":800,\"height\":800,\"caption\":\"Cosm\u00e9ticos CPSR\"},{\"@type\":\"BreadcrumbList\",\"@id\":\"https:\/\/www.certifiedcosmetics.com\/es\/product\/evaluacion-de-la-seguridad-cosmetica\/pif-e-informe-sobre-la-seguridad-de-los-productos-cosmeticos-marca-blanca\/#breadcrumb\",\"itemListElement\":[{\"@type\":\"ListItem\",\"position\":1,\"name\":\"Home\",\"item\":\"https:\/\/www.certifiedcosmetics.com\/es\/\"},{\"@type\":\"ListItem\",\"position\":2,\"name\":\"Tienda\",\"item\":\"https:\/\/www.certifiedcosmetics.com\/es\/tienda\/\"},{\"@type\":\"ListItem\",\"position\":3,\"name\":\"PIF e Informe sobre la seguridad de los productos cosm\u00e9ticos &#8211; Marca blanca\"}]},{\"@type\":\"WebSite\",\"@id\":\"https:\/\/www.certifiedcosmetics.com\/es\/#website\",\"url\":\"https:\/\/www.certifiedcosmetics.com\/es\/\",\"name\":\"Certified Cosmetics\",\"description\":\"Cosmetic Testing\",\"publisher\":{\"@id\":\"https:\/\/www.certifiedcosmetics.com\/es\/#organization\"},\"potentialAction\":[{\"@type\":\"SearchAction\",\"target\":{\"@type\":\"EntryPoint\",\"urlTemplate\":\"https:\/\/www.certifiedcosmetics.com\/es\/?s={search_term_string}\"},\"query-input\":{\"@type\":\"PropertyValueSpecification\",\"valueRequired\":true,\"valueName\":\"search_term_string\"}}],\"inLanguage\":\"es\"},{\"@type\":\"Organization\",\"@id\":\"https:\/\/www.certifiedcosmetics.com\/es\/#organization\",\"name\":\"Certified Cosmetics\",\"url\":\"https:\/\/www.certifiedcosmetics.com\/es\/\",\"logo\":{\"@type\":\"ImageObject\",\"inLanguage\":\"es\",\"@id\":\"https:\/\/www.certifiedcosmetics.com\/es\/#\/schema\/logo\/image\/\",\"url\":\"https:\/\/www.certifiedcosmetics.com\/wp-content\/uploads\/2024\/12\/logo_certified_cosmetics696.jpg\",\"contentUrl\":\"https:\/\/www.certifiedcosmetics.com\/wp-content\/uploads\/2024\/12\/logo_certified_cosmetics696.jpg\",\"width\":696,\"height\":696,\"caption\":\"Certified Cosmetics\"},\"image\":{\"@id\":\"https:\/\/www.certifiedcosmetics.com\/es\/#\/schema\/logo\/image\/\"},\"description\":\"Your trusted partner for cosmetic product safety reporting. We take care of updating all of your documentation, ensuring your compliance stays current even as regulations evolve. The Cosmetic Product Safety Assessment will give you everything you need to sell specific products to EU consumers.\",\"email\":\"contact@certifiedcosmetics.com\",\"telephone\":\"+31 36 2036384\",\"legalName\":\"Certified Cosmetics\",\"foundingDate\":\"2010-01-01\",\"vatID\":\"NL854189543B01\",\"numberOfEmployees\":{\"@type\":\"QuantitativeValue\",\"minValue\":\"11\",\"maxValue\":\"50\"}}]}<\/script>\n<meta property=\"product:price:amount\" content=\"86.40\" \/>\n<meta property=\"product:price:currency\" content=\"USD\" \/>\n<meta property=\"og:availability\" content=\"instock\" \/>\n<meta property=\"product:availability\" content=\"instock\" \/>\n<meta property=\"product:retailer_item_id\" content=\"CC100004\" \/>\n<meta property=\"product:condition\" content=\"new\" \/>\n<!-- \/ Yoast SEO Premium plugin. -->","yoast_head_json":{"title":"PIF e Informe sobre la seguridad de los productos cosm\u00e9ticos - Marca blanca - Certified Cosmetics","description":"La FPI y la CPSR de marca blanca en cosm\u00e9tica crean valiosas oportunidades de negocio para los fabricantes que quieren ampliar la distribuci\u00f3n y para los distribuidores que quieren lanzar productos con su propia marca.","robots":{"index":"index","follow":"follow","max-snippet":"max-snippet:-1","max-image-preview":"max-image-preview:large","max-video-preview":"max-video-preview:-1"},"canonical":"https:\/\/www.certifiedcosmetics.com\/es\/product\/evaluacion-de-la-seguridad-cosmetica\/pif-e-informe-sobre-la-seguridad-de-los-productos-cosmeticos-marca-blanca\/","og_locale":"es_ES","og_type":"article","og_title":"PIF e Informe sobre la seguridad de los productos cosm\u00e9ticos - Marca blanca","og_description":"La FPI y la CPSR de marca blanca en cosm\u00e9tica crean valiosas oportunidades de negocio para los fabricantes que quieren ampliar la distribuci\u00f3n y para los distribuidores que quieren lanzar productos con su propia marca.","og_url":"https:\/\/www.certifiedcosmetics.com\/es\/product\/evaluacion-de-la-seguridad-cosmetica\/pif-e-informe-sobre-la-seguridad-de-los-productos-cosmeticos-marca-blanca\/","og_site_name":"Certified Cosmetics","og_image":[{"width":800,"height":800,"url":"https:\/\/www.certifiedcosmetics.com\/wp-content\/uploads\/2025\/07\/CPSR-Cosmetics.jpg","type":"image\/jpeg"}],"twitter_card":"summary_large_image","twitter_misc":{"Precio":"&#36;86.40","Disponibilidad":"Disponible"},"schema":{"@context":"https:\/\/schema.org","@graph":[{"@type":"WebPage","@id":"https:\/\/www.certifiedcosmetics.com\/es\/product\/evaluacion-de-la-seguridad-cosmetica\/pif-e-informe-sobre-la-seguridad-de-los-productos-cosmeticos-marca-blanca\/","url":"https:\/\/www.certifiedcosmetics.com\/es\/product\/evaluacion-de-la-seguridad-cosmetica\/pif-e-informe-sobre-la-seguridad-de-los-productos-cosmeticos-marca-blanca\/","name":"PIF e Informe sobre la seguridad de los productos cosm\u00e9ticos - Marca blanca - Certified Cosmetics","isPartOf":{"@id":"https:\/\/www.certifiedcosmetics.com\/es\/#website"},"primaryImageOfPage":{"@id":"https:\/\/www.certifiedcosmetics.com\/es\/product\/evaluacion-de-la-seguridad-cosmetica\/pif-e-informe-sobre-la-seguridad-de-los-productos-cosmeticos-marca-blanca\/#primaryimage"},"image":{"@id":"https:\/\/www.certifiedcosmetics.com\/es\/product\/evaluacion-de-la-seguridad-cosmetica\/pif-e-informe-sobre-la-seguridad-de-los-productos-cosmeticos-marca-blanca\/#primaryimage"},"thumbnailUrl":"https:\/\/www.certifiedcosmetics.com\/wp-content\/uploads\/2025\/07\/CPSR-Cosmetics.jpg","datePublished":"2026-03-03T14:05:13+00:00","description":"La FPI y la CPSR de marca blanca en cosm\u00e9tica crean valiosas oportunidades de negocio para los fabricantes que quieren ampliar la distribuci\u00f3n y para los distribuidores que quieren lanzar productos con su propia marca.","breadcrumb":{"@id":"https:\/\/www.certifiedcosmetics.com\/es\/product\/evaluacion-de-la-seguridad-cosmetica\/pif-e-informe-sobre-la-seguridad-de-los-productos-cosmeticos-marca-blanca\/#breadcrumb"},"inLanguage":"es","potentialAction":[{"@type":"ReadAction","target":["https:\/\/www.certifiedcosmetics.com\/es\/product\/evaluacion-de-la-seguridad-cosmetica\/pif-e-informe-sobre-la-seguridad-de-los-productos-cosmeticos-marca-blanca\/"]}]},{"@type":"ImageObject","inLanguage":"es","@id":"https:\/\/www.certifiedcosmetics.com\/es\/product\/evaluacion-de-la-seguridad-cosmetica\/pif-e-informe-sobre-la-seguridad-de-los-productos-cosmeticos-marca-blanca\/#primaryimage","url":"https:\/\/www.certifiedcosmetics.com\/wp-content\/uploads\/2025\/07\/CPSR-Cosmetics.jpg","contentUrl":"https:\/\/www.certifiedcosmetics.com\/wp-content\/uploads\/2025\/07\/CPSR-Cosmetics.jpg","width":800,"height":800,"caption":"Cosm\u00e9ticos CPSR"},{"@type":"BreadcrumbList","@id":"https:\/\/www.certifiedcosmetics.com\/es\/product\/evaluacion-de-la-seguridad-cosmetica\/pif-e-informe-sobre-la-seguridad-de-los-productos-cosmeticos-marca-blanca\/#breadcrumb","itemListElement":[{"@type":"ListItem","position":1,"name":"Home","item":"https:\/\/www.certifiedcosmetics.com\/es\/"},{"@type":"ListItem","position":2,"name":"Tienda","item":"https:\/\/www.certifiedcosmetics.com\/es\/tienda\/"},{"@type":"ListItem","position":3,"name":"PIF e Informe sobre la seguridad de los productos cosm\u00e9ticos &#8211; Marca blanca"}]},{"@type":"WebSite","@id":"https:\/\/www.certifiedcosmetics.com\/es\/#website","url":"https:\/\/www.certifiedcosmetics.com\/es\/","name":"Certified Cosmetics","description":"Cosmetic Testing","publisher":{"@id":"https:\/\/www.certifiedcosmetics.com\/es\/#organization"},"potentialAction":[{"@type":"SearchAction","target":{"@type":"EntryPoint","urlTemplate":"https:\/\/www.certifiedcosmetics.com\/es\/?s={search_term_string}"},"query-input":{"@type":"PropertyValueSpecification","valueRequired":true,"valueName":"search_term_string"}}],"inLanguage":"es"},{"@type":"Organization","@id":"https:\/\/www.certifiedcosmetics.com\/es\/#organization","name":"Certified Cosmetics","url":"https:\/\/www.certifiedcosmetics.com\/es\/","logo":{"@type":"ImageObject","inLanguage":"es","@id":"https:\/\/www.certifiedcosmetics.com\/es\/#\/schema\/logo\/image\/","url":"https:\/\/www.certifiedcosmetics.com\/wp-content\/uploads\/2024\/12\/logo_certified_cosmetics696.jpg","contentUrl":"https:\/\/www.certifiedcosmetics.com\/wp-content\/uploads\/2024\/12\/logo_certified_cosmetics696.jpg","width":696,"height":696,"caption":"Certified Cosmetics"},"image":{"@id":"https:\/\/www.certifiedcosmetics.com\/es\/#\/schema\/logo\/image\/"},"description":"Your trusted partner for cosmetic product safety reporting. We take care of updating all of your documentation, ensuring your compliance stays current even as regulations evolve. The Cosmetic Product Safety Assessment will give you everything you need to sell specific products to EU consumers.","email":"contact@certifiedcosmetics.com","telephone":"+31 36 2036384","legalName":"Certified Cosmetics","foundingDate":"2010-01-01","vatID":"NL854189543B01","numberOfEmployees":{"@type":"QuantitativeValue","minValue":"11","maxValue":"50"}}]},"product_price_amount":"86.40","product_price_currency":"USD","og_availability":"instock","product_availability":"instock","product_retailer_item_id":"CC100004","product_condition":"new"},"_links":{"self":[{"href":"https:\/\/www.certifiedcosmetics.com\/es\/wp-json\/wp\/v2\/product\/15307","targetHints":{"allow":["GET"]}}],"collection":[{"href":"https:\/\/www.certifiedcosmetics.com\/es\/wp-json\/wp\/v2\/product"}],"about":[{"href":"https:\/\/www.certifiedcosmetics.com\/es\/wp-json\/wp\/v2\/types\/product"}],"wp:featuredmedia":[{"embeddable":true,"href":"https:\/\/www.certifiedcosmetics.com\/es\/wp-json\/wp\/v2\/media\/12497"}],"wp:attachment":[{"href":"https:\/\/www.certifiedcosmetics.com\/es\/wp-json\/wp\/v2\/media?parent=15307"}],"wp:term":[{"taxonomy":"product_cat","embeddable":true,"href":"https:\/\/www.certifiedcosmetics.com\/es\/wp-json\/wp\/v2\/product_cat?post=15307"},{"taxonomy":"product_tag","embeddable":true,"href":"https:\/\/www.certifiedcosmetics.com\/es\/wp-json\/wp\/v2\/product_tag?post=15307"}],"curies":[{"name":"wp","href":"https:\/\/api.w.org\/{rel}","templated":true}]}}