{"id":15297,"date":"2026-02-02T13:58:37","date_gmt":"2026-02-02T12:58:37","guid":{"rendered":"https:\/\/www.certifiedcosmetics.com\/product\/sin categor\u00eda\/traduccion-de-la-ficha-de-datos-de-seguridad\/"},"modified":"2026-02-02T13:58:37","modified_gmt":"2026-02-02T12:58:37","slug":"traduccion-de-la-ficha-de-datos-de-seguridad","status":"publish","type":"product","link":"https:\/\/www.certifiedcosmetics.com\/es\/product\/sds-es\/traduccion-de-la-ficha-de-datos-de-seguridad\/","title":{"rendered":"Traducci\u00f3n de la ficha de datos de seguridad"},"content":{"rendered":"<p data-start=\"185\" data-end=\"473\">Ampl\u00eda tu mercado de forma segura y legal con nuestro <strong data-start=\"232\" data-end=\"292\">servicio profesional de traducci\u00f3n de FDS (fichas de datos de seguridad)<\/strong>. Realizamos <strong data-start=\"305\" data-end=\"342\">traducciones conformes con la normativa<\/strong> y adaptadas al idioma y al marco jur\u00eddico de tu pa\u00eds de destino, tanto si operas en la UE como en el Reino Unido, Norteam\u00e9rica o m\u00e1s all\u00e1. <\/p>\n<h3 data-start=\"480\" data-end=\"520\">\u00bfCu\u00e1ndo necesitas una traducci\u00f3n de FDS?<\/h3>\n<p data-start=\"522\" data-end=\"553\">Necesitas una FDS traducida cuando<\/p>\n<ul data-start=\"554\" data-end=\"989\">\n<li data-start=\"554\" data-end=\"682\">\n<p data-start=\"556\" data-end=\"682\"><strong data-start=\"560\" data-end=\"588\">Exportas productos qu\u00edmicos<\/strong> (por ejemplo, aceites esenciales, aceites de fragancias, cosm\u00e9ticos, productos de limpieza, etc.) a otros pa\u00edses.<\/p>\n<\/li>\n<li data-start=\"683\" data-end=\"757\">\n<p data-start=\"685\" data-end=\"757\"><strong data-start=\"689\" data-end=\"701\">Vendes B2B<\/strong> y tu cliente necesita FDS en su idioma local<\/p>\n<\/li>\n<li data-start=\"758\" data-end=\"885\">\n<p data-start=\"760\" data-end=\"885\">Est\u00e1s presentando documentos para la <strong data-start=\"792\" data-end=\"828\">Notificaci\u00f3n al Centro de Toxicolog\u00eda (NCP)<\/strong> o el <strong data-start=\"832\" data-end=\"856\">registro de un producto<\/strong> en otro Estado miembro de la UE<\/p>\n<\/li>\n<li data-start=\"886\" data-end=\"989\">\n<p data-start=\"888\" data-end=\"989\">Preparas <strong data-start=\"905\" data-end=\"928\">documentos de transporte<\/strong>, <strong data-start=\"930\" data-end=\"951\">despachos de aduanas<\/strong> o <strong data-start=\"956\" data-end=\"982\">presentaciones reglamentarias<\/strong> en el extranjero<\/p>\n<\/li>\n<\/ul>\n<h3 data-start=\"996\" data-end=\"1035\">\u00bfPor qu\u00e9 es importante la traducci\u00f3n de las FDS?<\/h3>\n<ul data-start=\"1037\" data-end=\"1557\">\n<li data-start=\"1037\" data-end=\"1182\">\n<p data-start=\"1039\" data-end=\"1182\"><strong data-start=\"1039\" data-end=\"1060\">Requisito legal<\/strong>: Las normativas REACH\/CLP y GHS exigen que las FDS est\u00e9n en la <strong data-start=\"1118\" data-end=\"1154\">lengua oficial del pa\u00eds<\/strong> donde se vende el producto.<\/p>\n<\/li>\n<li data-start=\"1183\" data-end=\"1310\">\n<p data-start=\"1185\" data-end=\"1310\"><strong data-start=\"1185\" data-end=\"1213\">Evita multas o rechazos<\/strong>: Las traducciones incorrectas o inexistentes pueden causar retrasos, env\u00edos bloqueados o sanciones por incumplimiento de la normativa<\/p>\n<\/li>\n<li data-start=\"1311\" data-end=\"1432\">\n<p data-start=\"1313\" data-end=\"1432\"><strong data-start=\"1313\" data-end=\"1335\">Imagen profesional<\/strong>: Las FDS multiling\u00fces muestran profesionalidad y respeto por los socios y autoridades internacionales<\/p>\n<\/li>\n<li data-start=\"1433\" data-end=\"1557\">\n<p data-start=\"1435\" data-end=\"1557\"><strong data-start=\"1435\" data-end=\"1450\">Seguridad del usuario<\/strong>: Los trabajadores y los clientes deben <strong data-start=\"1482\" data-end=\"1508\">comprender los peligros<\/strong> y los procedimientos de manipulaci\u00f3n en su lengua materna<\/p>\n<\/li>\n<\/ul>\n<h3 data-start=\"1564\" data-end=\"1586\">Qu\u00e9 ofrecemos<\/h3>\n<ul data-start=\"1588\" data-end=\"2069\">\n<li>Una FDS traducida en 1 idioma. Si necesitas m\u00e1s idiomas, puedes comprar m\u00e1s traducciones al mismo tiempo. <\/li>\n<li data-start=\"1588\" data-end=\"1685\"><strong data-start=\"1590\" data-end=\"1622\">Traducciones<\/strong> realizadas por expertos familiarizados con la terminolog\u00eda qu\u00edmica y reglamentaria<\/li>\n<li>Cobertura de <strong data-start=\"1700\" data-end=\"1723\">las 16 secciones de la FDS<\/strong>, incluidas las indicaciones de peligro, las frases de precauci\u00f3n y la clasificaci\u00f3n EU-CLP o GHS<\/li>\n<li>Traducciones disponibles para todos los idiomas<\/li>\n<li>Entrega en <strong data-start=\"1960\" data-end=\"1992\">PDF <\/strong> <\/li>\n<\/ul>\n","protected":false},"excerpt":{"rendered":"<p>Ampl\u00eda tu mercado de forma segura y legal con nuestro servicio profesional de traducci\u00f3n de FDS (fichas de datos de seguridad). Realizamos traducciones conformes con la normativa y adaptadas al idioma y al marco jur\u00eddico de tu pa\u00eds de destino, tanto si operas en la UE como en el Reino Unido, Norteam\u00e9rica o m\u00e1s all\u00e1&#8230;.<\/p>\n","protected":false},"featured_media":11460,"template":"","meta":[],"product_brand":[],"product_cat":[384],"product_tag":[],"class_list":{"0":"post-15297","1":"product","2":"type-product","3":"status-publish","4":"has-post-thumbnail","6":"product_cat-sds-es","8":"first","9":"instock","10":"virtual","11":"taxable","12":"purchasable","13":"product-type-simple"},"bundled_by":[],"bundle_stock_status":"instock","bundle_stock_quantity":null,"bundle_virtual":false,"bundle_layout":"","bundle_add_to_cart_form_location":"","bundle_editable_in_cart":false,"bundle_sold_individually_context":"","bundle_item_grouping":"","bundle_min_size":"","bundle_max_size":"","bundle_price":[],"bundled_items":[],"bundle_sell_ids":[],"yoast_head":"<!-- This site is optimized with the Yoast SEO Premium plugin v25.4 (Yoast SEO v25.4) - https:\/\/yoast.com\/wordpress\/plugins\/seo\/ -->\n<title>Traducci\u00f3n de la ficha de datos de seguridad - Certified Cosmetics<\/title>\n<meta name=\"description\" content=\"Ampl\u00eda tu mercado de forma segura y legal con nuestro servicio profesional de traducci\u00f3n de FDS (fichas de datos de seguridad). Realizamos traducciones conformes con la normativa y adaptadas al idioma y al marco jur\u00eddico de tu pa\u00eds de destino, tanto si operas en la UE como en el Reino Unido, Norteam\u00e9rica o m\u00e1s all\u00e1.\" \/>\n<meta name=\"robots\" content=\"index, follow, max-snippet:-1, max-image-preview:large, max-video-preview:-1\" \/>\n<link rel=\"canonical\" href=\"https:\/\/www.certifiedcosmetics.com\/es\/product\/sds-es\/traduccion-de-la-ficha-de-datos-de-seguridad\/\" \/>\n<meta property=\"og:locale\" content=\"es_ES\" \/>\n<meta property=\"og:type\" content=\"article\" \/>\n<meta property=\"og:title\" content=\"Traducci\u00f3n de la ficha de datos de seguridad\" \/>\n<meta property=\"og:description\" content=\"Ampl\u00eda tu mercado de forma segura y legal con nuestro servicio profesional de traducci\u00f3n de FDS (fichas de datos de seguridad). Realizamos traducciones conformes con la normativa y adaptadas al idioma y al marco jur\u00eddico de tu pa\u00eds de destino, tanto si operas en la UE como en el Reino Unido, Norteam\u00e9rica o m\u00e1s all\u00e1.\" \/>\n<meta property=\"og:url\" content=\"https:\/\/www.certifiedcosmetics.com\/es\/product\/sds-es\/traduccion-de-la-ficha-de-datos-de-seguridad\/\" \/>\n<meta property=\"og:site_name\" content=\"Certified Cosmetics\" \/>\n<meta property=\"og:image\" content=\"https:\/\/www.certifiedcosmetics.com\/wp-content\/uploads\/2025\/04\/msds.jpg\" \/>\n\t<meta property=\"og:image:width\" content=\"800\" \/>\n\t<meta property=\"og:image:height\" content=\"800\" \/>\n\t<meta property=\"og:image:type\" content=\"image\/jpeg\" \/>\n<meta name=\"twitter:card\" content=\"summary_large_image\" \/>\n<meta name=\"twitter:label1\" content=\"Precio\" \/>\n\t<meta name=\"twitter:data1\" content=\"&#036;58.47\" \/>\n\t<meta name=\"twitter:label2\" content=\"Disponibilidad\" \/>\n\t<meta name=\"twitter:data2\" content=\"Disponible\" \/>\n<script type=\"application\/ld+json\" class=\"yoast-schema-graph\">{\"@context\":\"https:\/\/schema.org\",\"@graph\":[{\"@type\":\"WebPage\",\"@id\":\"https:\/\/www.certifiedcosmetics.com\/es\/product\/sds-es\/traduccion-de-la-ficha-de-datos-de-seguridad\/\",\"url\":\"https:\/\/www.certifiedcosmetics.com\/es\/product\/sds-es\/traduccion-de-la-ficha-de-datos-de-seguridad\/\",\"name\":\"Traducci\u00f3n de la ficha de datos de seguridad - Certified Cosmetics\",\"isPartOf\":{\"@id\":\"https:\/\/www.certifiedcosmetics.com\/es\/#website\"},\"primaryImageOfPage\":{\"@id\":\"https:\/\/www.certifiedcosmetics.com\/es\/product\/sds-es\/traduccion-de-la-ficha-de-datos-de-seguridad\/#primaryimage\"},\"image\":{\"@id\":\"https:\/\/www.certifiedcosmetics.com\/es\/product\/sds-es\/traduccion-de-la-ficha-de-datos-de-seguridad\/#primaryimage\"},\"thumbnailUrl\":\"https:\/\/www.certifiedcosmetics.com\/wp-content\/uploads\/2025\/04\/msds.jpg\",\"datePublished\":\"2026-02-02T12:58:37+00:00\",\"description\":\"Ampl\u00eda tu mercado de forma segura y legal con nuestro servicio profesional de traducci\u00f3n de FDS (fichas de datos de seguridad). Realizamos traducciones conformes con la normativa y adaptadas al idioma y al marco jur\u00eddico de tu pa\u00eds de destino, tanto si operas en la UE como en el Reino Unido, Norteam\u00e9rica o m\u00e1s all\u00e1.\",\"breadcrumb\":{\"@id\":\"https:\/\/www.certifiedcosmetics.com\/es\/product\/sds-es\/traduccion-de-la-ficha-de-datos-de-seguridad\/#breadcrumb\"},\"inLanguage\":\"es\",\"potentialAction\":[{\"@type\":\"ReadAction\",\"target\":[\"https:\/\/www.certifiedcosmetics.com\/es\/product\/sds-es\/traduccion-de-la-ficha-de-datos-de-seguridad\/\"]}]},{\"@type\":\"ImageObject\",\"inLanguage\":\"es\",\"@id\":\"https:\/\/www.certifiedcosmetics.com\/es\/product\/sds-es\/traduccion-de-la-ficha-de-datos-de-seguridad\/#primaryimage\",\"url\":\"https:\/\/www.certifiedcosmetics.com\/wp-content\/uploads\/2025\/04\/msds.jpg\",\"contentUrl\":\"https:\/\/www.certifiedcosmetics.com\/wp-content\/uploads\/2025\/04\/msds.jpg\",\"width\":800,\"height\":800},{\"@type\":\"BreadcrumbList\",\"@id\":\"https:\/\/www.certifiedcosmetics.com\/es\/product\/sds-es\/traduccion-de-la-ficha-de-datos-de-seguridad\/#breadcrumb\",\"itemListElement\":[{\"@type\":\"ListItem\",\"position\":1,\"name\":\"Home\",\"item\":\"https:\/\/www.certifiedcosmetics.com\/es\/\"},{\"@type\":\"ListItem\",\"position\":2,\"name\":\"Tienda\",\"item\":\"https:\/\/www.certifiedcosmetics.com\/es\/tienda\/\"},{\"@type\":\"ListItem\",\"position\":3,\"name\":\"Traducci\u00f3n de la ficha de datos de seguridad\"}]},{\"@type\":\"WebSite\",\"@id\":\"https:\/\/www.certifiedcosmetics.com\/es\/#website\",\"url\":\"https:\/\/www.certifiedcosmetics.com\/es\/\",\"name\":\"Certified Cosmetics\",\"description\":\"Cosmetic Testing\",\"publisher\":{\"@id\":\"https:\/\/www.certifiedcosmetics.com\/es\/#organization\"},\"potentialAction\":[{\"@type\":\"SearchAction\",\"target\":{\"@type\":\"EntryPoint\",\"urlTemplate\":\"https:\/\/www.certifiedcosmetics.com\/es\/?s={search_term_string}\"},\"query-input\":{\"@type\":\"PropertyValueSpecification\",\"valueRequired\":true,\"valueName\":\"search_term_string\"}}],\"inLanguage\":\"es\"},{\"@type\":\"Organization\",\"@id\":\"https:\/\/www.certifiedcosmetics.com\/es\/#organization\",\"name\":\"Certified Cosmetics\",\"url\":\"https:\/\/www.certifiedcosmetics.com\/es\/\",\"logo\":{\"@type\":\"ImageObject\",\"inLanguage\":\"es\",\"@id\":\"https:\/\/www.certifiedcosmetics.com\/es\/#\/schema\/logo\/image\/\",\"url\":\"https:\/\/www.certifiedcosmetics.com\/wp-content\/uploads\/2024\/12\/logo_certified_cosmetics696.jpg\",\"contentUrl\":\"https:\/\/www.certifiedcosmetics.com\/wp-content\/uploads\/2024\/12\/logo_certified_cosmetics696.jpg\",\"width\":696,\"height\":696,\"caption\":\"Certified Cosmetics\"},\"image\":{\"@id\":\"https:\/\/www.certifiedcosmetics.com\/es\/#\/schema\/logo\/image\/\"},\"description\":\"Your trusted partner for cosmetic product safety reporting. We take care of updating all of your documentation, ensuring your compliance stays current even as regulations evolve. The Cosmetic Product Safety Assessment will give you everything you need to sell specific products to EU consumers.\",\"email\":\"contact@certifiedcosmetics.com\",\"telephone\":\"+31 36 2036384\",\"legalName\":\"Certified Cosmetics\",\"foundingDate\":\"2010-01-01\",\"vatID\":\"NL854189543B01\",\"numberOfEmployees\":{\"@type\":\"QuantitativeValue\",\"minValue\":\"11\",\"maxValue\":\"50\"}}]}<\/script>\n<meta property=\"product:price:amount\" content=\"58.47\" \/>\n<meta property=\"product:price:currency\" content=\"USD\" \/>\n<meta property=\"og:availability\" content=\"instock\" \/>\n<meta property=\"product:availability\" content=\"instock\" \/>\n<meta property=\"product:retailer_item_id\" content=\"CC100006\" \/>\n<meta property=\"product:condition\" content=\"new\" \/>\n<!-- \/ Yoast SEO Premium plugin. -->","yoast_head_json":{"title":"Traducci\u00f3n de la ficha de datos de seguridad - Certified Cosmetics","description":"Ampl\u00eda tu mercado de forma segura y legal con nuestro servicio profesional de traducci\u00f3n de FDS (fichas de datos de seguridad). Realizamos traducciones conformes con la normativa y adaptadas al idioma y al marco jur\u00eddico de tu pa\u00eds de destino, tanto si operas en la UE como en el Reino Unido, Norteam\u00e9rica o m\u00e1s all\u00e1.","robots":{"index":"index","follow":"follow","max-snippet":"max-snippet:-1","max-image-preview":"max-image-preview:large","max-video-preview":"max-video-preview:-1"},"canonical":"https:\/\/www.certifiedcosmetics.com\/es\/product\/sds-es\/traduccion-de-la-ficha-de-datos-de-seguridad\/","og_locale":"es_ES","og_type":"article","og_title":"Traducci\u00f3n de la ficha de datos de seguridad","og_description":"Ampl\u00eda tu mercado de forma segura y legal con nuestro servicio profesional de traducci\u00f3n de FDS (fichas de datos de seguridad). Realizamos traducciones conformes con la normativa y adaptadas al idioma y al marco jur\u00eddico de tu pa\u00eds de destino, tanto si operas en la UE como en el Reino Unido, Norteam\u00e9rica o m\u00e1s all\u00e1.","og_url":"https:\/\/www.certifiedcosmetics.com\/es\/product\/sds-es\/traduccion-de-la-ficha-de-datos-de-seguridad\/","og_site_name":"Certified Cosmetics","og_image":[{"width":800,"height":800,"url":"https:\/\/www.certifiedcosmetics.com\/wp-content\/uploads\/2025\/04\/msds.jpg","type":"image\/jpeg"}],"twitter_card":"summary_large_image","twitter_misc":{"Precio":"&#36;58.47","Disponibilidad":"Disponible"},"schema":{"@context":"https:\/\/schema.org","@graph":[{"@type":"WebPage","@id":"https:\/\/www.certifiedcosmetics.com\/es\/product\/sds-es\/traduccion-de-la-ficha-de-datos-de-seguridad\/","url":"https:\/\/www.certifiedcosmetics.com\/es\/product\/sds-es\/traduccion-de-la-ficha-de-datos-de-seguridad\/","name":"Traducci\u00f3n de la ficha de datos de seguridad - Certified Cosmetics","isPartOf":{"@id":"https:\/\/www.certifiedcosmetics.com\/es\/#website"},"primaryImageOfPage":{"@id":"https:\/\/www.certifiedcosmetics.com\/es\/product\/sds-es\/traduccion-de-la-ficha-de-datos-de-seguridad\/#primaryimage"},"image":{"@id":"https:\/\/www.certifiedcosmetics.com\/es\/product\/sds-es\/traduccion-de-la-ficha-de-datos-de-seguridad\/#primaryimage"},"thumbnailUrl":"https:\/\/www.certifiedcosmetics.com\/wp-content\/uploads\/2025\/04\/msds.jpg","datePublished":"2026-02-02T12:58:37+00:00","description":"Ampl\u00eda tu mercado de forma segura y legal con nuestro servicio profesional de traducci\u00f3n de FDS (fichas de datos de seguridad). Realizamos traducciones conformes con la normativa y adaptadas al idioma y al marco jur\u00eddico de tu pa\u00eds de destino, tanto si operas en la UE como en el Reino Unido, Norteam\u00e9rica o m\u00e1s all\u00e1.","breadcrumb":{"@id":"https:\/\/www.certifiedcosmetics.com\/es\/product\/sds-es\/traduccion-de-la-ficha-de-datos-de-seguridad\/#breadcrumb"},"inLanguage":"es","potentialAction":[{"@type":"ReadAction","target":["https:\/\/www.certifiedcosmetics.com\/es\/product\/sds-es\/traduccion-de-la-ficha-de-datos-de-seguridad\/"]}]},{"@type":"ImageObject","inLanguage":"es","@id":"https:\/\/www.certifiedcosmetics.com\/es\/product\/sds-es\/traduccion-de-la-ficha-de-datos-de-seguridad\/#primaryimage","url":"https:\/\/www.certifiedcosmetics.com\/wp-content\/uploads\/2025\/04\/msds.jpg","contentUrl":"https:\/\/www.certifiedcosmetics.com\/wp-content\/uploads\/2025\/04\/msds.jpg","width":800,"height":800},{"@type":"BreadcrumbList","@id":"https:\/\/www.certifiedcosmetics.com\/es\/product\/sds-es\/traduccion-de-la-ficha-de-datos-de-seguridad\/#breadcrumb","itemListElement":[{"@type":"ListItem","position":1,"name":"Home","item":"https:\/\/www.certifiedcosmetics.com\/es\/"},{"@type":"ListItem","position":2,"name":"Tienda","item":"https:\/\/www.certifiedcosmetics.com\/es\/tienda\/"},{"@type":"ListItem","position":3,"name":"Traducci\u00f3n de la ficha de datos de seguridad"}]},{"@type":"WebSite","@id":"https:\/\/www.certifiedcosmetics.com\/es\/#website","url":"https:\/\/www.certifiedcosmetics.com\/es\/","name":"Certified Cosmetics","description":"Cosmetic Testing","publisher":{"@id":"https:\/\/www.certifiedcosmetics.com\/es\/#organization"},"potentialAction":[{"@type":"SearchAction","target":{"@type":"EntryPoint","urlTemplate":"https:\/\/www.certifiedcosmetics.com\/es\/?s={search_term_string}"},"query-input":{"@type":"PropertyValueSpecification","valueRequired":true,"valueName":"search_term_string"}}],"inLanguage":"es"},{"@type":"Organization","@id":"https:\/\/www.certifiedcosmetics.com\/es\/#organization","name":"Certified Cosmetics","url":"https:\/\/www.certifiedcosmetics.com\/es\/","logo":{"@type":"ImageObject","inLanguage":"es","@id":"https:\/\/www.certifiedcosmetics.com\/es\/#\/schema\/logo\/image\/","url":"https:\/\/www.certifiedcosmetics.com\/wp-content\/uploads\/2024\/12\/logo_certified_cosmetics696.jpg","contentUrl":"https:\/\/www.certifiedcosmetics.com\/wp-content\/uploads\/2024\/12\/logo_certified_cosmetics696.jpg","width":696,"height":696,"caption":"Certified Cosmetics"},"image":{"@id":"https:\/\/www.certifiedcosmetics.com\/es\/#\/schema\/logo\/image\/"},"description":"Your trusted partner for cosmetic product safety reporting. We take care of updating all of your documentation, ensuring your compliance stays current even as regulations evolve. The Cosmetic Product Safety Assessment will give you everything you need to sell specific products to EU consumers.","email":"contact@certifiedcosmetics.com","telephone":"+31 36 2036384","legalName":"Certified Cosmetics","foundingDate":"2010-01-01","vatID":"NL854189543B01","numberOfEmployees":{"@type":"QuantitativeValue","minValue":"11","maxValue":"50"}}]},"product_price_amount":"58.47","product_price_currency":"USD","og_availability":"instock","product_availability":"instock","product_retailer_item_id":"CC100006","product_condition":"new"},"_links":{"self":[{"href":"https:\/\/www.certifiedcosmetics.com\/es\/wp-json\/wp\/v2\/product\/15297","targetHints":{"allow":["GET"]}}],"collection":[{"href":"https:\/\/www.certifiedcosmetics.com\/es\/wp-json\/wp\/v2\/product"}],"about":[{"href":"https:\/\/www.certifiedcosmetics.com\/es\/wp-json\/wp\/v2\/types\/product"}],"wp:featuredmedia":[{"embeddable":true,"href":"https:\/\/www.certifiedcosmetics.com\/es\/wp-json\/wp\/v2\/media\/11460"}],"wp:attachment":[{"href":"https:\/\/www.certifiedcosmetics.com\/es\/wp-json\/wp\/v2\/media?parent=15297"}],"wp:term":[{"taxonomy":"product_brand","embeddable":true,"href":"https:\/\/www.certifiedcosmetics.com\/es\/wp-json\/wp\/v2\/product_brand?post=15297"},{"taxonomy":"product_cat","embeddable":true,"href":"https:\/\/www.certifiedcosmetics.com\/es\/wp-json\/wp\/v2\/product_cat?post=15297"},{"taxonomy":"product_tag","embeddable":true,"href":"https:\/\/www.certifiedcosmetics.com\/es\/wp-json\/wp\/v2\/product_tag?post=15297"}],"curies":[{"name":"wp","href":"https:\/\/api.w.org\/{rel}","templated":true}]}}