{"id":14795,"date":"2025-12-30T10:08:12","date_gmt":"2025-12-30T09:08:12","guid":{"rendered":"https:\/\/www.certifiedcosmetics.com\/product\/sin categor\u00eda\/variacion-adicional-para-el-pif-existente\/"},"modified":"2025-12-30T10:08:12","modified_gmt":"2025-12-30T09:08:12","slug":"variacion-adicional-para-el-pif-existente","status":"publish","type":"product","link":"https:\/\/www.certifiedcosmetics.com\/es\/product\/evaluacion-de-la-seguridad-cosmetica\/variacion-adicional-para-el-pif-existente\/","title":{"rendered":"Variaci\u00f3n adicional para el PIF existente"},"content":{"rendered":"<p>Si tu producto tiene variaciones de color u olor, puedes elegir esta opci\u00f3n. Este producto forma parte del paquete de evaluaci\u00f3n cosm\u00e9tica y s\u00f3lo se puede comprar cuando ya hemos creado tu PIF y CPSR principales. <\/p>\n<h2>\u00bfQu\u00e9 contiene esta variaci\u00f3n adicional?<\/h2>\n<p>Esta variaci\u00f3n formar\u00e1 parte de tu evaluaci\u00f3n actual realizada por Certified Cosmetics. Consiste en lo siguiente<\/p>\n<ul>\n<li>Fichero de Informaci\u00f3n sobre Productos Cosm\u00e9ticos (FIP)\n<ul>\n<li><strong>Parte A:<\/strong> Informaci\u00f3n sobre la seguridad de los productos cosm\u00e9ticos &#8211; Incluye datos sobre los ingredientes, la estabilidad, la calidad microbiol\u00f3gica, las impurezas y el envasado del producto.<\/li>\n<li><strong>Parte B:<\/strong> Informe de seguridad del producto cosm\u00e9tico (ISP) &#8211; Contiene las conclusiones, advertencias y justificaciones del evaluador de seguridad, que garantizan que el producto es seguro en condiciones normales de uso.<\/li>\n<\/ul>\n<\/li>\n<li>Pruebas de laboratorio y resultados<\/li>\n<\/ul>\n<p>Ofrecemos varias opciones adicionales entre las que puedes elegir:<\/p>\n<h2>Notificaci\u00f3n CPNP<\/h2>\n<p>La Notificaci\u00f3n CPNP de la UE se refiere al proceso de notificaci\u00f3n de productos cosm\u00e9ticos al Portal de Notificaci\u00f3n de Productos Cosm\u00e9ticos (CPNP), que es un sistema centralizado de notificaci\u00f3n en l\u00ednea utilizado en la Uni\u00f3n Europea (UE). El CPNP se establece en virtud del Reglamento sobre cosm\u00e9ticos de la UE (Reglamento (CE) n\u00ba 1223\/2009), y sirve como herramienta para el intercambio de informaci\u00f3n sobre productos cosm\u00e9ticos entre las autoridades reguladoras y las Personas Responsables que comercializan estos productos. <\/p>\n<h2>Pruebas de estabilidad<\/h2>\n<p>Tanto las<strong data-start=\"151\" data-end=\"184\">pruebas de estabilidad y compatibilidad aceleradas<\/strong> como<strong data-start=\"189\" data-end=\"224\">las de estabilidad y compatibilidad por choque t\u00e9rmico<\/strong> se utilizan para evaluar c\u00f3mo soporta un producto las tensiones ambientales y simulan el envejecimiento a largo plazo en condiciones controladas y elevadas para predecir su vida \u00fatil. En ambos m\u00e9todos, tambi\u00e9n se eval\u00faa <strong data-start=\"744\" data-end=\"791\">la compatibilidad entre el producto y el envase<\/strong> para garantizar que no se produzcan fugas, degradaci\u00f3n o interacci\u00f3n. <\/p>\n<p>La Prueba de Estabilidad Acelerada dura entre 95 y 105 d\u00edas.<\/p>\n<p>La Prueba de Estabilidad al Choque T\u00e9rmico dura entre 50 y 60 d\u00edas.<\/p>\n<table class=\"w-fit min-w-(--thread-content-width)\" data-start=\"891\" data-end=\"2044\">\n<thead data-start=\"891\" data-end=\"1017\">\n<tr data-start=\"891\" data-end=\"1017\">\n<th data-start=\"891\" data-end=\"926\" data-col-size=\"sm\">eatura<\/th>\n<th data-start=\"926\" data-end=\"970\" data-col-size=\"md\">Pruebas de estabilidad acelerada<\/th>\n<th data-start=\"970\" data-end=\"1017\" data-col-size=\"md\">Pruebas de estabilidad por choque t\u00e9rmico<\/th>\n<\/tr>\n<\/thead>\n<tbody data-start=\"1146\" data-end=\"2044\">\n<tr data-start=\"1146\" data-end=\"1273\">\n<td data-start=\"1146\" data-end=\"1181\" data-col-size=\"sm\"><strong data-start=\"1148\" data-end=\"1159\">Finalidad<\/strong><\/td>\n<td data-col-size=\"md\" data-start=\"1181\" data-end=\"1225\">Simular el envejecimiento y la estabilidad a largo plazo<\/td>\n<td data-col-size=\"md\" data-start=\"1225\" data-end=\"1273\">Simular el envejecimiento y la estabilidad a largo plazo<\/td>\n<\/tr>\n<tr data-start=\"1274\" data-end=\"1403\">\n<td data-start=\"1274\" data-end=\"1309\" data-col-size=\"sm\"><strong data-start=\"1276\" data-end=\"1299\">Perfil de temperatura<\/strong><\/td>\n<td data-col-size=\"md\" data-start=\"1309\" data-end=\"1354\">Temperatura elevada constante (por ejemplo, 4\u00b0C- 25\u00b0C-45 \u00b0C)<\/td>\n<td data-col-size=\"md\" data-start=\"1354\" data-end=\"1403\">Alternancia de temperaturas extremas (-15\u00b0C \u00b1 2\u00b0C; +20\u00b0C \u00b1 2\u00b0C; +45\u00b0C \u00b1 2\u00b0C)<\/td>\n<\/tr>\n<tr data-start=\"1404\" data-end=\"1531\">\n<td data-start=\"1404\" data-end=\"1439\" data-col-size=\"sm\"><strong data-start=\"1406\" data-end=\"1418\">Duraci\u00f3n<\/strong><\/td>\n<td data-col-size=\"md\" data-start=\"1439\" data-end=\"1483\">95 a 105 d\u00edas<\/td>\n<td data-col-size=\"md\" data-start=\"1483\" data-end=\"1531\">50 a 60 d\u00edas<\/td>\n<\/tr>\n<tr data-start=\"1532\" data-end=\"1659\">\n<td data-start=\"1532\" data-end=\"1567\" data-col-size=\"sm\"><strong data-start=\"1534\" data-end=\"1551\">Simulaci\u00f3n de<\/strong><\/td>\n<td data-col-size=\"md\" data-start=\"1567\" data-end=\"1611\">Tiempo y envejecimiento<\/td>\n<td data-col-size=\"md\" data-start=\"1611\" data-end=\"1659\">Tiempo y envejecimiento, transporte o exposici\u00f3n clim\u00e1tica r\u00e1pida<\/td>\n<\/tr>\n<tr data-start=\"1660\" data-end=\"1787\">\n<td data-start=\"1660\" data-end=\"1695\" data-col-size=\"sm\"><strong data-start=\"1662\" data-end=\"1686\">Observaciones t\u00edpicas<\/strong><\/td>\n<td data-col-size=\"md\" data-start=\"1695\" data-end=\"1739\">Aspecto, olor, color, pH, densidad, viscosidad<\/td>\n<td data-col-size=\"md\" data-start=\"1739\" data-end=\"1787\">Aspecto, olor, color, pH, densidad, viscosidad<\/td>\n<\/tr>\n<tr data-start=\"1788\" data-end=\"1916\">\n<td data-start=\"1788\" data-end=\"1823\" data-col-size=\"sm\"><strong data-start=\"1790\" data-end=\"1812\">Prueba de compatibilidad<\/strong><\/td>\n<td data-col-size=\"md\" data-start=\"1823\" data-end=\"1868\">Eval\u00faa la interacci\u00f3n producto-embalaje<\/td>\n<td data-col-size=\"md\" data-start=\"1868\" data-end=\"1916\">Eval\u00faa la interacci\u00f3n producto-embalaje<\/td>\n<\/tr>\n<\/tbody>\n<\/table>\n<h2>Prueba de especificaci\u00f3n del producto<\/h2>\n<p>Los par\u00e1metros fisicoqu\u00edmicos de un producto, como <strong>el pH, la viscosidad, la densidad y el color<\/strong>, desempe\u00f1an un papel importante en la evaluaci\u00f3n de la seguridad de un producto.<\/p>\n<p>Para obtener un informe detallado de las especificaciones del producto para realizar una evaluaci\u00f3n de la seguridad, se necesitan varias pruebas fisicoqu\u00edmicas de laboratorio. Estas pruebas proporcionan informaci\u00f3n sobre las propiedades del producto y se utilizan para evaluar su estabilidad, seguridad e idoneidad. <\/p>\n","protected":false},"excerpt":{"rendered":"<p>Si tu producto tiene variaciones de color u olor, puedes elegir esta opci\u00f3n. Este producto forma parte del paquete de evaluaci\u00f3n cosm\u00e9tica y s\u00f3lo se puede comprar cuando ya hemos creado tu PIF y CPSR principales. \u00bfQu\u00e9 contiene esta variaci\u00f3n adicional? Esta variaci\u00f3n formar\u00e1 parte de tu evaluaci\u00f3n actual realizada por Certified Cosmetics. Consiste en&#8230;<\/p>\n","protected":false},"featured_media":14595,"template":"","meta":[],"product_brand":[],"product_cat":[116],"product_tag":[],"class_list":{"0":"post-14795","1":"product","2":"type-product","3":"status-publish","4":"has-post-thumbnail","6":"product_cat-evaluacion-de-la-seguridad-cosmetica","8":"first","9":"instock","10":"virtual","11":"taxable","12":"purchasable","13":"product-type-bundle"},"bundled_by":[],"bundle_stock_status":"instock","bundle_stock_quantity":"","bundle_virtual":false,"bundle_layout":"default","bundle_add_to_cart_form_location":"default","bundle_editable_in_cart":false,"bundle_sold_individually_context":"product","bundle_item_grouping":"parent","bundle_min_size":"","bundle_max_size":"","bundle_price":{"price":{"min":{"incl_tax":"406.43","excl_tax":"335.89"},"max":{"incl_tax":"","excl_tax":""}},"regular_price":{"min":{"incl_tax":"406.43","excl_tax":"335.89"},"max":{"incl_tax":"","excl_tax":""}}},"bundled_items":[{"bundled_item_id":1293,"product_id":11954,"menu_order":0,"quantity_min":1,"quantity_max":1,"quantity_default":1,"priced_individually":false,"shipped_individually":true,"override_title":false,"title":"Informe sobre la seguridad de los productos cosm\u00e9ticos &#8211; CPSR","override_description":false,"description":"Informe sobre la seguridad de los productos cosm\u00e9ticos &#8211; CPSR","optional":false,"hide_thumbnail":false,"discount":"","override_variations":false,"allowed_variations":[""],"override_default_variation_attributes":false,"default_variation_attributes":[],"single_product_visibility":"visible","cart_visibility":"visible","order_visibility":"visible","single_product_price_visibility":"visible","cart_price_visibility":"visible","order_price_visibility":"visible","stock_status":"in_stock"},{"bundled_item_id":968,"product_id":7300,"menu_order":2,"quantity_min":1,"quantity_max":1,"quantity_default":1,"priced_individually":true,"shipped_individually":false,"override_title":false,"title":"Prueba acelerada de estabilidad y compatibilidad","override_description":false,"description":"Prueba acelerada de estabilidad y compatibilidad","optional":false,"hide_thumbnail":false,"discount":"","override_variations":false,"allowed_variations":[""],"override_default_variation_attributes":false,"default_variation_attributes":[],"single_product_visibility":"visible","cart_visibility":"visible","order_visibility":"visible","single_product_price_visibility":"visible","cart_price_visibility":"visible","order_price_visibility":"visible","stock_status":"in_stock"},{"bundled_item_id":1294,"product_id":7183,"menu_order":2,"quantity_min":1,"quantity_max":1,"quantity_default":1,"priced_individually":false,"shipped_individually":true,"override_title":false,"title":"Fichero de informaci\u00f3n del producto PIF","override_description":false,"description":"Fichero de informaci\u00f3n del producto PIF","optional":false,"hide_thumbnail":false,"discount":"","override_variations":false,"allowed_variations":[""],"override_default_variation_attributes":false,"default_variation_attributes":[],"single_product_visibility":"visible","cart_visibility":"visible","order_visibility":"visible","single_product_price_visibility":"visible","cart_price_visibility":"visible","order_price_visibility":"visible","stock_status":"in_stock"},{"bundled_item_id":1295,"product_id":7065,"menu_order":3,"quantity_min":0,"quantity_max":"","quantity_default":1,"priced_individually":true,"shipped_individually":true,"override_title":false,"title":"Notificaci\u00f3n CPNP","override_description":false,"description":"Notificaci\u00f3n CPNP","optional":false,"hide_thumbnail":false,"discount":"","override_variations":false,"allowed_variations":[""],"override_default_variation_attributes":false,"default_variation_attributes":[],"single_product_visibility":"visible","cart_visibility":"visible","order_visibility":"visible","single_product_price_visibility":"visible","cart_price_visibility":"visible","order_price_visibility":"visible","stock_status":"in_stock"},{"bundled_item_id":1296,"product_id":11307,"menu_order":4,"quantity_min":0,"quantity_max":"","quantity_default":0,"priced_individually":true,"shipped_individually":true,"override_title":false,"title":"Prueba de especificaci\u00f3n del producto","override_description":false,"description":"Prueba de especificaci\u00f3n del producto","optional":false,"hide_thumbnail":false,"discount":"","override_variations":false,"allowed_variations":[""],"override_default_variation_attributes":false,"default_variation_attributes":[],"single_product_visibility":"visible","cart_visibility":"visible","order_visibility":"visible","single_product_price_visibility":"visible","cart_price_visibility":"visible","order_price_visibility":"visible","stock_status":"in_stock"},{"bundled_item_id":1297,"product_id":7270,"menu_order":5,"quantity_min":0,"quantity_max":"","quantity_default":0,"priced_individually":true,"shipped_individually":true,"override_title":false,"title":"Prueba de microbiolog\u00eda","override_description":false,"description":"Prueba de microbiolog\u00eda","optional":false,"hide_thumbnail":false,"discount":"","override_variations":false,"allowed_variations":[""],"override_default_variation_attributes":false,"default_variation_attributes":[],"single_product_visibility":"visible","cart_visibility":"visible","order_visibility":"visible","single_product_price_visibility":"visible","cart_price_visibility":"visible","order_price_visibility":"visible","stock_status":"in_stock"}],"bundle_sell_ids":[],"yoast_head":"<!-- This site is optimized with the Yoast SEO Premium plugin v25.4 (Yoast SEO v25.4) - https:\/\/yoast.com\/wordpress\/plugins\/seo\/ -->\n<title>Variaci\u00f3n adicional para el PIF existente - Certified Cosmetics<\/title>\n<meta name=\"robots\" content=\"index, follow, max-snippet:-1, max-image-preview:large, max-video-preview:-1\" \/>\n<link rel=\"canonical\" href=\"https:\/\/www.certifiedcosmetics.com\/es\/product\/evaluacion-de-la-seguridad-cosmetica\/variacion-adicional-para-el-pif-existente\/\" \/>\n<meta property=\"og:locale\" content=\"es_ES\" \/>\n<meta property=\"og:type\" content=\"article\" \/>\n<meta property=\"og:title\" content=\"Variaci\u00f3n adicional para el PIF existente\" \/>\n<meta property=\"og:description\" content=\"Si tu producto tiene variaciones de color u olor, puedes elegir esta opci\u00f3n. Este producto forma parte del paquete de evaluaci\u00f3n cosm\u00e9tica y s\u00f3lo se puede comprar cuando ya hemos creado tu PIF y CPSR principales. \u00bfQu\u00e9 contiene esta variaci\u00f3n adicional? Esta variaci\u00f3n formar\u00e1 parte de tu evaluaci\u00f3n actual realizada por Certified Cosmetics. Consiste en...\" \/>\n<meta property=\"og:url\" content=\"https:\/\/www.certifiedcosmetics.com\/es\/product\/evaluacion-de-la-seguridad-cosmetica\/variacion-adicional-para-el-pif-existente\/\" \/>\n<meta property=\"og:site_name\" content=\"Certified Cosmetics\" \/>\n<meta property=\"og:image\" content=\"https:\/\/www.certifiedcosmetics.com\/wp-content\/uploads\/2025\/12\/Cosmetics-Compliance-Greece.jpg\" \/>\n\t<meta property=\"og:image:width\" content=\"800\" \/>\n\t<meta property=\"og:image:height\" content=\"800\" \/>\n\t<meta property=\"og:image:type\" content=\"image\/jpeg\" \/>\n<meta name=\"twitter:card\" content=\"summary_large_image\" \/>\n<meta name=\"twitter:label1\" content=\"Precio\" \/>\n\t<meta name=\"twitter:data1\" content=\"&#036;58.85\" \/>\n\t<meta name=\"twitter:label2\" content=\"Disponibilidad\" \/>\n\t<meta name=\"twitter:data2\" content=\"Disponible\" \/>\n<script type=\"application\/ld+json\" class=\"yoast-schema-graph\">{\"@context\":\"https:\/\/schema.org\",\"@graph\":[{\"@type\":\"WebPage\",\"@id\":\"https:\/\/www.certifiedcosmetics.com\/es\/product\/evaluacion-de-la-seguridad-cosmetica\/variacion-adicional-para-el-pif-existente\/\",\"url\":\"https:\/\/www.certifiedcosmetics.com\/es\/product\/evaluacion-de-la-seguridad-cosmetica\/variacion-adicional-para-el-pif-existente\/\",\"name\":\"Variaci\u00f3n adicional para el PIF existente - Certified Cosmetics\",\"isPartOf\":{\"@id\":\"https:\/\/www.certifiedcosmetics.com\/es\/#website\"},\"primaryImageOfPage\":{\"@id\":\"https:\/\/www.certifiedcosmetics.com\/es\/product\/evaluacion-de-la-seguridad-cosmetica\/variacion-adicional-para-el-pif-existente\/#primaryimage\"},\"image\":{\"@id\":\"https:\/\/www.certifiedcosmetics.com\/es\/product\/evaluacion-de-la-seguridad-cosmetica\/variacion-adicional-para-el-pif-existente\/#primaryimage\"},\"thumbnailUrl\":\"https:\/\/www.certifiedcosmetics.com\/wp-content\/uploads\/2025\/12\/Cosmetics-Compliance-Greece.jpg\",\"datePublished\":\"2025-12-30T09:08:12+00:00\",\"breadcrumb\":{\"@id\":\"https:\/\/www.certifiedcosmetics.com\/es\/product\/evaluacion-de-la-seguridad-cosmetica\/variacion-adicional-para-el-pif-existente\/#breadcrumb\"},\"inLanguage\":\"es\",\"potentialAction\":[{\"@type\":\"ReadAction\",\"target\":[\"https:\/\/www.certifiedcosmetics.com\/es\/product\/evaluacion-de-la-seguridad-cosmetica\/variacion-adicional-para-el-pif-existente\/\"]}]},{\"@type\":\"ImageObject\",\"inLanguage\":\"es\",\"@id\":\"https:\/\/www.certifiedcosmetics.com\/es\/product\/evaluacion-de-la-seguridad-cosmetica\/variacion-adicional-para-el-pif-existente\/#primaryimage\",\"url\":\"https:\/\/www.certifiedcosmetics.com\/wp-content\/uploads\/2025\/12\/Cosmetics-Compliance-Greece.jpg\",\"contentUrl\":\"https:\/\/www.certifiedcosmetics.com\/wp-content\/uploads\/2025\/12\/Cosmetics-Compliance-Greece.jpg\",\"width\":800,\"height\":800,\"caption\":\"Cumplimiento de la normativa sobre cosm\u00e9ticos Grecia\"},{\"@type\":\"BreadcrumbList\",\"@id\":\"https:\/\/www.certifiedcosmetics.com\/es\/product\/evaluacion-de-la-seguridad-cosmetica\/variacion-adicional-para-el-pif-existente\/#breadcrumb\",\"itemListElement\":[{\"@type\":\"ListItem\",\"position\":1,\"name\":\"Home\",\"item\":\"https:\/\/www.certifiedcosmetics.com\/es\/\"},{\"@type\":\"ListItem\",\"position\":2,\"name\":\"Tienda\",\"item\":\"https:\/\/www.certifiedcosmetics.com\/es\/tienda\/\"},{\"@type\":\"ListItem\",\"position\":3,\"name\":\"Variaci\u00f3n adicional para el PIF existente\"}]},{\"@type\":\"WebSite\",\"@id\":\"https:\/\/www.certifiedcosmetics.com\/es\/#website\",\"url\":\"https:\/\/www.certifiedcosmetics.com\/es\/\",\"name\":\"Certified Cosmetics\",\"description\":\"Cosmetic Testing\",\"publisher\":{\"@id\":\"https:\/\/www.certifiedcosmetics.com\/es\/#organization\"},\"potentialAction\":[{\"@type\":\"SearchAction\",\"target\":{\"@type\":\"EntryPoint\",\"urlTemplate\":\"https:\/\/www.certifiedcosmetics.com\/es\/?s={search_term_string}\"},\"query-input\":{\"@type\":\"PropertyValueSpecification\",\"valueRequired\":true,\"valueName\":\"search_term_string\"}}],\"inLanguage\":\"es\"},{\"@type\":\"Organization\",\"@id\":\"https:\/\/www.certifiedcosmetics.com\/es\/#organization\",\"name\":\"Certified Cosmetics\",\"url\":\"https:\/\/www.certifiedcosmetics.com\/es\/\",\"logo\":{\"@type\":\"ImageObject\",\"inLanguage\":\"es\",\"@id\":\"https:\/\/www.certifiedcosmetics.com\/es\/#\/schema\/logo\/image\/\",\"url\":\"https:\/\/www.certifiedcosmetics.com\/wp-content\/uploads\/2024\/12\/logo_certified_cosmetics696.jpg\",\"contentUrl\":\"https:\/\/www.certifiedcosmetics.com\/wp-content\/uploads\/2024\/12\/logo_certified_cosmetics696.jpg\",\"width\":696,\"height\":696,\"caption\":\"Certified Cosmetics\"},\"image\":{\"@id\":\"https:\/\/www.certifiedcosmetics.com\/es\/#\/schema\/logo\/image\/\"},\"description\":\"Your trusted partner for cosmetic product safety reporting. We take care of updating all of your documentation, ensuring your compliance stays current even as regulations evolve. The Cosmetic Product Safety Assessment will give you everything you need to sell specific products to EU consumers.\",\"email\":\"contact@certifiedcosmetics.com\",\"telephone\":\"+31 36 2036384\",\"legalName\":\"Certified Cosmetics\",\"foundingDate\":\"2010-01-01\",\"vatID\":\"NL854189543B01\",\"numberOfEmployees\":{\"@type\":\"QuantitativeValue\",\"minValue\":\"11\",\"maxValue\":\"50\"}}]}<\/script>\n<meta property=\"product:price:amount\" content=\"58.85\" \/>\n<meta property=\"product:price:currency\" content=\"USD\" \/>\n<meta property=\"og:availability\" content=\"instock\" \/>\n<meta property=\"product:availability\" content=\"instock\" \/>\n<meta property=\"product:retailer_item_id\" content=\"CC100061\" \/>\n<meta property=\"product:condition\" content=\"new\" \/>\n<!-- \/ Yoast SEO Premium plugin. -->","yoast_head_json":{"title":"Variaci\u00f3n adicional para el PIF existente - Certified Cosmetics","robots":{"index":"index","follow":"follow","max-snippet":"max-snippet:-1","max-image-preview":"max-image-preview:large","max-video-preview":"max-video-preview:-1"},"canonical":"https:\/\/www.certifiedcosmetics.com\/es\/product\/evaluacion-de-la-seguridad-cosmetica\/variacion-adicional-para-el-pif-existente\/","og_locale":"es_ES","og_type":"article","og_title":"Variaci\u00f3n adicional para el PIF existente","og_description":"Si tu producto tiene variaciones de color u olor, puedes elegir esta opci\u00f3n. Este producto forma parte del paquete de evaluaci\u00f3n cosm\u00e9tica y s\u00f3lo se puede comprar cuando ya hemos creado tu PIF y CPSR principales. \u00bfQu\u00e9 contiene esta variaci\u00f3n adicional? Esta variaci\u00f3n formar\u00e1 parte de tu evaluaci\u00f3n actual realizada por Certified Cosmetics. Consiste en...","og_url":"https:\/\/www.certifiedcosmetics.com\/es\/product\/evaluacion-de-la-seguridad-cosmetica\/variacion-adicional-para-el-pif-existente\/","og_site_name":"Certified Cosmetics","og_image":[{"width":800,"height":800,"url":"https:\/\/www.certifiedcosmetics.com\/wp-content\/uploads\/2025\/12\/Cosmetics-Compliance-Greece.jpg","type":"image\/jpeg"}],"twitter_card":"summary_large_image","twitter_misc":{"Precio":"&#36;58.85","Disponibilidad":"Disponible"},"schema":{"@context":"https:\/\/schema.org","@graph":[{"@type":"WebPage","@id":"https:\/\/www.certifiedcosmetics.com\/es\/product\/evaluacion-de-la-seguridad-cosmetica\/variacion-adicional-para-el-pif-existente\/","url":"https:\/\/www.certifiedcosmetics.com\/es\/product\/evaluacion-de-la-seguridad-cosmetica\/variacion-adicional-para-el-pif-existente\/","name":"Variaci\u00f3n adicional para el PIF existente - Certified Cosmetics","isPartOf":{"@id":"https:\/\/www.certifiedcosmetics.com\/es\/#website"},"primaryImageOfPage":{"@id":"https:\/\/www.certifiedcosmetics.com\/es\/product\/evaluacion-de-la-seguridad-cosmetica\/variacion-adicional-para-el-pif-existente\/#primaryimage"},"image":{"@id":"https:\/\/www.certifiedcosmetics.com\/es\/product\/evaluacion-de-la-seguridad-cosmetica\/variacion-adicional-para-el-pif-existente\/#primaryimage"},"thumbnailUrl":"https:\/\/www.certifiedcosmetics.com\/wp-content\/uploads\/2025\/12\/Cosmetics-Compliance-Greece.jpg","datePublished":"2025-12-30T09:08:12+00:00","breadcrumb":{"@id":"https:\/\/www.certifiedcosmetics.com\/es\/product\/evaluacion-de-la-seguridad-cosmetica\/variacion-adicional-para-el-pif-existente\/#breadcrumb"},"inLanguage":"es","potentialAction":[{"@type":"ReadAction","target":["https:\/\/www.certifiedcosmetics.com\/es\/product\/evaluacion-de-la-seguridad-cosmetica\/variacion-adicional-para-el-pif-existente\/"]}]},{"@type":"ImageObject","inLanguage":"es","@id":"https:\/\/www.certifiedcosmetics.com\/es\/product\/evaluacion-de-la-seguridad-cosmetica\/variacion-adicional-para-el-pif-existente\/#primaryimage","url":"https:\/\/www.certifiedcosmetics.com\/wp-content\/uploads\/2025\/12\/Cosmetics-Compliance-Greece.jpg","contentUrl":"https:\/\/www.certifiedcosmetics.com\/wp-content\/uploads\/2025\/12\/Cosmetics-Compliance-Greece.jpg","width":800,"height":800,"caption":"Cumplimiento de la normativa sobre cosm\u00e9ticos Grecia"},{"@type":"BreadcrumbList","@id":"https:\/\/www.certifiedcosmetics.com\/es\/product\/evaluacion-de-la-seguridad-cosmetica\/variacion-adicional-para-el-pif-existente\/#breadcrumb","itemListElement":[{"@type":"ListItem","position":1,"name":"Home","item":"https:\/\/www.certifiedcosmetics.com\/es\/"},{"@type":"ListItem","position":2,"name":"Tienda","item":"https:\/\/www.certifiedcosmetics.com\/es\/tienda\/"},{"@type":"ListItem","position":3,"name":"Variaci\u00f3n adicional para el PIF existente"}]},{"@type":"WebSite","@id":"https:\/\/www.certifiedcosmetics.com\/es\/#website","url":"https:\/\/www.certifiedcosmetics.com\/es\/","name":"Certified Cosmetics","description":"Cosmetic Testing","publisher":{"@id":"https:\/\/www.certifiedcosmetics.com\/es\/#organization"},"potentialAction":[{"@type":"SearchAction","target":{"@type":"EntryPoint","urlTemplate":"https:\/\/www.certifiedcosmetics.com\/es\/?s={search_term_string}"},"query-input":{"@type":"PropertyValueSpecification","valueRequired":true,"valueName":"search_term_string"}}],"inLanguage":"es"},{"@type":"Organization","@id":"https:\/\/www.certifiedcosmetics.com\/es\/#organization","name":"Certified Cosmetics","url":"https:\/\/www.certifiedcosmetics.com\/es\/","logo":{"@type":"ImageObject","inLanguage":"es","@id":"https:\/\/www.certifiedcosmetics.com\/es\/#\/schema\/logo\/image\/","url":"https:\/\/www.certifiedcosmetics.com\/wp-content\/uploads\/2024\/12\/logo_certified_cosmetics696.jpg","contentUrl":"https:\/\/www.certifiedcosmetics.com\/wp-content\/uploads\/2024\/12\/logo_certified_cosmetics696.jpg","width":696,"height":696,"caption":"Certified Cosmetics"},"image":{"@id":"https:\/\/www.certifiedcosmetics.com\/es\/#\/schema\/logo\/image\/"},"description":"Your trusted partner for cosmetic product safety reporting. We take care of updating all of your documentation, ensuring your compliance stays current even as regulations evolve. The Cosmetic Product Safety Assessment will give you everything you need to sell specific products to EU consumers.","email":"contact@certifiedcosmetics.com","telephone":"+31 36 2036384","legalName":"Certified Cosmetics","foundingDate":"2010-01-01","vatID":"NL854189543B01","numberOfEmployees":{"@type":"QuantitativeValue","minValue":"11","maxValue":"50"}}]},"product_price_amount":"58.85","product_price_currency":"USD","og_availability":"instock","product_availability":"instock","product_retailer_item_id":"CC100061","product_condition":"new"},"_links":{"self":[{"href":"https:\/\/www.certifiedcosmetics.com\/es\/wp-json\/wp\/v2\/product\/14795","targetHints":{"allow":["GET"]}}],"collection":[{"href":"https:\/\/www.certifiedcosmetics.com\/es\/wp-json\/wp\/v2\/product"}],"about":[{"href":"https:\/\/www.certifiedcosmetics.com\/es\/wp-json\/wp\/v2\/types\/product"}],"wp:featuredmedia":[{"embeddable":true,"href":"https:\/\/www.certifiedcosmetics.com\/es\/wp-json\/wp\/v2\/media\/14595"}],"wp:attachment":[{"href":"https:\/\/www.certifiedcosmetics.com\/es\/wp-json\/wp\/v2\/media?parent=14795"}],"wp:term":[{"taxonomy":"product_brand","embeddable":true,"href":"https:\/\/www.certifiedcosmetics.com\/es\/wp-json\/wp\/v2\/product_brand?post=14795"},{"taxonomy":"product_cat","embeddable":true,"href":"https:\/\/www.certifiedcosmetics.com\/es\/wp-json\/wp\/v2\/product_cat?post=14795"},{"taxonomy":"product_tag","embeddable":true,"href":"https:\/\/www.certifiedcosmetics.com\/es\/wp-json\/wp\/v2\/product_tag?post=14795"}],"curies":[{"name":"wp","href":"https:\/\/api.w.org\/{rel}","templated":true}]}}