{"id":14679,"date":"2025-12-09T10:29:52","date_gmt":"2025-12-09T09:29:52","guid":{"rendered":"https:\/\/www.certifiedcosmetics.com\/product\/sin categor\u00eda\/fip-y-cpsr\/"},"modified":"2025-12-09T10:29:52","modified_gmt":"2025-12-09T09:29:52","slug":"fip-y-cpsr","status":"publish","type":"product","link":"https:\/\/www.certifiedcosmetics.com\/es\/product\/evaluacion-de-la-seguridad-cosmetica\/fip-y-cpsr\/","title":{"rendered":"FIP y CPSR"},"content":{"rendered":"<p>El Fichero de Informaci\u00f3n sobre Productos Cosm\u00e9ticos (FIP) es un documento exhaustivo que sirve como dep\u00f3sito central de informaci\u00f3n relacionada con un producto cosm\u00e9tico. Es un requisito obligatorio en virtud del Reglamento sobre cosm\u00e9ticos de la Uni\u00f3n Europea (UE) (Reglamento (CE) n\u00ba 1223\/2009). El PIF tiene por objeto facilitar a las autoridades competentes el acceso a detalles clave sobre un producto cosm\u00e9tico y su evaluaci\u00f3n de seguridad.  <\/p>\n<p>Este paquete te proporcionar\u00e1 :<\/p>\n<ul>\n<li>Fichero de informaci\u00f3n sobre el producto (FIP)<\/li>\n<li>Evaluaci\u00f3n de la seguridad (CPSR)<\/li>\n<li>Revisi\u00f3n de etiquetas de cosm\u00e9ticos<\/li>\n<li>CPNP<\/li>\n<\/ul>\n<p>Todos los resultados de las pruebas de laboratorio necesarias deben estar disponibles para este paquete. Si no se ha realizado ninguna prueba de laboratorio, utiliza nuestro paquete con pruebas de laboratorio incluidas: <\/p>\n<ul>\n<li><a href=\"https:\/\/www.certifiedcosmetics.com\/es\/product\/evaluacion-de-la-seguridad-cosmetica\/paquete-de-evaluacion-de-la-seguridad-de-los-productos-cosmeticos-perfumados\/\">Evaluaci\u00f3n de la seguridad de los productos cosm\u00e9ticos<\/a><\/li>\n<li><a href=\"https:\/\/www.certifiedcosmetics.com\/es\/product\/evaluacion-de-la-seguridad-cosmetica\/paquete-completo-de-evaluacion-de-la-seguridad-de-los-productos-cosmeticos\/\">Evaluaci\u00f3n completa de la seguridad de los productos cosm\u00e9ticos<\/a><\/li>\n<\/ul>\n<h2>C\u00f3mo funciona el proceso<\/h2>\n<ol>\n<li><strong>Pide tu evaluaci\u00f3n<\/strong><br \/>\nCompra este paquete y completa tu compra en nuestro sitio web.<\/li>\n<li><strong>Recibe acceso seguro<\/strong><br \/>\nTras la compra, recibir\u00e1s los datos de acceso a nuestro portal seguro.<\/li>\n<li><strong>Rellena el formulario de admisi\u00f3n<\/strong><br \/>\nProporciona los detalles de tu producto y sube la documentaci\u00f3n disponible.<\/li>\n<li><strong>Recibe tu PIF<\/strong><br \/>\nNuestro evaluador de seguridad preparar\u00e1 tu Expediente de Informaci\u00f3n del Producto (PIF), incluidas las Partes I, II y III.<\/li>\n<li><strong>Notificaci\u00f3n CPNP<\/strong><br \/>\nNos encargamos del registro en la UE por ti y te entregamos la documentaci\u00f3n completa.<\/li>\n<\/ol>\n<div>Aqu\u00ed tienes un resumen de la documentaci\u00f3n requerida sobre los ingredientes, que puedes solicitar a tus proveedores de materias primas: <a href=\"https:\/\/www.certifiedcosmetics.com\/es\/blog\/pif-y-documentacion\/resumen-de-la-documentacion-para-una-evaluacion-de-la-seguridad\/\" target=\"_blank\" rel=\"noopener\">documentaci\u00f3n sobre los ingredientes<\/a><\/div>\n<div>Aqu\u00ed tienes un resumen de la informaci\u00f3n que debe figurar en la etiqueta del producto &#8211; <a href=\"https:\/\/www.certifiedcosmetics.com\/es\/blog\/etiquetado-de-productos-cosmeticos\/como-preparar-la-etiqueta-de-un-producto-cosmetico\/\" target=\"_blank\" rel=\"noopener\">requisitos de la etiqueta del producto cosm\u00e9tico<\/a><\/div>\n<h2>Opciones de renovaci\u00f3n de etiquetas<\/h2>\n<h4><strong>1. Revisi\u00f3n de la etiqueta est\u00e1ndar<\/strong><\/h4>\n<p>Esta opci\u00f3n es perfecta para las marcas que buscan una <strong>revisi\u00f3n reglamentaria r\u00e1pida<\/strong> para asegurarse de que sus etiquetas cumplen las normas b\u00e1sicas de conformidad de la regi\u00f3n o regiones deseadas.<\/p>\n<p>Qu\u00e9 incluye:<\/p>\n<ul>\n<li>Evaluaci\u00f3n de la <strong>informaci\u00f3n obligatoria para el consumidor<\/strong> en la etiqueta primaria, la etiqueta secundaria y el prospecto.<\/li>\n<li>Revisi\u00f3n de <strong>la comunicaci\u00f3n de marketing<\/strong> para garantizar que las afirmaciones se ajustan a los requisitos normativos.<\/li>\n<\/ul>\n<h4><strong>2. Revisi\u00f3n ampliada de etiquetas<\/strong><\/h4>\n<p>Nuestra <strong>Revisi\u00f3n Global de Etiquetas<\/strong> es una opci\u00f3n completa dise\u00f1ada para las marcas que quieren perfeccionar sus etiquetas para los mercados internacionales.<\/p>\n<p>Qu\u00e9 incluye:<\/p>\n<ul>\n<li>Todo lo que aparece en la <strong>Revisi\u00f3n Est\u00e1ndar<\/strong>, y adem\u00e1s:\n<ul>\n<li>Validaci\u00f3n de las pruebas utilizadas para justificar las afirmaciones.<\/li>\n<li><strong>Recomendaciones avanzadas<\/strong> para actualizar las reivindicaciones problem\u00e1ticas manteniendo su intenci\u00f3n original.<\/li>\n<li>Creaci\u00f3n de la <strong>lista de ingredientes<\/strong> en el formato requerido para cada pa\u00eds.<\/li>\n<li>Verificaci\u00f3n de las <strong>advertencias<\/strong> e <strong>instrucciones de uso<\/strong> para que se ajusten a la normativa.<\/li>\n<\/ul>\n<\/li>\n<\/ul>\n<h2>Qu\u00e9 es un Fichero de Informaci\u00f3n sobre Productos Cosm\u00e9ticos (FIP)<\/h2>\n<div>He aqu\u00ed los elementos clave que suelen encontrarse en un Fichero de Informaci\u00f3n sobre Productos Cosm\u00e9ticos (FIP):<\/div>\n<ol>\n<li><strong>Informaci\u00f3n sobre el producto:<\/strong> Esta secci\u00f3n incluye detalles como el nombre del producto, la categor\u00eda y el uso previsto. Tambi\u00e9n especifica el nombre y la direcci\u00f3n de la Persona Responsable: la entidad o persona encargada de comercializar el producto cosm\u00e9tico.<\/li>\n<li><strong>Informe sobre la seguridad del producto cosm\u00e9tico (ISP):<\/strong> El PIF contiene el Informe sobre la Seguridad de los Productos Cosm\u00e9ticos completo, que es una evaluaci\u00f3n exhaustiva de la seguridad del producto cosm\u00e9tico. El CPSR incluye informaci\u00f3n sobre la composici\u00f3n del producto, la evaluaci\u00f3n de la exposici\u00f3n, el perfil toxicol\u00f3gico, la evaluaci\u00f3n de la seguridad y otros detalles relevantes.<\/li>\n<li><strong>M\u00e9todo de fabricaci\u00f3n:<\/strong> En esta secci\u00f3n se proporciona informaci\u00f3n sobre el proceso de fabricaci\u00f3n, incluidos detalles sobre las instalaciones, el equipo y las medidas de control de calidad.<\/li>\n<li><strong>Cumplimiento de las Buenas Pr\u00e1cticas de Fabricaci\u00f3n (BPF):<\/strong> El PIF incluye documentaci\u00f3n para demostrar que el producto cosm\u00e9tico se fabrica de acuerdo con las Buenas Pr\u00e1cticas de Fabricaci\u00f3n para garantizar su seguridad y calidad.<\/li>\n<li><strong>Datos sobre la experimentaci\u00f3n animal:<\/strong> En la FIP se incluyen datos sobre cualquier ensayo realizado en animales con el producto cosm\u00e9tico o sus ingredientes, incluidas las justificaciones de dichos ensayos. Sin embargo, es esencial tener en cuenta que la experimentaci\u00f3n con animales para cosm\u00e9ticos est\u00e1 prohibida en la UE, y se fomentan los m\u00e9todos de experimentaci\u00f3n alternativos.<\/li>\n<li><strong>Datos de estabilidad:<\/strong> Se incluye informaci\u00f3n sobre la estabilidad del producto cosm\u00e9tico en diversas condiciones (por ejemplo, temperatura, luz) para garantizar que el producto sigue siendo seguro y eficaz durante toda su vida \u00fatil.<\/li>\n<li><strong>Informaci\u00f3n sobre el etiquetado:<\/strong> El PIF incluye detalles sobre el etiquetado del producto cosm\u00e9tico, garantizando que cumple los requisitos de etiquetado pertinentes establecidos en el Reglamento sobre cosm\u00e9ticos de la UE.<\/li>\n<\/ol>\n<p>El PIF es un documento confidencial, y su disponibilidad es esencial para el cumplimiento de la normativa y la vigilancia del mercado. La Persona Responsable debe mantener el PIF actualizado y accesible a las autoridades competentes durante un periodo de 10 a\u00f1os a partir de la comercializaci\u00f3n del \u00faltimo lote del producto cosm\u00e9tico. La FIP proporciona una visi\u00f3n global de la seguridad del producto cosm\u00e9tico y del cumplimiento de los requisitos normativos.<\/p>\n","protected":false},"excerpt":{"rendered":"<p>El Fichero de Informaci\u00f3n sobre Productos Cosm\u00e9ticos (FIP) es un documento exhaustivo que sirve como dep\u00f3sito central de informaci\u00f3n relacionada con un producto cosm\u00e9tico. Es un requisito obligatorio en virtud del Reglamento sobre cosm\u00e9ticos de la Uni\u00f3n Europea (UE) (Reglamento (CE) n\u00ba 1223\/2009). El PIF tiene por objeto facilitar a las autoridades competentes el acceso&#8230;<\/p>\n","protected":false},"featured_media":13501,"template":"","meta":[],"product_brand":[],"product_cat":[116],"product_tag":[],"class_list":{"0":"post-14679","1":"product","2":"type-product","3":"status-publish","4":"has-post-thumbnail","6":"product_cat-evaluacion-de-la-seguridad-cosmetica","8":"first","9":"instock","10":"virtual","11":"taxable","12":"purchasable","13":"product-type-bundle"},"bundled_by":[],"bundle_stock_status":"instock","bundle_stock_quantity":"","bundle_virtual":false,"bundle_layout":"default","bundle_add_to_cart_form_location":"default","bundle_editable_in_cart":false,"bundle_sold_individually_context":"product","bundle_item_grouping":"parent","bundle_min_size":"","bundle_max_size":"","bundle_price":{"price":{"min":{"incl_tax":"387.66","excl_tax":"320.38"},"max":{"incl_tax":"446.37","excl_tax":"368.9"}},"regular_price":{"min":{"incl_tax":"387.66","excl_tax":"320.38"},"max":{"incl_tax":"446.37","excl_tax":"368.9"}}},"bundled_items":[{"bundled_item_id":1267,"product_id":11954,"menu_order":0,"quantity_min":1,"quantity_max":1,"quantity_default":1,"priced_individually":true,"shipped_individually":true,"override_title":false,"title":"Informe sobre la seguridad de los productos cosm\u00e9ticos &#8211; CPSR","override_description":false,"description":"Informe sobre la seguridad de los productos cosm\u00e9ticos &#8211; CPSR","optional":false,"hide_thumbnail":false,"discount":"","override_variations":false,"allowed_variations":[""],"override_default_variation_attributes":false,"default_variation_attributes":[],"single_product_visibility":"visible","cart_visibility":"visible","order_visibility":"visible","single_product_price_visibility":"visible","cart_price_visibility":"visible","order_price_visibility":"visible","stock_status":"in_stock"},{"bundled_item_id":1268,"product_id":7183,"menu_order":1,"quantity_min":1,"quantity_max":1,"quantity_default":1,"priced_individually":true,"shipped_individually":true,"override_title":false,"title":"Fichero de informaci\u00f3n del producto PIF","override_description":false,"description":"Fichero de informaci\u00f3n del producto PIF","optional":false,"hide_thumbnail":false,"discount":"","override_variations":false,"allowed_variations":[""],"override_default_variation_attributes":false,"default_variation_attributes":[],"single_product_visibility":"visible","cart_visibility":"visible","order_visibility":"visible","single_product_price_visibility":"visible","cart_price_visibility":"visible","order_price_visibility":"visible","stock_status":"in_stock"},{"bundled_item_id":1269,"product_id":10821,"menu_order":2,"quantity_min":1,"quantity_max":1,"quantity_default":1,"priced_individually":true,"shipped_individually":false,"override_title":false,"title":"Revisi\u00f3n de la etiqueta cosm\u00e9tica","override_description":false,"description":"Revisi\u00f3n de la etiqueta cosm\u00e9tica","optional":false,"hide_thumbnail":false,"discount":"","override_variations":false,"allowed_variations":[""],"override_default_variation_attributes":true,"default_variation_attributes":[{"id":7,"name":"Label Review","option":"ampliado"}],"single_product_visibility":"visible","cart_visibility":"visible","order_visibility":"visible","single_product_price_visibility":"visible","cart_price_visibility":"visible","order_price_visibility":"visible","stock_status":"in_stock"},{"bundled_item_id":1270,"product_id":7065,"menu_order":3,"quantity_min":1,"quantity_max":1,"quantity_default":1,"priced_individually":true,"shipped_individually":true,"override_title":false,"title":"Notificaci\u00f3n CPNP","override_description":false,"description":"Notificaci\u00f3n CPNP","optional":false,"hide_thumbnail":false,"discount":"","override_variations":false,"allowed_variations":[""],"override_default_variation_attributes":false,"default_variation_attributes":[],"single_product_visibility":"visible","cart_visibility":"visible","order_visibility":"visible","single_product_price_visibility":"visible","cart_price_visibility":"visible","order_price_visibility":"visible","stock_status":"in_stock"}],"bundle_sell_ids":[],"yoast_head":"<!-- This site is optimized with the Yoast SEO Premium plugin v25.4 (Yoast SEO v25.4) - https:\/\/yoast.com\/wordpress\/plugins\/seo\/ -->\n<title>FIP y CPSR - Certified Cosmetics<\/title>\n<meta name=\"description\" content=\"Descubre los elementos esenciales del pif y el cpsr para las necesidades de tu empresa. \u00a1Aprende c\u00f3mo estos elementos pueden elevar tu \u00e9xito hoy mismo!\" \/>\n<meta name=\"robots\" content=\"index, follow, max-snippet:-1, max-image-preview:large, max-video-preview:-1\" \/>\n<link rel=\"canonical\" href=\"https:\/\/www.certifiedcosmetics.com\/es\/product\/evaluacion-de-la-seguridad-cosmetica\/fip-y-cpsr\/\" \/>\n<meta property=\"og:locale\" content=\"es_ES\" \/>\n<meta property=\"og:type\" content=\"article\" \/>\n<meta property=\"og:title\" content=\"FIP y CPSR\" \/>\n<meta property=\"og:description\" content=\"Descubre los elementos esenciales del pif y el cpsr para las necesidades de tu empresa. \u00a1Aprende c\u00f3mo estos elementos pueden elevar tu \u00e9xito hoy mismo!\" \/>\n<meta property=\"og:url\" content=\"https:\/\/www.certifiedcosmetics.com\/es\/product\/evaluacion-de-la-seguridad-cosmetica\/fip-y-cpsr\/\" \/>\n<meta property=\"og:site_name\" content=\"Certified Cosmetics\" \/>\n<meta property=\"og:image\" content=\"https:\/\/www.certifiedcosmetics.com\/wp-content\/uploads\/2025\/10\/ifra-documentation.jpg\" \/>\n\t<meta property=\"og:image:width\" content=\"800\" \/>\n\t<meta property=\"og:image:height\" content=\"800\" \/>\n\t<meta property=\"og:image:type\" content=\"image\/jpeg\" \/>\n<meta name=\"twitter:card\" content=\"summary_large_image\" \/>\n<meta name=\"twitter:label1\" content=\"Precio\" \/>\n\t<meta name=\"twitter:data1\" content=\"&#036;0.00\" \/>\n\t<meta name=\"twitter:label2\" content=\"Disponibilidad\" \/>\n\t<meta name=\"twitter:data2\" content=\"Disponible\" \/>\n<script type=\"application\/ld+json\" class=\"yoast-schema-graph\">{\"@context\":\"https:\/\/schema.org\",\"@graph\":[{\"@type\":\"WebPage\",\"@id\":\"https:\/\/www.certifiedcosmetics.com\/es\/product\/evaluacion-de-la-seguridad-cosmetica\/fip-y-cpsr\/\",\"url\":\"https:\/\/www.certifiedcosmetics.com\/es\/product\/evaluacion-de-la-seguridad-cosmetica\/fip-y-cpsr\/\",\"name\":\"FIP y CPSR - Certified Cosmetics\",\"isPartOf\":{\"@id\":\"https:\/\/www.certifiedcosmetics.com\/es\/#website\"},\"primaryImageOfPage\":{\"@id\":\"https:\/\/www.certifiedcosmetics.com\/es\/product\/evaluacion-de-la-seguridad-cosmetica\/fip-y-cpsr\/#primaryimage\"},\"image\":{\"@id\":\"https:\/\/www.certifiedcosmetics.com\/es\/product\/evaluacion-de-la-seguridad-cosmetica\/fip-y-cpsr\/#primaryimage\"},\"thumbnailUrl\":\"https:\/\/www.certifiedcosmetics.com\/wp-content\/uploads\/2025\/10\/ifra-documentation.jpg\",\"datePublished\":\"2025-12-09T09:29:52+00:00\",\"description\":\"Descubre los elementos esenciales del pif y el cpsr para las necesidades de tu empresa. \u00a1Aprende c\u00f3mo estos elementos pueden elevar tu \u00e9xito hoy mismo!\",\"breadcrumb\":{\"@id\":\"https:\/\/www.certifiedcosmetics.com\/es\/product\/evaluacion-de-la-seguridad-cosmetica\/fip-y-cpsr\/#breadcrumb\"},\"inLanguage\":\"es\",\"potentialAction\":[{\"@type\":\"ReadAction\",\"target\":[\"https:\/\/www.certifiedcosmetics.com\/es\/product\/evaluacion-de-la-seguridad-cosmetica\/fip-y-cpsr\/\"]}]},{\"@type\":\"ImageObject\",\"inLanguage\":\"es\",\"@id\":\"https:\/\/www.certifiedcosmetics.com\/es\/product\/evaluacion-de-la-seguridad-cosmetica\/fip-y-cpsr\/#primaryimage\",\"url\":\"https:\/\/www.certifiedcosmetics.com\/wp-content\/uploads\/2025\/10\/ifra-documentation.jpg\",\"contentUrl\":\"https:\/\/www.certifiedcosmetics.com\/wp-content\/uploads\/2025\/10\/ifra-documentation.jpg\",\"width\":800,\"height\":800},{\"@type\":\"BreadcrumbList\",\"@id\":\"https:\/\/www.certifiedcosmetics.com\/es\/product\/evaluacion-de-la-seguridad-cosmetica\/fip-y-cpsr\/#breadcrumb\",\"itemListElement\":[{\"@type\":\"ListItem\",\"position\":1,\"name\":\"Home\",\"item\":\"https:\/\/www.certifiedcosmetics.com\/es\/\"},{\"@type\":\"ListItem\",\"position\":2,\"name\":\"Tienda\",\"item\":\"https:\/\/www.certifiedcosmetics.com\/es\/tienda\/\"},{\"@type\":\"ListItem\",\"position\":3,\"name\":\"FIP y CPSR\"}]},{\"@type\":\"WebSite\",\"@id\":\"https:\/\/www.certifiedcosmetics.com\/es\/#website\",\"url\":\"https:\/\/www.certifiedcosmetics.com\/es\/\",\"name\":\"Certified Cosmetics\",\"description\":\"Cosmetic Testing\",\"publisher\":{\"@id\":\"https:\/\/www.certifiedcosmetics.com\/es\/#organization\"},\"potentialAction\":[{\"@type\":\"SearchAction\",\"target\":{\"@type\":\"EntryPoint\",\"urlTemplate\":\"https:\/\/www.certifiedcosmetics.com\/es\/?s={search_term_string}\"},\"query-input\":{\"@type\":\"PropertyValueSpecification\",\"valueRequired\":true,\"valueName\":\"search_term_string\"}}],\"inLanguage\":\"es\"},{\"@type\":\"Organization\",\"@id\":\"https:\/\/www.certifiedcosmetics.com\/es\/#organization\",\"name\":\"Certified Cosmetics\",\"url\":\"https:\/\/www.certifiedcosmetics.com\/es\/\",\"logo\":{\"@type\":\"ImageObject\",\"inLanguage\":\"es\",\"@id\":\"https:\/\/www.certifiedcosmetics.com\/es\/#\/schema\/logo\/image\/\",\"url\":\"https:\/\/www.certifiedcosmetics.com\/wp-content\/uploads\/2024\/12\/logo_certified_cosmetics696.jpg\",\"contentUrl\":\"https:\/\/www.certifiedcosmetics.com\/wp-content\/uploads\/2024\/12\/logo_certified_cosmetics696.jpg\",\"width\":696,\"height\":696,\"caption\":\"Certified Cosmetics\"},\"image\":{\"@id\":\"https:\/\/www.certifiedcosmetics.com\/es\/#\/schema\/logo\/image\/\"},\"description\":\"Your trusted partner for cosmetic product safety reporting. We take care of updating all of your documentation, ensuring your compliance stays current even as regulations evolve. The Cosmetic Product Safety Assessment will give you everything you need to sell specific products to EU consumers.\",\"email\":\"contact@certifiedcosmetics.com\",\"telephone\":\"+31 36 2036384\",\"legalName\":\"Certified Cosmetics\",\"foundingDate\":\"2010-01-01\",\"vatID\":\"NL854189543B01\",\"numberOfEmployees\":{\"@type\":\"QuantitativeValue\",\"minValue\":\"11\",\"maxValue\":\"50\"}}]}<\/script>\n<meta property=\"product:price:amount\" content=\"0.00\" \/>\n<meta property=\"product:price:currency\" content=\"USD\" \/>\n<meta property=\"og:availability\" content=\"instock\" \/>\n<meta property=\"product:availability\" content=\"instock\" \/>\n<meta property=\"product:retailer_item_id\" content=\"PC001\" \/>\n<meta property=\"product:condition\" content=\"new\" \/>\n<!-- \/ Yoast SEO Premium plugin. -->","yoast_head_json":{"title":"FIP y CPSR - Certified Cosmetics","description":"Descubre los elementos esenciales del pif y el cpsr para las necesidades de tu empresa. \u00a1Aprende c\u00f3mo estos elementos pueden elevar tu \u00e9xito hoy mismo!","robots":{"index":"index","follow":"follow","max-snippet":"max-snippet:-1","max-image-preview":"max-image-preview:large","max-video-preview":"max-video-preview:-1"},"canonical":"https:\/\/www.certifiedcosmetics.com\/es\/product\/evaluacion-de-la-seguridad-cosmetica\/fip-y-cpsr\/","og_locale":"es_ES","og_type":"article","og_title":"FIP y CPSR","og_description":"Descubre los elementos esenciales del pif y el cpsr para las necesidades de tu empresa. \u00a1Aprende c\u00f3mo estos elementos pueden elevar tu \u00e9xito hoy mismo!","og_url":"https:\/\/www.certifiedcosmetics.com\/es\/product\/evaluacion-de-la-seguridad-cosmetica\/fip-y-cpsr\/","og_site_name":"Certified Cosmetics","og_image":[{"width":800,"height":800,"url":"https:\/\/www.certifiedcosmetics.com\/wp-content\/uploads\/2025\/10\/ifra-documentation.jpg","type":"image\/jpeg"}],"twitter_card":"summary_large_image","twitter_misc":{"Precio":"&#36;0.00","Disponibilidad":"Disponible"},"schema":{"@context":"https:\/\/schema.org","@graph":[{"@type":"WebPage","@id":"https:\/\/www.certifiedcosmetics.com\/es\/product\/evaluacion-de-la-seguridad-cosmetica\/fip-y-cpsr\/","url":"https:\/\/www.certifiedcosmetics.com\/es\/product\/evaluacion-de-la-seguridad-cosmetica\/fip-y-cpsr\/","name":"FIP y CPSR - Certified Cosmetics","isPartOf":{"@id":"https:\/\/www.certifiedcosmetics.com\/es\/#website"},"primaryImageOfPage":{"@id":"https:\/\/www.certifiedcosmetics.com\/es\/product\/evaluacion-de-la-seguridad-cosmetica\/fip-y-cpsr\/#primaryimage"},"image":{"@id":"https:\/\/www.certifiedcosmetics.com\/es\/product\/evaluacion-de-la-seguridad-cosmetica\/fip-y-cpsr\/#primaryimage"},"thumbnailUrl":"https:\/\/www.certifiedcosmetics.com\/wp-content\/uploads\/2025\/10\/ifra-documentation.jpg","datePublished":"2025-12-09T09:29:52+00:00","description":"Descubre los elementos esenciales del pif y el cpsr para las necesidades de tu empresa. \u00a1Aprende c\u00f3mo estos elementos pueden elevar tu \u00e9xito hoy mismo!","breadcrumb":{"@id":"https:\/\/www.certifiedcosmetics.com\/es\/product\/evaluacion-de-la-seguridad-cosmetica\/fip-y-cpsr\/#breadcrumb"},"inLanguage":"es","potentialAction":[{"@type":"ReadAction","target":["https:\/\/www.certifiedcosmetics.com\/es\/product\/evaluacion-de-la-seguridad-cosmetica\/fip-y-cpsr\/"]}]},{"@type":"ImageObject","inLanguage":"es","@id":"https:\/\/www.certifiedcosmetics.com\/es\/product\/evaluacion-de-la-seguridad-cosmetica\/fip-y-cpsr\/#primaryimage","url":"https:\/\/www.certifiedcosmetics.com\/wp-content\/uploads\/2025\/10\/ifra-documentation.jpg","contentUrl":"https:\/\/www.certifiedcosmetics.com\/wp-content\/uploads\/2025\/10\/ifra-documentation.jpg","width":800,"height":800},{"@type":"BreadcrumbList","@id":"https:\/\/www.certifiedcosmetics.com\/es\/product\/evaluacion-de-la-seguridad-cosmetica\/fip-y-cpsr\/#breadcrumb","itemListElement":[{"@type":"ListItem","position":1,"name":"Home","item":"https:\/\/www.certifiedcosmetics.com\/es\/"},{"@type":"ListItem","position":2,"name":"Tienda","item":"https:\/\/www.certifiedcosmetics.com\/es\/tienda\/"},{"@type":"ListItem","position":3,"name":"FIP y CPSR"}]},{"@type":"WebSite","@id":"https:\/\/www.certifiedcosmetics.com\/es\/#website","url":"https:\/\/www.certifiedcosmetics.com\/es\/","name":"Certified Cosmetics","description":"Cosmetic Testing","publisher":{"@id":"https:\/\/www.certifiedcosmetics.com\/es\/#organization"},"potentialAction":[{"@type":"SearchAction","target":{"@type":"EntryPoint","urlTemplate":"https:\/\/www.certifiedcosmetics.com\/es\/?s={search_term_string}"},"query-input":{"@type":"PropertyValueSpecification","valueRequired":true,"valueName":"search_term_string"}}],"inLanguage":"es"},{"@type":"Organization","@id":"https:\/\/www.certifiedcosmetics.com\/es\/#organization","name":"Certified Cosmetics","url":"https:\/\/www.certifiedcosmetics.com\/es\/","logo":{"@type":"ImageObject","inLanguage":"es","@id":"https:\/\/www.certifiedcosmetics.com\/es\/#\/schema\/logo\/image\/","url":"https:\/\/www.certifiedcosmetics.com\/wp-content\/uploads\/2024\/12\/logo_certified_cosmetics696.jpg","contentUrl":"https:\/\/www.certifiedcosmetics.com\/wp-content\/uploads\/2024\/12\/logo_certified_cosmetics696.jpg","width":696,"height":696,"caption":"Certified Cosmetics"},"image":{"@id":"https:\/\/www.certifiedcosmetics.com\/es\/#\/schema\/logo\/image\/"},"description":"Your trusted partner for cosmetic product safety reporting. We take care of updating all of your documentation, ensuring your compliance stays current even as regulations evolve. The Cosmetic Product Safety Assessment will give you everything you need to sell specific products to EU consumers.","email":"contact@certifiedcosmetics.com","telephone":"+31 36 2036384","legalName":"Certified Cosmetics","foundingDate":"2010-01-01","vatID":"NL854189543B01","numberOfEmployees":{"@type":"QuantitativeValue","minValue":"11","maxValue":"50"}}]},"product_price_amount":"0.00","product_price_currency":"USD","og_availability":"instock","product_availability":"instock","product_retailer_item_id":"PC001","product_condition":"new"},"_links":{"self":[{"href":"https:\/\/www.certifiedcosmetics.com\/es\/wp-json\/wp\/v2\/product\/14679","targetHints":{"allow":["GET"]}}],"collection":[{"href":"https:\/\/www.certifiedcosmetics.com\/es\/wp-json\/wp\/v2\/product"}],"about":[{"href":"https:\/\/www.certifiedcosmetics.com\/es\/wp-json\/wp\/v2\/types\/product"}],"wp:featuredmedia":[{"embeddable":true,"href":"https:\/\/www.certifiedcosmetics.com\/es\/wp-json\/wp\/v2\/media\/13501"}],"wp:attachment":[{"href":"https:\/\/www.certifiedcosmetics.com\/es\/wp-json\/wp\/v2\/media?parent=14679"}],"wp:term":[{"taxonomy":"product_brand","embeddable":true,"href":"https:\/\/www.certifiedcosmetics.com\/es\/wp-json\/wp\/v2\/product_brand?post=14679"},{"taxonomy":"product_cat","embeddable":true,"href":"https:\/\/www.certifiedcosmetics.com\/es\/wp-json\/wp\/v2\/product_cat?post=14679"},{"taxonomy":"product_tag","embeddable":true,"href":"https:\/\/www.certifiedcosmetics.com\/es\/wp-json\/wp\/v2\/product_tag?post=14679"}],"curies":[{"name":"wp","href":"https:\/\/api.w.org\/{rel}","templated":true}]}}