{"id":14654,"date":"2025-12-12T10:48:39","date_gmt":"2025-12-12T09:48:39","guid":{"rendered":"https:\/\/www.certifiedcosmetics.com\/product\/sin categor\u00eda\/deteccion-de-hema\/"},"modified":"2025-12-12T10:48:39","modified_gmt":"2025-12-12T09:48:39","slug":"deteccion-de-hema","status":"publish","type":"product","link":"https:\/\/www.certifiedcosmetics.com\/es\/product\/verificacion-de-declaraciones-y-pruebas-de-ingredientes\/deteccion-de-hema\/","title":{"rendered":"Detecci\u00f3n de HEMA"},"content":{"rendered":"<p data-start=\"0\" data-end=\"375\">La <strong data-start=\"4\" data-end=\"27\">prueba de detecci\u00f3n de HEMA<\/strong> es un an\u00e1lisis de laboratorio especializado que se utiliza para detectar y cuantificar <strong data-start=\"93\" data-end=\"131\">el metacrilato de 2-hidroxietilo (HEMA)<\/strong> en productos cosm\u00e9ticos y para u\u00f1as. El HEMA es un mon\u00f3mero de metacrilato que suele encontrarse en <strong data-start=\"212\" data-end=\"292\">esmaltes de gel, geles constructores, capas base y sistemas de u\u00f1as curables por UV\/LED<\/strong>, pero tambi\u00e9n es uno de los <strong data-start=\"336\" data-end=\"356\">sensibilizadores cut\u00e1neos<\/strong> m\u00e1s conocidos de los cosm\u00e9ticos para u\u00f1as. <\/p>\n<h3 data-start=\"382\" data-end=\"407\">Objetivo de la prueba<\/h3>\n<p data-start=\"408\" data-end=\"729\">El objetivo de la prueba de detecci\u00f3n de HEMA es determinar si un producto contiene HEMA y, si est\u00e1 presente, medir su concentraci\u00f3n con precisi\u00f3n. La prueba es esencial para el <strong data-start=\"579\" data-end=\"604\">cumplimiento de la normativa<\/strong>, la <strong data-start=\"606\" data-end=\"625\">seguridad del consumidor<\/strong> y el <strong data-start=\"631\" data-end=\"648\">acceso al mercado<\/strong>, sobre todo en la Uni\u00f3n Europea, donde se aplican restricciones estrictas al uso de HEMA. <\/p>\n<h3 data-start=\"736\" data-end=\"763\">Antecedentes normativos<\/h3>\n<p data-start=\"764\" data-end=\"1123\">Seg\u00fan <strong data-start=\"770\" data-end=\"814\">el Reglamento (CE) n\u00ba 1223\/2009 sobre cosm\u00e9ticos de la UE<\/strong>, el HEMA est\u00e1 clasificado como <strong data-start=\"840\" data-end=\"864\">sustancia restringida<\/strong> y s\u00f3lo puede utilizarse en condiciones espec\u00edficas. Est\u00e1 <strong data-start=\"919\" data-end=\"983\">prohibida en productos destinados al uso del consumidor sobre la piel<\/strong>, como los cosm\u00e9ticos sin aclarado, y s\u00f3lo se permite en <strong data-start=\"1038\" data-end=\"1072\">productos para u\u00f1as de uso profesional<\/strong> cuando se cumplen unas condiciones estrictas de etiquetado y uso. <\/p>\n<p data-start=\"1125\" data-end=\"1363\">Debido a su fuerte potencial sensibilizante, las autoridades de toda la UE vigilan estrechamente los productos para u\u00f1as en cuanto a su contenido en HEMA. Los productos que contengan HEMA no declarada o en exceso pueden ser <strong data-start=\"1313\" data-end=\"1362\">retirados del mercado, recuperados o denegada su importaci\u00f3n<\/strong>. <\/p>\n<h3 data-start=\"1370\" data-end=\"1407\">Por qu\u00e9 es importante la detecci\u00f3n de HEMA<\/h3>\n<ul data-start=\"1408\" data-end=\"1977\">\n<li data-start=\"1408\" data-end=\"1536\">\n<p data-start=\"1410\" data-end=\"1536\"><strong data-start=\"1410\" data-end=\"1430\">Seguridad del consumidor:<\/strong> El HEMA es una de las principales causas de dermatitis de contacto y reacciones al\u00e9rgicas en t\u00e9cnicos de u\u00f1as y consumidores.<\/p>\n<\/li>\n<li data-start=\"1537\" data-end=\"1667\">\n<p data-start=\"1539\" data-end=\"1667\"><strong data-start=\"1539\" data-end=\"1565\">Cumplimiento normativo:<\/strong> Confirma si un producto cumple la legislaci\u00f3n cosm\u00e9tica de la UE y las restricciones de uso profesional.<\/p>\n<\/li>\n<li data-start=\"1668\" data-end=\"1765\">\n<p data-start=\"1670\" data-end=\"1765\"><strong data-start=\"1670\" data-end=\"1693\">Verificaci\u00f3n de etiquetas:<\/strong> Garantiza la correcta declaraci\u00f3n de ingredientes y las advertencias de uso profesional.<\/p>\n<\/li>\n<li data-start=\"1766\" data-end=\"1885\">\n<p data-start=\"1768\" data-end=\"1885\"><strong data-start=\"1768\" data-end=\"1786\">Acceso al mercado:<\/strong> Exigido por distribuidores, minoristas y autoridades para comercializar productos para las u\u00f1as en el mercado de la UE.<\/p>\n<\/li>\n<li data-start=\"1886\" data-end=\"1977\">\n<p data-start=\"1888\" data-end=\"1977\"><strong data-start=\"1888\" data-end=\"1908\">Control de calidad:<\/strong> Detecta la contaminaci\u00f3n de las materias primas o incoherencias en la formulaci\u00f3n.<\/p>\n<\/li>\n<\/ul>\n<h3 data-start=\"1984\" data-end=\"2001\">Metodolog\u00eda<\/h3>\n<p data-start=\"2002\" data-end=\"2101\">La prueba de detecci\u00f3n de HEMA se realiza mediante <strong data-start=\"2045\" data-end=\"2087\">t\u00e9cnicas anal\u00edticas muy sensibles<\/strong>, por lo general:<\/p>\n<ul data-start=\"2102\" data-end=\"2267\">\n<li data-start=\"2102\" data-end=\"2155\">\n<p data-start=\"2104\" data-end=\"2155\"><strong data-start=\"2104\" data-end=\"2153\">Cromatograf\u00eda l\u00edquida de alto rendimiento (HPLC)<\/strong><\/p>\n<\/li>\n<li data-start=\"2156\" data-end=\"2208\">\n<p data-start=\"2158\" data-end=\"2208\"><strong data-start=\"2158\" data-end=\"2206\">Cromatograf\u00eda de Gases-Espectrometr\u00eda de Masas (GC-MS)<\/strong><\/p>\n<\/li>\n<li data-start=\"2209\" data-end=\"2267\">\n<p data-start=\"2211\" data-end=\"2267\"><strong data-start=\"2211\" data-end=\"2265\">Cromatograf\u00eda l\u00edquida-Espectrometr\u00eda de masas (LC-MS\/MS)<\/strong><\/p>\n<\/li>\n<\/ul>\n<p data-start=\"2269\" data-end=\"2408\">Estos m\u00e9todos permiten identificar y cuantificar con precisi\u00f3n el HEMA, incluso a <strong data-start=\"2348\" data-end=\"2364\">niveles de trazas<\/strong>, garantizando una verificaci\u00f3n fiable de la conformidad.<\/p>\n<h3 data-start=\"2415\" data-end=\"2435\">Procedimiento de prueba<\/h3>\n<ol data-start=\"2436\" data-end=\"2862\">\n<li data-start=\"2436\" data-end=\"2541\">\n<p data-start=\"2439\" data-end=\"2541\">Se recoge una muestra representativa del producto para u\u00f1as (esmalte de gel, capa base, gel constructor, etc.).<\/p>\n<\/li>\n<li data-start=\"2542\" data-end=\"2634\">\n<p data-start=\"2545\" data-end=\"2634\">La muestra se somete a una extracci\u00f3n con disolventes para aislar los mon\u00f3meros y los compuestos de metacrilato.<\/p>\n<\/li>\n<li data-start=\"2635\" data-end=\"2704\">\n<p data-start=\"2638\" data-end=\"2704\">El extracto se analiza mediante m\u00e9todos cromatogr\u00e1ficos validados.<\/p>\n<\/li>\n<li data-start=\"2705\" data-end=\"2778\">\n<p data-start=\"2708\" data-end=\"2778\">La HEMA se identifica por comparaci\u00f3n con normas de referencia certificadas.<\/p>\n<\/li>\n<li data-start=\"2779\" data-end=\"2862\">\n<p data-start=\"2782\" data-end=\"2862\">Los resultados cuantitativos se calculan y eval\u00faan en funci\u00f3n de los umbrales reglamentarios.<\/p>\n<\/li>\n<\/ol>\n<h3 data-start=\"2869\" data-end=\"2894\">Resultados e informes<\/h3>\n<p data-start=\"2895\" data-end=\"2938\">El informe de laboratorio suele incluir:<\/p>\n<ul data-start=\"2939\" data-end=\"3230\">\n<li data-start=\"2939\" data-end=\"2986\">\n<p data-start=\"2941\" data-end=\"2986\">Confirmaci\u00f3n de la presencia o ausencia de HEMA<\/p>\n<\/li>\n<li data-start=\"2987\" data-end=\"3042\">\n<p data-start=\"2989\" data-end=\"3042\">Resultados cuantitativos de concentraci\u00f3n (mg\/kg o % p\/p)<\/p>\n<\/li>\n<li data-start=\"3043\" data-end=\"3097\">\n<p data-start=\"3045\" data-end=\"3097\">L\u00edmites de detecci\u00f3n del m\u00e9todo e incertidumbre anal\u00edtica<\/p>\n<\/li>\n<li data-start=\"3098\" data-end=\"3149\">\n<p data-start=\"3100\" data-end=\"3149\">Referencia a la normativa aplicable de la UE sobre cosm\u00e9ticos<\/p>\n<\/li>\n<li data-start=\"3150\" data-end=\"3230\">\n<p data-start=\"3152\" data-end=\"3230\">Declaraci\u00f3n de conformidad que indica si el producto cumple los requisitos legales<\/p>\n<\/li>\n<\/ul>\n<h3 data-start=\"3237\" data-end=\"3263\">Aplicaciones t\u00edpicas<\/h3>\n<ul data-start=\"3264\" data-end=\"3450\">\n<li data-start=\"3264\" data-end=\"3292\">\n<p data-start=\"3266\" data-end=\"3292\">Esmaltes de gel UV\/LED<\/p>\n<\/li>\n<li data-start=\"3293\" data-end=\"3323\">\n<p data-start=\"3295\" data-end=\"3323\">Geles constructores y esculpidores<\/p>\n<\/li>\n<li data-start=\"3324\" data-end=\"3358\">\n<p data-start=\"3326\" data-end=\"3358\">Capas base y sistemas de adhesi\u00f3n<\/p>\n<\/li>\n<li data-start=\"3359\" data-end=\"3389\">\n<p data-start=\"3361\" data-end=\"3389\">Endurecedores e imprimadores de u\u00f1as<\/p>\n<\/li>\n<li data-start=\"3390\" data-end=\"3450\">\n<p data-start=\"3392\" data-end=\"3450\">Verificaci\u00f3n de materias primas para fabricantes de productos para las u\u00f1as<\/p>\n<\/li>\n<\/ul>\n<h3 data-start=\"3457\" data-end=\"3484\">Por qu\u00e9 es importante esta prueba<\/h3>\n<p data-start=\"3485\" data-end=\"3790\">La HEMA es uno de los ingredientes m\u00e1s examinados en los cosm\u00e9ticos para u\u00f1as debido a su <strong data-start=\"3562\" data-end=\"3589\">alto riesgo de sensibilizaci\u00f3n<\/strong>. La prueba de detecci\u00f3n de HEMA proporciona a los fabricantes, importadores y personas responsables <strong data-start=\"3679\" data-end=\"3709\">pruebas claras y defendibles<\/strong> de que sus productos son seguros, conformes y adecuados para el mercado al que est\u00e1n destinados. <\/p>\n<p data-start=\"3792\" data-end=\"4041\" data-is-last-node=\"\" data-is-only-node=\"\">Esta prueba suele incluirse como parte de un <strong data-start=\"3841\" data-end=\"3876\">paquete<\/strong> m\u00e1s amplio <strong data-start=\"3841\" data-end=\"3876\">de conformidad de productos para u\u00f1as<\/strong>, junto con <strong data-start=\"3888\" data-end=\"3905\">la detecci\u00f3n de OPC<\/strong>, la <strong data-start=\"3907\" data-end=\"3929\">detecci\u00f3n de al\u00e9rgenos<\/strong>, la <strong data-start=\"3931\" data-end=\"3959\">evaluaci\u00f3n de la seguridad (CPSR<\/strong>) y la <strong data-start=\"3965\" data-end=\"3986\">documentaci\u00f3n PIF<\/strong>, lo que garantiza la plena preparaci\u00f3n reglamentaria para el mercado de la UE.<\/p>\n","protected":false},"excerpt":{"rendered":"<p>La prueba de detecci\u00f3n de HEMA es un an\u00e1lisis de laboratorio especializado que se utiliza para detectar y cuantificar el metacrilato de 2-hidroxietilo (HEMA) en productos cosm\u00e9ticos y para u\u00f1as. El HEMA es un mon\u00f3mero de metacrilato que suele encontrarse en esmaltes de gel, geles constructores, capas base y sistemas de u\u00f1as curables por UV\/LED,&#8230;<\/p>\n","protected":false},"featured_media":14653,"template":"","meta":[],"product_brand":[],"product_cat":[439],"product_tag":[],"class_list":{"0":"post-14654","1":"product","2":"type-product","3":"status-publish","4":"has-post-thumbnail","6":"product_cat-verificacion-de-declaraciones-y-pruebas-de-ingredientes","8":"first","9":"instock","10":"virtual","11":"taxable","12":"purchasable","13":"product-type-simple"},"bundled_by":[],"bundle_stock_status":"instock","bundle_stock_quantity":null,"bundle_virtual":false,"bundle_layout":"","bundle_add_to_cart_form_location":"","bundle_editable_in_cart":false,"bundle_sold_individually_context":"","bundle_item_grouping":"","bundle_min_size":"","bundle_max_size":"","bundle_price":[],"bundled_items":[],"bundle_sell_ids":[],"yoast_head":"<!-- This site is optimized with the Yoast SEO Premium plugin v25.4 (Yoast SEO v25.4) - https:\/\/yoast.com\/wordpress\/plugins\/seo\/ -->\n<title>Detecci\u00f3n de HEMA - Certified Cosmetics<\/title>\n<meta name=\"description\" content=\"La prueba de detecci\u00f3n de HEMA es un an\u00e1lisis de laboratorio especializado que se utiliza para detectar y cuantificar el 2-hidroxietil metacrilato (HEMA) en productos cosm\u00e9ticos y para las u\u00f1as.\" \/>\n<meta name=\"robots\" content=\"index, follow, max-snippet:-1, max-image-preview:large, max-video-preview:-1\" \/>\n<link rel=\"canonical\" href=\"https:\/\/www.certifiedcosmetics.com\/es\/product\/verificacion-de-declaraciones-y-pruebas-de-ingredientes\/deteccion-de-hema\/\" \/>\n<meta property=\"og:locale\" content=\"es_ES\" \/>\n<meta property=\"og:type\" content=\"article\" \/>\n<meta property=\"og:title\" content=\"Detecci\u00f3n de HEMA\" \/>\n<meta property=\"og:description\" content=\"La prueba de detecci\u00f3n de HEMA es un an\u00e1lisis de laboratorio especializado que se utiliza para detectar y cuantificar el 2-hidroxietil metacrilato (HEMA) en productos cosm\u00e9ticos y para las u\u00f1as.\" \/>\n<meta property=\"og:url\" content=\"https:\/\/www.certifiedcosmetics.com\/es\/product\/verificacion-de-declaraciones-y-pruebas-de-ingredientes\/deteccion-de-hema\/\" \/>\n<meta property=\"og:site_name\" content=\"Certified Cosmetics\" \/>\n<meta property=\"og:image\" content=\"https:\/\/www.certifiedcosmetics.com\/wp-content\/uploads\/2025\/12\/hema-detection.jpg\" \/>\n\t<meta property=\"og:image:width\" content=\"683\" \/>\n\t<meta property=\"og:image:height\" content=\"683\" \/>\n\t<meta property=\"og:image:type\" content=\"image\/jpeg\" \/>\n<meta name=\"twitter:card\" content=\"summary_large_image\" \/>\n<meta name=\"twitter:label1\" content=\"Precio\" \/>\n\t<meta name=\"twitter:data1\" content=\"&#036;882.70\" \/>\n\t<meta name=\"twitter:label2\" content=\"Disponibilidad\" \/>\n\t<meta name=\"twitter:data2\" content=\"Disponible\" \/>\n<script type=\"application\/ld+json\" class=\"yoast-schema-graph\">{\"@context\":\"https:\/\/schema.org\",\"@graph\":[{\"@type\":\"WebPage\",\"@id\":\"https:\/\/www.certifiedcosmetics.com\/es\/product\/verificacion-de-declaraciones-y-pruebas-de-ingredientes\/deteccion-de-hema\/\",\"url\":\"https:\/\/www.certifiedcosmetics.com\/es\/product\/verificacion-de-declaraciones-y-pruebas-de-ingredientes\/deteccion-de-hema\/\",\"name\":\"Detecci\u00f3n de HEMA - Certified Cosmetics\",\"isPartOf\":{\"@id\":\"https:\/\/www.certifiedcosmetics.com\/es\/#website\"},\"primaryImageOfPage\":{\"@id\":\"https:\/\/www.certifiedcosmetics.com\/es\/product\/verificacion-de-declaraciones-y-pruebas-de-ingredientes\/deteccion-de-hema\/#primaryimage\"},\"image\":{\"@id\":\"https:\/\/www.certifiedcosmetics.com\/es\/product\/verificacion-de-declaraciones-y-pruebas-de-ingredientes\/deteccion-de-hema\/#primaryimage\"},\"thumbnailUrl\":\"https:\/\/www.certifiedcosmetics.com\/wp-content\/uploads\/2025\/12\/hema-detection.jpg\",\"datePublished\":\"2025-12-12T09:48:39+00:00\",\"description\":\"La prueba de detecci\u00f3n de HEMA es un an\u00e1lisis de laboratorio especializado que se utiliza para detectar y cuantificar el 2-hidroxietil metacrilato (HEMA) en productos cosm\u00e9ticos y para las u\u00f1as.\",\"breadcrumb\":{\"@id\":\"https:\/\/www.certifiedcosmetics.com\/es\/product\/verificacion-de-declaraciones-y-pruebas-de-ingredientes\/deteccion-de-hema\/#breadcrumb\"},\"inLanguage\":\"es\",\"potentialAction\":[{\"@type\":\"ReadAction\",\"target\":[\"https:\/\/www.certifiedcosmetics.com\/es\/product\/verificacion-de-declaraciones-y-pruebas-de-ingredientes\/deteccion-de-hema\/\"]}]},{\"@type\":\"ImageObject\",\"inLanguage\":\"es\",\"@id\":\"https:\/\/www.certifiedcosmetics.com\/es\/product\/verificacion-de-declaraciones-y-pruebas-de-ingredientes\/deteccion-de-hema\/#primaryimage\",\"url\":\"https:\/\/www.certifiedcosmetics.com\/wp-content\/uploads\/2025\/12\/hema-detection.jpg\",\"contentUrl\":\"https:\/\/www.certifiedcosmetics.com\/wp-content\/uploads\/2025\/12\/hema-detection.jpg\",\"width\":683,\"height\":683},{\"@type\":\"BreadcrumbList\",\"@id\":\"https:\/\/www.certifiedcosmetics.com\/es\/product\/verificacion-de-declaraciones-y-pruebas-de-ingredientes\/deteccion-de-hema\/#breadcrumb\",\"itemListElement\":[{\"@type\":\"ListItem\",\"position\":1,\"name\":\"Home\",\"item\":\"https:\/\/www.certifiedcosmetics.com\/es\/\"},{\"@type\":\"ListItem\",\"position\":2,\"name\":\"Tienda\",\"item\":\"https:\/\/www.certifiedcosmetics.com\/es\/tienda\/\"},{\"@type\":\"ListItem\",\"position\":3,\"name\":\"Detecci\u00f3n de HEMA\"}]},{\"@type\":\"WebSite\",\"@id\":\"https:\/\/www.certifiedcosmetics.com\/es\/#website\",\"url\":\"https:\/\/www.certifiedcosmetics.com\/es\/\",\"name\":\"Certified Cosmetics\",\"description\":\"Cosmetic Testing\",\"publisher\":{\"@id\":\"https:\/\/www.certifiedcosmetics.com\/es\/#organization\"},\"potentialAction\":[{\"@type\":\"SearchAction\",\"target\":{\"@type\":\"EntryPoint\",\"urlTemplate\":\"https:\/\/www.certifiedcosmetics.com\/es\/?s={search_term_string}\"},\"query-input\":{\"@type\":\"PropertyValueSpecification\",\"valueRequired\":true,\"valueName\":\"search_term_string\"}}],\"inLanguage\":\"es\"},{\"@type\":\"Organization\",\"@id\":\"https:\/\/www.certifiedcosmetics.com\/es\/#organization\",\"name\":\"Certified Cosmetics\",\"url\":\"https:\/\/www.certifiedcosmetics.com\/es\/\",\"logo\":{\"@type\":\"ImageObject\",\"inLanguage\":\"es\",\"@id\":\"https:\/\/www.certifiedcosmetics.com\/es\/#\/schema\/logo\/image\/\",\"url\":\"https:\/\/www.certifiedcosmetics.com\/wp-content\/uploads\/2024\/12\/logo_certified_cosmetics696.jpg\",\"contentUrl\":\"https:\/\/www.certifiedcosmetics.com\/wp-content\/uploads\/2024\/12\/logo_certified_cosmetics696.jpg\",\"width\":696,\"height\":696,\"caption\":\"Certified Cosmetics\"},\"image\":{\"@id\":\"https:\/\/www.certifiedcosmetics.com\/es\/#\/schema\/logo\/image\/\"},\"description\":\"Your trusted partner for cosmetic product safety reporting. We take care of updating all of your documentation, ensuring your compliance stays current even as regulations evolve. The Cosmetic Product Safety Assessment will give you everything you need to sell specific products to EU consumers.\",\"email\":\"contact@certifiedcosmetics.com\",\"telephone\":\"+31 36 2036384\",\"legalName\":\"Certified Cosmetics\",\"foundingDate\":\"2010-01-01\",\"vatID\":\"NL854189543B01\",\"numberOfEmployees\":{\"@type\":\"QuantitativeValue\",\"minValue\":\"11\",\"maxValue\":\"50\"}}]}<\/script>\n<meta property=\"product:price:amount\" content=\"882.70\" \/>\n<meta property=\"product:price:currency\" content=\"USD\" \/>\n<meta property=\"og:availability\" content=\"instock\" \/>\n<meta property=\"product:availability\" content=\"instock\" \/>\n<meta property=\"product:retailer_item_id\" content=\"CC100075\" \/>\n<meta property=\"product:condition\" content=\"new\" \/>\n<!-- \/ Yoast SEO Premium plugin. -->","yoast_head_json":{"title":"Detecci\u00f3n de HEMA - Certified Cosmetics","description":"La prueba de detecci\u00f3n de HEMA es un an\u00e1lisis de laboratorio especializado que se utiliza para detectar y cuantificar el 2-hidroxietil metacrilato (HEMA) en productos cosm\u00e9ticos y para las u\u00f1as.","robots":{"index":"index","follow":"follow","max-snippet":"max-snippet:-1","max-image-preview":"max-image-preview:large","max-video-preview":"max-video-preview:-1"},"canonical":"https:\/\/www.certifiedcosmetics.com\/es\/product\/verificacion-de-declaraciones-y-pruebas-de-ingredientes\/deteccion-de-hema\/","og_locale":"es_ES","og_type":"article","og_title":"Detecci\u00f3n de HEMA","og_description":"La prueba de detecci\u00f3n de HEMA es un an\u00e1lisis de laboratorio especializado que se utiliza para detectar y cuantificar el 2-hidroxietil metacrilato (HEMA) en productos cosm\u00e9ticos y para las u\u00f1as.","og_url":"https:\/\/www.certifiedcosmetics.com\/es\/product\/verificacion-de-declaraciones-y-pruebas-de-ingredientes\/deteccion-de-hema\/","og_site_name":"Certified Cosmetics","og_image":[{"width":683,"height":683,"url":"https:\/\/www.certifiedcosmetics.com\/wp-content\/uploads\/2025\/12\/hema-detection.jpg","type":"image\/jpeg"}],"twitter_card":"summary_large_image","twitter_misc":{"Precio":"&#36;882.70","Disponibilidad":"Disponible"},"schema":{"@context":"https:\/\/schema.org","@graph":[{"@type":"WebPage","@id":"https:\/\/www.certifiedcosmetics.com\/es\/product\/verificacion-de-declaraciones-y-pruebas-de-ingredientes\/deteccion-de-hema\/","url":"https:\/\/www.certifiedcosmetics.com\/es\/product\/verificacion-de-declaraciones-y-pruebas-de-ingredientes\/deteccion-de-hema\/","name":"Detecci\u00f3n de HEMA - Certified Cosmetics","isPartOf":{"@id":"https:\/\/www.certifiedcosmetics.com\/es\/#website"},"primaryImageOfPage":{"@id":"https:\/\/www.certifiedcosmetics.com\/es\/product\/verificacion-de-declaraciones-y-pruebas-de-ingredientes\/deteccion-de-hema\/#primaryimage"},"image":{"@id":"https:\/\/www.certifiedcosmetics.com\/es\/product\/verificacion-de-declaraciones-y-pruebas-de-ingredientes\/deteccion-de-hema\/#primaryimage"},"thumbnailUrl":"https:\/\/www.certifiedcosmetics.com\/wp-content\/uploads\/2025\/12\/hema-detection.jpg","datePublished":"2025-12-12T09:48:39+00:00","description":"La prueba de detecci\u00f3n de HEMA es un an\u00e1lisis de laboratorio especializado que se utiliza para detectar y cuantificar el 2-hidroxietil metacrilato (HEMA) en productos cosm\u00e9ticos y para las u\u00f1as.","breadcrumb":{"@id":"https:\/\/www.certifiedcosmetics.com\/es\/product\/verificacion-de-declaraciones-y-pruebas-de-ingredientes\/deteccion-de-hema\/#breadcrumb"},"inLanguage":"es","potentialAction":[{"@type":"ReadAction","target":["https:\/\/www.certifiedcosmetics.com\/es\/product\/verificacion-de-declaraciones-y-pruebas-de-ingredientes\/deteccion-de-hema\/"]}]},{"@type":"ImageObject","inLanguage":"es","@id":"https:\/\/www.certifiedcosmetics.com\/es\/product\/verificacion-de-declaraciones-y-pruebas-de-ingredientes\/deteccion-de-hema\/#primaryimage","url":"https:\/\/www.certifiedcosmetics.com\/wp-content\/uploads\/2025\/12\/hema-detection.jpg","contentUrl":"https:\/\/www.certifiedcosmetics.com\/wp-content\/uploads\/2025\/12\/hema-detection.jpg","width":683,"height":683},{"@type":"BreadcrumbList","@id":"https:\/\/www.certifiedcosmetics.com\/es\/product\/verificacion-de-declaraciones-y-pruebas-de-ingredientes\/deteccion-de-hema\/#breadcrumb","itemListElement":[{"@type":"ListItem","position":1,"name":"Home","item":"https:\/\/www.certifiedcosmetics.com\/es\/"},{"@type":"ListItem","position":2,"name":"Tienda","item":"https:\/\/www.certifiedcosmetics.com\/es\/tienda\/"},{"@type":"ListItem","position":3,"name":"Detecci\u00f3n de HEMA"}]},{"@type":"WebSite","@id":"https:\/\/www.certifiedcosmetics.com\/es\/#website","url":"https:\/\/www.certifiedcosmetics.com\/es\/","name":"Certified Cosmetics","description":"Cosmetic Testing","publisher":{"@id":"https:\/\/www.certifiedcosmetics.com\/es\/#organization"},"potentialAction":[{"@type":"SearchAction","target":{"@type":"EntryPoint","urlTemplate":"https:\/\/www.certifiedcosmetics.com\/es\/?s={search_term_string}"},"query-input":{"@type":"PropertyValueSpecification","valueRequired":true,"valueName":"search_term_string"}}],"inLanguage":"es"},{"@type":"Organization","@id":"https:\/\/www.certifiedcosmetics.com\/es\/#organization","name":"Certified Cosmetics","url":"https:\/\/www.certifiedcosmetics.com\/es\/","logo":{"@type":"ImageObject","inLanguage":"es","@id":"https:\/\/www.certifiedcosmetics.com\/es\/#\/schema\/logo\/image\/","url":"https:\/\/www.certifiedcosmetics.com\/wp-content\/uploads\/2024\/12\/logo_certified_cosmetics696.jpg","contentUrl":"https:\/\/www.certifiedcosmetics.com\/wp-content\/uploads\/2024\/12\/logo_certified_cosmetics696.jpg","width":696,"height":696,"caption":"Certified Cosmetics"},"image":{"@id":"https:\/\/www.certifiedcosmetics.com\/es\/#\/schema\/logo\/image\/"},"description":"Your trusted partner for cosmetic product safety reporting. We take care of updating all of your documentation, ensuring your compliance stays current even as regulations evolve. The Cosmetic Product Safety Assessment will give you everything you need to sell specific products to EU consumers.","email":"contact@certifiedcosmetics.com","telephone":"+31 36 2036384","legalName":"Certified Cosmetics","foundingDate":"2010-01-01","vatID":"NL854189543B01","numberOfEmployees":{"@type":"QuantitativeValue","minValue":"11","maxValue":"50"}}]},"product_price_amount":"882.70","product_price_currency":"USD","og_availability":"instock","product_availability":"instock","product_retailer_item_id":"CC100075","product_condition":"new"},"_links":{"self":[{"href":"https:\/\/www.certifiedcosmetics.com\/es\/wp-json\/wp\/v2\/product\/14654","targetHints":{"allow":["GET"]}}],"collection":[{"href":"https:\/\/www.certifiedcosmetics.com\/es\/wp-json\/wp\/v2\/product"}],"about":[{"href":"https:\/\/www.certifiedcosmetics.com\/es\/wp-json\/wp\/v2\/types\/product"}],"wp:featuredmedia":[{"embeddable":true,"href":"https:\/\/www.certifiedcosmetics.com\/es\/wp-json\/wp\/v2\/media\/14653"}],"wp:attachment":[{"href":"https:\/\/www.certifiedcosmetics.com\/es\/wp-json\/wp\/v2\/media?parent=14654"}],"wp:term":[{"taxonomy":"product_brand","embeddable":true,"href":"https:\/\/www.certifiedcosmetics.com\/es\/wp-json\/wp\/v2\/product_brand?post=14654"},{"taxonomy":"product_cat","embeddable":true,"href":"https:\/\/www.certifiedcosmetics.com\/es\/wp-json\/wp\/v2\/product_cat?post=14654"},{"taxonomy":"product_tag","embeddable":true,"href":"https:\/\/www.certifiedcosmetics.com\/es\/wp-json\/wp\/v2\/product_tag?post=14654"}],"curies":[{"name":"wp","href":"https:\/\/api.w.org\/{rel}","templated":true}]}}