{"id":14453,"date":"2025-11-03T12:40:57","date_gmt":"2025-11-03T11:40:57","guid":{"rendered":"https:\/\/www.certifiedcosmetics.com\/product\/uncategorized\/prueba-de-elasticidad-y-firmeza-de-la-piel\/"},"modified":"2025-11-03T12:40:57","modified_gmt":"2025-11-03T11:40:57","slug":"prueba-de-elasticidad-y-firmeza-de-la-piel","status":"publish","type":"product","link":"https:\/\/www.certifiedcosmetics.com\/es\/product\/pruebas-de-eficacia\/pruebas-cutaneas\/prueba-de-elasticidad-y-firmeza-de-la-piel\/","title":{"rendered":"Prueba de elasticidad y firmeza de la piel"},"content":{"rendered":"<p data-start=\"39\" data-end=\"388\">La <strong data-start=\"43\" data-end=\"78\">Prueba de Elasticidad y Firmeza de la Piel<\/strong> es una evaluaci\u00f3n cient\u00edfica utilizada para medir las <strong data-start=\"126\" data-end=\"163\">propiedades mec\u00e1nicas de la piel<\/strong>, concretamente su capacidad para volver a su forma original despu\u00e9s de estirarla suavemente. Esta prueba proporciona pruebas objetivas de afirmaciones como &#8220;mejora la firmeza de la piel&#8221;, &#8220;aumenta la elasticidad&#8221; o &#8220;reduce los signos del envejecimiento&#8221;. <\/p>\n<h2 data-start=\"390\" data-end=\"415\">Objetivo de la prueba<\/h2>\n<p data-start=\"416\" data-end=\"726\">El objetivo de esta prueba es determinar si un producto cosm\u00e9tico mejora la <strong data-start=\"501\" data-end=\"534\">recuperaci\u00f3n el\u00e1stica y la firmeza<\/strong> de la piel mejorando la funci\u00f3n del col\u00e1geno y la elastina o mejorando la hidrataci\u00f3n en las capas m\u00e1s profundas de la piel. Es especialmente relevante para los productos <strong data-start=\"660\" data-end=\"674\">antienvejecimiento<\/strong>, de <strong data-start=\"676\" data-end=\"687\">lifting<\/strong> y de <strong data-start=\"693\" data-end=\"714\">rejuvenecimiento cut\u00e1neo<\/strong>. <\/p>\n<h2 data-start=\"728\" data-end=\"745\">Metodolog\u00eda<\/h2>\n<p data-start=\"746\" data-end=\"1092\">El estudio se realiza como una <strong data-start=\"775\" data-end=\"793\">Prueba en Aparato<\/strong>, utilizando un <strong data-start=\"802\" data-end=\"815\">Cut\u00f3metro<\/strong> o aparato equivalente que mide la capacidad de la piel para deformarse y volver a su posici\u00f3n original. El instrumento aplica una suave succi\u00f3n a la superficie cut\u00e1nea y registra c\u00f3mo se mueve la piel en respuesta, lo que proporciona datos precisos sobre la elasticidad, la firmeza y la viscoelasticidad. <\/p>\n<ul data-start=\"1094\" data-end=\"1388\">\n<li data-start=\"1094\" data-end=\"1126\">\n<p data-start=\"1096\" data-end=\"1126\"><strong data-start=\"1096\" data-end=\"1121\">N\u00famero de voluntarios:<\/strong> 10<\/p>\n<\/li>\n<li data-start=\"1127\" data-end=\"1324\">\n<p data-start=\"1129\" data-end=\"1324\"><strong data-start=\"1129\" data-end=\"1152\">Puntos de medici\u00f3n:<\/strong> Se realizan dos mediciones <strong data-start=\"1182\" data-end=\"1217\">-T0 (antes de la aplicaci\u00f3n del producto)<\/strong> y <strong data-start=\"1222\" data-end=\"1248\">T1 (despu\u00e9s de la aplicaci\u00f3n)<\/strong> &#8211; en condiciones ambientales normalizadas (temperatura y humedad).<\/p>\n<\/li>\n<li data-start=\"1325\" data-end=\"1388\">\n<p data-start=\"1327\" data-end=\"1388\"><strong data-start=\"1327\" data-end=\"1358\">N\u00famero de muestras necesarias:<\/strong> 11 muestras de producto acabado<\/p>\n<\/li>\n<\/ul>\n<h2 data-start=\"1390\" data-end=\"1410\">Procedimiento de prueba<\/h2>\n<ol data-start=\"1411\" data-end=\"2014\">\n<li data-start=\"1411\" data-end=\"1511\">\n<p data-start=\"1414\" data-end=\"1511\"><strong data-start=\"1414\" data-end=\"1438\">Selecci\u00f3n de voluntarios:<\/strong> Se seleccionan diez participantes adultos con distintos niveles de firmeza cut\u00e1nea.<\/p>\n<\/li>\n<li data-start=\"1512\" data-end=\"1628\">\n<p data-start=\"1515\" data-end=\"1628\"><strong data-start=\"1515\" data-end=\"1545\">Medici\u00f3n de referencia (T0):<\/strong> La firmeza y la elasticidad de la piel se miden en la piel no tratada utilizando el Cut\u00f3metro.<\/p>\n<\/li>\n<li data-start=\"1629\" data-end=\"1768\">\n<p data-start=\"1632\" data-end=\"1768\"><strong data-start=\"1632\" data-end=\"1656\">Aplicaci\u00f3n del producto:<\/strong> Se aplica una cantidad definida del producto de prueba en la zona designada (normalmente la cara, el antebrazo o el cuello).<\/p>\n<\/li>\n<li data-start=\"1769\" data-end=\"1904\">\n<p data-start=\"1772\" data-end=\"1904\"><strong data-start=\"1772\" data-end=\"1810\">Medici\u00f3n posterior a la aplicaci\u00f3n (T1):<\/strong> Tras una duraci\u00f3n determinada (normalmente de 30 minutos a varias horas), se repiten las mediciones.<\/p>\n<\/li>\n<li data-start=\"1905\" data-end=\"2014\">\n<p data-start=\"1908\" data-end=\"2014\"><strong data-start=\"1908\" data-end=\"1928\">Comparaci\u00f3n de datos:<\/strong> Se analizan los resultados T0 y T1 para determinar la mejora de la firmeza y la elasticidad.<\/p>\n<\/li>\n<\/ol>\n<h2 data-start=\"2016\" data-end=\"2042\">Par\u00e1metros evaluados<\/h2>\n<ul data-start=\"2043\" data-end=\"2396\">\n<li data-start=\"2043\" data-end=\"2101\">\n<p data-start=\"2045\" data-end=\"2101\"><strong data-start=\"2045\" data-end=\"2085\">Mejora inmediata y a corto plazo<\/strong> de la elasticidad<\/p>\n<\/li>\n<li data-start=\"2102\" data-end=\"2179\">\n<p data-start=\"2104\" data-end=\"2179\"><strong data-start=\"2104\" data-end=\"2127\">\u00cdndice de firmeza (R2)<\/strong>: capacidad de la piel para recuperarse tras una deformaci\u00f3n<\/p>\n<\/li>\n<li data-start=\"2180\" data-end=\"2241\">\n<p data-start=\"2182\" data-end=\"2241\"><strong data-start=\"2182\" data-end=\"2210\">Deformaci\u00f3n m\u00e1xima (R0)<\/strong> &#8211; relacionada con la flexibilidad de la piel<\/p>\n<\/li>\n<li data-start=\"2242\" data-end=\"2329\">\n<p data-start=\"2244\" data-end=\"2329\"><strong data-start=\"2244\" data-end=\"2288\">Comportamiento viscoel\u00e1stico (par\u00e1metros R6-R8)<\/strong> &#8211; indica una resistencia estructural profunda<\/p>\n<\/li>\n<li data-start=\"2330\" data-end=\"2396\">\n<p data-start=\"2332\" data-end=\"2396\"><strong data-start=\"2332\" data-end=\"2360\">Importancia<\/strong> estad\u00edstica de las mejoras tras la aplicaci\u00f3n<\/p>\n<\/li>\n<\/ul>\n<h2 data-start=\"2398\" data-end=\"2423\">Muestra de requisitos<\/h2>\n<ul data-start=\"2424\" data-end=\"2631\">\n<li data-start=\"2424\" data-end=\"2469\">\n<p data-start=\"2426\" data-end=\"2469\"><strong data-start=\"2426\" data-end=\"2439\">Cantidad:<\/strong> 11 muestras de producto acabado<\/p>\n<\/li>\n<li data-start=\"2470\" data-end=\"2535\">\n<p data-start=\"2472\" data-end=\"2535\"><strong data-start=\"2472\" data-end=\"2486\">Estado:<\/strong> Sin abrir, estable y apto para uso t\u00f3pico<\/p>\n<\/li>\n<li data-start=\"2536\" data-end=\"2631\">\n<p data-start=\"2538\" data-end=\"2631\"><strong data-start=\"2538\" data-end=\"2556\">Tipos de productos:<\/strong> Cremas antiedad, sueros reafirmantes, geles lifting o productos tonificantes corporales<\/p>\n<\/li>\n<\/ul>\n<h2 data-start=\"2633\" data-end=\"2658\">Resultados e informes<\/h2>\n<p data-start=\"2659\" data-end=\"2692\">El informe del laboratorio incluye:<\/p>\n<ul data-start=\"2693\" data-end=\"2990\">\n<li data-start=\"2693\" data-end=\"2744\">\n<p data-start=\"2695\" data-end=\"2744\">Descripci\u00f3n de las condiciones y equipos de ensayo<\/p>\n<\/li>\n<li data-start=\"2745\" data-end=\"2808\">\n<p data-start=\"2747\" data-end=\"2808\">Gr\u00e1ficos y curvas de datos que representan la elasticidad y la firmeza<\/p>\n<\/li>\n<li data-start=\"2809\" data-end=\"2877\">\n<p data-start=\"2811\" data-end=\"2877\">An\u00e1lisis estad\u00edstico de los par\u00e1metros de elasticidad (R0, R2, R5, etc.)<\/p>\n<\/li>\n<li data-start=\"2878\" data-end=\"2927\">\n<p data-start=\"2880\" data-end=\"2927\">Resumen comparativo de las mediciones T0 vs. T1<\/p>\n<\/li>\n<li data-start=\"2928\" data-end=\"2990\">\n<p data-start=\"2930\" data-end=\"2990\">Interpretaci\u00f3n que confirma los efectos reafirmantes o antienvejecimiento de la piel<\/p>\n<\/li>\n<\/ul>\n<h2 data-start=\"2992\" data-end=\"3019\">Por qu\u00e9 es importante esta prueba<\/h2>\n<p data-start=\"3020\" data-end=\"3225\">La Prueba de Elasticidad y Firmeza de la Piel proporciona <strong data-start=\"3065\" data-end=\"3098\">datos cuantitativos y verificables<\/strong> que demuestran la eficacia de las f\u00f3rmulas antienvejecimiento y reafirmantes. Respalda afirmaciones de marketing y etiquetado como: <\/p>\n<ul data-start=\"3226\" data-end=\"3349\">\n<li data-start=\"3226\" data-end=\"3269\">\n<p data-start=\"3228\" data-end=\"3269\">&#8220;Mejora la firmeza y resistencia de la piel&#8221;<\/p>\n<\/li>\n<li data-start=\"3270\" data-end=\"3310\">\n<p data-start=\"3272\" data-end=\"3310\">&#8220;Restaura la elasticidad y la flexibilidad&#8221;<\/p>\n<\/li>\n<li data-start=\"3311\" data-end=\"3349\">\n<p data-start=\"3313\" data-end=\"3349\">&#8220;Eleva y tonifica visiblemente la piel&#8221;<\/p>\n<\/li>\n<\/ul>\n<p data-start=\"3351\" data-end=\"3571\" data-is-last-node=\"\" data-is-only-node=\"\">Esta prueba es esencial para <strong data-start=\"3378\" data-end=\"3452\">la justificaci\u00f3n del producto, la aprobaci\u00f3n de la comercializaci\u00f3n y la documentaci\u00f3n cl\u00ednica<\/strong>, ya que ofrece una forma cient\u00edficamente validada de confirmar los <strong data-start=\"3509\" data-end=\"3545\">efectos reafirmantes y rejuvenecedores<\/strong> de las f\u00f3rmulas cosm\u00e9ticas.<\/p>\n","protected":false},"excerpt":{"rendered":"<p>La Prueba de Elasticidad y Firmeza de la Piel es una evaluaci\u00f3n cient\u00edfica utilizada para medir las propiedades mec\u00e1nicas de la piel, concretamente su capacidad para volver a su forma original despu\u00e9s de estirarla suavemente. Esta prueba proporciona pruebas objetivas de afirmaciones como &#8220;mejora la firmeza de la piel&#8221;, &#8220;aumenta la elasticidad&#8221; o &#8220;reduce los&#8230;<\/p>\n","protected":false},"featured_media":14416,"template":"","meta":[],"product_brand":[],"product_cat":[147,135],"product_tag":[],"class_list":{"0":"post-14453","1":"product","2":"type-product","3":"status-publish","4":"has-post-thumbnail","6":"product_cat-pruebas-cutaneas","7":"product_cat-pruebas-de-eficacia","9":"first","10":"instock","11":"virtual","12":"taxable","13":"purchasable","14":"product-type-simple"},"bundled_by":[],"bundle_stock_status":"instock","bundle_stock_quantity":null,"bundle_virtual":false,"bundle_layout":"","bundle_add_to_cart_form_location":"","bundle_editable_in_cart":false,"bundle_sold_individually_context":"","bundle_item_grouping":"","bundle_min_size":"","bundle_max_size":"","bundle_price":[],"bundled_items":[],"bundle_sell_ids":[],"yoast_head":"<!-- This site is optimized with the Yoast SEO Premium plugin v25.4 (Yoast SEO v25.4) - https:\/\/yoast.com\/wordpress\/plugins\/seo\/ -->\n<title>Prueba de elasticidad y firmeza de la piel - Certified Cosmetics<\/title>\n<meta name=\"description\" content=\"La Prueba de Elasticidad y Firmeza de la Piel es una evaluaci\u00f3n cient\u00edfica utilizada para medir las propiedades mec\u00e1nicas de la piel, concretamente su capacidad para volver a su forma original despu\u00e9s de estirarla suavemente. Esta prueba proporciona pruebas objetivas de afirmaciones como &quot;mejora la firmeza de la piel&quot;, &quot;aumenta la elasticidad&quot; o &quot;reduce los signos del envejecimiento&quot;.\" \/>\n<meta name=\"robots\" content=\"index, follow, max-snippet:-1, max-image-preview:large, max-video-preview:-1\" \/>\n<link rel=\"canonical\" href=\"https:\/\/www.certifiedcosmetics.com\/es\/product\/pruebas-de-eficacia\/pruebas-cutaneas\/prueba-de-elasticidad-y-firmeza-de-la-piel\/\" \/>\n<meta property=\"og:locale\" content=\"es_ES\" \/>\n<meta property=\"og:type\" content=\"article\" \/>\n<meta property=\"og:title\" content=\"Prueba de elasticidad y firmeza de la piel\" \/>\n<meta property=\"og:description\" content=\"La Prueba de Elasticidad y Firmeza de la Piel es una evaluaci\u00f3n cient\u00edfica utilizada para medir las propiedades mec\u00e1nicas de la piel, concretamente su capacidad para volver a su forma original despu\u00e9s de estirarla suavemente. Esta prueba proporciona pruebas objetivas de afirmaciones como &quot;mejora la firmeza de la piel&quot;, &quot;aumenta la elasticidad&quot; o &quot;reduce los signos del envejecimiento&quot;.\" \/>\n<meta property=\"og:url\" content=\"https:\/\/www.certifiedcosmetics.com\/es\/product\/pruebas-de-eficacia\/pruebas-cutaneas\/prueba-de-elasticidad-y-firmeza-de-la-piel\/\" \/>\n<meta property=\"og:site_name\" content=\"Certified Cosmetics\" \/>\n<meta property=\"og:image\" content=\"https:\/\/www.certifiedcosmetics.com\/wp-content\/uploads\/2025\/11\/firmness-lab-test.jpg\" \/>\n\t<meta property=\"og:image:width\" content=\"800\" \/>\n\t<meta property=\"og:image:height\" content=\"800\" \/>\n\t<meta property=\"og:image:type\" content=\"image\/jpeg\" \/>\n<meta name=\"twitter:card\" content=\"summary_large_image\" \/>\n<meta name=\"twitter:label1\" content=\"Precio\" \/>\n\t<meta name=\"twitter:data1\" content=\"&#036;497.00\" \/>\n\t<meta name=\"twitter:label2\" content=\"Disponibilidad\" \/>\n\t<meta name=\"twitter:data2\" content=\"Disponible\" \/>\n<script type=\"application\/ld+json\" class=\"yoast-schema-graph\">{\"@context\":\"https:\/\/schema.org\",\"@graph\":[{\"@type\":\"WebPage\",\"@id\":\"https:\/\/www.certifiedcosmetics.com\/es\/product\/pruebas-de-eficacia\/pruebas-cutaneas\/prueba-de-elasticidad-y-firmeza-de-la-piel\/\",\"url\":\"https:\/\/www.certifiedcosmetics.com\/es\/product\/pruebas-de-eficacia\/pruebas-cutaneas\/prueba-de-elasticidad-y-firmeza-de-la-piel\/\",\"name\":\"Prueba de elasticidad y firmeza de la piel - Certified Cosmetics\",\"isPartOf\":{\"@id\":\"https:\/\/www.certifiedcosmetics.com\/es\/#website\"},\"primaryImageOfPage\":{\"@id\":\"https:\/\/www.certifiedcosmetics.com\/es\/product\/pruebas-de-eficacia\/pruebas-cutaneas\/prueba-de-elasticidad-y-firmeza-de-la-piel\/#primaryimage\"},\"image\":{\"@id\":\"https:\/\/www.certifiedcosmetics.com\/es\/product\/pruebas-de-eficacia\/pruebas-cutaneas\/prueba-de-elasticidad-y-firmeza-de-la-piel\/#primaryimage\"},\"thumbnailUrl\":\"https:\/\/www.certifiedcosmetics.com\/wp-content\/uploads\/2025\/11\/firmness-lab-test.jpg\",\"datePublished\":\"2025-11-03T11:40:57+00:00\",\"description\":\"La Prueba de Elasticidad y Firmeza de la Piel es una evaluaci\u00f3n cient\u00edfica utilizada para medir las propiedades mec\u00e1nicas de la piel, concretamente su capacidad para volver a su forma original despu\u00e9s de estirarla suavemente. Esta prueba proporciona pruebas objetivas de afirmaciones como \\\"mejora la firmeza de la piel\\\", \\\"aumenta la elasticidad\\\" o \\\"reduce los signos del envejecimiento\\\".\",\"breadcrumb\":{\"@id\":\"https:\/\/www.certifiedcosmetics.com\/es\/product\/pruebas-de-eficacia\/pruebas-cutaneas\/prueba-de-elasticidad-y-firmeza-de-la-piel\/#breadcrumb\"},\"inLanguage\":\"es\",\"potentialAction\":[{\"@type\":\"ReadAction\",\"target\":[\"https:\/\/www.certifiedcosmetics.com\/es\/product\/pruebas-de-eficacia\/pruebas-cutaneas\/prueba-de-elasticidad-y-firmeza-de-la-piel\/\"]}]},{\"@type\":\"ImageObject\",\"inLanguage\":\"es\",\"@id\":\"https:\/\/www.certifiedcosmetics.com\/es\/product\/pruebas-de-eficacia\/pruebas-cutaneas\/prueba-de-elasticidad-y-firmeza-de-la-piel\/#primaryimage\",\"url\":\"https:\/\/www.certifiedcosmetics.com\/wp-content\/uploads\/2025\/11\/firmness-lab-test.jpg\",\"contentUrl\":\"https:\/\/www.certifiedcosmetics.com\/wp-content\/uploads\/2025\/11\/firmness-lab-test.jpg\",\"width\":800,\"height\":800},{\"@type\":\"BreadcrumbList\",\"@id\":\"https:\/\/www.certifiedcosmetics.com\/es\/product\/pruebas-de-eficacia\/pruebas-cutaneas\/prueba-de-elasticidad-y-firmeza-de-la-piel\/#breadcrumb\",\"itemListElement\":[{\"@type\":\"ListItem\",\"position\":1,\"name\":\"Home\",\"item\":\"https:\/\/www.certifiedcosmetics.com\/es\/\"},{\"@type\":\"ListItem\",\"position\":2,\"name\":\"Tienda\",\"item\":\"https:\/\/www.certifiedcosmetics.com\/es\/tienda\/\"},{\"@type\":\"ListItem\",\"position\":3,\"name\":\"Prueba de elasticidad y firmeza de la piel\"}]},{\"@type\":\"WebSite\",\"@id\":\"https:\/\/www.certifiedcosmetics.com\/es\/#website\",\"url\":\"https:\/\/www.certifiedcosmetics.com\/es\/\",\"name\":\"Certified Cosmetics\",\"description\":\"Cosmetic Testing\",\"publisher\":{\"@id\":\"https:\/\/www.certifiedcosmetics.com\/es\/#organization\"},\"potentialAction\":[{\"@type\":\"SearchAction\",\"target\":{\"@type\":\"EntryPoint\",\"urlTemplate\":\"https:\/\/www.certifiedcosmetics.com\/es\/?s={search_term_string}\"},\"query-input\":{\"@type\":\"PropertyValueSpecification\",\"valueRequired\":true,\"valueName\":\"search_term_string\"}}],\"inLanguage\":\"es\"},{\"@type\":\"Organization\",\"@id\":\"https:\/\/www.certifiedcosmetics.com\/es\/#organization\",\"name\":\"Certified Cosmetics\",\"url\":\"https:\/\/www.certifiedcosmetics.com\/es\/\",\"logo\":{\"@type\":\"ImageObject\",\"inLanguage\":\"es\",\"@id\":\"https:\/\/www.certifiedcosmetics.com\/es\/#\/schema\/logo\/image\/\",\"url\":\"https:\/\/www.certifiedcosmetics.com\/wp-content\/uploads\/2024\/12\/logo_certified_cosmetics696.jpg\",\"contentUrl\":\"https:\/\/www.certifiedcosmetics.com\/wp-content\/uploads\/2024\/12\/logo_certified_cosmetics696.jpg\",\"width\":696,\"height\":696,\"caption\":\"Certified Cosmetics\"},\"image\":{\"@id\":\"https:\/\/www.certifiedcosmetics.com\/es\/#\/schema\/logo\/image\/\"},\"description\":\"Your trusted partner for cosmetic product safety reporting. We take care of updating all of your documentation, ensuring your compliance stays current even as regulations evolve. The Cosmetic Product Safety Assessment will give you everything you need to sell specific products to EU consumers.\",\"email\":\"contact@certifiedcosmetics.com\",\"telephone\":\"+31 36 2036384\",\"legalName\":\"Certified Cosmetics\",\"foundingDate\":\"2010-01-01\",\"vatID\":\"NL854189543B01\",\"numberOfEmployees\":{\"@type\":\"QuantitativeValue\",\"minValue\":\"11\",\"maxValue\":\"50\"}}]}<\/script>\n<meta property=\"product:price:amount\" content=\"497.00\" \/>\n<meta property=\"product:price:currency\" content=\"USD\" \/>\n<meta property=\"og:availability\" content=\"instock\" \/>\n<meta property=\"product:availability\" content=\"instock\" \/>\n<meta property=\"product:retailer_item_id\" content=\"CC100131\" \/>\n<meta property=\"product:condition\" content=\"new\" \/>\n<!-- \/ Yoast SEO Premium plugin. -->","yoast_head_json":{"title":"Prueba de elasticidad y firmeza de la piel - Certified Cosmetics","description":"La Prueba de Elasticidad y Firmeza de la Piel es una evaluaci\u00f3n cient\u00edfica utilizada para medir las propiedades mec\u00e1nicas de la piel, concretamente su capacidad para volver a su forma original despu\u00e9s de estirarla suavemente. Esta prueba proporciona pruebas objetivas de afirmaciones como \"mejora la firmeza de la piel\", \"aumenta la elasticidad\" o \"reduce los signos del envejecimiento\".","robots":{"index":"index","follow":"follow","max-snippet":"max-snippet:-1","max-image-preview":"max-image-preview:large","max-video-preview":"max-video-preview:-1"},"canonical":"https:\/\/www.certifiedcosmetics.com\/es\/product\/pruebas-de-eficacia\/pruebas-cutaneas\/prueba-de-elasticidad-y-firmeza-de-la-piel\/","og_locale":"es_ES","og_type":"article","og_title":"Prueba de elasticidad y firmeza de la piel","og_description":"La Prueba de Elasticidad y Firmeza de la Piel es una evaluaci\u00f3n cient\u00edfica utilizada para medir las propiedades mec\u00e1nicas de la piel, concretamente su capacidad para volver a su forma original despu\u00e9s de estirarla suavemente. Esta prueba proporciona pruebas objetivas de afirmaciones como \"mejora la firmeza de la piel\", \"aumenta la elasticidad\" o \"reduce los signos del envejecimiento\".","og_url":"https:\/\/www.certifiedcosmetics.com\/es\/product\/pruebas-de-eficacia\/pruebas-cutaneas\/prueba-de-elasticidad-y-firmeza-de-la-piel\/","og_site_name":"Certified Cosmetics","og_image":[{"width":800,"height":800,"url":"https:\/\/www.certifiedcosmetics.com\/wp-content\/uploads\/2025\/11\/firmness-lab-test.jpg","type":"image\/jpeg"}],"twitter_card":"summary_large_image","twitter_misc":{"Precio":"&#36;497.00","Disponibilidad":"Disponible"},"schema":{"@context":"https:\/\/schema.org","@graph":[{"@type":"WebPage","@id":"https:\/\/www.certifiedcosmetics.com\/es\/product\/pruebas-de-eficacia\/pruebas-cutaneas\/prueba-de-elasticidad-y-firmeza-de-la-piel\/","url":"https:\/\/www.certifiedcosmetics.com\/es\/product\/pruebas-de-eficacia\/pruebas-cutaneas\/prueba-de-elasticidad-y-firmeza-de-la-piel\/","name":"Prueba de elasticidad y firmeza de la piel - Certified Cosmetics","isPartOf":{"@id":"https:\/\/www.certifiedcosmetics.com\/es\/#website"},"primaryImageOfPage":{"@id":"https:\/\/www.certifiedcosmetics.com\/es\/product\/pruebas-de-eficacia\/pruebas-cutaneas\/prueba-de-elasticidad-y-firmeza-de-la-piel\/#primaryimage"},"image":{"@id":"https:\/\/www.certifiedcosmetics.com\/es\/product\/pruebas-de-eficacia\/pruebas-cutaneas\/prueba-de-elasticidad-y-firmeza-de-la-piel\/#primaryimage"},"thumbnailUrl":"https:\/\/www.certifiedcosmetics.com\/wp-content\/uploads\/2025\/11\/firmness-lab-test.jpg","datePublished":"2025-11-03T11:40:57+00:00","description":"La Prueba de Elasticidad y Firmeza de la Piel es una evaluaci\u00f3n cient\u00edfica utilizada para medir las propiedades mec\u00e1nicas de la piel, concretamente su capacidad para volver a su forma original despu\u00e9s de estirarla suavemente. Esta prueba proporciona pruebas objetivas de afirmaciones como \"mejora la firmeza de la piel\", \"aumenta la elasticidad\" o \"reduce los signos del envejecimiento\".","breadcrumb":{"@id":"https:\/\/www.certifiedcosmetics.com\/es\/product\/pruebas-de-eficacia\/pruebas-cutaneas\/prueba-de-elasticidad-y-firmeza-de-la-piel\/#breadcrumb"},"inLanguage":"es","potentialAction":[{"@type":"ReadAction","target":["https:\/\/www.certifiedcosmetics.com\/es\/product\/pruebas-de-eficacia\/pruebas-cutaneas\/prueba-de-elasticidad-y-firmeza-de-la-piel\/"]}]},{"@type":"ImageObject","inLanguage":"es","@id":"https:\/\/www.certifiedcosmetics.com\/es\/product\/pruebas-de-eficacia\/pruebas-cutaneas\/prueba-de-elasticidad-y-firmeza-de-la-piel\/#primaryimage","url":"https:\/\/www.certifiedcosmetics.com\/wp-content\/uploads\/2025\/11\/firmness-lab-test.jpg","contentUrl":"https:\/\/www.certifiedcosmetics.com\/wp-content\/uploads\/2025\/11\/firmness-lab-test.jpg","width":800,"height":800},{"@type":"BreadcrumbList","@id":"https:\/\/www.certifiedcosmetics.com\/es\/product\/pruebas-de-eficacia\/pruebas-cutaneas\/prueba-de-elasticidad-y-firmeza-de-la-piel\/#breadcrumb","itemListElement":[{"@type":"ListItem","position":1,"name":"Home","item":"https:\/\/www.certifiedcosmetics.com\/es\/"},{"@type":"ListItem","position":2,"name":"Tienda","item":"https:\/\/www.certifiedcosmetics.com\/es\/tienda\/"},{"@type":"ListItem","position":3,"name":"Prueba de elasticidad y firmeza de la piel"}]},{"@type":"WebSite","@id":"https:\/\/www.certifiedcosmetics.com\/es\/#website","url":"https:\/\/www.certifiedcosmetics.com\/es\/","name":"Certified Cosmetics","description":"Cosmetic Testing","publisher":{"@id":"https:\/\/www.certifiedcosmetics.com\/es\/#organization"},"potentialAction":[{"@type":"SearchAction","target":{"@type":"EntryPoint","urlTemplate":"https:\/\/www.certifiedcosmetics.com\/es\/?s={search_term_string}"},"query-input":{"@type":"PropertyValueSpecification","valueRequired":true,"valueName":"search_term_string"}}],"inLanguage":"es"},{"@type":"Organization","@id":"https:\/\/www.certifiedcosmetics.com\/es\/#organization","name":"Certified Cosmetics","url":"https:\/\/www.certifiedcosmetics.com\/es\/","logo":{"@type":"ImageObject","inLanguage":"es","@id":"https:\/\/www.certifiedcosmetics.com\/es\/#\/schema\/logo\/image\/","url":"https:\/\/www.certifiedcosmetics.com\/wp-content\/uploads\/2024\/12\/logo_certified_cosmetics696.jpg","contentUrl":"https:\/\/www.certifiedcosmetics.com\/wp-content\/uploads\/2024\/12\/logo_certified_cosmetics696.jpg","width":696,"height":696,"caption":"Certified Cosmetics"},"image":{"@id":"https:\/\/www.certifiedcosmetics.com\/es\/#\/schema\/logo\/image\/"},"description":"Your trusted partner for cosmetic product safety reporting. We take care of updating all of your documentation, ensuring your compliance stays current even as regulations evolve. The Cosmetic Product Safety Assessment will give you everything you need to sell specific products to EU consumers.","email":"contact@certifiedcosmetics.com","telephone":"+31 36 2036384","legalName":"Certified Cosmetics","foundingDate":"2010-01-01","vatID":"NL854189543B01","numberOfEmployees":{"@type":"QuantitativeValue","minValue":"11","maxValue":"50"}}]},"product_price_amount":"497.00","product_price_currency":"USD","og_availability":"instock","product_availability":"instock","product_retailer_item_id":"CC100131","product_condition":"new"},"_links":{"self":[{"href":"https:\/\/www.certifiedcosmetics.com\/es\/wp-json\/wp\/v2\/product\/14453","targetHints":{"allow":["GET"]}}],"collection":[{"href":"https:\/\/www.certifiedcosmetics.com\/es\/wp-json\/wp\/v2\/product"}],"about":[{"href":"https:\/\/www.certifiedcosmetics.com\/es\/wp-json\/wp\/v2\/types\/product"}],"wp:featuredmedia":[{"embeddable":true,"href":"https:\/\/www.certifiedcosmetics.com\/es\/wp-json\/wp\/v2\/media\/14416"}],"wp:attachment":[{"href":"https:\/\/www.certifiedcosmetics.com\/es\/wp-json\/wp\/v2\/media?parent=14453"}],"wp:term":[{"taxonomy":"product_brand","embeddable":true,"href":"https:\/\/www.certifiedcosmetics.com\/es\/wp-json\/wp\/v2\/product_brand?post=14453"},{"taxonomy":"product_cat","embeddable":true,"href":"https:\/\/www.certifiedcosmetics.com\/es\/wp-json\/wp\/v2\/product_cat?post=14453"},{"taxonomy":"product_tag","embeddable":true,"href":"https:\/\/www.certifiedcosmetics.com\/es\/wp-json\/wp\/v2\/product_tag?post=14453"}],"curies":[{"name":"wp","href":"https:\/\/api.w.org\/{rel}","templated":true}]}}