{"id":14207,"date":"2025-10-16T14:13:35","date_gmt":"2025-10-16T13:13:35","guid":{"rendered":"https:\/\/www.certifiedcosmetics.com\/product\/uncategorized\/mocra-sustentacion-de-la-seguridad-cosmetica\/"},"modified":"2025-10-16T14:13:35","modified_gmt":"2025-10-16T13:13:35","slug":"mocra-sustentacion-de-la-seguridad-cosmetica","status":"publish","type":"product","link":"https:\/\/www.certifiedcosmetics.com\/es\/product\/sustentacion-de-la-seguridad-cosmetica\/mocra-sustentacion-de-la-seguridad-cosmetica\/","title":{"rendered":"MoCRA Sustentaci\u00f3n de la Seguridad Cosm\u00e9tica"},"content":{"rendered":"<p data-start=\"388\" data-end=\"695\">En virtud de la <strong data-start=\"398\" data-end=\"451\">Ley de Modernizaci\u00f3n de la Regulaci\u00f3n de los Cosm\u00e9ticos (MoCRA<\/strong>), todo producto cosm\u00e9tico comercializado en Estados Unidos debe tener <em data-start=\"516\" data-end=\"548\">una justificaci\u00f3n de seguridad adecuada<\/em>, lo que significa que el fabricante o la persona responsable deben mantener registros y pruebas que demuestren que el producto es seguro para el uso previsto.<\/p>\n<p data-start=\"697\" data-end=\"931\">La ley define la fundamentaci\u00f3n adecuada como ensayos, estudios, investigaciones, an\u00e1lisis u otras pruebas que los expertos cualificados consideren que proporcionan una <em data-start=\"839\" data-end=\"871\">certeza razonable de seguridad<\/em> en condiciones de uso normales o razonablemente previsibles.<\/p>\n<p data-start=\"933\" data-end=\"1035\">Si un producto carece de una justificaci\u00f3n de seguridad adecuada, puede considerarse <strong data-start=\"1005\" data-end=\"1020\">adulterado<\/strong> seg\u00fan la MoCRA.<\/p>\n<h2 data-start=\"1037\" data-end=\"1088\">Qu\u00e9 debe incluirse en una justificaci\u00f3n de seguridad<\/h2>\n<p data-start=\"1090\" data-end=\"1158\">Para satisfacer a la MoCRA, tu expediente de justificaci\u00f3n de seguridad debe incluir:<\/p>\n<p data-start=\"1160\" data-end=\"1379\"><strong data-start=\"1160\" data-end=\"1192\">Datos de seguridad a nivel de ingrediente<\/strong><br data-start=\"1192\" data-end=\"1195\">Para cada ingrediente de tu f\u00f3rmula, necesitas datos qu\u00edmicos, toxicol\u00f3gicos y basados en la exposici\u00f3n. Las evaluaciones de seguridad existentes y la literatura revisada por expertos pueden utilizarse cuando proceda. <\/p>\n<p data-start=\"1381\" data-end=\"1687\"><strong data-start=\"1381\" data-end=\"1418\">Dosis\/exposici\u00f3n y evaluaci\u00f3n del riesgo<\/strong><br data-start=\"1418\" data-end=\"1421\">Tu justificaci\u00f3n debe tener en cuenta qu\u00e9 cantidad del producto se aplica un usuario t\u00edpico, con qu\u00e9 frecuencia, el nivel de absorci\u00f3n cut\u00e1nea y la posible exposici\u00f3n acumulativa o las interacciones. Las pruebas deben demostrar que el producto es seguro en las condiciones de uso previstas. <\/p>\n<p data-start=\"1689\" data-end=\"1759\"><strong data-start=\"1689\" data-end=\"1737\">Pruebas a nivel de producto o pruebas de apoyo<\/strong><br data-start=\"1737\" data-end=\"1740\">Esto puede incluir:<\/p>\n<ul data-start=\"1760\" data-end=\"2057\">\n<li data-start=\"1760\" data-end=\"1839\">\n<p data-start=\"1762\" data-end=\"1839\">Pruebas de estabilidad para confirmar que la formulaci\u00f3n sigue siendo segura durante su vida \u00fatil<\/p>\n<\/li>\n<li data-start=\"1840\" data-end=\"1896\">\n<p data-start=\"1842\" data-end=\"1896\">Pruebas de eficacia conservante o de desaf\u00edo microbiano<\/p>\n<\/li>\n<li data-start=\"1897\" data-end=\"1979\">\n<p data-start=\"1899\" data-end=\"1979\">Ensayos de irritaci\u00f3n y sensibilizaci\u00f3n, como las pruebas de parche o de parche de insulto repetido<\/p>\n<\/li>\n<li data-start=\"1980\" data-end=\"2057\">\n<p data-start=\"1982\" data-end=\"2057\">M\u00e9todos de ensayo in vitro o in silico como alternativas adecuadas sin animales<\/p>\n<\/li>\n<\/ul>\n<p data-start=\"2059\" data-end=\"2260\"><strong data-start=\"2059\" data-end=\"2090\">Documentaci\u00f3n y justificaci\u00f3n<\/strong><br data-start=\"2090\" data-end=\"2093\">Cada decisi\u00f3n -como la selecci\u00f3n de pruebas, los umbrales de seguridad y los m\u00e1rgenes de riesgo- debe estar claramente justificada y respaldada con datos, protocolos y an\u00e1lisis trazables.<\/p>\n<p data-start=\"2262\" data-end=\"2422\"><strong data-start=\"2262\" data-end=\"2290\">Mantenimiento de registros organizado<\/strong><br data-start=\"2290\" data-end=\"2293\">Todos los datos primarios, res\u00famenes, protocolos y materiales de apoyo deben estar debidamente catalogados y accesibles para la inspecci\u00f3n de la FDA.<\/p>\n<h2 data-start=\"2424\" data-end=\"2463\">Contexto normativo y requisitos<\/h2>\n<ul data-start=\"2465\" data-end=\"2995\">\n<li data-start=\"2465\" data-end=\"2599\">\n<p data-start=\"2467\" data-end=\"2599\">La <strong data-start=\"2471\" data-end=\"2493\">Persona Responsable<\/strong> que figura en la etiqueta del cosm\u00e9tico est\u00e1 legalmente obligada a mantener y actualizar los registros de corroboraci\u00f3n de la seguridad.<\/p>\n<\/li>\n<li data-start=\"2600\" data-end=\"2698\">\n<p data-start=\"2602\" data-end=\"2698\">La FDA puede solicitar el acceso a estos registros durante la inspecci\u00f3n, y deben estar f\u00e1cilmente disponibles.<\/p>\n<\/li>\n<li data-start=\"2699\" data-end=\"2796\">\n<p data-start=\"2701\" data-end=\"2796\">La MoCRA otorga a la FDA autoridad para retirar productos si se descubre que un cosm\u00e9tico no es seguro o est\u00e1 adulterado.<\/p>\n<\/li>\n<li data-start=\"2797\" data-end=\"2894\">\n<p data-start=\"2799\" data-end=\"2894\">La justificaci\u00f3n de la seguridad debe actualizarse si surgen nuevos datos cient\u00edficos o cambios en el producto.<\/p>\n<\/li>\n<\/ul>\n<h2 data-start=\"3712\" data-end=\"3741\">Qu\u00e9 ofrece nuestro servicio<\/h2>\n<p data-start=\"3743\" data-end=\"3859\">Ofrecemos un servicio completo para preparar tu expediente de justificaci\u00f3n de seguridad conforme a la MoCRA. Nuestros resultados incluyen: <\/p>\n<ul data-start=\"3861\" data-end=\"4361\">\n<li data-start=\"3861\" data-end=\"3919\">\n<p data-start=\"3863\" data-end=\"3919\">Una revisi\u00f3n detallada de tu formulaci\u00f3n y uso previsto<\/p>\n<\/li>\n<li data-start=\"3920\" data-end=\"3993\">\n<p data-start=\"3922\" data-end=\"3993\">Recogida y evaluaci\u00f3n de datos toxicol\u00f3gicos y de seguridad de los ingredientes<\/p>\n<\/li>\n<li data-start=\"3994\" data-end=\"4054\">\n<p data-start=\"3996\" data-end=\"4054\">Modelos de exposici\u00f3n y riesgo adaptados a tu tipo de producto<\/p>\n<\/li>\n<li data-start=\"4055\" data-end=\"4108\">\n<p data-start=\"4057\" data-end=\"4108\">Recomendaciones para cualquier prueba adicional necesaria<\/p>\n<\/li>\n<li data-start=\"4109\" data-end=\"4225\">\n<p data-start=\"4111\" data-end=\"4225\">Preparaci\u00f3n de un <strong data-start=\"4142\" data-end=\"4174\">informe<\/strong> exhaustivo <strong data-start=\"4142\" data-end=\"4174\">de fundamentaci\u00f3n de la seguridad<\/strong> en el que se resuman los fundamentos y las conclusiones en materia de seguridad.<\/p>\n<\/li>\n<li data-start=\"4226\" data-end=\"4296\">\n<p data-start=\"4228\" data-end=\"4296\">Creaci\u00f3n de documentaci\u00f3n lista para la auditor\u00eda, formateada para la inspecci\u00f3n de la FDA<\/p>\n<\/li>\n<\/ul>\n<h2 data-start=\"4363\" data-end=\"4383\">Por qu\u00e9 es importante<\/h2>\n<p data-start=\"4385\" data-end=\"4509\">Una s\u00f3lida justificaci\u00f3n de la seguridad no es s\u00f3lo un requisito legal: es una piedra angular de la credibilidad de la marca y de la confianza del consumidor.<\/p>\n<p data-start=\"4511\" data-end=\"4534\">Documentaci\u00f3n adecuada:<\/p>\n<ul data-start=\"4535\" data-end=\"4776\">\n<li data-start=\"4535\" data-end=\"4595\">\n<p data-start=\"4537\" data-end=\"4595\">Confirma tu cumplimiento de las expectativas de la MoCRA y la FDA<\/p>\n<\/li>\n<li data-start=\"4596\" data-end=\"4649\">\n<p data-start=\"4598\" data-end=\"4649\">Minimiza el riesgo de acci\u00f3n reguladora o retirada del mercado<\/p>\n<\/li>\n<li data-start=\"4650\" data-end=\"4710\">\n<p data-start=\"4652\" data-end=\"4710\">Demuestra el compromiso de tu empresa con la seguridad de los productos<\/p>\n<\/li>\n<li data-start=\"4711\" data-end=\"4776\">\n<p data-start=\"4713\" data-end=\"4776\">Genera confianza entre distribuidores, minoristas y clientes<\/p>\n<\/li>\n<\/ul>\n","protected":false},"excerpt":{"rendered":"<p>En virtud de la Ley de Modernizaci\u00f3n de la Regulaci\u00f3n de los Cosm\u00e9ticos (MoCRA), todo producto cosm\u00e9tico comercializado en Estados Unidos debe tener una justificaci\u00f3n de seguridad adecuada, lo que significa que el fabricante o la persona responsable deben mantener registros y pruebas que demuestren que el producto es seguro para el uso previsto. La&#8230;<\/p>\n","protected":false},"featured_media":13858,"template":"","meta":[],"product_brand":[],"product_cat":[1591],"product_tag":[],"class_list":{"0":"post-14207","1":"product","2":"type-product","3":"status-publish","4":"has-post-thumbnail","6":"product_cat-sustentacion-de-la-seguridad-cosmetica","8":"first","9":"instock","10":"taxable","11":"shipping-taxable","12":"purchasable","13":"product-type-variable","14":"has-default-attributes"},"bundled_by":["15045"],"bundle_stock_status":"instock","bundle_stock_quantity":null,"bundle_virtual":false,"bundle_layout":"","bundle_add_to_cart_form_location":"","bundle_editable_in_cart":false,"bundle_sold_individually_context":"","bundle_item_grouping":"","bundle_min_size":"","bundle_max_size":"","bundle_price":[],"bundled_items":[],"bundle_sell_ids":[],"yoast_head":"<!-- This site is optimized with the Yoast SEO Premium plugin v25.4 (Yoast SEO v25.4) - https:\/\/yoast.com\/wordpress\/plugins\/seo\/ -->\n<title>MoCRA Sustentaci\u00f3n de la Seguridad Cosm\u00e9tica - Certified Cosmetics<\/title>\n<meta name=\"description\" content=\"En virtud de la Ley de Modernizaci\u00f3n de la Regulaci\u00f3n de los Cosm\u00e9ticos (MoCRA), todo producto cosm\u00e9tico comercializado en Estados Unidos debe tener una justificaci\u00f3n de seguridad adecuada, lo que significa que el fabricante o la persona responsable deben mantener registros y pruebas que demuestren que el producto es seguro para el uso previsto.\" \/>\n<meta name=\"robots\" content=\"index, follow, max-snippet:-1, max-image-preview:large, max-video-preview:-1\" \/>\n<link rel=\"canonical\" href=\"https:\/\/www.certifiedcosmetics.com\/es\/product\/sustentacion-de-la-seguridad-cosmetica\/mocra-sustentacion-de-la-seguridad-cosmetica\/\" \/>\n<meta property=\"og:locale\" content=\"es_ES\" \/>\n<meta property=\"og:type\" content=\"article\" \/>\n<meta property=\"og:title\" content=\"MoCRA Sustentaci\u00f3n de la Seguridad Cosm\u00e9tica\" \/>\n<meta property=\"og:description\" content=\"En virtud de la Ley de Modernizaci\u00f3n de la Regulaci\u00f3n de los Cosm\u00e9ticos (MoCRA), todo producto cosm\u00e9tico comercializado en Estados Unidos debe tener una justificaci\u00f3n de seguridad adecuada, lo que significa que el fabricante o la persona responsable deben mantener registros y pruebas que demuestren que el producto es seguro para el uso previsto.\" \/>\n<meta property=\"og:url\" content=\"https:\/\/www.certifiedcosmetics.com\/es\/product\/sustentacion-de-la-seguridad-cosmetica\/mocra-sustentacion-de-la-seguridad-cosmetica\/\" \/>\n<meta property=\"og:site_name\" content=\"Certified Cosmetics\" \/>\n<meta property=\"og:image\" content=\"https:\/\/www.certifiedcosmetics.com\/wp-content\/uploads\/2025\/10\/safety.png\" \/>\n\t<meta property=\"og:image:width\" content=\"1024\" \/>\n\t<meta property=\"og:image:height\" content=\"1024\" \/>\n\t<meta property=\"og:image:type\" content=\"image\/png\" \/>\n<meta name=\"twitter:card\" content=\"summary_large_image\" \/>\n<meta name=\"twitter:label1\" content=\"Disponibilidad\" \/>\n\t<meta name=\"twitter:data1\" content=\"Disponible\" \/>\n<script type=\"application\/ld+json\" class=\"yoast-schema-graph\">{\"@context\":\"https:\/\/schema.org\",\"@graph\":[{\"@type\":\"WebPage\",\"@id\":\"https:\/\/www.certifiedcosmetics.com\/es\/product\/sustentacion-de-la-seguridad-cosmetica\/mocra-sustentacion-de-la-seguridad-cosmetica\/\",\"url\":\"https:\/\/www.certifiedcosmetics.com\/es\/product\/sustentacion-de-la-seguridad-cosmetica\/mocra-sustentacion-de-la-seguridad-cosmetica\/\",\"name\":\"MoCRA Sustentaci\u00f3n de la Seguridad Cosm\u00e9tica - Certified Cosmetics\",\"isPartOf\":{\"@id\":\"https:\/\/www.certifiedcosmetics.com\/es\/#website\"},\"primaryImageOfPage\":{\"@id\":\"https:\/\/www.certifiedcosmetics.com\/es\/product\/sustentacion-de-la-seguridad-cosmetica\/mocra-sustentacion-de-la-seguridad-cosmetica\/#primaryimage\"},\"image\":{\"@id\":\"https:\/\/www.certifiedcosmetics.com\/es\/product\/sustentacion-de-la-seguridad-cosmetica\/mocra-sustentacion-de-la-seguridad-cosmetica\/#primaryimage\"},\"thumbnailUrl\":\"https:\/\/www.certifiedcosmetics.com\/wp-content\/uploads\/2025\/10\/safety.png\",\"datePublished\":\"2025-10-16T13:13:35+00:00\",\"description\":\"En virtud de la Ley de Modernizaci\u00f3n de la Regulaci\u00f3n de los Cosm\u00e9ticos (MoCRA), todo producto cosm\u00e9tico comercializado en Estados Unidos debe tener una justificaci\u00f3n de seguridad adecuada, lo que significa que el fabricante o la persona responsable deben mantener registros y pruebas que demuestren que el producto es seguro para el uso previsto.\",\"breadcrumb\":{\"@id\":\"https:\/\/www.certifiedcosmetics.com\/es\/product\/sustentacion-de-la-seguridad-cosmetica\/mocra-sustentacion-de-la-seguridad-cosmetica\/#breadcrumb\"},\"inLanguage\":\"es\",\"potentialAction\":[{\"@type\":\"ReadAction\",\"target\":[\"https:\/\/www.certifiedcosmetics.com\/es\/product\/sustentacion-de-la-seguridad-cosmetica\/mocra-sustentacion-de-la-seguridad-cosmetica\/\"]}]},{\"@type\":\"ImageObject\",\"inLanguage\":\"es\",\"@id\":\"https:\/\/www.certifiedcosmetics.com\/es\/product\/sustentacion-de-la-seguridad-cosmetica\/mocra-sustentacion-de-la-seguridad-cosmetica\/#primaryimage\",\"url\":\"https:\/\/www.certifiedcosmetics.com\/wp-content\/uploads\/2025\/10\/safety.png\",\"contentUrl\":\"https:\/\/www.certifiedcosmetics.com\/wp-content\/uploads\/2025\/10\/safety.png\",\"width\":1024,\"height\":1024},{\"@type\":\"BreadcrumbList\",\"@id\":\"https:\/\/www.certifiedcosmetics.com\/es\/product\/sustentacion-de-la-seguridad-cosmetica\/mocra-sustentacion-de-la-seguridad-cosmetica\/#breadcrumb\",\"itemListElement\":[{\"@type\":\"ListItem\",\"position\":1,\"name\":\"Home\",\"item\":\"https:\/\/www.certifiedcosmetics.com\/es\/\"},{\"@type\":\"ListItem\",\"position\":2,\"name\":\"Tienda\",\"item\":\"https:\/\/www.certifiedcosmetics.com\/es\/tienda\/\"},{\"@type\":\"ListItem\",\"position\":3,\"name\":\"MoCRA Sustentaci\u00f3n de la Seguridad Cosm\u00e9tica\"}]},{\"@type\":\"WebSite\",\"@id\":\"https:\/\/www.certifiedcosmetics.com\/es\/#website\",\"url\":\"https:\/\/www.certifiedcosmetics.com\/es\/\",\"name\":\"Certified Cosmetics\",\"description\":\"Cosmetic Testing\",\"publisher\":{\"@id\":\"https:\/\/www.certifiedcosmetics.com\/es\/#organization\"},\"potentialAction\":[{\"@type\":\"SearchAction\",\"target\":{\"@type\":\"EntryPoint\",\"urlTemplate\":\"https:\/\/www.certifiedcosmetics.com\/es\/?s={search_term_string}\"},\"query-input\":{\"@type\":\"PropertyValueSpecification\",\"valueRequired\":true,\"valueName\":\"search_term_string\"}}],\"inLanguage\":\"es\"},{\"@type\":\"Organization\",\"@id\":\"https:\/\/www.certifiedcosmetics.com\/es\/#organization\",\"name\":\"Certified Cosmetics\",\"url\":\"https:\/\/www.certifiedcosmetics.com\/es\/\",\"logo\":{\"@type\":\"ImageObject\",\"inLanguage\":\"es\",\"@id\":\"https:\/\/www.certifiedcosmetics.com\/es\/#\/schema\/logo\/image\/\",\"url\":\"https:\/\/www.certifiedcosmetics.com\/wp-content\/uploads\/2024\/12\/logo_certified_cosmetics696.jpg\",\"contentUrl\":\"https:\/\/www.certifiedcosmetics.com\/wp-content\/uploads\/2024\/12\/logo_certified_cosmetics696.jpg\",\"width\":696,\"height\":696,\"caption\":\"Certified Cosmetics\"},\"image\":{\"@id\":\"https:\/\/www.certifiedcosmetics.com\/es\/#\/schema\/logo\/image\/\"},\"description\":\"Your trusted partner for cosmetic product safety reporting. We take care of updating all of your documentation, ensuring your compliance stays current even as regulations evolve. The Cosmetic Product Safety Assessment will give you everything you need to sell specific products to EU consumers.\",\"email\":\"contact@certifiedcosmetics.com\",\"telephone\":\"+31 36 2036384\",\"legalName\":\"Certified Cosmetics\",\"foundingDate\":\"2010-01-01\",\"vatID\":\"NL854189543B01\",\"numberOfEmployees\":{\"@type\":\"QuantitativeValue\",\"minValue\":\"11\",\"maxValue\":\"50\"}}]}<\/script>\n<meta property=\"og:availability\" content=\"instock\" \/>\n<meta property=\"product:availability\" content=\"instock\" \/>\n<meta property=\"product:condition\" content=\"new\" \/>\n<!-- \/ Yoast SEO Premium plugin. -->","yoast_head_json":{"title":"MoCRA Sustentaci\u00f3n de la Seguridad Cosm\u00e9tica - Certified Cosmetics","description":"En virtud de la Ley de Modernizaci\u00f3n de la Regulaci\u00f3n de los Cosm\u00e9ticos (MoCRA), todo producto cosm\u00e9tico comercializado en Estados Unidos debe tener una justificaci\u00f3n de seguridad adecuada, lo que significa que el fabricante o la persona responsable deben mantener registros y pruebas que demuestren que el producto es seguro para el uso previsto.","robots":{"index":"index","follow":"follow","max-snippet":"max-snippet:-1","max-image-preview":"max-image-preview:large","max-video-preview":"max-video-preview:-1"},"canonical":"https:\/\/www.certifiedcosmetics.com\/es\/product\/sustentacion-de-la-seguridad-cosmetica\/mocra-sustentacion-de-la-seguridad-cosmetica\/","og_locale":"es_ES","og_type":"article","og_title":"MoCRA Sustentaci\u00f3n de la Seguridad Cosm\u00e9tica","og_description":"En virtud de la Ley de Modernizaci\u00f3n de la Regulaci\u00f3n de los Cosm\u00e9ticos (MoCRA), todo producto cosm\u00e9tico comercializado en Estados Unidos debe tener una justificaci\u00f3n de seguridad adecuada, lo que significa que el fabricante o la persona responsable deben mantener registros y pruebas que demuestren que el producto es seguro para el uso previsto.","og_url":"https:\/\/www.certifiedcosmetics.com\/es\/product\/sustentacion-de-la-seguridad-cosmetica\/mocra-sustentacion-de-la-seguridad-cosmetica\/","og_site_name":"Certified Cosmetics","og_image":[{"width":1024,"height":1024,"url":"https:\/\/www.certifiedcosmetics.com\/wp-content\/uploads\/2025\/10\/safety.png","type":"image\/png"}],"twitter_card":"summary_large_image","twitter_misc":{"Disponibilidad":"Disponible"},"schema":{"@context":"https:\/\/schema.org","@graph":[{"@type":"WebPage","@id":"https:\/\/www.certifiedcosmetics.com\/es\/product\/sustentacion-de-la-seguridad-cosmetica\/mocra-sustentacion-de-la-seguridad-cosmetica\/","url":"https:\/\/www.certifiedcosmetics.com\/es\/product\/sustentacion-de-la-seguridad-cosmetica\/mocra-sustentacion-de-la-seguridad-cosmetica\/","name":"MoCRA Sustentaci\u00f3n de la Seguridad Cosm\u00e9tica - Certified Cosmetics","isPartOf":{"@id":"https:\/\/www.certifiedcosmetics.com\/es\/#website"},"primaryImageOfPage":{"@id":"https:\/\/www.certifiedcosmetics.com\/es\/product\/sustentacion-de-la-seguridad-cosmetica\/mocra-sustentacion-de-la-seguridad-cosmetica\/#primaryimage"},"image":{"@id":"https:\/\/www.certifiedcosmetics.com\/es\/product\/sustentacion-de-la-seguridad-cosmetica\/mocra-sustentacion-de-la-seguridad-cosmetica\/#primaryimage"},"thumbnailUrl":"https:\/\/www.certifiedcosmetics.com\/wp-content\/uploads\/2025\/10\/safety.png","datePublished":"2025-10-16T13:13:35+00:00","description":"En virtud de la Ley de Modernizaci\u00f3n de la Regulaci\u00f3n de los Cosm\u00e9ticos (MoCRA), todo producto cosm\u00e9tico comercializado en Estados Unidos debe tener una justificaci\u00f3n de seguridad adecuada, lo que significa que el fabricante o la persona responsable deben mantener registros y pruebas que demuestren que el producto es seguro para el uso previsto.","breadcrumb":{"@id":"https:\/\/www.certifiedcosmetics.com\/es\/product\/sustentacion-de-la-seguridad-cosmetica\/mocra-sustentacion-de-la-seguridad-cosmetica\/#breadcrumb"},"inLanguage":"es","potentialAction":[{"@type":"ReadAction","target":["https:\/\/www.certifiedcosmetics.com\/es\/product\/sustentacion-de-la-seguridad-cosmetica\/mocra-sustentacion-de-la-seguridad-cosmetica\/"]}]},{"@type":"ImageObject","inLanguage":"es","@id":"https:\/\/www.certifiedcosmetics.com\/es\/product\/sustentacion-de-la-seguridad-cosmetica\/mocra-sustentacion-de-la-seguridad-cosmetica\/#primaryimage","url":"https:\/\/www.certifiedcosmetics.com\/wp-content\/uploads\/2025\/10\/safety.png","contentUrl":"https:\/\/www.certifiedcosmetics.com\/wp-content\/uploads\/2025\/10\/safety.png","width":1024,"height":1024},{"@type":"BreadcrumbList","@id":"https:\/\/www.certifiedcosmetics.com\/es\/product\/sustentacion-de-la-seguridad-cosmetica\/mocra-sustentacion-de-la-seguridad-cosmetica\/#breadcrumb","itemListElement":[{"@type":"ListItem","position":1,"name":"Home","item":"https:\/\/www.certifiedcosmetics.com\/es\/"},{"@type":"ListItem","position":2,"name":"Tienda","item":"https:\/\/www.certifiedcosmetics.com\/es\/tienda\/"},{"@type":"ListItem","position":3,"name":"MoCRA Sustentaci\u00f3n de la Seguridad Cosm\u00e9tica"}]},{"@type":"WebSite","@id":"https:\/\/www.certifiedcosmetics.com\/es\/#website","url":"https:\/\/www.certifiedcosmetics.com\/es\/","name":"Certified Cosmetics","description":"Cosmetic Testing","publisher":{"@id":"https:\/\/www.certifiedcosmetics.com\/es\/#organization"},"potentialAction":[{"@type":"SearchAction","target":{"@type":"EntryPoint","urlTemplate":"https:\/\/www.certifiedcosmetics.com\/es\/?s={search_term_string}"},"query-input":{"@type":"PropertyValueSpecification","valueRequired":true,"valueName":"search_term_string"}}],"inLanguage":"es"},{"@type":"Organization","@id":"https:\/\/www.certifiedcosmetics.com\/es\/#organization","name":"Certified Cosmetics","url":"https:\/\/www.certifiedcosmetics.com\/es\/","logo":{"@type":"ImageObject","inLanguage":"es","@id":"https:\/\/www.certifiedcosmetics.com\/es\/#\/schema\/logo\/image\/","url":"https:\/\/www.certifiedcosmetics.com\/wp-content\/uploads\/2024\/12\/logo_certified_cosmetics696.jpg","contentUrl":"https:\/\/www.certifiedcosmetics.com\/wp-content\/uploads\/2024\/12\/logo_certified_cosmetics696.jpg","width":696,"height":696,"caption":"Certified Cosmetics"},"image":{"@id":"https:\/\/www.certifiedcosmetics.com\/es\/#\/schema\/logo\/image\/"},"description":"Your trusted partner for cosmetic product safety reporting. We take care of updating all of your documentation, ensuring your compliance stays current even as regulations evolve. The Cosmetic Product Safety Assessment will give you everything you need to sell specific products to EU consumers.","email":"contact@certifiedcosmetics.com","telephone":"+31 36 2036384","legalName":"Certified Cosmetics","foundingDate":"2010-01-01","vatID":"NL854189543B01","numberOfEmployees":{"@type":"QuantitativeValue","minValue":"11","maxValue":"50"}}]},"og_availability":"instock","product_availability":"instock","product_condition":"new"},"_links":{"self":[{"href":"https:\/\/www.certifiedcosmetics.com\/es\/wp-json\/wp\/v2\/product\/14207","targetHints":{"allow":["GET"]}}],"collection":[{"href":"https:\/\/www.certifiedcosmetics.com\/es\/wp-json\/wp\/v2\/product"}],"about":[{"href":"https:\/\/www.certifiedcosmetics.com\/es\/wp-json\/wp\/v2\/types\/product"}],"wp:featuredmedia":[{"embeddable":true,"href":"https:\/\/www.certifiedcosmetics.com\/es\/wp-json\/wp\/v2\/media\/13858"}],"wp:attachment":[{"href":"https:\/\/www.certifiedcosmetics.com\/es\/wp-json\/wp\/v2\/media?parent=14207"}],"wp:term":[{"taxonomy":"product_brand","embeddable":true,"href":"https:\/\/www.certifiedcosmetics.com\/es\/wp-json\/wp\/v2\/product_brand?post=14207"},{"taxonomy":"product_cat","embeddable":true,"href":"https:\/\/www.certifiedcosmetics.com\/es\/wp-json\/wp\/v2\/product_cat?post=14207"},{"taxonomy":"product_tag","embeddable":true,"href":"https:\/\/www.certifiedcosmetics.com\/es\/wp-json\/wp\/v2\/product_tag?post=14207"}],"curies":[{"name":"wp","href":"https:\/\/api.w.org\/{rel}","templated":true}]}}