{"id":14196,"date":"2025-10-22T12:48:54","date_gmt":"2025-10-22T11:48:54","guid":{"rendered":"https:\/\/www.certifiedcosmetics.com\/product\/uncategorized\/deteccion-de-opc\/"},"modified":"2025-10-22T12:48:54","modified_gmt":"2025-10-22T11:48:54","slug":"deteccion-de-opc","status":"publish","type":"product","link":"https:\/\/www.certifiedcosmetics.com\/es\/product\/verificacion-de-declaraciones-y-pruebas-de-ingredientes\/deteccion-de-opc\/","title":{"rendered":"Detecci\u00f3n de OPC"},"content":{"rendered":"<p data-start=\"0\" data-end=\"294\">La <strong>prueba de laboratorio de detecci\u00f3n de TPO<\/strong> para productos de u\u00f1as es un procedimiento anal\u00edtico especializado que se utiliza para identificar y cuantificar <strong data-start=\"124\" data-end=\"174\">el \u00f3xido de trimetilbenzoil difenilfosfina (TPO)<\/strong>, un fotoiniciador que se utilizaba mucho en los geles y recubrimientos de u\u00f1as curables con UV para iniciar el proceso de polimerizaci\u00f3n.<\/p>\n<h2 data-start=\"296\" data-end=\"321\">Objetivo de la prueba<\/h2>\n<p data-start=\"322\" data-end=\"767\">El objetivo de esta prueba es verificar si los productos para u\u00f1as contienen <strong data-start=\"390\" data-end=\"397\">TPO<\/strong>, <strong data-start=\"408\" data-end=\"483\">cuyo uso en cosm\u00e9ticos y productos para u\u00f1as est\u00e1 prohibido en la Uni\u00f3n Europea<\/strong> en virtud <strong data-start=\"490\" data-end=\"546\">del anexo II del Reglamento (CE) n\u00ba 1223\/2009 de la UE sobre cosm\u00e9ticos<\/strong>. A pesar de su anterior popularidad por su eficacia en el curado UV, la TPO se ha prohibido por motivos de seguridad, por lo que su detecci\u00f3n es crucial para el cumplimiento de la normativa, el control de las importaciones y la validaci\u00f3n de la seguridad de los productos. <\/p>\n<h2 data-start=\"769\" data-end=\"805\">Por qu\u00e9 es importante la detecci\u00f3n de OPC<\/h2>\n<ul data-start=\"806\" data-end=\"1457\">\n<li data-start=\"806\" data-end=\"976\">\n<p data-start=\"808\" data-end=\"976\"><strong data-start=\"808\" data-end=\"834\">Cumplimiento de la normativa:<\/strong> Dado que la TPO est\u00e1 prohibida en la UE, la prueba confirma que las f\u00f3rmulas cosm\u00e9ticas y de u\u00f1as no contienen ning\u00fan rastro de esta sustancia restringida.<\/p>\n<\/li>\n<li data-start=\"977\" data-end=\"1193\">\n<p data-start=\"979\" data-end=\"1193\"><strong data-start=\"979\" data-end=\"1000\">Garant\u00eda de seguridad:<\/strong> La TPO se ha asociado a una posible <strong data-start=\"1040\" data-end=\"1062\">sensibilizaci\u00f3n cut\u00e1nea<\/strong>, <strong data-start=\"1064\" data-end=\"1091\">reacciones fotoal\u00e9rgicas<\/strong> y <strong data-start=\"1097\" data-end=\"1123\">problemas toxicol\u00f3gicos<\/strong>, sobre todo con la exposici\u00f3n repetida durante el curado UV de las u\u00f1as de gel.<\/p>\n<\/li>\n<li data-start=\"1194\" data-end=\"1313\">\n<p data-start=\"1196\" data-end=\"1313\"><strong data-start=\"1196\" data-end=\"1216\">Aprobaci\u00f3n del mercado:<\/strong> Los productos que contengan TPO no pueden venderse ni distribuirse legalmente en los mercados de la UE y el EEE.<\/p>\n<\/li>\n<li data-start=\"1314\" data-end=\"1457\">\n<p data-start=\"1316\" data-end=\"1457\"><strong data-start=\"1316\" data-end=\"1342\">Calidad e integridad:<\/strong> Detectar y eliminar sustancias prohibidas como el TPO garantiza la transparencia de la fabricaci\u00f3n y la protecci\u00f3n del consumidor.<\/p>\n<\/li>\n<\/ul>\n<h2 data-start=\"1459\" data-end=\"1476\">Metodolog\u00eda<\/h2>\n<p data-start=\"1477\" data-end=\"1630\">La prueba de detecci\u00f3n de TPO se realiza mediante <strong data-start=\"1519\" data-end=\"1553\">t\u00e9cnicas anal\u00edticas avanzadas<\/strong> capaces de identificar incluso niveles traza de TPO en los productos acabados para u\u00f1as:<\/p>\n<ul data-start=\"1631\" data-end=\"1803\">\n<li data-start=\"1631\" data-end=\"1684\">\n<p data-start=\"1633\" data-end=\"1684\"><strong data-start=\"1633\" data-end=\"1682\">Cromatograf\u00eda l\u00edquida de alto rendimiento (HPLC)<\/strong><\/p>\n<\/li>\n<li data-start=\"1685\" data-end=\"1737\">\n<p data-start=\"1687\" data-end=\"1737\"><strong data-start=\"1687\" data-end=\"1735\">Cromatograf\u00eda de Gases-Espectrometr\u00eda de Masas (GC-MS)<\/strong><\/p>\n<\/li>\n<li data-start=\"1738\" data-end=\"1803\">\n<p data-start=\"1740\" data-end=\"1803\"><strong data-start=\"1740\" data-end=\"1801\">Cromatograf\u00eda l\u00edquida-espectrometr\u00eda de masas en t\u00e1ndem (LC-MS\/MS)<\/strong><\/p>\n<\/li>\n<\/ul>\n<p data-start=\"1805\" data-end=\"1942\">Estos m\u00e9todos permiten a los laboratorios detectar y cuantificar la TPO con gran precisi\u00f3n, garantizando el cumplimiento de las normas de seguridad de los cosm\u00e9ticos de la UE.<\/p>\n<h2 data-start=\"1944\" data-end=\"1964\">Procedimiento de prueba<\/h2>\n<ol data-start=\"1965\" data-end=\"2454\">\n<li data-start=\"1965\" data-end=\"2061\">\n<p data-start=\"1968\" data-end=\"2061\">Se recoge una muestra representativa del producto para u\u00f1as (esmalte de gel, top coat o gel de extensi\u00f3n).<\/p>\n<\/li>\n<li data-start=\"2062\" data-end=\"2148\">\n<p data-start=\"2065\" data-end=\"2148\">La muestra se somete a una extracci\u00f3n con disolvente para aislar los posibles fotoiniciadores.<\/p>\n<\/li>\n<li data-start=\"2149\" data-end=\"2260\">\n<p data-start=\"2152\" data-end=\"2260\">El extracto se analiza mediante cromatograf\u00eda y espectrometr\u00eda de masas para identificar la TPO y las sustancias relacionadas.<\/p>\n<\/li>\n<li data-start=\"2261\" data-end=\"2353\">\n<p data-start=\"2264\" data-end=\"2353\">Los compuestos detectados se comparan con patrones de referencia certificados para su confirmaci\u00f3n.<\/p>\n<\/li>\n<li data-start=\"2354\" data-end=\"2454\">\n<p data-start=\"2357\" data-end=\"2454\">El informe final incluye la concentraci\u00f3n medida (si la hay) y una declaraci\u00f3n de conformidad clara.<\/p>\n<\/li>\n<\/ol>\n<h2 data-start=\"2456\" data-end=\"2481\">Resultados e informes<\/h2>\n<p data-start=\"2482\" data-end=\"2521\">Los informes de laboratorio suelen incluir:<\/p>\n<ul data-start=\"2522\" data-end=\"2847\">\n<li data-start=\"2522\" data-end=\"2606\">\n<p data-start=\"2524\" data-end=\"2606\">Detecci\u00f3n de TPO y fotoiniciadores relacionados (por ejemplo, BAPO, fotoiniciadores HEMA).<\/p>\n<\/li>\n<li data-start=\"2607\" data-end=\"2658\">\n<p data-start=\"2609\" data-end=\"2658\">Datos de concentraci\u00f3n expresados en mg\/kg o % p\/p.<\/p>\n<\/li>\n<li data-start=\"2659\" data-end=\"2711\">\n<p data-start=\"2661\" data-end=\"2711\">L\u00edmites de detecci\u00f3n del m\u00e9todo y precisi\u00f3n anal\u00edtica.<\/p>\n<\/li>\n<li data-start=\"2712\" data-end=\"2847\">\n<p data-start=\"2714\" data-end=\"2847\">Estado de conformidad seg\u00fan el Reglamento (CE) n\u00ba 1223\/2009 de la UE, que confirma si el producto est\u00e1 libre de fotoiniciadores prohibidos.<\/p>\n<\/li>\n<\/ul>\n<h2 data-start=\"2849\" data-end=\"2875\">Aplicaciones t\u00edpicas<\/h2>\n<ul data-start=\"2876\" data-end=\"3060\">\n<li data-start=\"2876\" data-end=\"2910\">\n<p data-start=\"2878\" data-end=\"2910\">Geles y esmaltes UV\/LED para u\u00f1as<\/p>\n<\/li>\n<li data-start=\"2911\" data-end=\"2934\">\n<p data-start=\"2913\" data-end=\"2934\">Esmaltes de gel h\u00edbridos<\/p>\n<\/li>\n<li data-start=\"2935\" data-end=\"2970\">\n<p data-start=\"2937\" data-end=\"2970\">Geles constructores y alargadores de u\u00f1as<\/p>\n<\/li>\n<li data-start=\"2971\" data-end=\"3005\">\n<p data-start=\"2973\" data-end=\"3005\">Imprimaci\u00f3n y agentes adhesivos para u\u00f1as<\/p>\n<\/li>\n<li data-start=\"3006\" data-end=\"3060\">\n<p data-start=\"3008\" data-end=\"3060\">Verificaci\u00f3n de ingredientes para proveedores de materias primas<\/p>\n<\/li>\n<\/ul>\n<h2 data-start=\"3062\" data-end=\"3089\">Por qu\u00e9 es importante esta prueba<\/h2>\n<p data-start=\"3090\" data-end=\"3469\">Dado que <strong data-start=\"3096\" data-end=\"3146\">la TPO est\u00e1 expl\u00edcitamente prohibida en la Uni\u00f3n Europea<\/strong>, los fabricantes, distribuidores e importadores deben asegurarse de que sus productos para u\u00f1as est\u00e1n <strong data-start=\"3227\" data-end=\"3253\">completamente libres de TPO<\/strong> para poder comercializarlos legalmente. La prueba de laboratorio de detecci\u00f3n de TPO proporciona una prueba fiable y con base cient\u00edfica del cumplimiento y ayuda a evitar costosas retiradas de productos, retenciones aduaneras y problemas de seguridad de los consumidores. <\/p>\n<p data-start=\"3471\" data-end=\"3805\" data-is-last-node=\"\" data-is-only-node=\"\">Las pruebas de sustancias prohibidas como la TPO son una parte esencial de la <strong data-start=\"3534\" data-end=\"3564\">evaluaci\u00f3n de la seguridad de los cosm\u00e9ticos<\/strong>, la documentaci\u00f3n <strong data-start=\"3566\" data-end=\"3600\">del PIF (Expediente de Informaci\u00f3n del Producto)<\/strong> y la <strong data-start=\"3620\" data-end=\"3658\">Verificaci\u00f3n del Cumplimiento Normativo<\/strong> seg\u00fan la legislaci\u00f3n de la UE. Demuestra la diligencia debida y el compromiso con la seguridad, garantizando que los productos para las u\u00f1as cumplen las normas reguladoras europeas m\u00e1s estrictas. <\/p>\n","protected":false},"excerpt":{"rendered":"<p>La prueba de laboratorio de detecci\u00f3n de TPO para productos de u\u00f1as es un procedimiento anal\u00edtico especializado que se utiliza para identificar y cuantificar el \u00f3xido de trimetilbenzoil difenilfosfina (TPO), un fotoiniciador que se utilizaba mucho en los geles y recubrimientos de u\u00f1as curables con UV para iniciar el proceso de polimerizaci\u00f3n. Objetivo de la&#8230;<\/p>\n","protected":false},"featured_media":14192,"template":"","meta":[],"product_brand":[],"product_cat":[439],"product_tag":[],"class_list":{"0":"post-14196","1":"product","2":"type-product","3":"status-publish","4":"has-post-thumbnail","6":"product_cat-verificacion-de-declaraciones-y-pruebas-de-ingredientes","8":"first","9":"instock","10":"virtual","11":"taxable","12":"purchasable","13":"product-type-simple"},"bundled_by":[],"bundle_stock_status":"instock","bundle_stock_quantity":null,"bundle_virtual":false,"bundle_layout":"","bundle_add_to_cart_form_location":"","bundle_editable_in_cart":false,"bundle_sold_individually_context":"","bundle_item_grouping":"","bundle_min_size":"","bundle_max_size":"","bundle_price":[],"bundled_items":[],"bundle_sell_ids":[],"yoast_head":"<!-- This site is optimized with the Yoast SEO Premium plugin v25.4 (Yoast SEO v25.4) - https:\/\/yoast.com\/wordpress\/plugins\/seo\/ -->\n<title>Detecci\u00f3n de OPC - Certified Cosmetics<\/title>\n<meta name=\"description\" content=\"La prueba de laboratorio de detecci\u00f3n de TPO para productos para las u\u00f1as es un procedimiento anal\u00edtico especializado utilizado para identificar y cuantificar el \u00f3xido de trimetilbenzoil difenilfosfina (TPO)\" \/>\n<meta name=\"robots\" content=\"index, follow, max-snippet:-1, max-image-preview:large, max-video-preview:-1\" \/>\n<link rel=\"canonical\" href=\"https:\/\/www.certifiedcosmetics.com\/es\/product\/verificacion-de-declaraciones-y-pruebas-de-ingredientes\/deteccion-de-opc\/\" \/>\n<meta property=\"og:locale\" content=\"es_ES\" \/>\n<meta property=\"og:type\" content=\"article\" \/>\n<meta property=\"og:title\" content=\"Detecci\u00f3n de OPC\" \/>\n<meta property=\"og:description\" content=\"La prueba de laboratorio de detecci\u00f3n de TPO para productos para las u\u00f1as es un procedimiento anal\u00edtico especializado utilizado para identificar y cuantificar el \u00f3xido de trimetilbenzoil difenilfosfina (TPO)\" \/>\n<meta property=\"og:url\" content=\"https:\/\/www.certifiedcosmetics.com\/es\/product\/verificacion-de-declaraciones-y-pruebas-de-ingredientes\/deteccion-de-opc\/\" \/>\n<meta property=\"og:site_name\" content=\"Certified Cosmetics\" \/>\n<meta name=\"twitter:card\" content=\"summary_large_image\" \/>\n<meta name=\"twitter:label1\" content=\"Precio\" \/>\n\t<meta name=\"twitter:data1\" content=\"&#036;294.23\" \/>\n\t<meta name=\"twitter:label2\" content=\"Disponibilidad\" \/>\n\t<meta name=\"twitter:data2\" content=\"Disponible\" \/>\n<script type=\"application\/ld+json\" class=\"yoast-schema-graph\">{\"@context\":\"https:\/\/schema.org\",\"@graph\":[{\"@type\":\"WebPage\",\"@id\":\"https:\/\/www.certifiedcosmetics.com\/es\/product\/verificacion-de-declaraciones-y-pruebas-de-ingredientes\/deteccion-de-opc\/\",\"url\":\"https:\/\/www.certifiedcosmetics.com\/es\/product\/verificacion-de-declaraciones-y-pruebas-de-ingredientes\/deteccion-de-opc\/\",\"name\":\"Detecci\u00f3n de OPC - Certified Cosmetics\",\"isPartOf\":{\"@id\":\"https:\/\/www.certifiedcosmetics.com\/es\/#website\"},\"primaryImageOfPage\":{\"@id\":\"https:\/\/www.certifiedcosmetics.com\/es\/product\/verificacion-de-declaraciones-y-pruebas-de-ingredientes\/deteccion-de-opc\/#primaryimage\"},\"image\":{\"@id\":\"https:\/\/www.certifiedcosmetics.com\/es\/product\/verificacion-de-declaraciones-y-pruebas-de-ingredientes\/deteccion-de-opc\/#primaryimage\"},\"thumbnailUrl\":\"https:\/\/www.certifiedcosmetics.com\/wp-content\/uploads\/2025\/10\/tpo-detection.jpg\",\"datePublished\":\"2025-10-22T11:48:54+00:00\",\"description\":\"La prueba de laboratorio de detecci\u00f3n de TPO para productos para las u\u00f1as es un procedimiento anal\u00edtico especializado utilizado para identificar y cuantificar el \u00f3xido de trimetilbenzoil difenilfosfina (TPO)\",\"breadcrumb\":{\"@id\":\"https:\/\/www.certifiedcosmetics.com\/es\/product\/verificacion-de-declaraciones-y-pruebas-de-ingredientes\/deteccion-de-opc\/#breadcrumb\"},\"inLanguage\":\"es\",\"potentialAction\":[{\"@type\":\"ReadAction\",\"target\":[\"https:\/\/www.certifiedcosmetics.com\/es\/product\/verificacion-de-declaraciones-y-pruebas-de-ingredientes\/deteccion-de-opc\/\"]}]},{\"@type\":\"ImageObject\",\"inLanguage\":\"es\",\"@id\":\"https:\/\/www.certifiedcosmetics.com\/es\/product\/verificacion-de-declaraciones-y-pruebas-de-ingredientes\/deteccion-de-opc\/#primaryimage\",\"url\":\"https:\/\/www.certifiedcosmetics.com\/wp-content\/uploads\/2025\/10\/tpo-detection.jpg\",\"contentUrl\":\"https:\/\/www.certifiedcosmetics.com\/wp-content\/uploads\/2025\/10\/tpo-detection.jpg\",\"width\":800,\"height\":800},{\"@type\":\"BreadcrumbList\",\"@id\":\"https:\/\/www.certifiedcosmetics.com\/es\/product\/verificacion-de-declaraciones-y-pruebas-de-ingredientes\/deteccion-de-opc\/#breadcrumb\",\"itemListElement\":[{\"@type\":\"ListItem\",\"position\":1,\"name\":\"Home\",\"item\":\"https:\/\/www.certifiedcosmetics.com\/es\/\"},{\"@type\":\"ListItem\",\"position\":2,\"name\":\"Tienda\",\"item\":\"https:\/\/www.certifiedcosmetics.com\/es\/tienda\/\"},{\"@type\":\"ListItem\",\"position\":3,\"name\":\"Detecci\u00f3n de OPC\"}]},{\"@type\":\"WebSite\",\"@id\":\"https:\/\/www.certifiedcosmetics.com\/es\/#website\",\"url\":\"https:\/\/www.certifiedcosmetics.com\/es\/\",\"name\":\"Certified Cosmetics\",\"description\":\"Cosmetic Testing\",\"publisher\":{\"@id\":\"https:\/\/www.certifiedcosmetics.com\/es\/#organization\"},\"potentialAction\":[{\"@type\":\"SearchAction\",\"target\":{\"@type\":\"EntryPoint\",\"urlTemplate\":\"https:\/\/www.certifiedcosmetics.com\/es\/?s={search_term_string}\"},\"query-input\":{\"@type\":\"PropertyValueSpecification\",\"valueRequired\":true,\"valueName\":\"search_term_string\"}}],\"inLanguage\":\"es\"},{\"@type\":\"Organization\",\"@id\":\"https:\/\/www.certifiedcosmetics.com\/es\/#organization\",\"name\":\"Certified Cosmetics\",\"url\":\"https:\/\/www.certifiedcosmetics.com\/es\/\",\"logo\":{\"@type\":\"ImageObject\",\"inLanguage\":\"es\",\"@id\":\"https:\/\/www.certifiedcosmetics.com\/es\/#\/schema\/logo\/image\/\",\"url\":\"https:\/\/www.certifiedcosmetics.com\/wp-content\/uploads\/2024\/12\/logo_certified_cosmetics696.jpg\",\"contentUrl\":\"https:\/\/www.certifiedcosmetics.com\/wp-content\/uploads\/2024\/12\/logo_certified_cosmetics696.jpg\",\"width\":696,\"height\":696,\"caption\":\"Certified Cosmetics\"},\"image\":{\"@id\":\"https:\/\/www.certifiedcosmetics.com\/es\/#\/schema\/logo\/image\/\"},\"description\":\"Your trusted partner for cosmetic product safety reporting. We take care of updating all of your documentation, ensuring your compliance stays current even as regulations evolve. The Cosmetic Product Safety Assessment will give you everything you need to sell specific products to EU consumers.\",\"email\":\"contact@certifiedcosmetics.com\",\"telephone\":\"+31 36 2036384\",\"legalName\":\"Certified Cosmetics\",\"foundingDate\":\"2010-01-01\",\"vatID\":\"NL854189543B01\",\"numberOfEmployees\":{\"@type\":\"QuantitativeValue\",\"minValue\":\"11\",\"maxValue\":\"50\"}}]}<\/script>\n<meta property=\"product:price:amount\" content=\"294.23\" \/>\n<meta property=\"product:price:currency\" content=\"USD\" \/>\n<meta property=\"og:availability\" content=\"instock\" \/>\n<meta property=\"product:availability\" content=\"instock\" \/>\n<meta property=\"product:condition\" content=\"new\" \/>\n<!-- \/ Yoast SEO Premium plugin. -->","yoast_head_json":{"title":"Detecci\u00f3n de OPC - Certified Cosmetics","description":"La prueba de laboratorio de detecci\u00f3n de TPO para productos para las u\u00f1as es un procedimiento anal\u00edtico especializado utilizado para identificar y cuantificar el \u00f3xido de trimetilbenzoil difenilfosfina (TPO)","robots":{"index":"index","follow":"follow","max-snippet":"max-snippet:-1","max-image-preview":"max-image-preview:large","max-video-preview":"max-video-preview:-1"},"canonical":"https:\/\/www.certifiedcosmetics.com\/es\/product\/verificacion-de-declaraciones-y-pruebas-de-ingredientes\/deteccion-de-opc\/","og_locale":"es_ES","og_type":"article","og_title":"Detecci\u00f3n de OPC","og_description":"La prueba de laboratorio de detecci\u00f3n de TPO para productos para las u\u00f1as es un procedimiento anal\u00edtico especializado utilizado para identificar y cuantificar el \u00f3xido de trimetilbenzoil difenilfosfina (TPO)","og_url":"https:\/\/www.certifiedcosmetics.com\/es\/product\/verificacion-de-declaraciones-y-pruebas-de-ingredientes\/deteccion-de-opc\/","og_site_name":"Certified Cosmetics","twitter_card":"summary_large_image","twitter_misc":{"Precio":"&#36;294.23","Disponibilidad":"Disponible"},"schema":{"@context":"https:\/\/schema.org","@graph":[{"@type":"WebPage","@id":"https:\/\/www.certifiedcosmetics.com\/es\/product\/verificacion-de-declaraciones-y-pruebas-de-ingredientes\/deteccion-de-opc\/","url":"https:\/\/www.certifiedcosmetics.com\/es\/product\/verificacion-de-declaraciones-y-pruebas-de-ingredientes\/deteccion-de-opc\/","name":"Detecci\u00f3n de OPC - Certified Cosmetics","isPartOf":{"@id":"https:\/\/www.certifiedcosmetics.com\/es\/#website"},"primaryImageOfPage":{"@id":"https:\/\/www.certifiedcosmetics.com\/es\/product\/verificacion-de-declaraciones-y-pruebas-de-ingredientes\/deteccion-de-opc\/#primaryimage"},"image":{"@id":"https:\/\/www.certifiedcosmetics.com\/es\/product\/verificacion-de-declaraciones-y-pruebas-de-ingredientes\/deteccion-de-opc\/#primaryimage"},"thumbnailUrl":"https:\/\/www.certifiedcosmetics.com\/wp-content\/uploads\/2025\/10\/tpo-detection.jpg","datePublished":"2025-10-22T11:48:54+00:00","description":"La prueba de laboratorio de detecci\u00f3n de TPO para productos para las u\u00f1as es un procedimiento anal\u00edtico especializado utilizado para identificar y cuantificar el \u00f3xido de trimetilbenzoil difenilfosfina (TPO)","breadcrumb":{"@id":"https:\/\/www.certifiedcosmetics.com\/es\/product\/verificacion-de-declaraciones-y-pruebas-de-ingredientes\/deteccion-de-opc\/#breadcrumb"},"inLanguage":"es","potentialAction":[{"@type":"ReadAction","target":["https:\/\/www.certifiedcosmetics.com\/es\/product\/verificacion-de-declaraciones-y-pruebas-de-ingredientes\/deteccion-de-opc\/"]}]},{"@type":"ImageObject","inLanguage":"es","@id":"https:\/\/www.certifiedcosmetics.com\/es\/product\/verificacion-de-declaraciones-y-pruebas-de-ingredientes\/deteccion-de-opc\/#primaryimage","url":"https:\/\/www.certifiedcosmetics.com\/wp-content\/uploads\/2025\/10\/tpo-detection.jpg","contentUrl":"https:\/\/www.certifiedcosmetics.com\/wp-content\/uploads\/2025\/10\/tpo-detection.jpg","width":800,"height":800},{"@type":"BreadcrumbList","@id":"https:\/\/www.certifiedcosmetics.com\/es\/product\/verificacion-de-declaraciones-y-pruebas-de-ingredientes\/deteccion-de-opc\/#breadcrumb","itemListElement":[{"@type":"ListItem","position":1,"name":"Home","item":"https:\/\/www.certifiedcosmetics.com\/es\/"},{"@type":"ListItem","position":2,"name":"Tienda","item":"https:\/\/www.certifiedcosmetics.com\/es\/tienda\/"},{"@type":"ListItem","position":3,"name":"Detecci\u00f3n de OPC"}]},{"@type":"WebSite","@id":"https:\/\/www.certifiedcosmetics.com\/es\/#website","url":"https:\/\/www.certifiedcosmetics.com\/es\/","name":"Certified Cosmetics","description":"Cosmetic Testing","publisher":{"@id":"https:\/\/www.certifiedcosmetics.com\/es\/#organization"},"potentialAction":[{"@type":"SearchAction","target":{"@type":"EntryPoint","urlTemplate":"https:\/\/www.certifiedcosmetics.com\/es\/?s={search_term_string}"},"query-input":{"@type":"PropertyValueSpecification","valueRequired":true,"valueName":"search_term_string"}}],"inLanguage":"es"},{"@type":"Organization","@id":"https:\/\/www.certifiedcosmetics.com\/es\/#organization","name":"Certified Cosmetics","url":"https:\/\/www.certifiedcosmetics.com\/es\/","logo":{"@type":"ImageObject","inLanguage":"es","@id":"https:\/\/www.certifiedcosmetics.com\/es\/#\/schema\/logo\/image\/","url":"https:\/\/www.certifiedcosmetics.com\/wp-content\/uploads\/2024\/12\/logo_certified_cosmetics696.jpg","contentUrl":"https:\/\/www.certifiedcosmetics.com\/wp-content\/uploads\/2024\/12\/logo_certified_cosmetics696.jpg","width":696,"height":696,"caption":"Certified Cosmetics"},"image":{"@id":"https:\/\/www.certifiedcosmetics.com\/es\/#\/schema\/logo\/image\/"},"description":"Your trusted partner for cosmetic product safety reporting. We take care of updating all of your documentation, ensuring your compliance stays current even as regulations evolve. The Cosmetic Product Safety Assessment will give you everything you need to sell specific products to EU consumers.","email":"contact@certifiedcosmetics.com","telephone":"+31 36 2036384","legalName":"Certified Cosmetics","foundingDate":"2010-01-01","vatID":"NL854189543B01","numberOfEmployees":{"@type":"QuantitativeValue","minValue":"11","maxValue":"50"}}]},"product_price_amount":"294.23","product_price_currency":"USD","og_availability":"instock","product_availability":"instock","product_condition":"new"},"_links":{"self":[{"href":"https:\/\/www.certifiedcosmetics.com\/es\/wp-json\/wp\/v2\/product\/14196","targetHints":{"allow":["GET"]}}],"collection":[{"href":"https:\/\/www.certifiedcosmetics.com\/es\/wp-json\/wp\/v2\/product"}],"about":[{"href":"https:\/\/www.certifiedcosmetics.com\/es\/wp-json\/wp\/v2\/types\/product"}],"wp:featuredmedia":[{"embeddable":true,"href":"https:\/\/www.certifiedcosmetics.com\/es\/wp-json\/wp\/v2\/media\/14192"}],"wp:attachment":[{"href":"https:\/\/www.certifiedcosmetics.com\/es\/wp-json\/wp\/v2\/media?parent=14196"}],"wp:term":[{"taxonomy":"product_brand","embeddable":true,"href":"https:\/\/www.certifiedcosmetics.com\/es\/wp-json\/wp\/v2\/product_brand?post=14196"},{"taxonomy":"product_cat","embeddable":true,"href":"https:\/\/www.certifiedcosmetics.com\/es\/wp-json\/wp\/v2\/product_cat?post=14196"},{"taxonomy":"product_tag","embeddable":true,"href":"https:\/\/www.certifiedcosmetics.com\/es\/wp-json\/wp\/v2\/product_tag?post=14196"}],"curies":[{"name":"wp","href":"https:\/\/api.w.org\/{rel}","templated":true}]}}