{"id":13159,"date":"2025-08-05T16:41:15","date_gmt":"2025-08-05T15:41:15","guid":{"rendered":"https:\/\/www.certifiedcosmetics.com\/product\/uncategorized\/pruebas-del-factor-de-proteccion-uva-uva-pf\/"},"modified":"2025-10-22T09:34:09","modified_gmt":"2025-10-22T08:34:09","slug":"pruebas-del-factor-de-proteccion-uva-uva-pf","status":"publish","type":"product","link":"https:\/\/www.certifiedcosmetics.com\/es\/product\/pruebas-de-eficacia\/pruebas-cutaneas\/pruebas-del-factor-de-proteccion-uva-uva-pf\/","title":{"rendered":"Pruebas del factor de protecci\u00f3n UVA (UVA-PF)"},"content":{"rendered":"<p data-start=\"281\" data-end=\"887\">Realizamos <strong data-start=\"292\" data-end=\"334\">pruebas del factor de protecci\u00f3n UVA (UVA-PF<\/strong> ) para respaldar el etiquetado preciso y conforme de los productos cosm\u00e9ticos y de protecci\u00f3n solar. Las pruebas de UVA-PF son un paso esencial para verificar la capacidad de un producto de proteger la piel contra <strong data-start=\"511\" data-end=\"528\">la radiaci\u00f3n UVA<\/strong>, que se sabe que causa <strong data-start=\"554\" data-end=\"568\">fotoenvejecimiento<\/strong>, <strong data-start=\"570\" data-end=\"595\">da\u00f1os cut\u00e1neos a largo plazo<\/strong> y contribuye al <strong data-start=\"615\" data-end=\"630\">c\u00e1ncer de piel<\/strong>. A diferencia de los rayos UVB, los rayos UVA penetran m\u00e1s profundamente en la piel y est\u00e1n presentes durante todo el a\u00f1o, independientemente del tiempo o la estaci\u00f3n. Medir la protecci\u00f3n UVA es una parte necesaria para justificar las declaraciones de <strong data-start=\"827\" data-end=\"856\">protecci\u00f3n de amplio espectro<\/strong> en muchos mercados mundiales.  <\/p>\n<h2 data-start=\"894\" data-end=\"935\"><strong data-start=\"898\" data-end=\"935\">Nuestros m\u00e9todos de prueba UVA-PF disponibles<\/strong><\/h2>\n<p data-start=\"937\" data-end=\"1021\">Ofrecemos m\u00faltiples m\u00e9todos de ensayo en funci\u00f3n de tus necesidades normativas o de desarrollo:<\/p>\n<ul data-start=\"1023\" data-end=\"1694\">\n<li data-start=\"1023\" data-end=\"1169\">\n<p data-start=\"1025\" data-end=\"1169\"><strong data-start=\"1025\" data-end=\"1055\">M\u00e9todo propio (in vitro)<\/strong><\/p>\n<\/li>\n<li data-start=\"1170\" data-end=\"1422\">\n<p data-start=\"1172\" data-end=\"1422\"><strong data-start=\"1172\" data-end=\"1190\">ISO 24443:2021<\/strong> &#8211; <strong data-start=\"1196\" data-end=\"1242\">M\u00e9todo in vitro reconocido internacionalmente<\/strong> para determinar la protecci\u00f3n UVA en los productos de protecci\u00f3n solar. Esta prueba est\u00e1 aceptada por los organismos reguladores de la UE y otros mercados mundiales como requisito para el etiquetado de amplio espectro. <\/p>\n<\/li>\n<li data-start=\"1423\" data-end=\"1694\">\n<p data-start=\"1425\" data-end=\"1613\"><strong data-start=\"1425\" data-end=\"1449\">Pruebas de clasificaci\u00f3n PA de la JCIA<\/strong> &#8211; Utilizado ampliamente en Jap\u00f3n y en muchos pa\u00edses asi\u00e1ticos, el <strong data-start=\"1503\" data-end=\"1516\">sistema PA<\/strong> clasifica la protecci\u00f3n UVA utilizando datos de oscurecimiento pigmentario persistente (PPD). Ofrecemos los cuatro niveles PA: <\/p>\n<p data-start=\"1617\" data-end=\"1694\">&#8211; <strong data-start=\"1679\" data-end=\"1694\">Prueba<\/strong> <strong data-start=\"1619\" data-end=\"1631\">PA+<\/strong><br data-start=\"1631\" data-end=\"1634\">&#8211; <strong data-start=\"1638\" data-end=\"1651\">Prueba PA++<\/strong><br data-start=\"1651\" data-end=\"1654\">&#8211; <strong data-start=\"1658\" data-end=\"1672\">Prueba PA+++<\/strong><br data-start=\"1672\" data-end=\"1675\">&#8211; <strong data-start=\"1679\" data-end=\"1694\">Prueba PA++++<\/strong><\/p>\n<\/li>\n<\/ul>\n<p data-start=\"1696\" data-end=\"1883\">Estas pruebas se realizan seg\u00fan las directrices de <strong data-start=\"1739\" data-end=\"1785\">la Asociaci\u00f3n de la Industria Cosm\u00e9tica de Jap\u00f3n (JCIA<\/strong> ) y se utilizan habitualmente para el registro de productos y el etiquetado de los consumidores en los mercados asi\u00e1ticos.<\/p>\n<h2 data-start=\"1890\" data-end=\"1926\"><strong data-start=\"1894\" data-end=\"1926\">Por qu\u00e9 son necesarias las pruebas UVA<\/strong><\/h2>\n<p data-start=\"1928\" data-end=\"2320\">Los consumidores y los organismos reguladores esperan cada vez m\u00e1s un etiquetado transparente y con base cient\u00edfica. Para que los productos de protecci\u00f3n solar se comercialicen con <strong data-start=\"2056\" data-end=\"2081\">declaraciones de protecci\u00f3n UVA<\/strong> o <strong data-start=\"2085\" data-end=\"2110\">etiquetas de amplio espectro<\/strong>, se requieren pruebas de laboratorio que demuestren su eficacia. Los resultados de UVA-PF tambi\u00e9n se utilizan para respaldar las declaraciones de comercializaci\u00f3n, cumplir las normativas nacionales y seleccionar el <strong data-start=\"2292\" data-end=\"2305\">\u00edndice PA<\/strong> adecuado para el envasado.  <\/p>\n<p data-start=\"2322\" data-end=\"2543\">No verificar la protecci\u00f3n contra los rayos UVA puede dar lugar a afirmaciones enga\u00f1osas, reducir la confianza del consumidor y a posibles acciones reguladoras. Nuestros servicios de pruebas ayudan a mitigar esos riesgos proporcionando datos objetivos y con base cient\u00edfica. <\/p>\n<h2 class=\"wp-block-heading\"><strong>\u00bfC\u00f3mo funciona el proceso?<\/strong><\/h2>\n<ol class=\"wp-block-list\" start=\"1\">\n<li><strong>Elecci\u00f3n de la prueba de laboratorio<\/strong>\n<ul class=\"wp-block-list\">\n<li>Adquieres la <strong>prueba de laboratorio<\/strong> a trav\u00e9s de nuestro sitio web.<\/li>\n<\/ul>\n<\/li>\n<li><strong>Acceso al Portal seguro<\/strong>\n<ul class=\"wp-block-list\">\n<li>Tras la compra, obtendr\u00e1s acceso a nuestro portal seguro donde podr\u00e1s completar la ingesta.<\/li>\n<\/ul>\n<\/li>\n<li><strong>Admisi\u00f3n completa<\/strong>\n<ul class=\"wp-block-list\">\n<li>Completa toda la informaci\u00f3n solicitada sobre tu producto y sube la documentaci\u00f3n pertinente.<\/li>\n<\/ul>\n<\/li>\n<li><strong>Enviar muestras<\/strong>\n<ul class=\"wp-block-list\">\n<li>Env\u00eda muestras f\u00edsicas de tu producto a nuestro laboratorio. Cuando programes tu prueba de laboratorio en el portal, el evaluador de seguridad te pedir\u00e1 el n\u00famero de muestras. Depende de tu producto y envase.  <\/li>\n<\/ul>\n<\/li>\n<li><strong>Pruebas de laboratorio<\/strong>\n<ul class=\"wp-block-list\">\n<li>Realizamos las pruebas de laboratorio.<\/li>\n<\/ul>\n<\/li>\n<li><strong>Resultados<\/strong>\n<ul class=\"wp-block-list\">\n<li>En el portal encontrar\u00e1s los resultados de las pruebas de tu producto.<\/li>\n<\/ul>\n<\/li>\n<\/ol>\n","protected":false},"excerpt":{"rendered":"<p>Realizamos pruebas del factor de protecci\u00f3n UVA (UVA-PF ) para respaldar el etiquetado preciso y conforme de los productos cosm\u00e9ticos y de protecci\u00f3n solar. Las pruebas de UVA-PF son un paso esencial para verificar la capacidad de un producto de proteger la piel contra la radiaci\u00f3n UVA, que se sabe que causa fotoenvejecimiento, da\u00f1os cut\u00e1neos&#8230;<\/p>\n","protected":false},"featured_media":12635,"template":"","meta":[],"product_brand":[],"product_cat":[147,135,1443],"product_tag":[],"class_list":{"0":"post-13159","1":"product","2":"type-product","3":"status-publish","4":"has-post-thumbnail","6":"product_cat-pruebas-cutaneas","7":"product_cat-pruebas-de-eficacia","8":"product_cat-pruebas-spf","10":"first","11":"instock","12":"taxable","13":"shipping-taxable","14":"purchasable","15":"product-type-variable","16":"has-default-attributes"},"bundled_by":[],"bundle_stock_status":"instock","bundle_stock_quantity":null,"bundle_virtual":false,"bundle_layout":"","bundle_add_to_cart_form_location":"","bundle_editable_in_cart":false,"bundle_sold_individually_context":"","bundle_item_grouping":"","bundle_min_size":"","bundle_max_size":"","bundle_price":[],"bundled_items":[],"bundle_sell_ids":[],"yoast_head":"<!-- This site is optimized with the Yoast SEO Premium plugin v25.4 (Yoast SEO v25.4) - https:\/\/yoast.com\/wordpress\/plugins\/seo\/ -->\n<title>Pruebas del factor de protecci\u00f3n UVA (UVA-PF) - Certified Cosmetics<\/title>\n<meta name=\"description\" content=\"Realizamos pruebas del factor de protecci\u00f3n UVA (UVA-PF) para respaldar el etiquetado preciso y conforme de los productos cosm\u00e9ticos y de protecci\u00f3n solar.\" \/>\n<meta name=\"robots\" content=\"index, follow, max-snippet:-1, max-image-preview:large, max-video-preview:-1\" \/>\n<link rel=\"canonical\" href=\"https:\/\/www.certifiedcosmetics.com\/es\/product\/pruebas-de-eficacia\/pruebas-cutaneas\/pruebas-del-factor-de-proteccion-uva-uva-pf\/\" \/>\n<meta property=\"og:locale\" content=\"es_ES\" \/>\n<meta property=\"og:type\" content=\"article\" \/>\n<meta property=\"og:title\" content=\"Pruebas del factor de protecci\u00f3n UVA (UVA-PF)\" \/>\n<meta property=\"og:description\" content=\"Realizamos pruebas del factor de protecci\u00f3n UVA (UVA-PF) para respaldar el etiquetado preciso y conforme de los productos cosm\u00e9ticos y de protecci\u00f3n solar.\" \/>\n<meta property=\"og:url\" content=\"https:\/\/www.certifiedcosmetics.com\/es\/product\/pruebas-de-eficacia\/pruebas-cutaneas\/pruebas-del-factor-de-proteccion-uva-uva-pf\/\" \/>\n<meta property=\"og:site_name\" content=\"Certified Cosmetics\" \/>\n<meta property=\"article:modified_time\" content=\"2025-10-22T08:34:09+00:00\" \/>\n<meta property=\"og:image\" content=\"https:\/\/www.certifiedcosmetics.com\/wp-content\/uploads\/2025\/08\/uva-laboratory-test.jpg\" \/>\n\t<meta property=\"og:image:width\" content=\"800\" \/>\n\t<meta property=\"og:image:height\" content=\"800\" \/>\n\t<meta property=\"og:image:type\" content=\"image\/jpeg\" \/>\n<meta name=\"twitter:card\" content=\"summary_large_image\" \/>\n<meta name=\"twitter:label1\" content=\"Disponibilidad\" \/>\n\t<meta name=\"twitter:data1\" content=\"Disponible\" \/>\n<script type=\"application\/ld+json\" class=\"yoast-schema-graph\">{\"@context\":\"https:\/\/schema.org\",\"@graph\":[{\"@type\":\"WebPage\",\"@id\":\"https:\/\/www.certifiedcosmetics.com\/es\/product\/pruebas-de-eficacia\/pruebas-cutaneas\/pruebas-del-factor-de-proteccion-uva-uva-pf\/\",\"url\":\"https:\/\/www.certifiedcosmetics.com\/es\/product\/pruebas-de-eficacia\/pruebas-cutaneas\/pruebas-del-factor-de-proteccion-uva-uva-pf\/\",\"name\":\"Pruebas del factor de protecci\u00f3n UVA (UVA-PF) - Certified Cosmetics\",\"isPartOf\":{\"@id\":\"https:\/\/www.certifiedcosmetics.com\/es\/#website\"},\"primaryImageOfPage\":{\"@id\":\"https:\/\/www.certifiedcosmetics.com\/es\/product\/pruebas-de-eficacia\/pruebas-cutaneas\/pruebas-del-factor-de-proteccion-uva-uva-pf\/#primaryimage\"},\"image\":{\"@id\":\"https:\/\/www.certifiedcosmetics.com\/es\/product\/pruebas-de-eficacia\/pruebas-cutaneas\/pruebas-del-factor-de-proteccion-uva-uva-pf\/#primaryimage\"},\"thumbnailUrl\":\"https:\/\/www.certifiedcosmetics.com\/wp-content\/uploads\/2025\/08\/uva-laboratory-test.jpg\",\"datePublished\":\"2025-08-05T15:41:15+00:00\",\"dateModified\":\"2025-10-22T08:34:09+00:00\",\"description\":\"Realizamos pruebas del factor de protecci\u00f3n UVA (UVA-PF) para respaldar el etiquetado preciso y conforme de los productos cosm\u00e9ticos y de protecci\u00f3n solar.\",\"breadcrumb\":{\"@id\":\"https:\/\/www.certifiedcosmetics.com\/es\/product\/pruebas-de-eficacia\/pruebas-cutaneas\/pruebas-del-factor-de-proteccion-uva-uva-pf\/#breadcrumb\"},\"inLanguage\":\"es\",\"potentialAction\":[{\"@type\":\"ReadAction\",\"target\":[\"https:\/\/www.certifiedcosmetics.com\/es\/product\/pruebas-de-eficacia\/pruebas-cutaneas\/pruebas-del-factor-de-proteccion-uva-uva-pf\/\"]}]},{\"@type\":\"ImageObject\",\"inLanguage\":\"es\",\"@id\":\"https:\/\/www.certifiedcosmetics.com\/es\/product\/pruebas-de-eficacia\/pruebas-cutaneas\/pruebas-del-factor-de-proteccion-uva-uva-pf\/#primaryimage\",\"url\":\"https:\/\/www.certifiedcosmetics.com\/wp-content\/uploads\/2025\/08\/uva-laboratory-test.jpg\",\"contentUrl\":\"https:\/\/www.certifiedcosmetics.com\/wp-content\/uploads\/2025\/08\/uva-laboratory-test.jpg\",\"width\":800,\"height\":800},{\"@type\":\"BreadcrumbList\",\"@id\":\"https:\/\/www.certifiedcosmetics.com\/es\/product\/pruebas-de-eficacia\/pruebas-cutaneas\/pruebas-del-factor-de-proteccion-uva-uva-pf\/#breadcrumb\",\"itemListElement\":[{\"@type\":\"ListItem\",\"position\":1,\"name\":\"Home\",\"item\":\"https:\/\/www.certifiedcosmetics.com\/es\/\"},{\"@type\":\"ListItem\",\"position\":2,\"name\":\"Tienda\",\"item\":\"https:\/\/www.certifiedcosmetics.com\/es\/tienda\/\"},{\"@type\":\"ListItem\",\"position\":3,\"name\":\"Pruebas del factor de protecci\u00f3n UVA (UVA-PF)\"}]},{\"@type\":\"WebSite\",\"@id\":\"https:\/\/www.certifiedcosmetics.com\/es\/#website\",\"url\":\"https:\/\/www.certifiedcosmetics.com\/es\/\",\"name\":\"Certified Cosmetics\",\"description\":\"Cosmetic Testing\",\"publisher\":{\"@id\":\"https:\/\/www.certifiedcosmetics.com\/es\/#organization\"},\"potentialAction\":[{\"@type\":\"SearchAction\",\"target\":{\"@type\":\"EntryPoint\",\"urlTemplate\":\"https:\/\/www.certifiedcosmetics.com\/es\/?s={search_term_string}\"},\"query-input\":{\"@type\":\"PropertyValueSpecification\",\"valueRequired\":true,\"valueName\":\"search_term_string\"}}],\"inLanguage\":\"es\"},{\"@type\":\"Organization\",\"@id\":\"https:\/\/www.certifiedcosmetics.com\/es\/#organization\",\"name\":\"Certified Cosmetics\",\"url\":\"https:\/\/www.certifiedcosmetics.com\/es\/\",\"logo\":{\"@type\":\"ImageObject\",\"inLanguage\":\"es\",\"@id\":\"https:\/\/www.certifiedcosmetics.com\/es\/#\/schema\/logo\/image\/\",\"url\":\"https:\/\/www.certifiedcosmetics.com\/wp-content\/uploads\/2024\/12\/logo_certified_cosmetics696.jpg\",\"contentUrl\":\"https:\/\/www.certifiedcosmetics.com\/wp-content\/uploads\/2024\/12\/logo_certified_cosmetics696.jpg\",\"width\":696,\"height\":696,\"caption\":\"Certified Cosmetics\"},\"image\":{\"@id\":\"https:\/\/www.certifiedcosmetics.com\/es\/#\/schema\/logo\/image\/\"},\"description\":\"Your trusted partner for cosmetic product safety reporting. We take care of updating all of your documentation, ensuring your compliance stays current even as regulations evolve. The Cosmetic Product Safety Assessment will give you everything you need to sell specific products to EU consumers.\",\"email\":\"contact@certifiedcosmetics.com\",\"telephone\":\"+31 36 2036384\",\"legalName\":\"Certified Cosmetics\",\"foundingDate\":\"2010-01-01\",\"vatID\":\"NL854189543B01\",\"numberOfEmployees\":{\"@type\":\"QuantitativeValue\",\"minValue\":\"11\",\"maxValue\":\"50\"}}]}<\/script>\n<meta property=\"og:availability\" content=\"instock\" \/>\n<meta property=\"product:availability\" content=\"instock\" \/>\n<meta property=\"product:condition\" content=\"new\" \/>\n<!-- \/ Yoast SEO Premium plugin. -->","yoast_head_json":{"title":"Pruebas del factor de protecci\u00f3n UVA (UVA-PF) - Certified Cosmetics","description":"Realizamos pruebas del factor de protecci\u00f3n UVA (UVA-PF) para respaldar el etiquetado preciso y conforme de los productos cosm\u00e9ticos y de protecci\u00f3n solar.","robots":{"index":"index","follow":"follow","max-snippet":"max-snippet:-1","max-image-preview":"max-image-preview:large","max-video-preview":"max-video-preview:-1"},"canonical":"https:\/\/www.certifiedcosmetics.com\/es\/product\/pruebas-de-eficacia\/pruebas-cutaneas\/pruebas-del-factor-de-proteccion-uva-uva-pf\/","og_locale":"es_ES","og_type":"article","og_title":"Pruebas del factor de protecci\u00f3n UVA (UVA-PF)","og_description":"Realizamos pruebas del factor de protecci\u00f3n UVA (UVA-PF) para respaldar el etiquetado preciso y conforme de los productos cosm\u00e9ticos y de protecci\u00f3n solar.","og_url":"https:\/\/www.certifiedcosmetics.com\/es\/product\/pruebas-de-eficacia\/pruebas-cutaneas\/pruebas-del-factor-de-proteccion-uva-uva-pf\/","og_site_name":"Certified Cosmetics","article_modified_time":"2025-10-22T08:34:09+00:00","og_image":[{"width":800,"height":800,"url":"https:\/\/www.certifiedcosmetics.com\/wp-content\/uploads\/2025\/08\/uva-laboratory-test.jpg","type":"image\/jpeg"}],"twitter_card":"summary_large_image","twitter_misc":{"Disponibilidad":"Disponible"},"schema":{"@context":"https:\/\/schema.org","@graph":[{"@type":"WebPage","@id":"https:\/\/www.certifiedcosmetics.com\/es\/product\/pruebas-de-eficacia\/pruebas-cutaneas\/pruebas-del-factor-de-proteccion-uva-uva-pf\/","url":"https:\/\/www.certifiedcosmetics.com\/es\/product\/pruebas-de-eficacia\/pruebas-cutaneas\/pruebas-del-factor-de-proteccion-uva-uva-pf\/","name":"Pruebas del factor de protecci\u00f3n UVA (UVA-PF) - Certified Cosmetics","isPartOf":{"@id":"https:\/\/www.certifiedcosmetics.com\/es\/#website"},"primaryImageOfPage":{"@id":"https:\/\/www.certifiedcosmetics.com\/es\/product\/pruebas-de-eficacia\/pruebas-cutaneas\/pruebas-del-factor-de-proteccion-uva-uva-pf\/#primaryimage"},"image":{"@id":"https:\/\/www.certifiedcosmetics.com\/es\/product\/pruebas-de-eficacia\/pruebas-cutaneas\/pruebas-del-factor-de-proteccion-uva-uva-pf\/#primaryimage"},"thumbnailUrl":"https:\/\/www.certifiedcosmetics.com\/wp-content\/uploads\/2025\/08\/uva-laboratory-test.jpg","datePublished":"2025-08-05T15:41:15+00:00","dateModified":"2025-10-22T08:34:09+00:00","description":"Realizamos pruebas del factor de protecci\u00f3n UVA (UVA-PF) para respaldar el etiquetado preciso y conforme de los productos cosm\u00e9ticos y de protecci\u00f3n solar.","breadcrumb":{"@id":"https:\/\/www.certifiedcosmetics.com\/es\/product\/pruebas-de-eficacia\/pruebas-cutaneas\/pruebas-del-factor-de-proteccion-uva-uva-pf\/#breadcrumb"},"inLanguage":"es","potentialAction":[{"@type":"ReadAction","target":["https:\/\/www.certifiedcosmetics.com\/es\/product\/pruebas-de-eficacia\/pruebas-cutaneas\/pruebas-del-factor-de-proteccion-uva-uva-pf\/"]}]},{"@type":"ImageObject","inLanguage":"es","@id":"https:\/\/www.certifiedcosmetics.com\/es\/product\/pruebas-de-eficacia\/pruebas-cutaneas\/pruebas-del-factor-de-proteccion-uva-uva-pf\/#primaryimage","url":"https:\/\/www.certifiedcosmetics.com\/wp-content\/uploads\/2025\/08\/uva-laboratory-test.jpg","contentUrl":"https:\/\/www.certifiedcosmetics.com\/wp-content\/uploads\/2025\/08\/uva-laboratory-test.jpg","width":800,"height":800},{"@type":"BreadcrumbList","@id":"https:\/\/www.certifiedcosmetics.com\/es\/product\/pruebas-de-eficacia\/pruebas-cutaneas\/pruebas-del-factor-de-proteccion-uva-uva-pf\/#breadcrumb","itemListElement":[{"@type":"ListItem","position":1,"name":"Home","item":"https:\/\/www.certifiedcosmetics.com\/es\/"},{"@type":"ListItem","position":2,"name":"Tienda","item":"https:\/\/www.certifiedcosmetics.com\/es\/tienda\/"},{"@type":"ListItem","position":3,"name":"Pruebas del factor de protecci\u00f3n UVA (UVA-PF)"}]},{"@type":"WebSite","@id":"https:\/\/www.certifiedcosmetics.com\/es\/#website","url":"https:\/\/www.certifiedcosmetics.com\/es\/","name":"Certified Cosmetics","description":"Cosmetic Testing","publisher":{"@id":"https:\/\/www.certifiedcosmetics.com\/es\/#organization"},"potentialAction":[{"@type":"SearchAction","target":{"@type":"EntryPoint","urlTemplate":"https:\/\/www.certifiedcosmetics.com\/es\/?s={search_term_string}"},"query-input":{"@type":"PropertyValueSpecification","valueRequired":true,"valueName":"search_term_string"}}],"inLanguage":"es"},{"@type":"Organization","@id":"https:\/\/www.certifiedcosmetics.com\/es\/#organization","name":"Certified Cosmetics","url":"https:\/\/www.certifiedcosmetics.com\/es\/","logo":{"@type":"ImageObject","inLanguage":"es","@id":"https:\/\/www.certifiedcosmetics.com\/es\/#\/schema\/logo\/image\/","url":"https:\/\/www.certifiedcosmetics.com\/wp-content\/uploads\/2024\/12\/logo_certified_cosmetics696.jpg","contentUrl":"https:\/\/www.certifiedcosmetics.com\/wp-content\/uploads\/2024\/12\/logo_certified_cosmetics696.jpg","width":696,"height":696,"caption":"Certified Cosmetics"},"image":{"@id":"https:\/\/www.certifiedcosmetics.com\/es\/#\/schema\/logo\/image\/"},"description":"Your trusted partner for cosmetic product safety reporting. We take care of updating all of your documentation, ensuring your compliance stays current even as regulations evolve. The Cosmetic Product Safety Assessment will give you everything you need to sell specific products to EU consumers.","email":"contact@certifiedcosmetics.com","telephone":"+31 36 2036384","legalName":"Certified Cosmetics","foundingDate":"2010-01-01","vatID":"NL854189543B01","numberOfEmployees":{"@type":"QuantitativeValue","minValue":"11","maxValue":"50"}}]},"og_availability":"instock","product_availability":"instock","product_condition":"new"},"_links":{"self":[{"href":"https:\/\/www.certifiedcosmetics.com\/es\/wp-json\/wp\/v2\/product\/13159","targetHints":{"allow":["GET"]}}],"collection":[{"href":"https:\/\/www.certifiedcosmetics.com\/es\/wp-json\/wp\/v2\/product"}],"about":[{"href":"https:\/\/www.certifiedcosmetics.com\/es\/wp-json\/wp\/v2\/types\/product"}],"wp:featuredmedia":[{"embeddable":true,"href":"https:\/\/www.certifiedcosmetics.com\/es\/wp-json\/wp\/v2\/media\/12635"}],"wp:attachment":[{"href":"https:\/\/www.certifiedcosmetics.com\/es\/wp-json\/wp\/v2\/media?parent=13159"}],"wp:term":[{"taxonomy":"product_brand","embeddable":true,"href":"https:\/\/www.certifiedcosmetics.com\/es\/wp-json\/wp\/v2\/product_brand?post=13159"},{"taxonomy":"product_cat","embeddable":true,"href":"https:\/\/www.certifiedcosmetics.com\/es\/wp-json\/wp\/v2\/product_cat?post=13159"},{"taxonomy":"product_tag","embeddable":true,"href":"https:\/\/www.certifiedcosmetics.com\/es\/wp-json\/wp\/v2\/product_tag?post=13159"}],"curies":[{"name":"wp","href":"https:\/\/api.w.org\/{rel}","templated":true}]}}