{"id":12457,"date":"2025-07-08T18:19:50","date_gmt":"2025-07-08T17:19:50","guid":{"rendered":"https:\/\/www.certifiedcosmetics.com\/product\/uncategorized\/brillo-de-la-prueba-del-pelo\/"},"modified":"2025-07-08T18:19:50","modified_gmt":"2025-07-08T17:19:50","slug":"brillo-de-la-prueba-del-pelo","status":"publish","type":"product","link":"https:\/\/www.certifiedcosmetics.com\/es\/product\/pruebas-de-eficacia\/prueba-del-pelo\/brillo-de-la-prueba-del-pelo\/","title":{"rendered":"Brillo de la prueba del pelo"},"content":{"rendered":"<p data-start=\"66\" data-end=\"436\">El brillo del cabello es un indicador importante de la salud capilar, el rendimiento del producto y la satisfacci\u00f3n del consumidor, sobre todo en f\u00f3rmulas como acondicionadores, sueros y aceites. Para evaluar el brillo de forma cient\u00edfica y reproducible, se suelen realizar dos tipos de pruebas: pruebas instrumentales con un <strong data-start=\"354\" data-end=\"369\">brill\u00f3metro<\/strong> y <strong data-start=\"375\" data-end=\"435\">pruebas de uso con paneles de consumidores o evaluadores formados<\/strong>. <\/p>\n<h2 data-start=\"443\" data-end=\"498\"><strong data-start=\"448\" data-end=\"498\">Medici\u00f3n del Brill\u00f3metro (Prueba Instrumental)<\/strong><\/h2>\n<p data-start=\"500\" data-end=\"757\">El <strong data-start=\"504\" data-end=\"519\">Brill\u00f3metro<\/strong> es un aparato de precisi\u00f3n que se utiliza para <strong data-start=\"550\" data-end=\"576\">cuantificar el brillo de la superficie<\/strong> midiendo el reflejo de la luz en la superficie del pelo. La prueba se realiza en condiciones controladas de laboratorio para eliminar variables externas como la iluminaci\u00f3n o la humedad. <\/p>\n<p data-start=\"759\" data-end=\"776\"><strong data-start=\"759\" data-end=\"776\">C\u00f3mo funciona:<\/strong><\/p>\n<ul data-start=\"777\" data-end=\"1123\">\n<li data-start=\"777\" data-end=\"878\">\n<p data-start=\"779\" data-end=\"878\">Se preparan mechones (haces de pelo) limpios o tratados y se estandarizan en longitud y peso.<\/p>\n<\/li>\n<li data-start=\"879\" data-end=\"952\">\n<p data-start=\"881\" data-end=\"952\">Se proyecta un haz de luz en un \u00e1ngulo determinado sobre la superficie del pelo.<\/p>\n<\/li>\n<li data-start=\"953\" data-end=\"1028\">\n<p data-start=\"955\" data-end=\"1028\">El aparato mide la intensidad de la luz reflejada en el \u00e1ngulo del espejo.<\/p>\n<\/li>\n<li data-start=\"1029\" data-end=\"1123\">\n<p data-start=\"1031\" data-end=\"1123\">El resultado se expresa en <strong data-start=\"1058\" data-end=\"1078\">Unidades de Brillo (GU)<\/strong>, y los valores m\u00e1s altos indican un cabello m\u00e1s brillante.<\/p>\n<\/li>\n<\/ul>\n<p data-start=\"1125\" data-end=\"1142\"><strong data-start=\"1125\" data-end=\"1142\">Aplicaciones:<\/strong><\/p>\n<ul data-start=\"1143\" data-end=\"1343\">\n<li data-start=\"1143\" data-end=\"1221\">\n<p data-start=\"1145\" data-end=\"1221\">Comparaci\u00f3n del tratamiento antes y despu\u00e9s (por ejemplo, champ\u00fa, acondicionador, aceite capilar).<\/p>\n<\/li>\n<li data-start=\"1222\" data-end=\"1285\">\n<p data-start=\"1224\" data-end=\"1285\">Evaluaci\u00f3n de los efectos a largo plazo (por ejemplo, tras m\u00faltiples lavados).<\/p>\n<\/li>\n<li data-start=\"1286\" data-end=\"1343\">\n<p data-start=\"1288\" data-end=\"1343\">Comparar las nuevas f\u00f3rmulas con las normas del mercado.<\/p>\n<\/li>\n<\/ul>\n<h2 data-start=\"1350\" data-end=\"1403\"><strong data-start=\"1355\" data-end=\"1403\">Evaluaci\u00f3n del Brillo en Uso (Prueba Subjetiva)<\/strong><\/h2>\n<p data-start=\"1405\" data-end=\"1556\">Una <strong data-start=\"1408\" data-end=\"1423\">prueba de uso<\/strong> suele realizarse con un <strong data-start=\"1450\" data-end=\"1487\">panel de consumidores o expertos formados<\/strong>, que eval\u00faan el brillo tras utilizar el producto en condiciones normales.<\/p>\n<p data-start=\"1558\" data-end=\"1572\"><strong data-start=\"1558\" data-end=\"1572\">Procedimiento:<\/strong><\/p>\n<ul data-start=\"1573\" data-end=\"1901\">\n<li data-start=\"1573\" data-end=\"1675\">\n<p data-start=\"1575\" data-end=\"1675\">Los voluntarios lavan y tratan su cabello con un producto espec\u00edfico durante un tiempo determinado (a menudo de 1 a 4 semanas).<\/p>\n<\/li>\n<li data-start=\"1676\" data-end=\"1834\">\n<p data-start=\"1678\" data-end=\"1834\">El brillo se eval\u00faa visualmente bajo una iluminaci\u00f3n normalizada, a menudo compar\u00e1ndolo con im\u00e1genes de referencia o utilizando una escala Likert (por ejemplo, de &#8220;sin brillo&#8221; a &#8220;muy brillante&#8221;).<\/p>\n<\/li>\n<li data-start=\"1835\" data-end=\"1901\">\n<p data-start=\"1837\" data-end=\"1901\">En algunas pruebas, los expertos ciegos toman fotos y las eval\u00faan.<\/p>\n<\/li>\n<\/ul>\n<p data-start=\"1903\" data-end=\"1916\"><strong data-start=\"1903\" data-end=\"1916\">Ventajas:<\/strong><\/p>\n<ul data-start=\"1917\" data-end=\"2105\">\n<li data-start=\"1917\" data-end=\"1958\">\n<p data-start=\"1919\" data-end=\"1958\">Refleja el rendimiento real del producto.<\/p>\n<\/li>\n<li data-start=\"1959\" data-end=\"2042\">\n<p data-start=\"1961\" data-end=\"2042\">Combina la impresi\u00f3n visual con la experiencia del usuario (tacto, suavidad, manejabilidad).<\/p>\n<\/li>\n<li data-start=\"2043\" data-end=\"2105\">\n<p data-start=\"2045\" data-end=\"2105\">Puede combinarse con pruebas instrumentales para una validaci\u00f3n completa.<\/p>\n<\/li>\n<\/ul>\n<h2 data-start=\"2112\" data-end=\"2129\">Tabla resumen<\/h2>\n<div class=\"_tableContainer_80l1q_1\">\n<div class=\"_tableWrapper_80l1q_14 group flex w-fit flex-col-reverse\" tabindex=\"-1\">\n<table class=\"w-fit min-w-(--thread-content-width)\" data-start=\"2131\" data-end=\"2589\">\n<thead data-start=\"2131\" data-end=\"2244\">\n<tr data-start=\"2131\" data-end=\"2244\">\n<th data-start=\"2131\" data-end=\"2154\" data-col-size=\"sm\">Tipo de prueba<\/th>\n<th data-start=\"2154\" data-end=\"2187\" data-col-size=\"sm\">M\u00e9todo<\/th>\n<th data-start=\"2187\" data-end=\"2203\" data-col-size=\"sm\">Salida<\/th>\n<th data-start=\"2203\" data-end=\"2244\" data-col-size=\"sm\">Caso pr\u00e1ctico<\/th>\n<\/tr>\n<\/thead>\n<tbody data-start=\"2359\" data-end=\"2589\">\n<tr data-start=\"2359\" data-end=\"2473\">\n<td data-start=\"2359\" data-end=\"2382\" data-col-size=\"sm\"><strong data-start=\"2361\" data-end=\"2381\">Prueba del brill\u00f3metro<\/strong><\/td>\n<td data-col-size=\"sm\" data-start=\"2382\" data-end=\"2415\">Mide la reflexi\u00f3n de la luz<\/td>\n<td data-col-size=\"sm\" data-start=\"2415\" data-end=\"2431\">Unidades de brillo<\/td>\n<td data-col-size=\"sm\" data-start=\"2431\" data-end=\"2473\">Medida objetiva del brillo<\/td>\n<\/tr>\n<tr data-start=\"2474\" data-end=\"2589\">\n<td data-start=\"2474\" data-end=\"2497\" data-col-size=\"sm\"><strong data-start=\"2476\" data-end=\"2497\">Prueba de panel en uso<\/strong><\/td>\n<td data-col-size=\"sm\" data-start=\"2497\" data-end=\"2532\">Evaluaci\u00f3n humana (visual\/t\u00e1ctil)<\/td>\n<td data-col-size=\"sm\" data-start=\"2532\" data-end=\"2547\">Valoraci\u00f3n del brillo<\/td>\n<td data-col-size=\"sm\" data-start=\"2547\" data-end=\"2589\">Brillo y experiencia percibidos por el consumidor<\/td>\n<\/tr>\n<\/tbody>\n<\/table>\n<\/div>\n<\/div>\n","protected":false},"excerpt":{"rendered":"<p>El brillo del cabello es un indicador importante de la salud capilar, el rendimiento del producto y la satisfacci\u00f3n del consumidor, sobre todo en f\u00f3rmulas como acondicionadores, sueros y aceites. Para evaluar el brillo de forma cient\u00edfica y reproducible, se suelen realizar dos tipos de pruebas: pruebas instrumentales con un brill\u00f3metro y pruebas de uso&#8230;<\/p>\n","protected":false},"featured_media":12450,"template":"","meta":[],"product_brand":[],"product_cat":[136,135],"product_tag":[],"class_list":{"0":"post-12457","1":"product","2":"type-product","3":"status-publish","4":"has-post-thumbnail","6":"product_cat-prueba-del-pelo","7":"product_cat-pruebas-de-eficacia","9":"first","10":"instock","11":"taxable","12":"shipping-taxable","13":"purchasable","14":"product-type-variable","15":"has-default-attributes"},"bundled_by":[],"bundle_stock_status":"instock","bundle_stock_quantity":null,"bundle_virtual":false,"bundle_layout":"","bundle_add_to_cart_form_location":"","bundle_editable_in_cart":false,"bundle_sold_individually_context":"","bundle_item_grouping":"","bundle_min_size":"","bundle_max_size":"","bundle_price":[],"bundled_items":[],"bundle_sell_ids":[],"yoast_head":"<!-- This site is optimized with the Yoast SEO Premium plugin v25.4 (Yoast SEO v25.4) - https:\/\/yoast.com\/wordpress\/plugins\/seo\/ -->\n<title>Brillo de la prueba del pelo - Certified Cosmetics<\/title>\n<meta name=\"description\" content=\"Para evaluar el brillo de forma cient\u00edfica y reproducible, se suelen realizar dos tipos de pruebas: pruebas instrumentales con un brill\u00f3metro y pruebas de uso con paneles de consumidores o evaluadores formados.\" \/>\n<meta name=\"robots\" content=\"index, follow, max-snippet:-1, max-image-preview:large, max-video-preview:-1\" \/>\n<link rel=\"canonical\" href=\"https:\/\/www.certifiedcosmetics.com\/es\/product\/pruebas-de-eficacia\/prueba-del-pelo\/brillo-de-la-prueba-del-pelo\/\" \/>\n<meta property=\"og:locale\" content=\"es_ES\" \/>\n<meta property=\"og:type\" content=\"article\" \/>\n<meta property=\"og:title\" content=\"Brillo de la prueba del pelo\" \/>\n<meta property=\"og:description\" content=\"Para evaluar el brillo de forma cient\u00edfica y reproducible, se suelen realizar dos tipos de pruebas: pruebas instrumentales con un brill\u00f3metro y pruebas de uso con paneles de consumidores o evaluadores formados.\" \/>\n<meta property=\"og:url\" content=\"https:\/\/www.certifiedcosmetics.com\/es\/product\/pruebas-de-eficacia\/prueba-del-pelo\/brillo-de-la-prueba-del-pelo\/\" \/>\n<meta property=\"og:site_name\" content=\"Certified Cosmetics\" \/>\n<meta property=\"og:image\" content=\"https:\/\/www.certifiedcosmetics.com\/wp-content\/uploads\/2025\/07\/shine.jpg\" \/>\n\t<meta property=\"og:image:width\" content=\"800\" \/>\n\t<meta property=\"og:image:height\" content=\"800\" \/>\n\t<meta property=\"og:image:type\" content=\"image\/jpeg\" \/>\n<meta name=\"twitter:card\" content=\"summary_large_image\" \/>\n<meta name=\"twitter:label1\" content=\"Disponibilidad\" \/>\n\t<meta name=\"twitter:data1\" content=\"Disponible\" \/>\n<script type=\"application\/ld+json\" class=\"yoast-schema-graph\">{\"@context\":\"https:\/\/schema.org\",\"@graph\":[{\"@type\":\"WebPage\",\"@id\":\"https:\/\/www.certifiedcosmetics.com\/es\/product\/pruebas-de-eficacia\/prueba-del-pelo\/brillo-de-la-prueba-del-pelo\/\",\"url\":\"https:\/\/www.certifiedcosmetics.com\/es\/product\/pruebas-de-eficacia\/prueba-del-pelo\/brillo-de-la-prueba-del-pelo\/\",\"name\":\"Brillo de la prueba del pelo - Certified Cosmetics\",\"isPartOf\":{\"@id\":\"https:\/\/www.certifiedcosmetics.com\/es\/#website\"},\"primaryImageOfPage\":{\"@id\":\"https:\/\/www.certifiedcosmetics.com\/es\/product\/pruebas-de-eficacia\/prueba-del-pelo\/brillo-de-la-prueba-del-pelo\/#primaryimage\"},\"image\":{\"@id\":\"https:\/\/www.certifiedcosmetics.com\/es\/product\/pruebas-de-eficacia\/prueba-del-pelo\/brillo-de-la-prueba-del-pelo\/#primaryimage\"},\"thumbnailUrl\":\"https:\/\/www.certifiedcosmetics.com\/wp-content\/uploads\/2025\/07\/shine.jpg\",\"datePublished\":\"2025-07-08T17:19:50+00:00\",\"description\":\"Para evaluar el brillo de forma cient\u00edfica y reproducible, se suelen realizar dos tipos de pruebas: pruebas instrumentales con un brill\u00f3metro y pruebas de uso con paneles de consumidores o evaluadores formados.\",\"breadcrumb\":{\"@id\":\"https:\/\/www.certifiedcosmetics.com\/es\/product\/pruebas-de-eficacia\/prueba-del-pelo\/brillo-de-la-prueba-del-pelo\/#breadcrumb\"},\"inLanguage\":\"es\",\"potentialAction\":[{\"@type\":\"ReadAction\",\"target\":[\"https:\/\/www.certifiedcosmetics.com\/es\/product\/pruebas-de-eficacia\/prueba-del-pelo\/brillo-de-la-prueba-del-pelo\/\"]}]},{\"@type\":\"ImageObject\",\"inLanguage\":\"es\",\"@id\":\"https:\/\/www.certifiedcosmetics.com\/es\/product\/pruebas-de-eficacia\/prueba-del-pelo\/brillo-de-la-prueba-del-pelo\/#primaryimage\",\"url\":\"https:\/\/www.certifiedcosmetics.com\/wp-content\/uploads\/2025\/07\/shine.jpg\",\"contentUrl\":\"https:\/\/www.certifiedcosmetics.com\/wp-content\/uploads\/2025\/07\/shine.jpg\",\"width\":800,\"height\":800},{\"@type\":\"BreadcrumbList\",\"@id\":\"https:\/\/www.certifiedcosmetics.com\/es\/product\/pruebas-de-eficacia\/prueba-del-pelo\/brillo-de-la-prueba-del-pelo\/#breadcrumb\",\"itemListElement\":[{\"@type\":\"ListItem\",\"position\":1,\"name\":\"Home\",\"item\":\"https:\/\/www.certifiedcosmetics.com\/es\/\"},{\"@type\":\"ListItem\",\"position\":2,\"name\":\"Tienda\",\"item\":\"https:\/\/www.certifiedcosmetics.com\/es\/tienda\/\"},{\"@type\":\"ListItem\",\"position\":3,\"name\":\"Brillo de la prueba del pelo\"}]},{\"@type\":\"WebSite\",\"@id\":\"https:\/\/www.certifiedcosmetics.com\/es\/#website\",\"url\":\"https:\/\/www.certifiedcosmetics.com\/es\/\",\"name\":\"Certified Cosmetics\",\"description\":\"Cosmetic Testing\",\"publisher\":{\"@id\":\"https:\/\/www.certifiedcosmetics.com\/es\/#organization\"},\"potentialAction\":[{\"@type\":\"SearchAction\",\"target\":{\"@type\":\"EntryPoint\",\"urlTemplate\":\"https:\/\/www.certifiedcosmetics.com\/es\/?s={search_term_string}\"},\"query-input\":{\"@type\":\"PropertyValueSpecification\",\"valueRequired\":true,\"valueName\":\"search_term_string\"}}],\"inLanguage\":\"es\"},{\"@type\":\"Organization\",\"@id\":\"https:\/\/www.certifiedcosmetics.com\/es\/#organization\",\"name\":\"Certified Cosmetics\",\"url\":\"https:\/\/www.certifiedcosmetics.com\/es\/\",\"logo\":{\"@type\":\"ImageObject\",\"inLanguage\":\"es\",\"@id\":\"https:\/\/www.certifiedcosmetics.com\/es\/#\/schema\/logo\/image\/\",\"url\":\"https:\/\/www.certifiedcosmetics.com\/wp-content\/uploads\/2024\/12\/logo_certified_cosmetics696.jpg\",\"contentUrl\":\"https:\/\/www.certifiedcosmetics.com\/wp-content\/uploads\/2024\/12\/logo_certified_cosmetics696.jpg\",\"width\":696,\"height\":696,\"caption\":\"Certified Cosmetics\"},\"image\":{\"@id\":\"https:\/\/www.certifiedcosmetics.com\/es\/#\/schema\/logo\/image\/\"},\"description\":\"Your trusted partner for cosmetic product safety reporting. We take care of updating all of your documentation, ensuring your compliance stays current even as regulations evolve. The Cosmetic Product Safety Assessment will give you everything you need to sell specific products to EU consumers.\",\"email\":\"contact@certifiedcosmetics.com\",\"telephone\":\"+31 36 2036384\",\"legalName\":\"Certified Cosmetics\",\"foundingDate\":\"2010-01-01\",\"vatID\":\"NL854189543B01\",\"numberOfEmployees\":{\"@type\":\"QuantitativeValue\",\"minValue\":\"11\",\"maxValue\":\"50\"}}]}<\/script>\n<meta property=\"og:availability\" content=\"instock\" \/>\n<meta property=\"product:availability\" content=\"instock\" \/>\n<meta property=\"product:condition\" content=\"new\" \/>\n<!-- \/ Yoast SEO Premium plugin. -->","yoast_head_json":{"title":"Brillo de la prueba del pelo - Certified Cosmetics","description":"Para evaluar el brillo de forma cient\u00edfica y reproducible, se suelen realizar dos tipos de pruebas: pruebas instrumentales con un brill\u00f3metro y pruebas de uso con paneles de consumidores o evaluadores formados.","robots":{"index":"index","follow":"follow","max-snippet":"max-snippet:-1","max-image-preview":"max-image-preview:large","max-video-preview":"max-video-preview:-1"},"canonical":"https:\/\/www.certifiedcosmetics.com\/es\/product\/pruebas-de-eficacia\/prueba-del-pelo\/brillo-de-la-prueba-del-pelo\/","og_locale":"es_ES","og_type":"article","og_title":"Brillo de la prueba del pelo","og_description":"Para evaluar el brillo de forma cient\u00edfica y reproducible, se suelen realizar dos tipos de pruebas: pruebas instrumentales con un brill\u00f3metro y pruebas de uso con paneles de consumidores o evaluadores formados.","og_url":"https:\/\/www.certifiedcosmetics.com\/es\/product\/pruebas-de-eficacia\/prueba-del-pelo\/brillo-de-la-prueba-del-pelo\/","og_site_name":"Certified Cosmetics","og_image":[{"width":800,"height":800,"url":"https:\/\/www.certifiedcosmetics.com\/wp-content\/uploads\/2025\/07\/shine.jpg","type":"image\/jpeg"}],"twitter_card":"summary_large_image","twitter_misc":{"Disponibilidad":"Disponible"},"schema":{"@context":"https:\/\/schema.org","@graph":[{"@type":"WebPage","@id":"https:\/\/www.certifiedcosmetics.com\/es\/product\/pruebas-de-eficacia\/prueba-del-pelo\/brillo-de-la-prueba-del-pelo\/","url":"https:\/\/www.certifiedcosmetics.com\/es\/product\/pruebas-de-eficacia\/prueba-del-pelo\/brillo-de-la-prueba-del-pelo\/","name":"Brillo de la prueba del pelo - Certified Cosmetics","isPartOf":{"@id":"https:\/\/www.certifiedcosmetics.com\/es\/#website"},"primaryImageOfPage":{"@id":"https:\/\/www.certifiedcosmetics.com\/es\/product\/pruebas-de-eficacia\/prueba-del-pelo\/brillo-de-la-prueba-del-pelo\/#primaryimage"},"image":{"@id":"https:\/\/www.certifiedcosmetics.com\/es\/product\/pruebas-de-eficacia\/prueba-del-pelo\/brillo-de-la-prueba-del-pelo\/#primaryimage"},"thumbnailUrl":"https:\/\/www.certifiedcosmetics.com\/wp-content\/uploads\/2025\/07\/shine.jpg","datePublished":"2025-07-08T17:19:50+00:00","description":"Para evaluar el brillo de forma cient\u00edfica y reproducible, se suelen realizar dos tipos de pruebas: pruebas instrumentales con un brill\u00f3metro y pruebas de uso con paneles de consumidores o evaluadores formados.","breadcrumb":{"@id":"https:\/\/www.certifiedcosmetics.com\/es\/product\/pruebas-de-eficacia\/prueba-del-pelo\/brillo-de-la-prueba-del-pelo\/#breadcrumb"},"inLanguage":"es","potentialAction":[{"@type":"ReadAction","target":["https:\/\/www.certifiedcosmetics.com\/es\/product\/pruebas-de-eficacia\/prueba-del-pelo\/brillo-de-la-prueba-del-pelo\/"]}]},{"@type":"ImageObject","inLanguage":"es","@id":"https:\/\/www.certifiedcosmetics.com\/es\/product\/pruebas-de-eficacia\/prueba-del-pelo\/brillo-de-la-prueba-del-pelo\/#primaryimage","url":"https:\/\/www.certifiedcosmetics.com\/wp-content\/uploads\/2025\/07\/shine.jpg","contentUrl":"https:\/\/www.certifiedcosmetics.com\/wp-content\/uploads\/2025\/07\/shine.jpg","width":800,"height":800},{"@type":"BreadcrumbList","@id":"https:\/\/www.certifiedcosmetics.com\/es\/product\/pruebas-de-eficacia\/prueba-del-pelo\/brillo-de-la-prueba-del-pelo\/#breadcrumb","itemListElement":[{"@type":"ListItem","position":1,"name":"Home","item":"https:\/\/www.certifiedcosmetics.com\/es\/"},{"@type":"ListItem","position":2,"name":"Tienda","item":"https:\/\/www.certifiedcosmetics.com\/es\/tienda\/"},{"@type":"ListItem","position":3,"name":"Brillo de la prueba del pelo"}]},{"@type":"WebSite","@id":"https:\/\/www.certifiedcosmetics.com\/es\/#website","url":"https:\/\/www.certifiedcosmetics.com\/es\/","name":"Certified Cosmetics","description":"Cosmetic Testing","publisher":{"@id":"https:\/\/www.certifiedcosmetics.com\/es\/#organization"},"potentialAction":[{"@type":"SearchAction","target":{"@type":"EntryPoint","urlTemplate":"https:\/\/www.certifiedcosmetics.com\/es\/?s={search_term_string}"},"query-input":{"@type":"PropertyValueSpecification","valueRequired":true,"valueName":"search_term_string"}}],"inLanguage":"es"},{"@type":"Organization","@id":"https:\/\/www.certifiedcosmetics.com\/es\/#organization","name":"Certified Cosmetics","url":"https:\/\/www.certifiedcosmetics.com\/es\/","logo":{"@type":"ImageObject","inLanguage":"es","@id":"https:\/\/www.certifiedcosmetics.com\/es\/#\/schema\/logo\/image\/","url":"https:\/\/www.certifiedcosmetics.com\/wp-content\/uploads\/2024\/12\/logo_certified_cosmetics696.jpg","contentUrl":"https:\/\/www.certifiedcosmetics.com\/wp-content\/uploads\/2024\/12\/logo_certified_cosmetics696.jpg","width":696,"height":696,"caption":"Certified Cosmetics"},"image":{"@id":"https:\/\/www.certifiedcosmetics.com\/es\/#\/schema\/logo\/image\/"},"description":"Your trusted partner for cosmetic product safety reporting. We take care of updating all of your documentation, ensuring your compliance stays current even as regulations evolve. The Cosmetic Product Safety Assessment will give you everything you need to sell specific products to EU consumers.","email":"contact@certifiedcosmetics.com","telephone":"+31 36 2036384","legalName":"Certified Cosmetics","foundingDate":"2010-01-01","vatID":"NL854189543B01","numberOfEmployees":{"@type":"QuantitativeValue","minValue":"11","maxValue":"50"}}]},"og_availability":"instock","product_availability":"instock","product_condition":"new"},"_links":{"self":[{"href":"https:\/\/www.certifiedcosmetics.com\/es\/wp-json\/wp\/v2\/product\/12457","targetHints":{"allow":["GET"]}}],"collection":[{"href":"https:\/\/www.certifiedcosmetics.com\/es\/wp-json\/wp\/v2\/product"}],"about":[{"href":"https:\/\/www.certifiedcosmetics.com\/es\/wp-json\/wp\/v2\/types\/product"}],"wp:featuredmedia":[{"embeddable":true,"href":"https:\/\/www.certifiedcosmetics.com\/es\/wp-json\/wp\/v2\/media\/12450"}],"wp:attachment":[{"href":"https:\/\/www.certifiedcosmetics.com\/es\/wp-json\/wp\/v2\/media?parent=12457"}],"wp:term":[{"taxonomy":"product_brand","embeddable":true,"href":"https:\/\/www.certifiedcosmetics.com\/es\/wp-json\/wp\/v2\/product_brand?post=12457"},{"taxonomy":"product_cat","embeddable":true,"href":"https:\/\/www.certifiedcosmetics.com\/es\/wp-json\/wp\/v2\/product_cat?post=12457"},{"taxonomy":"product_tag","embeddable":true,"href":"https:\/\/www.certifiedcosmetics.com\/es\/wp-json\/wp\/v2\/product_tag?post=12457"}],"curies":[{"name":"wp","href":"https:\/\/api.w.org\/{rel}","templated":true}]}}