{"id":12354,"date":"2025-07-04T16:07:49","date_gmt":"2025-07-04T15:07:49","guid":{"rendered":"https:\/\/www.certifiedcosmetics.com\/product\/sin categor\u00eda\/deteccion-de-parabenos-confirmacion-de-productos-sin-parabenos\/"},"modified":"2025-07-04T16:07:49","modified_gmt":"2025-07-04T15:07:49","slug":"deteccion-de-parabenos-confirmacion-de-productos-sin-parabenos","status":"publish","type":"product","link":"https:\/\/www.certifiedcosmetics.com\/es\/product\/verificacion-de-declaraciones-y-pruebas-de-ingredientes\/deteccion-de-parabenos-confirmacion-de-productos-sin-parabenos\/","title":{"rendered":"Detecci\u00f3n de parabenos &#8211; Confirmaci\u00f3n de productos sin parabenos"},"content":{"rendered":"<h2>\u00bfQu\u00e9 son los parabenos?<\/h2>\n<p>Los parabenos son una clase de conservantes muy utilizados en cosm\u00e9ticos, alimentos y productos farmac\u00e9uticos. Aunque son eficaces, algunos parabenos se han enfrentado a un amplio escrutinio p\u00fablico y cient\u00edfico, que ha dado lugar a una creciente preferencia de los consumidores por los productos &#8220;sin parabenos&#8221; y a una normativa estricta sobre su uso. <\/p>\n<h2>\u00bfPor qu\u00e9 es importante la detecci\u00f3n de parabenes?<\/h2>\n<p>Aunque <u> las declaraciones &#8220;sin parabenos&#8221; de los productos cosm\u00e9ticos no est\u00e1n permitidas <\/u> por el Reglamento (CE) n\u00ba 1223\/2009 sobre productos cosm\u00e9ticos y el Documento T\u00e9cnico sobre Declaraciones Cosm\u00e9ticas -ya que algunos parabenos son seguros dentro de los l\u00edmites m\u00e1ximos permitidos y algunas empresas pueden utilizarlos como parte de su sistema conservante, lo que hace que las amplias declaraciones &#8220;sin parabenos&#8221; sean potencialmente enga\u00f1osas y causa de comercio desleal-, Paraben Detection sigue siendo un servicio crucial para la verificaci\u00f3n de la pureza y el control de calidad. Te ayuda a:  <\/p>\n<ul>\n<li><strong>Garantiza el cumplimiento de la normativa:<\/strong> Confirma que tus productos cumplen los requisitos normativos globales sobre los niveles de parabenos permitidos o la ausencia de parabenos espec\u00edficos restringidos.<\/li>\n<li><strong>Verificar la calidad de las materias primas:<\/strong> Examina las materias primas entrantes para evitar la contaminaci\u00f3n involuntaria por parabenos.<\/li>\n<li><strong>Apoyar la garant\u00eda de calidad interna:<\/strong> Cumplir las normas m\u00e1s estrictas de seguridad de los productos y transparencia de los ingredientes, incluso en el caso de los parabenos utilizados dentro de los l\u00edmites legales.<\/li>\n<li><strong>Responder a las demandas espec\u00edficas del mercado:<\/strong> Satisfacer las exigencias de mercados o consumidores que solicitan espec\u00edficamente informaci\u00f3n detallada sobre los parabenos o prefieren su ausencia.<\/li>\n<\/ul>\n<h2>Detecci\u00f3n de parabenos<\/h2>\n<p>Nuestro laboratorio proporciona pruebas anal\u00edticas precisas para identificar y cuantificar diversos parabenos. Este servicio es vital para verificar la pureza y garantizar que las f\u00f3rmulas cumplen los requisitos normativos mundiales y las mejores pr\u00e1cticas de la industria en relaci\u00f3n con estos conservantes tan discutidos. <\/p>\n<p>No dudes en ponerte en contacto con nosotros para asegurarte de que tus productos satisfacen las demandas del mercado y superan las expectativas de calidad.<\/p>\n","protected":false},"excerpt":{"rendered":"<p>\u00bfQu\u00e9 son los parabenos? Los parabenos son una clase de conservantes muy utilizados en cosm\u00e9ticos, alimentos y productos farmac\u00e9uticos. Aunque son eficaces, algunos parabenos se han enfrentado a un amplio escrutinio p\u00fablico y cient\u00edfico, que ha dado lugar a una creciente preferencia de los consumidores por los productos &#8220;sin parabenos&#8221; y a una normativa estricta&#8230;<\/p>\n","protected":false},"featured_media":12168,"template":"","meta":[],"product_brand":[],"product_cat":[439],"product_tag":[],"class_list":{"0":"post-12354","1":"product","2":"type-product","3":"status-publish","4":"has-post-thumbnail","6":"product_cat-verificacion-de-declaraciones-y-pruebas-de-ingredientes","8":"first","9":"instock","10":"virtual","11":"taxable","12":"purchasable","13":"product-type-simple"},"bundled_by":[],"bundle_stock_status":"instock","bundle_stock_quantity":null,"bundle_virtual":false,"bundle_layout":"","bundle_add_to_cart_form_location":"","bundle_editable_in_cart":false,"bundle_sold_individually_context":"","bundle_item_grouping":"","bundle_min_size":"","bundle_max_size":"","bundle_price":[],"bundled_items":[],"bundle_sell_ids":[],"yoast_head":"<!-- This site is optimized with the Yoast SEO Premium plugin v25.4 (Yoast SEO v25.4) - https:\/\/yoast.com\/wordpress\/plugins\/seo\/ -->\n<title>Detecci\u00f3n de parabenos - Confirmaci\u00f3n de productos sin parabenos<\/title>\n<meta name=\"description\" content=\"Confirma la ausencia de parabenos en los cosm\u00e9ticos con pruebas precisas de laboratorio de ingredientes.\" \/>\n<meta name=\"robots\" content=\"index, follow, max-snippet:-1, max-image-preview:large, max-video-preview:-1\" \/>\n<link rel=\"canonical\" href=\"https:\/\/www.certifiedcosmetics.com\/es\/product\/verificacion-de-declaraciones-y-pruebas-de-ingredientes\/deteccion-de-parabenos-confirmacion-de-productos-sin-parabenos\/\" \/>\n<meta property=\"og:locale\" content=\"es_ES\" \/>\n<meta property=\"og:type\" content=\"article\" \/>\n<meta property=\"og:title\" content=\"Detecci\u00f3n de parabenos - Confirmaci\u00f3n de productos sin parabenos\" \/>\n<meta property=\"og:description\" content=\"Confirma la ausencia de parabenos en los cosm\u00e9ticos con pruebas precisas de laboratorio de ingredientes.\" \/>\n<meta property=\"og:url\" content=\"https:\/\/www.certifiedcosmetics.com\/es\/product\/verificacion-de-declaraciones-y-pruebas-de-ingredientes\/deteccion-de-parabenos-confirmacion-de-productos-sin-parabenos\/\" \/>\n<meta property=\"og:site_name\" content=\"Certified Cosmetics\" \/>\n<meta property=\"og:image\" content=\"https:\/\/www.certifiedcosmetics.com\/wp-content\/uploads\/2025\/07\/Paraben-Detection-Paraben-Free-Product-Confirmation.jpg\" \/>\n\t<meta property=\"og:image:width\" content=\"800\" \/>\n\t<meta property=\"og:image:height\" content=\"800\" \/>\n\t<meta property=\"og:image:type\" content=\"image\/jpeg\" \/>\n<meta name=\"twitter:card\" content=\"summary_large_image\" \/>\n<meta name=\"twitter:label1\" content=\"Precio\" \/>\n\t<meta name=\"twitter:data1\" content=\"&#036;235.39\" \/>\n\t<meta name=\"twitter:label2\" content=\"Disponibilidad\" \/>\n\t<meta name=\"twitter:data2\" content=\"Disponible\" \/>\n<script type=\"application\/ld+json\" class=\"yoast-schema-graph\">{\"@context\":\"https:\/\/schema.org\",\"@graph\":[{\"@type\":\"WebPage\",\"@id\":\"https:\/\/www.certifiedcosmetics.com\/es\/product\/verificacion-de-declaraciones-y-pruebas-de-ingredientes\/deteccion-de-parabenos-confirmacion-de-productos-sin-parabenos\/\",\"url\":\"https:\/\/www.certifiedcosmetics.com\/es\/product\/verificacion-de-declaraciones-y-pruebas-de-ingredientes\/deteccion-de-parabenos-confirmacion-de-productos-sin-parabenos\/\",\"name\":\"Detecci\u00f3n de parabenos - Confirmaci\u00f3n de productos sin parabenos\",\"isPartOf\":{\"@id\":\"https:\/\/www.certifiedcosmetics.com\/es\/#website\"},\"primaryImageOfPage\":{\"@id\":\"https:\/\/www.certifiedcosmetics.com\/es\/product\/verificacion-de-declaraciones-y-pruebas-de-ingredientes\/deteccion-de-parabenos-confirmacion-de-productos-sin-parabenos\/#primaryimage\"},\"image\":{\"@id\":\"https:\/\/www.certifiedcosmetics.com\/es\/product\/verificacion-de-declaraciones-y-pruebas-de-ingredientes\/deteccion-de-parabenos-confirmacion-de-productos-sin-parabenos\/#primaryimage\"},\"thumbnailUrl\":\"https:\/\/www.certifiedcosmetics.com\/wp-content\/uploads\/2025\/07\/Paraben-Detection-Paraben-Free-Product-Confirmation.jpg\",\"datePublished\":\"2025-07-04T15:07:49+00:00\",\"description\":\"Confirma la ausencia de parabenos en los cosm\u00e9ticos con pruebas precisas de laboratorio de ingredientes.\",\"breadcrumb\":{\"@id\":\"https:\/\/www.certifiedcosmetics.com\/es\/product\/verificacion-de-declaraciones-y-pruebas-de-ingredientes\/deteccion-de-parabenos-confirmacion-de-productos-sin-parabenos\/#breadcrumb\"},\"inLanguage\":\"es\",\"potentialAction\":[{\"@type\":\"ReadAction\",\"target\":[\"https:\/\/www.certifiedcosmetics.com\/es\/product\/verificacion-de-declaraciones-y-pruebas-de-ingredientes\/deteccion-de-parabenos-confirmacion-de-productos-sin-parabenos\/\"]}]},{\"@type\":\"ImageObject\",\"inLanguage\":\"es\",\"@id\":\"https:\/\/www.certifiedcosmetics.com\/es\/product\/verificacion-de-declaraciones-y-pruebas-de-ingredientes\/deteccion-de-parabenos-confirmacion-de-productos-sin-parabenos\/#primaryimage\",\"url\":\"https:\/\/www.certifiedcosmetics.com\/wp-content\/uploads\/2025\/07\/Paraben-Detection-Paraben-Free-Product-Confirmation.jpg\",\"contentUrl\":\"https:\/\/www.certifiedcosmetics.com\/wp-content\/uploads\/2025\/07\/Paraben-Detection-Paraben-Free-Product-Confirmation.jpg\",\"width\":800,\"height\":800},{\"@type\":\"BreadcrumbList\",\"@id\":\"https:\/\/www.certifiedcosmetics.com\/es\/product\/verificacion-de-declaraciones-y-pruebas-de-ingredientes\/deteccion-de-parabenos-confirmacion-de-productos-sin-parabenos\/#breadcrumb\",\"itemListElement\":[{\"@type\":\"ListItem\",\"position\":1,\"name\":\"Home\",\"item\":\"https:\/\/www.certifiedcosmetics.com\/es\/\"},{\"@type\":\"ListItem\",\"position\":2,\"name\":\"Tienda\",\"item\":\"https:\/\/www.certifiedcosmetics.com\/es\/tienda\/\"},{\"@type\":\"ListItem\",\"position\":3,\"name\":\"Detecci\u00f3n de parabenos &#8211; Confirmaci\u00f3n de productos sin parabenos\"}]},{\"@type\":\"WebSite\",\"@id\":\"https:\/\/www.certifiedcosmetics.com\/es\/#website\",\"url\":\"https:\/\/www.certifiedcosmetics.com\/es\/\",\"name\":\"Certified Cosmetics\",\"description\":\"Cosmetic Testing\",\"publisher\":{\"@id\":\"https:\/\/www.certifiedcosmetics.com\/es\/#organization\"},\"potentialAction\":[{\"@type\":\"SearchAction\",\"target\":{\"@type\":\"EntryPoint\",\"urlTemplate\":\"https:\/\/www.certifiedcosmetics.com\/es\/?s={search_term_string}\"},\"query-input\":{\"@type\":\"PropertyValueSpecification\",\"valueRequired\":true,\"valueName\":\"search_term_string\"}}],\"inLanguage\":\"es\"},{\"@type\":\"Organization\",\"@id\":\"https:\/\/www.certifiedcosmetics.com\/es\/#organization\",\"name\":\"Certified Cosmetics\",\"url\":\"https:\/\/www.certifiedcosmetics.com\/es\/\",\"logo\":{\"@type\":\"ImageObject\",\"inLanguage\":\"es\",\"@id\":\"https:\/\/www.certifiedcosmetics.com\/es\/#\/schema\/logo\/image\/\",\"url\":\"https:\/\/www.certifiedcosmetics.com\/wp-content\/uploads\/2024\/12\/logo_certified_cosmetics696.jpg\",\"contentUrl\":\"https:\/\/www.certifiedcosmetics.com\/wp-content\/uploads\/2024\/12\/logo_certified_cosmetics696.jpg\",\"width\":696,\"height\":696,\"caption\":\"Certified Cosmetics\"},\"image\":{\"@id\":\"https:\/\/www.certifiedcosmetics.com\/es\/#\/schema\/logo\/image\/\"},\"description\":\"Your trusted partner for cosmetic product safety reporting. We take care of updating all of your documentation, ensuring your compliance stays current even as regulations evolve. The Cosmetic Product Safety Assessment will give you everything you need to sell specific products to EU consumers.\",\"email\":\"contact@certifiedcosmetics.com\",\"telephone\":\"+31 36 2036384\",\"legalName\":\"Certified Cosmetics\",\"foundingDate\":\"2010-01-01\",\"vatID\":\"NL854189543B01\",\"numberOfEmployees\":{\"@type\":\"QuantitativeValue\",\"minValue\":\"11\",\"maxValue\":\"50\"}}]}<\/script>\n<meta property=\"product:price:amount\" content=\"235.39\" \/>\n<meta property=\"product:price:currency\" content=\"USD\" \/>\n<meta property=\"og:availability\" content=\"instock\" \/>\n<meta property=\"product:availability\" content=\"instock\" \/>\n<meta property=\"product:retailer_item_id\" content=\"CC100109\" \/>\n<meta property=\"product:condition\" content=\"new\" \/>\n<!-- \/ Yoast SEO Premium plugin. -->","yoast_head_json":{"title":"Detecci\u00f3n de parabenos - Confirmaci\u00f3n de productos sin parabenos","description":"Confirma la ausencia de parabenos en los cosm\u00e9ticos con pruebas precisas de laboratorio de ingredientes.","robots":{"index":"index","follow":"follow","max-snippet":"max-snippet:-1","max-image-preview":"max-image-preview:large","max-video-preview":"max-video-preview:-1"},"canonical":"https:\/\/www.certifiedcosmetics.com\/es\/product\/verificacion-de-declaraciones-y-pruebas-de-ingredientes\/deteccion-de-parabenos-confirmacion-de-productos-sin-parabenos\/","og_locale":"es_ES","og_type":"article","og_title":"Detecci\u00f3n de parabenos - Confirmaci\u00f3n de productos sin parabenos","og_description":"Confirma la ausencia de parabenos en los cosm\u00e9ticos con pruebas precisas de laboratorio de ingredientes.","og_url":"https:\/\/www.certifiedcosmetics.com\/es\/product\/verificacion-de-declaraciones-y-pruebas-de-ingredientes\/deteccion-de-parabenos-confirmacion-de-productos-sin-parabenos\/","og_site_name":"Certified Cosmetics","og_image":[{"width":800,"height":800,"url":"https:\/\/www.certifiedcosmetics.com\/wp-content\/uploads\/2025\/07\/Paraben-Detection-Paraben-Free-Product-Confirmation.jpg","type":"image\/jpeg"}],"twitter_card":"summary_large_image","twitter_misc":{"Precio":"&#36;235.39","Disponibilidad":"Disponible"},"schema":{"@context":"https:\/\/schema.org","@graph":[{"@type":"WebPage","@id":"https:\/\/www.certifiedcosmetics.com\/es\/product\/verificacion-de-declaraciones-y-pruebas-de-ingredientes\/deteccion-de-parabenos-confirmacion-de-productos-sin-parabenos\/","url":"https:\/\/www.certifiedcosmetics.com\/es\/product\/verificacion-de-declaraciones-y-pruebas-de-ingredientes\/deteccion-de-parabenos-confirmacion-de-productos-sin-parabenos\/","name":"Detecci\u00f3n de parabenos - Confirmaci\u00f3n de productos sin parabenos","isPartOf":{"@id":"https:\/\/www.certifiedcosmetics.com\/es\/#website"},"primaryImageOfPage":{"@id":"https:\/\/www.certifiedcosmetics.com\/es\/product\/verificacion-de-declaraciones-y-pruebas-de-ingredientes\/deteccion-de-parabenos-confirmacion-de-productos-sin-parabenos\/#primaryimage"},"image":{"@id":"https:\/\/www.certifiedcosmetics.com\/es\/product\/verificacion-de-declaraciones-y-pruebas-de-ingredientes\/deteccion-de-parabenos-confirmacion-de-productos-sin-parabenos\/#primaryimage"},"thumbnailUrl":"https:\/\/www.certifiedcosmetics.com\/wp-content\/uploads\/2025\/07\/Paraben-Detection-Paraben-Free-Product-Confirmation.jpg","datePublished":"2025-07-04T15:07:49+00:00","description":"Confirma la ausencia de parabenos en los cosm\u00e9ticos con pruebas precisas de laboratorio de ingredientes.","breadcrumb":{"@id":"https:\/\/www.certifiedcosmetics.com\/es\/product\/verificacion-de-declaraciones-y-pruebas-de-ingredientes\/deteccion-de-parabenos-confirmacion-de-productos-sin-parabenos\/#breadcrumb"},"inLanguage":"es","potentialAction":[{"@type":"ReadAction","target":["https:\/\/www.certifiedcosmetics.com\/es\/product\/verificacion-de-declaraciones-y-pruebas-de-ingredientes\/deteccion-de-parabenos-confirmacion-de-productos-sin-parabenos\/"]}]},{"@type":"ImageObject","inLanguage":"es","@id":"https:\/\/www.certifiedcosmetics.com\/es\/product\/verificacion-de-declaraciones-y-pruebas-de-ingredientes\/deteccion-de-parabenos-confirmacion-de-productos-sin-parabenos\/#primaryimage","url":"https:\/\/www.certifiedcosmetics.com\/wp-content\/uploads\/2025\/07\/Paraben-Detection-Paraben-Free-Product-Confirmation.jpg","contentUrl":"https:\/\/www.certifiedcosmetics.com\/wp-content\/uploads\/2025\/07\/Paraben-Detection-Paraben-Free-Product-Confirmation.jpg","width":800,"height":800},{"@type":"BreadcrumbList","@id":"https:\/\/www.certifiedcosmetics.com\/es\/product\/verificacion-de-declaraciones-y-pruebas-de-ingredientes\/deteccion-de-parabenos-confirmacion-de-productos-sin-parabenos\/#breadcrumb","itemListElement":[{"@type":"ListItem","position":1,"name":"Home","item":"https:\/\/www.certifiedcosmetics.com\/es\/"},{"@type":"ListItem","position":2,"name":"Tienda","item":"https:\/\/www.certifiedcosmetics.com\/es\/tienda\/"},{"@type":"ListItem","position":3,"name":"Detecci\u00f3n de parabenos &#8211; Confirmaci\u00f3n de productos sin parabenos"}]},{"@type":"WebSite","@id":"https:\/\/www.certifiedcosmetics.com\/es\/#website","url":"https:\/\/www.certifiedcosmetics.com\/es\/","name":"Certified Cosmetics","description":"Cosmetic Testing","publisher":{"@id":"https:\/\/www.certifiedcosmetics.com\/es\/#organization"},"potentialAction":[{"@type":"SearchAction","target":{"@type":"EntryPoint","urlTemplate":"https:\/\/www.certifiedcosmetics.com\/es\/?s={search_term_string}"},"query-input":{"@type":"PropertyValueSpecification","valueRequired":true,"valueName":"search_term_string"}}],"inLanguage":"es"},{"@type":"Organization","@id":"https:\/\/www.certifiedcosmetics.com\/es\/#organization","name":"Certified Cosmetics","url":"https:\/\/www.certifiedcosmetics.com\/es\/","logo":{"@type":"ImageObject","inLanguage":"es","@id":"https:\/\/www.certifiedcosmetics.com\/es\/#\/schema\/logo\/image\/","url":"https:\/\/www.certifiedcosmetics.com\/wp-content\/uploads\/2024\/12\/logo_certified_cosmetics696.jpg","contentUrl":"https:\/\/www.certifiedcosmetics.com\/wp-content\/uploads\/2024\/12\/logo_certified_cosmetics696.jpg","width":696,"height":696,"caption":"Certified Cosmetics"},"image":{"@id":"https:\/\/www.certifiedcosmetics.com\/es\/#\/schema\/logo\/image\/"},"description":"Your trusted partner for cosmetic product safety reporting. We take care of updating all of your documentation, ensuring your compliance stays current even as regulations evolve. The Cosmetic Product Safety Assessment will give you everything you need to sell specific products to EU consumers.","email":"contact@certifiedcosmetics.com","telephone":"+31 36 2036384","legalName":"Certified Cosmetics","foundingDate":"2010-01-01","vatID":"NL854189543B01","numberOfEmployees":{"@type":"QuantitativeValue","minValue":"11","maxValue":"50"}}]},"product_price_amount":"235.39","product_price_currency":"USD","og_availability":"instock","product_availability":"instock","product_retailer_item_id":"CC100109","product_condition":"new"},"_links":{"self":[{"href":"https:\/\/www.certifiedcosmetics.com\/es\/wp-json\/wp\/v2\/product\/12354","targetHints":{"allow":["GET"]}}],"collection":[{"href":"https:\/\/www.certifiedcosmetics.com\/es\/wp-json\/wp\/v2\/product"}],"about":[{"href":"https:\/\/www.certifiedcosmetics.com\/es\/wp-json\/wp\/v2\/types\/product"}],"wp:featuredmedia":[{"embeddable":true,"href":"https:\/\/www.certifiedcosmetics.com\/es\/wp-json\/wp\/v2\/media\/12168"}],"wp:attachment":[{"href":"https:\/\/www.certifiedcosmetics.com\/es\/wp-json\/wp\/v2\/media?parent=12354"}],"wp:term":[{"taxonomy":"product_brand","embeddable":true,"href":"https:\/\/www.certifiedcosmetics.com\/es\/wp-json\/wp\/v2\/product_brand?post=12354"},{"taxonomy":"product_cat","embeddable":true,"href":"https:\/\/www.certifiedcosmetics.com\/es\/wp-json\/wp\/v2\/product_cat?post=12354"},{"taxonomy":"product_tag","embeddable":true,"href":"https:\/\/www.certifiedcosmetics.com\/es\/wp-json\/wp\/v2\/product_tag?post=12354"}],"curies":[{"name":"wp","href":"https:\/\/api.w.org\/{rel}","templated":true}]}}