{"id":12300,"date":"2025-07-04T16:07:52","date_gmt":"2025-07-04T15:07:52","guid":{"rendered":"https:\/\/www.certifiedcosmetics.com\/product\/sin categor\u00eda\/deteccion-de-14-dioxano-verificacion-de-la-pureza\/"},"modified":"2025-07-04T16:07:52","modified_gmt":"2025-07-04T15:07:52","slug":"deteccion-de-14-dioxano-verificacion-de-la-pureza","status":"publish","type":"product","link":"https:\/\/www.certifiedcosmetics.com\/es\/product\/verificacion-de-declaraciones-y-pruebas-de-ingredientes\/deteccion-de-14-dioxano-verificacion-de-la-pureza\/","title":{"rendered":"Detecci\u00f3n de 1,4 Dioxano &#8211; Verificaci\u00f3n de la Pureza"},"content":{"rendered":"<h2>\u00bfQu\u00e9 es el 1,4-Dioxano?<\/h2>\n<p>El 1,4-Dioxano no es un ingrediente que a\u00f1adamos intencionadamente a los productos; es una sustancia que puede surgir involuntariamente durante los procesos de fabricaci\u00f3n. Puedes encontrarlo en productos que crean espuma, como champ\u00fas, jabones l\u00edquidos, detergentes lavavajillas, ba\u00f1os de burbujas, geles de ducha e incluso dent\u00edfricos. M\u00e1s all\u00e1 de los cosm\u00e9ticos y los art\u00edculos de cuidado personal, a veces pueden aparecer niveles bajos en determinados productos de limpieza e incluso en envases de alimentos.  <\/p>\n<h2>\u00bfC\u00f3mo se forma el 1,4-Dioxano?<\/h2>\n<p>Esta sustancia suele formarse durante el proceso de etoxilaci\u00f3n, en el que el SLS (lauril sulfato s\u00f3dico), que puede ser irritante para la piel, se convierte en SLES (lauril \u00e9ter sulfato s\u00f3dico), una alternativa m\u00e1s suave. Esta conversi\u00f3n es un m\u00e9todo com\u00fan utilizado para hacer que los productos sean m\u00e1s suaves y m\u00e1s eficaces en la formaci\u00f3n de espuma. Sin embargo, el 1,4-Dioxano puede ser un subproducto de este proceso.  <\/p>\n<p>Los productos que contienen ingredientes como SLES (Lauril \u00c9ter Sulfato de Sodio), compuestos PEG (Polietilenglicol, Polietileno), Ceteareth y Oleth corren un mayor riesgo de contener 1,4-Dioxano. Estos componentes se utilizan frecuentemente en muchos productos cotidianos como humectantes, emulsionantes o disolventes. <\/p>\n<h2>Impactos en la salud humana<\/h2>\n<p>El 1,4-Dioxano se absorbe f\u00e1cilmente a trav\u00e9s de la piel. Esta absorci\u00f3n puede aumentar, especialmente con productos de ba\u00f1o en los que la piel se calienta y los poros est\u00e1n abiertos, como durante una ducha o ba\u00f1o calientes. <\/p>\n<p>Tanto la Agencia de Protecci\u00f3n Medioambiental de Estados Unidos (EPA) como la Agencia Internacional para la Investigaci\u00f3n del C\u00e1ncer (IARC) clasifican el 1,4-Dioxano como posible carcin\u00f3geno humano (Grupo 2B). Esta clasificaci\u00f3n indica que la exposici\u00f3n a la sustancia conlleva riesgos potenciales. Las investigaciones sugieren que el 1,4-Dioxano puede provocar efectos adversos en el h\u00edgado, los ri\u00f1ones, los pulmones y el sistema nervioso central. Podr\u00edan surgir problemas de salud m\u00e1s graves con una exposici\u00f3n prolongada o de alto nivel.   <\/p>\n<h2>Detecci\u00f3n de 1,4-Dioxano<\/h2>\n<p>Determinar con precisi\u00f3n los niveles de 1,4-Dioxano en tus productos es crucial tanto para la seguridad del consumidor como para el cumplimiento de la normativa. Nuestro laboratorio est\u00e1 acreditado para el an\u00e1lisis de 1,4-Dioxano. Con nuestros equipos de \u00faltima generaci\u00f3n y nuestro experimentado equipo de expertos, proporcionamos servicios de an\u00e1lisis meticulosos y fiables para garantizar la seguridad de tus productos.  <\/p>\n<p>No dudes en ponerte en contacto con nosotros para asegurarte de que tus productos satisfacen las demandas del mercado y superan las expectativas de calidad.<\/p>\n","protected":false},"excerpt":{"rendered":"<p>\u00bfQu\u00e9 es el 1,4-Dioxano? El 1,4-Dioxano no es un ingrediente que a\u00f1adamos intencionadamente a los productos; es una sustancia que puede surgir involuntariamente durante los procesos de fabricaci\u00f3n. Puedes encontrarlo en productos que crean espuma, como champ\u00fas, jabones l\u00edquidos, detergentes lavavajillas, ba\u00f1os de burbujas, geles de ducha e incluso dent\u00edfricos. M\u00e1s all\u00e1 de los cosm\u00e9ticos&#8230;<\/p>\n","protected":false},"featured_media":12096,"template":"","meta":[],"product_cat":[439],"product_tag":[],"class_list":{"0":"post-12300","1":"product","2":"type-product","3":"status-publish","4":"has-post-thumbnail","6":"product_cat-verificacion-de-declaraciones-y-pruebas-de-ingredientes","8":"first","9":"instock","10":"virtual","11":"taxable","12":"purchasable","13":"product-type-simple"},"bundled_by":[],"bundle_stock_status":"instock","bundle_stock_quantity":null,"bundle_virtual":false,"bundle_layout":"","bundle_add_to_cart_form_location":"","bundle_editable_in_cart":false,"bundle_sold_individually_context":"","bundle_item_grouping":"","bundle_min_size":"","bundle_max_size":"","bundle_price":[],"bundled_items":[],"bundle_sell_ids":[],"yoast_head":"<!-- This site is optimized with the Yoast SEO Premium plugin v25.4 (Yoast SEO v25.4) - https:\/\/yoast.com\/wordpress\/plugins\/seo\/ -->\n<title>Detecci\u00f3n de 1,4 Dioxano - Verificaci\u00f3n de la pureza<\/title>\n<meta name=\"description\" content=\"Verifica que tus productos no contienen 1,4-dioxano con nuestros precisos servicios de pruebas de laboratorio y detecci\u00f3n. Garantiza la pureza y la conformidad para la seguridad del consumidor.\" \/>\n<meta name=\"robots\" content=\"index, follow, max-snippet:-1, max-image-preview:large, max-video-preview:-1\" \/>\n<link rel=\"canonical\" href=\"https:\/\/www.certifiedcosmetics.com\/es\/product\/verificacion-de-declaraciones-y-pruebas-de-ingredientes\/deteccion-de-14-dioxano-verificacion-de-la-pureza\/\" \/>\n<meta property=\"og:locale\" content=\"es_ES\" \/>\n<meta property=\"og:type\" content=\"article\" \/>\n<meta property=\"og:title\" content=\"Detecci\u00f3n de 1,4 Dioxano - Verificaci\u00f3n de la Pureza\" \/>\n<meta property=\"og:description\" content=\"Verifica que tus productos no contienen 1,4-dioxano con nuestros precisos servicios de pruebas de laboratorio y detecci\u00f3n. Garantiza la pureza y la conformidad para la seguridad del consumidor.\" \/>\n<meta property=\"og:url\" content=\"https:\/\/www.certifiedcosmetics.com\/es\/product\/verificacion-de-declaraciones-y-pruebas-de-ingredientes\/deteccion-de-14-dioxano-verificacion-de-la-pureza\/\" \/>\n<meta property=\"og:site_name\" content=\"Certified Cosmetics\" \/>\n<meta property=\"og:image\" content=\"https:\/\/www.certifiedcosmetics.com\/wp-content\/uploads\/2025\/07\/14-Dioxane-Detection-Purity-Verification.jpg\" \/>\n\t<meta property=\"og:image:width\" content=\"800\" \/>\n\t<meta property=\"og:image:height\" content=\"800\" \/>\n\t<meta property=\"og:image:type\" content=\"image\/jpeg\" \/>\n<meta name=\"twitter:card\" content=\"summary_large_image\" \/>\n<meta name=\"twitter:label1\" content=\"Precio\" \/>\n\t<meta name=\"twitter:data1\" content=\"&#036;230.40\" \/>\n\t<meta name=\"twitter:label2\" content=\"Disponibilidad\" \/>\n\t<meta name=\"twitter:data2\" content=\"Disponible\" \/>\n<script type=\"application\/ld+json\" class=\"yoast-schema-graph\">{\"@context\":\"https:\/\/schema.org\",\"@graph\":[{\"@type\":\"WebPage\",\"@id\":\"https:\/\/www.certifiedcosmetics.com\/es\/product\/verificacion-de-declaraciones-y-pruebas-de-ingredientes\/deteccion-de-14-dioxano-verificacion-de-la-pureza\/\",\"url\":\"https:\/\/www.certifiedcosmetics.com\/es\/product\/verificacion-de-declaraciones-y-pruebas-de-ingredientes\/deteccion-de-14-dioxano-verificacion-de-la-pureza\/\",\"name\":\"Detecci\u00f3n de 1,4 Dioxano - Verificaci\u00f3n de la pureza\",\"isPartOf\":{\"@id\":\"https:\/\/www.certifiedcosmetics.com\/es\/#website\"},\"primaryImageOfPage\":{\"@id\":\"https:\/\/www.certifiedcosmetics.com\/es\/product\/verificacion-de-declaraciones-y-pruebas-de-ingredientes\/deteccion-de-14-dioxano-verificacion-de-la-pureza\/#primaryimage\"},\"image\":{\"@id\":\"https:\/\/www.certifiedcosmetics.com\/es\/product\/verificacion-de-declaraciones-y-pruebas-de-ingredientes\/deteccion-de-14-dioxano-verificacion-de-la-pureza\/#primaryimage\"},\"thumbnailUrl\":\"https:\/\/www.certifiedcosmetics.com\/wp-content\/uploads\/2025\/07\/14-Dioxane-Detection-Purity-Verification.jpg\",\"datePublished\":\"2025-07-04T15:07:52+00:00\",\"description\":\"Verifica que tus productos no contienen 1,4-dioxano con nuestros precisos servicios de pruebas de laboratorio y detecci\u00f3n. Garantiza la pureza y la conformidad para la seguridad del consumidor.\",\"breadcrumb\":{\"@id\":\"https:\/\/www.certifiedcosmetics.com\/es\/product\/verificacion-de-declaraciones-y-pruebas-de-ingredientes\/deteccion-de-14-dioxano-verificacion-de-la-pureza\/#breadcrumb\"},\"inLanguage\":\"es\",\"potentialAction\":[{\"@type\":\"ReadAction\",\"target\":[\"https:\/\/www.certifiedcosmetics.com\/es\/product\/verificacion-de-declaraciones-y-pruebas-de-ingredientes\/deteccion-de-14-dioxano-verificacion-de-la-pureza\/\"]}]},{\"@type\":\"ImageObject\",\"inLanguage\":\"es\",\"@id\":\"https:\/\/www.certifiedcosmetics.com\/es\/product\/verificacion-de-declaraciones-y-pruebas-de-ingredientes\/deteccion-de-14-dioxano-verificacion-de-la-pureza\/#primaryimage\",\"url\":\"https:\/\/www.certifiedcosmetics.com\/wp-content\/uploads\/2025\/07\/14-Dioxane-Detection-Purity-Verification.jpg\",\"contentUrl\":\"https:\/\/www.certifiedcosmetics.com\/wp-content\/uploads\/2025\/07\/14-Dioxane-Detection-Purity-Verification.jpg\",\"width\":800,\"height\":800},{\"@type\":\"BreadcrumbList\",\"@id\":\"https:\/\/www.certifiedcosmetics.com\/es\/product\/verificacion-de-declaraciones-y-pruebas-de-ingredientes\/deteccion-de-14-dioxano-verificacion-de-la-pureza\/#breadcrumb\",\"itemListElement\":[{\"@type\":\"ListItem\",\"position\":1,\"name\":\"Home\",\"item\":\"https:\/\/www.certifiedcosmetics.com\/es\/\"},{\"@type\":\"ListItem\",\"position\":2,\"name\":\"Tienda\",\"item\":\"https:\/\/www.certifiedcosmetics.com\/es\/tienda\/\"},{\"@type\":\"ListItem\",\"position\":3,\"name\":\"Detecci\u00f3n de 1,4 Dioxano &#8211; Verificaci\u00f3n de la Pureza\"}]},{\"@type\":\"WebSite\",\"@id\":\"https:\/\/www.certifiedcosmetics.com\/es\/#website\",\"url\":\"https:\/\/www.certifiedcosmetics.com\/es\/\",\"name\":\"Certified Cosmetics\",\"description\":\"Cosmetic Testing\",\"publisher\":{\"@id\":\"https:\/\/www.certifiedcosmetics.com\/es\/#organization\"},\"potentialAction\":[{\"@type\":\"SearchAction\",\"target\":{\"@type\":\"EntryPoint\",\"urlTemplate\":\"https:\/\/www.certifiedcosmetics.com\/es\/?s={search_term_string}\"},\"query-input\":{\"@type\":\"PropertyValueSpecification\",\"valueRequired\":true,\"valueName\":\"search_term_string\"}}],\"inLanguage\":\"es\"},{\"@type\":\"Organization\",\"@id\":\"https:\/\/www.certifiedcosmetics.com\/es\/#organization\",\"name\":\"Certified Cosmetics\",\"url\":\"https:\/\/www.certifiedcosmetics.com\/es\/\",\"logo\":{\"@type\":\"ImageObject\",\"inLanguage\":\"es\",\"@id\":\"https:\/\/www.certifiedcosmetics.com\/es\/#\/schema\/logo\/image\/\",\"url\":\"https:\/\/www.certifiedcosmetics.com\/wp-content\/uploads\/2024\/12\/logo_certified_cosmetics696.jpg\",\"contentUrl\":\"https:\/\/www.certifiedcosmetics.com\/wp-content\/uploads\/2024\/12\/logo_certified_cosmetics696.jpg\",\"width\":696,\"height\":696,\"caption\":\"Certified Cosmetics\"},\"image\":{\"@id\":\"https:\/\/www.certifiedcosmetics.com\/es\/#\/schema\/logo\/image\/\"},\"description\":\"Your trusted partner for cosmetic product safety reporting. We take care of updating all of your documentation, ensuring your compliance stays current even as regulations evolve. The Cosmetic Product Safety Assessment will give you everything you need to sell specific products to EU consumers.\",\"email\":\"contact@certifiedcosmetics.com\",\"telephone\":\"+31 36 2036384\",\"legalName\":\"Certified Cosmetics\",\"foundingDate\":\"2010-01-01\",\"vatID\":\"NL854189543B01\",\"numberOfEmployees\":{\"@type\":\"QuantitativeValue\",\"minValue\":\"11\",\"maxValue\":\"50\"}}]}<\/script>\n<meta property=\"product:price:amount\" content=\"230.40\" \/>\n<meta property=\"product:price:currency\" content=\"USD\" \/>\n<meta property=\"og:availability\" content=\"instock\" \/>\n<meta property=\"product:availability\" content=\"instock\" \/>\n<meta property=\"product:retailer_item_id\" content=\"CC100007\" \/>\n<meta property=\"product:condition\" content=\"new\" \/>\n<!-- \/ Yoast SEO Premium plugin. -->","yoast_head_json":{"title":"Detecci\u00f3n de 1,4 Dioxano - Verificaci\u00f3n de la pureza","description":"Verifica que tus productos no contienen 1,4-dioxano con nuestros precisos servicios de pruebas de laboratorio y detecci\u00f3n. Garantiza la pureza y la conformidad para la seguridad del consumidor.","robots":{"index":"index","follow":"follow","max-snippet":"max-snippet:-1","max-image-preview":"max-image-preview:large","max-video-preview":"max-video-preview:-1"},"canonical":"https:\/\/www.certifiedcosmetics.com\/es\/product\/verificacion-de-declaraciones-y-pruebas-de-ingredientes\/deteccion-de-14-dioxano-verificacion-de-la-pureza\/","og_locale":"es_ES","og_type":"article","og_title":"Detecci\u00f3n de 1,4 Dioxano - Verificaci\u00f3n de la Pureza","og_description":"Verifica que tus productos no contienen 1,4-dioxano con nuestros precisos servicios de pruebas de laboratorio y detecci\u00f3n. Garantiza la pureza y la conformidad para la seguridad del consumidor.","og_url":"https:\/\/www.certifiedcosmetics.com\/es\/product\/verificacion-de-declaraciones-y-pruebas-de-ingredientes\/deteccion-de-14-dioxano-verificacion-de-la-pureza\/","og_site_name":"Certified Cosmetics","og_image":[{"width":800,"height":800,"url":"https:\/\/www.certifiedcosmetics.com\/wp-content\/uploads\/2025\/07\/14-Dioxane-Detection-Purity-Verification.jpg","type":"image\/jpeg"}],"twitter_card":"summary_large_image","twitter_misc":{"Precio":"&#36;230.40","Disponibilidad":"Disponible"},"schema":{"@context":"https:\/\/schema.org","@graph":[{"@type":"WebPage","@id":"https:\/\/www.certifiedcosmetics.com\/es\/product\/verificacion-de-declaraciones-y-pruebas-de-ingredientes\/deteccion-de-14-dioxano-verificacion-de-la-pureza\/","url":"https:\/\/www.certifiedcosmetics.com\/es\/product\/verificacion-de-declaraciones-y-pruebas-de-ingredientes\/deteccion-de-14-dioxano-verificacion-de-la-pureza\/","name":"Detecci\u00f3n de 1,4 Dioxano - Verificaci\u00f3n de la pureza","isPartOf":{"@id":"https:\/\/www.certifiedcosmetics.com\/es\/#website"},"primaryImageOfPage":{"@id":"https:\/\/www.certifiedcosmetics.com\/es\/product\/verificacion-de-declaraciones-y-pruebas-de-ingredientes\/deteccion-de-14-dioxano-verificacion-de-la-pureza\/#primaryimage"},"image":{"@id":"https:\/\/www.certifiedcosmetics.com\/es\/product\/verificacion-de-declaraciones-y-pruebas-de-ingredientes\/deteccion-de-14-dioxano-verificacion-de-la-pureza\/#primaryimage"},"thumbnailUrl":"https:\/\/www.certifiedcosmetics.com\/wp-content\/uploads\/2025\/07\/14-Dioxane-Detection-Purity-Verification.jpg","datePublished":"2025-07-04T15:07:52+00:00","description":"Verifica que tus productos no contienen 1,4-dioxano con nuestros precisos servicios de pruebas de laboratorio y detecci\u00f3n. Garantiza la pureza y la conformidad para la seguridad del consumidor.","breadcrumb":{"@id":"https:\/\/www.certifiedcosmetics.com\/es\/product\/verificacion-de-declaraciones-y-pruebas-de-ingredientes\/deteccion-de-14-dioxano-verificacion-de-la-pureza\/#breadcrumb"},"inLanguage":"es","potentialAction":[{"@type":"ReadAction","target":["https:\/\/www.certifiedcosmetics.com\/es\/product\/verificacion-de-declaraciones-y-pruebas-de-ingredientes\/deteccion-de-14-dioxano-verificacion-de-la-pureza\/"]}]},{"@type":"ImageObject","inLanguage":"es","@id":"https:\/\/www.certifiedcosmetics.com\/es\/product\/verificacion-de-declaraciones-y-pruebas-de-ingredientes\/deteccion-de-14-dioxano-verificacion-de-la-pureza\/#primaryimage","url":"https:\/\/www.certifiedcosmetics.com\/wp-content\/uploads\/2025\/07\/14-Dioxane-Detection-Purity-Verification.jpg","contentUrl":"https:\/\/www.certifiedcosmetics.com\/wp-content\/uploads\/2025\/07\/14-Dioxane-Detection-Purity-Verification.jpg","width":800,"height":800},{"@type":"BreadcrumbList","@id":"https:\/\/www.certifiedcosmetics.com\/es\/product\/verificacion-de-declaraciones-y-pruebas-de-ingredientes\/deteccion-de-14-dioxano-verificacion-de-la-pureza\/#breadcrumb","itemListElement":[{"@type":"ListItem","position":1,"name":"Home","item":"https:\/\/www.certifiedcosmetics.com\/es\/"},{"@type":"ListItem","position":2,"name":"Tienda","item":"https:\/\/www.certifiedcosmetics.com\/es\/tienda\/"},{"@type":"ListItem","position":3,"name":"Detecci\u00f3n de 1,4 Dioxano &#8211; Verificaci\u00f3n de la Pureza"}]},{"@type":"WebSite","@id":"https:\/\/www.certifiedcosmetics.com\/es\/#website","url":"https:\/\/www.certifiedcosmetics.com\/es\/","name":"Certified Cosmetics","description":"Cosmetic Testing","publisher":{"@id":"https:\/\/www.certifiedcosmetics.com\/es\/#organization"},"potentialAction":[{"@type":"SearchAction","target":{"@type":"EntryPoint","urlTemplate":"https:\/\/www.certifiedcosmetics.com\/es\/?s={search_term_string}"},"query-input":{"@type":"PropertyValueSpecification","valueRequired":true,"valueName":"search_term_string"}}],"inLanguage":"es"},{"@type":"Organization","@id":"https:\/\/www.certifiedcosmetics.com\/es\/#organization","name":"Certified Cosmetics","url":"https:\/\/www.certifiedcosmetics.com\/es\/","logo":{"@type":"ImageObject","inLanguage":"es","@id":"https:\/\/www.certifiedcosmetics.com\/es\/#\/schema\/logo\/image\/","url":"https:\/\/www.certifiedcosmetics.com\/wp-content\/uploads\/2024\/12\/logo_certified_cosmetics696.jpg","contentUrl":"https:\/\/www.certifiedcosmetics.com\/wp-content\/uploads\/2024\/12\/logo_certified_cosmetics696.jpg","width":696,"height":696,"caption":"Certified Cosmetics"},"image":{"@id":"https:\/\/www.certifiedcosmetics.com\/es\/#\/schema\/logo\/image\/"},"description":"Your trusted partner for cosmetic product safety reporting. We take care of updating all of your documentation, ensuring your compliance stays current even as regulations evolve. The Cosmetic Product Safety Assessment will give you everything you need to sell specific products to EU consumers.","email":"contact@certifiedcosmetics.com","telephone":"+31 36 2036384","legalName":"Certified Cosmetics","foundingDate":"2010-01-01","vatID":"NL854189543B01","numberOfEmployees":{"@type":"QuantitativeValue","minValue":"11","maxValue":"50"}}]},"product_price_amount":"230.40","product_price_currency":"USD","og_availability":"instock","product_availability":"instock","product_retailer_item_id":"CC100007","product_condition":"new"},"_links":{"self":[{"href":"https:\/\/www.certifiedcosmetics.com\/es\/wp-json\/wp\/v2\/product\/12300","targetHints":{"allow":["GET"]}}],"collection":[{"href":"https:\/\/www.certifiedcosmetics.com\/es\/wp-json\/wp\/v2\/product"}],"about":[{"href":"https:\/\/www.certifiedcosmetics.com\/es\/wp-json\/wp\/v2\/types\/product"}],"wp:featuredmedia":[{"embeddable":true,"href":"https:\/\/www.certifiedcosmetics.com\/es\/wp-json\/wp\/v2\/media\/12096"}],"wp:attachment":[{"href":"https:\/\/www.certifiedcosmetics.com\/es\/wp-json\/wp\/v2\/media?parent=12300"}],"wp:term":[{"taxonomy":"product_cat","embeddable":true,"href":"https:\/\/www.certifiedcosmetics.com\/es\/wp-json\/wp\/v2\/product_cat?post=12300"},{"taxonomy":"product_tag","embeddable":true,"href":"https:\/\/www.certifiedcosmetics.com\/es\/wp-json\/wp\/v2\/product_tag?post=12300"}],"curies":[{"name":"wp","href":"https:\/\/api.w.org\/{rel}","templated":true}]}}