{"id":12297,"date":"2025-07-04T16:07:53","date_gmt":"2025-07-04T15:07:53","guid":{"rendered":"https:\/\/www.certifiedcosmetics.com\/product\/sin categor\u00eda\/deteccion-de-acetona-verificacion-de-siniestros-sin-acetona\/"},"modified":"2025-07-04T16:07:53","modified_gmt":"2025-07-04T15:07:53","slug":"deteccion-de-acetona-verificacion-de-siniestros-sin-acetona","status":"publish","type":"product","link":"https:\/\/www.certifiedcosmetics.com\/es\/product\/verificacion-de-declaraciones-y-pruebas-de-ingredientes\/deteccion-de-acetona-verificacion-de-siniestros-sin-acetona\/","title":{"rendered":"Detecci\u00f3n de acetona &#8211; Verificaci\u00f3n de siniestros sin acetona"},"content":{"rendered":"<h2>\u00bfQu\u00e9 es la acetona?<\/h2>\n<p>La acetona es un disolvente com\u00fan que se encuentra en varios productos, desde quitaesmaltes hasta ciertos productos de limpieza. Aunque son eficaces, algunos consumidores prefieren productos sin acetona por temor a sus efectos desecantes o a su fuerte olor. <\/p>\n<h2>\u00bfPor qu\u00e9 es importante la detecci\u00f3n de acetona?<\/h2>\n<p>Para los fabricantes que pretenden cumplir requisitos de formulaci\u00f3n espec\u00edficos o demandas de los consumidores de productos m\u00e1s suaves, verificar la ausencia de acetona es clave. Este servicio te ayuda: <\/p>\n<ul>\n<li><strong>Verifica las afirmaciones &#8220;sin acetona&#8221;:<\/strong> Obt\u00e9n confirmaci\u00f3n cient\u00edfica de que tus productos no contienen niveles detectables de acetona.<\/li>\n<li><strong>Apoya el posicionamiento del producto:<\/strong> Alinea tu producto con las preferencias de los consumidores por f\u00f3rmulas m\u00e1s suaves y sin acetona.<\/li>\n<li><strong>Garantizar la integridad del producto:<\/strong> Confirmar que no se ha introducido acetona involuntariamente durante la fabricaci\u00f3n o a partir de materias primas.<\/li>\n<\/ul>\n<h2>Detecci\u00f3n de acetona<\/h2>\n<p>Nuestro laboratorio proporciona an\u00e1lisis precisos para confirmar que tus productos no contienen acetona. Este servicio es vital para las marcas que comercializan productos &#8220;sin acetona&#8221;, ya que garantiza la transparencia y respalda las afirmaciones de tus productos con pruebas cient\u00edficas. No dudes en ponerte en contacto con nosotros para garantizar la calidad y seguridad de tus productos.  <\/p>\n<p>No dudes en ponerte en contacto con nosotros para asegurarte de que tus productos satisfacen las demandas del mercado y superan las expectativas de calidad.<\/p>\n","protected":false},"excerpt":{"rendered":"<p>\u00bfQu\u00e9 es la acetona? La acetona es un disolvente com\u00fan que se encuentra en varios productos, desde quitaesmaltes hasta ciertos productos de limpieza. Aunque son eficaces, algunos consumidores prefieren productos sin acetona por temor a sus efectos desecantes o a su fuerte olor. \u00bfPor qu\u00e9 es importante la detecci\u00f3n de acetona? Para los fabricantes que&#8230;<\/p>\n","protected":false},"featured_media":12102,"template":"","meta":[],"product_brand":[],"product_cat":[439],"product_tag":[],"class_list":{"0":"post-12297","1":"product","2":"type-product","3":"status-publish","4":"has-post-thumbnail","6":"product_cat-verificacion-de-declaraciones-y-pruebas-de-ingredientes","8":"first","9":"instock","10":"virtual","11":"taxable","12":"purchasable","13":"product-type-simple"},"bundled_by":[],"bundle_stock_status":"instock","bundle_stock_quantity":null,"bundle_virtual":false,"bundle_layout":"","bundle_add_to_cart_form_location":"","bundle_editable_in_cart":false,"bundle_sold_individually_context":"","bundle_item_grouping":"","bundle_min_size":"","bundle_max_size":"","bundle_price":[],"bundled_items":[],"bundle_sell_ids":[],"yoast_head":"<!-- This site is optimized with the Yoast SEO Premium plugin v25.4 (Yoast SEO v25.4) - https:\/\/yoast.com\/wordpress\/plugins\/seo\/ -->\n<title>Detecci\u00f3n de acetona - Verificaci\u00f3n de siniestros sin acetona<\/title>\n<meta name=\"description\" content=\"Valida tu etiqueta &quot;Sin acetona&quot; con pruebas de laboratorio profesionales y detecci\u00f3n para la confianza del consumidor.\" \/>\n<meta name=\"robots\" content=\"index, follow, max-snippet:-1, max-image-preview:large, max-video-preview:-1\" \/>\n<link rel=\"canonical\" href=\"https:\/\/www.certifiedcosmetics.com\/es\/product\/verificacion-de-declaraciones-y-pruebas-de-ingredientes\/deteccion-de-acetona-verificacion-de-siniestros-sin-acetona\/\" \/>\n<meta property=\"og:locale\" content=\"es_ES\" \/>\n<meta property=\"og:type\" content=\"article\" \/>\n<meta property=\"og:title\" content=\"Detecci\u00f3n de acetona - Verificaci\u00f3n de siniestros sin acetona\" \/>\n<meta property=\"og:description\" content=\"Valida tu etiqueta &quot;Sin acetona&quot; con pruebas de laboratorio profesionales y detecci\u00f3n para la confianza del consumidor.\" \/>\n<meta property=\"og:url\" content=\"https:\/\/www.certifiedcosmetics.com\/es\/product\/verificacion-de-declaraciones-y-pruebas-de-ingredientes\/deteccion-de-acetona-verificacion-de-siniestros-sin-acetona\/\" \/>\n<meta property=\"og:site_name\" content=\"Certified Cosmetics\" \/>\n<meta property=\"og:image\" content=\"https:\/\/www.certifiedcosmetics.com\/wp-content\/uploads\/2025\/07\/Acetone-Detection-Acetone-Free-Claim-Verification.jpg\" \/>\n\t<meta property=\"og:image:width\" content=\"800\" \/>\n\t<meta property=\"og:image:height\" content=\"800\" \/>\n\t<meta property=\"og:image:type\" content=\"image\/jpeg\" \/>\n<meta name=\"twitter:card\" content=\"summary_large_image\" \/>\n<meta name=\"twitter:label1\" content=\"Precio\" \/>\n\t<meta name=\"twitter:data1\" content=\"&#036;175.41\" \/>\n\t<meta name=\"twitter:label2\" content=\"Disponibilidad\" \/>\n\t<meta name=\"twitter:data2\" content=\"Disponible\" \/>\n<script type=\"application\/ld+json\" class=\"yoast-schema-graph\">{\"@context\":\"https:\/\/schema.org\",\"@graph\":[{\"@type\":\"WebPage\",\"@id\":\"https:\/\/www.certifiedcosmetics.com\/es\/product\/verificacion-de-declaraciones-y-pruebas-de-ingredientes\/deteccion-de-acetona-verificacion-de-siniestros-sin-acetona\/\",\"url\":\"https:\/\/www.certifiedcosmetics.com\/es\/product\/verificacion-de-declaraciones-y-pruebas-de-ingredientes\/deteccion-de-acetona-verificacion-de-siniestros-sin-acetona\/\",\"name\":\"Detecci\u00f3n de acetona - Verificaci\u00f3n de siniestros sin acetona\",\"isPartOf\":{\"@id\":\"https:\/\/www.certifiedcosmetics.com\/es\/#website\"},\"primaryImageOfPage\":{\"@id\":\"https:\/\/www.certifiedcosmetics.com\/es\/product\/verificacion-de-declaraciones-y-pruebas-de-ingredientes\/deteccion-de-acetona-verificacion-de-siniestros-sin-acetona\/#primaryimage\"},\"image\":{\"@id\":\"https:\/\/www.certifiedcosmetics.com\/es\/product\/verificacion-de-declaraciones-y-pruebas-de-ingredientes\/deteccion-de-acetona-verificacion-de-siniestros-sin-acetona\/#primaryimage\"},\"thumbnailUrl\":\"https:\/\/www.certifiedcosmetics.com\/wp-content\/uploads\/2025\/07\/Acetone-Detection-Acetone-Free-Claim-Verification.jpg\",\"datePublished\":\"2025-07-04T15:07:53+00:00\",\"description\":\"Valida tu etiqueta \\\"Sin acetona\\\" con pruebas de laboratorio profesionales y detecci\u00f3n para la confianza del consumidor.\",\"breadcrumb\":{\"@id\":\"https:\/\/www.certifiedcosmetics.com\/es\/product\/verificacion-de-declaraciones-y-pruebas-de-ingredientes\/deteccion-de-acetona-verificacion-de-siniestros-sin-acetona\/#breadcrumb\"},\"inLanguage\":\"es\",\"potentialAction\":[{\"@type\":\"ReadAction\",\"target\":[\"https:\/\/www.certifiedcosmetics.com\/es\/product\/verificacion-de-declaraciones-y-pruebas-de-ingredientes\/deteccion-de-acetona-verificacion-de-siniestros-sin-acetona\/\"]}]},{\"@type\":\"ImageObject\",\"inLanguage\":\"es\",\"@id\":\"https:\/\/www.certifiedcosmetics.com\/es\/product\/verificacion-de-declaraciones-y-pruebas-de-ingredientes\/deteccion-de-acetona-verificacion-de-siniestros-sin-acetona\/#primaryimage\",\"url\":\"https:\/\/www.certifiedcosmetics.com\/wp-content\/uploads\/2025\/07\/Acetone-Detection-Acetone-Free-Claim-Verification.jpg\",\"contentUrl\":\"https:\/\/www.certifiedcosmetics.com\/wp-content\/uploads\/2025\/07\/Acetone-Detection-Acetone-Free-Claim-Verification.jpg\",\"width\":800,\"height\":800},{\"@type\":\"BreadcrumbList\",\"@id\":\"https:\/\/www.certifiedcosmetics.com\/es\/product\/verificacion-de-declaraciones-y-pruebas-de-ingredientes\/deteccion-de-acetona-verificacion-de-siniestros-sin-acetona\/#breadcrumb\",\"itemListElement\":[{\"@type\":\"ListItem\",\"position\":1,\"name\":\"Home\",\"item\":\"https:\/\/www.certifiedcosmetics.com\/es\/\"},{\"@type\":\"ListItem\",\"position\":2,\"name\":\"Tienda\",\"item\":\"https:\/\/www.certifiedcosmetics.com\/es\/tienda\/\"},{\"@type\":\"ListItem\",\"position\":3,\"name\":\"Detecci\u00f3n de acetona &#8211; Verificaci\u00f3n de siniestros sin acetona\"}]},{\"@type\":\"WebSite\",\"@id\":\"https:\/\/www.certifiedcosmetics.com\/es\/#website\",\"url\":\"https:\/\/www.certifiedcosmetics.com\/es\/\",\"name\":\"Certified Cosmetics\",\"description\":\"Cosmetic Testing\",\"publisher\":{\"@id\":\"https:\/\/www.certifiedcosmetics.com\/es\/#organization\"},\"potentialAction\":[{\"@type\":\"SearchAction\",\"target\":{\"@type\":\"EntryPoint\",\"urlTemplate\":\"https:\/\/www.certifiedcosmetics.com\/es\/?s={search_term_string}\"},\"query-input\":{\"@type\":\"PropertyValueSpecification\",\"valueRequired\":true,\"valueName\":\"search_term_string\"}}],\"inLanguage\":\"es\"},{\"@type\":\"Organization\",\"@id\":\"https:\/\/www.certifiedcosmetics.com\/es\/#organization\",\"name\":\"Certified Cosmetics\",\"url\":\"https:\/\/www.certifiedcosmetics.com\/es\/\",\"logo\":{\"@type\":\"ImageObject\",\"inLanguage\":\"es\",\"@id\":\"https:\/\/www.certifiedcosmetics.com\/es\/#\/schema\/logo\/image\/\",\"url\":\"https:\/\/www.certifiedcosmetics.com\/wp-content\/uploads\/2024\/12\/logo_certified_cosmetics696.jpg\",\"contentUrl\":\"https:\/\/www.certifiedcosmetics.com\/wp-content\/uploads\/2024\/12\/logo_certified_cosmetics696.jpg\",\"width\":696,\"height\":696,\"caption\":\"Certified Cosmetics\"},\"image\":{\"@id\":\"https:\/\/www.certifiedcosmetics.com\/es\/#\/schema\/logo\/image\/\"},\"description\":\"Your trusted partner for cosmetic product safety reporting. We take care of updating all of your documentation, ensuring your compliance stays current even as regulations evolve. The Cosmetic Product Safety Assessment will give you everything you need to sell specific products to EU consumers.\",\"email\":\"contact@certifiedcosmetics.com\",\"telephone\":\"+31 36 2036384\",\"legalName\":\"Certified Cosmetics\",\"foundingDate\":\"2010-01-01\",\"vatID\":\"NL854189543B01\",\"numberOfEmployees\":{\"@type\":\"QuantitativeValue\",\"minValue\":\"11\",\"maxValue\":\"50\"}}]}<\/script>\n<meta property=\"product:price:amount\" content=\"175.41\" \/>\n<meta property=\"product:price:currency\" content=\"USD\" \/>\n<meta property=\"og:availability\" content=\"instock\" \/>\n<meta property=\"product:availability\" content=\"instock\" \/>\n<meta property=\"product:retailer_item_id\" content=\"CC100013\" \/>\n<meta property=\"product:condition\" content=\"new\" \/>\n<!-- \/ Yoast SEO Premium plugin. -->","yoast_head_json":{"title":"Detecci\u00f3n de acetona - Verificaci\u00f3n de siniestros sin acetona","description":"Valida tu etiqueta \"Sin acetona\" con pruebas de laboratorio profesionales y detecci\u00f3n para la confianza del consumidor.","robots":{"index":"index","follow":"follow","max-snippet":"max-snippet:-1","max-image-preview":"max-image-preview:large","max-video-preview":"max-video-preview:-1"},"canonical":"https:\/\/www.certifiedcosmetics.com\/es\/product\/verificacion-de-declaraciones-y-pruebas-de-ingredientes\/deteccion-de-acetona-verificacion-de-siniestros-sin-acetona\/","og_locale":"es_ES","og_type":"article","og_title":"Detecci\u00f3n de acetona - Verificaci\u00f3n de siniestros sin acetona","og_description":"Valida tu etiqueta \"Sin acetona\" con pruebas de laboratorio profesionales y detecci\u00f3n para la confianza del consumidor.","og_url":"https:\/\/www.certifiedcosmetics.com\/es\/product\/verificacion-de-declaraciones-y-pruebas-de-ingredientes\/deteccion-de-acetona-verificacion-de-siniestros-sin-acetona\/","og_site_name":"Certified Cosmetics","og_image":[{"width":800,"height":800,"url":"https:\/\/www.certifiedcosmetics.com\/wp-content\/uploads\/2025\/07\/Acetone-Detection-Acetone-Free-Claim-Verification.jpg","type":"image\/jpeg"}],"twitter_card":"summary_large_image","twitter_misc":{"Precio":"&#36;175.41","Disponibilidad":"Disponible"},"schema":{"@context":"https:\/\/schema.org","@graph":[{"@type":"WebPage","@id":"https:\/\/www.certifiedcosmetics.com\/es\/product\/verificacion-de-declaraciones-y-pruebas-de-ingredientes\/deteccion-de-acetona-verificacion-de-siniestros-sin-acetona\/","url":"https:\/\/www.certifiedcosmetics.com\/es\/product\/verificacion-de-declaraciones-y-pruebas-de-ingredientes\/deteccion-de-acetona-verificacion-de-siniestros-sin-acetona\/","name":"Detecci\u00f3n de acetona - Verificaci\u00f3n de siniestros sin acetona","isPartOf":{"@id":"https:\/\/www.certifiedcosmetics.com\/es\/#website"},"primaryImageOfPage":{"@id":"https:\/\/www.certifiedcosmetics.com\/es\/product\/verificacion-de-declaraciones-y-pruebas-de-ingredientes\/deteccion-de-acetona-verificacion-de-siniestros-sin-acetona\/#primaryimage"},"image":{"@id":"https:\/\/www.certifiedcosmetics.com\/es\/product\/verificacion-de-declaraciones-y-pruebas-de-ingredientes\/deteccion-de-acetona-verificacion-de-siniestros-sin-acetona\/#primaryimage"},"thumbnailUrl":"https:\/\/www.certifiedcosmetics.com\/wp-content\/uploads\/2025\/07\/Acetone-Detection-Acetone-Free-Claim-Verification.jpg","datePublished":"2025-07-04T15:07:53+00:00","description":"Valida tu etiqueta \"Sin acetona\" con pruebas de laboratorio profesionales y detecci\u00f3n para la confianza del consumidor.","breadcrumb":{"@id":"https:\/\/www.certifiedcosmetics.com\/es\/product\/verificacion-de-declaraciones-y-pruebas-de-ingredientes\/deteccion-de-acetona-verificacion-de-siniestros-sin-acetona\/#breadcrumb"},"inLanguage":"es","potentialAction":[{"@type":"ReadAction","target":["https:\/\/www.certifiedcosmetics.com\/es\/product\/verificacion-de-declaraciones-y-pruebas-de-ingredientes\/deteccion-de-acetona-verificacion-de-siniestros-sin-acetona\/"]}]},{"@type":"ImageObject","inLanguage":"es","@id":"https:\/\/www.certifiedcosmetics.com\/es\/product\/verificacion-de-declaraciones-y-pruebas-de-ingredientes\/deteccion-de-acetona-verificacion-de-siniestros-sin-acetona\/#primaryimage","url":"https:\/\/www.certifiedcosmetics.com\/wp-content\/uploads\/2025\/07\/Acetone-Detection-Acetone-Free-Claim-Verification.jpg","contentUrl":"https:\/\/www.certifiedcosmetics.com\/wp-content\/uploads\/2025\/07\/Acetone-Detection-Acetone-Free-Claim-Verification.jpg","width":800,"height":800},{"@type":"BreadcrumbList","@id":"https:\/\/www.certifiedcosmetics.com\/es\/product\/verificacion-de-declaraciones-y-pruebas-de-ingredientes\/deteccion-de-acetona-verificacion-de-siniestros-sin-acetona\/#breadcrumb","itemListElement":[{"@type":"ListItem","position":1,"name":"Home","item":"https:\/\/www.certifiedcosmetics.com\/es\/"},{"@type":"ListItem","position":2,"name":"Tienda","item":"https:\/\/www.certifiedcosmetics.com\/es\/tienda\/"},{"@type":"ListItem","position":3,"name":"Detecci\u00f3n de acetona &#8211; Verificaci\u00f3n de siniestros sin acetona"}]},{"@type":"WebSite","@id":"https:\/\/www.certifiedcosmetics.com\/es\/#website","url":"https:\/\/www.certifiedcosmetics.com\/es\/","name":"Certified Cosmetics","description":"Cosmetic Testing","publisher":{"@id":"https:\/\/www.certifiedcosmetics.com\/es\/#organization"},"potentialAction":[{"@type":"SearchAction","target":{"@type":"EntryPoint","urlTemplate":"https:\/\/www.certifiedcosmetics.com\/es\/?s={search_term_string}"},"query-input":{"@type":"PropertyValueSpecification","valueRequired":true,"valueName":"search_term_string"}}],"inLanguage":"es"},{"@type":"Organization","@id":"https:\/\/www.certifiedcosmetics.com\/es\/#organization","name":"Certified Cosmetics","url":"https:\/\/www.certifiedcosmetics.com\/es\/","logo":{"@type":"ImageObject","inLanguage":"es","@id":"https:\/\/www.certifiedcosmetics.com\/es\/#\/schema\/logo\/image\/","url":"https:\/\/www.certifiedcosmetics.com\/wp-content\/uploads\/2024\/12\/logo_certified_cosmetics696.jpg","contentUrl":"https:\/\/www.certifiedcosmetics.com\/wp-content\/uploads\/2024\/12\/logo_certified_cosmetics696.jpg","width":696,"height":696,"caption":"Certified Cosmetics"},"image":{"@id":"https:\/\/www.certifiedcosmetics.com\/es\/#\/schema\/logo\/image\/"},"description":"Your trusted partner for cosmetic product safety reporting. We take care of updating all of your documentation, ensuring your compliance stays current even as regulations evolve. The Cosmetic Product Safety Assessment will give you everything you need to sell specific products to EU consumers.","email":"contact@certifiedcosmetics.com","telephone":"+31 36 2036384","legalName":"Certified Cosmetics","foundingDate":"2010-01-01","vatID":"NL854189543B01","numberOfEmployees":{"@type":"QuantitativeValue","minValue":"11","maxValue":"50"}}]},"product_price_amount":"175.41","product_price_currency":"USD","og_availability":"instock","product_availability":"instock","product_retailer_item_id":"CC100013","product_condition":"new"},"_links":{"self":[{"href":"https:\/\/www.certifiedcosmetics.com\/es\/wp-json\/wp\/v2\/product\/12297","targetHints":{"allow":["GET"]}}],"collection":[{"href":"https:\/\/www.certifiedcosmetics.com\/es\/wp-json\/wp\/v2\/product"}],"about":[{"href":"https:\/\/www.certifiedcosmetics.com\/es\/wp-json\/wp\/v2\/types\/product"}],"wp:featuredmedia":[{"embeddable":true,"href":"https:\/\/www.certifiedcosmetics.com\/es\/wp-json\/wp\/v2\/media\/12102"}],"wp:attachment":[{"href":"https:\/\/www.certifiedcosmetics.com\/es\/wp-json\/wp\/v2\/media?parent=12297"}],"wp:term":[{"taxonomy":"product_brand","embeddable":true,"href":"https:\/\/www.certifiedcosmetics.com\/es\/wp-json\/wp\/v2\/product_brand?post=12297"},{"taxonomy":"product_cat","embeddable":true,"href":"https:\/\/www.certifiedcosmetics.com\/es\/wp-json\/wp\/v2\/product_cat?post=12297"},{"taxonomy":"product_tag","embeddable":true,"href":"https:\/\/www.certifiedcosmetics.com\/es\/wp-json\/wp\/v2\/product_tag?post=12297"}],"curies":[{"name":"wp","href":"https:\/\/api.w.org\/{rel}","templated":true}]}}