{"id":12292,"date":"2025-07-04T16:08:05","date_gmt":"2025-07-04T15:08:05","guid":{"rendered":"https:\/\/www.certifiedcosmetics.com\/product\/sin%20categor\u00eda\/deteccion-de-colorantes-sinteticos-verificacion-de-siniestralidad-de-colorantes-sinteticos\/"},"modified":"2025-12-12T11:09:21","modified_gmt":"2025-12-12T10:09:21","slug":"deteccion-de-colorantes-sinteticos-verificacion-de-siniestralidad-de-colorantes-sinteticos","status":"publish","type":"product","link":"https:\/\/www.certifiedcosmetics.com\/es\/product\/verificacion-de-declaraciones-y-pruebas-de-ingredientes\/deteccion-de-colorantes-sinteticos-verificacion-de-siniestralidad-de-colorantes-sinteticos\/","title":{"rendered":"Detecci\u00f3n de colorantes sint\u00e9ticos &#8211; Verificaci\u00f3n de siniestralidad de colorantes sint\u00e9ticos"},"content":{"rendered":"<h2>\u00bfQu\u00e9 son los colorantes sint\u00e9ticos?<\/h2>\n<p>Los colorantes sint\u00e9ticos, tambi\u00e9n conocidos como colorantes o pigmentos artificiales, son compuestos fabricados qu\u00edmicamente que se utilizan para dar colores espec\u00edficos a los productos. Aunque su uso est\u00e1 muy extendido, pueden ser motivo de preocupaci\u00f3n para los consumidores que buscan f\u00f3rmulas &#8220;m\u00e1s limpias&#8221; o m\u00e1s &#8220;naturales&#8221;, o para quienes tienen sensibilidad a los ingredientes artificiales. <\/p>\n<h2>\u00bfPor qu\u00e9 es importante la detecci\u00f3n de colorantes sint\u00e9ticos?<\/h2>\n<p>Para las marcas que promueven la belleza &#8220;natural&#8221; o &#8220;limpia&#8221;, evitar los colorantes sint\u00e9ticos suele ser un principio b\u00e1sico. Este servicio te ayuda: <\/p>\n<ul>\n<li><strong>Verifica las afirmaciones &#8220;Sin colorantes sint\u00e9ticos&#8221;:<\/strong> Emplea t\u00e9cnicas anal\u00edticas avanzadas para confirmar la ausencia de colorantes y pigmentos artificiales en tus f\u00f3rmulas.<\/li>\n<li><strong>Alinearse con la filosof\u00eda de la marca:<\/strong> Refuerza tu compromiso con la est\u00e9tica natural y la transparencia de los ingredientes.<\/li>\n<li><strong>Atiende a los consumidores conscientes:<\/strong> Atrae a un segmento creciente de consumidores que dan prioridad a los productos sin aditivos artificiales.<\/li>\n<\/ul>\n<h2>Detecci\u00f3n de colorantes sint\u00e9ticos<\/h2>\n<p>Nuestro laboratorio emplea t\u00e9cnicas anal\u00edticas avanzadas para confirmar la ausencia de colorantes y pigmentos artificiales en tus f\u00f3rmulas. Esta verificaci\u00f3n permite a las marcas afirmar con confianza que est\u00e1n &#8220;libres de colorantes sint\u00e9ticos&#8221;, lo que atrae a los consumidores que buscan una est\u00e9tica de producto m\u00e1s natural. <\/p>\n<p>No dudes en ponerte en contacto con nosotros para asegurarte de que tus productos satisfacen las demandas del mercado y superan las expectativas de calidad.<\/p>\n","protected":false},"excerpt":{"rendered":"<p>\u00bfQu\u00e9 son los colorantes sint\u00e9ticos? Los colorantes sint\u00e9ticos, tambi\u00e9n conocidos como colorantes o pigmentos artificiales, son compuestos fabricados qu\u00edmicamente que se utilizan para dar colores espec\u00edficos a los productos. Aunque su uso est\u00e1 muy extendido, pueden ser motivo de preocupaci\u00f3n para los consumidores que buscan f\u00f3rmulas &#8220;m\u00e1s limpias&#8221; o m\u00e1s &#8220;naturales&#8221;, o para quienes tienen&#8230;<\/p>\n","protected":false},"featured_media":12228,"template":"","meta":[],"product_brand":[],"product_cat":[439],"product_tag":[],"class_list":{"0":"post-12292","1":"product","2":"type-product","3":"status-publish","4":"has-post-thumbnail","6":"product_cat-verificacion-de-declaraciones-y-pruebas-de-ingredientes","8":"first","9":"instock","10":"virtual","11":"taxable","12":"purchasable","13":"product-type-simple"},"bundled_by":[],"bundle_stock_status":"instock","bundle_stock_quantity":null,"bundle_virtual":false,"bundle_layout":"","bundle_add_to_cart_form_location":"","bundle_editable_in_cart":false,"bundle_sold_individually_context":"","bundle_item_grouping":"","bundle_min_size":"","bundle_max_size":"","bundle_price":[],"bundled_items":[],"bundle_sell_ids":[],"yoast_head":"<!-- This site is optimized with the Yoast SEO Premium plugin v25.4 (Yoast SEO v25.4) - https:\/\/yoast.com\/wordpress\/plugins\/seo\/ -->\n<title>Detecci\u00f3n de colorantes sint\u00e9ticos - Verificaci\u00f3n de siniestralidad de colorantes sint\u00e9ticos<\/title>\n<meta name=\"description\" content=\"Verifica tu formulaci\u00f3n sin colorantes con pruebas y an\u00e1lisis de laboratorio expertos.\" \/>\n<meta name=\"robots\" content=\"index, follow, max-snippet:-1, max-image-preview:large, max-video-preview:-1\" \/>\n<link rel=\"canonical\" href=\"https:\/\/www.certifiedcosmetics.com\/es\/product\/verificacion-de-declaraciones-y-pruebas-de-ingredientes\/deteccion-de-colorantes-sinteticos-verificacion-de-siniestralidad-de-colorantes-sinteticos\/\" \/>\n<meta property=\"og:locale\" content=\"es_ES\" \/>\n<meta property=\"og:type\" content=\"article\" \/>\n<meta property=\"og:title\" content=\"Detecci\u00f3n de colorantes sint\u00e9ticos - Verificaci\u00f3n de siniestralidad de colorantes sint\u00e9ticos\" \/>\n<meta property=\"og:description\" content=\"Verifica tu formulaci\u00f3n sin colorantes con pruebas y an\u00e1lisis de laboratorio expertos.\" \/>\n<meta property=\"og:url\" content=\"https:\/\/www.certifiedcosmetics.com\/es\/product\/verificacion-de-declaraciones-y-pruebas-de-ingredientes\/deteccion-de-colorantes-sinteticos-verificacion-de-siniestralidad-de-colorantes-sinteticos\/\" \/>\n<meta property=\"og:site_name\" content=\"Certified Cosmetics\" \/>\n<meta property=\"article:modified_time\" content=\"2025-12-12T10:09:21+00:00\" \/>\n<meta property=\"og:image\" content=\"https:\/\/www.certifiedcosmetics.com\/wp-content\/uploads\/2025\/07\/Synthetic-Colorant-Detection-Synthetic-Colorant-Free-Claim-Verification.jpg\" \/>\n\t<meta property=\"og:image:width\" content=\"800\" \/>\n\t<meta property=\"og:image:height\" content=\"800\" \/>\n\t<meta property=\"og:image:type\" content=\"image\/jpeg\" \/>\n<meta name=\"twitter:card\" content=\"summary_large_image\" \/>\n<meta name=\"twitter:label1\" content=\"Precio\" \/>\n\t<meta name=\"twitter:data1\" content=\"&#036;175.41\" \/>\n\t<meta name=\"twitter:label2\" content=\"Disponibilidad\" \/>\n\t<meta name=\"twitter:data2\" content=\"Disponible\" \/>\n<script type=\"application\/ld+json\" class=\"yoast-schema-graph\">{\"@context\":\"https:\/\/schema.org\",\"@graph\":[{\"@type\":\"WebPage\",\"@id\":\"https:\/\/www.certifiedcosmetics.com\/es\/product\/verificacion-de-declaraciones-y-pruebas-de-ingredientes\/deteccion-de-colorantes-sinteticos-verificacion-de-siniestralidad-de-colorantes-sinteticos\/\",\"url\":\"https:\/\/www.certifiedcosmetics.com\/es\/product\/verificacion-de-declaraciones-y-pruebas-de-ingredientes\/deteccion-de-colorantes-sinteticos-verificacion-de-siniestralidad-de-colorantes-sinteticos\/\",\"name\":\"Detecci\u00f3n de colorantes sint\u00e9ticos - Verificaci\u00f3n de siniestralidad de colorantes sint\u00e9ticos\",\"isPartOf\":{\"@id\":\"https:\/\/www.certifiedcosmetics.com\/es\/#website\"},\"primaryImageOfPage\":{\"@id\":\"https:\/\/www.certifiedcosmetics.com\/es\/product\/verificacion-de-declaraciones-y-pruebas-de-ingredientes\/deteccion-de-colorantes-sinteticos-verificacion-de-siniestralidad-de-colorantes-sinteticos\/#primaryimage\"},\"image\":{\"@id\":\"https:\/\/www.certifiedcosmetics.com\/es\/product\/verificacion-de-declaraciones-y-pruebas-de-ingredientes\/deteccion-de-colorantes-sinteticos-verificacion-de-siniestralidad-de-colorantes-sinteticos\/#primaryimage\"},\"thumbnailUrl\":\"https:\/\/www.certifiedcosmetics.com\/wp-content\/uploads\/2025\/07\/Synthetic-Colorant-Detection-Synthetic-Colorant-Free-Claim-Verification.jpg\",\"datePublished\":\"2025-07-04T15:08:05+00:00\",\"dateModified\":\"2025-12-12T10:09:21+00:00\",\"description\":\"Verifica tu formulaci\u00f3n sin colorantes con pruebas y an\u00e1lisis de laboratorio expertos.\",\"breadcrumb\":{\"@id\":\"https:\/\/www.certifiedcosmetics.com\/es\/product\/verificacion-de-declaraciones-y-pruebas-de-ingredientes\/deteccion-de-colorantes-sinteticos-verificacion-de-siniestralidad-de-colorantes-sinteticos\/#breadcrumb\"},\"inLanguage\":\"es\",\"potentialAction\":[{\"@type\":\"ReadAction\",\"target\":[\"https:\/\/www.certifiedcosmetics.com\/es\/product\/verificacion-de-declaraciones-y-pruebas-de-ingredientes\/deteccion-de-colorantes-sinteticos-verificacion-de-siniestralidad-de-colorantes-sinteticos\/\"]}]},{\"@type\":\"ImageObject\",\"inLanguage\":\"es\",\"@id\":\"https:\/\/www.certifiedcosmetics.com\/es\/product\/verificacion-de-declaraciones-y-pruebas-de-ingredientes\/deteccion-de-colorantes-sinteticos-verificacion-de-siniestralidad-de-colorantes-sinteticos\/#primaryimage\",\"url\":\"https:\/\/www.certifiedcosmetics.com\/wp-content\/uploads\/2025\/07\/Synthetic-Colorant-Detection-Synthetic-Colorant-Free-Claim-Verification.jpg\",\"contentUrl\":\"https:\/\/www.certifiedcosmetics.com\/wp-content\/uploads\/2025\/07\/Synthetic-Colorant-Detection-Synthetic-Colorant-Free-Claim-Verification.jpg\",\"width\":800,\"height\":800},{\"@type\":\"BreadcrumbList\",\"@id\":\"https:\/\/www.certifiedcosmetics.com\/es\/product\/verificacion-de-declaraciones-y-pruebas-de-ingredientes\/deteccion-de-colorantes-sinteticos-verificacion-de-siniestralidad-de-colorantes-sinteticos\/#breadcrumb\",\"itemListElement\":[{\"@type\":\"ListItem\",\"position\":1,\"name\":\"Home\",\"item\":\"https:\/\/www.certifiedcosmetics.com\/es\/\"},{\"@type\":\"ListItem\",\"position\":2,\"name\":\"Tienda\",\"item\":\"https:\/\/www.certifiedcosmetics.com\/es\/tienda\/\"},{\"@type\":\"ListItem\",\"position\":3,\"name\":\"Detecci\u00f3n de colorantes sint\u00e9ticos &#8211; Verificaci\u00f3n de siniestralidad de colorantes sint\u00e9ticos\"}]},{\"@type\":\"WebSite\",\"@id\":\"https:\/\/www.certifiedcosmetics.com\/es\/#website\",\"url\":\"https:\/\/www.certifiedcosmetics.com\/es\/\",\"name\":\"Certified Cosmetics\",\"description\":\"Cosmetic Testing\",\"publisher\":{\"@id\":\"https:\/\/www.certifiedcosmetics.com\/es\/#organization\"},\"potentialAction\":[{\"@type\":\"SearchAction\",\"target\":{\"@type\":\"EntryPoint\",\"urlTemplate\":\"https:\/\/www.certifiedcosmetics.com\/es\/?s={search_term_string}\"},\"query-input\":{\"@type\":\"PropertyValueSpecification\",\"valueRequired\":true,\"valueName\":\"search_term_string\"}}],\"inLanguage\":\"es\"},{\"@type\":\"Organization\",\"@id\":\"https:\/\/www.certifiedcosmetics.com\/es\/#organization\",\"name\":\"Certified Cosmetics\",\"url\":\"https:\/\/www.certifiedcosmetics.com\/es\/\",\"logo\":{\"@type\":\"ImageObject\",\"inLanguage\":\"es\",\"@id\":\"https:\/\/www.certifiedcosmetics.com\/es\/#\/schema\/logo\/image\/\",\"url\":\"https:\/\/www.certifiedcosmetics.com\/wp-content\/uploads\/2024\/12\/logo_certified_cosmetics696.jpg\",\"contentUrl\":\"https:\/\/www.certifiedcosmetics.com\/wp-content\/uploads\/2024\/12\/logo_certified_cosmetics696.jpg\",\"width\":696,\"height\":696,\"caption\":\"Certified Cosmetics\"},\"image\":{\"@id\":\"https:\/\/www.certifiedcosmetics.com\/es\/#\/schema\/logo\/image\/\"},\"description\":\"Your trusted partner for cosmetic product safety reporting. We take care of updating all of your documentation, ensuring your compliance stays current even as regulations evolve. The Cosmetic Product Safety Assessment will give you everything you need to sell specific products to EU consumers.\",\"email\":\"contact@certifiedcosmetics.com\",\"telephone\":\"+31 36 2036384\",\"legalName\":\"Certified Cosmetics\",\"foundingDate\":\"2010-01-01\",\"vatID\":\"NL854189543B01\",\"numberOfEmployees\":{\"@type\":\"QuantitativeValue\",\"minValue\":\"11\",\"maxValue\":\"50\"}}]}<\/script>\n<meta property=\"product:price:amount\" content=\"175.41\" \/>\n<meta property=\"product:price:currency\" content=\"USD\" \/>\n<meta property=\"og:availability\" content=\"instock\" \/>\n<meta property=\"product:availability\" content=\"instock\" \/>\n<meta property=\"product:condition\" content=\"new\" \/>\n<!-- \/ Yoast SEO Premium plugin. -->","yoast_head_json":{"title":"Detecci\u00f3n de colorantes sint\u00e9ticos - Verificaci\u00f3n de siniestralidad de colorantes sint\u00e9ticos","description":"Verifica tu formulaci\u00f3n sin colorantes con pruebas y an\u00e1lisis de laboratorio expertos.","robots":{"index":"index","follow":"follow","max-snippet":"max-snippet:-1","max-image-preview":"max-image-preview:large","max-video-preview":"max-video-preview:-1"},"canonical":"https:\/\/www.certifiedcosmetics.com\/es\/product\/verificacion-de-declaraciones-y-pruebas-de-ingredientes\/deteccion-de-colorantes-sinteticos-verificacion-de-siniestralidad-de-colorantes-sinteticos\/","og_locale":"es_ES","og_type":"article","og_title":"Detecci\u00f3n de colorantes sint\u00e9ticos - Verificaci\u00f3n de siniestralidad de colorantes sint\u00e9ticos","og_description":"Verifica tu formulaci\u00f3n sin colorantes con pruebas y an\u00e1lisis de laboratorio expertos.","og_url":"https:\/\/www.certifiedcosmetics.com\/es\/product\/verificacion-de-declaraciones-y-pruebas-de-ingredientes\/deteccion-de-colorantes-sinteticos-verificacion-de-siniestralidad-de-colorantes-sinteticos\/","og_site_name":"Certified Cosmetics","article_modified_time":"2025-12-12T10:09:21+00:00","og_image":[{"width":800,"height":800,"url":"https:\/\/www.certifiedcosmetics.com\/wp-content\/uploads\/2025\/07\/Synthetic-Colorant-Detection-Synthetic-Colorant-Free-Claim-Verification.jpg","type":"image\/jpeg"}],"twitter_card":"summary_large_image","twitter_misc":{"Precio":"&#36;175.41","Disponibilidad":"Disponible"},"schema":{"@context":"https:\/\/schema.org","@graph":[{"@type":"WebPage","@id":"https:\/\/www.certifiedcosmetics.com\/es\/product\/verificacion-de-declaraciones-y-pruebas-de-ingredientes\/deteccion-de-colorantes-sinteticos-verificacion-de-siniestralidad-de-colorantes-sinteticos\/","url":"https:\/\/www.certifiedcosmetics.com\/es\/product\/verificacion-de-declaraciones-y-pruebas-de-ingredientes\/deteccion-de-colorantes-sinteticos-verificacion-de-siniestralidad-de-colorantes-sinteticos\/","name":"Detecci\u00f3n de colorantes sint\u00e9ticos - Verificaci\u00f3n de siniestralidad de colorantes sint\u00e9ticos","isPartOf":{"@id":"https:\/\/www.certifiedcosmetics.com\/es\/#website"},"primaryImageOfPage":{"@id":"https:\/\/www.certifiedcosmetics.com\/es\/product\/verificacion-de-declaraciones-y-pruebas-de-ingredientes\/deteccion-de-colorantes-sinteticos-verificacion-de-siniestralidad-de-colorantes-sinteticos\/#primaryimage"},"image":{"@id":"https:\/\/www.certifiedcosmetics.com\/es\/product\/verificacion-de-declaraciones-y-pruebas-de-ingredientes\/deteccion-de-colorantes-sinteticos-verificacion-de-siniestralidad-de-colorantes-sinteticos\/#primaryimage"},"thumbnailUrl":"https:\/\/www.certifiedcosmetics.com\/wp-content\/uploads\/2025\/07\/Synthetic-Colorant-Detection-Synthetic-Colorant-Free-Claim-Verification.jpg","datePublished":"2025-07-04T15:08:05+00:00","dateModified":"2025-12-12T10:09:21+00:00","description":"Verifica tu formulaci\u00f3n sin colorantes con pruebas y an\u00e1lisis de laboratorio expertos.","breadcrumb":{"@id":"https:\/\/www.certifiedcosmetics.com\/es\/product\/verificacion-de-declaraciones-y-pruebas-de-ingredientes\/deteccion-de-colorantes-sinteticos-verificacion-de-siniestralidad-de-colorantes-sinteticos\/#breadcrumb"},"inLanguage":"es","potentialAction":[{"@type":"ReadAction","target":["https:\/\/www.certifiedcosmetics.com\/es\/product\/verificacion-de-declaraciones-y-pruebas-de-ingredientes\/deteccion-de-colorantes-sinteticos-verificacion-de-siniestralidad-de-colorantes-sinteticos\/"]}]},{"@type":"ImageObject","inLanguage":"es","@id":"https:\/\/www.certifiedcosmetics.com\/es\/product\/verificacion-de-declaraciones-y-pruebas-de-ingredientes\/deteccion-de-colorantes-sinteticos-verificacion-de-siniestralidad-de-colorantes-sinteticos\/#primaryimage","url":"https:\/\/www.certifiedcosmetics.com\/wp-content\/uploads\/2025\/07\/Synthetic-Colorant-Detection-Synthetic-Colorant-Free-Claim-Verification.jpg","contentUrl":"https:\/\/www.certifiedcosmetics.com\/wp-content\/uploads\/2025\/07\/Synthetic-Colorant-Detection-Synthetic-Colorant-Free-Claim-Verification.jpg","width":800,"height":800},{"@type":"BreadcrumbList","@id":"https:\/\/www.certifiedcosmetics.com\/es\/product\/verificacion-de-declaraciones-y-pruebas-de-ingredientes\/deteccion-de-colorantes-sinteticos-verificacion-de-siniestralidad-de-colorantes-sinteticos\/#breadcrumb","itemListElement":[{"@type":"ListItem","position":1,"name":"Home","item":"https:\/\/www.certifiedcosmetics.com\/es\/"},{"@type":"ListItem","position":2,"name":"Tienda","item":"https:\/\/www.certifiedcosmetics.com\/es\/tienda\/"},{"@type":"ListItem","position":3,"name":"Detecci\u00f3n de colorantes sint\u00e9ticos &#8211; Verificaci\u00f3n de siniestralidad de colorantes sint\u00e9ticos"}]},{"@type":"WebSite","@id":"https:\/\/www.certifiedcosmetics.com\/es\/#website","url":"https:\/\/www.certifiedcosmetics.com\/es\/","name":"Certified Cosmetics","description":"Cosmetic Testing","publisher":{"@id":"https:\/\/www.certifiedcosmetics.com\/es\/#organization"},"potentialAction":[{"@type":"SearchAction","target":{"@type":"EntryPoint","urlTemplate":"https:\/\/www.certifiedcosmetics.com\/es\/?s={search_term_string}"},"query-input":{"@type":"PropertyValueSpecification","valueRequired":true,"valueName":"search_term_string"}}],"inLanguage":"es"},{"@type":"Organization","@id":"https:\/\/www.certifiedcosmetics.com\/es\/#organization","name":"Certified Cosmetics","url":"https:\/\/www.certifiedcosmetics.com\/es\/","logo":{"@type":"ImageObject","inLanguage":"es","@id":"https:\/\/www.certifiedcosmetics.com\/es\/#\/schema\/logo\/image\/","url":"https:\/\/www.certifiedcosmetics.com\/wp-content\/uploads\/2024\/12\/logo_certified_cosmetics696.jpg","contentUrl":"https:\/\/www.certifiedcosmetics.com\/wp-content\/uploads\/2024\/12\/logo_certified_cosmetics696.jpg","width":696,"height":696,"caption":"Certified Cosmetics"},"image":{"@id":"https:\/\/www.certifiedcosmetics.com\/es\/#\/schema\/logo\/image\/"},"description":"Your trusted partner for cosmetic product safety reporting. We take care of updating all of your documentation, ensuring your compliance stays current even as regulations evolve. The Cosmetic Product Safety Assessment will give you everything you need to sell specific products to EU consumers.","email":"contact@certifiedcosmetics.com","telephone":"+31 36 2036384","legalName":"Certified Cosmetics","foundingDate":"2010-01-01","vatID":"NL854189543B01","numberOfEmployees":{"@type":"QuantitativeValue","minValue":"11","maxValue":"50"}}]},"product_price_amount":"175.41","product_price_currency":"USD","og_availability":"instock","product_availability":"instock","product_condition":"new"},"_links":{"self":[{"href":"https:\/\/www.certifiedcosmetics.com\/es\/wp-json\/wp\/v2\/product\/12292","targetHints":{"allow":["GET"]}}],"collection":[{"href":"https:\/\/www.certifiedcosmetics.com\/es\/wp-json\/wp\/v2\/product"}],"about":[{"href":"https:\/\/www.certifiedcosmetics.com\/es\/wp-json\/wp\/v2\/types\/product"}],"wp:featuredmedia":[{"embeddable":true,"href":"https:\/\/www.certifiedcosmetics.com\/es\/wp-json\/wp\/v2\/media\/12228"}],"wp:attachment":[{"href":"https:\/\/www.certifiedcosmetics.com\/es\/wp-json\/wp\/v2\/media?parent=12292"}],"wp:term":[{"taxonomy":"product_brand","embeddable":true,"href":"https:\/\/www.certifiedcosmetics.com\/es\/wp-json\/wp\/v2\/product_brand?post=12292"},{"taxonomy":"product_cat","embeddable":true,"href":"https:\/\/www.certifiedcosmetics.com\/es\/wp-json\/wp\/v2\/product_cat?post=12292"},{"taxonomy":"product_tag","embeddable":true,"href":"https:\/\/www.certifiedcosmetics.com\/es\/wp-json\/wp\/v2\/product_tag?post=12292"}],"curies":[{"name":"wp","href":"https:\/\/api.w.org\/{rel}","templated":true}]}}