{"id":12280,"date":"2025-07-04T16:08:01","date_gmt":"2025-07-04T15:08:01","guid":{"rendered":"https:\/\/www.certifiedcosmetics.com\/product\/sin categor\u00eda\/deteccion-de-sal-verificacion-de-siniestros-sin-sal\/"},"modified":"2025-07-04T16:08:01","modified_gmt":"2025-07-04T15:08:01","slug":"deteccion-de-sal-verificacion-de-siniestros-sin-sal","status":"publish","type":"product","link":"https:\/\/www.certifiedcosmetics.com\/es\/product\/verificacion-de-declaraciones-y-pruebas-de-ingredientes\/deteccion-de-sal-verificacion-de-siniestros-sin-sal\/","title":{"rendered":"Detecci\u00f3n de sal &#8211; Verificaci\u00f3n de siniestros sin sal"},"content":{"rendered":"<h2>\u00bfQu\u00e9 es la sal?<\/h2>\n<p>La sal, principalmente el cloruro s\u00f3dico, es un compuesto com\u00fan que se encuentra en muchos productos. En determinadas aplicaciones de cuidado personal, como formulaciones espec\u00edficas para el cuidado del cabello o productos dise\u00f1ados para pieles muy sensibles, la presencia de sal a\u00f1adida puede ser indeseable debido a sus posibles efectos desecantes o a su impacto en el rendimiento del producto. <\/p>\n<h2>\u00bfPor qu\u00e9 es importante la detecci\u00f3n de sal?<\/h2>\n<p>En determinadas aplicaciones de cuidado personal, una declaraci\u00f3n &#8220;sin sal&#8221; puede ser un elemento diferenciador clave. Este servicio te ayuda: <\/p>\n<ul>\n<li><strong>Verifica las declaraciones &#8220;Sin sal&#8221;:<\/strong> Identifica y cuantifica con precisi\u00f3n el contenido de sal (cloruro s\u00f3dico) de tus productos.<\/li>\n<li><strong>Satisfacer las demandas de nichos de mercado:<\/strong> Atiende a las preferencias espec\u00edficas de los consumidores de f\u00f3rmulas sin sal a\u00f1adida.<\/li>\n<li><strong>Optimiza el rendimiento del producto:<\/strong> Aseg\u00farate de que tus productos cumplen los requisitos espec\u00edficos de formulaci\u00f3n cuando el contenido de sal sea un factor.<\/li>\n<\/ul>\n<h2>Detecci\u00f3n de sal<\/h2>\n<p>Nuestro laboratorio identifica y cuantifica con precisi\u00f3n el contenido de sal (cloruro s\u00f3dico) en tus productos. Esto permite a las marcas verificar cient\u00edficamente sus afirmaciones &#8220;sin sal&#8221;, atendiendo a las demandas de nichos de mercado y a requisitos espec\u00edficos de formulaci\u00f3n. <\/p>\n<p>No dudes en ponerte en contacto con nosotros para asegurarte de que tus productos satisfacen las demandas del mercado y superan las expectativas de calidad.<\/p>\n","protected":false},"excerpt":{"rendered":"<p>\u00bfQu\u00e9 es la sal? La sal, principalmente el cloruro s\u00f3dico, es un compuesto com\u00fan que se encuentra en muchos productos. En determinadas aplicaciones de cuidado personal, como formulaciones espec\u00edficas para el cuidado del cabello o productos dise\u00f1ados para pieles muy sensibles, la presencia de sal a\u00f1adida puede ser indeseable debido a sus posibles efectos desecantes&#8230;<\/p>\n","protected":false},"featured_media":12198,"template":"","meta":[],"product_brand":[],"product_cat":[439],"product_tag":[],"class_list":{"0":"post-12280","1":"product","2":"type-product","3":"status-publish","4":"has-post-thumbnail","6":"product_cat-verificacion-de-declaraciones-y-pruebas-de-ingredientes","8":"first","9":"instock","10":"virtual","11":"taxable","12":"purchasable","13":"product-type-simple"},"bundled_by":[],"bundle_stock_status":"instock","bundle_stock_quantity":null,"bundle_virtual":false,"bundle_layout":"","bundle_add_to_cart_form_location":"","bundle_editable_in_cart":false,"bundle_sold_individually_context":"","bundle_item_grouping":"","bundle_min_size":"","bundle_max_size":"","bundle_price":[],"bundled_items":[],"bundle_sell_ids":[],"yoast_head":"<!-- This site is optimized with the Yoast SEO Premium plugin v25.4 (Yoast SEO v25.4) - https:\/\/yoast.com\/wordpress\/plugins\/seo\/ -->\n<title>Detecci\u00f3n de sal - Verificaci\u00f3n de siniestros sin sal<\/title>\n<meta name=\"description\" content=\"Confirma la ausencia de sal en tu formulaci\u00f3n con pruebas de laboratorio precisas.\" \/>\n<meta name=\"robots\" content=\"index, follow, max-snippet:-1, max-image-preview:large, max-video-preview:-1\" \/>\n<link rel=\"canonical\" href=\"https:\/\/www.certifiedcosmetics.com\/es\/product\/verificacion-de-declaraciones-y-pruebas-de-ingredientes\/deteccion-de-sal-verificacion-de-siniestros-sin-sal\/\" \/>\n<meta property=\"og:locale\" content=\"es_ES\" \/>\n<meta property=\"og:type\" content=\"article\" \/>\n<meta property=\"og:title\" content=\"Detecci\u00f3n de sal - Verificaci\u00f3n de siniestros sin sal\" \/>\n<meta property=\"og:description\" content=\"Confirma la ausencia de sal en tu formulaci\u00f3n con pruebas de laboratorio precisas.\" \/>\n<meta property=\"og:url\" content=\"https:\/\/www.certifiedcosmetics.com\/es\/product\/verificacion-de-declaraciones-y-pruebas-de-ingredientes\/deteccion-de-sal-verificacion-de-siniestros-sin-sal\/\" \/>\n<meta property=\"og:site_name\" content=\"Certified Cosmetics\" \/>\n<meta property=\"og:image\" content=\"https:\/\/www.certifiedcosmetics.com\/wp-content\/uploads\/2025\/07\/Salt-Detection-Salt-Free-Claim-Verification.jpg\" \/>\n\t<meta property=\"og:image:width\" content=\"800\" \/>\n\t<meta property=\"og:image:height\" content=\"800\" \/>\n\t<meta property=\"og:image:type\" content=\"image\/jpeg\" \/>\n<meta name=\"twitter:card\" content=\"summary_large_image\" \/>\n<meta name=\"twitter:label1\" content=\"Precio\" \/>\n\t<meta name=\"twitter:data1\" content=\"&#036;175.41\" \/>\n\t<meta name=\"twitter:label2\" content=\"Disponibilidad\" \/>\n\t<meta name=\"twitter:data2\" content=\"Disponible\" \/>\n<script type=\"application\/ld+json\" class=\"yoast-schema-graph\">{\"@context\":\"https:\/\/schema.org\",\"@graph\":[{\"@type\":\"WebPage\",\"@id\":\"https:\/\/www.certifiedcosmetics.com\/es\/product\/verificacion-de-declaraciones-y-pruebas-de-ingredientes\/deteccion-de-sal-verificacion-de-siniestros-sin-sal\/\",\"url\":\"https:\/\/www.certifiedcosmetics.com\/es\/product\/verificacion-de-declaraciones-y-pruebas-de-ingredientes\/deteccion-de-sal-verificacion-de-siniestros-sin-sal\/\",\"name\":\"Detecci\u00f3n de sal - Verificaci\u00f3n de siniestros sin sal\",\"isPartOf\":{\"@id\":\"https:\/\/www.certifiedcosmetics.com\/es\/#website\"},\"primaryImageOfPage\":{\"@id\":\"https:\/\/www.certifiedcosmetics.com\/es\/product\/verificacion-de-declaraciones-y-pruebas-de-ingredientes\/deteccion-de-sal-verificacion-de-siniestros-sin-sal\/#primaryimage\"},\"image\":{\"@id\":\"https:\/\/www.certifiedcosmetics.com\/es\/product\/verificacion-de-declaraciones-y-pruebas-de-ingredientes\/deteccion-de-sal-verificacion-de-siniestros-sin-sal\/#primaryimage\"},\"thumbnailUrl\":\"https:\/\/www.certifiedcosmetics.com\/wp-content\/uploads\/2025\/07\/Salt-Detection-Salt-Free-Claim-Verification.jpg\",\"datePublished\":\"2025-07-04T15:08:01+00:00\",\"description\":\"Confirma la ausencia de sal en tu formulaci\u00f3n con pruebas de laboratorio precisas.\",\"breadcrumb\":{\"@id\":\"https:\/\/www.certifiedcosmetics.com\/es\/product\/verificacion-de-declaraciones-y-pruebas-de-ingredientes\/deteccion-de-sal-verificacion-de-siniestros-sin-sal\/#breadcrumb\"},\"inLanguage\":\"es\",\"potentialAction\":[{\"@type\":\"ReadAction\",\"target\":[\"https:\/\/www.certifiedcosmetics.com\/es\/product\/verificacion-de-declaraciones-y-pruebas-de-ingredientes\/deteccion-de-sal-verificacion-de-siniestros-sin-sal\/\"]}]},{\"@type\":\"ImageObject\",\"inLanguage\":\"es\",\"@id\":\"https:\/\/www.certifiedcosmetics.com\/es\/product\/verificacion-de-declaraciones-y-pruebas-de-ingredientes\/deteccion-de-sal-verificacion-de-siniestros-sin-sal\/#primaryimage\",\"url\":\"https:\/\/www.certifiedcosmetics.com\/wp-content\/uploads\/2025\/07\/Salt-Detection-Salt-Free-Claim-Verification.jpg\",\"contentUrl\":\"https:\/\/www.certifiedcosmetics.com\/wp-content\/uploads\/2025\/07\/Salt-Detection-Salt-Free-Claim-Verification.jpg\",\"width\":800,\"height\":800},{\"@type\":\"BreadcrumbList\",\"@id\":\"https:\/\/www.certifiedcosmetics.com\/es\/product\/verificacion-de-declaraciones-y-pruebas-de-ingredientes\/deteccion-de-sal-verificacion-de-siniestros-sin-sal\/#breadcrumb\",\"itemListElement\":[{\"@type\":\"ListItem\",\"position\":1,\"name\":\"Home\",\"item\":\"https:\/\/www.certifiedcosmetics.com\/es\/\"},{\"@type\":\"ListItem\",\"position\":2,\"name\":\"Tienda\",\"item\":\"https:\/\/www.certifiedcosmetics.com\/es\/tienda\/\"},{\"@type\":\"ListItem\",\"position\":3,\"name\":\"Detecci\u00f3n de sal &#8211; Verificaci\u00f3n de siniestros sin sal\"}]},{\"@type\":\"WebSite\",\"@id\":\"https:\/\/www.certifiedcosmetics.com\/es\/#website\",\"url\":\"https:\/\/www.certifiedcosmetics.com\/es\/\",\"name\":\"Certified Cosmetics\",\"description\":\"Cosmetic Testing\",\"publisher\":{\"@id\":\"https:\/\/www.certifiedcosmetics.com\/es\/#organization\"},\"potentialAction\":[{\"@type\":\"SearchAction\",\"target\":{\"@type\":\"EntryPoint\",\"urlTemplate\":\"https:\/\/www.certifiedcosmetics.com\/es\/?s={search_term_string}\"},\"query-input\":{\"@type\":\"PropertyValueSpecification\",\"valueRequired\":true,\"valueName\":\"search_term_string\"}}],\"inLanguage\":\"es\"},{\"@type\":\"Organization\",\"@id\":\"https:\/\/www.certifiedcosmetics.com\/es\/#organization\",\"name\":\"Certified Cosmetics\",\"url\":\"https:\/\/www.certifiedcosmetics.com\/es\/\",\"logo\":{\"@type\":\"ImageObject\",\"inLanguage\":\"es\",\"@id\":\"https:\/\/www.certifiedcosmetics.com\/es\/#\/schema\/logo\/image\/\",\"url\":\"https:\/\/www.certifiedcosmetics.com\/wp-content\/uploads\/2024\/12\/logo_certified_cosmetics696.jpg\",\"contentUrl\":\"https:\/\/www.certifiedcosmetics.com\/wp-content\/uploads\/2024\/12\/logo_certified_cosmetics696.jpg\",\"width\":696,\"height\":696,\"caption\":\"Certified Cosmetics\"},\"image\":{\"@id\":\"https:\/\/www.certifiedcosmetics.com\/es\/#\/schema\/logo\/image\/\"},\"description\":\"Your trusted partner for cosmetic product safety reporting. We take care of updating all of your documentation, ensuring your compliance stays current even as regulations evolve. The Cosmetic Product Safety Assessment will give you everything you need to sell specific products to EU consumers.\",\"email\":\"contact@certifiedcosmetics.com\",\"telephone\":\"+31 36 2036384\",\"legalName\":\"Certified Cosmetics\",\"foundingDate\":\"2010-01-01\",\"vatID\":\"NL854189543B01\",\"numberOfEmployees\":{\"@type\":\"QuantitativeValue\",\"minValue\":\"11\",\"maxValue\":\"50\"}}]}<\/script>\n<meta property=\"product:price:amount\" content=\"175.41\" \/>\n<meta property=\"product:price:currency\" content=\"USD\" \/>\n<meta property=\"og:availability\" content=\"instock\" \/>\n<meta property=\"product:availability\" content=\"instock\" \/>\n<meta property=\"product:retailer_item_id\" content=\"CC100125\" \/>\n<meta property=\"product:condition\" content=\"new\" \/>\n<!-- \/ Yoast SEO Premium plugin. -->","yoast_head_json":{"title":"Detecci\u00f3n de sal - Verificaci\u00f3n de siniestros sin sal","description":"Confirma la ausencia de sal en tu formulaci\u00f3n con pruebas de laboratorio precisas.","robots":{"index":"index","follow":"follow","max-snippet":"max-snippet:-1","max-image-preview":"max-image-preview:large","max-video-preview":"max-video-preview:-1"},"canonical":"https:\/\/www.certifiedcosmetics.com\/es\/product\/verificacion-de-declaraciones-y-pruebas-de-ingredientes\/deteccion-de-sal-verificacion-de-siniestros-sin-sal\/","og_locale":"es_ES","og_type":"article","og_title":"Detecci\u00f3n de sal - Verificaci\u00f3n de siniestros sin sal","og_description":"Confirma la ausencia de sal en tu formulaci\u00f3n con pruebas de laboratorio precisas.","og_url":"https:\/\/www.certifiedcosmetics.com\/es\/product\/verificacion-de-declaraciones-y-pruebas-de-ingredientes\/deteccion-de-sal-verificacion-de-siniestros-sin-sal\/","og_site_name":"Certified Cosmetics","og_image":[{"width":800,"height":800,"url":"https:\/\/www.certifiedcosmetics.com\/wp-content\/uploads\/2025\/07\/Salt-Detection-Salt-Free-Claim-Verification.jpg","type":"image\/jpeg"}],"twitter_card":"summary_large_image","twitter_misc":{"Precio":"&#36;175.41","Disponibilidad":"Disponible"},"schema":{"@context":"https:\/\/schema.org","@graph":[{"@type":"WebPage","@id":"https:\/\/www.certifiedcosmetics.com\/es\/product\/verificacion-de-declaraciones-y-pruebas-de-ingredientes\/deteccion-de-sal-verificacion-de-siniestros-sin-sal\/","url":"https:\/\/www.certifiedcosmetics.com\/es\/product\/verificacion-de-declaraciones-y-pruebas-de-ingredientes\/deteccion-de-sal-verificacion-de-siniestros-sin-sal\/","name":"Detecci\u00f3n de sal - Verificaci\u00f3n de siniestros sin sal","isPartOf":{"@id":"https:\/\/www.certifiedcosmetics.com\/es\/#website"},"primaryImageOfPage":{"@id":"https:\/\/www.certifiedcosmetics.com\/es\/product\/verificacion-de-declaraciones-y-pruebas-de-ingredientes\/deteccion-de-sal-verificacion-de-siniestros-sin-sal\/#primaryimage"},"image":{"@id":"https:\/\/www.certifiedcosmetics.com\/es\/product\/verificacion-de-declaraciones-y-pruebas-de-ingredientes\/deteccion-de-sal-verificacion-de-siniestros-sin-sal\/#primaryimage"},"thumbnailUrl":"https:\/\/www.certifiedcosmetics.com\/wp-content\/uploads\/2025\/07\/Salt-Detection-Salt-Free-Claim-Verification.jpg","datePublished":"2025-07-04T15:08:01+00:00","description":"Confirma la ausencia de sal en tu formulaci\u00f3n con pruebas de laboratorio precisas.","breadcrumb":{"@id":"https:\/\/www.certifiedcosmetics.com\/es\/product\/verificacion-de-declaraciones-y-pruebas-de-ingredientes\/deteccion-de-sal-verificacion-de-siniestros-sin-sal\/#breadcrumb"},"inLanguage":"es","potentialAction":[{"@type":"ReadAction","target":["https:\/\/www.certifiedcosmetics.com\/es\/product\/verificacion-de-declaraciones-y-pruebas-de-ingredientes\/deteccion-de-sal-verificacion-de-siniestros-sin-sal\/"]}]},{"@type":"ImageObject","inLanguage":"es","@id":"https:\/\/www.certifiedcosmetics.com\/es\/product\/verificacion-de-declaraciones-y-pruebas-de-ingredientes\/deteccion-de-sal-verificacion-de-siniestros-sin-sal\/#primaryimage","url":"https:\/\/www.certifiedcosmetics.com\/wp-content\/uploads\/2025\/07\/Salt-Detection-Salt-Free-Claim-Verification.jpg","contentUrl":"https:\/\/www.certifiedcosmetics.com\/wp-content\/uploads\/2025\/07\/Salt-Detection-Salt-Free-Claim-Verification.jpg","width":800,"height":800},{"@type":"BreadcrumbList","@id":"https:\/\/www.certifiedcosmetics.com\/es\/product\/verificacion-de-declaraciones-y-pruebas-de-ingredientes\/deteccion-de-sal-verificacion-de-siniestros-sin-sal\/#breadcrumb","itemListElement":[{"@type":"ListItem","position":1,"name":"Home","item":"https:\/\/www.certifiedcosmetics.com\/es\/"},{"@type":"ListItem","position":2,"name":"Tienda","item":"https:\/\/www.certifiedcosmetics.com\/es\/tienda\/"},{"@type":"ListItem","position":3,"name":"Detecci\u00f3n de sal &#8211; Verificaci\u00f3n de siniestros sin sal"}]},{"@type":"WebSite","@id":"https:\/\/www.certifiedcosmetics.com\/es\/#website","url":"https:\/\/www.certifiedcosmetics.com\/es\/","name":"Certified Cosmetics","description":"Cosmetic Testing","publisher":{"@id":"https:\/\/www.certifiedcosmetics.com\/es\/#organization"},"potentialAction":[{"@type":"SearchAction","target":{"@type":"EntryPoint","urlTemplate":"https:\/\/www.certifiedcosmetics.com\/es\/?s={search_term_string}"},"query-input":{"@type":"PropertyValueSpecification","valueRequired":true,"valueName":"search_term_string"}}],"inLanguage":"es"},{"@type":"Organization","@id":"https:\/\/www.certifiedcosmetics.com\/es\/#organization","name":"Certified Cosmetics","url":"https:\/\/www.certifiedcosmetics.com\/es\/","logo":{"@type":"ImageObject","inLanguage":"es","@id":"https:\/\/www.certifiedcosmetics.com\/es\/#\/schema\/logo\/image\/","url":"https:\/\/www.certifiedcosmetics.com\/wp-content\/uploads\/2024\/12\/logo_certified_cosmetics696.jpg","contentUrl":"https:\/\/www.certifiedcosmetics.com\/wp-content\/uploads\/2024\/12\/logo_certified_cosmetics696.jpg","width":696,"height":696,"caption":"Certified Cosmetics"},"image":{"@id":"https:\/\/www.certifiedcosmetics.com\/es\/#\/schema\/logo\/image\/"},"description":"Your trusted partner for cosmetic product safety reporting. We take care of updating all of your documentation, ensuring your compliance stays current even as regulations evolve. The Cosmetic Product Safety Assessment will give you everything you need to sell specific products to EU consumers.","email":"contact@certifiedcosmetics.com","telephone":"+31 36 2036384","legalName":"Certified Cosmetics","foundingDate":"2010-01-01","vatID":"NL854189543B01","numberOfEmployees":{"@type":"QuantitativeValue","minValue":"11","maxValue":"50"}}]},"product_price_amount":"175.41","product_price_currency":"USD","og_availability":"instock","product_availability":"instock","product_retailer_item_id":"CC100125","product_condition":"new"},"_links":{"self":[{"href":"https:\/\/www.certifiedcosmetics.com\/es\/wp-json\/wp\/v2\/product\/12280","targetHints":{"allow":["GET"]}}],"collection":[{"href":"https:\/\/www.certifiedcosmetics.com\/es\/wp-json\/wp\/v2\/product"}],"about":[{"href":"https:\/\/www.certifiedcosmetics.com\/es\/wp-json\/wp\/v2\/types\/product"}],"wp:featuredmedia":[{"embeddable":true,"href":"https:\/\/www.certifiedcosmetics.com\/es\/wp-json\/wp\/v2\/media\/12198"}],"wp:attachment":[{"href":"https:\/\/www.certifiedcosmetics.com\/es\/wp-json\/wp\/v2\/media?parent=12280"}],"wp:term":[{"taxonomy":"product_brand","embeddable":true,"href":"https:\/\/www.certifiedcosmetics.com\/es\/wp-json\/wp\/v2\/product_brand?post=12280"},{"taxonomy":"product_cat","embeddable":true,"href":"https:\/\/www.certifiedcosmetics.com\/es\/wp-json\/wp\/v2\/product_cat?post=12280"},{"taxonomy":"product_tag","embeddable":true,"href":"https:\/\/www.certifiedcosmetics.com\/es\/wp-json\/wp\/v2\/product_tag?post=12280"}],"curies":[{"name":"wp","href":"https:\/\/api.w.org\/{rel}","templated":true}]}}