{"id":12272,"date":"2025-07-04T16:07:59","date_gmt":"2025-07-04T15:07:59","guid":{"rendered":"https:\/\/www.certifiedcosmetics.com\/product\/sin categor\u00eda\/deteccion-de-fragancias-sinteticas-fragancias-sinteticas-verificacion-gratuita-de-reclamaciones\/"},"modified":"2025-07-04T16:07:59","modified_gmt":"2025-07-04T15:07:59","slug":"deteccion-de-fragancias-sinteticas-fragancias-sinteticas-verificacion-gratuita-de-reclamaciones","status":"publish","type":"product","link":"https:\/\/www.certifiedcosmetics.com\/es\/product\/verificacion-de-declaraciones-y-pruebas-de-ingredientes\/deteccion-de-fragancias-sinteticas-fragancias-sinteticas-verificacion-gratuita-de-reclamaciones\/","title":{"rendered":"Detecci\u00f3n de Fragancias Sint\u00e9ticas &#8211; Fragancias Sint\u00e9ticas Verificaci\u00f3n Gratuita de Reclamaciones"},"content":{"rendered":"<h2>\u00bfQu\u00e9 son las fragancias sint\u00e9ticas?<\/h2>\n<p>Las fragancias sint\u00e9ticas son compuestos fabricados qu\u00edmicamente para dar olor. Aunque su uso est\u00e1 muy extendido, pueden ser un problema para las personas sensibles, al\u00e9rgicas o que prefieren productos naturales y sin perfume. <\/p>\n<h2>\u00bfPor qu\u00e9 es importante la detecci\u00f3n de fragancias sint\u00e9ticas?<\/h2>\n<p>Para las marcas que promueven la belleza &#8220;natural&#8221; o &#8220;limpia&#8221;, evitar los colorantes sint\u00e9ticos suele ser un principio b\u00e1sico. Este servicio te ayuda: <\/p>\n<ul>\n<li><strong>Verifica las afirmaciones &#8220;Sin fragancia sint\u00e9tica&#8221;:<\/strong> Emplea m\u00e9todos anal\u00edticos avanzados para confirmar la ausencia de compuestos de fragancias sint\u00e9ticas en tus productos.<\/li>\n<li><strong>Satisfacer a los consumidores sensibles:<\/strong> Proporciona tranquilidad a las personas sensibles o al\u00e9rgicas a las fragancias.<\/li>\n<li><strong>Alinearse con el Posicionamiento Natural:<\/strong> Refuerza el compromiso de tu marca con f\u00f3rmulas limpias y naturales.<\/li>\n<\/ul>\n<h2>Detecci\u00f3n de fragancias sint\u00e9ticas<\/h2>\n<p>Nuestro laboratorio emplea m\u00e9todos anal\u00edticos avanzados para confirmar la ausencia de compuestos de fragancias sint\u00e9ticas en tus productos. Esta verificaci\u00f3n permite a las marcas comercializar con confianza sus productos a un segmento creciente de consumidores que dan prioridad a las opciones naturales o sin perfume. <\/p>\n<p>No dudes en ponerte en contacto con nosotros para asegurarte de que tus productos satisfacen las demandas del mercado y superan las expectativas de calidad.<\/p>\n","protected":false},"excerpt":{"rendered":"<p>\u00bfQu\u00e9 son las fragancias sint\u00e9ticas? Las fragancias sint\u00e9ticas son compuestos fabricados qu\u00edmicamente para dar olor. Aunque su uso est\u00e1 muy extendido, pueden ser un problema para las personas sensibles, al\u00e9rgicas o que prefieren productos naturales y sin perfume. \u00bfPor qu\u00e9 es importante la detecci\u00f3n de fragancias sint\u00e9ticas? Para las marcas que promueven la belleza &#8220;natural&#8221;&#8230;<\/p>\n","protected":false},"featured_media":12234,"template":"","meta":[],"product_brand":[],"product_cat":[439],"product_tag":[],"class_list":{"0":"post-12272","1":"product","2":"type-product","3":"status-publish","4":"has-post-thumbnail","6":"product_cat-verificacion-de-declaraciones-y-pruebas-de-ingredientes","8":"first","9":"instock","10":"virtual","11":"taxable","12":"purchasable","13":"product-type-simple"},"bundled_by":[],"bundle_stock_status":"instock","bundle_stock_quantity":null,"bundle_virtual":false,"bundle_layout":"","bundle_add_to_cart_form_location":"","bundle_editable_in_cart":false,"bundle_sold_individually_context":"","bundle_item_grouping":"","bundle_min_size":"","bundle_max_size":"","bundle_price":[],"bundled_items":[],"bundle_sell_ids":[],"yoast_head":"<!-- This site is optimized with the Yoast SEO Premium plugin v25.4 (Yoast SEO v25.4) - https:\/\/yoast.com\/wordpress\/plugins\/seo\/ -->\n<title>Detecci\u00f3n de Fragancias Sint\u00e9ticas - Fragancias Sint\u00e9ticas Verificaci\u00f3n Gratuita de Reclamaciones<\/title>\n<meta name=\"description\" content=\"Certifica que tu producto no contiene fragancias sint\u00e9ticas con pruebas de laboratorio profesionales.\" \/>\n<meta name=\"robots\" content=\"index, follow, max-snippet:-1, max-image-preview:large, max-video-preview:-1\" \/>\n<link rel=\"canonical\" href=\"https:\/\/www.certifiedcosmetics.com\/es\/product\/verificacion-de-declaraciones-y-pruebas-de-ingredientes\/deteccion-de-fragancias-sinteticas-fragancias-sinteticas-verificacion-gratuita-de-reclamaciones\/\" \/>\n<meta property=\"og:locale\" content=\"es_ES\" \/>\n<meta property=\"og:type\" content=\"article\" \/>\n<meta property=\"og:title\" content=\"Detecci\u00f3n de Fragancias Sint\u00e9ticas - Fragancias Sint\u00e9ticas Verificaci\u00f3n Gratuita de Reclamaciones\" \/>\n<meta property=\"og:description\" content=\"Certifica que tu producto no contiene fragancias sint\u00e9ticas con pruebas de laboratorio profesionales.\" \/>\n<meta property=\"og:url\" content=\"https:\/\/www.certifiedcosmetics.com\/es\/product\/verificacion-de-declaraciones-y-pruebas-de-ingredientes\/deteccion-de-fragancias-sinteticas-fragancias-sinteticas-verificacion-gratuita-de-reclamaciones\/\" \/>\n<meta property=\"og:site_name\" content=\"Certified Cosmetics\" \/>\n<meta property=\"og:image\" content=\"https:\/\/www.certifiedcosmetics.com\/wp-content\/uploads\/2025\/07\/Synthetic-Fragrance-Detection-Synthetic-Fragrance-Free-Claim-Verification.jpg\" \/>\n\t<meta property=\"og:image:width\" content=\"800\" \/>\n\t<meta property=\"og:image:height\" content=\"800\" \/>\n\t<meta property=\"og:image:type\" content=\"image\/jpeg\" \/>\n<meta name=\"twitter:card\" content=\"summary_large_image\" \/>\n<meta name=\"twitter:label1\" content=\"Precio\" \/>\n\t<meta name=\"twitter:data1\" content=\"&#036;175.41\" \/>\n\t<meta name=\"twitter:label2\" content=\"Disponibilidad\" \/>\n\t<meta name=\"twitter:data2\" content=\"Disponible\" \/>\n<script type=\"application\/ld+json\" class=\"yoast-schema-graph\">{\"@context\":\"https:\/\/schema.org\",\"@graph\":[{\"@type\":\"WebPage\",\"@id\":\"https:\/\/www.certifiedcosmetics.com\/es\/product\/verificacion-de-declaraciones-y-pruebas-de-ingredientes\/deteccion-de-fragancias-sinteticas-fragancias-sinteticas-verificacion-gratuita-de-reclamaciones\/\",\"url\":\"https:\/\/www.certifiedcosmetics.com\/es\/product\/verificacion-de-declaraciones-y-pruebas-de-ingredientes\/deteccion-de-fragancias-sinteticas-fragancias-sinteticas-verificacion-gratuita-de-reclamaciones\/\",\"name\":\"Detecci\u00f3n de Fragancias Sint\u00e9ticas - Fragancias Sint\u00e9ticas Verificaci\u00f3n Gratuita de Reclamaciones\",\"isPartOf\":{\"@id\":\"https:\/\/www.certifiedcosmetics.com\/es\/#website\"},\"primaryImageOfPage\":{\"@id\":\"https:\/\/www.certifiedcosmetics.com\/es\/product\/verificacion-de-declaraciones-y-pruebas-de-ingredientes\/deteccion-de-fragancias-sinteticas-fragancias-sinteticas-verificacion-gratuita-de-reclamaciones\/#primaryimage\"},\"image\":{\"@id\":\"https:\/\/www.certifiedcosmetics.com\/es\/product\/verificacion-de-declaraciones-y-pruebas-de-ingredientes\/deteccion-de-fragancias-sinteticas-fragancias-sinteticas-verificacion-gratuita-de-reclamaciones\/#primaryimage\"},\"thumbnailUrl\":\"https:\/\/www.certifiedcosmetics.com\/wp-content\/uploads\/2025\/07\/Synthetic-Fragrance-Detection-Synthetic-Fragrance-Free-Claim-Verification.jpg\",\"datePublished\":\"2025-07-04T15:07:59+00:00\",\"description\":\"Certifica que tu producto no contiene fragancias sint\u00e9ticas con pruebas de laboratorio profesionales.\",\"breadcrumb\":{\"@id\":\"https:\/\/www.certifiedcosmetics.com\/es\/product\/verificacion-de-declaraciones-y-pruebas-de-ingredientes\/deteccion-de-fragancias-sinteticas-fragancias-sinteticas-verificacion-gratuita-de-reclamaciones\/#breadcrumb\"},\"inLanguage\":\"es\",\"potentialAction\":[{\"@type\":\"ReadAction\",\"target\":[\"https:\/\/www.certifiedcosmetics.com\/es\/product\/verificacion-de-declaraciones-y-pruebas-de-ingredientes\/deteccion-de-fragancias-sinteticas-fragancias-sinteticas-verificacion-gratuita-de-reclamaciones\/\"]}]},{\"@type\":\"ImageObject\",\"inLanguage\":\"es\",\"@id\":\"https:\/\/www.certifiedcosmetics.com\/es\/product\/verificacion-de-declaraciones-y-pruebas-de-ingredientes\/deteccion-de-fragancias-sinteticas-fragancias-sinteticas-verificacion-gratuita-de-reclamaciones\/#primaryimage\",\"url\":\"https:\/\/www.certifiedcosmetics.com\/wp-content\/uploads\/2025\/07\/Synthetic-Fragrance-Detection-Synthetic-Fragrance-Free-Claim-Verification.jpg\",\"contentUrl\":\"https:\/\/www.certifiedcosmetics.com\/wp-content\/uploads\/2025\/07\/Synthetic-Fragrance-Detection-Synthetic-Fragrance-Free-Claim-Verification.jpg\",\"width\":800,\"height\":800},{\"@type\":\"BreadcrumbList\",\"@id\":\"https:\/\/www.certifiedcosmetics.com\/es\/product\/verificacion-de-declaraciones-y-pruebas-de-ingredientes\/deteccion-de-fragancias-sinteticas-fragancias-sinteticas-verificacion-gratuita-de-reclamaciones\/#breadcrumb\",\"itemListElement\":[{\"@type\":\"ListItem\",\"position\":1,\"name\":\"Home\",\"item\":\"https:\/\/www.certifiedcosmetics.com\/es\/\"},{\"@type\":\"ListItem\",\"position\":2,\"name\":\"Tienda\",\"item\":\"https:\/\/www.certifiedcosmetics.com\/es\/tienda\/\"},{\"@type\":\"ListItem\",\"position\":3,\"name\":\"Detecci\u00f3n de Fragancias Sint\u00e9ticas &#8211; Fragancias Sint\u00e9ticas Verificaci\u00f3n Gratuita de Reclamaciones\"}]},{\"@type\":\"WebSite\",\"@id\":\"https:\/\/www.certifiedcosmetics.com\/es\/#website\",\"url\":\"https:\/\/www.certifiedcosmetics.com\/es\/\",\"name\":\"Certified Cosmetics\",\"description\":\"Cosmetic Testing\",\"publisher\":{\"@id\":\"https:\/\/www.certifiedcosmetics.com\/es\/#organization\"},\"potentialAction\":[{\"@type\":\"SearchAction\",\"target\":{\"@type\":\"EntryPoint\",\"urlTemplate\":\"https:\/\/www.certifiedcosmetics.com\/es\/?s={search_term_string}\"},\"query-input\":{\"@type\":\"PropertyValueSpecification\",\"valueRequired\":true,\"valueName\":\"search_term_string\"}}],\"inLanguage\":\"es\"},{\"@type\":\"Organization\",\"@id\":\"https:\/\/www.certifiedcosmetics.com\/es\/#organization\",\"name\":\"Certified Cosmetics\",\"url\":\"https:\/\/www.certifiedcosmetics.com\/es\/\",\"logo\":{\"@type\":\"ImageObject\",\"inLanguage\":\"es\",\"@id\":\"https:\/\/www.certifiedcosmetics.com\/es\/#\/schema\/logo\/image\/\",\"url\":\"https:\/\/www.certifiedcosmetics.com\/wp-content\/uploads\/2024\/12\/logo_certified_cosmetics696.jpg\",\"contentUrl\":\"https:\/\/www.certifiedcosmetics.com\/wp-content\/uploads\/2024\/12\/logo_certified_cosmetics696.jpg\",\"width\":696,\"height\":696,\"caption\":\"Certified Cosmetics\"},\"image\":{\"@id\":\"https:\/\/www.certifiedcosmetics.com\/es\/#\/schema\/logo\/image\/\"},\"description\":\"Your trusted partner for cosmetic product safety reporting. We take care of updating all of your documentation, ensuring your compliance stays current even as regulations evolve. The Cosmetic Product Safety Assessment will give you everything you need to sell specific products to EU consumers.\",\"email\":\"contact@certifiedcosmetics.com\",\"telephone\":\"+31 36 2036384\",\"legalName\":\"Certified Cosmetics\",\"foundingDate\":\"2010-01-01\",\"vatID\":\"NL854189543B01\",\"numberOfEmployees\":{\"@type\":\"QuantitativeValue\",\"minValue\":\"11\",\"maxValue\":\"50\"}}]}<\/script>\n<meta property=\"product:price:amount\" content=\"175.41\" \/>\n<meta property=\"product:price:currency\" content=\"USD\" \/>\n<meta property=\"og:availability\" content=\"instock\" \/>\n<meta property=\"product:availability\" content=\"instock\" \/>\n<meta property=\"product:condition\" content=\"new\" \/>\n<!-- \/ Yoast SEO Premium plugin. -->","yoast_head_json":{"title":"Detecci\u00f3n de Fragancias Sint\u00e9ticas - Fragancias Sint\u00e9ticas Verificaci\u00f3n Gratuita de Reclamaciones","description":"Certifica que tu producto no contiene fragancias sint\u00e9ticas con pruebas de laboratorio profesionales.","robots":{"index":"index","follow":"follow","max-snippet":"max-snippet:-1","max-image-preview":"max-image-preview:large","max-video-preview":"max-video-preview:-1"},"canonical":"https:\/\/www.certifiedcosmetics.com\/es\/product\/verificacion-de-declaraciones-y-pruebas-de-ingredientes\/deteccion-de-fragancias-sinteticas-fragancias-sinteticas-verificacion-gratuita-de-reclamaciones\/","og_locale":"es_ES","og_type":"article","og_title":"Detecci\u00f3n de Fragancias Sint\u00e9ticas - Fragancias Sint\u00e9ticas Verificaci\u00f3n Gratuita de Reclamaciones","og_description":"Certifica que tu producto no contiene fragancias sint\u00e9ticas con pruebas de laboratorio profesionales.","og_url":"https:\/\/www.certifiedcosmetics.com\/es\/product\/verificacion-de-declaraciones-y-pruebas-de-ingredientes\/deteccion-de-fragancias-sinteticas-fragancias-sinteticas-verificacion-gratuita-de-reclamaciones\/","og_site_name":"Certified Cosmetics","og_image":[{"width":800,"height":800,"url":"https:\/\/www.certifiedcosmetics.com\/wp-content\/uploads\/2025\/07\/Synthetic-Fragrance-Detection-Synthetic-Fragrance-Free-Claim-Verification.jpg","type":"image\/jpeg"}],"twitter_card":"summary_large_image","twitter_misc":{"Precio":"&#36;175.41","Disponibilidad":"Disponible"},"schema":{"@context":"https:\/\/schema.org","@graph":[{"@type":"WebPage","@id":"https:\/\/www.certifiedcosmetics.com\/es\/product\/verificacion-de-declaraciones-y-pruebas-de-ingredientes\/deteccion-de-fragancias-sinteticas-fragancias-sinteticas-verificacion-gratuita-de-reclamaciones\/","url":"https:\/\/www.certifiedcosmetics.com\/es\/product\/verificacion-de-declaraciones-y-pruebas-de-ingredientes\/deteccion-de-fragancias-sinteticas-fragancias-sinteticas-verificacion-gratuita-de-reclamaciones\/","name":"Detecci\u00f3n de Fragancias Sint\u00e9ticas - Fragancias Sint\u00e9ticas Verificaci\u00f3n Gratuita de Reclamaciones","isPartOf":{"@id":"https:\/\/www.certifiedcosmetics.com\/es\/#website"},"primaryImageOfPage":{"@id":"https:\/\/www.certifiedcosmetics.com\/es\/product\/verificacion-de-declaraciones-y-pruebas-de-ingredientes\/deteccion-de-fragancias-sinteticas-fragancias-sinteticas-verificacion-gratuita-de-reclamaciones\/#primaryimage"},"image":{"@id":"https:\/\/www.certifiedcosmetics.com\/es\/product\/verificacion-de-declaraciones-y-pruebas-de-ingredientes\/deteccion-de-fragancias-sinteticas-fragancias-sinteticas-verificacion-gratuita-de-reclamaciones\/#primaryimage"},"thumbnailUrl":"https:\/\/www.certifiedcosmetics.com\/wp-content\/uploads\/2025\/07\/Synthetic-Fragrance-Detection-Synthetic-Fragrance-Free-Claim-Verification.jpg","datePublished":"2025-07-04T15:07:59+00:00","description":"Certifica que tu producto no contiene fragancias sint\u00e9ticas con pruebas de laboratorio profesionales.","breadcrumb":{"@id":"https:\/\/www.certifiedcosmetics.com\/es\/product\/verificacion-de-declaraciones-y-pruebas-de-ingredientes\/deteccion-de-fragancias-sinteticas-fragancias-sinteticas-verificacion-gratuita-de-reclamaciones\/#breadcrumb"},"inLanguage":"es","potentialAction":[{"@type":"ReadAction","target":["https:\/\/www.certifiedcosmetics.com\/es\/product\/verificacion-de-declaraciones-y-pruebas-de-ingredientes\/deteccion-de-fragancias-sinteticas-fragancias-sinteticas-verificacion-gratuita-de-reclamaciones\/"]}]},{"@type":"ImageObject","inLanguage":"es","@id":"https:\/\/www.certifiedcosmetics.com\/es\/product\/verificacion-de-declaraciones-y-pruebas-de-ingredientes\/deteccion-de-fragancias-sinteticas-fragancias-sinteticas-verificacion-gratuita-de-reclamaciones\/#primaryimage","url":"https:\/\/www.certifiedcosmetics.com\/wp-content\/uploads\/2025\/07\/Synthetic-Fragrance-Detection-Synthetic-Fragrance-Free-Claim-Verification.jpg","contentUrl":"https:\/\/www.certifiedcosmetics.com\/wp-content\/uploads\/2025\/07\/Synthetic-Fragrance-Detection-Synthetic-Fragrance-Free-Claim-Verification.jpg","width":800,"height":800},{"@type":"BreadcrumbList","@id":"https:\/\/www.certifiedcosmetics.com\/es\/product\/verificacion-de-declaraciones-y-pruebas-de-ingredientes\/deteccion-de-fragancias-sinteticas-fragancias-sinteticas-verificacion-gratuita-de-reclamaciones\/#breadcrumb","itemListElement":[{"@type":"ListItem","position":1,"name":"Home","item":"https:\/\/www.certifiedcosmetics.com\/es\/"},{"@type":"ListItem","position":2,"name":"Tienda","item":"https:\/\/www.certifiedcosmetics.com\/es\/tienda\/"},{"@type":"ListItem","position":3,"name":"Detecci\u00f3n de Fragancias Sint\u00e9ticas &#8211; Fragancias Sint\u00e9ticas Verificaci\u00f3n Gratuita de Reclamaciones"}]},{"@type":"WebSite","@id":"https:\/\/www.certifiedcosmetics.com\/es\/#website","url":"https:\/\/www.certifiedcosmetics.com\/es\/","name":"Certified Cosmetics","description":"Cosmetic Testing","publisher":{"@id":"https:\/\/www.certifiedcosmetics.com\/es\/#organization"},"potentialAction":[{"@type":"SearchAction","target":{"@type":"EntryPoint","urlTemplate":"https:\/\/www.certifiedcosmetics.com\/es\/?s={search_term_string}"},"query-input":{"@type":"PropertyValueSpecification","valueRequired":true,"valueName":"search_term_string"}}],"inLanguage":"es"},{"@type":"Organization","@id":"https:\/\/www.certifiedcosmetics.com\/es\/#organization","name":"Certified Cosmetics","url":"https:\/\/www.certifiedcosmetics.com\/es\/","logo":{"@type":"ImageObject","inLanguage":"es","@id":"https:\/\/www.certifiedcosmetics.com\/es\/#\/schema\/logo\/image\/","url":"https:\/\/www.certifiedcosmetics.com\/wp-content\/uploads\/2024\/12\/logo_certified_cosmetics696.jpg","contentUrl":"https:\/\/www.certifiedcosmetics.com\/wp-content\/uploads\/2024\/12\/logo_certified_cosmetics696.jpg","width":696,"height":696,"caption":"Certified Cosmetics"},"image":{"@id":"https:\/\/www.certifiedcosmetics.com\/es\/#\/schema\/logo\/image\/"},"description":"Your trusted partner for cosmetic product safety reporting. We take care of updating all of your documentation, ensuring your compliance stays current even as regulations evolve. The Cosmetic Product Safety Assessment will give you everything you need to sell specific products to EU consumers.","email":"contact@certifiedcosmetics.com","telephone":"+31 36 2036384","legalName":"Certified Cosmetics","foundingDate":"2010-01-01","vatID":"NL854189543B01","numberOfEmployees":{"@type":"QuantitativeValue","minValue":"11","maxValue":"50"}}]},"product_price_amount":"175.41","product_price_currency":"USD","og_availability":"instock","product_availability":"instock","product_condition":"new"},"_links":{"self":[{"href":"https:\/\/www.certifiedcosmetics.com\/es\/wp-json\/wp\/v2\/product\/12272","targetHints":{"allow":["GET"]}}],"collection":[{"href":"https:\/\/www.certifiedcosmetics.com\/es\/wp-json\/wp\/v2\/product"}],"about":[{"href":"https:\/\/www.certifiedcosmetics.com\/es\/wp-json\/wp\/v2\/types\/product"}],"wp:featuredmedia":[{"embeddable":true,"href":"https:\/\/www.certifiedcosmetics.com\/es\/wp-json\/wp\/v2\/media\/12234"}],"wp:attachment":[{"href":"https:\/\/www.certifiedcosmetics.com\/es\/wp-json\/wp\/v2\/media?parent=12272"}],"wp:term":[{"taxonomy":"product_brand","embeddable":true,"href":"https:\/\/www.certifiedcosmetics.com\/es\/wp-json\/wp\/v2\/product_brand?post=12272"},{"taxonomy":"product_cat","embeddable":true,"href":"https:\/\/www.certifiedcosmetics.com\/es\/wp-json\/wp\/v2\/product_cat?post=12272"},{"taxonomy":"product_tag","embeddable":true,"href":"https:\/\/www.certifiedcosmetics.com\/es\/wp-json\/wp\/v2\/product_tag?post=12272"}],"curies":[{"name":"wp","href":"https:\/\/api.w.org\/{rel}","templated":true}]}}