{"id":11921,"date":"2025-06-23T14:51:35","date_gmt":"2025-06-23T13:51:35","guid":{"rendered":"https:\/\/www.certifiedcosmetics.com\/?post_type=product&#038;p=11921"},"modified":"2025-06-23T15:29:13","modified_gmt":"2025-06-23T14:29:13","slug":"evaluacion-de-la-seguridad-de-los-productos-cosmeticos-copy","status":"publish","type":"product","link":"https:\/\/www.certifiedcosmetics.com\/es\/product\/evaluacion-de-la-seguridad-cosmetica\/evaluacion-de-la-seguridad-de-los-productos-cosmeticos-copy\/","title":{"rendered":"Evaluaci\u00f3n de la seguridad de los productos cosm\u00e9ticos Variante extra"},"content":{"rendered":"<p><strong>Esta variante extra de la evaluaci\u00f3n de la seguridad de los productos cosm\u00e9ticos s\u00f3lo se puede comprar cuando se ha comprado previamente una evaluaci\u00f3n en Cosm\u00e9ticos Certificados. La variante extra te permite a\u00f1adir una variante adicional a una evaluaci\u00f3n existente. <\/strong><\/p>\n<h2>\u00bfQu\u00e9 es una variaci\u00f3n?<\/h2>\n<p>A menudo puedes hacer m\u00faltiples variaciones del producto cambiando s\u00f3lo el aroma o el color de una formulaci\u00f3n b\u00e1sica. Al elegir la opci\u00f3n de variaci\u00f3n en estos casos concretos, te beneficias de unos costes m\u00e1s bajos y, al mismo tiempo, te aseguras de que las variaciones de tus productos siguen cumpliendo la normativa de seguridad cosm\u00e9tica. Para cada variaci\u00f3n, creamos el PIF con CPSR y realizamos una prueba de laboratorio. Para 2 variaciones, se crean 2 FIP con CPSR y se realizan 2 pruebas de laboratorio.   <\/p>\n<h3>\u00bfCu\u00e1ndo eliges la opci\u00f3n variante?<\/h3>\n<ol>\n<li><b>Cambio de aroma<\/b>: Si el \u00fanico cambio en la composici\u00f3n b\u00e1sica es un cambio de aroma, puedes elegir la opci\u00f3n variante. Esto se debe a que la formulaci\u00f3n b\u00e1sica sigue siendo la misma y s\u00f3lo cambia el aroma. <\/li>\n<li><b>Cambiar el color<\/b>: Del mismo modo, si decides cambiar el color del producto sin introducir nuevos ingredientes o materias primas, tambi\u00e9n puede acogerse al precio de variante.<\/li>\n<\/ol>\n<p><strong>Ejemplo 1<\/strong><\/p>\n<p>Ingredientes del jab\u00f3n Variante 1:<\/p>\n<ul>\n<li>96% jab\u00f3n base blanco<\/li>\n<li>2% de aloe vera en polvo<\/li>\n<li><b>Aceite perfumado<\/b> &#8211; 2% de aceite esencial de lavanda<\/li>\n<\/ul>\n<p>Variante 2 con fragancia modificada:<\/p>\n<ul>\n<li>Base de jab\u00f3n blanco al 96<\/li>\n<li>2% de aloe vera en polvo<\/li>\n<li><b>Nuevo aceite de fragancia<\/b> &#8211; 2% de aceite esencial de c\u00edtricos<\/li>\n<\/ul>\n<p>Variante 3 con fragancia modificada:<\/p>\n<ul>\n<li>Base de jab\u00f3n blanco al 96<\/li>\n<li>2% de aloe vera en polvo<\/li>\n<li><b>Nuevo aceite de fragancia<\/b> &#8211; 2% de aceite esencial de Ylang Ylang<\/li>\n<\/ul>\n<p>Estas variedades conservan los mismos ingredientes b\u00e1sicos, pero cambian el aroma de lavanda a c\u00edtricos e Ylang Ylang. Puesto que la composici\u00f3n permanece inalterada, aparte del aroma, selecciona la opci\u00f3n 3 variedades. <\/p>\n<p><strong>Ejemplo 2<\/strong><\/p>\n<p>Ingredientes del jab\u00f3n Variante 1:<\/p>\n<ul>\n<li>20% Agua<\/li>\n<li>Hidr\u00f3xido s\u00f3dico al 10<\/li>\n<li>16% aceite de oliva<\/li>\n<li>10% aceite de palma<\/li>\n<li>10% de aceite de salvado de arroz<\/li>\n<li>16% aceite de coco<\/li>\n<li>12% aceite de laurel<\/li>\n<li>3% aceite de fragancia<\/li>\n<li><b>Color<\/b> &#8211; 1% mica verde bosque<\/li>\n<li><b>Color<\/b> &#8211; 1% azul mica<\/li>\n<li><b>Color<\/b> &#8211; 1% naranja mica<\/li>\n<\/ul>\n<p>Variante 2 con color modificado:<\/p>\n<ul>\n<li>20% de agua<\/li>\n<li>Hidr\u00f3xido s\u00f3dico al 10<\/li>\n<li>16% aceite de oliva<\/li>\n<li>10% aceite de palma<\/li>\n<li>10% de aceite de salvado de arroz<\/li>\n<li>16% aceite de coco<\/li>\n<li>12% aceite de laurel<\/li>\n<li>3% aceite de fragancia<\/li>\n<li><b>Nuevo color-<\/b>1% mica amarillo dorado<\/li>\n<li><b>Nuevo color-<\/b>1% negro mica<\/li>\n<li><b>Nuevo color-<\/b>1% blanco mica<\/li>\n<\/ul>\n<p>Esta variante conserva los mismos ingredientes b\u00e1sicos, pero s\u00f3lo cambia los colores. Puesto que la composici\u00f3n permanece inalterada, aparte de los colores, selecciona las variantes de la opci\u00f3n 2. <\/p>\n<p><b>Recordatorio importante<\/b>: Si se a\u00f1aden materias primas adicionales (como un nuevo principio activo, un extracto vegetal, conservantes o cualquier otro ingrediente que modifique la formulaci\u00f3n), <b><u>no se cuenta como variante<\/u><\/b>debido al cambio significativo que representa la nueva formulaci\u00f3n.<\/p>\n","protected":false},"excerpt":{"rendered":"<p>Esta variante extra de la evaluaci\u00f3n de la seguridad de los productos cosm\u00e9ticos s\u00f3lo se puede comprar cuando se ha comprado previamente una evaluaci\u00f3n en Cosm\u00e9ticos Certificados. La variante extra te permite a\u00f1adir una variante adicional a una evaluaci\u00f3n existente. \u00bfQu\u00e9 es una variaci\u00f3n? A menudo puedes hacer m\u00faltiples variaciones del producto cambiando s\u00f3lo el&#8230;<\/p>\n","protected":false},"featured_media":6575,"template":"","meta":[],"product_brand":[],"product_cat":[116],"product_tag":[],"class_list":{"0":"post-11921","1":"product","2":"type-product","3":"status-publish","4":"has-post-thumbnail","6":"product_cat-evaluacion-de-la-seguridad-cosmetica","8":"first","9":"instock","10":"virtual","11":"taxable","12":"purchasable","13":"product-type-bundle"},"bundled_by":[],"bundle_stock_status":"instock","bundle_stock_quantity":"","bundle_virtual":false,"bundle_layout":"default","bundle_add_to_cart_form_location":"default","bundle_editable_in_cart":false,"bundle_sold_individually_context":"product","bundle_item_grouping":"parent","bundle_min_size":"","bundle_max_size":"","bundle_price":{"price":{"min":{"incl_tax":"586.61","excl_tax":"484.8"},"max":{"incl_tax":"","excl_tax":""}},"regular_price":{"min":{"incl_tax":"586.61","excl_tax":"484.8"},"max":{"incl_tax":"","excl_tax":""}}},"bundled_items":[{"bundled_item_id":1222,"product_id":7183,"menu_order":0,"quantity_min":1,"quantity_max":1,"quantity_default":1,"priced_individually":true,"shipped_individually":true,"override_title":false,"title":"Fichero de informaci\u00f3n del producto PIF","override_description":false,"description":"Fichero de informaci\u00f3n del producto PIF","optional":false,"hide_thumbnail":false,"discount":"","override_variations":false,"allowed_variations":[""],"override_default_variation_attributes":false,"default_variation_attributes":[],"single_product_visibility":"visible","cart_visibility":"visible","order_visibility":"visible","single_product_price_visibility":"visible","cart_price_visibility":"visible","order_price_visibility":"visible","stock_status":"in_stock"},{"bundled_item_id":1223,"product_id":7065,"menu_order":2,"quantity_min":0,"quantity_max":"","quantity_default":1,"priced_individually":true,"shipped_individually":true,"override_title":false,"title":"Notificaci\u00f3n CPNP","override_description":false,"description":"Notificaci\u00f3n CPNP","optional":false,"hide_thumbnail":false,"discount":"","override_variations":false,"allowed_variations":[""],"override_default_variation_attributes":false,"default_variation_attributes":[],"single_product_visibility":"visible","cart_visibility":"visible","order_visibility":"visible","single_product_price_visibility":"visible","cart_price_visibility":"visible","order_price_visibility":"visible","stock_status":"in_stock"},{"bundled_item_id":1224,"product_id":7270,"menu_order":3,"quantity_min":0,"quantity_max":"","quantity_default":0,"priced_individually":true,"shipped_individually":true,"override_title":false,"title":"Prueba de microbiolog\u00eda","override_description":false,"description":"Prueba de microbiolog\u00eda","optional":false,"hide_thumbnail":false,"discount":"","override_variations":false,"allowed_variations":[""],"override_default_variation_attributes":false,"default_variation_attributes":[],"single_product_visibility":"visible","cart_visibility":"visible","order_visibility":"visible","single_product_price_visibility":"visible","cart_price_visibility":"visible","order_price_visibility":"visible","stock_status":"in_stock"},{"bundled_item_id":1225,"product_id":11307,"menu_order":4,"quantity_min":0,"quantity_max":"","quantity_default":0,"priced_individually":true,"shipped_individually":true,"override_title":false,"title":"Prueba de especificaci\u00f3n del producto","override_description":false,"description":"Prueba de especificaci\u00f3n del producto","optional":false,"hide_thumbnail":false,"discount":"","override_variations":false,"allowed_variations":[""],"override_default_variation_attributes":false,"default_variation_attributes":[],"single_product_visibility":"visible","cart_visibility":"visible","order_visibility":"visible","single_product_price_visibility":"visible","cart_price_visibility":"visible","order_price_visibility":"visible","stock_status":"in_stock"},{"bundled_item_id":1226,"product_id":11954,"menu_order":5,"quantity_min":1,"quantity_max":1,"quantity_default":1,"priced_individually":true,"shipped_individually":true,"override_title":false,"title":"Informe sobre la seguridad de los productos cosm\u00e9ticos &#8211; CPSR","override_description":false,"description":"Informe sobre la seguridad de los productos cosm\u00e9ticos &#8211; CPSR","optional":false,"hide_thumbnail":false,"discount":"","override_variations":false,"allowed_variations":[""],"override_default_variation_attributes":false,"default_variation_attributes":[],"single_product_visibility":"visible","cart_visibility":"visible","order_visibility":"visible","single_product_price_visibility":"visible","cart_price_visibility":"visible","order_price_visibility":"visible","stock_status":"in_stock"}],"bundle_sell_ids":[],"yoast_head":"<!-- This site is optimized with the Yoast SEO Premium plugin v25.4 (Yoast SEO v25.4) - https:\/\/yoast.com\/wordpress\/plugins\/seo\/ -->\n<title>Evaluaci\u00f3n de la seguridad de los productos cosm\u00e9ticos Variante extra - Certified Cosmetics<\/title>\n<meta name=\"robots\" content=\"index, follow, max-snippet:-1, max-image-preview:large, max-video-preview:-1\" \/>\n<link rel=\"canonical\" href=\"https:\/\/www.certifiedcosmetics.com\/es\/product\/evaluacion-de-la-seguridad-cosmetica\/evaluacion-de-la-seguridad-de-los-productos-cosmeticos-copy\/\" \/>\n<meta property=\"og:locale\" content=\"es_ES\" \/>\n<meta property=\"og:type\" content=\"article\" \/>\n<meta property=\"og:title\" content=\"Evaluaci\u00f3n de la seguridad de los productos cosm\u00e9ticos Variante extra\" \/>\n<meta property=\"og:description\" content=\"Esta variante extra de la evaluaci\u00f3n de la seguridad de los productos cosm\u00e9ticos s\u00f3lo se puede comprar cuando se ha comprado previamente una evaluaci\u00f3n en Cosm\u00e9ticos Certificados. La variante extra te permite a\u00f1adir una variante adicional a una evaluaci\u00f3n existente. \u00bfQu\u00e9 es una variaci\u00f3n? A menudo puedes hacer m\u00faltiples variaciones del producto cambiando s\u00f3lo el...\" \/>\n<meta property=\"og:url\" content=\"https:\/\/www.certifiedcosmetics.com\/es\/product\/evaluacion-de-la-seguridad-cosmetica\/evaluacion-de-la-seguridad-de-los-productos-cosmeticos-copy\/\" \/>\n<meta property=\"og:site_name\" content=\"Certified Cosmetics\" \/>\n<meta property=\"article:modified_time\" content=\"2025-06-23T14:29:13+00:00\" \/>\n<meta property=\"og:image\" content=\"https:\/\/www.certifiedcosmetics.com\/wp-content\/uploads\/2023\/11\/cnp.jpg\" \/>\n\t<meta property=\"og:image:width\" content=\"800\" \/>\n\t<meta property=\"og:image:height\" content=\"800\" \/>\n\t<meta property=\"og:image:type\" content=\"image\/jpeg\" \/>\n<meta name=\"twitter:card\" content=\"summary_large_image\" \/>\n<meta name=\"twitter:label1\" content=\"Precio\" \/>\n\t<meta name=\"twitter:data1\" content=\"&#036;249.32\" \/>\n\t<meta name=\"twitter:label2\" content=\"Disponibilidad\" \/>\n\t<meta name=\"twitter:data2\" content=\"Disponible\" \/>\n<script type=\"application\/ld+json\" class=\"yoast-schema-graph\">{\"@context\":\"https:\/\/schema.org\",\"@graph\":[{\"@type\":\"WebPage\",\"@id\":\"https:\/\/www.certifiedcosmetics.com\/es\/product\/evaluacion-de-la-seguridad-cosmetica\/evaluacion-de-la-seguridad-de-los-productos-cosmeticos-copy\/\",\"url\":\"https:\/\/www.certifiedcosmetics.com\/es\/product\/evaluacion-de-la-seguridad-cosmetica\/evaluacion-de-la-seguridad-de-los-productos-cosmeticos-copy\/\",\"name\":\"Evaluaci\u00f3n de la seguridad de los productos cosm\u00e9ticos Variante extra - Certified Cosmetics\",\"isPartOf\":{\"@id\":\"https:\/\/www.certifiedcosmetics.com\/es\/#website\"},\"primaryImageOfPage\":{\"@id\":\"https:\/\/www.certifiedcosmetics.com\/es\/product\/evaluacion-de-la-seguridad-cosmetica\/evaluacion-de-la-seguridad-de-los-productos-cosmeticos-copy\/#primaryimage\"},\"image\":{\"@id\":\"https:\/\/www.certifiedcosmetics.com\/es\/product\/evaluacion-de-la-seguridad-cosmetica\/evaluacion-de-la-seguridad-de-los-productos-cosmeticos-copy\/#primaryimage\"},\"thumbnailUrl\":\"https:\/\/www.certifiedcosmetics.com\/wp-content\/uploads\/2023\/11\/cnp.jpg\",\"datePublished\":\"2025-06-23T13:51:35+00:00\",\"dateModified\":\"2025-06-23T14:29:13+00:00\",\"breadcrumb\":{\"@id\":\"https:\/\/www.certifiedcosmetics.com\/es\/product\/evaluacion-de-la-seguridad-cosmetica\/evaluacion-de-la-seguridad-de-los-productos-cosmeticos-copy\/#breadcrumb\"},\"inLanguage\":\"es\",\"potentialAction\":[{\"@type\":\"ReadAction\",\"target\":[\"https:\/\/www.certifiedcosmetics.com\/es\/product\/evaluacion-de-la-seguridad-cosmetica\/evaluacion-de-la-seguridad-de-los-productos-cosmeticos-copy\/\"]}]},{\"@type\":\"ImageObject\",\"inLanguage\":\"es\",\"@id\":\"https:\/\/www.certifiedcosmetics.com\/es\/product\/evaluacion-de-la-seguridad-cosmetica\/evaluacion-de-la-seguridad-de-los-productos-cosmeticos-copy\/#primaryimage\",\"url\":\"https:\/\/www.certifiedcosmetics.com\/wp-content\/uploads\/2023\/11\/cnp.jpg\",\"contentUrl\":\"https:\/\/www.certifiedcosmetics.com\/wp-content\/uploads\/2023\/11\/cnp.jpg\",\"width\":800,\"height\":800},{\"@type\":\"BreadcrumbList\",\"@id\":\"https:\/\/www.certifiedcosmetics.com\/es\/product\/evaluacion-de-la-seguridad-cosmetica\/evaluacion-de-la-seguridad-de-los-productos-cosmeticos-copy\/#breadcrumb\",\"itemListElement\":[{\"@type\":\"ListItem\",\"position\":1,\"name\":\"Home\",\"item\":\"https:\/\/www.certifiedcosmetics.com\/es\/\"},{\"@type\":\"ListItem\",\"position\":2,\"name\":\"Tienda\",\"item\":\"https:\/\/www.certifiedcosmetics.com\/es\/tienda\/\"},{\"@type\":\"ListItem\",\"position\":3,\"name\":\"Evaluaci\u00f3n de la seguridad de los productos cosm\u00e9ticos Variante extra\"}]},{\"@type\":\"WebSite\",\"@id\":\"https:\/\/www.certifiedcosmetics.com\/es\/#website\",\"url\":\"https:\/\/www.certifiedcosmetics.com\/es\/\",\"name\":\"Certified Cosmetics\",\"description\":\"Cosmetic Testing\",\"publisher\":{\"@id\":\"https:\/\/www.certifiedcosmetics.com\/es\/#organization\"},\"potentialAction\":[{\"@type\":\"SearchAction\",\"target\":{\"@type\":\"EntryPoint\",\"urlTemplate\":\"https:\/\/www.certifiedcosmetics.com\/es\/?s={search_term_string}\"},\"query-input\":{\"@type\":\"PropertyValueSpecification\",\"valueRequired\":true,\"valueName\":\"search_term_string\"}}],\"inLanguage\":\"es\"},{\"@type\":\"Organization\",\"@id\":\"https:\/\/www.certifiedcosmetics.com\/es\/#organization\",\"name\":\"Certified Cosmetics\",\"url\":\"https:\/\/www.certifiedcosmetics.com\/es\/\",\"logo\":{\"@type\":\"ImageObject\",\"inLanguage\":\"es\",\"@id\":\"https:\/\/www.certifiedcosmetics.com\/es\/#\/schema\/logo\/image\/\",\"url\":\"https:\/\/www.certifiedcosmetics.com\/wp-content\/uploads\/2024\/12\/logo_certified_cosmetics696.jpg\",\"contentUrl\":\"https:\/\/www.certifiedcosmetics.com\/wp-content\/uploads\/2024\/12\/logo_certified_cosmetics696.jpg\",\"width\":696,\"height\":696,\"caption\":\"Certified Cosmetics\"},\"image\":{\"@id\":\"https:\/\/www.certifiedcosmetics.com\/es\/#\/schema\/logo\/image\/\"},\"description\":\"Your trusted partner for cosmetic product safety reporting. We take care of updating all of your documentation, ensuring your compliance stays current even as regulations evolve. The Cosmetic Product Safety Assessment will give you everything you need to sell specific products to EU consumers.\",\"email\":\"contact@certifiedcosmetics.com\",\"telephone\":\"+31 36 2036384\",\"legalName\":\"Certified Cosmetics\",\"foundingDate\":\"2010-01-01\",\"vatID\":\"NL854189543B01\",\"numberOfEmployees\":{\"@type\":\"QuantitativeValue\",\"minValue\":\"11\",\"maxValue\":\"50\"}}]}<\/script>\n<meta property=\"product:price:amount\" content=\"249.32\" \/>\n<meta property=\"product:price:currency\" content=\"USD\" \/>\n<meta property=\"og:availability\" content=\"instock\" \/>\n<meta property=\"product:availability\" content=\"instock\" \/>\n<meta property=\"product:retailer_item_id\" content=\"CC100035\" \/>\n<meta property=\"product:condition\" content=\"new\" \/>\n<!-- \/ Yoast SEO Premium plugin. -->","yoast_head_json":{"title":"Evaluaci\u00f3n de la seguridad de los productos cosm\u00e9ticos Variante extra - Certified Cosmetics","robots":{"index":"index","follow":"follow","max-snippet":"max-snippet:-1","max-image-preview":"max-image-preview:large","max-video-preview":"max-video-preview:-1"},"canonical":"https:\/\/www.certifiedcosmetics.com\/es\/product\/evaluacion-de-la-seguridad-cosmetica\/evaluacion-de-la-seguridad-de-los-productos-cosmeticos-copy\/","og_locale":"es_ES","og_type":"article","og_title":"Evaluaci\u00f3n de la seguridad de los productos cosm\u00e9ticos Variante extra","og_description":"Esta variante extra de la evaluaci\u00f3n de la seguridad de los productos cosm\u00e9ticos s\u00f3lo se puede comprar cuando se ha comprado previamente una evaluaci\u00f3n en Cosm\u00e9ticos Certificados. La variante extra te permite a\u00f1adir una variante adicional a una evaluaci\u00f3n existente. \u00bfQu\u00e9 es una variaci\u00f3n? A menudo puedes hacer m\u00faltiples variaciones del producto cambiando s\u00f3lo el...","og_url":"https:\/\/www.certifiedcosmetics.com\/es\/product\/evaluacion-de-la-seguridad-cosmetica\/evaluacion-de-la-seguridad-de-los-productos-cosmeticos-copy\/","og_site_name":"Certified Cosmetics","article_modified_time":"2025-06-23T14:29:13+00:00","og_image":[{"width":800,"height":800,"url":"https:\/\/www.certifiedcosmetics.com\/wp-content\/uploads\/2023\/11\/cnp.jpg","type":"image\/jpeg"}],"twitter_card":"summary_large_image","twitter_misc":{"Precio":"&#36;249.32","Disponibilidad":"Disponible"},"schema":{"@context":"https:\/\/schema.org","@graph":[{"@type":"WebPage","@id":"https:\/\/www.certifiedcosmetics.com\/es\/product\/evaluacion-de-la-seguridad-cosmetica\/evaluacion-de-la-seguridad-de-los-productos-cosmeticos-copy\/","url":"https:\/\/www.certifiedcosmetics.com\/es\/product\/evaluacion-de-la-seguridad-cosmetica\/evaluacion-de-la-seguridad-de-los-productos-cosmeticos-copy\/","name":"Evaluaci\u00f3n de la seguridad de los productos cosm\u00e9ticos Variante extra - Certified Cosmetics","isPartOf":{"@id":"https:\/\/www.certifiedcosmetics.com\/es\/#website"},"primaryImageOfPage":{"@id":"https:\/\/www.certifiedcosmetics.com\/es\/product\/evaluacion-de-la-seguridad-cosmetica\/evaluacion-de-la-seguridad-de-los-productos-cosmeticos-copy\/#primaryimage"},"image":{"@id":"https:\/\/www.certifiedcosmetics.com\/es\/product\/evaluacion-de-la-seguridad-cosmetica\/evaluacion-de-la-seguridad-de-los-productos-cosmeticos-copy\/#primaryimage"},"thumbnailUrl":"https:\/\/www.certifiedcosmetics.com\/wp-content\/uploads\/2023\/11\/cnp.jpg","datePublished":"2025-06-23T13:51:35+00:00","dateModified":"2025-06-23T14:29:13+00:00","breadcrumb":{"@id":"https:\/\/www.certifiedcosmetics.com\/es\/product\/evaluacion-de-la-seguridad-cosmetica\/evaluacion-de-la-seguridad-de-los-productos-cosmeticos-copy\/#breadcrumb"},"inLanguage":"es","potentialAction":[{"@type":"ReadAction","target":["https:\/\/www.certifiedcosmetics.com\/es\/product\/evaluacion-de-la-seguridad-cosmetica\/evaluacion-de-la-seguridad-de-los-productos-cosmeticos-copy\/"]}]},{"@type":"ImageObject","inLanguage":"es","@id":"https:\/\/www.certifiedcosmetics.com\/es\/product\/evaluacion-de-la-seguridad-cosmetica\/evaluacion-de-la-seguridad-de-los-productos-cosmeticos-copy\/#primaryimage","url":"https:\/\/www.certifiedcosmetics.com\/wp-content\/uploads\/2023\/11\/cnp.jpg","contentUrl":"https:\/\/www.certifiedcosmetics.com\/wp-content\/uploads\/2023\/11\/cnp.jpg","width":800,"height":800},{"@type":"BreadcrumbList","@id":"https:\/\/www.certifiedcosmetics.com\/es\/product\/evaluacion-de-la-seguridad-cosmetica\/evaluacion-de-la-seguridad-de-los-productos-cosmeticos-copy\/#breadcrumb","itemListElement":[{"@type":"ListItem","position":1,"name":"Home","item":"https:\/\/www.certifiedcosmetics.com\/es\/"},{"@type":"ListItem","position":2,"name":"Tienda","item":"https:\/\/www.certifiedcosmetics.com\/es\/tienda\/"},{"@type":"ListItem","position":3,"name":"Evaluaci\u00f3n de la seguridad de los productos cosm\u00e9ticos Variante extra"}]},{"@type":"WebSite","@id":"https:\/\/www.certifiedcosmetics.com\/es\/#website","url":"https:\/\/www.certifiedcosmetics.com\/es\/","name":"Certified Cosmetics","description":"Cosmetic Testing","publisher":{"@id":"https:\/\/www.certifiedcosmetics.com\/es\/#organization"},"potentialAction":[{"@type":"SearchAction","target":{"@type":"EntryPoint","urlTemplate":"https:\/\/www.certifiedcosmetics.com\/es\/?s={search_term_string}"},"query-input":{"@type":"PropertyValueSpecification","valueRequired":true,"valueName":"search_term_string"}}],"inLanguage":"es"},{"@type":"Organization","@id":"https:\/\/www.certifiedcosmetics.com\/es\/#organization","name":"Certified Cosmetics","url":"https:\/\/www.certifiedcosmetics.com\/es\/","logo":{"@type":"ImageObject","inLanguage":"es","@id":"https:\/\/www.certifiedcosmetics.com\/es\/#\/schema\/logo\/image\/","url":"https:\/\/www.certifiedcosmetics.com\/wp-content\/uploads\/2024\/12\/logo_certified_cosmetics696.jpg","contentUrl":"https:\/\/www.certifiedcosmetics.com\/wp-content\/uploads\/2024\/12\/logo_certified_cosmetics696.jpg","width":696,"height":696,"caption":"Certified Cosmetics"},"image":{"@id":"https:\/\/www.certifiedcosmetics.com\/es\/#\/schema\/logo\/image\/"},"description":"Your trusted partner for cosmetic product safety reporting. We take care of updating all of your documentation, ensuring your compliance stays current even as regulations evolve. The Cosmetic Product Safety Assessment will give you everything you need to sell specific products to EU consumers.","email":"contact@certifiedcosmetics.com","telephone":"+31 36 2036384","legalName":"Certified Cosmetics","foundingDate":"2010-01-01","vatID":"NL854189543B01","numberOfEmployees":{"@type":"QuantitativeValue","minValue":"11","maxValue":"50"}}]},"product_price_amount":"249.32","product_price_currency":"USD","og_availability":"instock","product_availability":"instock","product_retailer_item_id":"CC100035","product_condition":"new"},"_links":{"self":[{"href":"https:\/\/www.certifiedcosmetics.com\/es\/wp-json\/wp\/v2\/product\/11921","targetHints":{"allow":["GET"]}}],"collection":[{"href":"https:\/\/www.certifiedcosmetics.com\/es\/wp-json\/wp\/v2\/product"}],"about":[{"href":"https:\/\/www.certifiedcosmetics.com\/es\/wp-json\/wp\/v2\/types\/product"}],"wp:featuredmedia":[{"embeddable":true,"href":"https:\/\/www.certifiedcosmetics.com\/es\/wp-json\/wp\/v2\/media\/6575"}],"wp:attachment":[{"href":"https:\/\/www.certifiedcosmetics.com\/es\/wp-json\/wp\/v2\/media?parent=11921"}],"wp:term":[{"taxonomy":"product_brand","embeddable":true,"href":"https:\/\/www.certifiedcosmetics.com\/es\/wp-json\/wp\/v2\/product_brand?post=11921"},{"taxonomy":"product_cat","embeddable":true,"href":"https:\/\/www.certifiedcosmetics.com\/es\/wp-json\/wp\/v2\/product_cat?post=11921"},{"taxonomy":"product_tag","embeddable":true,"href":"https:\/\/www.certifiedcosmetics.com\/es\/wp-json\/wp\/v2\/product_tag?post=11921"}],"curies":[{"name":"wp","href":"https:\/\/api.w.org\/{rel}","templated":true}]}}