{"id":11433,"date":"2025-04-11T12:36:54","date_gmt":"2025-04-11T11:36:54","guid":{"rendered":"https:\/\/www.certifiedcosmetics.com\/product\/sin categor\u00eda\/prueba-del-periodo-tras-la-apertura-pao\/"},"modified":"2025-04-11T12:36:54","modified_gmt":"2025-04-11T11:36:54","slug":"prueba-del-periodo-tras-la-apertura-pao","status":"publish","type":"product","link":"https:\/\/www.certifiedcosmetics.com\/es\/product\/pruebas-comunes\/prueba-del-periodo-tras-la-apertura-pao\/","title":{"rendered":"Prueba del periodo tras la apertura (PAO)"},"content":{"rendered":"<p class=\"\" data-start=\"243\" data-end=\"578\">En Certified Cosmetics, ofrecemos una <strong data-start=\"291\" data-end=\"326\">Prueba PAO (Periodo Tras la Apertura)<\/strong> profesional para ayudarte a determinar cu\u00e1nto tiempo sigue siendo seguro y eficaz tu producto cosm\u00e9tico tras su apertura. Se trata de una parte esencial del cumplimiento normativo seg\u00fan <strong data-start=\"479\" data-end=\"514\">el Reglamento (CE) n\u00ba 1223\/2009 de la UE<\/strong>, especialmente para productos con una vida \u00fatil superior a 30 meses. <\/p>\n<h2 data-start=\"580\" data-end=\"801\">\u00bfQu\u00e9 es una prueba del periodo tras la apertura (PAO)?<\/h2>\n<p class=\"\" data-start=\"580\" data-end=\"801\">Nuestro laboratorio simula el uso t\u00edpico del consumidor para evaluar la estabilidad del producto una vez abierto. Bas\u00e1ndonos en los resultados, proporcionamos un s\u00edmbolo PAO recomendado (por ejemplo, 6M, 12M, 24M), que puedes incluir con confianza en tu envase. <\/p>\n<p class=\"\" data-start=\"803\" data-end=\"823\"><strong data-start=\"803\" data-end=\"823\">Qu\u00e9 incluye:<\/strong><\/p>\n<ul data-start=\"825\" data-end=\"1114\">\n<li class=\"\" data-start=\"825\" data-end=\"877\">\n<p class=\"\" data-start=\"827\" data-end=\"877\">Pruebas completas de PAO en condiciones controladas de laboratorio<\/p>\n<\/li>\n<li class=\"\" data-start=\"878\" data-end=\"938\">\n<p class=\"\" data-start=\"880\" data-end=\"938\">Evaluaci\u00f3n cient\u00edfica de la estabilidad del producto tras su apertura<\/p>\n<\/li>\n<li class=\"\" data-start=\"939\" data-end=\"1001\">\n<p class=\"\" data-start=\"941\" data-end=\"1001\">Adecuado para cremas, sueros, lociones, geles, aceites y m\u00e1s<\/p>\n<\/li>\n<li class=\"\" data-start=\"1002\" data-end=\"1055\">\n<p class=\"\" data-start=\"1004\" data-end=\"1055\">Un informe detallado con el s\u00edmbolo PAO recomendado<\/p>\n<\/li>\n<li class=\"\" data-start=\"1056\" data-end=\"1114\">\n<p class=\"\" data-start=\"1058\" data-end=\"1114\">Apoyo a tu Informe sobre la seguridad de los productos cosm\u00e9ticos (ISPAC)<\/p>\n<\/li>\n<\/ul>\n<h2 data-start=\"1116\" data-end=\"1148\"><strong data-start=\"1116\" data-end=\"1148\">\u00bfCu\u00e1ndo necesitas una prueba PAO?<\/strong><\/h2>\n<p class=\"\" data-start=\"1150\" data-end=\"1381\">Se exige una prueba PAO para los productos cosm\u00e9ticos que tengan una durabilidad m\u00ednima de m\u00e1s de 30 meses y no muestren una fecha de caducidad. El s\u00edmbolo PAO ayuda a informar a los consumidores de cu\u00e1nto tiempo pueden utilizar el producto con seguridad despu\u00e9s de abrirlo. <\/p>\n<p class=\"\" data-start=\"1383\" data-end=\"1399\"><strong data-start=\"1383\" data-end=\"1399\">El proceso:<\/strong><\/p>\n<ol data-start=\"1401\" data-end=\"1627\">\n<li class=\"\" data-start=\"1401\" data-end=\"1441\">\n<p class=\"\" data-start=\"1404\" data-end=\"1441\">Comprar la prueba<\/p>\n<\/li>\n<li class=\"\" data-start=\"1401\" data-end=\"1441\">\n<p class=\"\" data-start=\"1404\" data-end=\"1441\">Accede a nuestro portal seguro para reservar el examen<\/p>\n<\/li>\n<li class=\"\" data-start=\"1401\" data-end=\"1441\">\n<p class=\"\" data-start=\"1404\" data-end=\"1441\">Env\u00edanos tu muestra de producto<\/p>\n<\/li>\n<li class=\"\" data-start=\"1442\" data-end=\"1505\">\n<p class=\"\" data-start=\"1445\" data-end=\"1505\">Nuestro laboratorio simula las condiciones posteriores a la apertura y eval\u00faa la estabilidad<\/p>\n<\/li>\n<li class=\"\" data-start=\"1506\" data-end=\"1576\">\n<p class=\"\" data-start=\"1509\" data-end=\"1576\">Recibes un informe completo de la PAO con la recomendaci\u00f3n del s\u00edmbolo<\/p>\n<\/li>\n<li class=\"\" data-start=\"1577\" data-end=\"1627\">\n<p class=\"\" data-start=\"1580\" data-end=\"1627\">Utiliza los resultados en tu CPSR y en el dise\u00f1o de etiquetas<\/p>\n<\/li>\n<\/ol>\n<p class=\"\" data-start=\"1629\" data-end=\"1868\">Con Certified Cosmetics, te beneficias de pruebas realizadas por expertos, un plazo de entrega r\u00e1pido y un apoyo normativo completo. Tanto si lanzas una nueva formulaci\u00f3n como si actualizas un producto existente, nuestra prueba de PAO te garantiza el cumplimiento de la normativa y la transparencia. <\/p>\n<h2 data-start=\"260\" data-end=\"318\">\u00bfCu\u00e1l es la diferencia entre fecha de caducidad y PAO?<\/h2>\n<p class=\"\" data-start=\"320\" data-end=\"518\">En los productos cosm\u00e9ticos, <strong data-start=\"342\" data-end=\"361\">la fecha de caducidad<\/strong> y el <strong data-start=\"366\" data-end=\"396\">periodo tras la apertura (PAO)<\/strong> son dos indicadores distintos de la estabilidad y seguridad del producto, exigidos por <strong data-start=\"473\" data-end=\"517\">el Reglamento (CE) n\u00ba 1223\/2009 de la UE sobre cosm\u00e9ticos<\/strong>.<\/p>\n<h3 data-start=\"525\" data-end=\"575\"><strong data-start=\"530\" data-end=\"575\">Fecha de caducidad (Fecha de durabilidad m\u00ednima)<\/strong><\/h3>\n<ul data-start=\"577\" data-end=\"979\">\n<li class=\"\" data-start=\"577\" data-end=\"650\">\n<p class=\"\" data-start=\"579\" data-end=\"650\"><strong data-start=\"579\" data-end=\"593\">Se utiliza cuando:<\/strong> El producto tiene una caducidad <strong data-start=\"612\" data-end=\"649\">inferior a 30 meses<\/strong>.<\/p>\n<\/li>\n<li class=\"\" data-start=\"651\" data-end=\"746\">\n<p class=\"\" data-start=\"653\" data-end=\"746\"><strong data-start=\"653\" data-end=\"670\">Formato de la etiqueta:<\/strong> Suele aparecer como &#8220;Consumir preferentemente antes de [fecha]&#8221; o un s\u00edmbolo de reloj de arena con la fecha.<\/p>\n<\/li>\n<li class=\"\" data-start=\"747\" data-end=\"877\">\n<p class=\"\" data-start=\"749\" data-end=\"877\"><strong data-start=\"749\" data-end=\"761\">Significado:<\/strong> Indica la fecha <strong data-start=\"781\" data-end=\"844\">hasta la cual el producto sin abrir sigue siendo seguro y eficaz<\/strong> en condiciones de almacenamiento adecuadas.<\/p>\n<\/li>\n<li class=\"\" data-start=\"878\" data-end=\"979\">\n<p class=\"\" data-start=\"880\" data-end=\"979\"><strong data-start=\"880\" data-end=\"892\">Ejemplo:<\/strong> Una mascarilla facial natural sin conservantes podr\u00eda caducar a los 12 meses de su producci\u00f3n.<\/p>\n<\/li>\n<\/ul>\n<h3 data-start=\"986\" data-end=\"1021\"><strong data-start=\"991\" data-end=\"1021\">Periodo tras la apertura (PAO)<\/strong><\/h3>\n<ul data-start=\"1023\" data-end=\"1386\">\n<li class=\"\" data-start=\"1023\" data-end=\"1096\">\n<p class=\"\" data-start=\"1025\" data-end=\"1096\"><strong data-start=\"1025\" data-end=\"1039\">Se utiliza cuando:<\/strong> El producto tiene una caducidad <strong data-start=\"1058\" data-end=\"1095\">superior a 30 meses<\/strong>.<\/p>\n<\/li>\n<li class=\"\" data-start=\"1097\" data-end=\"1183\">\n<p class=\"\" data-start=\"1099\" data-end=\"1183\"><strong data-start=\"1099\" data-end=\"1116\">Formato de la etiqueta:<\/strong> Un s\u00edmbolo de tarro con un n\u00famero y una letra (por ejemplo, &#8220;12M&#8221; para 12 meses).<\/p>\n<\/li>\n<li class=\"\" data-start=\"1184\" data-end=\"1286\">\n<p class=\"\" data-start=\"1186\" data-end=\"1286\"><strong data-start=\"1186\" data-end=\"1198\">Significado:<\/strong> Indica durante cu\u00e1nto tiempo el producto sigue siendo seguro y utilizable <strong data-start=\"1254\" data-end=\"1285\">despu\u00e9s de que el consumidor lo abra<\/strong>.<\/p>\n<\/li>\n<li class=\"\" data-start=\"1287\" data-end=\"1386\">\n<p class=\"\" data-start=\"1289\" data-end=\"1386\"><strong data-start=\"1289\" data-end=\"1301\">Ejemplo:<\/strong> Una loci\u00f3n que dura indefinidamente cuando est\u00e1 precintada, pero que es v\u00e1lida durante 12 meses una vez abierta.<\/p>\n<\/li>\n<\/ul>\n<h3 class=\"\" data-start=\"1393\" data-end=\"1404\">Resumen<\/h3>\n<div class=\"pointer-events-none relative left-[50%] flex w-[100cqw] translate-x-[-50%] justify-center *:pointer-events-auto\">\n<div class=\"tableContainer horzScrollShadows\">\n<table class=\"min-w-full\" data-start=\"1406\" data-end=\"2029\">\n<thead data-start=\"1406\" data-end=\"1509\">\n<tr data-start=\"1406\" data-end=\"1509\">\n<th data-start=\"1406\" data-end=\"1428\"><\/th>\n<th data-start=\"1428\" data-end=\"1465\"><strong data-start=\"1430\" data-end=\"1449\">Fecha de caducidad<\/strong><\/th>\n<th data-start=\"1465\" data-end=\"1509\"><strong data-start=\"1467\" data-end=\"1497\">PAO (Periodo posterior a la apertura)<\/strong><\/th>\n<\/tr>\n<\/thead>\n<tbody data-start=\"1614\" data-end=\"2029\">\n<tr data-start=\"1614\" data-end=\"1717\">\n<td class=\"max-w-[calc(var(--thread-content-max-width)*2\/3)]\" data-start=\"1614\" data-end=\"1636\">Cuando sea necesario<\/td>\n<td class=\"max-w-[calc(var(--thread-content-max-width)*2\/3)]\" data-start=\"1636\" data-end=\"1673\">Caducidad inferior a 30 meses<\/td>\n<td class=\"max-w-[calc(var(--thread-content-max-width)*2\/3)]\" data-start=\"1673\" data-end=\"1717\">Caducidad superior a 30 meses<\/td>\n<\/tr>\n<tr data-start=\"1718\" data-end=\"1821\">\n<td class=\"max-w-[calc(var(--thread-content-max-width)*2\/3)]\" data-start=\"1718\" data-end=\"1740\">Basado en<\/td>\n<td class=\"max-w-[calc(var(--thread-content-max-width)*2\/3)]\" data-start=\"1740\" data-end=\"1777\">Estabilidad del producto sin abrir<\/td>\n<td class=\"max-w-[calc(var(--thread-content-max-width)*2\/3)]\" data-start=\"1777\" data-end=\"1821\">Estabilidad del producto abierto<\/td>\n<\/tr>\n<tr data-start=\"1822\" data-end=\"1925\">\n<td class=\"max-w-[calc(var(--thread-content-max-width)*2\/3)]\" data-start=\"1822\" data-end=\"1844\">S\u00edmbolo de etiqueta<\/td>\n<td class=\"max-w-[calc(var(--thread-content-max-width)*2\/3)]\" data-start=\"1844\" data-end=\"1881\">Reloj de arena<\/td>\n<td class=\"max-w-[calc(var(--thread-content-max-width)*2\/3)]\" data-start=\"1881\" data-end=\"1925\">Tarro abierto<\/td>\n<\/tr>\n<tr data-start=\"1926\" data-end=\"2029\">\n<td class=\"max-w-[calc(var(--thread-content-max-width)*2\/3)]\" data-start=\"1926\" data-end=\"1948\">Ejemplo<\/td>\n<td class=\"max-w-[calc(var(--thread-content-max-width)*2\/3)]\" data-start=\"1948\" data-end=\"1985\">Exfoliante natural que caduca en 12 meses<\/td>\n<td class=\"max-w-[calc(var(--thread-content-max-width)*2\/3)]\" data-start=\"1985\" data-end=\"2029\">Suero utilizable durante 6M tras su apertura<\/td>\n<\/tr>\n<\/tbody>\n<\/table>\n<\/div>\n<\/div>\n","protected":false},"excerpt":{"rendered":"<p>En Certified Cosmetics, ofrecemos una Prueba PAO (Periodo Tras la Apertura) profesional para ayudarte a determinar cu\u00e1nto tiempo sigue siendo seguro y eficaz tu producto cosm\u00e9tico tras su apertura. Se trata de una parte esencial del cumplimiento normativo seg\u00fan el Reglamento (CE) n\u00ba 1223\/2009 de la UE, especialmente para productos con una vida \u00fatil superior&#8230;<\/p>\n","protected":false},"featured_media":11431,"template":"","meta":[],"product_brand":[],"product_cat":[354],"product_tag":[],"class_list":{"0":"post-11433","1":"product","2":"type-product","3":"status-publish","4":"has-post-thumbnail","6":"product_cat-pruebas-comunes","8":"first","9":"instock","10":"virtual","11":"taxable","12":"purchasable","13":"product-type-simple"},"bundled_by":[],"bundle_stock_status":"instock","bundle_stock_quantity":null,"bundle_virtual":false,"bundle_layout":"","bundle_add_to_cart_form_location":"","bundle_editable_in_cart":false,"bundle_sold_individually_context":"","bundle_item_grouping":"","bundle_min_size":"","bundle_max_size":"","bundle_price":[],"bundled_items":[],"bundle_sell_ids":[],"yoast_head":"<!-- This site is optimized with the Yoast SEO Premium plugin v25.4 (Yoast SEO v25.4) - https:\/\/yoast.com\/wordpress\/plugins\/seo\/ -->\n<title>Prueba del periodo tras la apertura (PAO) - Certified Cosmetics<\/title>\n<meta name=\"description\" content=\"En Certified Cosmetics, ofrecemos una Prueba PAO (Periodo Tras la Apertura) profesional para ayudarte a determinar durante cu\u00e1nto tiempo tu producto cosm\u00e9tico sigue siendo seguro y eficaz tras su apertura.\" \/>\n<meta name=\"robots\" content=\"index, follow, max-snippet:-1, max-image-preview:large, max-video-preview:-1\" \/>\n<link rel=\"canonical\" href=\"https:\/\/www.certifiedcosmetics.com\/es\/product\/pruebas-comunes\/prueba-del-periodo-tras-la-apertura-pao\/\" \/>\n<meta property=\"og:locale\" content=\"es_ES\" \/>\n<meta property=\"og:type\" content=\"article\" \/>\n<meta property=\"og:title\" content=\"Prueba del periodo tras la apertura (PAO)\" \/>\n<meta property=\"og:description\" content=\"En Certified Cosmetics, ofrecemos una Prueba PAO (Periodo Tras la Apertura) profesional para ayudarte a determinar durante cu\u00e1nto tiempo tu producto cosm\u00e9tico sigue siendo seguro y eficaz tras su apertura.\" \/>\n<meta property=\"og:url\" content=\"https:\/\/www.certifiedcosmetics.com\/es\/product\/pruebas-comunes\/prueba-del-periodo-tras-la-apertura-pao\/\" \/>\n<meta property=\"og:site_name\" content=\"Certified Cosmetics\" \/>\n<meta property=\"og:image\" content=\"https:\/\/www.certifiedcosmetics.com\/wp-content\/uploads\/2025\/04\/oeriod-after-opening-test.jpg\" \/>\n\t<meta property=\"og:image:width\" content=\"800\" \/>\n\t<meta property=\"og:image:height\" content=\"800\" \/>\n\t<meta property=\"og:image:type\" content=\"image\/jpeg\" \/>\n<meta name=\"twitter:card\" content=\"summary_large_image\" \/>\n<meta name=\"twitter:label1\" content=\"Precio\" \/>\n\t<meta name=\"twitter:data1\" content=\"&#036;264.81\" \/>\n\t<meta name=\"twitter:label2\" content=\"Disponibilidad\" \/>\n\t<meta name=\"twitter:data2\" content=\"Disponible\" \/>\n<script type=\"application\/ld+json\" class=\"yoast-schema-graph\">{\"@context\":\"https:\/\/schema.org\",\"@graph\":[{\"@type\":\"WebPage\",\"@id\":\"https:\/\/www.certifiedcosmetics.com\/es\/product\/pruebas-comunes\/prueba-del-periodo-tras-la-apertura-pao\/\",\"url\":\"https:\/\/www.certifiedcosmetics.com\/es\/product\/pruebas-comunes\/prueba-del-periodo-tras-la-apertura-pao\/\",\"name\":\"Prueba del periodo tras la apertura (PAO) - Certified Cosmetics\",\"isPartOf\":{\"@id\":\"https:\/\/www.certifiedcosmetics.com\/es\/#website\"},\"primaryImageOfPage\":{\"@id\":\"https:\/\/www.certifiedcosmetics.com\/es\/product\/pruebas-comunes\/prueba-del-periodo-tras-la-apertura-pao\/#primaryimage\"},\"image\":{\"@id\":\"https:\/\/www.certifiedcosmetics.com\/es\/product\/pruebas-comunes\/prueba-del-periodo-tras-la-apertura-pao\/#primaryimage\"},\"thumbnailUrl\":\"https:\/\/www.certifiedcosmetics.com\/wp-content\/uploads\/2025\/04\/oeriod-after-opening-test.jpg\",\"datePublished\":\"2025-04-11T11:36:54+00:00\",\"description\":\"En Certified Cosmetics, ofrecemos una Prueba PAO (Periodo Tras la Apertura) profesional para ayudarte a determinar durante cu\u00e1nto tiempo tu producto cosm\u00e9tico sigue siendo seguro y eficaz tras su apertura.\",\"breadcrumb\":{\"@id\":\"https:\/\/www.certifiedcosmetics.com\/es\/product\/pruebas-comunes\/prueba-del-periodo-tras-la-apertura-pao\/#breadcrumb\"},\"inLanguage\":\"es\",\"potentialAction\":[{\"@type\":\"ReadAction\",\"target\":[\"https:\/\/www.certifiedcosmetics.com\/es\/product\/pruebas-comunes\/prueba-del-periodo-tras-la-apertura-pao\/\"]}]},{\"@type\":\"ImageObject\",\"inLanguage\":\"es\",\"@id\":\"https:\/\/www.certifiedcosmetics.com\/es\/product\/pruebas-comunes\/prueba-del-periodo-tras-la-apertura-pao\/#primaryimage\",\"url\":\"https:\/\/www.certifiedcosmetics.com\/wp-content\/uploads\/2025\/04\/oeriod-after-opening-test.jpg\",\"contentUrl\":\"https:\/\/www.certifiedcosmetics.com\/wp-content\/uploads\/2025\/04\/oeriod-after-opening-test.jpg\",\"width\":800,\"height\":800},{\"@type\":\"BreadcrumbList\",\"@id\":\"https:\/\/www.certifiedcosmetics.com\/es\/product\/pruebas-comunes\/prueba-del-periodo-tras-la-apertura-pao\/#breadcrumb\",\"itemListElement\":[{\"@type\":\"ListItem\",\"position\":1,\"name\":\"Home\",\"item\":\"https:\/\/www.certifiedcosmetics.com\/es\/\"},{\"@type\":\"ListItem\",\"position\":2,\"name\":\"Tienda\",\"item\":\"https:\/\/www.certifiedcosmetics.com\/es\/tienda\/\"},{\"@type\":\"ListItem\",\"position\":3,\"name\":\"Prueba del periodo tras la apertura (PAO)\"}]},{\"@type\":\"WebSite\",\"@id\":\"https:\/\/www.certifiedcosmetics.com\/es\/#website\",\"url\":\"https:\/\/www.certifiedcosmetics.com\/es\/\",\"name\":\"Certified Cosmetics\",\"description\":\"Cosmetic Testing\",\"publisher\":{\"@id\":\"https:\/\/www.certifiedcosmetics.com\/es\/#organization\"},\"potentialAction\":[{\"@type\":\"SearchAction\",\"target\":{\"@type\":\"EntryPoint\",\"urlTemplate\":\"https:\/\/www.certifiedcosmetics.com\/es\/?s={search_term_string}\"},\"query-input\":{\"@type\":\"PropertyValueSpecification\",\"valueRequired\":true,\"valueName\":\"search_term_string\"}}],\"inLanguage\":\"es\"},{\"@type\":\"Organization\",\"@id\":\"https:\/\/www.certifiedcosmetics.com\/es\/#organization\",\"name\":\"Certified Cosmetics\",\"url\":\"https:\/\/www.certifiedcosmetics.com\/es\/\",\"logo\":{\"@type\":\"ImageObject\",\"inLanguage\":\"es\",\"@id\":\"https:\/\/www.certifiedcosmetics.com\/es\/#\/schema\/logo\/image\/\",\"url\":\"https:\/\/www.certifiedcosmetics.com\/wp-content\/uploads\/2024\/12\/logo_certified_cosmetics696.jpg\",\"contentUrl\":\"https:\/\/www.certifiedcosmetics.com\/wp-content\/uploads\/2024\/12\/logo_certified_cosmetics696.jpg\",\"width\":696,\"height\":696,\"caption\":\"Certified Cosmetics\"},\"image\":{\"@id\":\"https:\/\/www.certifiedcosmetics.com\/es\/#\/schema\/logo\/image\/\"},\"description\":\"Your trusted partner for cosmetic product safety reporting. We take care of updating all of your documentation, ensuring your compliance stays current even as regulations evolve. The Cosmetic Product Safety Assessment will give you everything you need to sell specific products to EU consumers.\",\"email\":\"contact@certifiedcosmetics.com\",\"telephone\":\"+31 36 2036384\",\"legalName\":\"Certified Cosmetics\",\"foundingDate\":\"2010-01-01\",\"vatID\":\"NL854189543B01\",\"numberOfEmployees\":{\"@type\":\"QuantitativeValue\",\"minValue\":\"11\",\"maxValue\":\"50\"}}]}<\/script>\n<meta property=\"product:price:amount\" content=\"264.81\" \/>\n<meta property=\"product:price:currency\" content=\"USD\" \/>\n<meta property=\"og:availability\" content=\"instock\" \/>\n<meta property=\"product:availability\" content=\"instock\" \/>\n<meta property=\"product:retailer_item_id\" content=\"CC100112\" \/>\n<meta property=\"product:condition\" content=\"new\" \/>\n<!-- \/ Yoast SEO Premium plugin. -->","yoast_head_json":{"title":"Prueba del periodo tras la apertura (PAO) - Certified Cosmetics","description":"En Certified Cosmetics, ofrecemos una Prueba PAO (Periodo Tras la Apertura) profesional para ayudarte a determinar durante cu\u00e1nto tiempo tu producto cosm\u00e9tico sigue siendo seguro y eficaz tras su apertura.","robots":{"index":"index","follow":"follow","max-snippet":"max-snippet:-1","max-image-preview":"max-image-preview:large","max-video-preview":"max-video-preview:-1"},"canonical":"https:\/\/www.certifiedcosmetics.com\/es\/product\/pruebas-comunes\/prueba-del-periodo-tras-la-apertura-pao\/","og_locale":"es_ES","og_type":"article","og_title":"Prueba del periodo tras la apertura (PAO)","og_description":"En Certified Cosmetics, ofrecemos una Prueba PAO (Periodo Tras la Apertura) profesional para ayudarte a determinar durante cu\u00e1nto tiempo tu producto cosm\u00e9tico sigue siendo seguro y eficaz tras su apertura.","og_url":"https:\/\/www.certifiedcosmetics.com\/es\/product\/pruebas-comunes\/prueba-del-periodo-tras-la-apertura-pao\/","og_site_name":"Certified Cosmetics","og_image":[{"width":800,"height":800,"url":"https:\/\/www.certifiedcosmetics.com\/wp-content\/uploads\/2025\/04\/oeriod-after-opening-test.jpg","type":"image\/jpeg"}],"twitter_card":"summary_large_image","twitter_misc":{"Precio":"&#36;264.81","Disponibilidad":"Disponible"},"schema":{"@context":"https:\/\/schema.org","@graph":[{"@type":"WebPage","@id":"https:\/\/www.certifiedcosmetics.com\/es\/product\/pruebas-comunes\/prueba-del-periodo-tras-la-apertura-pao\/","url":"https:\/\/www.certifiedcosmetics.com\/es\/product\/pruebas-comunes\/prueba-del-periodo-tras-la-apertura-pao\/","name":"Prueba del periodo tras la apertura (PAO) - Certified Cosmetics","isPartOf":{"@id":"https:\/\/www.certifiedcosmetics.com\/es\/#website"},"primaryImageOfPage":{"@id":"https:\/\/www.certifiedcosmetics.com\/es\/product\/pruebas-comunes\/prueba-del-periodo-tras-la-apertura-pao\/#primaryimage"},"image":{"@id":"https:\/\/www.certifiedcosmetics.com\/es\/product\/pruebas-comunes\/prueba-del-periodo-tras-la-apertura-pao\/#primaryimage"},"thumbnailUrl":"https:\/\/www.certifiedcosmetics.com\/wp-content\/uploads\/2025\/04\/oeriod-after-opening-test.jpg","datePublished":"2025-04-11T11:36:54+00:00","description":"En Certified Cosmetics, ofrecemos una Prueba PAO (Periodo Tras la Apertura) profesional para ayudarte a determinar durante cu\u00e1nto tiempo tu producto cosm\u00e9tico sigue siendo seguro y eficaz tras su apertura.","breadcrumb":{"@id":"https:\/\/www.certifiedcosmetics.com\/es\/product\/pruebas-comunes\/prueba-del-periodo-tras-la-apertura-pao\/#breadcrumb"},"inLanguage":"es","potentialAction":[{"@type":"ReadAction","target":["https:\/\/www.certifiedcosmetics.com\/es\/product\/pruebas-comunes\/prueba-del-periodo-tras-la-apertura-pao\/"]}]},{"@type":"ImageObject","inLanguage":"es","@id":"https:\/\/www.certifiedcosmetics.com\/es\/product\/pruebas-comunes\/prueba-del-periodo-tras-la-apertura-pao\/#primaryimage","url":"https:\/\/www.certifiedcosmetics.com\/wp-content\/uploads\/2025\/04\/oeriod-after-opening-test.jpg","contentUrl":"https:\/\/www.certifiedcosmetics.com\/wp-content\/uploads\/2025\/04\/oeriod-after-opening-test.jpg","width":800,"height":800},{"@type":"BreadcrumbList","@id":"https:\/\/www.certifiedcosmetics.com\/es\/product\/pruebas-comunes\/prueba-del-periodo-tras-la-apertura-pao\/#breadcrumb","itemListElement":[{"@type":"ListItem","position":1,"name":"Home","item":"https:\/\/www.certifiedcosmetics.com\/es\/"},{"@type":"ListItem","position":2,"name":"Tienda","item":"https:\/\/www.certifiedcosmetics.com\/es\/tienda\/"},{"@type":"ListItem","position":3,"name":"Prueba del periodo tras la apertura (PAO)"}]},{"@type":"WebSite","@id":"https:\/\/www.certifiedcosmetics.com\/es\/#website","url":"https:\/\/www.certifiedcosmetics.com\/es\/","name":"Certified Cosmetics","description":"Cosmetic Testing","publisher":{"@id":"https:\/\/www.certifiedcosmetics.com\/es\/#organization"},"potentialAction":[{"@type":"SearchAction","target":{"@type":"EntryPoint","urlTemplate":"https:\/\/www.certifiedcosmetics.com\/es\/?s={search_term_string}"},"query-input":{"@type":"PropertyValueSpecification","valueRequired":true,"valueName":"search_term_string"}}],"inLanguage":"es"},{"@type":"Organization","@id":"https:\/\/www.certifiedcosmetics.com\/es\/#organization","name":"Certified Cosmetics","url":"https:\/\/www.certifiedcosmetics.com\/es\/","logo":{"@type":"ImageObject","inLanguage":"es","@id":"https:\/\/www.certifiedcosmetics.com\/es\/#\/schema\/logo\/image\/","url":"https:\/\/www.certifiedcosmetics.com\/wp-content\/uploads\/2024\/12\/logo_certified_cosmetics696.jpg","contentUrl":"https:\/\/www.certifiedcosmetics.com\/wp-content\/uploads\/2024\/12\/logo_certified_cosmetics696.jpg","width":696,"height":696,"caption":"Certified Cosmetics"},"image":{"@id":"https:\/\/www.certifiedcosmetics.com\/es\/#\/schema\/logo\/image\/"},"description":"Your trusted partner for cosmetic product safety reporting. We take care of updating all of your documentation, ensuring your compliance stays current even as regulations evolve. The Cosmetic Product Safety Assessment will give you everything you need to sell specific products to EU consumers.","email":"contact@certifiedcosmetics.com","telephone":"+31 36 2036384","legalName":"Certified Cosmetics","foundingDate":"2010-01-01","vatID":"NL854189543B01","numberOfEmployees":{"@type":"QuantitativeValue","minValue":"11","maxValue":"50"}}]},"product_price_amount":"264.81","product_price_currency":"USD","og_availability":"instock","product_availability":"instock","product_retailer_item_id":"CC100112","product_condition":"new"},"_links":{"self":[{"href":"https:\/\/www.certifiedcosmetics.com\/es\/wp-json\/wp\/v2\/product\/11433","targetHints":{"allow":["GET"]}}],"collection":[{"href":"https:\/\/www.certifiedcosmetics.com\/es\/wp-json\/wp\/v2\/product"}],"about":[{"href":"https:\/\/www.certifiedcosmetics.com\/es\/wp-json\/wp\/v2\/types\/product"}],"wp:featuredmedia":[{"embeddable":true,"href":"https:\/\/www.certifiedcosmetics.com\/es\/wp-json\/wp\/v2\/media\/11431"}],"wp:attachment":[{"href":"https:\/\/www.certifiedcosmetics.com\/es\/wp-json\/wp\/v2\/media?parent=11433"}],"wp:term":[{"taxonomy":"product_brand","embeddable":true,"href":"https:\/\/www.certifiedcosmetics.com\/es\/wp-json\/wp\/v2\/product_brand?post=11433"},{"taxonomy":"product_cat","embeddable":true,"href":"https:\/\/www.certifiedcosmetics.com\/es\/wp-json\/wp\/v2\/product_cat?post=11433"},{"taxonomy":"product_tag","embeddable":true,"href":"https:\/\/www.certifiedcosmetics.com\/es\/wp-json\/wp\/v2\/product_tag?post=11433"}],"curies":[{"name":"wp","href":"https:\/\/api.w.org\/{rel}","templated":true}]}}