{"id":11417,"date":"2025-04-01T13:00:17","date_gmt":"2025-04-01T12:00:17","guid":{"rendered":"https:\/\/www.certifiedcosmetics.com\/product\/sin categor\u00eda\/prueba-oftalmologica\/"},"modified":"2025-04-01T13:00:17","modified_gmt":"2025-04-01T12:00:17","slug":"prueba-oftalmologica","status":"publish","type":"product","link":"https:\/\/www.certifiedcosmetics.com\/es\/product\/pruebas-de-eficacia\/pruebas-oculares\/prueba-oftalmologica\/","title":{"rendered":"Prueba oftalmol\u00f3gica"},"content":{"rendered":"<p class=\"\" data-start=\"214\" data-end=\"577\">Proporcionamos <strong data-start=\"253\" data-end=\"299\">pruebas oftalmol\u00f3gicas completas de laboratorio<\/strong> para evaluar la seguridad y eficacia de los productos cosm\u00e9ticos destinados al contorno de los ojos. Esta prueba es esencial para respaldar las afirmaciones del producto y garantizar la seguridad del consumidor, especialmente en cremas oculares, m\u00e1scaras de pesta\u00f1as, delineadores de ojos, desmaquillantes y otras formulaciones para zonas sensibles. <\/p>\n<h4 class=\"\" data-start=\"579\" data-end=\"630\">Caracter\u00edsticas principales de nuestra prueba oftalmol\u00f3gica de laboratorio<\/h4>\n<ul data-start=\"632\" data-end=\"1841\">\n<li class=\"\" data-start=\"632\" data-end=\"862\">\n<p class=\"\" data-start=\"634\" data-end=\"862\"><strong data-start=\"634\" data-end=\"666\">Evaluaci\u00f3n del producto a lo largo del tiempo<\/strong><br data-start=\"666\" data-end=\"669\">Evaluamos el producto tras <strong data-start=\"699\" data-end=\"725\">X semanas de uso regular<\/strong> en condiciones normales. Esto nos permite simular el uso en la vida real y determinar c\u00f3mo responden la piel y los ojos durante un periodo prolongado. <\/p>\n<\/li>\n<li class=\"\" data-start=\"864\" data-end=\"1136\">\n<p class=\"\" data-start=\"866\" data-end=\"1136\"><strong data-start=\"866\" data-end=\"897\">Control oftalmol\u00f3gico<\/strong><br data-start=\"897\" data-end=\"900\">Nuestras pruebas se realizan bajo la supervisi\u00f3n de oftalm\u00f3logos cualificados que controlan cualquier signo de <strong data-start=\"1007\" data-end=\"1071\">irritaci\u00f3n ocular, enrojecimiento, lagrimeo excesivo o molestias<\/strong>, garantizando que tu producto es <strong data-start=\"1103\" data-end=\"1135\">seguro para su uso alrededor de los ojos<\/strong>.<\/p>\n<\/li>\n<li class=\"\" data-start=\"1138\" data-end=\"1439\">\n<p class=\"\" data-start=\"1140\" data-end=\"1439\"><strong data-start=\"1140\" data-end=\"1169\">Seguimiento dermatol\u00f3gico<\/strong><br data-start=\"1169\" data-end=\"1172\">Adem\u00e1s de la observaci\u00f3n oftalmol\u00f3gica, incluimos <strong data-start=\"1230\" data-end=\"1260\">valoraciones dermatol\u00f3gicas<\/strong> para evaluar la reacci\u00f3n de la piel, sobre todo de la delicada piel que rodea los ojos. Esto ayuda a identificar cualquier <strong data-start=\"1368\" data-end=\"1438\">sensibilidad d\u00e9rmica, reacci\u00f3n al\u00e9rgica o irritaci\u00f3n acumulada<\/strong>. <\/p>\n<\/li>\n<li class=\"\" data-start=\"1441\" data-end=\"1841\">\n<p class=\"\" data-start=\"1443\" data-end=\"1841\"><strong data-start=\"1443\" data-end=\"1483\">Respaldo de afirmaciones cosm\u00e9ticas espec\u00edficas<\/strong><br data-start=\"1483\" data-end=\"1486\">Si tu producto hace afirmaciones espec\u00edficas como <strong data-start=\"1534\" data-end=\"1563\">&#8220;seguro para ojos sensibles&#8221;,<\/strong> <strong data-start=\"1565\" data-end=\"1596\">&#8220;probado oftalmol\u00f3gicamente&#8221;<\/strong> o <strong data-start=\"1601\" data-end=\"1637\">&#8220;no irrita la zona ocular&#8221;,<\/strong> nuestro protocolo de pruebas est\u00e1 dise\u00f1ado para aportar <strong data-start=\"1683\" data-end=\"1706\">pruebas cient\u00edficas<\/strong> que respalden estas afirmaciones. Nos centramos en la <strong data-start=\"1745\" data-end=\"1770\">evaluaci\u00f3n de la irritaci\u00f3n<\/strong>, tanto visual como instrumental, para fundamentar estas afirmaciones de marketing. <\/p>\n<\/li>\n<\/ul>\n","protected":false},"excerpt":{"rendered":"<p>Proporcionamos pruebas oftalmol\u00f3gicas completas de laboratorio para evaluar la seguridad y eficacia de los productos cosm\u00e9ticos destinados al contorno de los ojos. Esta prueba es esencial para respaldar las afirmaciones del producto y garantizar la seguridad del consumidor, especialmente en cremas oculares, m\u00e1scaras de pesta\u00f1as, delineadores de ojos, desmaquillantes y otras formulaciones para zonas sensibles&#8230;.<\/p>\n","protected":false},"featured_media":11416,"template":"","meta":[],"product_brand":[],"product_cat":[135,377],"product_tag":[],"class_list":{"0":"post-11417","1":"product","2":"type-product","3":"status-publish","4":"has-post-thumbnail","6":"product_cat-pruebas-de-eficacia","7":"product_cat-pruebas-oculares","9":"first","10":"instock","11":"taxable","12":"shipping-taxable","13":"purchasable","14":"product-type-variable"},"bundled_by":[],"bundle_stock_status":"instock","bundle_stock_quantity":null,"bundle_virtual":false,"bundle_layout":"","bundle_add_to_cart_form_location":"","bundle_editable_in_cart":false,"bundle_sold_individually_context":"","bundle_item_grouping":"","bundle_min_size":"","bundle_max_size":"","bundle_price":[],"bundled_items":[],"bundle_sell_ids":[],"yoast_head":"<!-- This site is optimized with the Yoast SEO Premium plugin v25.4 (Yoast SEO v25.4) - https:\/\/yoast.com\/wordpress\/plugins\/seo\/ -->\n<title>Prueba oftalmol\u00f3gica - Certified Cosmetics<\/title>\n<meta name=\"description\" content=\"Realizamos pruebas de laboratorio oftalmol\u00f3gicas exhaustivas para evaluar la seguridad y eficacia de los productos cosm\u00e9ticos destinados al contorno de los ojos.\" \/>\n<meta name=\"robots\" content=\"index, follow, max-snippet:-1, max-image-preview:large, max-video-preview:-1\" \/>\n<link rel=\"canonical\" href=\"https:\/\/www.certifiedcosmetics.com\/es\/product\/pruebas-de-eficacia\/pruebas-oculares\/prueba-oftalmologica\/\" \/>\n<meta property=\"og:locale\" content=\"es_ES\" \/>\n<meta property=\"og:type\" content=\"article\" \/>\n<meta property=\"og:title\" content=\"Prueba oftalmol\u00f3gica\" \/>\n<meta property=\"og:description\" content=\"Realizamos pruebas de laboratorio oftalmol\u00f3gicas exhaustivas para evaluar la seguridad y eficacia de los productos cosm\u00e9ticos destinados al contorno de los ojos.\" \/>\n<meta property=\"og:url\" content=\"https:\/\/www.certifiedcosmetics.com\/es\/product\/pruebas-de-eficacia\/pruebas-oculares\/prueba-oftalmologica\/\" \/>\n<meta property=\"og:site_name\" content=\"Certified Cosmetics\" \/>\n<meta property=\"og:image\" content=\"https:\/\/www.certifiedcosmetics.com\/wp-content\/uploads\/2025\/04\/opto.jpg\" \/>\n\t<meta property=\"og:image:width\" content=\"500\" \/>\n\t<meta property=\"og:image:height\" content=\"500\" \/>\n\t<meta property=\"og:image:type\" content=\"image\/jpeg\" \/>\n<meta name=\"twitter:card\" content=\"summary_large_image\" \/>\n<meta name=\"twitter:label1\" content=\"Disponibilidad\" \/>\n\t<meta name=\"twitter:data1\" content=\"Disponible\" \/>\n<script type=\"application\/ld+json\" class=\"yoast-schema-graph\">{\"@context\":\"https:\/\/schema.org\",\"@graph\":[{\"@type\":\"WebPage\",\"@id\":\"https:\/\/www.certifiedcosmetics.com\/es\/product\/pruebas-de-eficacia\/pruebas-oculares\/prueba-oftalmologica\/\",\"url\":\"https:\/\/www.certifiedcosmetics.com\/es\/product\/pruebas-de-eficacia\/pruebas-oculares\/prueba-oftalmologica\/\",\"name\":\"Prueba oftalmol\u00f3gica - Certified Cosmetics\",\"isPartOf\":{\"@id\":\"https:\/\/www.certifiedcosmetics.com\/es\/#website\"},\"primaryImageOfPage\":{\"@id\":\"https:\/\/www.certifiedcosmetics.com\/es\/product\/pruebas-de-eficacia\/pruebas-oculares\/prueba-oftalmologica\/#primaryimage\"},\"image\":{\"@id\":\"https:\/\/www.certifiedcosmetics.com\/es\/product\/pruebas-de-eficacia\/pruebas-oculares\/prueba-oftalmologica\/#primaryimage\"},\"thumbnailUrl\":\"https:\/\/www.certifiedcosmetics.com\/wp-content\/uploads\/2025\/04\/opto.jpg\",\"datePublished\":\"2025-04-01T12:00:17+00:00\",\"description\":\"Realizamos pruebas de laboratorio oftalmol\u00f3gicas exhaustivas para evaluar la seguridad y eficacia de los productos cosm\u00e9ticos destinados al contorno de los ojos.\",\"breadcrumb\":{\"@id\":\"https:\/\/www.certifiedcosmetics.com\/es\/product\/pruebas-de-eficacia\/pruebas-oculares\/prueba-oftalmologica\/#breadcrumb\"},\"inLanguage\":\"es\",\"potentialAction\":[{\"@type\":\"ReadAction\",\"target\":[\"https:\/\/www.certifiedcosmetics.com\/es\/product\/pruebas-de-eficacia\/pruebas-oculares\/prueba-oftalmologica\/\"]}]},{\"@type\":\"ImageObject\",\"inLanguage\":\"es\",\"@id\":\"https:\/\/www.certifiedcosmetics.com\/es\/product\/pruebas-de-eficacia\/pruebas-oculares\/prueba-oftalmologica\/#primaryimage\",\"url\":\"https:\/\/www.certifiedcosmetics.com\/wp-content\/uploads\/2025\/04\/opto.jpg\",\"contentUrl\":\"https:\/\/www.certifiedcosmetics.com\/wp-content\/uploads\/2025\/04\/opto.jpg\",\"width\":500,\"height\":500},{\"@type\":\"BreadcrumbList\",\"@id\":\"https:\/\/www.certifiedcosmetics.com\/es\/product\/pruebas-de-eficacia\/pruebas-oculares\/prueba-oftalmologica\/#breadcrumb\",\"itemListElement\":[{\"@type\":\"ListItem\",\"position\":1,\"name\":\"Home\",\"item\":\"https:\/\/www.certifiedcosmetics.com\/es\/\"},{\"@type\":\"ListItem\",\"position\":2,\"name\":\"Tienda\",\"item\":\"https:\/\/www.certifiedcosmetics.com\/es\/tienda\/\"},{\"@type\":\"ListItem\",\"position\":3,\"name\":\"Prueba oftalmol\u00f3gica\"}]},{\"@type\":\"WebSite\",\"@id\":\"https:\/\/www.certifiedcosmetics.com\/es\/#website\",\"url\":\"https:\/\/www.certifiedcosmetics.com\/es\/\",\"name\":\"Certified Cosmetics\",\"description\":\"Cosmetic Testing\",\"publisher\":{\"@id\":\"https:\/\/www.certifiedcosmetics.com\/es\/#organization\"},\"potentialAction\":[{\"@type\":\"SearchAction\",\"target\":{\"@type\":\"EntryPoint\",\"urlTemplate\":\"https:\/\/www.certifiedcosmetics.com\/es\/?s={search_term_string}\"},\"query-input\":{\"@type\":\"PropertyValueSpecification\",\"valueRequired\":true,\"valueName\":\"search_term_string\"}}],\"inLanguage\":\"es\"},{\"@type\":\"Organization\",\"@id\":\"https:\/\/www.certifiedcosmetics.com\/es\/#organization\",\"name\":\"Certified Cosmetics\",\"url\":\"https:\/\/www.certifiedcosmetics.com\/es\/\",\"logo\":{\"@type\":\"ImageObject\",\"inLanguage\":\"es\",\"@id\":\"https:\/\/www.certifiedcosmetics.com\/es\/#\/schema\/logo\/image\/\",\"url\":\"https:\/\/www.certifiedcosmetics.com\/wp-content\/uploads\/2024\/12\/logo_certified_cosmetics696.jpg\",\"contentUrl\":\"https:\/\/www.certifiedcosmetics.com\/wp-content\/uploads\/2024\/12\/logo_certified_cosmetics696.jpg\",\"width\":696,\"height\":696,\"caption\":\"Certified Cosmetics\"},\"image\":{\"@id\":\"https:\/\/www.certifiedcosmetics.com\/es\/#\/schema\/logo\/image\/\"},\"description\":\"Your trusted partner for cosmetic product safety reporting. We take care of updating all of your documentation, ensuring your compliance stays current even as regulations evolve. The Cosmetic Product Safety Assessment will give you everything you need to sell specific products to EU consumers.\",\"email\":\"contact@certifiedcosmetics.com\",\"telephone\":\"+31 36 2036384\",\"legalName\":\"Certified Cosmetics\",\"foundingDate\":\"2010-01-01\",\"vatID\":\"NL854189543B01\",\"numberOfEmployees\":{\"@type\":\"QuantitativeValue\",\"minValue\":\"11\",\"maxValue\":\"50\"}}]}<\/script>\n<meta property=\"og:availability\" content=\"instock\" \/>\n<meta property=\"product:availability\" content=\"instock\" \/>\n<meta property=\"product:condition\" content=\"new\" \/>\n<!-- \/ Yoast SEO Premium plugin. -->","yoast_head_json":{"title":"Prueba oftalmol\u00f3gica - Certified Cosmetics","description":"Realizamos pruebas de laboratorio oftalmol\u00f3gicas exhaustivas para evaluar la seguridad y eficacia de los productos cosm\u00e9ticos destinados al contorno de los ojos.","robots":{"index":"index","follow":"follow","max-snippet":"max-snippet:-1","max-image-preview":"max-image-preview:large","max-video-preview":"max-video-preview:-1"},"canonical":"https:\/\/www.certifiedcosmetics.com\/es\/product\/pruebas-de-eficacia\/pruebas-oculares\/prueba-oftalmologica\/","og_locale":"es_ES","og_type":"article","og_title":"Prueba oftalmol\u00f3gica","og_description":"Realizamos pruebas de laboratorio oftalmol\u00f3gicas exhaustivas para evaluar la seguridad y eficacia de los productos cosm\u00e9ticos destinados al contorno de los ojos.","og_url":"https:\/\/www.certifiedcosmetics.com\/es\/product\/pruebas-de-eficacia\/pruebas-oculares\/prueba-oftalmologica\/","og_site_name":"Certified Cosmetics","og_image":[{"width":500,"height":500,"url":"https:\/\/www.certifiedcosmetics.com\/wp-content\/uploads\/2025\/04\/opto.jpg","type":"image\/jpeg"}],"twitter_card":"summary_large_image","twitter_misc":{"Disponibilidad":"Disponible"},"schema":{"@context":"https:\/\/schema.org","@graph":[{"@type":"WebPage","@id":"https:\/\/www.certifiedcosmetics.com\/es\/product\/pruebas-de-eficacia\/pruebas-oculares\/prueba-oftalmologica\/","url":"https:\/\/www.certifiedcosmetics.com\/es\/product\/pruebas-de-eficacia\/pruebas-oculares\/prueba-oftalmologica\/","name":"Prueba oftalmol\u00f3gica - Certified Cosmetics","isPartOf":{"@id":"https:\/\/www.certifiedcosmetics.com\/es\/#website"},"primaryImageOfPage":{"@id":"https:\/\/www.certifiedcosmetics.com\/es\/product\/pruebas-de-eficacia\/pruebas-oculares\/prueba-oftalmologica\/#primaryimage"},"image":{"@id":"https:\/\/www.certifiedcosmetics.com\/es\/product\/pruebas-de-eficacia\/pruebas-oculares\/prueba-oftalmologica\/#primaryimage"},"thumbnailUrl":"https:\/\/www.certifiedcosmetics.com\/wp-content\/uploads\/2025\/04\/opto.jpg","datePublished":"2025-04-01T12:00:17+00:00","description":"Realizamos pruebas de laboratorio oftalmol\u00f3gicas exhaustivas para evaluar la seguridad y eficacia de los productos cosm\u00e9ticos destinados al contorno de los ojos.","breadcrumb":{"@id":"https:\/\/www.certifiedcosmetics.com\/es\/product\/pruebas-de-eficacia\/pruebas-oculares\/prueba-oftalmologica\/#breadcrumb"},"inLanguage":"es","potentialAction":[{"@type":"ReadAction","target":["https:\/\/www.certifiedcosmetics.com\/es\/product\/pruebas-de-eficacia\/pruebas-oculares\/prueba-oftalmologica\/"]}]},{"@type":"ImageObject","inLanguage":"es","@id":"https:\/\/www.certifiedcosmetics.com\/es\/product\/pruebas-de-eficacia\/pruebas-oculares\/prueba-oftalmologica\/#primaryimage","url":"https:\/\/www.certifiedcosmetics.com\/wp-content\/uploads\/2025\/04\/opto.jpg","contentUrl":"https:\/\/www.certifiedcosmetics.com\/wp-content\/uploads\/2025\/04\/opto.jpg","width":500,"height":500},{"@type":"BreadcrumbList","@id":"https:\/\/www.certifiedcosmetics.com\/es\/product\/pruebas-de-eficacia\/pruebas-oculares\/prueba-oftalmologica\/#breadcrumb","itemListElement":[{"@type":"ListItem","position":1,"name":"Home","item":"https:\/\/www.certifiedcosmetics.com\/es\/"},{"@type":"ListItem","position":2,"name":"Tienda","item":"https:\/\/www.certifiedcosmetics.com\/es\/tienda\/"},{"@type":"ListItem","position":3,"name":"Prueba oftalmol\u00f3gica"}]},{"@type":"WebSite","@id":"https:\/\/www.certifiedcosmetics.com\/es\/#website","url":"https:\/\/www.certifiedcosmetics.com\/es\/","name":"Certified Cosmetics","description":"Cosmetic Testing","publisher":{"@id":"https:\/\/www.certifiedcosmetics.com\/es\/#organization"},"potentialAction":[{"@type":"SearchAction","target":{"@type":"EntryPoint","urlTemplate":"https:\/\/www.certifiedcosmetics.com\/es\/?s={search_term_string}"},"query-input":{"@type":"PropertyValueSpecification","valueRequired":true,"valueName":"search_term_string"}}],"inLanguage":"es"},{"@type":"Organization","@id":"https:\/\/www.certifiedcosmetics.com\/es\/#organization","name":"Certified Cosmetics","url":"https:\/\/www.certifiedcosmetics.com\/es\/","logo":{"@type":"ImageObject","inLanguage":"es","@id":"https:\/\/www.certifiedcosmetics.com\/es\/#\/schema\/logo\/image\/","url":"https:\/\/www.certifiedcosmetics.com\/wp-content\/uploads\/2024\/12\/logo_certified_cosmetics696.jpg","contentUrl":"https:\/\/www.certifiedcosmetics.com\/wp-content\/uploads\/2024\/12\/logo_certified_cosmetics696.jpg","width":696,"height":696,"caption":"Certified Cosmetics"},"image":{"@id":"https:\/\/www.certifiedcosmetics.com\/es\/#\/schema\/logo\/image\/"},"description":"Your trusted partner for cosmetic product safety reporting. We take care of updating all of your documentation, ensuring your compliance stays current even as regulations evolve. The Cosmetic Product Safety Assessment will give you everything you need to sell specific products to EU consumers.","email":"contact@certifiedcosmetics.com","telephone":"+31 36 2036384","legalName":"Certified Cosmetics","foundingDate":"2010-01-01","vatID":"NL854189543B01","numberOfEmployees":{"@type":"QuantitativeValue","minValue":"11","maxValue":"50"}}]},"og_availability":"instock","product_availability":"instock","product_condition":"new"},"_links":{"self":[{"href":"https:\/\/www.certifiedcosmetics.com\/es\/wp-json\/wp\/v2\/product\/11417","targetHints":{"allow":["GET"]}}],"collection":[{"href":"https:\/\/www.certifiedcosmetics.com\/es\/wp-json\/wp\/v2\/product"}],"about":[{"href":"https:\/\/www.certifiedcosmetics.com\/es\/wp-json\/wp\/v2\/types\/product"}],"wp:featuredmedia":[{"embeddable":true,"href":"https:\/\/www.certifiedcosmetics.com\/es\/wp-json\/wp\/v2\/media\/11416"}],"wp:attachment":[{"href":"https:\/\/www.certifiedcosmetics.com\/es\/wp-json\/wp\/v2\/media?parent=11417"}],"wp:term":[{"taxonomy":"product_brand","embeddable":true,"href":"https:\/\/www.certifiedcosmetics.com\/es\/wp-json\/wp\/v2\/product_brand?post=11417"},{"taxonomy":"product_cat","embeddable":true,"href":"https:\/\/www.certifiedcosmetics.com\/es\/wp-json\/wp\/v2\/product_cat?post=11417"},{"taxonomy":"product_tag","embeddable":true,"href":"https:\/\/www.certifiedcosmetics.com\/es\/wp-json\/wp\/v2\/product_tag?post=11417"}],"curies":[{"name":"wp","href":"https:\/\/api.w.org\/{rel}","templated":true}]}}