{"id":11307,"date":"2025-02-14T09:24:22","date_gmt":"2025-02-14T08:24:22","guid":{"rendered":"https:\/\/www.certifiedcosmetics.com\/product\/sin%20categor\u00eda\/prueba-de-especificacion-del-producto\/"},"modified":"2025-05-20T11:32:26","modified_gmt":"2025-05-20T10:32:26","slug":"prueba-de-especificacion-del-producto","status":"publish","type":"product","link":"https:\/\/www.certifiedcosmetics.com\/es\/product\/laboratorio-es\/prueba-de-especificacion-del-producto\/","title":{"rendered":"Prueba de especificaci\u00f3n del producto"},"content":{"rendered":"<p>Los par\u00e1metros fisicoqu\u00edmicos de un producto, como <strong>el pH, la viscosidad, la densidad y el color<\/strong>, desempe\u00f1an un papel importante en la evaluaci\u00f3n de la seguridad de un producto.<\/p>\n<p>Para obtener un informe detallado de las especificaciones del producto con el fin de realizar una evaluaci\u00f3n de la seguridad, se necesitan varias pruebas fisicoqu\u00edmicas de laboratorio. Estas pruebas proporcionan informaci\u00f3n sobre las propiedades del producto y se utilizan para evaluar su estabilidad, seguridad e idoneidad. <\/p>\n<p>Los an\u00e1lisis realizados para el informe de especificaci\u00f3n del producto, incluidos los tama\u00f1os de muestra requeridos, son:<\/p>\n<h3 class=\"wp-block-heading\"><strong>1. Medici\u00f3n del pH<\/strong><\/h3>\n<p><strong>Finalidad de la prueba:<\/strong><br \/>\nEl valor de pH de un producto indica si una formulaci\u00f3n es \u00e1cida, neutra o b\u00e1sica. Es un par\u00e1metro esencial, sobre todo para los productos cosm\u00e9ticos y farmac\u00e9uticos, ya que afecta a la compatibilidad y estabilidad cut\u00e1neas. Un pH demasiado alto o demasiado bajo puede causar irritaci\u00f3n cut\u00e1nea o afectar a la eficacia de los principios activos.  <\/p>\n<p><strong>M\u00e9todo de prueba:<\/strong><br \/>\nEl pH se mide con un pH-metro calibrado, disolviendo la muestra en una soluci\u00f3n adecuada o diluy\u00e9ndola si es necesario. La prueba se realiza seg\u00fan m\u00e9todos normalizados, como ISO 4316 (para soluciones acuosas) o ISO 787-9 (para suspensiones y emulsiones). <\/p>\n<p><strong>\u00bfPor qu\u00e9 es importante?<\/strong><\/p>\n<ul class=\"wp-block-list\">\n<li>El pH determina la acidez o alcalinidad del producto y afecta a la compatibilidad con la piel.<\/li>\n<li>Un pH incorrecto puede provocar irritaci\u00f3n cut\u00e1nea, reacciones al\u00e9rgicas o alteraci\u00f3n de la barrera cut\u00e1nea.<\/li>\n<li>Los productos para la cara y las zonas sensibles deben estar dentro de un rango de pH respetuoso con la piel (normalmente entre 4,5 y 7,0).<\/li>\n<li>Los valores extremos de pH (por ejemplo, por debajo de 3,5 o por encima de 8,5) pueden requerir evaluaciones toxicol\u00f3gicas adicionales.<\/li>\n<\/ul>\n<p><strong>Relevancia para el CPSR:<\/strong><br \/>\nEl revisor de seguridad comprueba que el pH es adecuado para el uso previsto (por ejemplo, productos para el cuidado facial, corporal u ocular) y lo compara con los datos cient\u00edficos sobre la tolerancia cut\u00e1nea.<\/p>\n<p><strong>Cantidad de muestra necesaria:<\/strong><br \/>\n25 g\/mL<\/p>\n<h3 class=\"wp-block-heading\"><strong>2. Prueba de viscosidad<\/strong><\/h3>\n<p><strong>Finalidad de la prueba:<\/strong><br \/>\nLa viscosidad de un producto determina lo espeso o fino que fluye. Es cr\u00edtica para emulsiones, geles, lociones y productos l\u00edquidos, porque afecta a la aplicaci\u00f3n, la experiencia de uso y la estabilidad del producto. Una viscosidad demasiado alta puede reducir la lubricidad, mientras que una viscosidad demasiado baja puede provocar una fluidez indeseable.  <\/p>\n<p><strong>M\u00e9todo de prueba:<\/strong><br \/>\nLa viscosidad se mide con un viscos\u00edmetro, como un viscos\u00edmetro rotacional (por ejemplo, un viscos\u00edmetro Brookfield) o un viscos\u00edmetro capilar, seg\u00fan la naturaleza del producto. La medici\u00f3n se realiza a una temperatura normalizada para minimizar la variabilidad. <\/p>\n<p><strong>\u00bfPor qu\u00e9 es importante?<\/strong><\/p>\n<ul class=\"wp-block-list\">\n<li>La viscosidad determina la aplicaci\u00f3n y la seguridad del producto.<\/li>\n<li>Una viscosidad demasiado baja puede provocar una aplicaci\u00f3n incontrolada, por ejemplo, en cremas o lociones para los ojos, aumentando el riesgo de irritaci\u00f3n.<\/li>\n<li>Una viscosidad excesivamente alta puede afectar al comportamiento de liberaci\u00f3n de los principios activos, afectando as\u00ed al rendimiento del producto.<\/li>\n<li>Algunas f\u00f3rmulas requieren una viscosidad espec\u00edfica para garantizar su estabilidad y eficacia.<\/li>\n<\/ul>\n<p><strong>Relevancia para el CPSR:<\/strong><br \/>\nEl evaluador de seguridad valora si la viscosidad corresponde a la categor\u00eda del producto y si existen riesgos en el uso normal.<\/p>\n<p><strong>Cantidad de muestra necesaria:<\/strong><br \/>\n100 g\/mL<\/p>\n<h3 class=\"wp-block-heading\"><strong>3. Medici\u00f3n de la densidad<\/strong><\/h3>\n<p><strong>Finalidad de la prueba:<\/strong><br \/>\nLa densidad de un producto se define como la masa por unidad de volumen y es un par\u00e1metro importante para el control de calidad y los c\u00e1lculos de dosificaci\u00f3n. Influye en la elecci\u00f3n del envase y en la distribuci\u00f3n del producto en la botella o el tubo. La prueba de densidad es especialmente relevante para las f\u00f3rmulas l\u00edquidas y semil\u00edquidas.  <\/p>\n<p><strong>M\u00e9todo de prueba:<\/strong><br \/>\nLa densidad se determina pesando un volumen conocido de la muestra a una temperatura controlada. A menudo se realiza con un picn\u00f3metro o un densit\u00f3metro digital, seg\u00fan m\u00e9todos normalizados como la norma ISO 2811-1. <\/p>\n<p><strong>\u00bfPor qu\u00e9 es importante?<\/strong><\/p>\n<ul class=\"wp-block-list\">\n<li>La densidad ayuda a determinar la cantidad de dosis por aplicaci\u00f3n, que es relevante para los c\u00e1lculos de exposici\u00f3n.<\/li>\n<li>Contribuye a la evaluaci\u00f3n de la estabilidad del producto. Los cambios de densidad pueden indicar separaci\u00f3n de fases o segregaci\u00f3n. <\/li>\n<li>Influye en las opciones de envasado y puede desempe\u00f1ar un papel en la evaluaci\u00f3n del riesgo de inhalaci\u00f3n de aerosoles o pulverizaciones finas.<\/li>\n<\/ul>\n<p><strong>Relevancia para el CPSR:<\/strong><br \/>\nEl evaluador de seguridad utiliza el valor de densidad en los c\u00e1lculos de exposici\u00f3n para determinar la cantidad de producto que llega a la piel o a las v\u00edas respiratorias y si est\u00e1 dentro de los l\u00edmites de seguridad.<\/p>\n<p><strong>Cantidad de muestra necesaria:<\/strong><br \/>\n100 g\/mL<\/p>\n<h3 class=\"wp-block-heading\"><strong>4. An\u00e1lisis del color<\/strong><\/h3>\n<p><strong>Finalidad de la prueba:<\/strong><br \/>\nEl color de un producto es un par\u00e1metro importante para la est\u00e9tica y la coherencia de la marca. Los an\u00e1lisis de color se realizan para determinar el tono exacto, la intensidad y la uniformidad de un producto, a fin de garantizar la consistencia del lote. Las desviaciones en el color pueden indicar inestabilidad o problemas de calidad.  <\/p>\n<p><strong>M\u00e9todo de prueba:<\/strong><br \/>\nEl color se analiza con un espectrofot\u00f3metro o color\u00edmetro, que mide la reflexi\u00f3n o transmisi\u00f3n de la luz a trav\u00e9s de la muestra. Esto puede compararse con una referencia est\u00e1ndar para garantizar la coherencia. <\/p>\n<p><strong>\u00bfPor qu\u00e9 es importante?<\/strong><\/p>\n<ul class=\"wp-block-list\">\n<li>La consistencia del color es un indicador de la estabilidad del producto. La decoloraci\u00f3n puede indicar oxidaci\u00f3n o degradaci\u00f3n de los ingredientes. <\/li>\n<li>Es relevante para la evaluaci\u00f3n de pigmentos y colorantes, que est\u00e1n cubiertos por reglamentos espec\u00edficos (por ejemplo, los n\u00fameros CI aprobados en el Anexo IV de la CE 1223\/2009).<\/li>\n<li>Los cambios de color no deseados pueden indicar crecimiento microbiano o degradaci\u00f3n qu\u00edmica.<\/li>\n<\/ul>\n<p><strong>Relevancia para el CPSR:<\/strong><br \/>\nEl revisor de seguridad verifica que los colorantes utilizados son seguros y est\u00e1n permitidos y que no se producen reacciones inesperadas durante el almacenamiento del producto que puedan comprometer su seguridad.<\/p>\n<p><strong>Cantidad de muestra necesaria:<\/strong><br \/>\n50 g\/mL<\/p>\n","protected":false},"excerpt":{"rendered":"<p>Los par\u00e1metros fisicoqu\u00edmicos de un producto, como el pH, la viscosidad, la densidad y el color, desempe\u00f1an un papel importante en la evaluaci\u00f3n de la seguridad de un producto. Para obtener un informe detallado de las especificaciones del producto con el fin de realizar una evaluaci\u00f3n de la seguridad, se necesitan varias pruebas fisicoqu\u00edmicas de&#8230;<\/p>\n","protected":false},"featured_media":11306,"template":"","meta":[],"product_brand":[],"product_cat":[270,354,439],"product_tag":[],"class_list":{"0":"post-11307","1":"product","2":"type-product","3":"status-publish","4":"has-post-thumbnail","6":"product_cat-laboratorio-es","7":"product_cat-pruebas-comunes","8":"product_cat-verificacion-de-declaraciones-y-pruebas-de-ingredientes","10":"first","11":"instock","12":"virtual","13":"taxable","14":"purchasable","15":"product-type-simple"},"bundled_by":["6807","11921","14795","15045"],"bundle_stock_status":"instock","bundle_stock_quantity":null,"bundle_virtual":false,"bundle_layout":"","bundle_add_to_cart_form_location":"","bundle_editable_in_cart":false,"bundle_sold_individually_context":"","bundle_item_grouping":"","bundle_min_size":"","bundle_max_size":"","bundle_price":[],"bundled_items":[],"bundle_sell_ids":[],"yoast_head":"<!-- This site is optimized with the Yoast SEO Premium plugin v25.4 (Yoast SEO v25.4) - https:\/\/yoast.com\/wordpress\/plugins\/seo\/ -->\n<title>Prueba de especificaci\u00f3n del producto - Certified Cosmetics<\/title>\n<meta name=\"description\" content=\"Los par\u00e1metros fisicoqu\u00edmicos de un producto, como el pH, la viscosidad, la densidad y el color, desempe\u00f1an un papel importante en la evaluaci\u00f3n de la seguridad de un producto.\" \/>\n<meta name=\"robots\" content=\"index, follow, max-snippet:-1, max-image-preview:large, max-video-preview:-1\" \/>\n<link rel=\"canonical\" href=\"https:\/\/www.certifiedcosmetics.com\/es\/product\/laboratorio-es\/prueba-de-especificacion-del-producto\/\" \/>\n<meta property=\"og:locale\" content=\"es_ES\" \/>\n<meta property=\"og:type\" content=\"article\" \/>\n<meta property=\"og:title\" content=\"Prueba de especificaci\u00f3n del producto\" \/>\n<meta property=\"og:description\" content=\"Los par\u00e1metros fisicoqu\u00edmicos de un producto, como el pH, la viscosidad, la densidad y el color, desempe\u00f1an un papel importante en la evaluaci\u00f3n de la seguridad de un producto.\" \/>\n<meta property=\"og:url\" content=\"https:\/\/www.certifiedcosmetics.com\/es\/product\/laboratorio-es\/prueba-de-especificacion-del-producto\/\" \/>\n<meta property=\"og:site_name\" content=\"Certified Cosmetics\" \/>\n<meta property=\"article:modified_time\" content=\"2025-05-20T10:32:26+00:00\" \/>\n<meta property=\"og:image\" content=\"https:\/\/www.certifiedcosmetics.com\/wp-content\/uploads\/2025\/02\/spec_lab_test.jpg\" \/>\n\t<meta property=\"og:image:width\" content=\"800\" \/>\n\t<meta property=\"og:image:height\" content=\"800\" \/>\n\t<meta property=\"og:image:type\" content=\"image\/jpeg\" \/>\n<meta name=\"twitter:card\" content=\"summary_large_image\" \/>\n<meta name=\"twitter:label1\" content=\"Precio\" \/>\n\t<meta name=\"twitter:data1\" content=\"&#036;94.15\" \/>\n\t<meta name=\"twitter:label2\" content=\"Disponibilidad\" \/>\n\t<meta name=\"twitter:data2\" content=\"Disponible\" \/>\n<script type=\"application\/ld+json\" class=\"yoast-schema-graph\">{\"@context\":\"https:\/\/schema.org\",\"@graph\":[{\"@type\":\"WebPage\",\"@id\":\"https:\/\/www.certifiedcosmetics.com\/es\/product\/laboratorio-es\/prueba-de-especificacion-del-producto\/\",\"url\":\"https:\/\/www.certifiedcosmetics.com\/es\/product\/laboratorio-es\/prueba-de-especificacion-del-producto\/\",\"name\":\"Prueba de especificaci\u00f3n del producto - Certified Cosmetics\",\"isPartOf\":{\"@id\":\"https:\/\/www.certifiedcosmetics.com\/es\/#website\"},\"primaryImageOfPage\":{\"@id\":\"https:\/\/www.certifiedcosmetics.com\/es\/product\/laboratorio-es\/prueba-de-especificacion-del-producto\/#primaryimage\"},\"image\":{\"@id\":\"https:\/\/www.certifiedcosmetics.com\/es\/product\/laboratorio-es\/prueba-de-especificacion-del-producto\/#primaryimage\"},\"thumbnailUrl\":\"https:\/\/www.certifiedcosmetics.com\/wp-content\/uploads\/2025\/02\/spec_lab_test.jpg\",\"datePublished\":\"2025-02-14T08:24:22+00:00\",\"dateModified\":\"2025-05-20T10:32:26+00:00\",\"description\":\"Los par\u00e1metros fisicoqu\u00edmicos de un producto, como el pH, la viscosidad, la densidad y el color, desempe\u00f1an un papel importante en la evaluaci\u00f3n de la seguridad de un producto.\",\"breadcrumb\":{\"@id\":\"https:\/\/www.certifiedcosmetics.com\/es\/product\/laboratorio-es\/prueba-de-especificacion-del-producto\/#breadcrumb\"},\"inLanguage\":\"es\",\"potentialAction\":[{\"@type\":\"ReadAction\",\"target\":[\"https:\/\/www.certifiedcosmetics.com\/es\/product\/laboratorio-es\/prueba-de-especificacion-del-producto\/\"]}]},{\"@type\":\"ImageObject\",\"inLanguage\":\"es\",\"@id\":\"https:\/\/www.certifiedcosmetics.com\/es\/product\/laboratorio-es\/prueba-de-especificacion-del-producto\/#primaryimage\",\"url\":\"https:\/\/www.certifiedcosmetics.com\/wp-content\/uploads\/2025\/02\/spec_lab_test.jpg\",\"contentUrl\":\"https:\/\/www.certifiedcosmetics.com\/wp-content\/uploads\/2025\/02\/spec_lab_test.jpg\",\"width\":800,\"height\":800},{\"@type\":\"BreadcrumbList\",\"@id\":\"https:\/\/www.certifiedcosmetics.com\/es\/product\/laboratorio-es\/prueba-de-especificacion-del-producto\/#breadcrumb\",\"itemListElement\":[{\"@type\":\"ListItem\",\"position\":1,\"name\":\"Home\",\"item\":\"https:\/\/www.certifiedcosmetics.com\/es\/\"},{\"@type\":\"ListItem\",\"position\":2,\"name\":\"Tienda\",\"item\":\"https:\/\/www.certifiedcosmetics.com\/es\/tienda\/\"},{\"@type\":\"ListItem\",\"position\":3,\"name\":\"Prueba de especificaci\u00f3n del producto\"}]},{\"@type\":\"WebSite\",\"@id\":\"https:\/\/www.certifiedcosmetics.com\/es\/#website\",\"url\":\"https:\/\/www.certifiedcosmetics.com\/es\/\",\"name\":\"Certified Cosmetics\",\"description\":\"Cosmetic Testing\",\"publisher\":{\"@id\":\"https:\/\/www.certifiedcosmetics.com\/es\/#organization\"},\"potentialAction\":[{\"@type\":\"SearchAction\",\"target\":{\"@type\":\"EntryPoint\",\"urlTemplate\":\"https:\/\/www.certifiedcosmetics.com\/es\/?s={search_term_string}\"},\"query-input\":{\"@type\":\"PropertyValueSpecification\",\"valueRequired\":true,\"valueName\":\"search_term_string\"}}],\"inLanguage\":\"es\"},{\"@type\":\"Organization\",\"@id\":\"https:\/\/www.certifiedcosmetics.com\/es\/#organization\",\"name\":\"Certified Cosmetics\",\"url\":\"https:\/\/www.certifiedcosmetics.com\/es\/\",\"logo\":{\"@type\":\"ImageObject\",\"inLanguage\":\"es\",\"@id\":\"https:\/\/www.certifiedcosmetics.com\/es\/#\/schema\/logo\/image\/\",\"url\":\"https:\/\/www.certifiedcosmetics.com\/wp-content\/uploads\/2024\/12\/logo_certified_cosmetics696.jpg\",\"contentUrl\":\"https:\/\/www.certifiedcosmetics.com\/wp-content\/uploads\/2024\/12\/logo_certified_cosmetics696.jpg\",\"width\":696,\"height\":696,\"caption\":\"Certified Cosmetics\"},\"image\":{\"@id\":\"https:\/\/www.certifiedcosmetics.com\/es\/#\/schema\/logo\/image\/\"},\"description\":\"Your trusted partner for cosmetic product safety reporting. We take care of updating all of your documentation, ensuring your compliance stays current even as regulations evolve. The Cosmetic Product Safety Assessment will give you everything you need to sell specific products to EU consumers.\",\"email\":\"contact@certifiedcosmetics.com\",\"telephone\":\"+31 36 2036384\",\"legalName\":\"Certified Cosmetics\",\"foundingDate\":\"2010-01-01\",\"vatID\":\"NL854189543B01\",\"numberOfEmployees\":{\"@type\":\"QuantitativeValue\",\"minValue\":\"11\",\"maxValue\":\"50\"}}]}<\/script>\n<meta property=\"product:price:amount\" content=\"94.15\" \/>\n<meta property=\"product:price:currency\" content=\"USD\" \/>\n<meta property=\"og:availability\" content=\"instock\" \/>\n<meta property=\"product:availability\" content=\"instock\" \/>\n<meta property=\"product:retailer_item_id\" content=\"CC100025\" \/>\n<meta property=\"product:condition\" content=\"new\" \/>\n<!-- \/ Yoast SEO Premium plugin. -->","yoast_head_json":{"title":"Prueba de especificaci\u00f3n del producto - Certified Cosmetics","description":"Los par\u00e1metros fisicoqu\u00edmicos de un producto, como el pH, la viscosidad, la densidad y el color, desempe\u00f1an un papel importante en la evaluaci\u00f3n de la seguridad de un producto.","robots":{"index":"index","follow":"follow","max-snippet":"max-snippet:-1","max-image-preview":"max-image-preview:large","max-video-preview":"max-video-preview:-1"},"canonical":"https:\/\/www.certifiedcosmetics.com\/es\/product\/laboratorio-es\/prueba-de-especificacion-del-producto\/","og_locale":"es_ES","og_type":"article","og_title":"Prueba de especificaci\u00f3n del producto","og_description":"Los par\u00e1metros fisicoqu\u00edmicos de un producto, como el pH, la viscosidad, la densidad y el color, desempe\u00f1an un papel importante en la evaluaci\u00f3n de la seguridad de un producto.","og_url":"https:\/\/www.certifiedcosmetics.com\/es\/product\/laboratorio-es\/prueba-de-especificacion-del-producto\/","og_site_name":"Certified Cosmetics","article_modified_time":"2025-05-20T10:32:26+00:00","og_image":[{"width":800,"height":800,"url":"https:\/\/www.certifiedcosmetics.com\/wp-content\/uploads\/2025\/02\/spec_lab_test.jpg","type":"image\/jpeg"}],"twitter_card":"summary_large_image","twitter_misc":{"Precio":"&#36;94.15","Disponibilidad":"Disponible"},"schema":{"@context":"https:\/\/schema.org","@graph":[{"@type":"WebPage","@id":"https:\/\/www.certifiedcosmetics.com\/es\/product\/laboratorio-es\/prueba-de-especificacion-del-producto\/","url":"https:\/\/www.certifiedcosmetics.com\/es\/product\/laboratorio-es\/prueba-de-especificacion-del-producto\/","name":"Prueba de especificaci\u00f3n del producto - Certified Cosmetics","isPartOf":{"@id":"https:\/\/www.certifiedcosmetics.com\/es\/#website"},"primaryImageOfPage":{"@id":"https:\/\/www.certifiedcosmetics.com\/es\/product\/laboratorio-es\/prueba-de-especificacion-del-producto\/#primaryimage"},"image":{"@id":"https:\/\/www.certifiedcosmetics.com\/es\/product\/laboratorio-es\/prueba-de-especificacion-del-producto\/#primaryimage"},"thumbnailUrl":"https:\/\/www.certifiedcosmetics.com\/wp-content\/uploads\/2025\/02\/spec_lab_test.jpg","datePublished":"2025-02-14T08:24:22+00:00","dateModified":"2025-05-20T10:32:26+00:00","description":"Los par\u00e1metros fisicoqu\u00edmicos de un producto, como el pH, la viscosidad, la densidad y el color, desempe\u00f1an un papel importante en la evaluaci\u00f3n de la seguridad de un producto.","breadcrumb":{"@id":"https:\/\/www.certifiedcosmetics.com\/es\/product\/laboratorio-es\/prueba-de-especificacion-del-producto\/#breadcrumb"},"inLanguage":"es","potentialAction":[{"@type":"ReadAction","target":["https:\/\/www.certifiedcosmetics.com\/es\/product\/laboratorio-es\/prueba-de-especificacion-del-producto\/"]}]},{"@type":"ImageObject","inLanguage":"es","@id":"https:\/\/www.certifiedcosmetics.com\/es\/product\/laboratorio-es\/prueba-de-especificacion-del-producto\/#primaryimage","url":"https:\/\/www.certifiedcosmetics.com\/wp-content\/uploads\/2025\/02\/spec_lab_test.jpg","contentUrl":"https:\/\/www.certifiedcosmetics.com\/wp-content\/uploads\/2025\/02\/spec_lab_test.jpg","width":800,"height":800},{"@type":"BreadcrumbList","@id":"https:\/\/www.certifiedcosmetics.com\/es\/product\/laboratorio-es\/prueba-de-especificacion-del-producto\/#breadcrumb","itemListElement":[{"@type":"ListItem","position":1,"name":"Home","item":"https:\/\/www.certifiedcosmetics.com\/es\/"},{"@type":"ListItem","position":2,"name":"Tienda","item":"https:\/\/www.certifiedcosmetics.com\/es\/tienda\/"},{"@type":"ListItem","position":3,"name":"Prueba de especificaci\u00f3n del producto"}]},{"@type":"WebSite","@id":"https:\/\/www.certifiedcosmetics.com\/es\/#website","url":"https:\/\/www.certifiedcosmetics.com\/es\/","name":"Certified Cosmetics","description":"Cosmetic Testing","publisher":{"@id":"https:\/\/www.certifiedcosmetics.com\/es\/#organization"},"potentialAction":[{"@type":"SearchAction","target":{"@type":"EntryPoint","urlTemplate":"https:\/\/www.certifiedcosmetics.com\/es\/?s={search_term_string}"},"query-input":{"@type":"PropertyValueSpecification","valueRequired":true,"valueName":"search_term_string"}}],"inLanguage":"es"},{"@type":"Organization","@id":"https:\/\/www.certifiedcosmetics.com\/es\/#organization","name":"Certified Cosmetics","url":"https:\/\/www.certifiedcosmetics.com\/es\/","logo":{"@type":"ImageObject","inLanguage":"es","@id":"https:\/\/www.certifiedcosmetics.com\/es\/#\/schema\/logo\/image\/","url":"https:\/\/www.certifiedcosmetics.com\/wp-content\/uploads\/2024\/12\/logo_certified_cosmetics696.jpg","contentUrl":"https:\/\/www.certifiedcosmetics.com\/wp-content\/uploads\/2024\/12\/logo_certified_cosmetics696.jpg","width":696,"height":696,"caption":"Certified Cosmetics"},"image":{"@id":"https:\/\/www.certifiedcosmetics.com\/es\/#\/schema\/logo\/image\/"},"description":"Your trusted partner for cosmetic product safety reporting. We take care of updating all of your documentation, ensuring your compliance stays current even as regulations evolve. The Cosmetic Product Safety Assessment will give you everything you need to sell specific products to EU consumers.","email":"contact@certifiedcosmetics.com","telephone":"+31 36 2036384","legalName":"Certified Cosmetics","foundingDate":"2010-01-01","vatID":"NL854189543B01","numberOfEmployees":{"@type":"QuantitativeValue","minValue":"11","maxValue":"50"}}]},"product_price_amount":"94.15","product_price_currency":"USD","og_availability":"instock","product_availability":"instock","product_retailer_item_id":"CC100025","product_condition":"new"},"_links":{"self":[{"href":"https:\/\/www.certifiedcosmetics.com\/es\/wp-json\/wp\/v2\/product\/11307","targetHints":{"allow":["GET"]}}],"collection":[{"href":"https:\/\/www.certifiedcosmetics.com\/es\/wp-json\/wp\/v2\/product"}],"about":[{"href":"https:\/\/www.certifiedcosmetics.com\/es\/wp-json\/wp\/v2\/types\/product"}],"wp:featuredmedia":[{"embeddable":true,"href":"https:\/\/www.certifiedcosmetics.com\/es\/wp-json\/wp\/v2\/media\/11306"}],"wp:attachment":[{"href":"https:\/\/www.certifiedcosmetics.com\/es\/wp-json\/wp\/v2\/media?parent=11307"}],"wp:term":[{"taxonomy":"product_brand","embeddable":true,"href":"https:\/\/www.certifiedcosmetics.com\/es\/wp-json\/wp\/v2\/product_brand?post=11307"},{"taxonomy":"product_cat","embeddable":true,"href":"https:\/\/www.certifiedcosmetics.com\/es\/wp-json\/wp\/v2\/product_cat?post=11307"},{"taxonomy":"product_tag","embeddable":true,"href":"https:\/\/www.certifiedcosmetics.com\/es\/wp-json\/wp\/v2\/product_tag?post=11307"}],"curies":[{"name":"wp","href":"https:\/\/api.w.org\/{rel}","templated":true}]}}