{"id":10955,"date":"2024-10-27T14:23:26","date_gmt":"2024-10-27T13:23:26","guid":{"rendered":"https:\/\/www.certifiedcosmetics.com\/product\/sin%20categor\u00eda\/prueba-de-laboratorio-fps-factor-de-proteccion-solar\/"},"modified":"2025-10-22T09:03:50","modified_gmt":"2025-10-22T08:03:50","slug":"prueba-de-laboratorio-fps-factor-de-proteccion-solar","status":"publish","type":"product","link":"https:\/\/www.certifiedcosmetics.com\/es\/product\/pruebas-spf\/prueba-de-laboratorio-fps-factor-de-proteccion-solar\/","title":{"rendered":"FPS Prueba de laboratorio in vivo &#8211; Factor de protecci\u00f3n solar"},"content":{"rendered":"<p>La prueba del FPS determina el nivel de protecci\u00f3n que proporciona un protector solar frente a la radiaci\u00f3n UVB, esencial para prevenir las quemaduras solares y los da\u00f1os cut\u00e1neos. El factor de protecci\u00f3n solar (FPS) es un componente cr\u00edtico de los protectores solares y otros productos de cuidado solar, directamente relacionado con la seguridad del consumidor y el cumplimiento de la normativa. Las pruebas de laboratorio del FPS son un proceso esencial para corroborar las declaraciones de eficacia de los productos de protecci\u00f3n solar, garantizando que cumplen los estrictos requisitos de las autoridades reguladoras y las expectativas de los consumidores. <\/p>\n<p>Se considera la prueba est\u00e1ndar de oro para la validaci\u00f3n del FPS con el uso de voluntarios. Esta prueba mide el valor FPS de un producto de protecci\u00f3n solar en voluntarios humanos en condiciones controladas, de conformidad con <strong>la norma ISO 24444:2019.<\/strong> <\/p>\n<h2><strong>Metodolog\u00eda y normas<\/strong><\/h2>\n<p><strong>Metodolog\u00eda y normas utilizadas para esta prueba de laboratorio:<\/strong><\/p>\n<ul>\n<li>ISO 24444:2019<\/li>\n<li>Realizado bajo supervisi\u00f3n dermatol\u00f3gica<\/li>\n<\/ul>\n<h2><strong>\u00bfPor qu\u00e9 elegir In Vivo?<\/strong><\/h2>\n<ul>\n<li>Imprescindible para l\u00edmites de etiquetado SPF &lt; 30 o \u2265 30 precisos.<\/li>\n<li>Validada seg\u00fan la norma ISO 24444:2019, ampliamente aceptada en la UE, EE.UU. y los mercados mundiales<\/li>\n<\/ul>\n<h2><strong>Flujo de trabajo recomendado<\/strong><\/h2>\n<ul>\n<li>Realiza primero un cribado previo in vitro.<\/li>\n<li>Procede a las pruebas in vivo para la prueba final y el lanzamiento del producto.<\/li>\n<\/ul>\n<h2>\u00bfPor qu\u00e9 son importantes las pruebas de FPS?<\/h2>\n<ol>\n<li><strong>Cumplimiento normativo:<\/strong><br \/>\nLa mayor\u00eda de las regiones, incluidas la UE, EE.UU. y Asia, exigen declaraciones validadas de FPS para los productos de protecci\u00f3n solar. Sin las pruebas adecuadas, los productos pueden ser rechazados o retirados del mercado. <\/li>\n<li><strong>Seguridad del consumidor:<\/strong><br \/>\nLas afirmaciones incorrectas sobre el FPS pueden dar lugar a una protecci\u00f3n solar insuficiente, aumentando el riesgo de lesiones cut\u00e1neas y problemas de salud relacionados.<\/li>\n<li><strong>Credibilidad y confianza:<\/strong><br \/>\nUnas declaraciones de FPS transparentes y precisas mejoran la reputaci\u00f3n de la marca y la confianza del consumidor en tus productos.<\/li>\n<li><strong>Diferenciaci\u00f3n en el mercado:<\/strong> las pruebas de FPS de<br \/>\ngarantizan que tu producto pueda competir eficazmente ofreciendo una protecci\u00f3n probada, lo que lo convierte en la opci\u00f3n preferida de los consumidores preocupados por la seguridad.<\/li>\n<\/ol>\n<h2>Nuestros servicios de pruebas de laboratorio SPF<\/h2>\n<p>Proporcionamos pruebas completas de FPS para ayudarte a justificar las declaraciones de tus productos y cumplir las normas reglamentarias. Nuestros servicios incluyen: <\/p>\n<h3>1. Pruebas in vivo de FPS<\/h3>\n<ul>\n<li>Realizado en voluntarios humanos bajo estrictos protocolos \u00e9ticos y de seguridad.<\/li>\n<li>Determina el valor FPS real de tu producto bas\u00e1ndote en la aplicaci\u00f3n en el mundo real y en la exposici\u00f3n al sol.<\/li>\n<\/ul>\n<h3>2. Pruebas in vitro de FPS<\/h3>\n<ul>\n<li>Adecuado para evaluaciones iniciales o como complemento de las pruebas in vivo.<\/li>\n<li>Proporciona un m\u00e9todo r\u00e1pido y rentable para analizar la protecci\u00f3n UV.<\/li>\n<\/ul>\n<h3>3. Pruebas UV de amplio espectro<\/h3>\n<ul>\n<li>Mide la protecci\u00f3n contra <strong>las radiaciones<\/strong> <strong>UVA<\/strong> y <strong>UVB<\/strong> para respaldar las afirmaciones de &#8220;Amplio espectro&#8221;.<\/li>\n<\/ul>\n<h3>4. Pruebas de resistencia al agua<\/h3>\n<ul>\n<li>Eval\u00faa la eficacia del producto tras la exposici\u00f3n al agua, garantizando afirmaciones precisas de &#8220;resistente al agua&#8221; o &#8220;muy resistente al agua&#8221;.<\/li>\n<\/ul>\n<h3>5. Controles de cumplimiento<\/h3>\n<ul>\n<li>Verificaci\u00f3n del cumplimiento de los requisitos regionales de etiquetado de FPS, como los establecidos por la FDA (EE.UU.), el Reglamento de Cosm\u00e9ticos de la UE o las normas ISO.<\/li>\n<\/ul>\n<h2>\u00bfPor qu\u00e9 elegirnos para las pruebas FPS?<\/h2>\n<ul>\n<li><strong>Instalaciones acreditadas:<\/strong> Disponemos de laboratorios de \u00faltima generaci\u00f3n acreditados para realizar pruebas de FPS de acuerdo con las normas mundiales.<\/li>\n<li><strong>Equipo de expertos:<\/strong> Nuestros cient\u00edficos est\u00e1n especializados en la formulaci\u00f3n y las pruebas de protectores solares, lo que garantiza unos resultados precisos y fiables.<\/li>\n<li><strong>Experiencia normativa:<\/strong> Proporcionamos orientaci\u00f3n para cumplir los requisitos espec\u00edficos de varios mercados, reduciendo el riesgo de retrasos o incumplimientos.<\/li>\n<li><strong>Apoyo integral:<\/strong> Desde las pruebas iniciales hasta la validaci\u00f3n de reclamaciones y la documentaci\u00f3n reglamentaria, apoyamos cada fase del desarrollo de tu producto.<\/li>\n<\/ul>\n<h2 class=\"wp-block-heading\"><strong>\u00bfC\u00f3mo funciona el proceso?<\/strong><\/h2>\n<ol class=\"wp-block-list\" start=\"1\">\n<li><strong>Elecci\u00f3n de la prueba de laboratorio<\/strong>\n<ul class=\"wp-block-list\">\n<li>Adquieres la <strong>prueba de laboratorio<\/strong> a trav\u00e9s de nuestro sitio web.<\/li>\n<\/ul>\n<\/li>\n<li><strong>Acceso al Portal seguro<\/strong>\n<ul class=\"wp-block-list\">\n<li>Tras la compra, obtendr\u00e1s acceso a nuestro portal seguro donde podr\u00e1s completar la ingesta.<\/li>\n<\/ul>\n<\/li>\n<li><strong>Admisi\u00f3n completa<\/strong>\n<ul class=\"wp-block-list\">\n<li>Completa toda la informaci\u00f3n solicitada sobre tu producto y sube la documentaci\u00f3n pertinente.<\/li>\n<\/ul>\n<\/li>\n<li><strong>Enviar muestras<\/strong>\n<ul class=\"wp-block-list\">\n<li>Env\u00eda muestras f\u00edsicas de tu producto a nuestro laboratorio. Cuando programes tu prueba de laboratorio en el portal, el evaluador de seguridad te pedir\u00e1 el n\u00famero de muestras. Depende de tu producto y envase.  <\/li>\n<\/ul>\n<\/li>\n<li><strong>Pruebas de laboratorio<\/strong>\n<ul class=\"wp-block-list\">\n<li>Realizamos las pruebas de laboratorio.<\/li>\n<\/ul>\n<\/li>\n<li><strong>Resultados<\/strong>\n<ul class=\"wp-block-list\">\n<li>En el portal encontrar\u00e1s los resultados de las pruebas de tu producto.<\/li>\n<\/ul>\n<\/li>\n<\/ol>\n","protected":false},"excerpt":{"rendered":"<div class=\"bt_bb_button bt_bb_color_scheme_6 bt_bb_icon_position_left bt_bb_style_filled bt_bb_width_inline bt_bb_shape_inherit bt_bb_target_self bt_bb_text_transform_inherit bt_bb_fe_edit bt_bb_size_normal bt_bb_align_inherit\" style=\"; --primary-color: #ffffff; --secondary-color: #0bc270;\" data-base=\"bt_bb_button\"><a class=\"bt_bb_link\" title=\"EVALUACI\u00d3N DE LA SEGURIDAD DEL JAB\u00d3N\" href=\"https:\/\/www.certifiedcosmetics.com\/services\/get-quote\/\" target=\"_self\" rel=\"noopener\"><span class=\"bt_bb_button_text\">SOLICITAR PRESUPUESTO<\/span><\/a><\/div>\n","protected":false},"featured_media":10119,"template":"","meta":[],"product_brand":[],"product_cat":[147,135,1443],"product_tag":[],"class_list":{"0":"post-10955","1":"product","2":"type-product","3":"status-publish","4":"has-post-thumbnail","6":"product_cat-pruebas-cutaneas","7":"product_cat-pruebas-de-eficacia","8":"product_cat-pruebas-spf","10":"first","11":"instock","12":"taxable","13":"shipping-taxable","14":"purchasable","15":"product-type-variable","16":"has-default-attributes"},"bundled_by":[],"bundle_stock_status":"instock","bundle_stock_quantity":null,"bundle_virtual":false,"bundle_layout":"","bundle_add_to_cart_form_location":"","bundle_editable_in_cart":false,"bundle_sold_individually_context":"","bundle_item_grouping":"","bundle_min_size":"","bundle_max_size":"","bundle_price":[],"bundled_items":[],"bundle_sell_ids":[],"yoast_head":"<!-- This site is optimized with the Yoast SEO Premium plugin v25.4 (Yoast SEO v25.4) - https:\/\/yoast.com\/wordpress\/plugins\/seo\/ -->\n<title>FPS Prueba de laboratorio in vivo - Factor de protecci\u00f3n solar - Certified Cosmetics<\/title>\n<meta name=\"description\" content=\"La prueba del FPS determina el nivel de protecci\u00f3n que proporciona un protector solar frente a la radiaci\u00f3n UVB, esencial para prevenir las quemaduras solares y los da\u00f1os cut\u00e1neos.\" \/>\n<meta name=\"robots\" content=\"index, follow, max-snippet:-1, max-image-preview:large, max-video-preview:-1\" \/>\n<link rel=\"canonical\" href=\"https:\/\/www.certifiedcosmetics.com\/es\/product\/pruebas-spf\/prueba-de-laboratorio-fps-factor-de-proteccion-solar\/\" \/>\n<meta property=\"og:locale\" content=\"es_ES\" \/>\n<meta property=\"og:type\" content=\"article\" \/>\n<meta property=\"og:title\" content=\"FPS Prueba de laboratorio in vivo - Factor de protecci\u00f3n solar\" \/>\n<meta property=\"og:description\" content=\"La prueba del FPS determina el nivel de protecci\u00f3n que proporciona un protector solar frente a la radiaci\u00f3n UVB, esencial para prevenir las quemaduras solares y los da\u00f1os cut\u00e1neos.\" \/>\n<meta property=\"og:url\" content=\"https:\/\/www.certifiedcosmetics.com\/es\/product\/pruebas-spf\/prueba-de-laboratorio-fps-factor-de-proteccion-solar\/\" \/>\n<meta property=\"og:site_name\" content=\"Certified Cosmetics\" \/>\n<meta property=\"article:modified_time\" content=\"2025-10-22T08:03:50+00:00\" \/>\n<meta property=\"og:image\" content=\"https:\/\/www.certifiedcosmetics.com\/wp-content\/uploads\/2024\/11\/5-2.png\" \/>\n\t<meta property=\"og:image:width\" content=\"400\" \/>\n\t<meta property=\"og:image:height\" content=\"400\" \/>\n\t<meta property=\"og:image:type\" content=\"image\/png\" \/>\n<meta name=\"twitter:card\" content=\"summary_large_image\" \/>\n<meta name=\"twitter:label1\" content=\"Disponibilidad\" \/>\n\t<meta name=\"twitter:data1\" content=\"Disponible\" \/>\n<script type=\"application\/ld+json\" class=\"yoast-schema-graph\">{\"@context\":\"https:\/\/schema.org\",\"@graph\":[{\"@type\":\"WebPage\",\"@id\":\"https:\/\/www.certifiedcosmetics.com\/es\/product\/pruebas-spf\/prueba-de-laboratorio-fps-factor-de-proteccion-solar\/\",\"url\":\"https:\/\/www.certifiedcosmetics.com\/es\/product\/pruebas-spf\/prueba-de-laboratorio-fps-factor-de-proteccion-solar\/\",\"name\":\"FPS Prueba de laboratorio in vivo - Factor de protecci\u00f3n solar - Certified Cosmetics\",\"isPartOf\":{\"@id\":\"https:\/\/www.certifiedcosmetics.com\/es\/#website\"},\"primaryImageOfPage\":{\"@id\":\"https:\/\/www.certifiedcosmetics.com\/es\/product\/pruebas-spf\/prueba-de-laboratorio-fps-factor-de-proteccion-solar\/#primaryimage\"},\"image\":{\"@id\":\"https:\/\/www.certifiedcosmetics.com\/es\/product\/pruebas-spf\/prueba-de-laboratorio-fps-factor-de-proteccion-solar\/#primaryimage\"},\"thumbnailUrl\":\"https:\/\/www.certifiedcosmetics.com\/wp-content\/uploads\/2024\/11\/5-2.png\",\"datePublished\":\"2024-10-27T13:23:26+00:00\",\"dateModified\":\"2025-10-22T08:03:50+00:00\",\"description\":\"La prueba del FPS determina el nivel de protecci\u00f3n que proporciona un protector solar frente a la radiaci\u00f3n UVB, esencial para prevenir las quemaduras solares y los da\u00f1os cut\u00e1neos.\",\"breadcrumb\":{\"@id\":\"https:\/\/www.certifiedcosmetics.com\/es\/product\/pruebas-spf\/prueba-de-laboratorio-fps-factor-de-proteccion-solar\/#breadcrumb\"},\"inLanguage\":\"es\",\"potentialAction\":[{\"@type\":\"ReadAction\",\"target\":[\"https:\/\/www.certifiedcosmetics.com\/es\/product\/pruebas-spf\/prueba-de-laboratorio-fps-factor-de-proteccion-solar\/\"]}]},{\"@type\":\"ImageObject\",\"inLanguage\":\"es\",\"@id\":\"https:\/\/www.certifiedcosmetics.com\/es\/product\/pruebas-spf\/prueba-de-laboratorio-fps-factor-de-proteccion-solar\/#primaryimage\",\"url\":\"https:\/\/www.certifiedcosmetics.com\/wp-content\/uploads\/2024\/11\/5-2.png\",\"contentUrl\":\"https:\/\/www.certifiedcosmetics.com\/wp-content\/uploads\/2024\/11\/5-2.png\",\"width\":400,\"height\":400},{\"@type\":\"BreadcrumbList\",\"@id\":\"https:\/\/www.certifiedcosmetics.com\/es\/product\/pruebas-spf\/prueba-de-laboratorio-fps-factor-de-proteccion-solar\/#breadcrumb\",\"itemListElement\":[{\"@type\":\"ListItem\",\"position\":1,\"name\":\"Home\",\"item\":\"https:\/\/www.certifiedcosmetics.com\/es\/\"},{\"@type\":\"ListItem\",\"position\":2,\"name\":\"Tienda\",\"item\":\"https:\/\/www.certifiedcosmetics.com\/es\/tienda\/\"},{\"@type\":\"ListItem\",\"position\":3,\"name\":\"FPS Prueba de laboratorio in vivo &#8211; Factor de protecci\u00f3n solar\"}]},{\"@type\":\"WebSite\",\"@id\":\"https:\/\/www.certifiedcosmetics.com\/es\/#website\",\"url\":\"https:\/\/www.certifiedcosmetics.com\/es\/\",\"name\":\"Certified Cosmetics\",\"description\":\"Cosmetic Testing\",\"publisher\":{\"@id\":\"https:\/\/www.certifiedcosmetics.com\/es\/#organization\"},\"potentialAction\":[{\"@type\":\"SearchAction\",\"target\":{\"@type\":\"EntryPoint\",\"urlTemplate\":\"https:\/\/www.certifiedcosmetics.com\/es\/?s={search_term_string}\"},\"query-input\":{\"@type\":\"PropertyValueSpecification\",\"valueRequired\":true,\"valueName\":\"search_term_string\"}}],\"inLanguage\":\"es\"},{\"@type\":\"Organization\",\"@id\":\"https:\/\/www.certifiedcosmetics.com\/es\/#organization\",\"name\":\"Certified Cosmetics\",\"url\":\"https:\/\/www.certifiedcosmetics.com\/es\/\",\"logo\":{\"@type\":\"ImageObject\",\"inLanguage\":\"es\",\"@id\":\"https:\/\/www.certifiedcosmetics.com\/es\/#\/schema\/logo\/image\/\",\"url\":\"https:\/\/www.certifiedcosmetics.com\/wp-content\/uploads\/2024\/12\/logo_certified_cosmetics696.jpg\",\"contentUrl\":\"https:\/\/www.certifiedcosmetics.com\/wp-content\/uploads\/2024\/12\/logo_certified_cosmetics696.jpg\",\"width\":696,\"height\":696,\"caption\":\"Certified Cosmetics\"},\"image\":{\"@id\":\"https:\/\/www.certifiedcosmetics.com\/es\/#\/schema\/logo\/image\/\"},\"description\":\"Your trusted partner for cosmetic product safety reporting. We take care of updating all of your documentation, ensuring your compliance stays current even as regulations evolve. The Cosmetic Product Safety Assessment will give you everything you need to sell specific products to EU consumers.\",\"email\":\"contact@certifiedcosmetics.com\",\"telephone\":\"+31 36 2036384\",\"legalName\":\"Certified Cosmetics\",\"foundingDate\":\"2010-01-01\",\"vatID\":\"NL854189543B01\",\"numberOfEmployees\":{\"@type\":\"QuantitativeValue\",\"minValue\":\"11\",\"maxValue\":\"50\"}}]}<\/script>\n<meta property=\"og:availability\" content=\"instock\" \/>\n<meta property=\"product:availability\" content=\"instock\" \/>\n<meta property=\"product:condition\" content=\"new\" \/>\n<!-- \/ Yoast SEO Premium plugin. -->","yoast_head_json":{"title":"FPS Prueba de laboratorio in vivo - Factor de protecci\u00f3n solar - Certified Cosmetics","description":"La prueba del FPS determina el nivel de protecci\u00f3n que proporciona un protector solar frente a la radiaci\u00f3n UVB, esencial para prevenir las quemaduras solares y los da\u00f1os cut\u00e1neos.","robots":{"index":"index","follow":"follow","max-snippet":"max-snippet:-1","max-image-preview":"max-image-preview:large","max-video-preview":"max-video-preview:-1"},"canonical":"https:\/\/www.certifiedcosmetics.com\/es\/product\/pruebas-spf\/prueba-de-laboratorio-fps-factor-de-proteccion-solar\/","og_locale":"es_ES","og_type":"article","og_title":"FPS Prueba de laboratorio in vivo - Factor de protecci\u00f3n solar","og_description":"La prueba del FPS determina el nivel de protecci\u00f3n que proporciona un protector solar frente a la radiaci\u00f3n UVB, esencial para prevenir las quemaduras solares y los da\u00f1os cut\u00e1neos.","og_url":"https:\/\/www.certifiedcosmetics.com\/es\/product\/pruebas-spf\/prueba-de-laboratorio-fps-factor-de-proteccion-solar\/","og_site_name":"Certified Cosmetics","article_modified_time":"2025-10-22T08:03:50+00:00","og_image":[{"width":400,"height":400,"url":"https:\/\/www.certifiedcosmetics.com\/wp-content\/uploads\/2024\/11\/5-2.png","type":"image\/png"}],"twitter_card":"summary_large_image","twitter_misc":{"Disponibilidad":"Disponible"},"schema":{"@context":"https:\/\/schema.org","@graph":[{"@type":"WebPage","@id":"https:\/\/www.certifiedcosmetics.com\/es\/product\/pruebas-spf\/prueba-de-laboratorio-fps-factor-de-proteccion-solar\/","url":"https:\/\/www.certifiedcosmetics.com\/es\/product\/pruebas-spf\/prueba-de-laboratorio-fps-factor-de-proteccion-solar\/","name":"FPS Prueba de laboratorio in vivo - Factor de protecci\u00f3n solar - Certified Cosmetics","isPartOf":{"@id":"https:\/\/www.certifiedcosmetics.com\/es\/#website"},"primaryImageOfPage":{"@id":"https:\/\/www.certifiedcosmetics.com\/es\/product\/pruebas-spf\/prueba-de-laboratorio-fps-factor-de-proteccion-solar\/#primaryimage"},"image":{"@id":"https:\/\/www.certifiedcosmetics.com\/es\/product\/pruebas-spf\/prueba-de-laboratorio-fps-factor-de-proteccion-solar\/#primaryimage"},"thumbnailUrl":"https:\/\/www.certifiedcosmetics.com\/wp-content\/uploads\/2024\/11\/5-2.png","datePublished":"2024-10-27T13:23:26+00:00","dateModified":"2025-10-22T08:03:50+00:00","description":"La prueba del FPS determina el nivel de protecci\u00f3n que proporciona un protector solar frente a la radiaci\u00f3n UVB, esencial para prevenir las quemaduras solares y los da\u00f1os cut\u00e1neos.","breadcrumb":{"@id":"https:\/\/www.certifiedcosmetics.com\/es\/product\/pruebas-spf\/prueba-de-laboratorio-fps-factor-de-proteccion-solar\/#breadcrumb"},"inLanguage":"es","potentialAction":[{"@type":"ReadAction","target":["https:\/\/www.certifiedcosmetics.com\/es\/product\/pruebas-spf\/prueba-de-laboratorio-fps-factor-de-proteccion-solar\/"]}]},{"@type":"ImageObject","inLanguage":"es","@id":"https:\/\/www.certifiedcosmetics.com\/es\/product\/pruebas-spf\/prueba-de-laboratorio-fps-factor-de-proteccion-solar\/#primaryimage","url":"https:\/\/www.certifiedcosmetics.com\/wp-content\/uploads\/2024\/11\/5-2.png","contentUrl":"https:\/\/www.certifiedcosmetics.com\/wp-content\/uploads\/2024\/11\/5-2.png","width":400,"height":400},{"@type":"BreadcrumbList","@id":"https:\/\/www.certifiedcosmetics.com\/es\/product\/pruebas-spf\/prueba-de-laboratorio-fps-factor-de-proteccion-solar\/#breadcrumb","itemListElement":[{"@type":"ListItem","position":1,"name":"Home","item":"https:\/\/www.certifiedcosmetics.com\/es\/"},{"@type":"ListItem","position":2,"name":"Tienda","item":"https:\/\/www.certifiedcosmetics.com\/es\/tienda\/"},{"@type":"ListItem","position":3,"name":"FPS Prueba de laboratorio in vivo &#8211; Factor de protecci\u00f3n solar"}]},{"@type":"WebSite","@id":"https:\/\/www.certifiedcosmetics.com\/es\/#website","url":"https:\/\/www.certifiedcosmetics.com\/es\/","name":"Certified Cosmetics","description":"Cosmetic Testing","publisher":{"@id":"https:\/\/www.certifiedcosmetics.com\/es\/#organization"},"potentialAction":[{"@type":"SearchAction","target":{"@type":"EntryPoint","urlTemplate":"https:\/\/www.certifiedcosmetics.com\/es\/?s={search_term_string}"},"query-input":{"@type":"PropertyValueSpecification","valueRequired":true,"valueName":"search_term_string"}}],"inLanguage":"es"},{"@type":"Organization","@id":"https:\/\/www.certifiedcosmetics.com\/es\/#organization","name":"Certified Cosmetics","url":"https:\/\/www.certifiedcosmetics.com\/es\/","logo":{"@type":"ImageObject","inLanguage":"es","@id":"https:\/\/www.certifiedcosmetics.com\/es\/#\/schema\/logo\/image\/","url":"https:\/\/www.certifiedcosmetics.com\/wp-content\/uploads\/2024\/12\/logo_certified_cosmetics696.jpg","contentUrl":"https:\/\/www.certifiedcosmetics.com\/wp-content\/uploads\/2024\/12\/logo_certified_cosmetics696.jpg","width":696,"height":696,"caption":"Certified Cosmetics"},"image":{"@id":"https:\/\/www.certifiedcosmetics.com\/es\/#\/schema\/logo\/image\/"},"description":"Your trusted partner for cosmetic product safety reporting. We take care of updating all of your documentation, ensuring your compliance stays current even as regulations evolve. The Cosmetic Product Safety Assessment will give you everything you need to sell specific products to EU consumers.","email":"contact@certifiedcosmetics.com","telephone":"+31 36 2036384","legalName":"Certified Cosmetics","foundingDate":"2010-01-01","vatID":"NL854189543B01","numberOfEmployees":{"@type":"QuantitativeValue","minValue":"11","maxValue":"50"}}]},"og_availability":"instock","product_availability":"instock","product_condition":"new"},"_links":{"self":[{"href":"https:\/\/www.certifiedcosmetics.com\/es\/wp-json\/wp\/v2\/product\/10955","targetHints":{"allow":["GET"]}}],"collection":[{"href":"https:\/\/www.certifiedcosmetics.com\/es\/wp-json\/wp\/v2\/product"}],"about":[{"href":"https:\/\/www.certifiedcosmetics.com\/es\/wp-json\/wp\/v2\/types\/product"}],"wp:featuredmedia":[{"embeddable":true,"href":"https:\/\/www.certifiedcosmetics.com\/es\/wp-json\/wp\/v2\/media\/10119"}],"wp:attachment":[{"href":"https:\/\/www.certifiedcosmetics.com\/es\/wp-json\/wp\/v2\/media?parent=10955"}],"wp:term":[{"taxonomy":"product_brand","embeddable":true,"href":"https:\/\/www.certifiedcosmetics.com\/es\/wp-json\/wp\/v2\/product_brand?post=10955"},{"taxonomy":"product_cat","embeddable":true,"href":"https:\/\/www.certifiedcosmetics.com\/es\/wp-json\/wp\/v2\/product_cat?post=10955"},{"taxonomy":"product_tag","embeddable":true,"href":"https:\/\/www.certifiedcosmetics.com\/es\/wp-json\/wp\/v2\/product_tag?post=10955"}],"curies":[{"name":"wp","href":"https:\/\/api.w.org\/{rel}","templated":true}]}}