{"id":11750,"date":"2025-06-02T15:03:21","date_gmt":"2025-06-02T14:03:21","guid":{"rendered":"https:\/\/www.certifiedcosmetics.com\/politica-de-privacidad\/"},"modified":"2025-06-02T15:15:54","modified_gmt":"2025-06-02T14:15:54","slug":"politica-de-privacidad","status":"publish","type":"page","link":"https:\/\/www.certifiedcosmetics.com\/es\/politica-de-privacidad\/","title":{"rendered":"Pol\u00edtica de privacidad"},"content":{"rendered":"<section data-bb-version=\"4.6.1\" id=\"bt_bb_section69fb96b876a5d\" class=\"bt_bb_section bt_bb_layout_boxed_1200\"  data-bt-override-class=\"null\"><div class=\"bt_bb_port\"><div class=\"bt_bb_cell\"><div class=\"bt_bb_cell_inner\"><div class=\"bt_bb_row \"  data-bt-override-class=\"{}\"><div class=\"bt_bb_row_holder\" ><div data-bb-version=\"4.6.1\"  class=\"bt_bb_column col-xxl-12 col-xl-12 col-xs-12 col-sm-12 col-md-12 col-lg-12 bt_bb_vertical_align_top bt_bb_align_left bt_bb_padding_normal\" style=\"; --column-width:12;\" data-width=\"12\" data-bt-override-class=\"{}\"><div class=\"bt_bb_column_content\"><div class=\"bt_bb_column_content_inner\"><header data-bb-version=\"4.6.1\" class=\"bt_bb_headline bt_bb_subheadline_text_transform_default bt_bb_dash_none bt_bb_size_inherit bt_bb_align_inherit\" data-bt-override-class=\"{&quot;bt_bb_size_&quot;:{&quot;current_class&quot;:&quot;bt_bb_size_inherit&quot;,&quot;def&quot;:&quot;inherit&quot;},&quot;bt_bb_align_&quot;:{&quot;current_class&quot;:&quot;bt_bb_align_inherit&quot;,&quot;def&quot;:&quot;inherit&quot;}}\"><h1 class=\"bt_bb_headline_tag\"><span class=\"bt_bb_headline_content\"><span>Pol\u00edtica de privacidad<\/span><\/span><\/h1><\/header><\/div><\/div><\/div><\/div><\/div><div data-bb-version=\"4.6.1\" class=\"bt_bb_row \"  data-bt-override-class=\"{}\"><div class=\"bt_bb_row_holder\" ><div data-bb-version=\"4.6.1\"  class=\"bt_bb_column col-xxl-12 col-xl-12 col-xs-12 col-sm-12 col-md-12 col-lg-12 bt_bb_vertical_align_top bt_bb_align_left bt_bb_padding_normal\" style=\"; --column-width:12;\" data-width=\"12\" data-bt-override-class=\"{}\"><div class=\"bt_bb_column_content\"><div class=\"bt_bb_column_content_inner\"><div data-bb-version=\"4.6.1\"  class=\"bt_bb_text\" ><\/p>\n<p data-start=\"224\" data-end=\"402\"><strong data-start=\"224\" data-end=\"247\">Cosm\u00e9ticos Certificados<\/strong><br data-start=\"247\" data-end=\"250\">Transistorstraat 91-02, 1322 CL Almere<br data-start=\"288\" data-end=\"291\">Pa\u00edses Bajos<br data-start=\"306\" data-end=\"309\">T: +31 36 2036384<br data-start=\"326\" data-end=\"329\">E: <a class=\"cursor-pointer\" rel=\"noopener\" data-start=\"332\" data-end=\"362\">contact@certifiedcosmetics.com<\/a><br data-start=\"362\" data-end=\"365\">KVK: 61064939<br data-start=\"378\" data-end=\"381\">IVA: NL854189543B01<\/p>\n<p data-start=\"435\" data-end=\"692\">En Certified Cosmetics respetamos tu privacidad y nos comprometemos a proteger tus datos personales. Esta Pol\u00edtica de Privacidad explica qu\u00e9 datos recopilamos, por qu\u00e9 los recopilamos, c\u00f3mo los procesamos y tus derechos en virtud del Reglamento General de Protecci\u00f3n de Datos (RGPD). <\/p>\n<h2 data-start=\"699\" data-end=\"719\">1. <strong data-start=\"705\" data-end=\"719\">Qui\u00e9nes somos<\/strong><\/h2>\n<p data-start=\"721\" data-end=\"1001\">Certified Cosmetics es un proveedor de servicios completos de evaluaciones de seguridad de productos cosm\u00e9ticos y pruebas de laboratorio. Recogemos y procesamos datos personales como parte de la prestaci\u00f3n de nuestros servicios a fabricantes de cosm\u00e9ticos y jabones, incluso a trav\u00e9s de nuestro sitio web: <strong data-start=\"970\" data-end=\"1000\"><a class=\"\" href=\"http:\/\/www.certifiedcosmetics.com\" target=\"_new\" rel=\"noopener\" data-start=\"972\" data-end=\"998\">www.certifiedcosmetics.com<\/a><\/strong>. <\/p>\n<h2 data-start=\"1008\" data-end=\"1047\">2. <strong data-start=\"1014\" data-end=\"1047\">Qu\u00e9 datos personales recogemos<\/strong><\/h2>\n<p data-start=\"1049\" data-end=\"1118\">Podemos recoger y tratar las siguientes categor\u00edas de datos personales:<\/p>\n<ul data-start=\"1120\" data-end=\"1514\">\n<li data-start=\"1120\" data-end=\"1185\">\n<p data-start=\"1122\" data-end=\"1185\"><strong data-start=\"1122\" data-end=\"1145\">Informaci\u00f3n de contacto<\/strong> (nombre, direcci\u00f3n de correo electr\u00f3nico, n\u00famero de tel\u00e9fono)<\/p>\n<\/li>\n<li data-start=\"1186\" data-end=\"1266\">\n<p data-start=\"1188\" data-end=\"1266\"><strong data-start=\"1188\" data-end=\"1211\">Informaci\u00f3n de la empresa<\/strong> (nombre de la empresa, CIF, n\u00famero de la C\u00e1mara de Comercio)<\/p>\n<\/li>\n<li data-start=\"1267\" data-end=\"1327\">\n<p data-start=\"1269\" data-end=\"1327\"><strong data-start=\"1269\" data-end=\"1288\">Datos de facturaci\u00f3n<\/strong> (direcci\u00f3n, n\u00famero de cuenta bancaria, CIF)<\/p>\n<\/li>\n<li data-start=\"1328\" data-end=\"1400\">\n<p data-start=\"1330\" data-end=\"1400\"><strong data-start=\"1330\" data-end=\"1348\">Datos t\u00e9cnicos<\/strong> (direcci\u00f3n IP, tipo de navegador, ubicaci\u00f3n, uso del sitio web)<\/p>\n<\/li>\n<li data-start=\"1401\" data-end=\"1514\">\n<p data-start=\"1403\" data-end=\"1514\"><strong data-start=\"1403\" data-end=\"1431\">Documentos y datos de productos<\/strong> (f\u00f3rmulas, etiquetas, archivos SDS y materiales relacionados para el cumplimiento normativo)<\/p>\n<\/li>\n<\/ul>\n<h2 data-start=\"1521\" data-end=\"1555\">3. <strong data-start=\"1527\" data-end=\"1555\">C\u00f3mo recogemos tus datos<\/strong><\/h2>\n<p data-start=\"1557\" data-end=\"1581\">Recogemos datos a trav\u00e9s de:<\/p>\n<ul data-start=\"1583\" data-end=\"1811\">\n<li data-start=\"1583\" data-end=\"1629\">\n<p data-start=\"1585\" data-end=\"1629\">Nuestros formularios de contacto del sitio web y formularios de admisi\u00f3n<\/p>\n<\/li>\n<li data-start=\"1630\" data-end=\"1673\">\n<p data-start=\"1632\" data-end=\"1673\">Comunicaci\u00f3n directa por correo electr\u00f3nico o tel\u00e9fono<\/p>\n<\/li>\n<li data-start=\"1674\" data-end=\"1720\">\n<p data-start=\"1676\" data-end=\"1720\">Pedidos o solicitudes de servicio en l\u00ednea<\/p>\n<\/li>\n<li data-start=\"1721\" data-end=\"1772\">\n<p data-start=\"1723\" data-end=\"1772\">Descargas e interacci\u00f3n con nuestras herramientas online<\/p>\n<\/li>\n<li data-start=\"1773\" data-end=\"1811\">\n<p data-start=\"1775\" data-end=\"1811\">Cookies y an\u00e1lisis en nuestro sitio web<\/p>\n<\/li>\n<\/ul>\n<h2 data-start=\"1818\" data-end=\"1852\">4. <strong data-start=\"1824\" data-end=\"1852\">Por qu\u00e9 procesamos tus datos<\/strong><\/h2>\n<p data-start=\"1854\" data-end=\"1902\">Tratamos tus datos para los siguientes fines:<\/p>\n<ul data-start=\"1904\" data-end=\"2230\">\n<li data-start=\"1904\" data-end=\"1977\">\n<p data-start=\"1906\" data-end=\"1977\">Para cumplir nuestras obligaciones contractuales y prestar los servicios solicitados<\/p>\n<\/li>\n<li data-start=\"1978\" data-end=\"2051\">\n<p data-start=\"1980\" data-end=\"2051\">Para cumplir con las obligaciones legales (por ejemplo, cumplimiento de la normativa fiscal y de la UE)<\/p>\n<\/li>\n<li data-start=\"2052\" data-end=\"2121\">\n<p data-start=\"2054\" data-end=\"2121\">Para comunicarnos contigo sobre servicios, facturas y actualizaciones<\/p>\n<\/li>\n<li data-start=\"2122\" data-end=\"2174\">\n<p data-start=\"2124\" data-end=\"2174\">Para mejorar nuestros servicios y optimizar nuestro sitio web<\/p>\n<\/li>\n<li data-start=\"2175\" data-end=\"2230\">\n<p data-start=\"2177\" data-end=\"2230\">Para facilitarte la informaci\u00f3n que nos solicites<\/p>\n<\/li>\n<\/ul>\n<p data-start=\"2232\" data-end=\"2309\">No vendemos ni compartimos tus datos con terceros con fines comerciales.<\/p>\n<h2 data-start=\"2316\" data-end=\"2352\">5. <strong data-start=\"2322\" data-end=\"2352\">Base jur\u00eddica del tratamiento<\/strong><\/h2>\n<p data-start=\"2354\" data-end=\"2412\">Tratamos tus datos bas\u00e1ndonos en los siguientes fundamentos jur\u00eddicos:<\/p>\n<ul data-start=\"2414\" data-end=\"2707\">\n<li data-start=\"2414\" data-end=\"2484\">\n<p data-start=\"2416\" data-end=\"2484\"><strong data-start=\"2416\" data-end=\"2441\">Necesidad contractual<\/strong> &#8211; para prestar los servicios que has solicitado<\/p>\n<\/li>\n<li data-start=\"2485\" data-end=\"2558\">\n<p data-start=\"2487\" data-end=\"2558\"><strong data-start=\"2487\" data-end=\"2507\">Obligaci\u00f3n legal<\/strong> &#8211; para cumplir con los requisitos normativos y fiscales<\/p>\n<\/li>\n<li data-start=\"2559\" data-end=\"2634\">\n<p data-start=\"2561\" data-end=\"2634\"><strong data-start=\"2561\" data-end=\"2584\">Inter\u00e9s leg\u00edtimo<\/strong> &#8211; para gestionar y mejorar nuestras operaciones comerciales<\/p>\n<\/li>\n<li data-start=\"2635\" data-end=\"2707\">\n<p data-start=\"2637\" data-end=\"2707\"><strong data-start=\"2637\" data-end=\"2648\">Consentimiento<\/strong>: cuando se da expl\u00edcitamente, como en el caso de las suscripciones a boletines informativos<\/p>\n<\/li>\n<\/ul>\n<h2 data-start=\"2714\" data-end=\"2754\">6. <strong data-start=\"2720\" data-end=\"2754\">Terceros e intercambio de datos<\/strong><\/h2>\n<p data-start=\"2756\" data-end=\"2824\">S\u00f3lo compartimos tus datos con terceros cuando es necesario, por ejemplo<\/p>\n<ul data-start=\"2826\" data-end=\"3028\">\n<li data-start=\"2826\" data-end=\"2901\">\n<p data-start=\"2828\" data-end=\"2901\">Contables y autoridades fiscales (para la facturaci\u00f3n y los informes financieros)<\/p>\n<\/li>\n<li data-start=\"2902\" data-end=\"2977\">\n<p data-start=\"2904\" data-end=\"2977\">Laboratorios de ensayo y expertos en reglamentaci\u00f3n (para los servicios CPSR y PIF)<\/p>\n<\/li>\n<li data-start=\"2978\" data-end=\"3028\">\n<p data-start=\"2980\" data-end=\"3028\">Proveedores de servicios inform\u00e1ticos (alojamiento, correo electr\u00f3nico, an\u00e1lisis)<\/p>\n<\/li>\n<\/ul>\n<p data-start=\"3030\" data-end=\"3113\">Todos los terceros deben cumplir la GDPR y las obligaciones de confidencialidad.<\/p>\n<h2 data-start=\"3120\" data-end=\"3144\">7. <strong data-start=\"3126\" data-end=\"3144\">Conservaci\u00f3n de datos<\/strong><\/h2>\n<p data-start=\"3146\" data-end=\"3200\">Conservamos los datos personales s\u00f3lo durante el tiempo necesario:<\/p>\n<ul data-start=\"3202\" data-end=\"3372\">\n<li data-start=\"3202\" data-end=\"3254\">\n<p data-start=\"3204\" data-end=\"3254\">Para obligaciones legales y fiscales (hasta 7 a\u00f1os)<\/p>\n<\/li>\n<li data-start=\"3255\" data-end=\"3302\">\n<p data-start=\"3257\" data-end=\"3302\">Mientras dure la relaci\u00f3n con el cliente<\/p>\n<\/li>\n<li data-start=\"3303\" data-end=\"3372\">\n<p data-start=\"3305\" data-end=\"3372\">Para conservar la documentaci\u00f3n de seguridad (como exige la legislaci\u00f3n de la UE sobre cosm\u00e9ticos)<\/p>\n<\/li>\n<\/ul>\n<p data-start=\"3374\" data-end=\"3430\">Una vez que los datos ya no son necesarios, se eliminan de forma segura.<\/p>\n<h2 data-start=\"3437\" data-end=\"3469\">8. <strong data-start=\"3443\" data-end=\"3469\">Tus derechos seg\u00fan el GDPR<\/strong><\/h2>\n<p data-start=\"3471\" data-end=\"3493\">Tienes derecho a:<\/p>\n<ul data-start=\"3495\" data-end=\"3727\">\n<li data-start=\"3495\" data-end=\"3524\">\n<p data-start=\"3497\" data-end=\"3524\">Acceder a tus datos personales<\/p>\n<\/li>\n<li data-start=\"3525\" data-end=\"3556\">\n<p data-start=\"3527\" data-end=\"3556\">Corregir o actualizar tus datos<\/p>\n<\/li>\n<li data-start=\"3557\" data-end=\"3608\">\n<p data-start=\"3559\" data-end=\"3608\">Solicitar la supresi\u00f3n de datos (\u201cderecho al olvido\u201d)<\/p>\n<\/li>\n<li data-start=\"3609\" data-end=\"3645\">\n<p data-start=\"3611\" data-end=\"3645\">Restringir u oponerse al tratamiento<\/p>\n<\/li>\n<li data-start=\"3646\" data-end=\"3696\">\n<p data-start=\"3648\" data-end=\"3696\">Solicitar una copia de tus datos (portabilidad de datos)<\/p>\n<\/li>\n<li data-start=\"3697\" data-end=\"3727\">\n<p data-start=\"3699\" data-end=\"3727\">Retirar el consentimiento en cualquier momento<\/p>\n<\/li>\n<\/ul>\n<p data-start=\"3729\" data-end=\"3798\">Para ejercer tus derechos, ponte en contacto con <strong data-start=\"3763\" data-end=\"3797\"><a class=\"cursor-pointer\" rel=\"noopener\" data-start=\"3765\" data-end=\"3795\">privacy@certifiedcosmetics.com<\/a><\/strong>.<\/p>\n<h2 data-start=\"3805\" data-end=\"3822\">9. <strong data-start=\"3811\" data-end=\"3822\">Cookies<\/strong><\/h2>\n<p data-start=\"3824\" data-end=\"4075\">Nuestro sitio web utiliza cookies funcionales y anal\u00edticas para garantizar un rendimiento \u00f3ptimo y recopilar estad\u00edsticas de visitas. Puedes gestionar o desactivar las cookies en la configuraci\u00f3n de tu navegador. Para m\u00e1s detalles, consulta nuestra [Pol\u00edtica de cookies] (opcional si la tienes).  <\/p>\n<h2 data-start=\"4082\" data-end=\"4106\">10. <strong data-start=\"4089\" data-end=\"4106\">Seguridad de los datos<\/strong><\/h2>\n<p data-start=\"4108\" data-end=\"4304\">Tomamos las medidas t\u00e9cnicas y organizativas adecuadas para proteger tus datos contra el acceso no autorizado, la p\u00e9rdida o el uso indebido. Esto incluye encriptaci\u00f3n, servidores seguros y protocolos de acceso limitado. <\/p>\n<h2 data-start=\"4311\" data-end=\"4344\">11. <strong data-start=\"4318\" data-end=\"4344\">Cambios en esta pol\u00edtica<\/strong><\/h2>\n<p data-start=\"4346\" data-end=\"4486\">Podemos actualizar esta Pol\u00edtica de Privacidad ocasionalmente. La \u00faltima versi\u00f3n estar\u00e1 siempre disponible en nuestro sitio web con la fecha de la \u00faltima actualizaci\u00f3n. <\/p>\n<h2 data-start=\"4493\" data-end=\"4511\">12. <strong data-start=\"4500\" data-end=\"4511\">Contacta con<\/strong><\/h2>\n<p data-start=\"4513\" data-end=\"4584\">Para preguntas, quejas o solicitudes relativas a tu privacidad, ponte en contacto con<\/p>\n<p data-start=\"4586\" data-end=\"4713\"><strong data-start=\"4586\" data-end=\"4609\">Cosm\u00e9ticos Certificados<\/strong><br data-start=\"4609\" data-end=\"4612\">Correo electr\u00f3nico: <a class=\"cursor-pointer\" rel=\"noopener\" data-start=\"4619\" data-end=\"4649\">privacy@certifiedcosmetics.com<\/a><br data-start=\"4649\" data-end=\"4652\">Tel\u00e9fono: +31 36 2036384<br data-start=\"4673\" data-end=\"4676\">P\u00e1gina web: <a class=\"\" href=\"http:\/\/www.certifiedcosmetics.com\" target=\"_new\" rel=\"noopener\" data-start=\"4685\" data-end=\"4711\">www.certifiedcosmetics.com<\/a><\/p>\n<p>\n<\/div><\/div><\/div><\/div><\/div><\/div><\/div><!-- cell_inner --><\/div><!-- cell --><\/div><!-- port --><\/section>\n","protected":false},"excerpt":{"rendered":"","protected":false},"author":1,"featured_media":0,"parent":0,"menu_order":0,"comment_status":"closed","ping_status":"closed","template":"","meta":{"footnotes":""},"class_list":["post-11750","page","type-page","status-publish","hentry"],"yoast_head":"<!-- This site is optimized with the Yoast SEO Premium plugin v25.4 (Yoast SEO v25.4) - https:\/\/yoast.com\/wordpress\/plugins\/seo\/ -->\n<title>Pol\u00edtica de privacidad - Certified Cosmetics<\/title>\n<meta name=\"description\" content=\"Pol\u00edtica de privacidad de Certified Cosmetics\" \/>\n<meta name=\"robots\" content=\"index, follow, max-snippet:-1, max-image-preview:large, max-video-preview:-1\" \/>\n<link rel=\"canonical\" href=\"https:\/\/www.certifiedcosmetics.com\/es\/politica-de-privacidad\/\" \/>\n<meta property=\"og:locale\" content=\"es_ES\" \/>\n<meta property=\"og:type\" content=\"article\" \/>\n<meta property=\"og:title\" content=\"Pol\u00edtica de privacidad\" \/>\n<meta property=\"og:description\" content=\"Pol\u00edtica de privacidad de Certified Cosmetics\" \/>\n<meta property=\"og:url\" content=\"https:\/\/www.certifiedcosmetics.com\/es\/politica-de-privacidad\/\" \/>\n<meta property=\"og:site_name\" content=\"Certified Cosmetics\" \/>\n<meta property=\"article:modified_time\" content=\"2025-06-02T14:15:54+00:00\" \/>\n<meta name=\"twitter:card\" content=\"summary_large_image\" \/>\n<meta name=\"twitter:label1\" content=\"Tiempo de lectura\" \/>\n\t<meta name=\"twitter:data1\" content=\"5 minutos\" \/>\n<script type=\"application\/ld+json\" class=\"yoast-schema-graph\">{\"@context\":\"https:\/\/schema.org\",\"@graph\":[{\"@type\":\"WebPage\",\"@id\":\"https:\/\/www.certifiedcosmetics.com\/es\/politica-de-privacidad\/\",\"url\":\"https:\/\/www.certifiedcosmetics.com\/es\/politica-de-privacidad\/\",\"name\":\"Pol\u00edtica de privacidad - Certified Cosmetics\",\"isPartOf\":{\"@id\":\"https:\/\/www.certifiedcosmetics.com\/es\/#website\"},\"datePublished\":\"2025-06-02T14:03:21+00:00\",\"dateModified\":\"2025-06-02T14:15:54+00:00\",\"description\":\"Pol\u00edtica de privacidad de Certified Cosmetics\",\"breadcrumb\":{\"@id\":\"https:\/\/www.certifiedcosmetics.com\/es\/politica-de-privacidad\/#breadcrumb\"},\"inLanguage\":\"es\",\"potentialAction\":[{\"@type\":\"ReadAction\",\"target\":[\"https:\/\/www.certifiedcosmetics.com\/es\/politica-de-privacidad\/\"]}]},{\"@type\":\"BreadcrumbList\",\"@id\":\"https:\/\/www.certifiedcosmetics.com\/es\/politica-de-privacidad\/#breadcrumb\",\"itemListElement\":[{\"@type\":\"ListItem\",\"position\":1,\"name\":\"Home\",\"item\":\"https:\/\/www.certifiedcosmetics.com\/es\/\"},{\"@type\":\"ListItem\",\"position\":2,\"name\":\"Pol\u00edtica de privacidad\"}]},{\"@type\":\"WebSite\",\"@id\":\"https:\/\/www.certifiedcosmetics.com\/es\/#website\",\"url\":\"https:\/\/www.certifiedcosmetics.com\/es\/\",\"name\":\"Certified Cosmetics\",\"description\":\"Cosmetic Testing\",\"publisher\":{\"@id\":\"https:\/\/www.certifiedcosmetics.com\/es\/#organization\"},\"potentialAction\":[{\"@type\":\"SearchAction\",\"target\":{\"@type\":\"EntryPoint\",\"urlTemplate\":\"https:\/\/www.certifiedcosmetics.com\/es\/?s={search_term_string}\"},\"query-input\":{\"@type\":\"PropertyValueSpecification\",\"valueRequired\":true,\"valueName\":\"search_term_string\"}}],\"inLanguage\":\"es\"},{\"@type\":\"Organization\",\"@id\":\"https:\/\/www.certifiedcosmetics.com\/es\/#organization\",\"name\":\"Certified Cosmetics\",\"url\":\"https:\/\/www.certifiedcosmetics.com\/es\/\",\"logo\":{\"@type\":\"ImageObject\",\"inLanguage\":\"es\",\"@id\":\"https:\/\/www.certifiedcosmetics.com\/es\/#\/schema\/logo\/image\/\",\"url\":\"https:\/\/www.certifiedcosmetics.com\/wp-content\/uploads\/2024\/12\/logo_certified_cosmetics696.jpg\",\"contentUrl\":\"https:\/\/www.certifiedcosmetics.com\/wp-content\/uploads\/2024\/12\/logo_certified_cosmetics696.jpg\",\"width\":696,\"height\":696,\"caption\":\"Certified Cosmetics\"},\"image\":{\"@id\":\"https:\/\/www.certifiedcosmetics.com\/es\/#\/schema\/logo\/image\/\"},\"description\":\"Your trusted partner for cosmetic product safety reporting. We take care of updating all of your documentation, ensuring your compliance stays current even as regulations evolve. The Cosmetic Product Safety Assessment will give you everything you need to sell specific products to EU consumers.\",\"email\":\"contact@certifiedcosmetics.com\",\"telephone\":\"+31 36 2036384\",\"legalName\":\"Certified Cosmetics\",\"foundingDate\":\"2010-01-01\",\"vatID\":\"NL854189543B01\",\"numberOfEmployees\":{\"@type\":\"QuantitativeValue\",\"minValue\":\"11\",\"maxValue\":\"50\"}}]}<\/script>\n<!-- \/ Yoast SEO Premium plugin. -->","yoast_head_json":{"title":"Pol\u00edtica de privacidad - Certified Cosmetics","description":"Pol\u00edtica de privacidad de Certified Cosmetics","robots":{"index":"index","follow":"follow","max-snippet":"max-snippet:-1","max-image-preview":"max-image-preview:large","max-video-preview":"max-video-preview:-1"},"canonical":"https:\/\/www.certifiedcosmetics.com\/es\/politica-de-privacidad\/","og_locale":"es_ES","og_type":"article","og_title":"Pol\u00edtica de privacidad","og_description":"Pol\u00edtica de privacidad de Certified Cosmetics","og_url":"https:\/\/www.certifiedcosmetics.com\/es\/politica-de-privacidad\/","og_site_name":"Certified Cosmetics","article_modified_time":"2025-06-02T14:15:54+00:00","twitter_card":"summary_large_image","twitter_misc":{"Tiempo de lectura":"5 minutos"},"schema":{"@context":"https:\/\/schema.org","@graph":[{"@type":"WebPage","@id":"https:\/\/www.certifiedcosmetics.com\/es\/politica-de-privacidad\/","url":"https:\/\/www.certifiedcosmetics.com\/es\/politica-de-privacidad\/","name":"Pol\u00edtica de privacidad - Certified Cosmetics","isPartOf":{"@id":"https:\/\/www.certifiedcosmetics.com\/es\/#website"},"datePublished":"2025-06-02T14:03:21+00:00","dateModified":"2025-06-02T14:15:54+00:00","description":"Pol\u00edtica de privacidad de Certified Cosmetics","breadcrumb":{"@id":"https:\/\/www.certifiedcosmetics.com\/es\/politica-de-privacidad\/#breadcrumb"},"inLanguage":"es","potentialAction":[{"@type":"ReadAction","target":["https:\/\/www.certifiedcosmetics.com\/es\/politica-de-privacidad\/"]}]},{"@type":"BreadcrumbList","@id":"https:\/\/www.certifiedcosmetics.com\/es\/politica-de-privacidad\/#breadcrumb","itemListElement":[{"@type":"ListItem","position":1,"name":"Home","item":"https:\/\/www.certifiedcosmetics.com\/es\/"},{"@type":"ListItem","position":2,"name":"Pol\u00edtica de privacidad"}]},{"@type":"WebSite","@id":"https:\/\/www.certifiedcosmetics.com\/es\/#website","url":"https:\/\/www.certifiedcosmetics.com\/es\/","name":"Certified Cosmetics","description":"Cosmetic Testing","publisher":{"@id":"https:\/\/www.certifiedcosmetics.com\/es\/#organization"},"potentialAction":[{"@type":"SearchAction","target":{"@type":"EntryPoint","urlTemplate":"https:\/\/www.certifiedcosmetics.com\/es\/?s={search_term_string}"},"query-input":{"@type":"PropertyValueSpecification","valueRequired":true,"valueName":"search_term_string"}}],"inLanguage":"es"},{"@type":"Organization","@id":"https:\/\/www.certifiedcosmetics.com\/es\/#organization","name":"Certified Cosmetics","url":"https:\/\/www.certifiedcosmetics.com\/es\/","logo":{"@type":"ImageObject","inLanguage":"es","@id":"https:\/\/www.certifiedcosmetics.com\/es\/#\/schema\/logo\/image\/","url":"https:\/\/www.certifiedcosmetics.com\/wp-content\/uploads\/2024\/12\/logo_certified_cosmetics696.jpg","contentUrl":"https:\/\/www.certifiedcosmetics.com\/wp-content\/uploads\/2024\/12\/logo_certified_cosmetics696.jpg","width":696,"height":696,"caption":"Certified Cosmetics"},"image":{"@id":"https:\/\/www.certifiedcosmetics.com\/es\/#\/schema\/logo\/image\/"},"description":"Your trusted partner for cosmetic product safety reporting. We take care of updating all of your documentation, ensuring your compliance stays current even as regulations evolve. The Cosmetic Product Safety Assessment will give you everything you need to sell specific products to EU consumers.","email":"contact@certifiedcosmetics.com","telephone":"+31 36 2036384","legalName":"Certified Cosmetics","foundingDate":"2010-01-01","vatID":"NL854189543B01","numberOfEmployees":{"@type":"QuantitativeValue","minValue":"11","maxValue":"50"}}]}},"_links":{"self":[{"href":"https:\/\/www.certifiedcosmetics.com\/es\/wp-json\/wp\/v2\/pages\/11750","targetHints":{"allow":["GET"]}}],"collection":[{"href":"https:\/\/www.certifiedcosmetics.com\/es\/wp-json\/wp\/v2\/pages"}],"about":[{"href":"https:\/\/www.certifiedcosmetics.com\/es\/wp-json\/wp\/v2\/types\/page"}],"author":[{"embeddable":true,"href":"https:\/\/www.certifiedcosmetics.com\/es\/wp-json\/wp\/v2\/users\/1"}],"replies":[{"embeddable":true,"href":"https:\/\/www.certifiedcosmetics.com\/es\/wp-json\/wp\/v2\/comments?post=11750"}],"version-history":[{"count":1,"href":"https:\/\/www.certifiedcosmetics.com\/es\/wp-json\/wp\/v2\/pages\/11750\/revisions"}],"predecessor-version":[{"id":11762,"href":"https:\/\/www.certifiedcosmetics.com\/es\/wp-json\/wp\/v2\/pages\/11750\/revisions\/11762"}],"wp:attachment":[{"href":"https:\/\/www.certifiedcosmetics.com\/es\/wp-json\/wp\/v2\/media?parent=11750"}],"curies":[{"name":"wp","href":"https:\/\/api.w.org\/{rel}","templated":true}]}}