{"id":7249,"date":"2023-11-08T10:11:17","date_gmt":"2023-11-08T10:11:17","guid":{"rendered":"https:\/\/www.certifiedcosmetics.com\/product\/patch-test\/"},"modified":"2026-03-24T10:08:28","modified_gmt":"2026-03-24T09:08:28","slug":"patch-test","status":"publish","type":"product","link":"https:\/\/www.certifiedcosmetics.com\/de\/product\/wirksamkeitstests\/hauttest\/patch-test\/","title":{"rendered":"Dermatologischer Patch-Test"},"content":{"rendered":"<p>Dermatologische Tests bewerten die Sicherheit und Wirksamkeit kosmetischer Produkte auf der menschlichen Haut und stellen sicher, dass keine unerw\u00fcnschten Reaktionen auftreten. Wenn du &#8220;Dermatologisch getestet&#8221; verwenden m\u00f6chtest. und \/ oder &#8220;F\u00fcr alle Hauttypen geeignet&#8221; f\u00fcr deine Produkte werben m\u00f6chtest, kannst du das mit dem Patch-Test tun. Der Patch-Test wird an 10 bis 30 Freiwilligen mit normaler oder empfindlicher Haut durchgef\u00fchrt.   <\/p>\n<p>Bevor die dermatologische Untersuchung beginnen kann, muss das Ergebnis der mikrobiologischen Untersuchung des Produkts vorgelegt werden. Wir bieten die M\u00f6glichkeit, den mikrobiologischen Test durchzuf\u00fchren. <\/p>\n<h2><strong>Regulatorische Anforderungen<\/strong><\/h2>\n<p>Obwohl nicht immer vorgeschrieben, sind dermatologische Tests f\u00fcr die Sicherheit der Verbraucher unerl\u00e4sslich und werden durch verschiedene internationale Richtlinien gef\u00f6rdert.<\/p>\n<h2><strong>Normen und Pr\u00fcfmethoden<\/strong><\/h2>\n<p>Die Tests richten sich oft nach den ISO 10993-Vorschriften f\u00fcr Biokompatibilit\u00e4t, wobei klinische Studien oder Pflastertests durchgef\u00fchrt werden, um eventuelle dermatologische Reaktionen zu beobachten.<\/p>\n","protected":false},"excerpt":{"rendered":"<p>Dermatologische Tests bewerten die Sicherheit und Wirksamkeit kosmetischer Produkte auf der menschlichen Haut und stellen sicher, dass keine unerw\u00fcnschten Reaktionen auftreten. Wenn du &#8220;Dermatologisch getestet&#8221; verwenden m\u00f6chtest. und \/ oder &#8220;F\u00fcr alle Hauttypen geeignet&#8221; f\u00fcr deine Produkte werben m\u00f6chtest, kannst du das mit dem Patch-Test tun. Der Patch-Test wird an 10 bis 30 Freiwilligen mit&#8230;<\/p>\n","protected":false},"featured_media":6523,"template":"","meta":[],"product_brand":[],"product_cat":[145,268,127],"product_tag":[],"class_list":{"0":"post-7249","1":"product","2":"type-product","3":"status-publish","4":"has-post-thumbnail","6":"product_cat-hauttest","7":"product_cat-laboratorium-de","8":"product_cat-wirksamkeitstests","10":"first","11":"instock","12":"taxable","13":"shipping-taxable","14":"purchasable","15":"product-type-variable","16":"has-default-attributes"},"bundled_by":[],"bundle_stock_status":"instock","bundle_stock_quantity":null,"bundle_virtual":false,"bundle_layout":"","bundle_add_to_cart_form_location":"","bundle_editable_in_cart":false,"bundle_sold_individually_context":"","bundle_item_grouping":"","bundle_min_size":"","bundle_max_size":"","bundle_price":[],"bundled_items":[],"bundle_sell_ids":[],"yoast_head":"<!-- This site is optimized with the Yoast SEO Premium plugin v25.4 (Yoast SEO v25.4) - https:\/\/yoast.com\/wordpress\/plugins\/seo\/ -->\n<title>Dermatologischer Patch-Test - Certified Cosmetics<\/title>\n<meta name=\"robots\" content=\"index, follow, max-snippet:-1, max-image-preview:large, max-video-preview:-1\" \/>\n<link rel=\"canonical\" href=\"https:\/\/www.certifiedcosmetics.com\/de\/product\/wirksamkeitstests\/hauttest\/patch-test\/\" \/>\n<meta property=\"og:locale\" content=\"de_DE\" \/>\n<meta property=\"og:type\" content=\"article\" \/>\n<meta property=\"og:title\" content=\"Dermatologischer Patch-Test\" \/>\n<meta property=\"og:description\" content=\"Dermatologische Tests bewerten die Sicherheit und Wirksamkeit kosmetischer Produkte auf der menschlichen Haut und stellen sicher, dass keine unerw\u00fcnschten Reaktionen auftreten. Wenn du &#8220;Dermatologisch getestet&#8221; verwenden m\u00f6chtest. und \/ oder &#8220;F\u00fcr alle Hauttypen geeignet&#8221; f\u00fcr deine Produkte werben m\u00f6chtest, kannst du das mit dem Patch-Test tun. Der Patch-Test wird an 10 bis 30 Freiwilligen mit...\" \/>\n<meta property=\"og:url\" content=\"https:\/\/www.certifiedcosmetics.com\/de\/product\/wirksamkeitstests\/hauttest\/patch-test\/\" \/>\n<meta property=\"og:site_name\" content=\"Certified Cosmetics\" \/>\n<meta property=\"article:modified_time\" content=\"2026-03-24T09:08:28+00:00\" \/>\n<meta property=\"og:image\" content=\"https:\/\/www.certifiedcosmetics.com\/wp-content\/uploads\/2023\/11\/patch-test.jpg\" \/>\n\t<meta property=\"og:image:width\" content=\"1024\" \/>\n\t<meta property=\"og:image:height\" content=\"682\" \/>\n\t<meta property=\"og:image:type\" content=\"image\/jpeg\" \/>\n<meta name=\"twitter:card\" content=\"summary_large_image\" \/>\n<meta name=\"twitter:label1\" content=\"Verf\u00fcgbarkeit\" \/>\n\t<meta name=\"twitter:data1\" content=\"Auf Lager\" \/>\n<script type=\"application\/ld+json\" class=\"yoast-schema-graph\">{\"@context\":\"https:\/\/schema.org\",\"@graph\":[{\"@type\":\"WebPage\",\"@id\":\"https:\/\/www.certifiedcosmetics.com\/de\/product\/wirksamkeitstests\/hauttest\/patch-test\/\",\"url\":\"https:\/\/www.certifiedcosmetics.com\/de\/product\/wirksamkeitstests\/hauttest\/patch-test\/\",\"name\":\"Dermatologischer Patch-Test - Certified Cosmetics\",\"isPartOf\":{\"@id\":\"https:\/\/www.certifiedcosmetics.com\/de\/#website\"},\"primaryImageOfPage\":{\"@id\":\"https:\/\/www.certifiedcosmetics.com\/de\/product\/wirksamkeitstests\/hauttest\/patch-test\/#primaryimage\"},\"image\":{\"@id\":\"https:\/\/www.certifiedcosmetics.com\/de\/product\/wirksamkeitstests\/hauttest\/patch-test\/#primaryimage\"},\"thumbnailUrl\":\"https:\/\/www.certifiedcosmetics.com\/wp-content\/uploads\/2023\/11\/patch-test.jpg\",\"datePublished\":\"2023-11-08T10:11:17+00:00\",\"dateModified\":\"2026-03-24T09:08:28+00:00\",\"breadcrumb\":{\"@id\":\"https:\/\/www.certifiedcosmetics.com\/de\/product\/wirksamkeitstests\/hauttest\/patch-test\/#breadcrumb\"},\"inLanguage\":\"de\",\"potentialAction\":[{\"@type\":\"ReadAction\",\"target\":[\"https:\/\/www.certifiedcosmetics.com\/de\/product\/wirksamkeitstests\/hauttest\/patch-test\/\"]}]},{\"@type\":\"ImageObject\",\"inLanguage\":\"de\",\"@id\":\"https:\/\/www.certifiedcosmetics.com\/de\/product\/wirksamkeitstests\/hauttest\/patch-test\/#primaryimage\",\"url\":\"https:\/\/www.certifiedcosmetics.com\/wp-content\/uploads\/2023\/11\/patch-test.jpg\",\"contentUrl\":\"https:\/\/www.certifiedcosmetics.com\/wp-content\/uploads\/2023\/11\/patch-test.jpg\",\"width\":1024,\"height\":682,\"caption\":\"Echter Patch-Test auf der nackten Schulter und dem R\u00fccken eines jungen M\u00e4dchens mit blonden Haaren. Allergie-Patch-Tests werden verwendet, um Substanzen zu testen und die Ursache einer allergischen Hautreaktion zu bestimmen\"},{\"@type\":\"BreadcrumbList\",\"@id\":\"https:\/\/www.certifiedcosmetics.com\/de\/product\/wirksamkeitstests\/hauttest\/patch-test\/#breadcrumb\",\"itemListElement\":[{\"@type\":\"ListItem\",\"position\":1,\"name\":\"Home\",\"item\":\"https:\/\/www.certifiedcosmetics.com\/de\/\"},{\"@type\":\"ListItem\",\"position\":2,\"name\":\"Shop\",\"item\":\"https:\/\/www.certifiedcosmetics.com\/de\/shop-2\/\"},{\"@type\":\"ListItem\",\"position\":3,\"name\":\"Dermatologischer Patch-Test\"}]},{\"@type\":\"WebSite\",\"@id\":\"https:\/\/www.certifiedcosmetics.com\/de\/#website\",\"url\":\"https:\/\/www.certifiedcosmetics.com\/de\/\",\"name\":\"Certified Cosmetics\",\"description\":\"Cosmetic Safety Assessment\",\"publisher\":{\"@id\":\"https:\/\/www.certifiedcosmetics.com\/de\/#organization\"},\"potentialAction\":[{\"@type\":\"SearchAction\",\"target\":{\"@type\":\"EntryPoint\",\"urlTemplate\":\"https:\/\/www.certifiedcosmetics.com\/de\/?s={search_term_string}\"},\"query-input\":{\"@type\":\"PropertyValueSpecification\",\"valueRequired\":true,\"valueName\":\"search_term_string\"}}],\"inLanguage\":\"de\"},{\"@type\":\"Organization\",\"@id\":\"https:\/\/www.certifiedcosmetics.com\/de\/#organization\",\"name\":\"Certified Cosmetics\",\"url\":\"https:\/\/www.certifiedcosmetics.com\/de\/\",\"logo\":{\"@type\":\"ImageObject\",\"inLanguage\":\"de\",\"@id\":\"https:\/\/www.certifiedcosmetics.com\/de\/#\/schema\/logo\/image\/\",\"url\":\"https:\/\/www.certifiedcosmetics.com\/wp-content\/uploads\/2024\/12\/logo_certified_cosmetics696.jpg\",\"contentUrl\":\"https:\/\/www.certifiedcosmetics.com\/wp-content\/uploads\/2024\/12\/logo_certified_cosmetics696.jpg\",\"width\":696,\"height\":696,\"caption\":\"Certified Cosmetics\"},\"image\":{\"@id\":\"https:\/\/www.certifiedcosmetics.com\/de\/#\/schema\/logo\/image\/\"},\"description\":\"Your trusted partner for cosmetic product safety reporting. We take care of updating all of your documentation, ensuring your compliance stays current even as regulations evolve. The Cosmetic Product Safety Assessment will give you everything you need to sell specific products to EU consumers.\",\"email\":\"contact@certifiedcosmetics.com\",\"telephone\":\"+31 36 2036384\",\"legalName\":\"Certified Cosmetics\",\"foundingDate\":\"2010-01-01\",\"vatID\":\"NL854189543B01\",\"numberOfEmployees\":{\"@type\":\"QuantitativeValue\",\"minValue\":\"11\",\"maxValue\":\"50\"}}]}<\/script>\n<meta property=\"og:availability\" content=\"instock\" \/>\n<meta property=\"product:availability\" content=\"instock\" \/>\n<meta property=\"product:condition\" content=\"new\" \/>\n<!-- \/ Yoast SEO Premium plugin. -->","yoast_head_json":{"title":"Dermatologischer Patch-Test - Certified Cosmetics","robots":{"index":"index","follow":"follow","max-snippet":"max-snippet:-1","max-image-preview":"max-image-preview:large","max-video-preview":"max-video-preview:-1"},"canonical":"https:\/\/www.certifiedcosmetics.com\/de\/product\/wirksamkeitstests\/hauttest\/patch-test\/","og_locale":"de_DE","og_type":"article","og_title":"Dermatologischer Patch-Test","og_description":"Dermatologische Tests bewerten die Sicherheit und Wirksamkeit kosmetischer Produkte auf der menschlichen Haut und stellen sicher, dass keine unerw\u00fcnschten Reaktionen auftreten. Wenn du &#8220;Dermatologisch getestet&#8221; verwenden m\u00f6chtest. und \/ oder &#8220;F\u00fcr alle Hauttypen geeignet&#8221; f\u00fcr deine Produkte werben m\u00f6chtest, kannst du das mit dem Patch-Test tun. Der Patch-Test wird an 10 bis 30 Freiwilligen mit...","og_url":"https:\/\/www.certifiedcosmetics.com\/de\/product\/wirksamkeitstests\/hauttest\/patch-test\/","og_site_name":"Certified Cosmetics","article_modified_time":"2026-03-24T09:08:28+00:00","og_image":[{"width":1024,"height":682,"url":"https:\/\/www.certifiedcosmetics.com\/wp-content\/uploads\/2023\/11\/patch-test.jpg","type":"image\/jpeg"}],"twitter_card":"summary_large_image","twitter_misc":{"Verf\u00fcgbarkeit":"Auf Lager"},"schema":{"@context":"https:\/\/schema.org","@graph":[{"@type":"WebPage","@id":"https:\/\/www.certifiedcosmetics.com\/de\/product\/wirksamkeitstests\/hauttest\/patch-test\/","url":"https:\/\/www.certifiedcosmetics.com\/de\/product\/wirksamkeitstests\/hauttest\/patch-test\/","name":"Dermatologischer Patch-Test - Certified Cosmetics","isPartOf":{"@id":"https:\/\/www.certifiedcosmetics.com\/de\/#website"},"primaryImageOfPage":{"@id":"https:\/\/www.certifiedcosmetics.com\/de\/product\/wirksamkeitstests\/hauttest\/patch-test\/#primaryimage"},"image":{"@id":"https:\/\/www.certifiedcosmetics.com\/de\/product\/wirksamkeitstests\/hauttest\/patch-test\/#primaryimage"},"thumbnailUrl":"https:\/\/www.certifiedcosmetics.com\/wp-content\/uploads\/2023\/11\/patch-test.jpg","datePublished":"2023-11-08T10:11:17+00:00","dateModified":"2026-03-24T09:08:28+00:00","breadcrumb":{"@id":"https:\/\/www.certifiedcosmetics.com\/de\/product\/wirksamkeitstests\/hauttest\/patch-test\/#breadcrumb"},"inLanguage":"de","potentialAction":[{"@type":"ReadAction","target":["https:\/\/www.certifiedcosmetics.com\/de\/product\/wirksamkeitstests\/hauttest\/patch-test\/"]}]},{"@type":"ImageObject","inLanguage":"de","@id":"https:\/\/www.certifiedcosmetics.com\/de\/product\/wirksamkeitstests\/hauttest\/patch-test\/#primaryimage","url":"https:\/\/www.certifiedcosmetics.com\/wp-content\/uploads\/2023\/11\/patch-test.jpg","contentUrl":"https:\/\/www.certifiedcosmetics.com\/wp-content\/uploads\/2023\/11\/patch-test.jpg","width":1024,"height":682,"caption":"Echter Patch-Test auf der nackten Schulter und dem R\u00fccken eines jungen M\u00e4dchens mit blonden Haaren. Allergie-Patch-Tests werden verwendet, um Substanzen zu testen und die Ursache einer allergischen Hautreaktion zu bestimmen"},{"@type":"BreadcrumbList","@id":"https:\/\/www.certifiedcosmetics.com\/de\/product\/wirksamkeitstests\/hauttest\/patch-test\/#breadcrumb","itemListElement":[{"@type":"ListItem","position":1,"name":"Home","item":"https:\/\/www.certifiedcosmetics.com\/de\/"},{"@type":"ListItem","position":2,"name":"Shop","item":"https:\/\/www.certifiedcosmetics.com\/de\/shop-2\/"},{"@type":"ListItem","position":3,"name":"Dermatologischer Patch-Test"}]},{"@type":"WebSite","@id":"https:\/\/www.certifiedcosmetics.com\/de\/#website","url":"https:\/\/www.certifiedcosmetics.com\/de\/","name":"Certified Cosmetics","description":"Cosmetic Safety Assessment","publisher":{"@id":"https:\/\/www.certifiedcosmetics.com\/de\/#organization"},"potentialAction":[{"@type":"SearchAction","target":{"@type":"EntryPoint","urlTemplate":"https:\/\/www.certifiedcosmetics.com\/de\/?s={search_term_string}"},"query-input":{"@type":"PropertyValueSpecification","valueRequired":true,"valueName":"search_term_string"}}],"inLanguage":"de"},{"@type":"Organization","@id":"https:\/\/www.certifiedcosmetics.com\/de\/#organization","name":"Certified Cosmetics","url":"https:\/\/www.certifiedcosmetics.com\/de\/","logo":{"@type":"ImageObject","inLanguage":"de","@id":"https:\/\/www.certifiedcosmetics.com\/de\/#\/schema\/logo\/image\/","url":"https:\/\/www.certifiedcosmetics.com\/wp-content\/uploads\/2024\/12\/logo_certified_cosmetics696.jpg","contentUrl":"https:\/\/www.certifiedcosmetics.com\/wp-content\/uploads\/2024\/12\/logo_certified_cosmetics696.jpg","width":696,"height":696,"caption":"Certified Cosmetics"},"image":{"@id":"https:\/\/www.certifiedcosmetics.com\/de\/#\/schema\/logo\/image\/"},"description":"Your trusted partner for cosmetic product safety reporting. We take care of updating all of your documentation, ensuring your compliance stays current even as regulations evolve. The Cosmetic Product Safety Assessment will give you everything you need to sell specific products to EU consumers.","email":"contact@certifiedcosmetics.com","telephone":"+31 36 2036384","legalName":"Certified Cosmetics","foundingDate":"2010-01-01","vatID":"NL854189543B01","numberOfEmployees":{"@type":"QuantitativeValue","minValue":"11","maxValue":"50"}}]},"og_availability":"instock","product_availability":"instock","product_condition":"new"},"_links":{"self":[{"href":"https:\/\/www.certifiedcosmetics.com\/de\/wp-json\/wp\/v2\/product\/7249","targetHints":{"allow":["GET"]}}],"collection":[{"href":"https:\/\/www.certifiedcosmetics.com\/de\/wp-json\/wp\/v2\/product"}],"about":[{"href":"https:\/\/www.certifiedcosmetics.com\/de\/wp-json\/wp\/v2\/types\/product"}],"wp:featuredmedia":[{"embeddable":true,"href":"https:\/\/www.certifiedcosmetics.com\/de\/wp-json\/wp\/v2\/media\/6523"}],"wp:attachment":[{"href":"https:\/\/www.certifiedcosmetics.com\/de\/wp-json\/wp\/v2\/media?parent=7249"}],"wp:term":[{"taxonomy":"product_brand","embeddable":true,"href":"https:\/\/www.certifiedcosmetics.com\/de\/wp-json\/wp\/v2\/product_brand?post=7249"},{"taxonomy":"product_cat","embeddable":true,"href":"https:\/\/www.certifiedcosmetics.com\/de\/wp-json\/wp\/v2\/product_cat?post=7249"},{"taxonomy":"product_tag","embeddable":true,"href":"https:\/\/www.certifiedcosmetics.com\/de\/wp-json\/wp\/v2\/product_tag?post=7249"}],"curies":[{"name":"wp","href":"https:\/\/api.w.org\/{rel}","templated":true}]}}