{"id":7177,"date":"2023-11-19T11:38:27","date_gmt":"2023-11-19T11:38:27","guid":{"rendered":"https:\/\/www.certifiedcosmetics.com\/product\/bewertung-der-sicherheit-kosmetischer-produkte-cpsr\/"},"modified":"2025-03-21T13:02:13","modified_gmt":"2025-03-21T12:02:13","slug":"bewertung-der-sicherheit-kosmetischer-produkte-cpsr","status":"publish","type":"product","link":"https:\/\/www.certifiedcosmetics.com\/de\/product\/kosmetische-sicherheitsprufung\/bewertung-der-sicherheit-kosmetischer-produkte-cpsr\/","title":{"rendered":"Bericht \u00fcber die Sicherheit kosmetischer Produkte &#8211; CPSR"},"content":{"rendered":"<p>Der EU-Sicherheitsbericht f\u00fcr kosmetische Mittel (Cosmetic Product Safety Report, CPSR) ist ein umfassendes Dokument, das eine entscheidende Rolle bei der Gew\u00e4hrleistung der Sicherheit von kosmetischen Mitteln auf dem Markt der Europ\u00e4ischen Union (EU) spielt. Das ist eine Anforderung der EU-Kosmetikverordnung (Verordnung (EG) Nr. 1223\/2009), in der die Regeln und Vorschriften f\u00fcr kosmetische Mittel festgelegt sind.<\/p>\n<p>Zu den wichtigsten Bestandteilen des EU-Sicherheitsberichts f\u00fcr kosmetische Mittel geh\u00f6ren:<\/p>\n<ol>\n<li><strong>Produktinformation:<\/strong> Der CPSR enth\u00e4lt detaillierte Informationen \u00fcber das kosmetische Mittel, einschlie\u00dflich seines Namens, seiner Kategorie und seines Verwendungszwecks. Au\u00dferdem enth\u00e4lt er den Namen und die Adresse der verantwortlichen Person &#8211; der Einrichtung oder Person, die f\u00fcr das Inverkehrbringen des Produkts verantwortlich ist. <\/li>\n<li><strong>Produktzusammensetzung:<\/strong> Es wird eine detaillierte Liste aller Bestandteile des kosmetischen Mittels mit ihren chemischen Bezeichnungen, Konzentrationen und Funktionen angegeben. Diese Informationen sind wichtig, um die Sicherheit des Produkts zu beurteilen. <\/li>\n<li><strong>Expositionsbewertung:<\/strong> Der Bericht enth\u00e4lt eine Bewertung der Exposition der Verbraucher gegen\u00fcber dem kosmetischen Mittel. Dabei werden Faktoren wie die H\u00e4ufigkeit und Dauer der Anwendung, die Zielgruppe und die m\u00f6gliche Exposition \u00fcber verschiedene Wege (z. B. Hautkontakt, Einnahme, Einatmen) ber\u00fccksichtigt. <\/li>\n<li><strong>Toxikologisches Profil:<\/strong> F\u00fcr jeden Inhaltsstoff des kosmetischen Mittels wird eine gr\u00fcndliche toxikologische Bewertung durchgef\u00fchrt. Dabei werden die potenziellen Gesundheitsrisiken der einzelnen Inhaltsstoffe sowie die kumulativen Auswirkungen der Kombination von Inhaltsstoffen bewertet. <\/li>\n<li><strong>Sicherheitsbewertung:<\/strong> Auf der Grundlage der Expositionsbewertung und des toxikologischen Profils wird eine Sicherheitsbewertung durchgef\u00fchrt, um festzustellen, ob das kosmetische Mittel sicher in der Anwendung ist. Diese Bewertung ber\u00fccksichtigt potenzielle Risiken f\u00fcr die menschliche Gesundheit und soll sicherstellen, dass das Produkt die in der EU-Kosmetikverordnung festgelegten Sicherheitsanforderungen erf\u00fcllt. <\/li>\n<li><strong>Informationen zur Kennzeichnung:<\/strong> Der CPSR enth\u00e4lt Einzelheiten zur Kennzeichnung des kosmetischen Mittels und stellt sicher, dass es den einschl\u00e4gigen Kennzeichnungsvorschriften der EU-Kosmetikverordnung entspricht.<\/li>\n<li><strong>Schlussfolgerung und Empfehlungen:<\/strong> Der Bericht schlie\u00dft mit einer Zusammenfassung der Sicherheitsbewertung und Empfehlungen f\u00fcr zus\u00e4tzliche Ma\u00dfnahmen zur Gew\u00e4hrleistung der Sicherheit des Produkts ab.<\/li>\n<\/ol>\n<p>Der EU-Sicherheitsbericht f\u00fcr kosmetische Mittel wird von unserem qualifizierten Sicherheitsbewerter erstellt, der oft einen Hintergrund in Toxikologie oder einem verwandten wissenschaftlichen Bereich hat. Sie ist ein wichtiges Instrument, um die Einhaltung der gesetzlichen Vorschriften nachzuweisen und sicherzustellen, dass die in der EU auf den Markt gebrachten kosmetischen Mittel bei bestimmungsgem\u00e4\u00dfem Gebrauch f\u00fcr die Verbraucher sicher sind.<\/p>\n<p>Es ist wichtig zu wissen, dass der Sicherheitsbericht f\u00fcr kosmetische Mittel Teil des umfassenderen Rechtsrahmens f\u00fcr Kosmetika in der EU ist und dass seine Erstellung f\u00fcr Unternehmen, die kosmetische Mittel auf den Markt bringen, eine gesetzliche Verpflichtung darstellt.<\/p>\n","protected":false},"excerpt":{"rendered":"<p>Der EU-Sicherheitsbericht f\u00fcr kosmetische Mittel (Cosmetic Product Safety Report, CPSR) ist ein umfassendes Dokument, das eine entscheidende Rolle bei der Gew\u00e4hrleistung der Sicherheit von kosmetischen Mitteln auf dem Markt der Europ\u00e4ischen Union (EU) spielt. Das ist eine Anforderung der EU-Kosmetikverordnung (Verordnung (EG) Nr. 1223\/2009), in der die Regeln und Vorschriften f\u00fcr kosmetische Mittel festgelegt sind&#8230;.<\/p>\n","protected":false},"featured_media":6583,"template":"","meta":[],"product_brand":[],"product_cat":[114],"product_tag":[],"class_list":{"0":"post-7177","1":"product","2":"type-product","3":"status-publish","4":"has-post-thumbnail","6":"product_cat-kosmetische-sicherheitsprufung","8":"first","9":"instock","10":"taxable","11":"shipping-taxable","12":"purchasable","13":"product-type-variable","14":"has-default-attributes"},"bundled_by":["6856","6856","6856","6856","6856"],"bundle_stock_status":"instock","bundle_stock_quantity":null,"bundle_virtual":false,"bundle_layout":"","bundle_add_to_cart_form_location":"","bundle_editable_in_cart":false,"bundle_sold_individually_context":"","bundle_item_grouping":"","bundle_min_size":"","bundle_max_size":"","bundle_price":[],"bundled_items":[],"bundle_sell_ids":[],"yoast_head":"<!-- This site is optimized with the Yoast SEO Premium plugin v25.4 (Yoast SEO v25.4) - https:\/\/yoast.com\/wordpress\/plugins\/seo\/ -->\n<title>Bericht \u00fcber die Sicherheit kosmetischer Produkte - CPSR - Certified Cosmetics<\/title>\n<meta name=\"robots\" content=\"index, follow, max-snippet:-1, max-image-preview:large, max-video-preview:-1\" \/>\n<link rel=\"canonical\" href=\"https:\/\/www.certifiedcosmetics.com\/de\/product\/kosmetische-sicherheitsprufung\/bewertung-der-sicherheit-kosmetischer-produkte-cpsr\/\" \/>\n<meta property=\"og:locale\" content=\"de_DE\" \/>\n<meta property=\"og:type\" content=\"article\" \/>\n<meta property=\"og:title\" content=\"Bericht \u00fcber die Sicherheit kosmetischer Produkte - CPSR\" \/>\n<meta property=\"og:description\" content=\"Der EU-Sicherheitsbericht f\u00fcr kosmetische Mittel (Cosmetic Product Safety Report, CPSR) ist ein umfassendes Dokument, das eine entscheidende Rolle bei der Gew\u00e4hrleistung der Sicherheit von kosmetischen Mitteln auf dem Markt der Europ\u00e4ischen Union (EU) spielt. Das ist eine Anforderung der EU-Kosmetikverordnung (Verordnung (EG) Nr. 1223\/2009), in der die Regeln und Vorschriften f\u00fcr kosmetische Mittel festgelegt sind....\" \/>\n<meta property=\"og:url\" content=\"https:\/\/www.certifiedcosmetics.com\/de\/product\/kosmetische-sicherheitsprufung\/bewertung-der-sicherheit-kosmetischer-produkte-cpsr\/\" \/>\n<meta property=\"og:site_name\" content=\"Certified Cosmetics\" \/>\n<meta property=\"article:modified_time\" content=\"2025-03-21T12:02:13+00:00\" \/>\n<meta property=\"og:image\" content=\"https:\/\/www.certifiedcosmetics.com\/wp-content\/uploads\/2023\/11\/cpsr.jpg\" \/>\n\t<meta property=\"og:image:width\" content=\"800\" \/>\n\t<meta property=\"og:image:height\" content=\"800\" \/>\n\t<meta property=\"og:image:type\" content=\"image\/jpeg\" \/>\n<meta name=\"twitter:card\" content=\"summary_large_image\" \/>\n<meta name=\"twitter:label1\" content=\"Verf\u00fcgbarkeit\" \/>\n\t<meta name=\"twitter:data1\" content=\"Auf Lager\" \/>\n<script type=\"application\/ld+json\" class=\"yoast-schema-graph\">{\"@context\":\"https:\/\/schema.org\",\"@graph\":[{\"@type\":\"WebPage\",\"@id\":\"https:\/\/www.certifiedcosmetics.com\/de\/product\/kosmetische-sicherheitsprufung\/bewertung-der-sicherheit-kosmetischer-produkte-cpsr\/\",\"url\":\"https:\/\/www.certifiedcosmetics.com\/de\/product\/kosmetische-sicherheitsprufung\/bewertung-der-sicherheit-kosmetischer-produkte-cpsr\/\",\"name\":\"Bericht \u00fcber die Sicherheit kosmetischer Produkte - CPSR - Certified Cosmetics\",\"isPartOf\":{\"@id\":\"https:\/\/www.certifiedcosmetics.com\/de\/#website\"},\"primaryImageOfPage\":{\"@id\":\"https:\/\/www.certifiedcosmetics.com\/de\/product\/kosmetische-sicherheitsprufung\/bewertung-der-sicherheit-kosmetischer-produkte-cpsr\/#primaryimage\"},\"image\":{\"@id\":\"https:\/\/www.certifiedcosmetics.com\/de\/product\/kosmetische-sicherheitsprufung\/bewertung-der-sicherheit-kosmetischer-produkte-cpsr\/#primaryimage\"},\"thumbnailUrl\":\"https:\/\/www.certifiedcosmetics.com\/wp-content\/uploads\/2023\/11\/cpsr.jpg\",\"datePublished\":\"2023-11-19T11:38:27+00:00\",\"dateModified\":\"2025-03-21T12:02:13+00:00\",\"breadcrumb\":{\"@id\":\"https:\/\/www.certifiedcosmetics.com\/de\/product\/kosmetische-sicherheitsprufung\/bewertung-der-sicherheit-kosmetischer-produkte-cpsr\/#breadcrumb\"},\"inLanguage\":\"de\",\"potentialAction\":[{\"@type\":\"ReadAction\",\"target\":[\"https:\/\/www.certifiedcosmetics.com\/de\/product\/kosmetische-sicherheitsprufung\/bewertung-der-sicherheit-kosmetischer-produkte-cpsr\/\"]}]},{\"@type\":\"ImageObject\",\"inLanguage\":\"de\",\"@id\":\"https:\/\/www.certifiedcosmetics.com\/de\/product\/kosmetische-sicherheitsprufung\/bewertung-der-sicherheit-kosmetischer-produkte-cpsr\/#primaryimage\",\"url\":\"https:\/\/www.certifiedcosmetics.com\/wp-content\/uploads\/2023\/11\/cpsr.jpg\",\"contentUrl\":\"https:\/\/www.certifiedcosmetics.com\/wp-content\/uploads\/2023\/11\/cpsr.jpg\",\"width\":800,\"height\":800},{\"@type\":\"BreadcrumbList\",\"@id\":\"https:\/\/www.certifiedcosmetics.com\/de\/product\/kosmetische-sicherheitsprufung\/bewertung-der-sicherheit-kosmetischer-produkte-cpsr\/#breadcrumb\",\"itemListElement\":[{\"@type\":\"ListItem\",\"position\":1,\"name\":\"Home\",\"item\":\"https:\/\/www.certifiedcosmetics.com\/de\/\"},{\"@type\":\"ListItem\",\"position\":2,\"name\":\"Shop\",\"item\":\"https:\/\/www.certifiedcosmetics.com\/de\/shop-2\/\"},{\"@type\":\"ListItem\",\"position\":3,\"name\":\"Bericht \u00fcber die Sicherheit kosmetischer Produkte &#8211; CPSR\"}]},{\"@type\":\"WebSite\",\"@id\":\"https:\/\/www.certifiedcosmetics.com\/de\/#website\",\"url\":\"https:\/\/www.certifiedcosmetics.com\/de\/\",\"name\":\"Certified Cosmetics\",\"description\":\"Cosmetic Safety Assessment\",\"publisher\":{\"@id\":\"https:\/\/www.certifiedcosmetics.com\/de\/#organization\"},\"potentialAction\":[{\"@type\":\"SearchAction\",\"target\":{\"@type\":\"EntryPoint\",\"urlTemplate\":\"https:\/\/www.certifiedcosmetics.com\/de\/?s={search_term_string}\"},\"query-input\":{\"@type\":\"PropertyValueSpecification\",\"valueRequired\":true,\"valueName\":\"search_term_string\"}}],\"inLanguage\":\"de\"},{\"@type\":\"Organization\",\"@id\":\"https:\/\/www.certifiedcosmetics.com\/de\/#organization\",\"name\":\"Certified Cosmetics\",\"url\":\"https:\/\/www.certifiedcosmetics.com\/de\/\",\"logo\":{\"@type\":\"ImageObject\",\"inLanguage\":\"de\",\"@id\":\"https:\/\/www.certifiedcosmetics.com\/de\/#\/schema\/logo\/image\/\",\"url\":\"https:\/\/www.certifiedcosmetics.com\/wp-content\/uploads\/2024\/12\/logo_certified_cosmetics696.jpg\",\"contentUrl\":\"https:\/\/www.certifiedcosmetics.com\/wp-content\/uploads\/2024\/12\/logo_certified_cosmetics696.jpg\",\"width\":696,\"height\":696,\"caption\":\"Certified Cosmetics\"},\"image\":{\"@id\":\"https:\/\/www.certifiedcosmetics.com\/de\/#\/schema\/logo\/image\/\"},\"description\":\"Your trusted partner for cosmetic product safety reporting. We take care of updating all of your documentation, ensuring your compliance stays current even as regulations evolve. The Cosmetic Product Safety Assessment will give you everything you need to sell specific products to EU consumers.\",\"email\":\"contact@certifiedcosmetics.com\",\"telephone\":\"+31 36 2036384\",\"legalName\":\"Certified Cosmetics\",\"foundingDate\":\"2010-01-01\",\"vatID\":\"NL854189543B01\",\"numberOfEmployees\":{\"@type\":\"QuantitativeValue\",\"minValue\":\"11\",\"maxValue\":\"50\"}}]}<\/script>\n<meta property=\"og:availability\" content=\"instock\" \/>\n<meta property=\"product:availability\" content=\"instock\" \/>\n<meta property=\"product:retailer_item_id\" content=\"cpsr\" \/>\n<meta property=\"product:condition\" content=\"new\" \/>\n<!-- \/ Yoast SEO Premium plugin. -->","yoast_head_json":{"title":"Bericht \u00fcber die Sicherheit kosmetischer Produkte - CPSR - Certified Cosmetics","robots":{"index":"index","follow":"follow","max-snippet":"max-snippet:-1","max-image-preview":"max-image-preview:large","max-video-preview":"max-video-preview:-1"},"canonical":"https:\/\/www.certifiedcosmetics.com\/de\/product\/kosmetische-sicherheitsprufung\/bewertung-der-sicherheit-kosmetischer-produkte-cpsr\/","og_locale":"de_DE","og_type":"article","og_title":"Bericht \u00fcber die Sicherheit kosmetischer Produkte - CPSR","og_description":"Der EU-Sicherheitsbericht f\u00fcr kosmetische Mittel (Cosmetic Product Safety Report, CPSR) ist ein umfassendes Dokument, das eine entscheidende Rolle bei der Gew\u00e4hrleistung der Sicherheit von kosmetischen Mitteln auf dem Markt der Europ\u00e4ischen Union (EU) spielt. Das ist eine Anforderung der EU-Kosmetikverordnung (Verordnung (EG) Nr. 1223\/2009), in der die Regeln und Vorschriften f\u00fcr kosmetische Mittel festgelegt sind....","og_url":"https:\/\/www.certifiedcosmetics.com\/de\/product\/kosmetische-sicherheitsprufung\/bewertung-der-sicherheit-kosmetischer-produkte-cpsr\/","og_site_name":"Certified Cosmetics","article_modified_time":"2025-03-21T12:02:13+00:00","og_image":[{"width":800,"height":800,"url":"https:\/\/www.certifiedcosmetics.com\/wp-content\/uploads\/2023\/11\/cpsr.jpg","type":"image\/jpeg"}],"twitter_card":"summary_large_image","twitter_misc":{"Verf\u00fcgbarkeit":"Auf Lager"},"schema":{"@context":"https:\/\/schema.org","@graph":[{"@type":"WebPage","@id":"https:\/\/www.certifiedcosmetics.com\/de\/product\/kosmetische-sicherheitsprufung\/bewertung-der-sicherheit-kosmetischer-produkte-cpsr\/","url":"https:\/\/www.certifiedcosmetics.com\/de\/product\/kosmetische-sicherheitsprufung\/bewertung-der-sicherheit-kosmetischer-produkte-cpsr\/","name":"Bericht \u00fcber die Sicherheit kosmetischer Produkte - CPSR - Certified Cosmetics","isPartOf":{"@id":"https:\/\/www.certifiedcosmetics.com\/de\/#website"},"primaryImageOfPage":{"@id":"https:\/\/www.certifiedcosmetics.com\/de\/product\/kosmetische-sicherheitsprufung\/bewertung-der-sicherheit-kosmetischer-produkte-cpsr\/#primaryimage"},"image":{"@id":"https:\/\/www.certifiedcosmetics.com\/de\/product\/kosmetische-sicherheitsprufung\/bewertung-der-sicherheit-kosmetischer-produkte-cpsr\/#primaryimage"},"thumbnailUrl":"https:\/\/www.certifiedcosmetics.com\/wp-content\/uploads\/2023\/11\/cpsr.jpg","datePublished":"2023-11-19T11:38:27+00:00","dateModified":"2025-03-21T12:02:13+00:00","breadcrumb":{"@id":"https:\/\/www.certifiedcosmetics.com\/de\/product\/kosmetische-sicherheitsprufung\/bewertung-der-sicherheit-kosmetischer-produkte-cpsr\/#breadcrumb"},"inLanguage":"de","potentialAction":[{"@type":"ReadAction","target":["https:\/\/www.certifiedcosmetics.com\/de\/product\/kosmetische-sicherheitsprufung\/bewertung-der-sicherheit-kosmetischer-produkte-cpsr\/"]}]},{"@type":"ImageObject","inLanguage":"de","@id":"https:\/\/www.certifiedcosmetics.com\/de\/product\/kosmetische-sicherheitsprufung\/bewertung-der-sicherheit-kosmetischer-produkte-cpsr\/#primaryimage","url":"https:\/\/www.certifiedcosmetics.com\/wp-content\/uploads\/2023\/11\/cpsr.jpg","contentUrl":"https:\/\/www.certifiedcosmetics.com\/wp-content\/uploads\/2023\/11\/cpsr.jpg","width":800,"height":800},{"@type":"BreadcrumbList","@id":"https:\/\/www.certifiedcosmetics.com\/de\/product\/kosmetische-sicherheitsprufung\/bewertung-der-sicherheit-kosmetischer-produkte-cpsr\/#breadcrumb","itemListElement":[{"@type":"ListItem","position":1,"name":"Home","item":"https:\/\/www.certifiedcosmetics.com\/de\/"},{"@type":"ListItem","position":2,"name":"Shop","item":"https:\/\/www.certifiedcosmetics.com\/de\/shop-2\/"},{"@type":"ListItem","position":3,"name":"Bericht \u00fcber die Sicherheit kosmetischer Produkte &#8211; CPSR"}]},{"@type":"WebSite","@id":"https:\/\/www.certifiedcosmetics.com\/de\/#website","url":"https:\/\/www.certifiedcosmetics.com\/de\/","name":"Certified Cosmetics","description":"Cosmetic Safety Assessment","publisher":{"@id":"https:\/\/www.certifiedcosmetics.com\/de\/#organization"},"potentialAction":[{"@type":"SearchAction","target":{"@type":"EntryPoint","urlTemplate":"https:\/\/www.certifiedcosmetics.com\/de\/?s={search_term_string}"},"query-input":{"@type":"PropertyValueSpecification","valueRequired":true,"valueName":"search_term_string"}}],"inLanguage":"de"},{"@type":"Organization","@id":"https:\/\/www.certifiedcosmetics.com\/de\/#organization","name":"Certified Cosmetics","url":"https:\/\/www.certifiedcosmetics.com\/de\/","logo":{"@type":"ImageObject","inLanguage":"de","@id":"https:\/\/www.certifiedcosmetics.com\/de\/#\/schema\/logo\/image\/","url":"https:\/\/www.certifiedcosmetics.com\/wp-content\/uploads\/2024\/12\/logo_certified_cosmetics696.jpg","contentUrl":"https:\/\/www.certifiedcosmetics.com\/wp-content\/uploads\/2024\/12\/logo_certified_cosmetics696.jpg","width":696,"height":696,"caption":"Certified Cosmetics"},"image":{"@id":"https:\/\/www.certifiedcosmetics.com\/de\/#\/schema\/logo\/image\/"},"description":"Your trusted partner for cosmetic product safety reporting. We take care of updating all of your documentation, ensuring your compliance stays current even as regulations evolve. The Cosmetic Product Safety Assessment will give you everything you need to sell specific products to EU consumers.","email":"contact@certifiedcosmetics.com","telephone":"+31 36 2036384","legalName":"Certified Cosmetics","foundingDate":"2010-01-01","vatID":"NL854189543B01","numberOfEmployees":{"@type":"QuantitativeValue","minValue":"11","maxValue":"50"}}]},"og_availability":"instock","product_availability":"instock","product_retailer_item_id":"cpsr","product_condition":"new"},"_links":{"self":[{"href":"https:\/\/www.certifiedcosmetics.com\/de\/wp-json\/wp\/v2\/product\/7177","targetHints":{"allow":["GET"]}}],"collection":[{"href":"https:\/\/www.certifiedcosmetics.com\/de\/wp-json\/wp\/v2\/product"}],"about":[{"href":"https:\/\/www.certifiedcosmetics.com\/de\/wp-json\/wp\/v2\/types\/product"}],"wp:featuredmedia":[{"embeddable":true,"href":"https:\/\/www.certifiedcosmetics.com\/de\/wp-json\/wp\/v2\/media\/6583"}],"wp:attachment":[{"href":"https:\/\/www.certifiedcosmetics.com\/de\/wp-json\/wp\/v2\/media?parent=7177"}],"wp:term":[{"taxonomy":"product_brand","embeddable":true,"href":"https:\/\/www.certifiedcosmetics.com\/de\/wp-json\/wp\/v2\/product_brand?post=7177"},{"taxonomy":"product_cat","embeddable":true,"href":"https:\/\/www.certifiedcosmetics.com\/de\/wp-json\/wp\/v2\/product_cat?post=7177"},{"taxonomy":"product_tag","embeddable":true,"href":"https:\/\/www.certifiedcosmetics.com\/de\/wp-json\/wp\/v2\/product_tag?post=7177"}],"curies":[{"name":"wp","href":"https:\/\/api.w.org\/{rel}","templated":true}]}}