{"id":6796,"date":"2024-01-05T20:21:06","date_gmt":"2024-01-05T19:21:06","guid":{"rendered":"https:\/\/www.certifiedcosmetics.com\/product\/ufi-erstellung-und-pcn-benachrichtigung\/"},"modified":"2025-06-05T08:24:25","modified_gmt":"2025-06-05T07:24:25","slug":"ufi-erstellung-und-pcn-benachrichtigung","status":"publish","type":"product","link":"https:\/\/www.certifiedcosmetics.com\/de\/product\/pcn-benachrichtigung\/ufi-erstellung-und-pcn-benachrichtigung\/","title":{"rendered":"UFI-Erstellung und PCN-Benachrichtigung"},"content":{"rendered":"<p data-start=\"85\" data-end=\"479\">Der <strong data-start=\"114\" data-end=\"142\">PCN-Meldedienst<\/strong> soll Unternehmen dabei helfen, ihre Verpflichtungen gem\u00e4\u00df der <strong data-start=\"205\" data-end=\"244\">EU CLP-Verordnung (EG) Nr. 1272\/2008<\/strong> zu erf\u00fcllen. Wenn du gef\u00e4hrliche Gemische auf den EU-Markt bringst, bist du gesetzlich verpflichtet, eine <strong data-start=\"391\" data-end=\"427\">Giftnotrufnummer (PCN)<\/strong> einzureichen und einen <strong data-start=\"443\" data-end=\"478\">Unique Formula Identifier (UFI)<\/strong> zu erstellen. <\/p>\n<p data-start=\"481\" data-end=\"937\">Unser Service stellt sicher, dass deine Produkte die harmonisierten Meldevorschriften vollst\u00e4ndig erf\u00fcllen. Wir k\u00fcmmern uns um den gesamten PCN-Einreichungsprozess &#8211; von der Datenerfassung und UFI-Erstellung bis hin zur Dossiererstellung und Einreichung \u00fcber das ECHA-Einreichungsportal. Ganz gleich, ob du ein in der EU ans\u00e4ssiges Unternehmen oder ein Unternehmen aus einem Nicht-EU-Land bist, das Produkte in Europa in Verkehr bringt, wir vereinfachen die Einhaltung der Vorschriften, damit du dich auf das konzentrieren kannst, was du am besten kannst.<\/p>\n<p>Der UFI-Erstellungs- und PCN-Benachrichtigungsdienst besteht aus folgenden Teilen:<\/p>\n<ul>\n<li>Erstellung eines Unique Formula Identifier (UFI)<\/li>\n<li>CLP-Kennzeichnungsinformationen f\u00fcr dein Produkt<\/li>\n<li>Bericht \u00fcber die Giftnotrufzentrale (PCN)<\/li>\n<li>Poison Centre Notification (PCN)<\/li>\n<\/ul>\n<h2>Unique Formula Identifier (UFI)<\/h2>\n<p>Ein Unique Formula Identifier (UFI) ist ein Code, der f\u00fcr die Kennzeichnung von gef\u00e4hrlichen Gemischen gem\u00e4\u00df der Verordnung zur Einstufung, Kennzeichnung und Verpackung (CLP) in der Europ\u00e4ischen Union erforderlich ist. Der UFI ist Teil der neuen Meldepflicht f\u00fcr Giftnotrufzentralen und wird zur eindeutigen Identifizierung eines bestimmten Gemischs verwendet.<\/p>\n<p>Du musst ein UFI erstellen und auf dem Produktetikett angeben, wenn du ein gef\u00e4hrliches Gemisch in der EU in Verkehr bringst, das unter die CLP-Verordnung f\u00e4llt. Dies gilt in der Regel f\u00fcr Chemikalien und Gemische, die bestimmte Kriterien f\u00fcr die Einstufung als gef\u00e4hrlich erf\u00fcllen.<\/p>\n<p>Die UFI ist f\u00fcr Produkte vorgeschrieben, die gesundheitliche oder k\u00f6rperliche Risiken bergen k\u00f6nnen. Sie muss auf dem Etikett angegeben werden, um Giftnotrufzentralen und andere medizinische Fachkr\u00e4fte dabei zu unterst\u00fctzen, in Notf\u00e4llen, z. B. bei versehentlicher Exposition, den richtigen Rat zu geben.<\/p>\n<p>Wenn du als Hersteller, Importeur oder nachgeschalteter Anwender ein gef\u00e4hrliches Gemisch in Verkehr bringst, bist du daf\u00fcr verantwortlich, den UFI zu erstellen und ihn auf dem Produktetikett anzugeben. Die UFI ist mit der spezifischen Zusammensetzung des Gemischs verkn\u00fcpft und erm\u00f6glicht es Beh\u00f6rden und Giftnotrufzentralen, das Produkt im Notfall schnell zu identifizieren.<\/p>\n<h2>CLP-Kennzeichnung<\/h2>\n<p>Ein CLP-Kennzeichen ist ein Verpackungsetikett, das den Anforderungen der Verordnung \u00fcber die Einstufung, Kennzeichnung und Verpackung (CLP) in der Europ\u00e4ischen Union entspricht.<\/p>\n<p>Zu den wichtigsten Elementen eines CLP-Kennzeichens geh\u00f6ren:<\/p>\n<ol>\n<li><strong>Produktbezeichner:<\/strong> Der Name oder Bezeichner des Stoffs oder Gemischs.<\/li>\n<li><strong>Gef\u00e4hrdungspiktogramme:<\/strong> Grafische Symbole, die die Art der von einem Stoff oder Gemisch ausgehenden Gefahren verdeutlichen. Zum Beispiel Piktogramme f\u00fcr entz\u00fcndliche, \u00e4tzende oder giftige Stoffe.<\/li>\n<li><strong>Signalw\u00f6rter:<\/strong> &#8220;Gefahr&#8221; oder &#8220;Warnung&#8221;, um die Schwere der Gefahr anzuzeigen.<\/li>\n<li><strong>Gefahrenhinweise:<\/strong> Standardisierte S\u00e4tze, die die Art und den Grad der Gef\u00e4hrdung beschreiben.<\/li>\n<li><strong>Sicherheitshinweise:<\/strong> Informationen dar\u00fcber, wie du sch\u00e4dliche Auswirkungen minimieren oder verhindern kannst.<\/li>\n<li><strong>Informationen zum Lieferanten:<\/strong> Name, Adresse und Telefonnummer des Lieferanten oder Herstellers.<\/li>\n<\/ol>\n<p>Die CLP-Verordnung ist mit dem Global Harmonisierten System zur Einstufung und Kennzeichnung von Chemikalien (GHS) abgestimmt und sorgt so f\u00fcr eine weltweit einheitliche Kommunikation von Gefahren. Die CLP-Kennzeichnung ist f\u00fcr Stoffe und Gemische vorgeschrieben, die bestimmte Kriterien f\u00fcr die Einstufung als gef\u00e4hrlich erf\u00fcllen.<\/p>\n<h2>Poison Centre Notification (PCN)<\/h2>\n<p>Eine PCN-Meldung ist eine Giftnotrufmeldung. Diese Meldung ist Teil der regulatorischen Anforderungen gem\u00e4\u00df der Einstufungs-, Kennzeichnungs- und Verpackungsverordnung (CLP) in der Europ\u00e4ischen Union. Ziel ist es, Giftnotrufzentralen und medizinischem Fachpersonal Informationen f\u00fcr den Fall von Zwischenf\u00e4llen mit gef\u00e4hrlichen Chemikalien zur Verf\u00fcgung zu stellen.<\/p>\n<p>Die Giftnotrufzentrale muss Informationen \u00fcber die Zusammensetzung und Einstufung von gef\u00e4hrlichen Gemischen \u00fcbermitteln. Hersteller und Importeure bestimmter gef\u00e4hrlicher Gemische sind verpflichtet, die zust\u00e4ndigen Giftnotrufzentralen in den EU-Mitgliedstaaten zu benachrichtigen, in denen das Produkt in Verkehr gebracht wird.<\/p>\n<p>Die wichtigsten Elemente einer Giftnotrufmeldung sind:<\/p>\n<ul>\n<li>Produktinformation: Details \u00fcber das chemische Gemisch, einschlie\u00dflich seiner Zusammensetzung.<\/li>\n<li>Gefahrenklassifizierung: Informationen \u00fcber die Einstufung des Gemischs gem\u00e4\u00df der CLP-Verordnung.<\/li>\n<li>Unique Formula Identifier (UFI): Ein Code zur eindeutigen Identifizierung einer bestimmten Mischung.<\/li>\n<li>Informationen auf dem Produktetikett: Relevante Angaben auf dem Produktetikett, einschlie\u00dflich Gefahrenpiktogramme, Signalw\u00f6rter und Sicherheitshinweise.<\/li>\n<\/ul>\n<p>Der Zweck der Giftnotrufzentrale ist es, die Verf\u00fcgbarkeit von Informationen f\u00fcr medizinisches Fachpersonal und Giftnotrufzentralen im Falle eines Notfalls, wie z. B. bei versehentlicher Exposition oder Verschlucken, zu verbessern. Dieses System soll die Sicherheit im Umgang mit Chemikalien erh\u00f6hen und zeitnahe und genaue Informationen f\u00fcr eine angemessene medizinische Beratung und Behandlung liefern.<\/p>\n<h2 data-start=\"157\" data-end=\"207\">Beispiele f\u00fcr Produkte, die eine PCN-Meldung erfordern<\/h2>\n<p data-start=\"209\" data-end=\"236\">Hier ist eine Liste mit Produktbeispielen, die eine PCN-Meldung und UFI erfordern. Wenn du dir bei deinem Produkt nicht sicher bist, kontaktiere uns bitte. <\/p>\n<h4 data-start=\"209\" data-end=\"236\"><strong data-start=\"214\" data-end=\"236\">Haushaltsprodukte<\/strong><\/h4>\n<ul data-start=\"237\" data-end=\"412\">\n<li data-start=\"237\" data-end=\"261\">\n<p data-start=\"239\" data-end=\"261\">Allzweckreiniger<\/p>\n<\/li>\n<li data-start=\"262\" data-end=\"285\">\n<p data-start=\"264\" data-end=\"285\">Geschirrsp\u00fclmittel<\/p>\n<\/li>\n<li data-start=\"286\" data-end=\"308\">\n<p data-start=\"288\" data-end=\"308\">W\u00e4schewaschmittel<\/p>\n<\/li>\n<li data-start=\"309\" data-end=\"347\">\n<p data-start=\"311\" data-end=\"347\">Entkalker und Toilettenbeckenreiniger<\/p>\n<\/li>\n<li data-start=\"348\" data-end=\"394\">\n<p data-start=\"350\" data-end=\"394\">Lufterfrischer (Fl\u00fcssigkeiten, Sprays, Plug-Ins)<\/p>\n<\/li>\n<li data-start=\"395\" data-end=\"412\">\n<p data-start=\"397\" data-end=\"412\">Abfluss\u00f6ffner<\/p>\n<\/li>\n<li data-start=\"309\" data-end=\"347\">\n<p data-start=\"311\" data-end=\"347\">Kerzen<\/p>\n<\/li>\n<li data-start=\"348\" data-end=\"394\">\n<p data-start=\"350\" data-end=\"394\">Homesprays<\/p>\n<\/li>\n<li data-start=\"395\" data-end=\"412\">\n<p data-start=\"397\" data-end=\"412\">Linnensprays<\/p>\n<\/li>\n<li data-start=\"395\" data-end=\"412\">Diffusoren<\/li>\n<\/ul>\n<h4 data-start=\"414\" data-end=\"441\"><strong data-start=\"419\" data-end=\"441\">Heimwerken &amp; Bauen<\/strong><\/h4>\n<ul data-start=\"442\" data-end=\"592\">\n<li data-start=\"442\" data-end=\"471\">\n<p data-start=\"444\" data-end=\"471\">Wandfarben und Lacke<\/p>\n<\/li>\n<li data-start=\"472\" data-end=\"494\">\n<p data-start=\"474\" data-end=\"494\">Holzschutzmittel<\/p>\n<\/li>\n<li data-start=\"495\" data-end=\"521\">\n<p data-start=\"497\" data-end=\"521\">Klebstoffe und Dichtungsmittel<\/p>\n<\/li>\n<li data-start=\"522\" data-end=\"548\">\n<p data-start=\"524\" data-end=\"548\">Fliesenfugen und Spachtelmasse<\/p>\n<\/li>\n<li data-start=\"549\" data-end=\"574\">\n<p data-start=\"551\" data-end=\"574\">Spr\u00fchschaumisolierung<\/p>\n<\/li>\n<li data-start=\"575\" data-end=\"592\">\n<p data-start=\"577\" data-end=\"592\">Rostentferner<\/p>\n<\/li>\n<\/ul>\n<h4 data-start=\"594\" data-end=\"622\"><strong data-start=\"599\" data-end=\"622\">Kfz-Produkte<\/strong><\/h4>\n<ul data-start=\"623\" data-end=\"748\">\n<li data-start=\"623\" data-end=\"656\">\n<p data-start=\"625\" data-end=\"656\">Motor\u00f6l und Kraftstoffadditive<\/p>\n<\/li>\n<li data-start=\"657\" data-end=\"672\">\n<p data-start=\"659\" data-end=\"672\">Bremsfl\u00fcssigkeit<\/p>\n<\/li>\n<li data-start=\"673\" data-end=\"696\">\n<p data-start=\"675\" data-end=\"696\">Frostschutzmittel\/K\u00fchlmittel<\/p>\n<\/li>\n<li data-start=\"697\" data-end=\"719\">\n<p data-start=\"699\" data-end=\"719\">Autowachs und Politur<\/p>\n<\/li>\n<li data-start=\"720\" data-end=\"748\">\n<p data-start=\"722\" data-end=\"748\">Fl\u00fcssigkeiten f\u00fcr die Scheibenwaschanlage<\/p>\n<\/li>\n<\/ul>\n<h4 data-start=\"750\" data-end=\"807\"><strong data-start=\"755\" data-end=\"807\">Kosmetische und K\u00f6rperpflegeprodukte (falls gef\u00e4hrlich)<\/strong><\/h4>\n<ul data-start=\"808\" data-end=\"963\">\n<li data-start=\"808\" data-end=\"844\">\n<p data-start=\"810\" data-end=\"844\">Haarf\u00e4rbemittel und Bleichmittel<\/p>\n<\/li>\n<li data-start=\"845\" data-end=\"881\">\n<p data-start=\"847\" data-end=\"881\">Nagellackentferner mit Aceton<\/p>\n<\/li>\n<li data-start=\"882\" data-end=\"923\">\n<p data-start=\"884\" data-end=\"923\">Dauerwellensets und Gl\u00e4ttungssets<\/p>\n<\/li>\n<li data-start=\"924\" data-end=\"963\">\n<p data-start=\"926\" data-end=\"963\">\u00c4therische \u00d6lmischungen (mit Gefahren)<\/p>\n<\/li>\n<\/ul>\n<h4 data-start=\"965\" data-end=\"1012\"><strong data-start=\"970\" data-end=\"1012\">Produkte f\u00fcr industrielle und professionelle Anwendungen<\/strong><\/h4>\n<ul data-start=\"1013\" data-end=\"1171\">\n<li data-start=\"1013\" data-end=\"1043\">\n<p data-start=\"1015\" data-end=\"1043\">Industrielle Reinigungsmittel<\/p>\n<\/li>\n<li data-start=\"1044\" data-end=\"1071\">\n<p data-start=\"1046\" data-end=\"1071\">Entfettungsmittel und L\u00f6sungsmittel<\/p>\n<\/li>\n<li data-start=\"1072\" data-end=\"1101\">\n<p data-start=\"1074\" data-end=\"1101\">L\u00f6sungen zur Metallbehandlung<\/p>\n<\/li>\n<li data-start=\"1102\" data-end=\"1130\">\n<p data-start=\"1104\" data-end=\"1130\">Druckertinten und Toner<\/p>\n<\/li>\n<li data-start=\"1131\" data-end=\"1171\">\n<p data-start=\"1133\" data-end=\"1171\">Schmierstoffe mit gef\u00e4hrlichen Bestandteilen<\/p>\n<\/li>\n<\/ul>\n<h4 data-start=\"1173\" data-end=\"1203\"><strong data-start=\"1178\" data-end=\"1203\">Pestizide &amp; Biozide<\/strong><\/h4>\n<ul data-start=\"1204\" data-end=\"1320\">\n<li data-start=\"1204\" data-end=\"1236\">\n<p data-start=\"1206\" data-end=\"1236\">Desinfektionsmittel und Desinfektionsmittel<\/p>\n<\/li>\n<li data-start=\"1237\" data-end=\"1275\">\n<p data-start=\"1239\" data-end=\"1275\">Insektizide (Sprays, Gele, Fallen)<\/p>\n<\/li>\n<li data-start=\"1276\" data-end=\"1292\">\n<p data-start=\"1278\" data-end=\"1292\">Rodentizide<\/p>\n<\/li>\n<li data-start=\"1293\" data-end=\"1320\">\n<p data-start=\"1295\" data-end=\"1320\">Schimmel- und Algenentferner<\/p>\n<\/li>\n<\/ul>\n<p data-start=\"1327\" data-end=\"1515\">Wenn eines dieser Produkte als gef\u00e4hrlich eingestuft wird (z. B. aufgrund von Entflammbarkeit, Toxizit\u00e4t oder Umweltgefahren), ist eine <strong data-start=\"1446\" data-end=\"1514\">PCN-Einreichung obligatorisch, bevor sie auf den EU-Markt gebracht werden<\/strong>.<\/p>\n","protected":false},"excerpt":{"rendered":"<p>Der PCN-Meldedienst soll Unternehmen dabei helfen, ihre Verpflichtungen gem\u00e4\u00df der EU CLP-Verordnung (EG) Nr. 1272\/2008 zu erf\u00fcllen. Wenn du gef\u00e4hrliche Gemische auf den EU-Markt bringst, bist du gesetzlich verpflichtet, eine Giftnotrufnummer (PCN) einzureichen und einen Unique Formula Identifier (UFI) zu erstellen. Unser Service stellt sicher, dass deine Produkte die harmonisierten Meldevorschriften vollst\u00e4ndig erf\u00fcllen. Wir k\u00fcmmern&#8230;<\/p>\n","protected":false},"featured_media":6578,"template":"","meta":[],"product_brand":[],"product_cat":[402],"product_tag":[],"class_list":{"0":"post-6796","1":"product","2":"type-product","3":"status-publish","4":"has-post-thumbnail","6":"product_cat-pcn-benachrichtigung","8":"first","9":"instock","10":"virtual","11":"taxable","12":"purchasable","13":"product-type-simple"},"bundled_by":[],"bundle_stock_status":"instock","bundle_stock_quantity":null,"bundle_virtual":false,"bundle_layout":"","bundle_add_to_cart_form_location":"","bundle_editable_in_cart":false,"bundle_sold_individually_context":"","bundle_item_grouping":"","bundle_min_size":"","bundle_max_size":"","bundle_price":[],"bundled_items":[],"bundle_sell_ids":[],"yoast_head":"<!-- This site is optimized with the Yoast SEO Premium plugin v25.4 (Yoast SEO v25.4) - https:\/\/yoast.com\/wordpress\/plugins\/seo\/ -->\n<title>UFI-Erstellung und PCN-Benachrichtigung - Certified Cosmetics<\/title>\n<meta name=\"description\" content=\"Wir k\u00fcmmern uns um den gesamten PCN-Einreichungsprozess - von der Datenerfassung und UFI-Erstellung bis hin zur Dossiererstellung und Einreichung \u00fcber das ECHA-Einreichungsportal.\" \/>\n<meta name=\"robots\" content=\"index, follow, max-snippet:-1, max-image-preview:large, max-video-preview:-1\" \/>\n<link rel=\"canonical\" href=\"https:\/\/www.certifiedcosmetics.com\/de\/product\/pcn-benachrichtigung\/ufi-erstellung-und-pcn-benachrichtigung\/\" \/>\n<meta property=\"og:locale\" content=\"de_DE\" \/>\n<meta property=\"og:type\" content=\"article\" \/>\n<meta property=\"og:title\" content=\"UFI-Erstellung und PCN-Benachrichtigung\" \/>\n<meta property=\"og:description\" content=\"Wir k\u00fcmmern uns um den gesamten PCN-Einreichungsprozess - von der Datenerfassung und UFI-Erstellung bis hin zur Dossiererstellung und Einreichung \u00fcber das ECHA-Einreichungsportal.\" \/>\n<meta property=\"og:url\" content=\"https:\/\/www.certifiedcosmetics.com\/de\/product\/pcn-benachrichtigung\/ufi-erstellung-und-pcn-benachrichtigung\/\" \/>\n<meta property=\"og:site_name\" content=\"Certified Cosmetics\" \/>\n<meta property=\"article:modified_time\" content=\"2025-06-05T07:24:25+00:00\" \/>\n<meta property=\"og:image\" content=\"https:\/\/www.certifiedcosmetics.com\/wp-content\/uploads\/2023\/11\/pif.jpg\" \/>\n\t<meta property=\"og:image:width\" content=\"800\" \/>\n\t<meta property=\"og:image:height\" content=\"800\" \/>\n\t<meta property=\"og:image:type\" content=\"image\/jpeg\" \/>\n<meta name=\"twitter:card\" content=\"summary_large_image\" \/>\n<meta name=\"twitter:label1\" content=\"Preis\" \/>\n\t<meta name=\"twitter:data1\" content=\"&#036;87.71\" \/>\n\t<meta name=\"twitter:label2\" content=\"Verf\u00fcgbarkeit\" \/>\n\t<meta name=\"twitter:data2\" content=\"Auf Lager\" \/>\n<script type=\"application\/ld+json\" class=\"yoast-schema-graph\">{\"@context\":\"https:\/\/schema.org\",\"@graph\":[{\"@type\":\"WebPage\",\"@id\":\"https:\/\/www.certifiedcosmetics.com\/de\/product\/pcn-benachrichtigung\/ufi-erstellung-und-pcn-benachrichtigung\/\",\"url\":\"https:\/\/www.certifiedcosmetics.com\/de\/product\/pcn-benachrichtigung\/ufi-erstellung-und-pcn-benachrichtigung\/\",\"name\":\"UFI-Erstellung und PCN-Benachrichtigung - Certified Cosmetics\",\"isPartOf\":{\"@id\":\"https:\/\/www.certifiedcosmetics.com\/de\/#website\"},\"primaryImageOfPage\":{\"@id\":\"https:\/\/www.certifiedcosmetics.com\/de\/product\/pcn-benachrichtigung\/ufi-erstellung-und-pcn-benachrichtigung\/#primaryimage\"},\"image\":{\"@id\":\"https:\/\/www.certifiedcosmetics.com\/de\/product\/pcn-benachrichtigung\/ufi-erstellung-und-pcn-benachrichtigung\/#primaryimage\"},\"thumbnailUrl\":\"https:\/\/www.certifiedcosmetics.com\/wp-content\/uploads\/2023\/11\/pif.jpg\",\"datePublished\":\"2024-01-05T19:21:06+00:00\",\"dateModified\":\"2025-06-05T07:24:25+00:00\",\"description\":\"Wir k\u00fcmmern uns um den gesamten PCN-Einreichungsprozess - von der Datenerfassung und UFI-Erstellung bis hin zur Dossiererstellung und Einreichung \u00fcber das ECHA-Einreichungsportal.\",\"breadcrumb\":{\"@id\":\"https:\/\/www.certifiedcosmetics.com\/de\/product\/pcn-benachrichtigung\/ufi-erstellung-und-pcn-benachrichtigung\/#breadcrumb\"},\"inLanguage\":\"de\",\"potentialAction\":[{\"@type\":\"ReadAction\",\"target\":[\"https:\/\/www.certifiedcosmetics.com\/de\/product\/pcn-benachrichtigung\/ufi-erstellung-und-pcn-benachrichtigung\/\"]}]},{\"@type\":\"ImageObject\",\"inLanguage\":\"de\",\"@id\":\"https:\/\/www.certifiedcosmetics.com\/de\/product\/pcn-benachrichtigung\/ufi-erstellung-und-pcn-benachrichtigung\/#primaryimage\",\"url\":\"https:\/\/www.certifiedcosmetics.com\/wp-content\/uploads\/2023\/11\/pif.jpg\",\"contentUrl\":\"https:\/\/www.certifiedcosmetics.com\/wp-content\/uploads\/2023\/11\/pif.jpg\",\"width\":800,\"height\":800},{\"@type\":\"BreadcrumbList\",\"@id\":\"https:\/\/www.certifiedcosmetics.com\/de\/product\/pcn-benachrichtigung\/ufi-erstellung-und-pcn-benachrichtigung\/#breadcrumb\",\"itemListElement\":[{\"@type\":\"ListItem\",\"position\":1,\"name\":\"Home\",\"item\":\"https:\/\/www.certifiedcosmetics.com\/de\/\"},{\"@type\":\"ListItem\",\"position\":2,\"name\":\"Shop\",\"item\":\"https:\/\/www.certifiedcosmetics.com\/de\/shop-2\/\"},{\"@type\":\"ListItem\",\"position\":3,\"name\":\"UFI-Erstellung und PCN-Benachrichtigung\"}]},{\"@type\":\"WebSite\",\"@id\":\"https:\/\/www.certifiedcosmetics.com\/de\/#website\",\"url\":\"https:\/\/www.certifiedcosmetics.com\/de\/\",\"name\":\"Certified Cosmetics\",\"description\":\"Cosmetic Safety Assessment\",\"publisher\":{\"@id\":\"https:\/\/www.certifiedcosmetics.com\/de\/#organization\"},\"potentialAction\":[{\"@type\":\"SearchAction\",\"target\":{\"@type\":\"EntryPoint\",\"urlTemplate\":\"https:\/\/www.certifiedcosmetics.com\/de\/?s={search_term_string}\"},\"query-input\":{\"@type\":\"PropertyValueSpecification\",\"valueRequired\":true,\"valueName\":\"search_term_string\"}}],\"inLanguage\":\"de\"},{\"@type\":\"Organization\",\"@id\":\"https:\/\/www.certifiedcosmetics.com\/de\/#organization\",\"name\":\"Certified Cosmetics\",\"url\":\"https:\/\/www.certifiedcosmetics.com\/de\/\",\"logo\":{\"@type\":\"ImageObject\",\"inLanguage\":\"de\",\"@id\":\"https:\/\/www.certifiedcosmetics.com\/de\/#\/schema\/logo\/image\/\",\"url\":\"https:\/\/www.certifiedcosmetics.com\/wp-content\/uploads\/2024\/12\/logo_certified_cosmetics696.jpg\",\"contentUrl\":\"https:\/\/www.certifiedcosmetics.com\/wp-content\/uploads\/2024\/12\/logo_certified_cosmetics696.jpg\",\"width\":696,\"height\":696,\"caption\":\"Certified Cosmetics\"},\"image\":{\"@id\":\"https:\/\/www.certifiedcosmetics.com\/de\/#\/schema\/logo\/image\/\"},\"description\":\"Your trusted partner for cosmetic product safety reporting. We take care of updating all of your documentation, ensuring your compliance stays current even as regulations evolve. The Cosmetic Product Safety Assessment will give you everything you need to sell specific products to EU consumers.\",\"email\":\"contact@certifiedcosmetics.com\",\"telephone\":\"+31 36 2036384\",\"legalName\":\"Certified Cosmetics\",\"foundingDate\":\"2010-01-01\",\"vatID\":\"NL854189543B01\",\"numberOfEmployees\":{\"@type\":\"QuantitativeValue\",\"minValue\":\"11\",\"maxValue\":\"50\"}}]}<\/script>\n<meta property=\"product:price:amount\" content=\"87.71\" \/>\n<meta property=\"product:price:currency\" content=\"USD\" \/>\n<meta property=\"og:availability\" content=\"instock\" \/>\n<meta property=\"product:availability\" content=\"instock\" \/>\n<meta property=\"product:condition\" content=\"new\" \/>\n<!-- \/ Yoast SEO Premium plugin. -->","yoast_head_json":{"title":"UFI-Erstellung und PCN-Benachrichtigung - Certified Cosmetics","description":"Wir k\u00fcmmern uns um den gesamten PCN-Einreichungsprozess - von der Datenerfassung und UFI-Erstellung bis hin zur Dossiererstellung und Einreichung \u00fcber das ECHA-Einreichungsportal.","robots":{"index":"index","follow":"follow","max-snippet":"max-snippet:-1","max-image-preview":"max-image-preview:large","max-video-preview":"max-video-preview:-1"},"canonical":"https:\/\/www.certifiedcosmetics.com\/de\/product\/pcn-benachrichtigung\/ufi-erstellung-und-pcn-benachrichtigung\/","og_locale":"de_DE","og_type":"article","og_title":"UFI-Erstellung und PCN-Benachrichtigung","og_description":"Wir k\u00fcmmern uns um den gesamten PCN-Einreichungsprozess - von der Datenerfassung und UFI-Erstellung bis hin zur Dossiererstellung und Einreichung \u00fcber das ECHA-Einreichungsportal.","og_url":"https:\/\/www.certifiedcosmetics.com\/de\/product\/pcn-benachrichtigung\/ufi-erstellung-und-pcn-benachrichtigung\/","og_site_name":"Certified Cosmetics","article_modified_time":"2025-06-05T07:24:25+00:00","og_image":[{"width":800,"height":800,"url":"https:\/\/www.certifiedcosmetics.com\/wp-content\/uploads\/2023\/11\/pif.jpg","type":"image\/jpeg"}],"twitter_card":"summary_large_image","twitter_misc":{"Preis":"&#36;87.71","Verf\u00fcgbarkeit":"Auf Lager"},"schema":{"@context":"https:\/\/schema.org","@graph":[{"@type":"WebPage","@id":"https:\/\/www.certifiedcosmetics.com\/de\/product\/pcn-benachrichtigung\/ufi-erstellung-und-pcn-benachrichtigung\/","url":"https:\/\/www.certifiedcosmetics.com\/de\/product\/pcn-benachrichtigung\/ufi-erstellung-und-pcn-benachrichtigung\/","name":"UFI-Erstellung und PCN-Benachrichtigung - Certified Cosmetics","isPartOf":{"@id":"https:\/\/www.certifiedcosmetics.com\/de\/#website"},"primaryImageOfPage":{"@id":"https:\/\/www.certifiedcosmetics.com\/de\/product\/pcn-benachrichtigung\/ufi-erstellung-und-pcn-benachrichtigung\/#primaryimage"},"image":{"@id":"https:\/\/www.certifiedcosmetics.com\/de\/product\/pcn-benachrichtigung\/ufi-erstellung-und-pcn-benachrichtigung\/#primaryimage"},"thumbnailUrl":"https:\/\/www.certifiedcosmetics.com\/wp-content\/uploads\/2023\/11\/pif.jpg","datePublished":"2024-01-05T19:21:06+00:00","dateModified":"2025-06-05T07:24:25+00:00","description":"Wir k\u00fcmmern uns um den gesamten PCN-Einreichungsprozess - von der Datenerfassung und UFI-Erstellung bis hin zur Dossiererstellung und Einreichung \u00fcber das ECHA-Einreichungsportal.","breadcrumb":{"@id":"https:\/\/www.certifiedcosmetics.com\/de\/product\/pcn-benachrichtigung\/ufi-erstellung-und-pcn-benachrichtigung\/#breadcrumb"},"inLanguage":"de","potentialAction":[{"@type":"ReadAction","target":["https:\/\/www.certifiedcosmetics.com\/de\/product\/pcn-benachrichtigung\/ufi-erstellung-und-pcn-benachrichtigung\/"]}]},{"@type":"ImageObject","inLanguage":"de","@id":"https:\/\/www.certifiedcosmetics.com\/de\/product\/pcn-benachrichtigung\/ufi-erstellung-und-pcn-benachrichtigung\/#primaryimage","url":"https:\/\/www.certifiedcosmetics.com\/wp-content\/uploads\/2023\/11\/pif.jpg","contentUrl":"https:\/\/www.certifiedcosmetics.com\/wp-content\/uploads\/2023\/11\/pif.jpg","width":800,"height":800},{"@type":"BreadcrumbList","@id":"https:\/\/www.certifiedcosmetics.com\/de\/product\/pcn-benachrichtigung\/ufi-erstellung-und-pcn-benachrichtigung\/#breadcrumb","itemListElement":[{"@type":"ListItem","position":1,"name":"Home","item":"https:\/\/www.certifiedcosmetics.com\/de\/"},{"@type":"ListItem","position":2,"name":"Shop","item":"https:\/\/www.certifiedcosmetics.com\/de\/shop-2\/"},{"@type":"ListItem","position":3,"name":"UFI-Erstellung und PCN-Benachrichtigung"}]},{"@type":"WebSite","@id":"https:\/\/www.certifiedcosmetics.com\/de\/#website","url":"https:\/\/www.certifiedcosmetics.com\/de\/","name":"Certified Cosmetics","description":"Cosmetic Safety Assessment","publisher":{"@id":"https:\/\/www.certifiedcosmetics.com\/de\/#organization"},"potentialAction":[{"@type":"SearchAction","target":{"@type":"EntryPoint","urlTemplate":"https:\/\/www.certifiedcosmetics.com\/de\/?s={search_term_string}"},"query-input":{"@type":"PropertyValueSpecification","valueRequired":true,"valueName":"search_term_string"}}],"inLanguage":"de"},{"@type":"Organization","@id":"https:\/\/www.certifiedcosmetics.com\/de\/#organization","name":"Certified Cosmetics","url":"https:\/\/www.certifiedcosmetics.com\/de\/","logo":{"@type":"ImageObject","inLanguage":"de","@id":"https:\/\/www.certifiedcosmetics.com\/de\/#\/schema\/logo\/image\/","url":"https:\/\/www.certifiedcosmetics.com\/wp-content\/uploads\/2024\/12\/logo_certified_cosmetics696.jpg","contentUrl":"https:\/\/www.certifiedcosmetics.com\/wp-content\/uploads\/2024\/12\/logo_certified_cosmetics696.jpg","width":696,"height":696,"caption":"Certified Cosmetics"},"image":{"@id":"https:\/\/www.certifiedcosmetics.com\/de\/#\/schema\/logo\/image\/"},"description":"Your trusted partner for cosmetic product safety reporting. We take care of updating all of your documentation, ensuring your compliance stays current even as regulations evolve. The Cosmetic Product Safety Assessment will give you everything you need to sell specific products to EU consumers.","email":"contact@certifiedcosmetics.com","telephone":"+31 36 2036384","legalName":"Certified Cosmetics","foundingDate":"2010-01-01","vatID":"NL854189543B01","numberOfEmployees":{"@type":"QuantitativeValue","minValue":"11","maxValue":"50"}}]},"product_price_amount":"87.71","product_price_currency":"USD","og_availability":"instock","product_availability":"instock","product_condition":"new"},"_links":{"self":[{"href":"https:\/\/www.certifiedcosmetics.com\/de\/wp-json\/wp\/v2\/product\/6796","targetHints":{"allow":["GET"]}}],"collection":[{"href":"https:\/\/www.certifiedcosmetics.com\/de\/wp-json\/wp\/v2\/product"}],"about":[{"href":"https:\/\/www.certifiedcosmetics.com\/de\/wp-json\/wp\/v2\/types\/product"}],"wp:featuredmedia":[{"embeddable":true,"href":"https:\/\/www.certifiedcosmetics.com\/de\/wp-json\/wp\/v2\/media\/6578"}],"wp:attachment":[{"href":"https:\/\/www.certifiedcosmetics.com\/de\/wp-json\/wp\/v2\/media?parent=6796"}],"wp:term":[{"taxonomy":"product_brand","embeddable":true,"href":"https:\/\/www.certifiedcosmetics.com\/de\/wp-json\/wp\/v2\/product_brand?post=6796"},{"taxonomy":"product_cat","embeddable":true,"href":"https:\/\/www.certifiedcosmetics.com\/de\/wp-json\/wp\/v2\/product_cat?post=6796"},{"taxonomy":"product_tag","embeddable":true,"href":"https:\/\/www.certifiedcosmetics.com\/de\/wp-json\/wp\/v2\/product_tag?post=6796"}],"curies":[{"name":"wp","href":"https:\/\/api.w.org\/{rel}","templated":true}]}}