{"id":17026,"date":"2026-04-24T15:10:14","date_gmt":"2026-04-24T14:10:14","guid":{"rendered":"https:\/\/www.certifiedcosmetics.com\/product\/unkategorisiert\/wirksamkeit-von-deodorants-schnuppertest-im-labor\/"},"modified":"2026-04-24T15:10:14","modified_gmt":"2026-04-24T14:10:14","slug":"wirksamkeit-von-deodorants-schnuppertest-im-labor","status":"publish","type":"product","link":"https:\/\/www.certifiedcosmetics.com\/de\/product\/wirksamkeitstests\/wirksamkeit-von-deodorants-schnuppertest-im-labor\/","title":{"rendered":"Wirksamkeit von Deodorants &#8211; Schnuppertest im Labor"},"content":{"rendered":"<p data-start=\"148\" data-end=\"286\">Der <strong data-start=\"152\" data-end=\"196\">Test zur Wirksamkeit von Deodorants<\/strong> ist eine klinisch-sensorische Bewertung, mit der die Leistung der Geruchskontrolle im Laufe der Zeit beurteilt wird.<\/p>\n<p data-start=\"288\" data-end=\"445\">Dieser Test liefert objektive Beweise f\u00fcr Behauptungen wie <strong data-start=\"345\" data-end=\"415\">&#8220;lang anhaltender Geruchsschutz&#8221;, &#8220;effektive Deo-Leistung&#8221;<\/strong> und <strong data-start=\"420\" data-end=\"445\">&#8220;kontrolliert K\u00f6rpergeruch&#8221;.<\/strong><\/p>\n<h2 data-start=\"288\" data-end=\"445\">Deo-Schn\u00fcffel-Labortest<\/h2>\n<p data-start=\"288\" data-end=\"445\">Ein <strong>Deo-Schnuppertest<\/strong> ist eine kontrollierte sensorische Bewertung, mit der festgestellt wird, wie effektiv ein Deo den K\u00f6rpergeruch im Laufe der Zeit reduziert oder \u00fcberdeckt. Bei diesem Test tragen Freiwillige das Produkt unter standardisierten Bedingungen auf, woraufhin geschulte Pr\u00fcfer\/innen die Geruchsintensit\u00e4t des Achselbereichs zu vordefinierten Zeitpunkten (z. B. Ausgangswert, 12 Stunden, 24 Stunden und 48 Stunden) bewerten. Der Geruch wird anhand einer strukturierten Skala bewertet, die einen objektiven Vergleich zwischen behandelten und unbehandelten Bereichen oder mit einem Kontrollprodukt erm\u00f6glicht. Diese Methode liefert messbare Daten zur Geruchsreduzierung und wird h\u00e4ufig verwendet, um Aussagen wie &#8220;lang anhaltende Frische&#8221; oder &#8220;24-Stunden-Geruchsschutz&#8221; zu untermauern.   <\/p>\n<h2 data-section-id=\"13b9l1a\" data-start=\"452\" data-end=\"479\">Zweck des Tests<\/h2>\n<p data-start=\"480\" data-end=\"640\">Das Ziel dieses Tests ist es, festzustellen, ob ein Deo-Produkt den K\u00f6rpergeruch \u00fcber einen bestimmten Zeitraum unter normalen Nutzungsbedingungen wirksam reduziert oder \u00fcberdeckt.<\/p>\n<p data-start=\"642\" data-end=\"756\">Es ist besonders wichtig f\u00fcr <strong data-start=\"674\" data-end=\"755\">Deodorantformulierungen, die f\u00fcr dauerhafte Frische und Geruchskontrolle sorgen sollen<\/strong>.<\/p>\n<h2 data-section-id=\"ccdmmj\" data-start=\"763\" data-end=\"782\">Methodik<\/h2>\n<p data-start=\"783\" data-end=\"902\">Die Studie wird als <strong data-start=\"811\" data-end=\"853\">sensorische Expertenbewertung <\/strong>in Kombination mit einer strukturierten technischen Bewertung durchgef\u00fchrt.<\/p>\n<p data-start=\"904\" data-end=\"938\">Zwei Testoptionen sind verf\u00fcgbar<\/p>\n<ul data-start=\"940\" data-end=\"1364\">\n<li data-section-id=\"1bczuo2\" data-start=\"1068\" data-end=\"1100\"><strong data-start=\"1103\" data-end=\"1126\">Bewertungszeitpunkte:<\/strong> Definiert nach den gew\u00e4hlten Zeitpunkten. Mit 1 messen wir T0 und einen bestimmten T1 (12h, 24h, 48h). Mit 2 werden wir 2 Zeitpunkte messen. Du kannst die genauen Messzeitpunkte ausw\u00e4hlen, wenn du deinen Labortest in unserem Portal planst.   <\/li>\n<li data-section-id=\"100jwec\" data-start=\"1171\" data-end=\"1225\"><strong data-start=\"1173\" data-end=\"1186\">Dauer:<\/strong> Bis zu 48 Stunden je nach Protokoll<\/li>\n<li data-section-id=\"1kip3sg\" data-start=\"1226\" data-end=\"1300\"><strong data-start=\"1228\" data-end=\"1251\">Bewertungsmethoden:<\/strong> Sensorische Geruchsbewertung und strukturierte Punktevergabe<\/li>\n<li data-section-id=\"1o3spd4\" data-start=\"1301\" data-end=\"1364\"><strong data-start=\"1303\" data-end=\"1334\">Anzahl der erforderlichen Proben:<\/strong> 11 Muster des fertigen Produkts<\/li>\n<\/ul>\n<h2 data-section-id=\"b3jcpp\" data-start=\"1371\" data-end=\"1393\">Testverfahren<\/h2>\n<ol data-start=\"1394\" data-end=\"1982\">\n<li data-section-id=\"1ih1d4p\" data-start=\"1394\" data-end=\"1497\"><strong data-start=\"1397\" data-end=\"1421\">Auswahl der Freiwilligen:<\/strong><br data-start=\"1421\" data-end=\"1424\">Es werden zehn Teilnehmer\/innen ausgew\u00e4hlt, die repr\u00e4sentativ f\u00fcr die Zielpopulation sind.<\/li>\n<li data-section-id=\"1nf50br\" data-start=\"1499\" data-end=\"1603\"><strong data-start=\"1502\" data-end=\"1531\">Basisbewertung (T0):<\/strong><br data-start=\"1531\" data-end=\"1534\">Die erste Geruchsbewertung wird vor der Produktanwendung durchgef\u00fchrt.<\/li>\n<li data-section-id=\"1egqmry\" data-start=\"1605\" data-end=\"1693\"><strong data-start=\"1608\" data-end=\"1632\">Produktanwendung:<\/strong><br data-start=\"1632\" data-end=\"1635\">Das Deodorant wird entsprechend seinem Verwendungszweck angewendet.<\/li>\n<li data-section-id=\"11adsnx\" data-start=\"1695\" data-end=\"1767\"><strong data-start=\"1698\" data-end=\"1714\">Tragedauer:<\/strong><br data-start=\"1714\" data-end=\"1717\">Die Teilnehmer gehen ihren normalen t\u00e4glichen Aktivit\u00e4ten nach.<\/li>\n<li data-section-id=\"yz016g\" data-start=\"1769\" data-end=\"1878\"><strong data-start=\"1772\" data-end=\"1798\">Folgebewertungen:<\/strong><br data-start=\"1798\" data-end=\"1801\">Die Geruchsintensit\u00e4t wird zu ausgew\u00e4hlten Zeitpunkten (z.B. 12h, 24h, 48h) bewertet.<\/li>\n<li data-section-id=\"gtu204\" data-start=\"1880\" data-end=\"1982\"><strong data-start=\"1883\" data-end=\"1903\">Datenvergleich:<\/strong><br data-start=\"1903\" data-end=\"1906\">Die Ergebnisse werden mit dem Ausgangswert verglichen, um die Leistung der Geruchsreduzierung zu bestimmen.<\/li>\n<\/ol>\n<h2 data-section-id=\"88tffn\" data-start=\"1989\" data-end=\"2017\">Ausgewertete Parameter<\/h2>\n<ul data-start=\"2018\" data-end=\"2228\">\n<li data-section-id=\"jfkios\" data-start=\"2018\" data-end=\"2061\"><strong data-start=\"2020\" data-end=\"2038\">Geruchsintensit\u00e4t<\/strong> &#8211; sensorische Bewertung<\/li>\n<li data-section-id=\"14ib34y\" data-start=\"2062\" data-end=\"2092\"><strong data-start=\"2064\" data-end=\"2090\">Geruchskontrolle im Laufe der Zeit<\/strong><\/li>\n<li data-section-id=\"rm15pm\" data-start=\"2093\" data-end=\"2142\"><strong data-start=\"2095\" data-end=\"2140\">Prozentuale Verringerung im Vergleich zum Ausgangswert<\/strong><\/li>\n<li data-section-id=\"dw5out\" data-start=\"2143\" data-end=\"2186\"><strong data-start=\"2145\" data-end=\"2184\">Dauer der Wirksamkeit des Deodorants<\/strong><\/li>\n<li data-section-id=\"ejk68s\" data-start=\"2187\" data-end=\"2228\"><strong data-start=\"2189\" data-end=\"2226\">Gesamtbewertung der Produktleistung<\/strong><\/li>\n<\/ul>\n<h2 data-section-id=\"1ab56ek\" data-start=\"2235\" data-end=\"2262\">Beispielhafte Anforderungen<\/h2>\n<ul data-start=\"2263\" data-end=\"2430\">\n<li data-section-id=\"6paz2d\" data-start=\"2263\" data-end=\"2308\"><strong data-start=\"2265\" data-end=\"2278\">Menge:<\/strong> 11 fertige Produktmuster<\/li>\n<li data-section-id=\"16ntwl6\" data-start=\"2309\" data-end=\"2362\"><strong data-start=\"2311\" data-end=\"2325\">Zustand:<\/strong> Unge\u00f6ffnet, stabil und gebrauchsfertig<\/li>\n<li data-section-id=\"95mi9d\" data-start=\"2363\" data-end=\"2430\"><strong data-start=\"2365\" data-end=\"2383\">Produkttypen:<\/strong> Deodorantprodukte zur Geruchskontrolle<\/li>\n<\/ul>\n<h2 data-section-id=\"fwrj78\" data-start=\"2437\" data-end=\"2464\">Ergebnisse &amp; Berichterstattung<\/h2>\n<p data-start=\"2465\" data-end=\"2496\">Der Laborbericht enth\u00e4lt:<\/p>\n<ul data-start=\"2498\" data-end=\"2750\">\n<li data-section-id=\"yyk81j\" data-start=\"2498\" data-end=\"2560\">Strukturierte Bewertung der Geruchsintensit\u00e4t<\/li>\n<li data-section-id=\"nmnmu\" data-start=\"2602\" data-end=\"2657\">Berechnung der prozentualen Reduzierung gegen\u00fcber dem Ausgangswert<\/li>\n<li data-section-id=\"1e99v8i\" data-start=\"2658\" data-end=\"2701\">Vergleichende Analyse \u00fcber verschiedene Zeitpunkte<\/li>\n<li data-section-id=\"m30j6w\" data-start=\"2702\" data-end=\"2750\">Interpretation, die die Wirksamkeit des Deodorants best\u00e4tigt<\/li>\n<\/ul>\n<h2 data-section-id=\"f5xhug\" data-start=\"2757\" data-end=\"2786\">Warum dieser Test wichtig ist<\/h2>\n<p data-start=\"2787\" data-end=\"2927\">Der <strong data-start=\"2791\" data-end=\"2835\">Test zur Wirksamkeit von Deodorants<\/strong> liefert zuverl\u00e4ssige, praxisnahe Beweise daf\u00fcr, wie gut ein Produkt den K\u00f6rpergeruch \u00fcber einen l\u00e4ngeren Zeitraum hinweg kontrolliert.<\/p>\n<p data-start=\"2929\" data-end=\"2956\">Sie unterst\u00fctzt Forderungen wie:<\/p>\n<ul data-start=\"2957\" data-end=\"3079\">\n<li data-section-id=\"vtdi9d\" data-start=\"2957\" data-end=\"2995\">&#8220;<strong data-start=\"2960\" data-end=\"2992\">Lang anhaltender Geruchsschutz<\/strong>&#8220;<\/li>\n<li data-section-id=\"1jvrbvk\" data-start=\"2996\" data-end=\"3042\">&#8220;<strong data-start=\"2999\" data-end=\"3039\">Effektive Geruchskontrolle bis zu X Stunden<\/strong>&#8220;<\/li>\n<li data-section-id=\"1phupuq\" data-start=\"3043\" data-end=\"3079\">&#8220;<strong data-start=\"3046\" data-end=\"3076\">Sorgt f\u00fcr anhaltende Frische<\/strong>&#8220;<\/li>\n<\/ul>\n<p data-start=\"3081\" data-end=\"3265\">Dieser Test ist f\u00fcr den <strong data-start=\"3108\" data-end=\"3183\">Produktnachweis, die Leistungsvalidierung und das Verbrauchervertrauen<\/strong> unerl\u00e4sslich und stellt sicher, dass Deodorantformulierungen messbare und sp\u00fcrbare Ergebnisse liefern.<\/p>\n<h2 data-section-id=\"6cxf9g\" data-start=\"3272\" data-end=\"3299\">Wie der Prozess funktioniert<\/h2>\n<p data-start=\"3301\" data-end=\"3403\"><strong data-start=\"3301\" data-end=\"3327\">1. Bestelle deinen Labortest<\/strong><br data-start=\"3327\" data-end=\"3330\">W\u00e4hle das passende Paket und schlie\u00dfe deinen Kauf auf unserer Website ab.<\/p>\n<p data-start=\"3405\" data-end=\"3502\"><strong data-start=\"3405\" data-end=\"3433\">2. Sicheren Zugang erhalten<\/strong><br data-start=\"3433\" data-end=\"3436\">Nach dem Kauf erh\u00e4ltst du die Zugangsdaten zu unserem sicheren Portal.<\/p>\n<p data-start=\"3504\" data-end=\"3602\"><strong data-start=\"3504\" data-end=\"3535\">3. F\u00fclle das Aufnahmeformular aus<\/strong><br data-start=\"3535\" data-end=\"3538\">. Gib deine Produktdetails an und lade verf\u00fcgbare Unterlagen hoch.<\/p>\n<p data-start=\"3604\" data-end=\"3807\"><strong data-start=\"3604\" data-end=\"3631\">4. Schicke uns deine Proben<\/strong><br data-start=\"3631\" data-end=\"3634\">Wir sagen dir, was genau du an unser Labor schicken sollst. Die Menge und Anzahl der Proben h\u00e4ngt von verschiedenen Faktoren ab. Die genaue Anzahl der Proben wird dir \u00fcber das Portal mitgeteilt.  <\/p>\n<p data-start=\"3809\" data-end=\"3852\"><strong data-start=\"3809\" data-end=\"3827\">5. Labortest<\/strong><br data-start=\"3827\" data-end=\"3830\">Wir beginnen mit dem Labortest.<\/p>\n<p data-start=\"3854\" data-end=\"3967\"><strong data-start=\"3854\" data-end=\"3881\">6. Erhalte deine Ergebnisse<\/strong><br data-start=\"3881\" data-end=\"3884\">Unser Sicherheitsbewerter bereitet die Labortestergebnisse vor und stellt sie \u00fcber das Portal bereit.<\/p>\n","protected":false},"excerpt":{"rendered":"<p>Der Test zur Wirksamkeit von Deodorants ist eine klinisch-sensorische Bewertung, mit der die Leistung der Geruchskontrolle im Laufe der Zeit beurteilt wird. Dieser Test liefert objektive Beweise f\u00fcr Behauptungen wie &#8220;lang anhaltender Geruchsschutz&#8221;, &#8220;effektive Deo-Leistung&#8221; und &#8220;kontrolliert K\u00f6rpergeruch&#8221;. Deo-Schn\u00fcffel-Labortest Ein Deo-Schnuppertest ist eine kontrollierte sensorische Bewertung, mit der festgestellt wird, wie effektiv ein Deo den&#8230;<\/p>\n","protected":false},"featured_media":16762,"template":"","meta":[],"product_brand":[],"product_cat":[145,127],"product_tag":[],"class_list":{"0":"post-17026","1":"product","2":"type-product","3":"status-publish","4":"has-post-thumbnail","6":"product_cat-hauttest","7":"product_cat-wirksamkeitstests","9":"first","10":"instock","11":"taxable","12":"shipping-taxable","13":"purchasable","14":"product-type-variable","15":"has-default-attributes"},"bundled_by":[],"bundle_stock_status":"instock","bundle_stock_quantity":null,"bundle_virtual":false,"bundle_layout":"","bundle_add_to_cart_form_location":"","bundle_editable_in_cart":false,"bundle_sold_individually_context":"","bundle_item_grouping":"","bundle_min_size":"","bundle_max_size":"","bundle_price":[],"bundled_items":[],"bundle_sell_ids":[],"yoast_head":"<!-- This site is optimized with the Yoast SEO Premium plugin v25.4 (Yoast SEO v25.4) - https:\/\/yoast.com\/wordpress\/plugins\/seo\/ -->\n<title>Wirksamkeit von Deodorants - Schnuppertest im Labor - Certified Cosmetics<\/title>\n<meta name=\"description\" content=\"Der Schnuppertest bewertet die Wirksamkeit des Deodorants durch eine sensorische Beurteilung, um die Geruchsreduzierung zu quantifizieren und die Behauptung einer lang anhaltenden Frische von bis zu 48 Stunden zu unterst\u00fctzen.\" \/>\n<meta name=\"robots\" content=\"index, follow, max-snippet:-1, max-image-preview:large, max-video-preview:-1\" \/>\n<link rel=\"canonical\" href=\"https:\/\/www.certifiedcosmetics.com\/de\/product\/wirksamkeitstests\/wirksamkeit-von-deodorants-schnuppertest-im-labor\/\" \/>\n<meta property=\"og:locale\" content=\"de_DE\" \/>\n<meta property=\"og:type\" content=\"article\" \/>\n<meta property=\"og:title\" content=\"Wirksamkeit von Deodorants - Schnuppertest im Labor\" \/>\n<meta property=\"og:description\" content=\"Der Schnuppertest bewertet die Wirksamkeit des Deodorants durch eine sensorische Beurteilung, um die Geruchsreduzierung zu quantifizieren und die Behauptung einer lang anhaltenden Frische von bis zu 48 Stunden zu unterst\u00fctzen.\" \/>\n<meta property=\"og:url\" content=\"https:\/\/www.certifiedcosmetics.com\/de\/product\/wirksamkeitstests\/wirksamkeit-von-deodorants-schnuppertest-im-labor\/\" \/>\n<meta property=\"og:site_name\" content=\"Certified Cosmetics\" \/>\n<meta property=\"og:image\" content=\"https:\/\/www.certifiedcosmetics.com\/wp-content\/uploads\/2026\/04\/deodorant_effectiveness.jpg\" \/>\n\t<meta property=\"og:image:width\" content=\"800\" \/>\n\t<meta property=\"og:image:height\" content=\"800\" \/>\n\t<meta property=\"og:image:type\" content=\"image\/jpeg\" \/>\n<meta name=\"twitter:card\" content=\"summary_large_image\" \/>\n<meta name=\"twitter:label1\" content=\"Verf\u00fcgbarkeit\" \/>\n\t<meta name=\"twitter:data1\" content=\"Auf Lager\" \/>\n<script type=\"application\/ld+json\" class=\"yoast-schema-graph\">{\"@context\":\"https:\/\/schema.org\",\"@graph\":[{\"@type\":\"WebPage\",\"@id\":\"https:\/\/www.certifiedcosmetics.com\/de\/product\/wirksamkeitstests\/wirksamkeit-von-deodorants-schnuppertest-im-labor\/\",\"url\":\"https:\/\/www.certifiedcosmetics.com\/de\/product\/wirksamkeitstests\/wirksamkeit-von-deodorants-schnuppertest-im-labor\/\",\"name\":\"Wirksamkeit von Deodorants - Schnuppertest im Labor - Certified Cosmetics\",\"isPartOf\":{\"@id\":\"https:\/\/www.certifiedcosmetics.com\/de\/#website\"},\"primaryImageOfPage\":{\"@id\":\"https:\/\/www.certifiedcosmetics.com\/de\/product\/wirksamkeitstests\/wirksamkeit-von-deodorants-schnuppertest-im-labor\/#primaryimage\"},\"image\":{\"@id\":\"https:\/\/www.certifiedcosmetics.com\/de\/product\/wirksamkeitstests\/wirksamkeit-von-deodorants-schnuppertest-im-labor\/#primaryimage\"},\"thumbnailUrl\":\"https:\/\/www.certifiedcosmetics.com\/wp-content\/uploads\/2026\/04\/deodorant_effectiveness.jpg\",\"datePublished\":\"2026-04-24T14:10:14+00:00\",\"description\":\"Der Schnuppertest bewertet die Wirksamkeit des Deodorants durch eine sensorische Beurteilung, um die Geruchsreduzierung zu quantifizieren und die Behauptung einer lang anhaltenden Frische von bis zu 48 Stunden zu unterst\u00fctzen.\",\"breadcrumb\":{\"@id\":\"https:\/\/www.certifiedcosmetics.com\/de\/product\/wirksamkeitstests\/wirksamkeit-von-deodorants-schnuppertest-im-labor\/#breadcrumb\"},\"inLanguage\":\"de\",\"potentialAction\":[{\"@type\":\"ReadAction\",\"target\":[\"https:\/\/www.certifiedcosmetics.com\/de\/product\/wirksamkeitstests\/wirksamkeit-von-deodorants-schnuppertest-im-labor\/\"]}]},{\"@type\":\"ImageObject\",\"inLanguage\":\"de\",\"@id\":\"https:\/\/www.certifiedcosmetics.com\/de\/product\/wirksamkeitstests\/wirksamkeit-von-deodorants-schnuppertest-im-labor\/#primaryimage\",\"url\":\"https:\/\/www.certifiedcosmetics.com\/wp-content\/uploads\/2026\/04\/deodorant_effectiveness.jpg\",\"contentUrl\":\"https:\/\/www.certifiedcosmetics.com\/wp-content\/uploads\/2026\/04\/deodorant_effectiveness.jpg\",\"width\":800,\"height\":800},{\"@type\":\"BreadcrumbList\",\"@id\":\"https:\/\/www.certifiedcosmetics.com\/de\/product\/wirksamkeitstests\/wirksamkeit-von-deodorants-schnuppertest-im-labor\/#breadcrumb\",\"itemListElement\":[{\"@type\":\"ListItem\",\"position\":1,\"name\":\"Home\",\"item\":\"https:\/\/www.certifiedcosmetics.com\/de\/\"},{\"@type\":\"ListItem\",\"position\":2,\"name\":\"Shop\",\"item\":\"https:\/\/www.certifiedcosmetics.com\/de\/shop-2\/\"},{\"@type\":\"ListItem\",\"position\":3,\"name\":\"Wirksamkeit von Deodorants &#8211; Schnuppertest im Labor\"}]},{\"@type\":\"WebSite\",\"@id\":\"https:\/\/www.certifiedcosmetics.com\/de\/#website\",\"url\":\"https:\/\/www.certifiedcosmetics.com\/de\/\",\"name\":\"Certified Cosmetics\",\"description\":\"Cosmetic Safety Assessment\",\"publisher\":{\"@id\":\"https:\/\/www.certifiedcosmetics.com\/de\/#organization\"},\"potentialAction\":[{\"@type\":\"SearchAction\",\"target\":{\"@type\":\"EntryPoint\",\"urlTemplate\":\"https:\/\/www.certifiedcosmetics.com\/de\/?s={search_term_string}\"},\"query-input\":{\"@type\":\"PropertyValueSpecification\",\"valueRequired\":true,\"valueName\":\"search_term_string\"}}],\"inLanguage\":\"de\"},{\"@type\":\"Organization\",\"@id\":\"https:\/\/www.certifiedcosmetics.com\/de\/#organization\",\"name\":\"Certified Cosmetics\",\"url\":\"https:\/\/www.certifiedcosmetics.com\/de\/\",\"logo\":{\"@type\":\"ImageObject\",\"inLanguage\":\"de\",\"@id\":\"https:\/\/www.certifiedcosmetics.com\/de\/#\/schema\/logo\/image\/\",\"url\":\"https:\/\/www.certifiedcosmetics.com\/wp-content\/uploads\/2024\/12\/logo_certified_cosmetics696.jpg\",\"contentUrl\":\"https:\/\/www.certifiedcosmetics.com\/wp-content\/uploads\/2024\/12\/logo_certified_cosmetics696.jpg\",\"width\":696,\"height\":696,\"caption\":\"Certified Cosmetics\"},\"image\":{\"@id\":\"https:\/\/www.certifiedcosmetics.com\/de\/#\/schema\/logo\/image\/\"},\"description\":\"Your trusted partner for cosmetic product safety reporting. We take care of updating all of your documentation, ensuring your compliance stays current even as regulations evolve. The Cosmetic Product Safety Assessment will give you everything you need to sell specific products to EU consumers.\",\"email\":\"contact@certifiedcosmetics.com\",\"telephone\":\"+31 36 2036384\",\"legalName\":\"Certified Cosmetics\",\"foundingDate\":\"2010-01-01\",\"vatID\":\"NL854189543B01\",\"numberOfEmployees\":{\"@type\":\"QuantitativeValue\",\"minValue\":\"11\",\"maxValue\":\"50\"}}]}<\/script>\n<meta property=\"og:availability\" content=\"instock\" \/>\n<meta property=\"product:availability\" content=\"instock\" \/>\n<meta property=\"product:condition\" content=\"new\" \/>\n<!-- \/ Yoast SEO Premium plugin. -->","yoast_head_json":{"title":"Wirksamkeit von Deodorants - Schnuppertest im Labor - Certified Cosmetics","description":"Der Schnuppertest bewertet die Wirksamkeit des Deodorants durch eine sensorische Beurteilung, um die Geruchsreduzierung zu quantifizieren und die Behauptung einer lang anhaltenden Frische von bis zu 48 Stunden zu unterst\u00fctzen.","robots":{"index":"index","follow":"follow","max-snippet":"max-snippet:-1","max-image-preview":"max-image-preview:large","max-video-preview":"max-video-preview:-1"},"canonical":"https:\/\/www.certifiedcosmetics.com\/de\/product\/wirksamkeitstests\/wirksamkeit-von-deodorants-schnuppertest-im-labor\/","og_locale":"de_DE","og_type":"article","og_title":"Wirksamkeit von Deodorants - Schnuppertest im Labor","og_description":"Der Schnuppertest bewertet die Wirksamkeit des Deodorants durch eine sensorische Beurteilung, um die Geruchsreduzierung zu quantifizieren und die Behauptung einer lang anhaltenden Frische von bis zu 48 Stunden zu unterst\u00fctzen.","og_url":"https:\/\/www.certifiedcosmetics.com\/de\/product\/wirksamkeitstests\/wirksamkeit-von-deodorants-schnuppertest-im-labor\/","og_site_name":"Certified Cosmetics","og_image":[{"width":800,"height":800,"url":"https:\/\/www.certifiedcosmetics.com\/wp-content\/uploads\/2026\/04\/deodorant_effectiveness.jpg","type":"image\/jpeg"}],"twitter_card":"summary_large_image","twitter_misc":{"Verf\u00fcgbarkeit":"Auf Lager"},"schema":{"@context":"https:\/\/schema.org","@graph":[{"@type":"WebPage","@id":"https:\/\/www.certifiedcosmetics.com\/de\/product\/wirksamkeitstests\/wirksamkeit-von-deodorants-schnuppertest-im-labor\/","url":"https:\/\/www.certifiedcosmetics.com\/de\/product\/wirksamkeitstests\/wirksamkeit-von-deodorants-schnuppertest-im-labor\/","name":"Wirksamkeit von Deodorants - Schnuppertest im Labor - Certified Cosmetics","isPartOf":{"@id":"https:\/\/www.certifiedcosmetics.com\/de\/#website"},"primaryImageOfPage":{"@id":"https:\/\/www.certifiedcosmetics.com\/de\/product\/wirksamkeitstests\/wirksamkeit-von-deodorants-schnuppertest-im-labor\/#primaryimage"},"image":{"@id":"https:\/\/www.certifiedcosmetics.com\/de\/product\/wirksamkeitstests\/wirksamkeit-von-deodorants-schnuppertest-im-labor\/#primaryimage"},"thumbnailUrl":"https:\/\/www.certifiedcosmetics.com\/wp-content\/uploads\/2026\/04\/deodorant_effectiveness.jpg","datePublished":"2026-04-24T14:10:14+00:00","description":"Der Schnuppertest bewertet die Wirksamkeit des Deodorants durch eine sensorische Beurteilung, um die Geruchsreduzierung zu quantifizieren und die Behauptung einer lang anhaltenden Frische von bis zu 48 Stunden zu unterst\u00fctzen.","breadcrumb":{"@id":"https:\/\/www.certifiedcosmetics.com\/de\/product\/wirksamkeitstests\/wirksamkeit-von-deodorants-schnuppertest-im-labor\/#breadcrumb"},"inLanguage":"de","potentialAction":[{"@type":"ReadAction","target":["https:\/\/www.certifiedcosmetics.com\/de\/product\/wirksamkeitstests\/wirksamkeit-von-deodorants-schnuppertest-im-labor\/"]}]},{"@type":"ImageObject","inLanguage":"de","@id":"https:\/\/www.certifiedcosmetics.com\/de\/product\/wirksamkeitstests\/wirksamkeit-von-deodorants-schnuppertest-im-labor\/#primaryimage","url":"https:\/\/www.certifiedcosmetics.com\/wp-content\/uploads\/2026\/04\/deodorant_effectiveness.jpg","contentUrl":"https:\/\/www.certifiedcosmetics.com\/wp-content\/uploads\/2026\/04\/deodorant_effectiveness.jpg","width":800,"height":800},{"@type":"BreadcrumbList","@id":"https:\/\/www.certifiedcosmetics.com\/de\/product\/wirksamkeitstests\/wirksamkeit-von-deodorants-schnuppertest-im-labor\/#breadcrumb","itemListElement":[{"@type":"ListItem","position":1,"name":"Home","item":"https:\/\/www.certifiedcosmetics.com\/de\/"},{"@type":"ListItem","position":2,"name":"Shop","item":"https:\/\/www.certifiedcosmetics.com\/de\/shop-2\/"},{"@type":"ListItem","position":3,"name":"Wirksamkeit von Deodorants &#8211; Schnuppertest im Labor"}]},{"@type":"WebSite","@id":"https:\/\/www.certifiedcosmetics.com\/de\/#website","url":"https:\/\/www.certifiedcosmetics.com\/de\/","name":"Certified Cosmetics","description":"Cosmetic Safety Assessment","publisher":{"@id":"https:\/\/www.certifiedcosmetics.com\/de\/#organization"},"potentialAction":[{"@type":"SearchAction","target":{"@type":"EntryPoint","urlTemplate":"https:\/\/www.certifiedcosmetics.com\/de\/?s={search_term_string}"},"query-input":{"@type":"PropertyValueSpecification","valueRequired":true,"valueName":"search_term_string"}}],"inLanguage":"de"},{"@type":"Organization","@id":"https:\/\/www.certifiedcosmetics.com\/de\/#organization","name":"Certified Cosmetics","url":"https:\/\/www.certifiedcosmetics.com\/de\/","logo":{"@type":"ImageObject","inLanguage":"de","@id":"https:\/\/www.certifiedcosmetics.com\/de\/#\/schema\/logo\/image\/","url":"https:\/\/www.certifiedcosmetics.com\/wp-content\/uploads\/2024\/12\/logo_certified_cosmetics696.jpg","contentUrl":"https:\/\/www.certifiedcosmetics.com\/wp-content\/uploads\/2024\/12\/logo_certified_cosmetics696.jpg","width":696,"height":696,"caption":"Certified Cosmetics"},"image":{"@id":"https:\/\/www.certifiedcosmetics.com\/de\/#\/schema\/logo\/image\/"},"description":"Your trusted partner for cosmetic product safety reporting. We take care of updating all of your documentation, ensuring your compliance stays current even as regulations evolve. The Cosmetic Product Safety Assessment will give you everything you need to sell specific products to EU consumers.","email":"contact@certifiedcosmetics.com","telephone":"+31 36 2036384","legalName":"Certified Cosmetics","foundingDate":"2010-01-01","vatID":"NL854189543B01","numberOfEmployees":{"@type":"QuantitativeValue","minValue":"11","maxValue":"50"}}]},"og_availability":"instock","product_availability":"instock","product_condition":"new"},"_links":{"self":[{"href":"https:\/\/www.certifiedcosmetics.com\/de\/wp-json\/wp\/v2\/product\/17026","targetHints":{"allow":["GET"]}}],"collection":[{"href":"https:\/\/www.certifiedcosmetics.com\/de\/wp-json\/wp\/v2\/product"}],"about":[{"href":"https:\/\/www.certifiedcosmetics.com\/de\/wp-json\/wp\/v2\/types\/product"}],"wp:featuredmedia":[{"embeddable":true,"href":"https:\/\/www.certifiedcosmetics.com\/de\/wp-json\/wp\/v2\/media\/16762"}],"wp:attachment":[{"href":"https:\/\/www.certifiedcosmetics.com\/de\/wp-json\/wp\/v2\/media?parent=17026"}],"wp:term":[{"taxonomy":"product_brand","embeddable":true,"href":"https:\/\/www.certifiedcosmetics.com\/de\/wp-json\/wp\/v2\/product_brand?post=17026"},{"taxonomy":"product_cat","embeddable":true,"href":"https:\/\/www.certifiedcosmetics.com\/de\/wp-json\/wp\/v2\/product_cat?post=17026"},{"taxonomy":"product_tag","embeddable":true,"href":"https:\/\/www.certifiedcosmetics.com\/de\/wp-json\/wp\/v2\/product_tag?post=17026"}],"curies":[{"name":"wp","href":"https:\/\/api.w.org\/{rel}","templated":true}]}}